{"id":6213,"date":"2020-08-10T22:51:41","date_gmt":"2020-08-10T21:51:41","guid":{"rendered":"https:\/\/www.lottohoy.com\/?page_id=6213"},"modified":"2025-03-26T05:31:54","modified_gmt":"2025-03-26T05:31:54","slug":"lotto-6aus49","status":"publish","type":"page","link":"https:\/\/lottohoy.com\/fr\/resultats\/lotto-6aus49\/","title":{"rendered":"Jouer au loto 6aus49"},"content":{"rendered":"<h2>Jouez au loto 6aus49 en ligne<\/h2>\n<p>Le 6aus49 est la loterie la plus connue en Allemagne, la fa\u00e7on de jouer est tr\u00e8s simple, les joueurs doivent choisir dans une liste de 49 cases, num\u00e9rot\u00e9es de 1 \u00e0 49, les 6 num\u00e9ros de la combinaison principale, plus un num\u00e9ro de bonus sp\u00e9cial appel\u00e9 Superzahl, dans une liste num\u00e9rot\u00e9e de 0 \u00e0 9<br \/>\nL&rsquo;extraction de ces chiffres est effectu\u00e9e par deux machines. La premi\u00e8re machine extrait les boules num\u00e9rot\u00e9es (6 principales) et l&rsquo;autre machine extrait une boule pour d\u00e9terminer le num\u00e9ro S\u00fapezahl<\/p>\n<h2>Comment jouer \u00e0 6aus49 en ligne ?<\/h2>\n<p>Jouer \u00e0 6aus49 en ligne est vraiment facile, il suffit de cr\u00e9er un compte utilisateur dans LottoHoy pour pouvoir acc\u00e9der \u00e0 toutes les informations sur les paiements, les abonnements, les billets achet\u00e9s, les statistiques, etc.<br \/>\nSur cette m\u00eame page de jeu, il y a cinq colonnes de paris (aussi appel\u00e9es lignes), chacune des 5 colonnes comporte des cases num\u00e9rot\u00e9es de 1 \u00e0 49) et vous pouvez en remplir autant que vous le souhaitez. Chaque colonne fait r\u00e9f\u00e9rence \u00e0 un seul pari dont le prix est de 2 euros.<br \/>\nC&rsquo;est dans ces colonnes ou lignes de 49 num\u00e9ros que doit \u00eatre faite la pr\u00e9vision souhait\u00e9e, en supposant que 6 num\u00e9ros doivent \u00eatre marqu\u00e9s pour un simple jeu.<br \/>\nLe syst\u00e8me nous permet de remplir ces cases manuellement ou par le biais de la case de s\u00e9lection rapide, qui appara\u00eet au-dessus de chaque tableau, de laisser le syst\u00e8me lui-m\u00eame choisir de mani\u00e8re al\u00e9atoire la combinaison de notre pari.<br \/>\nUne fois que la s\u00e9lection des num\u00e9ros dans une ou plusieurs colonnes est faite, allez \u00e0 la case CONTINUER, et proc\u00e9dez au paiement de celle-ci. C&rsquo;est aussi simple que cela.<\/p>\n<p style=\"text-align: center;\"><img loading=\"lazy\" decoding=\"async\" class=\"alignnone size-full wp-image-6977\" src=\"https:\/\/lottohoy.com\/wp-content\/uploads\/sites\/4\/jouez-lotto6aus49.png\" alt=\"\" width=\"250\" height=\"250\" \/><\/p>\n<h2>Quels sont les prix distribu\u00e9s par Lotto 6aus49 ?<\/h2>\n<p>Le loto 6aus49 comporte neuf cat\u00e9gories de prix diff\u00e9rentes. Pour remporter le jackpot, vous devez faire correspondre les six num\u00e9ros principaux et le Superzahl. Vos chances globales de gagner un prix au Lotto 6aus 9 sont de 1 sur 31.<br \/>\nIl y a neuf cat\u00e9gories pour les r\u00e9sultats 6aus49<br \/>\n&#8211; Premi\u00e8re cat\u00e9gorie : Pour les gagnants du num\u00e9ro 6 + Superzahl,<br \/>\n&#8211; Deuxi\u00e8me cat\u00e9gorie : 6 r\u00e9sultats de la combinaison principale<br \/>\n&#8211; Troisi\u00e8me cat\u00e9gorie : 5 combinaisons de coups + le Superzahl,<br \/>\n&#8211; Quatri\u00e8me cat\u00e9gorie : 5 occurrences de la combinaison.<br \/>\n&#8211; Cinqui\u00e8me cat\u00e9gorie : 4 combinaisons de coups + le Superzahl,<br \/>\n&#8211; Sixi\u00e8me cat\u00e9gorie : 4 combinaisons principales<br \/>\n&#8211; Septi\u00e8me cat\u00e9gorie : 3 coups + le Superzahl,<br \/>\n&#8211; Huiti\u00e8me cat\u00e9gorie : 3 r\u00e9sultats<br \/>\n&#8211; Neuvi\u00e8me cat\u00e9gorie : 2 coups + le Superzahl<\/p>\n<h2>Quand le 6aus49 est-il tir\u00e9 au sort ?<\/h2>\n<p>Les tirages de la loterie 6aus49 ont g\u00e9n\u00e9ralement lieu tous les mercredis \u00e0 18h25. (CET), et le samedi \u00e0 19:25 h. (CET)<br \/>\nPour la vente en ligne, l&rsquo;admission des achats est ferm\u00e9e 2 heures avant la c\u00e9l\u00e9bration des tirages, pour des raisons administratives et de s\u00e9curit\u00e9.<\/p>\n<h2>Combien co\u00fbte le jeu Lotto 6aus49 ?<\/h2>\n<p>Le prix de chaque billet 6aus49 \u00e0 LottoHoy est \u00e0 partir de 2 euros et comprend tous les co\u00fbts de manutention et de gestion des achats par l&rsquo;interm\u00e9diaire de vendeurs officiels et \/ ou similaires.<\/p>\n","protected":false},"excerpt":{"rendered":"<p>Jouez au loto 6aus49 en ligne Le 6aus49 est la loterie la plus connue en Allemagne, la fa\u00e7on de jouer est tr\u00e8s simple, les joueurs doivent choisir dans une liste de 49 cases, num\u00e9rot\u00e9es de 1 \u00e0 49, les 6 num\u00e9ros de la combinaison principale, plus un num\u00e9ro de bonus sp\u00e9cial appel\u00e9 Superzahl, dans une [&hellip;]<\/p>\n","protected":false},"author":2,"featured_media":0,"parent":4004,"menu_order":13,"comment_status":"closed","ping_status":"closed","template":"lotto-german-results.php","meta":{"_et_pb_use_builder":"","_et_pb_old_content":"","_et_gb_content_width":"","exclude_from_search":false,"footnotes":""},"class_list":["post-6213","page","type-page","status-publish","hentry"],"yoast_head":"<!-- This site is optimized with the Yoast SEO plugin v23.7 - https:\/\/yoast.com\/wordpress\/plugins\/seo\/ -->\n<title>Jouez au loto 6aus49, loterie allemande - LottoHoy.com<\/title>\n<meta name=\"description\" content=\"Une alternative int\u00e9ressante est de jouer au loto 6aus49, la loterie allemande qui g\u00e9n\u00e8re chaque semaine de nouveaux gagnants.\" \/>\n<meta name=\"robots\" content=\"index, follow, max-snippet:-1, max-image-preview:large, max-video-preview:-1\" \/>\n<link rel=\"canonical\" href=\"https:\/\/lottohoy.com\/fr\/resultats\/lotto-6aus49\/\" \/>\n<meta property=\"og:locale\" content=\"fr_FR\" \/>\n<meta property=\"og:type\" content=\"article\" \/>\n<meta property=\"og:title\" content=\"Jouez au loto 6aus49, loterie allemande - LottoHoy.com\" \/>\n<meta property=\"og:description\" content=\"Une alternative int\u00e9ressante est de jouer au loto 6aus49, la loterie allemande qui g\u00e9n\u00e8re chaque semaine de nouveaux gagnants.\" \/>\n<meta property=\"og:url\" content=\"https:\/\/lottohoy.com\/fr\/resultats\/lotto-6aus49\/\" \/>\n<meta property=\"og:site_name\" content=\"Lottohoy\" \/>\n<meta property=\"article:modified_time\" content=\"2025-03-26T05:31:54+00:00\" \/>\n<meta property=\"og:image\" content=\"https:\/\/lottohoy.com\/wp-content\/uploads\/sites\/4\/jouez-lotto6aus49.png\" \/>\n<meta name=\"twitter:card\" content=\"summary_large_image\" \/>\n<meta name=\"twitter:label1\" content=\"Dur\u00e9e de lecture estim\u00e9e\" \/>\n\t<meta name=\"twitter:data1\" content=\"3 minutes\" \/>\n<script type=\"application\/ld+json\" class=\"yoast-schema-graph\">{\"@context\":\"https:\/\/schema.org\",\"@graph\":[{\"@type\":\"WebPage\",\"@id\":\"https:\/\/lottohoy.com\/fr\/resultats\/lotto-6aus49\/\",\"url\":\"https:\/\/lottohoy.com\/fr\/resultats\/lotto-6aus49\/\",\"name\":\"Jouez au loto 6aus49, loterie allemande - LottoHoy.com\",\"isPartOf\":{\"@id\":\"https:\/\/lottohoy.com\/fr\/#website\"},\"primaryImageOfPage\":{\"@id\":\"https:\/\/lottohoy.com\/fr\/resultats\/lotto-6aus49\/#primaryimage\"},\"image\":{\"@id\":\"https:\/\/lottohoy.com\/fr\/resultats\/lotto-6aus49\/#primaryimage\"},\"thumbnailUrl\":\"https:\/\/lottohoy.com\/wp-content\/uploads\/sites\/4\/jouez-lotto6aus49.png\",\"datePublished\":\"2020-08-10T21:51:41+00:00\",\"dateModified\":\"2025-03-26T05:31:54+00:00\",\"description\":\"Une alternative int\u00e9ressante est de jouer au loto 6aus49, la loterie allemande qui g\u00e9n\u00e8re chaque semaine de nouveaux gagnants.\",\"breadcrumb\":{\"@id\":\"https:\/\/lottohoy.com\/fr\/resultats\/lotto-6aus49\/#breadcrumb\"},\"inLanguage\":\"fr-FR\",\"potentialAction\":[{\"@type\":\"ReadAction\",\"target\":[\"https:\/\/lottohoy.com\/fr\/resultats\/lotto-6aus49\/\"]}]},{\"@type\":\"ImageObject\",\"inLanguage\":\"fr-FR\",\"@id\":\"https:\/\/lottohoy.com\/fr\/resultats\/lotto-6aus49\/#primaryimage\",\"url\":\"https:\/\/lottohoy.com\/wp-content\/uploads\/sites\/4\/jouez-lotto6aus49.png\",\"contentUrl\":\"https:\/\/lottohoy.com\/wp-content\/uploads\/sites\/4\/jouez-lotto6aus49.png\"},{\"@type\":\"BreadcrumbList\",\"@id\":\"https:\/\/lottohoy.com\/fr\/resultats\/lotto-6aus49\/#breadcrumb\",\"itemListElement\":[{\"@type\":\"ListItem\",\"position\":1,\"name\":\"Home\",\"item\":\"https:\/\/lottohoy.com\/fr\/\"},{\"@type\":\"ListItem\",\"position\":2,\"name\":\"R\u00e9sultats du loto en ligne\",\"item\":\"https:\/\/lottohoy.com\/fr\/resultats\/\"},{\"@type\":\"ListItem\",\"position\":3,\"name\":\"Jouer au loto 6aus49\"}]},{\"@type\":\"WebSite\",\"@id\":\"https:\/\/lottohoy.com\/fr\/#website\",\"url\":\"https:\/\/lottohoy.com\/fr\/\",\"name\":\"Lottohoy\",\"description\":\"\",\"potentialAction\":[{\"@type\":\"SearchAction\",\"target\":{\"@type\":\"EntryPoint\",\"urlTemplate\":\"https:\/\/lottohoy.com\/fr\/?s={search_term_string}\"},\"query-input\":{\"@type\":\"PropertyValueSpecification\",\"valueRequired\":true,\"valueName\":\"search_term_string\"}}],\"inLanguage\":\"fr-FR\"}]}<\/script>\n<!-- \/ Yoast SEO plugin. -->","yoast_head_json":{"title":"Jouez au loto 6aus49, loterie allemande - LottoHoy.com","description":"Une alternative int\u00e9ressante est de jouer au loto 6aus49, la loterie allemande qui g\u00e9n\u00e8re chaque semaine de nouveaux gagnants.","robots":{"index":"index","follow":"follow","max-snippet":"max-snippet:-1","max-image-preview":"max-image-preview:large","max-video-preview":"max-video-preview:-1"},"canonical":"https:\/\/lottohoy.com\/fr\/resultats\/lotto-6aus49\/","og_locale":"fr_FR","og_type":"article","og_title":"Jouez au loto 6aus49, loterie allemande - LottoHoy.com","og_description":"Une alternative int\u00e9ressante est de jouer au loto 6aus49, la loterie allemande qui g\u00e9n\u00e8re chaque semaine de nouveaux gagnants.","og_url":"https:\/\/lottohoy.com\/fr\/resultats\/lotto-6aus49\/","og_site_name":"Lottohoy","article_modified_time":"2025-03-26T05:31:54+00:00","og_image":[{"url":"https:\/\/lottohoy.com\/wp-content\/uploads\/sites\/4\/jouez-lotto6aus49.png"}],"twitter_card":"summary_large_image","twitter_misc":{"Dur\u00e9e de lecture estim\u00e9e":"3 minutes"},"schema":{"@context":"https:\/\/schema.org","@graph":[{"@type":"WebPage","@id":"https:\/\/lottohoy.com\/fr\/resultats\/lotto-6aus49\/","url":"https:\/\/lottohoy.com\/fr\/resultats\/lotto-6aus49\/","name":"Jouez au loto 6aus49, loterie allemande - LottoHoy.com","isPartOf":{"@id":"https:\/\/lottohoy.com\/fr\/#website"},"primaryImageOfPage":{"@id":"https:\/\/lottohoy.com\/fr\/resultats\/lotto-6aus49\/#primaryimage"},"image":{"@id":"https:\/\/lottohoy.com\/fr\/resultats\/lotto-6aus49\/#primaryimage"},"thumbnailUrl":"https:\/\/lottohoy.com\/wp-content\/uploads\/sites\/4\/jouez-lotto6aus49.png","datePublished":"2020-08-10T21:51:41+00:00","dateModified":"2025-03-26T05:31:54+00:00","description":"Une alternative int\u00e9ressante est de jouer au loto 6aus49, la loterie allemande qui g\u00e9n\u00e8re chaque semaine de nouveaux gagnants.","breadcrumb":{"@id":"https:\/\/lottohoy.com\/fr\/resultats\/lotto-6aus49\/#breadcrumb"},"inLanguage":"fr-FR","potentialAction":[{"@type":"ReadAction","target":["https:\/\/lottohoy.com\/fr\/resultats\/lotto-6aus49\/"]}]},{"@type":"ImageObject","inLanguage":"fr-FR","@id":"https:\/\/lottohoy.com\/fr\/resultats\/lotto-6aus49\/#primaryimage","url":"https:\/\/lottohoy.com\/wp-content\/uploads\/sites\/4\/jouez-lotto6aus49.png","contentUrl":"https:\/\/lottohoy.com\/wp-content\/uploads\/sites\/4\/jouez-lotto6aus49.png"},{"@type":"BreadcrumbList","@id":"https:\/\/lottohoy.com\/fr\/resultats\/lotto-6aus49\/#breadcrumb","itemListElement":[{"@type":"ListItem","position":1,"name":"Home","item":"https:\/\/lottohoy.com\/fr\/"},{"@type":"ListItem","position":2,"name":"R\u00e9sultats du loto en ligne","item":"https:\/\/lottohoy.com\/fr\/resultats\/"},{"@type":"ListItem","position":3,"name":"Jouer au loto 6aus49"}]},{"@type":"WebSite","@id":"https:\/\/lottohoy.com\/fr\/#website","url":"https:\/\/lottohoy.com\/fr\/","name":"Lottohoy","description":"","potentialAction":[{"@type":"SearchAction","target":{"@type":"EntryPoint","urlTemplate":"https:\/\/lottohoy.com\/fr\/?s={search_term_string}"},"query-input":{"@type":"PropertyValueSpecification","valueRequired":true,"valueName":"search_term_string"}}],"inLanguage":"fr-FR"}]}},"_links":{"self":[{"href":"https:\/\/lottohoy.com\/fr\/wp-json\/wp\/v2\/pages\/6213","targetHints":{"allow":["GET"]}}],"collection":[{"href":"https:\/\/lottohoy.com\/fr\/wp-json\/wp\/v2\/pages"}],"about":[{"href":"https:\/\/lottohoy.com\/fr\/wp-json\/wp\/v2\/types\/page"}],"author":[{"embeddable":true,"href":"https:\/\/lottohoy.com\/fr\/wp-json\/wp\/v2\/users\/2"}],"replies":[{"embeddable":true,"href":"https:\/\/lottohoy.com\/fr\/wp-json\/wp\/v2\/comments?post=6213"}],"version-history":[{"count":2,"href":"https:\/\/lottohoy.com\/fr\/wp-json\/wp\/v2\/pages\/6213\/revisions"}],"predecessor-version":[{"id":16999,"href":"https:\/\/lottohoy.com\/fr\/wp-json\/wp\/v2\/pages\/6213\/revisions\/16999"}],"up":[{"embeddable":true,"href":"https:\/\/lottohoy.com\/fr\/wp-json\/wp\/v2\/pages\/4004"}],"wp:attachment":[{"href":"https:\/\/lottohoy.com\/fr\/wp-json\/wp\/v2\/media?parent=6213"}],"curies":[{"name":"wp","href":"https:\/\/api.w.org\/{rel}","templated":true}]}}