{"id":6205,"date":"2020-08-10T22:53:11","date_gmt":"2020-08-10T21:53:11","guid":{"rendered":"https:\/\/www.lottohoy.com\/?page_id=6205"},"modified":"2025-03-25T14:49:42","modified_gmt":"2025-03-25T14:49:42","slug":"lotto-6aus49","status":"publish","type":"page","link":"https:\/\/lottohoy.com\/fr\/loterie\/lotto-6aus49\/","title":{"rendered":"Informations sur le Lotto 6aus49"},"content":{"rendered":"<h2>La loterie allemande, \u00e9galement connue sous le nom de Lotto 6aus49<\/h2>\n<p>C&rsquo;est l&rsquo;une des plus anciennes loteries europ\u00e9ennes, son premier tirage remonte au 9 octobre 1955. Cette loterie est actuellement exploit\u00e9e par Deutscher Lotto- und Totoblock, un groupe de 16 op\u00e9rateurs de loterie en Allemagne.<br \/>\nChacune de ces loteries g\u00e8re le groupe \u00e0 tour de r\u00f4le, et tous les trois ans, l&rsquo;une d&rsquo;entre elles est charg\u00e9e de diriger le groupe.<br \/>\nLes tirages de la loterie allemande avaient initialement lieu une fois par semaine, le samedi, mais en 1982, un nouveau tirage hebdomadaire a \u00e9t\u00e9 ajout\u00e9, tous les mercredis.<br \/>\nA l&rsquo;origine, la matrice du jeu \u00e9tait 7\/38, c&rsquo;est-\u00e0-dire qu&rsquo;il fallait s\u00e9lectionner 7 chiffres sur les 38 qui constituaient le plateau. En juin 1986, il est pass\u00e9 \u00e0 6\/40, qui est l&rsquo;actuel, et en mai 2013, c&rsquo;est alors que le Superzahl a \u00e9t\u00e9 ajout\u00e9, ce qui a consid\u00e9rablement am\u00e9lior\u00e9 les chances de gagner un prix, passant d&rsquo;un total de 1 sur 54 \u00e0 1 sur 31.<\/p>\n<h2>Les avantages de jouer au Lotto 6aus49 en ligne<\/h2>\n<p>&#8211; L&rsquo;un des grands avantages de jouer au 6aus49 allemand, est le confort de pouvoir le faire \u00e0 toute heure du jour ou de la nuit, 24 heures sur 24, 7 jours sur 7, 365 jours par an. Simplement en ayant un appareil mobile, une tablette ou un ordinateur de bureau, et ce, de n&rsquo;importe o\u00f9 dans le monde.<br \/>\n&#8211; Les non-r\u00e9sidents en Allemagne, par le biais de plateformes en ligne telles que LottoHoy.com ont une r\u00e9elle possibilit\u00e9 d&rsquo;acc\u00e9der \u00e0 cette juteuse loterie et \u00e0 ses gros jackpots.<br \/>\n&#8211; Le billet est achet\u00e9 directement aupr\u00e8s du revendeur agr\u00e9\u00e9 et la participation est donc r\u00e9elle.<br \/>\n&#8211; Les prix gagn\u00e9s sont attribu\u00e9s instantan\u00e9ment, jusqu&rsquo;\u00e0 2500 euros, apr\u00e8s la publication des r\u00e9sultats officiels<br \/>\n&#8211; Il existe \u00e9galement une banque d&rsquo;informations sur toutes les op\u00e9rations effectu\u00e9es, la garde des billets achet\u00e9s, ce qui permet d&rsquo;\u00e9viter les pertes ou oublis \u00e9ventuels.<br \/>\n&#8211; Des informations opportunes sur tous les bateaux au fur et \u00e0 mesure qu&rsquo;ils s&rsquo;accumulent afin de ne pas manquer l&rsquo;occasion d&rsquo;y participer.<br \/>\n&#8211; Une grande vari\u00e9t\u00e9 de m\u00e9thodes de paiement, de d\u00e9p\u00f4ts et de retraits.<\/p>\n<h2>Probabilit\u00e9 de gagner un prix au Lotto 6aus49<\/h2>\n<p>Voir le tableau ci-dessous pour le montant moyen d&rsquo;argent qui peut \u00eatre gagn\u00e9 dans chacune des cat\u00e9gories, plus la probabilit\u00e9 statistique de gagner le jackpot ou l&rsquo;un des autres prix dans les 8 autres cat\u00e9gories.<\/p>\n<p><!--more--><\/p>\n","protected":false},"excerpt":{"rendered":"<p>La loterie allemande, \u00e9galement connue sous le nom de Lotto 6aus49 C&rsquo;est l&rsquo;une des plus anciennes loteries europ\u00e9ennes, son premier tirage remonte au 9 octobre 1955. Cette loterie est actuellement exploit\u00e9e par Deutscher Lotto- und Totoblock, un groupe de 16 op\u00e9rateurs de loterie en Allemagne. Chacune de ces loteries g\u00e8re le groupe \u00e0 tour de [&hellip;]<\/p>\n","protected":false},"author":2,"featured_media":0,"parent":4040,"menu_order":13,"comment_status":"closed","ping_status":"closed","template":"lotto-german-info.php","meta":{"_et_pb_use_builder":"","_et_pb_old_content":"","_et_gb_content_width":"","exclude_from_search":false,"footnotes":""},"class_list":["post-6205","page","type-page","status-publish","hentry"],"yoast_head":"<!-- This site is optimized with the Yoast SEO plugin v23.7 - https:\/\/yoast.com\/wordpress\/plugins\/seo\/ -->\n<title>Toutes les informations sur le loto 6aus49 - LottoHoy.com<\/title>\n<meta name=\"description\" content=\"Vous aurez en main les informations du loto 6aus49, car vos paris de loterie sont \u00e9tudi\u00e9s \u00e0 tout moment\" \/>\n<meta name=\"robots\" content=\"index, follow, max-snippet:-1, max-image-preview:large, max-video-preview:-1\" \/>\n<link rel=\"canonical\" href=\"https:\/\/lottohoy.com\/fr\/loterie\/lotto-6aus49\/\" \/>\n<meta property=\"og:locale\" content=\"fr_FR\" \/>\n<meta property=\"og:type\" content=\"article\" \/>\n<meta property=\"og:title\" content=\"Toutes les informations sur le loto 6aus49 - LottoHoy.com\" \/>\n<meta property=\"og:description\" content=\"Vous aurez en main les informations du loto 6aus49, car vos paris de loterie sont \u00e9tudi\u00e9s \u00e0 tout moment\" \/>\n<meta property=\"og:url\" content=\"https:\/\/lottohoy.com\/fr\/loterie\/lotto-6aus49\/\" \/>\n<meta property=\"og:site_name\" content=\"Lottohoy\" \/>\n<meta property=\"article:modified_time\" content=\"2025-03-25T14:49:42+00:00\" \/>\n<meta name=\"twitter:card\" content=\"summary_large_image\" \/>\n<meta name=\"twitter:label1\" content=\"Dur\u00e9e de lecture estim\u00e9e\" \/>\n\t<meta name=\"twitter:data1\" content=\"2 minutes\" \/>\n<script type=\"application\/ld+json\" class=\"yoast-schema-graph\">{\"@context\":\"https:\/\/schema.org\",\"@graph\":[{\"@type\":\"WebPage\",\"@id\":\"https:\/\/lottohoy.com\/fr\/loterie\/lotto-6aus49\/\",\"url\":\"https:\/\/lottohoy.com\/fr\/loterie\/lotto-6aus49\/\",\"name\":\"Toutes les informations sur le loto 6aus49 - LottoHoy.com\",\"isPartOf\":{\"@id\":\"https:\/\/lottohoy.com\/fr\/#website\"},\"datePublished\":\"2020-08-10T21:53:11+00:00\",\"dateModified\":\"2025-03-25T14:49:42+00:00\",\"description\":\"Vous aurez en main les informations du loto 6aus49, car vos paris de loterie sont \u00e9tudi\u00e9s \u00e0 tout moment\",\"breadcrumb\":{\"@id\":\"https:\/\/lottohoy.com\/fr\/loterie\/lotto-6aus49\/#breadcrumb\"},\"inLanguage\":\"fr-FR\",\"potentialAction\":[{\"@type\":\"ReadAction\",\"target\":[\"https:\/\/lottohoy.com\/fr\/loterie\/lotto-6aus49\/\"]}]},{\"@type\":\"BreadcrumbList\",\"@id\":\"https:\/\/lottohoy.com\/fr\/loterie\/lotto-6aus49\/#breadcrumb\",\"itemListElement\":[{\"@type\":\"ListItem\",\"position\":1,\"name\":\"Home\",\"item\":\"https:\/\/lottohoy.com\/fr\/\"},{\"@type\":\"ListItem\",\"position\":2,\"name\":\"Tout sur la loterie en ligne\",\"item\":\"https:\/\/lottohoy.com\/fr\/loterie\/\"},{\"@type\":\"ListItem\",\"position\":3,\"name\":\"Informations sur le Lotto 6aus49\"}]},{\"@type\":\"WebSite\",\"@id\":\"https:\/\/lottohoy.com\/fr\/#website\",\"url\":\"https:\/\/lottohoy.com\/fr\/\",\"name\":\"Lottohoy\",\"description\":\"\",\"potentialAction\":[{\"@type\":\"SearchAction\",\"target\":{\"@type\":\"EntryPoint\",\"urlTemplate\":\"https:\/\/lottohoy.com\/fr\/?s={search_term_string}\"},\"query-input\":{\"@type\":\"PropertyValueSpecification\",\"valueRequired\":true,\"valueName\":\"search_term_string\"}}],\"inLanguage\":\"fr-FR\"}]}<\/script>\n<!-- \/ Yoast SEO plugin. -->","yoast_head_json":{"title":"Toutes les informations sur le loto 6aus49 - LottoHoy.com","description":"Vous aurez en main les informations du loto 6aus49, car vos paris de loterie sont \u00e9tudi\u00e9s \u00e0 tout moment","robots":{"index":"index","follow":"follow","max-snippet":"max-snippet:-1","max-image-preview":"max-image-preview:large","max-video-preview":"max-video-preview:-1"},"canonical":"https:\/\/lottohoy.com\/fr\/loterie\/lotto-6aus49\/","og_locale":"fr_FR","og_type":"article","og_title":"Toutes les informations sur le loto 6aus49 - LottoHoy.com","og_description":"Vous aurez en main les informations du loto 6aus49, car vos paris de loterie sont \u00e9tudi\u00e9s \u00e0 tout moment","og_url":"https:\/\/lottohoy.com\/fr\/loterie\/lotto-6aus49\/","og_site_name":"Lottohoy","article_modified_time":"2025-03-25T14:49:42+00:00","twitter_card":"summary_large_image","twitter_misc":{"Dur\u00e9e de lecture estim\u00e9e":"2 minutes"},"schema":{"@context":"https:\/\/schema.org","@graph":[{"@type":"WebPage","@id":"https:\/\/lottohoy.com\/fr\/loterie\/lotto-6aus49\/","url":"https:\/\/lottohoy.com\/fr\/loterie\/lotto-6aus49\/","name":"Toutes les informations sur le loto 6aus49 - LottoHoy.com","isPartOf":{"@id":"https:\/\/lottohoy.com\/fr\/#website"},"datePublished":"2020-08-10T21:53:11+00:00","dateModified":"2025-03-25T14:49:42+00:00","description":"Vous aurez en main les informations du loto 6aus49, car vos paris de loterie sont \u00e9tudi\u00e9s \u00e0 tout moment","breadcrumb":{"@id":"https:\/\/lottohoy.com\/fr\/loterie\/lotto-6aus49\/#breadcrumb"},"inLanguage":"fr-FR","potentialAction":[{"@type":"ReadAction","target":["https:\/\/lottohoy.com\/fr\/loterie\/lotto-6aus49\/"]}]},{"@type":"BreadcrumbList","@id":"https:\/\/lottohoy.com\/fr\/loterie\/lotto-6aus49\/#breadcrumb","itemListElement":[{"@type":"ListItem","position":1,"name":"Home","item":"https:\/\/lottohoy.com\/fr\/"},{"@type":"ListItem","position":2,"name":"Tout sur la loterie en ligne","item":"https:\/\/lottohoy.com\/fr\/loterie\/"},{"@type":"ListItem","position":3,"name":"Informations sur le Lotto 6aus49"}]},{"@type":"WebSite","@id":"https:\/\/lottohoy.com\/fr\/#website","url":"https:\/\/lottohoy.com\/fr\/","name":"Lottohoy","description":"","potentialAction":[{"@type":"SearchAction","target":{"@type":"EntryPoint","urlTemplate":"https:\/\/lottohoy.com\/fr\/?s={search_term_string}"},"query-input":{"@type":"PropertyValueSpecification","valueRequired":true,"valueName":"search_term_string"}}],"inLanguage":"fr-FR"}]}},"_links":{"self":[{"href":"https:\/\/lottohoy.com\/fr\/wp-json\/wp\/v2\/pages\/6205","targetHints":{"allow":["GET"]}}],"collection":[{"href":"https:\/\/lottohoy.com\/fr\/wp-json\/wp\/v2\/pages"}],"about":[{"href":"https:\/\/lottohoy.com\/fr\/wp-json\/wp\/v2\/types\/page"}],"author":[{"embeddable":true,"href":"https:\/\/lottohoy.com\/fr\/wp-json\/wp\/v2\/users\/2"}],"replies":[{"embeddable":true,"href":"https:\/\/lottohoy.com\/fr\/wp-json\/wp\/v2\/comments?post=6205"}],"version-history":[{"count":1,"href":"https:\/\/lottohoy.com\/fr\/wp-json\/wp\/v2\/pages\/6205\/revisions"}],"predecessor-version":[{"id":10810,"href":"https:\/\/lottohoy.com\/fr\/wp-json\/wp\/v2\/pages\/6205\/revisions\/10810"}],"up":[{"embeddable":true,"href":"https:\/\/lottohoy.com\/fr\/wp-json\/wp\/v2\/pages\/4040"}],"wp:attachment":[{"href":"https:\/\/lottohoy.com\/fr\/wp-json\/wp\/v2\/media?parent=6205"}],"curies":[{"name":"wp","href":"https:\/\/api.w.org\/{rel}","templated":true}]}}