{"id":6197,"date":"2020-08-10T22:50:30","date_gmt":"2020-08-10T21:50:30","guid":{"rendered":"https:\/\/www.lottohoy.com\/?page_id=6197"},"modified":"2025-02-11T17:41:26","modified_gmt":"2025-02-11T17:41:26","slug":"lotto-6aus49","status":"publish","type":"page","link":"https:\/\/lottohoy.com\/fr\/jouer\/lotto-6aus49\/","title":{"rendered":"Jouer au Loto 6aus49"},"content":{"rendered":"<p><!--more--><\/p>\n<h2>Jouer \u00e0 6aus49 en ligne<\/h2>\n<p>La 6aus49 est la loterie la plus connue d&rsquo;Allemagne, la fa\u00e7on de jouer est tr\u00e8s simple, les joueurs doivent s\u00e9lectionner dans un tableau compos\u00e9 de 49 cases, num\u00e9rot\u00e9es de 1 \u00e0 49, les 6 num\u00e9ros de la combinaison principale, plus un num\u00e9ro bonus sp\u00e9cial connu sous le nom de Superzahl, dans une liste num\u00e9rot\u00e9e de 0 \u00e0 9.<br \/>\nL&rsquo;extraction de ces num\u00e9ros se fait gr\u00e2ce \u00e0 deux machines. De la premi\u00e8re machine on extrait les boules num\u00e9rot\u00e9es (6 principales) et de l&rsquo;autre machine on extrait une boule pour d\u00e9terminer le num\u00e9ro S\u00fapezahl<\/p>\n<h2>Comment jouer \u00e0 6aus49 en ligne ?<\/h2>\n<p>Jouer \u00e0 6aus49 en ligne est vraiment simple, il vous suffit de cr\u00e9er un compte utilisateur sur LottoHoy pour pouvoir acc\u00e9der \u00e0 toutes les informations sur les collectes, les paiements, les abonnements, les billets achet\u00e9s, les statistiques, etc&#8230;<br \/>\nSur cette m\u00eame page de jeu, cinq colonnes de mises (appel\u00e9es aussi lignes) sont affich\u00e9es, chacune des 5 colonnes comporte des cases num\u00e9rot\u00e9es de 1 \u00e0 49) et vous pouvez en remplir autant que vous le souhaitez. Chaque colonne fait r\u00e9f\u00e9rence \u00e0 un pari simple dont le prix est de 2,50 Euros.<br \/>\nDans ces colonnes ou lignes de 49 num\u00e9ros, c&rsquo;est l\u00e0 que la pr\u00e9vision souhait\u00e9e doit \u00eatre faite, en supposant que 6 num\u00e9ros doivent \u00eatre marqu\u00e9s pour un jeu simple.\u2028Le syst\u00e8me nous permet de remplir manuellement ces cases ou, \u00e0 l&rsquo;aide de la case de s\u00e9lection rapide, qui appara\u00eet au-dessus de chaque tableau, de laisser le syst\u00e8me lui-m\u00eame choisir au hasard la combinaison de notre pari.<br \/>\nUne fois la s\u00e9lection des num\u00e9ros dans une ou plusieurs colonnes effectu\u00e9e, rendez-vous dans la case CONTINUER, et proc\u00e9dez au paiement. C&rsquo;est aussi simple que cela.<\/p>\n<h2>Quels prix 6aus49 distribue-t-il ?<\/h2>\n<p>Le Lotto 6aus49 propose neuf cat\u00e9gories de prix diff\u00e9rentes. Pour gagner le jackpot, vous devez faire correspondre les six num\u00e9ros principaux et le Superzahl. Vos chances globales de gagner un prix du Lotto 6aus 9 sont de 1 sur 31.<br \/>\nIl y a neuf cat\u00e9gories pour les r\u00e9sultats 6aus49<br \/>\n* Premi\u00e8re cat\u00e9gorie : Pour ceux qui devinent les 6 num\u00e9ros + le Superzahl,<br \/>\n* Deuxi\u00e8me cat\u00e9gorie : 6 hits de la combinaison principale<br \/>\n* Troisi\u00e8me cat\u00e9gorie : 5 hits de la combinaison + le Superzahl,<br \/>\n* Quatri\u00e8me cat\u00e9gorie : 5 coups de la combinaison.<br \/>\n* Cinqui\u00e8me cat\u00e9gorie : 4 hits de la combinaison + le Superzahl,<br \/>\n* Sixi\u00e8me cat\u00e9gorie : 4 combinaisons principales<br \/>\n* Septi\u00e8me cat\u00e9gorie : 3 hits + le Superzahl,<br \/>\n* Huiti\u00e8me cat\u00e9gorie : 3 hits<br \/>\n*Neuvi\u00e8me cat\u00e9gorie : 2 hits + le Superzahl,<\/p>\n<h2>Quand le 6aus49 est-il tir\u00e9 ?<\/h2>\n<p>Habituellement, les tirages de la loterie 6aus49 ont lieu tous les mercredis \u00e0 18h25. (CET), et le samedi \u00e0 19h25. (heure d&rsquo;Europe centrale)<br \/>\nPour les ventes en ligne, l&rsquo;acc\u00e8s aux achats ferme 2 heures avant le tirage au sort, pour des raisons administratives et de s\u00e9curit\u00e9.<\/p>\n<h2>Combien \u00e7a co\u00fbte de jouer \u00e0 6aus49 ?<\/h2>\n<p>Le prix de chaque billet de 6aus49 sur LottoHoy commence \u00e0 2,50 \u20ac et comprend tous les frais de traitement et de gestion des achats via des vendeurs officiels et\/ou similaires.<\/p>\n","protected":false},"excerpt":{"rendered":"","protected":false},"author":2,"featured_media":0,"parent":4072,"menu_order":13,"comment_status":"closed","ping_status":"closed","template":"lotto-german.php","meta":{"_et_pb_use_builder":"","_et_pb_old_content":"","_et_gb_content_width":"","exclude_from_search":false,"footnotes":""},"class_list":["post-6197","page","type-page","status-publish","hentry"],"yoast_head":"<!-- This site is optimized with the Yoast SEO plugin v23.7 - https:\/\/yoast.com\/wordpress\/plugins\/seo\/ -->\n<title>R\u00e9sultats du tirage du Lotto 6aus49 - LottoHoy.com<\/title>\n<meta name=\"description\" content=\"Si vous avez gagn\u00e9 un prix, vous aurez re\u00e7u un courriel de confirmation. Mais de toute fa\u00e7on, pouvez consulter ici les r\u00e9sultats du 6aus49\" \/>\n<meta name=\"robots\" content=\"index, follow, max-snippet:-1, max-image-preview:large, max-video-preview:-1\" \/>\n<link rel=\"canonical\" href=\"https:\/\/lottohoy.com\/fr\/jouer\/lotto-6aus49\/\" \/>\n<meta property=\"og:locale\" content=\"fr_FR\" \/>\n<meta property=\"og:type\" content=\"article\" \/>\n<meta property=\"og:title\" content=\"R\u00e9sultats du tirage du Lotto 6aus49 - LottoHoy.com\" \/>\n<meta property=\"og:description\" content=\"Si vous avez gagn\u00e9 un prix, vous aurez re\u00e7u un courriel de confirmation. Mais de toute fa\u00e7on, pouvez consulter ici les r\u00e9sultats du 6aus49\" \/>\n<meta property=\"og:url\" content=\"https:\/\/lottohoy.com\/fr\/jouer\/lotto-6aus49\/\" \/>\n<meta property=\"og:site_name\" content=\"Lottohoy\" \/>\n<meta property=\"article:modified_time\" content=\"2025-02-11T17:41:26+00:00\" \/>\n<meta name=\"twitter:card\" content=\"summary_large_image\" \/>\n<meta name=\"twitter:label1\" content=\"Dur\u00e9e de lecture estim\u00e9e\" \/>\n\t<meta name=\"twitter:data1\" content=\"3 minutes\" \/>\n<script type=\"application\/ld+json\" class=\"yoast-schema-graph\">{\"@context\":\"https:\/\/schema.org\",\"@graph\":[{\"@type\":\"WebPage\",\"@id\":\"https:\/\/lottohoy.com\/fr\/jouer\/lotto-6aus49\/\",\"url\":\"https:\/\/lottohoy.com\/fr\/jouer\/lotto-6aus49\/\",\"name\":\"R\u00e9sultats du tirage du Lotto 6aus49 - LottoHoy.com\",\"isPartOf\":{\"@id\":\"https:\/\/lottohoy.com\/fr\/#website\"},\"datePublished\":\"2020-08-10T21:50:30+00:00\",\"dateModified\":\"2025-02-11T17:41:26+00:00\",\"description\":\"Si vous avez gagn\u00e9 un prix, vous aurez re\u00e7u un courriel de confirmation. Mais de toute fa\u00e7on, pouvez consulter ici les r\u00e9sultats du 6aus49\",\"breadcrumb\":{\"@id\":\"https:\/\/lottohoy.com\/fr\/jouer\/lotto-6aus49\/#breadcrumb\"},\"inLanguage\":\"fr-FR\",\"potentialAction\":[{\"@type\":\"ReadAction\",\"target\":[\"https:\/\/lottohoy.com\/fr\/jouer\/lotto-6aus49\/\"]}]},{\"@type\":\"BreadcrumbList\",\"@id\":\"https:\/\/lottohoy.com\/fr\/jouer\/lotto-6aus49\/#breadcrumb\",\"itemListElement\":[{\"@type\":\"ListItem\",\"position\":1,\"name\":\"Home\",\"item\":\"https:\/\/lottohoy.com\/fr\/\"},{\"@type\":\"ListItem\",\"position\":2,\"name\":\"Jouez la loterie en ligne\",\"item\":\"https:\/\/lottohoy.com\/fr\/jouer\/\"},{\"@type\":\"ListItem\",\"position\":3,\"name\":\"Jouer au Loto 6aus49\"}]},{\"@type\":\"WebSite\",\"@id\":\"https:\/\/lottohoy.com\/fr\/#website\",\"url\":\"https:\/\/lottohoy.com\/fr\/\",\"name\":\"Lottohoy\",\"description\":\"\",\"potentialAction\":[{\"@type\":\"SearchAction\",\"target\":{\"@type\":\"EntryPoint\",\"urlTemplate\":\"https:\/\/lottohoy.com\/fr\/?s={search_term_string}\"},\"query-input\":{\"@type\":\"PropertyValueSpecification\",\"valueRequired\":true,\"valueName\":\"search_term_string\"}}],\"inLanguage\":\"fr-FR\"}]}<\/script>\n<!-- \/ Yoast SEO plugin. -->","yoast_head_json":{"title":"R\u00e9sultats du tirage du Lotto 6aus49 - LottoHoy.com","description":"Si vous avez gagn\u00e9 un prix, vous aurez re\u00e7u un courriel de confirmation. Mais de toute fa\u00e7on, pouvez consulter ici les r\u00e9sultats du 6aus49","robots":{"index":"index","follow":"follow","max-snippet":"max-snippet:-1","max-image-preview":"max-image-preview:large","max-video-preview":"max-video-preview:-1"},"canonical":"https:\/\/lottohoy.com\/fr\/jouer\/lotto-6aus49\/","og_locale":"fr_FR","og_type":"article","og_title":"R\u00e9sultats du tirage du Lotto 6aus49 - LottoHoy.com","og_description":"Si vous avez gagn\u00e9 un prix, vous aurez re\u00e7u un courriel de confirmation. Mais de toute fa\u00e7on, pouvez consulter ici les r\u00e9sultats du 6aus49","og_url":"https:\/\/lottohoy.com\/fr\/jouer\/lotto-6aus49\/","og_site_name":"Lottohoy","article_modified_time":"2025-02-11T17:41:26+00:00","twitter_card":"summary_large_image","twitter_misc":{"Dur\u00e9e de lecture estim\u00e9e":"3 minutes"},"schema":{"@context":"https:\/\/schema.org","@graph":[{"@type":"WebPage","@id":"https:\/\/lottohoy.com\/fr\/jouer\/lotto-6aus49\/","url":"https:\/\/lottohoy.com\/fr\/jouer\/lotto-6aus49\/","name":"R\u00e9sultats du tirage du Lotto 6aus49 - LottoHoy.com","isPartOf":{"@id":"https:\/\/lottohoy.com\/fr\/#website"},"datePublished":"2020-08-10T21:50:30+00:00","dateModified":"2025-02-11T17:41:26+00:00","description":"Si vous avez gagn\u00e9 un prix, vous aurez re\u00e7u un courriel de confirmation. Mais de toute fa\u00e7on, pouvez consulter ici les r\u00e9sultats du 6aus49","breadcrumb":{"@id":"https:\/\/lottohoy.com\/fr\/jouer\/lotto-6aus49\/#breadcrumb"},"inLanguage":"fr-FR","potentialAction":[{"@type":"ReadAction","target":["https:\/\/lottohoy.com\/fr\/jouer\/lotto-6aus49\/"]}]},{"@type":"BreadcrumbList","@id":"https:\/\/lottohoy.com\/fr\/jouer\/lotto-6aus49\/#breadcrumb","itemListElement":[{"@type":"ListItem","position":1,"name":"Home","item":"https:\/\/lottohoy.com\/fr\/"},{"@type":"ListItem","position":2,"name":"Jouez la loterie en ligne","item":"https:\/\/lottohoy.com\/fr\/jouer\/"},{"@type":"ListItem","position":3,"name":"Jouer au Loto 6aus49"}]},{"@type":"WebSite","@id":"https:\/\/lottohoy.com\/fr\/#website","url":"https:\/\/lottohoy.com\/fr\/","name":"Lottohoy","description":"","potentialAction":[{"@type":"SearchAction","target":{"@type":"EntryPoint","urlTemplate":"https:\/\/lottohoy.com\/fr\/?s={search_term_string}"},"query-input":{"@type":"PropertyValueSpecification","valueRequired":true,"valueName":"search_term_string"}}],"inLanguage":"fr-FR"}]}},"_links":{"self":[{"href":"https:\/\/lottohoy.com\/fr\/wp-json\/wp\/v2\/pages\/6197","targetHints":{"allow":["GET"]}}],"collection":[{"href":"https:\/\/lottohoy.com\/fr\/wp-json\/wp\/v2\/pages"}],"about":[{"href":"https:\/\/lottohoy.com\/fr\/wp-json\/wp\/v2\/types\/page"}],"author":[{"embeddable":true,"href":"https:\/\/lottohoy.com\/fr\/wp-json\/wp\/v2\/users\/2"}],"replies":[{"embeddable":true,"href":"https:\/\/lottohoy.com\/fr\/wp-json\/wp\/v2\/comments?post=6197"}],"version-history":[{"count":3,"href":"https:\/\/lottohoy.com\/fr\/wp-json\/wp\/v2\/pages\/6197\/revisions"}],"predecessor-version":[{"id":14646,"href":"https:\/\/lottohoy.com\/fr\/wp-json\/wp\/v2\/pages\/6197\/revisions\/14646"}],"up":[{"embeddable":true,"href":"https:\/\/lottohoy.com\/fr\/wp-json\/wp\/v2\/pages\/4072"}],"wp:attachment":[{"href":"https:\/\/lottohoy.com\/fr\/wp-json\/wp\/v2\/media?parent=6197"}],"curies":[{"name":"wp","href":"https:\/\/api.w.org\/{rel}","templated":true}]}}