{"id":6149,"date":"2020-08-10T21:38:27","date_gmt":"2020-08-10T20:38:27","guid":{"rendered":"https:\/\/www.lottohoy.com\/?page_id=6149"},"modified":"2025-02-11T18:06:34","modified_gmt":"2025-02-11T18:06:34","slug":"lotto-america","status":"publish","type":"page","link":"https:\/\/lottohoy.com\/fr\/jouer\/lotto-america\/","title":{"rendered":"Jouer au Lotto America"},"content":{"rendered":"<h2>Comment jouer au Lotto America en ligne ?<\/h2>\n<p>La colonne de jeu est compos\u00e9e de 52 cases num\u00e9rot\u00e9es de 1 \u00e0 52, pour les num\u00e9ros principaux, et d&rsquo;une deuxi\u00e8me case num\u00e9rot\u00e9e de 1 \u00e0 10 respectivement, pour la balle \u00e9toil\u00e9e (Lotto America Star Ball)<br \/>\nLe joueur doit choisir 5 num\u00e9ros de cadre principal entre 1 et 52, et un autre entre ceux qui sont \u00e9num\u00e9r\u00e9s de 1 \u00e0 10 pour le Star Ball.<br \/>\nCette s\u00e9lection peut \u00eatre effectu\u00e9e manuellement en choisissant et en marquant dans la colonne les 5+1 num\u00e9ros de la combinaison \u00e0 jouer, ou en s\u00e9lectionnant la case \u00ab\u00a0S\u00e9lection rapide\u00a0\u00bb qui appara\u00eet lorsque le curseur est pass\u00e9 sur le haut de la colonne, et qui permet ainsi au syst\u00e8me lui-m\u00eame de choisir al\u00e9atoirement la combinaison \u00e0 jouer.<\/p>\n<h2>Quels sont les jours o\u00f9 vous jouez au Lotto America ?<\/h2>\n<p>Les tirages de Lotto America ont lieu \u00e0 Tallahassee, en Floride, tous les mercredis et samedis vers 23h15 \/ 22h15, heure locale, selon l&rsquo;\u00c9tat.<\/p>\n<p>La vente de billets en ligne ferme g\u00e9n\u00e9ralement 2 heures avant le tirage pour des raisons d&rsquo;administration de la plateforme et de s\u00e9curit\u00e9 avec les agents collaborateurs.<\/p>\n<p style=\"text-align: center;\">\n<h2>Combien co\u00fbtent les billets de Lotto America ?<\/h2>\n<p>Au Lottohoy, vous pouvez acheter vos billets officiels de Lotto America \u00e0 partir de 2 \u20ac (ce montant peut varier en fonction du taux de change dollar\/euro)<\/p>\n<h2>Comment acheter Lotto America en ligne<\/h2>\n<p>Acheter des billets et jouer \u00e0 la loterie Lotto America est vraiment facile et pratique gr\u00e2ce \u00e0 notre plateforme en ligne.<br \/>\nSur la page de jeu de Lotto America, vous pouvez placer tous les paris que vous voulez. Un mod\u00e8le \u00e0 5 colonnes (\u00e9galement appel\u00e9es lignes) s&rsquo;affiche, mais vous pouvez le d\u00e9velopper autant de fois que vous le souhaitez en cliquant simplement sur la case \u00ab\u00a0Plus de lignes\u00a0\u00bb.<br \/>\nDans chaque colonne, vous devez cocher 5 cases entre 1 et 51, et 1 entre 1 et 10 dans la case ci-dessous<br \/>\nCe choix peut \u00eatre fait manuellement en cochant chaque case, ou en permettant au syst\u00e8me de choisir une combinaison au hasard.<br \/>\nEn cliquant sur \u00ab\u00a0Continuer\u00a0\u00bb, vous serez amen\u00e9 \u00e0 la page de paiement. Le joueur peut confirmer ou ajouter d&rsquo;autres billets \u00e0 ses paris.<\/p>\n<h2>Prix Lotto America<\/h2>\n<p>On suppose un jackpot minimum de 2 000 000 $, qui est cumul\u00e9 pour les tirages suivants au cas o\u00f9 il n&rsquo;y aurait pas de gagnant de premier ordre.<br \/>\nIl existe 9 cat\u00e9gories de prix<br \/>\n&#8211; La premi\u00e8re cat\u00e9gorie, pour ceux qui correspondent \u00e0 la combinaison gagnante compl\u00e8te (5 num\u00e9ros principaux + Star Ball).<br \/>\n&#8211; Deuxi\u00e8me cat\u00e9gorie, pour ceux qui correspondent aux 5 num\u00e9ros principaux<br \/>\n&#8211; Troisi\u00e8me cat\u00e9gorie, pour les 4 num\u00e9ros principaux + Star Ball<br \/>\n&#8211; Quatri\u00e8me cat\u00e9gorie, pour ceux qui devinent 4 chiffres principaux<br \/>\n&#8211; Cinqui\u00e8me cat\u00e9gorie. Pour 3 num\u00e9ros principaux + les gagnants du Star Ball<br \/>\n&#8211; Sixi\u00e8me cat\u00e9gorie. Pour les 3 heureux gagnants num\u00e9rot\u00e9s,<br \/>\n&#8211; Septi\u00e8me cat\u00e9gorie. Pour 2 num\u00e9ros principaux + Star Ball<br \/>\n&#8211; Huiti\u00e8me cat\u00e9gorie. Pour 1 num\u00e9ro principal + les gagnants du Star Ball<br \/>\n&#8211; Neuvi\u00e8me cat\u00e9gorie : Pour ceux qui n&rsquo;ont que le Star Ball<\/p>\n","protected":false},"excerpt":{"rendered":"<p>Comment jouer au Lotto America en ligne ? La colonne de jeu est compos\u00e9e de 52 cases num\u00e9rot\u00e9es de 1 \u00e0 52, pour les num\u00e9ros principaux, et d&rsquo;une deuxi\u00e8me case num\u00e9rot\u00e9e de 1 \u00e0 10 respectivement, pour la balle \u00e9toil\u00e9e (Lotto America Star Ball) Le joueur doit choisir 5 num\u00e9ros de cadre principal entre 1 [&hellip;]<\/p>\n","protected":false},"author":2,"featured_media":0,"parent":4072,"menu_order":15,"comment_status":"closed","ping_status":"closed","template":"lotto-america.php","meta":{"_et_pb_use_builder":"","_et_pb_old_content":"","_et_gb_content_width":"","exclude_from_search":false,"footnotes":""},"class_list":["post-6149","page","type-page","status-publish","hentry"],"yoast_head":"<!-- This site is optimized with the Yoast SEO plugin v23.7 - https:\/\/yoast.com\/wordpress\/plugins\/seo\/ -->\n<title>Jouer au Lotto America - Lottohoy<\/title>\n<meta name=\"description\" content=\"Parmi la grande vari\u00e9t\u00e9 des loteries am\u00e9ricaines, nous vous proposons de jouer au Lotto America, et de profiter de ses 9 cat\u00e9gories de prix\" \/>\n<meta name=\"robots\" content=\"index, follow, max-snippet:-1, max-image-preview:large, max-video-preview:-1\" \/>\n<link rel=\"canonical\" href=\"https:\/\/lottohoy.com\/fr\/jouer\/lotto-america\/\" \/>\n<meta property=\"og:locale\" content=\"fr_FR\" \/>\n<meta property=\"og:type\" content=\"article\" \/>\n<meta property=\"og:title\" content=\"Jouer au Lotto America - Lottohoy\" \/>\n<meta property=\"og:description\" content=\"Parmi la grande vari\u00e9t\u00e9 des loteries am\u00e9ricaines, nous vous proposons de jouer au Lotto America, et de profiter de ses 9 cat\u00e9gories de prix\" \/>\n<meta property=\"og:url\" content=\"https:\/\/lottohoy.com\/fr\/jouer\/lotto-america\/\" \/>\n<meta property=\"og:site_name\" content=\"Lottohoy\" \/>\n<meta property=\"article:modified_time\" content=\"2025-02-11T18:06:34+00:00\" \/>\n<meta name=\"twitter:card\" content=\"summary_large_image\" \/>\n<meta name=\"twitter:label1\" content=\"Dur\u00e9e de lecture estim\u00e9e\" \/>\n\t<meta name=\"twitter:data1\" content=\"3 minutes\" \/>\n<script type=\"application\/ld+json\" class=\"yoast-schema-graph\">{\"@context\":\"https:\/\/schema.org\",\"@graph\":[{\"@type\":\"WebPage\",\"@id\":\"https:\/\/lottohoy.com\/fr\/jouer\/lotto-america\/\",\"url\":\"https:\/\/lottohoy.com\/fr\/jouer\/lotto-america\/\",\"name\":\"Jouer au Lotto America - Lottohoy\",\"isPartOf\":{\"@id\":\"https:\/\/lottohoy.com\/fr\/#website\"},\"datePublished\":\"2020-08-10T20:38:27+00:00\",\"dateModified\":\"2025-02-11T18:06:34+00:00\",\"description\":\"Parmi la grande vari\u00e9t\u00e9 des loteries am\u00e9ricaines, nous vous proposons de jouer au Lotto America, et de profiter de ses 9 cat\u00e9gories de prix\",\"breadcrumb\":{\"@id\":\"https:\/\/lottohoy.com\/fr\/jouer\/lotto-america\/#breadcrumb\"},\"inLanguage\":\"fr-FR\",\"potentialAction\":[{\"@type\":\"ReadAction\",\"target\":[\"https:\/\/lottohoy.com\/fr\/jouer\/lotto-america\/\"]}]},{\"@type\":\"BreadcrumbList\",\"@id\":\"https:\/\/lottohoy.com\/fr\/jouer\/lotto-america\/#breadcrumb\",\"itemListElement\":[{\"@type\":\"ListItem\",\"position\":1,\"name\":\"Home\",\"item\":\"https:\/\/lottohoy.com\/fr\/\"},{\"@type\":\"ListItem\",\"position\":2,\"name\":\"Jouez la loterie en ligne\",\"item\":\"https:\/\/lottohoy.com\/fr\/jouer\/\"},{\"@type\":\"ListItem\",\"position\":3,\"name\":\"Jouer au Lotto America\"}]},{\"@type\":\"WebSite\",\"@id\":\"https:\/\/lottohoy.com\/fr\/#website\",\"url\":\"https:\/\/lottohoy.com\/fr\/\",\"name\":\"Lottohoy\",\"description\":\"\",\"potentialAction\":[{\"@type\":\"SearchAction\",\"target\":{\"@type\":\"EntryPoint\",\"urlTemplate\":\"https:\/\/lottohoy.com\/fr\/?s={search_term_string}\"},\"query-input\":{\"@type\":\"PropertyValueSpecification\",\"valueRequired\":true,\"valueName\":\"search_term_string\"}}],\"inLanguage\":\"fr-FR\"}]}<\/script>\n<!-- \/ Yoast SEO plugin. -->","yoast_head_json":{"title":"Jouer au Lotto America - Lottohoy","description":"Parmi la grande vari\u00e9t\u00e9 des loteries am\u00e9ricaines, nous vous proposons de jouer au Lotto America, et de profiter de ses 9 cat\u00e9gories de prix","robots":{"index":"index","follow":"follow","max-snippet":"max-snippet:-1","max-image-preview":"max-image-preview:large","max-video-preview":"max-video-preview:-1"},"canonical":"https:\/\/lottohoy.com\/fr\/jouer\/lotto-america\/","og_locale":"fr_FR","og_type":"article","og_title":"Jouer au Lotto America - Lottohoy","og_description":"Parmi la grande vari\u00e9t\u00e9 des loteries am\u00e9ricaines, nous vous proposons de jouer au Lotto America, et de profiter de ses 9 cat\u00e9gories de prix","og_url":"https:\/\/lottohoy.com\/fr\/jouer\/lotto-america\/","og_site_name":"Lottohoy","article_modified_time":"2025-02-11T18:06:34+00:00","twitter_card":"summary_large_image","twitter_misc":{"Dur\u00e9e de lecture estim\u00e9e":"3 minutes"},"schema":{"@context":"https:\/\/schema.org","@graph":[{"@type":"WebPage","@id":"https:\/\/lottohoy.com\/fr\/jouer\/lotto-america\/","url":"https:\/\/lottohoy.com\/fr\/jouer\/lotto-america\/","name":"Jouer au Lotto America - Lottohoy","isPartOf":{"@id":"https:\/\/lottohoy.com\/fr\/#website"},"datePublished":"2020-08-10T20:38:27+00:00","dateModified":"2025-02-11T18:06:34+00:00","description":"Parmi la grande vari\u00e9t\u00e9 des loteries am\u00e9ricaines, nous vous proposons de jouer au Lotto America, et de profiter de ses 9 cat\u00e9gories de prix","breadcrumb":{"@id":"https:\/\/lottohoy.com\/fr\/jouer\/lotto-america\/#breadcrumb"},"inLanguage":"fr-FR","potentialAction":[{"@type":"ReadAction","target":["https:\/\/lottohoy.com\/fr\/jouer\/lotto-america\/"]}]},{"@type":"BreadcrumbList","@id":"https:\/\/lottohoy.com\/fr\/jouer\/lotto-america\/#breadcrumb","itemListElement":[{"@type":"ListItem","position":1,"name":"Home","item":"https:\/\/lottohoy.com\/fr\/"},{"@type":"ListItem","position":2,"name":"Jouez la loterie en ligne","item":"https:\/\/lottohoy.com\/fr\/jouer\/"},{"@type":"ListItem","position":3,"name":"Jouer au Lotto America"}]},{"@type":"WebSite","@id":"https:\/\/lottohoy.com\/fr\/#website","url":"https:\/\/lottohoy.com\/fr\/","name":"Lottohoy","description":"","potentialAction":[{"@type":"SearchAction","target":{"@type":"EntryPoint","urlTemplate":"https:\/\/lottohoy.com\/fr\/?s={search_term_string}"},"query-input":{"@type":"PropertyValueSpecification","valueRequired":true,"valueName":"search_term_string"}}],"inLanguage":"fr-FR"}]}},"_links":{"self":[{"href":"https:\/\/lottohoy.com\/fr\/wp-json\/wp\/v2\/pages\/6149","targetHints":{"allow":["GET"]}}],"collection":[{"href":"https:\/\/lottohoy.com\/fr\/wp-json\/wp\/v2\/pages"}],"about":[{"href":"https:\/\/lottohoy.com\/fr\/wp-json\/wp\/v2\/types\/page"}],"author":[{"embeddable":true,"href":"https:\/\/lottohoy.com\/fr\/wp-json\/wp\/v2\/users\/2"}],"replies":[{"embeddable":true,"href":"https:\/\/lottohoy.com\/fr\/wp-json\/wp\/v2\/comments?post=6149"}],"version-history":[{"count":2,"href":"https:\/\/lottohoy.com\/fr\/wp-json\/wp\/v2\/pages\/6149\/revisions"}],"predecessor-version":[{"id":14658,"href":"https:\/\/lottohoy.com\/fr\/wp-json\/wp\/v2\/pages\/6149\/revisions\/14658"}],"up":[{"embeddable":true,"href":"https:\/\/lottohoy.com\/fr\/wp-json\/wp\/v2\/pages\/4072"}],"wp:attachment":[{"href":"https:\/\/lottohoy.com\/fr\/wp-json\/wp\/v2\/media?parent=6149"}],"curies":[{"name":"wp","href":"https:\/\/api.w.org\/{rel}","templated":true}]}}