{"id":6141,"date":"2020-08-10T21:42:04","date_gmt":"2020-08-10T20:42:04","guid":{"rendered":"https:\/\/www.lottohoy.com\/?page_id=6141"},"modified":"2025-03-25T14:57:58","modified_gmt":"2025-03-25T14:57:58","slug":"lotto-america","status":"publish","type":"page","link":"https:\/\/lottohoy.com\/fr\/loterie\/lotto-america\/","title":{"rendered":"Informations sur le Lotto America"},"content":{"rendered":"<p>Lotto America est une loterie multi-\u00e9tats qui est n\u00e9e en 1988, g\u00e9r\u00e9e par la Multi-State Lottery Association avec la participation de 7 \u00e9tats au d\u00e9part et qui s&rsquo;est d\u00e9velopp\u00e9e au fil des ans jusqu&rsquo;en 1992 avec l&rsquo;\u00e9mergence de l&rsquo;actuelle Powerball. En novembre 2017, il sera relanc\u00e9 avec son syst\u00e8me actuel, donnant aux participants la possibilit\u00e9 de gagner des prix dans neuf cat\u00e9gories diff\u00e9rentes.<\/p>\n<h2>Les r\u00e8gles du Lotto America<\/h2>\n<p>Lotto America, est une loterie facile \u00e0 comprendre et \u00e0 jouer. Sur le ticket de pari unique, le joueur doit choisir 5 num\u00e9ros parmi les 52 num\u00e9ros possibles dans le premier quadrant, et 1 num\u00e9ro suppl\u00e9mentaire pour la boule \u00e9toil\u00e9e de 1l 1 \u00e0 10, dans la case inf\u00e9rieure de la colonne.<br \/>\nDe plus, avec le m\u00eame billet, le coup principal peut \u00eatre compl\u00e9t\u00e9 par le All Star, qui, pour le co\u00fbt suppl\u00e9mentaire, donne aux joueurs la possibilit\u00e9 de gagner le prix (sauf pour la premi\u00e8re cat\u00e9gorie) multipli\u00e9 par 2, 3 ou 4 fois. (La fonction All Star, non disponible sur LottoHoy pour le moment).<br \/>\nPour jouer au Lotto America, vous devez avoir l&rsquo;\u00e2ge l\u00e9gal (dans l&rsquo;\u00c9tat de l&rsquo;Iowa, l&rsquo;\u00e2ge l\u00e9gal de la majorit\u00e9 est de 21 ans)<\/p>\n<h2>Les avantages de jouer au Lotto America en ligne<\/h2>\n<p>Il n&rsquo;est pas n\u00e9cessaire de se rendre dans les \u00c9tats am\u00e9ricains qui font partie de cette loterie (Delaware, Idaho, Iowa, Kansas, Maine, Minnesota, Montana, Nouveau-Mexique, Dkota du Nord, Dakota du Sud, Oklahoma, Tennessee, Virginie occidentale) pour participer \u00e0 leurs jackpots de millionnaires.<br \/>\nGr\u00e2ce \u00e0 notre plate-forme, vous avez acc\u00e8s \u00e0 des loteries du monde entier, comme c&rsquo;est le cas pour Lotto America. Depuis n&rsquo;importe quel appareil mobile, tablette ou ordinateur de bureau.<br \/>\nIl y a une information constante sur tous les tirages, les jackpots accumul\u00e9s, les prix gagn\u00e9s et bien d&rsquo;autres choses encore.<br \/>\nJouer \u00e0 Lotto America via une plateforme en ligne comme LottoHoy.com est s\u00fbr et fiable pour toutes les transactions de d\u00e9p\u00f4t et de retrait.<br \/>\nSi vous gagnez un prix, le montant de ce prix, jusqu&rsquo;\u00e0 2500 euros, est automatiquement cr\u00e9dit\u00e9 sur votre compte utilisateur imm\u00e9diatement<\/p>\n<h2>Les prix de Lotto America sont-ils imposables ?<\/h2>\n<p>Oui, tous les prix de plus de 600 dollars US sont soumis \u00e0 une retenue d&rsquo;imp\u00f4t f\u00e9d\u00e9ral \u00e9quivalant \u00e0 28 % (30 % pour les non-r\u00e9sidents ou les joueurs d&rsquo;autres pays).<\/p>\n<h2>Quelles sont les chances de gagner le jackpot de Lotto America ?<\/h2>\n<p>Les chances de gagner le jackpot de Lotto America sont de 1 sur 25 989 600. Cela en fait l&rsquo;une des loteries ayant l&rsquo;une des plus grandes chances de gagner.<\/p>\n<h2>Quelles sont les chances de gagner un prix de Lotto America ?<\/h2>\n<p>Les chances de gagner un prix dans l&rsquo;une des cat\u00e9gories du jeu standard sont de 1 sur 17.<\/p>\n<p><!--more--><\/p>\n","protected":false},"excerpt":{"rendered":"<p>Lotto America est une loterie multi-\u00e9tats qui est n\u00e9e en 1988, g\u00e9r\u00e9e par la Multi-State Lottery Association avec la participation de 7 \u00e9tats au d\u00e9part et qui s&rsquo;est d\u00e9velopp\u00e9e au fil des ans jusqu&rsquo;en 1992 avec l&rsquo;\u00e9mergence de l&rsquo;actuelle Powerball. En novembre 2017, il sera relanc\u00e9 avec son syst\u00e8me actuel, donnant aux participants la possibilit\u00e9 [&hellip;]<\/p>\n","protected":false},"author":2,"featured_media":0,"parent":4040,"menu_order":15,"comment_status":"closed","ping_status":"closed","template":"lotto-america-info.php","meta":{"_et_pb_use_builder":"","_et_pb_old_content":"","_et_gb_content_width":"","exclude_from_search":false,"footnotes":""},"class_list":["post-6141","page","type-page","status-publish","hentry"],"yoast_head":"<!-- This site is optimized with the Yoast SEO plugin v23.7 - https:\/\/yoast.com\/wordpress\/plugins\/seo\/ -->\n<title>Informations, r\u00e8gles et r\u00e8glements de Lotto America - LottoHoy.com<\/title>\n<meta name=\"description\" content=\"Huit des neuf cat\u00e9gories avec des prix fixes et une premi\u00e8re cat\u00e9gorie avec un prix sp\u00e9cial un jackpot progressif, Lotto America Information\" \/>\n<meta name=\"robots\" content=\"index, follow, max-snippet:-1, max-image-preview:large, max-video-preview:-1\" \/>\n<link rel=\"canonical\" href=\"https:\/\/lottohoy.com\/fr\/loterie\/lotto-america\/\" \/>\n<meta property=\"og:locale\" content=\"fr_FR\" \/>\n<meta property=\"og:type\" content=\"article\" \/>\n<meta property=\"og:title\" content=\"Informations, r\u00e8gles et r\u00e8glements de Lotto America - LottoHoy.com\" \/>\n<meta property=\"og:description\" content=\"Huit des neuf cat\u00e9gories avec des prix fixes et une premi\u00e8re cat\u00e9gorie avec un prix sp\u00e9cial un jackpot progressif, Lotto America Information\" \/>\n<meta property=\"og:url\" content=\"https:\/\/lottohoy.com\/fr\/loterie\/lotto-america\/\" \/>\n<meta property=\"og:site_name\" content=\"Lottohoy\" \/>\n<meta property=\"article:modified_time\" content=\"2025-03-25T14:57:58+00:00\" \/>\n<meta name=\"twitter:card\" content=\"summary_large_image\" \/>\n<meta name=\"twitter:label1\" content=\"Dur\u00e9e de lecture estim\u00e9e\" \/>\n\t<meta name=\"twitter:data1\" content=\"2 minutes\" \/>\n<script type=\"application\/ld+json\" class=\"yoast-schema-graph\">{\"@context\":\"https:\/\/schema.org\",\"@graph\":[{\"@type\":\"WebPage\",\"@id\":\"https:\/\/lottohoy.com\/fr\/loterie\/lotto-america\/\",\"url\":\"https:\/\/lottohoy.com\/fr\/loterie\/lotto-america\/\",\"name\":\"Informations, r\u00e8gles et r\u00e8glements de Lotto America - LottoHoy.com\",\"isPartOf\":{\"@id\":\"https:\/\/lottohoy.com\/fr\/#website\"},\"datePublished\":\"2020-08-10T20:42:04+00:00\",\"dateModified\":\"2025-03-25T14:57:58+00:00\",\"description\":\"Huit des neuf cat\u00e9gories avec des prix fixes et une premi\u00e8re cat\u00e9gorie avec un prix sp\u00e9cial un jackpot progressif, Lotto America Information\",\"breadcrumb\":{\"@id\":\"https:\/\/lottohoy.com\/fr\/loterie\/lotto-america\/#breadcrumb\"},\"inLanguage\":\"fr-FR\",\"potentialAction\":[{\"@type\":\"ReadAction\",\"target\":[\"https:\/\/lottohoy.com\/fr\/loterie\/lotto-america\/\"]}]},{\"@type\":\"BreadcrumbList\",\"@id\":\"https:\/\/lottohoy.com\/fr\/loterie\/lotto-america\/#breadcrumb\",\"itemListElement\":[{\"@type\":\"ListItem\",\"position\":1,\"name\":\"Home\",\"item\":\"https:\/\/lottohoy.com\/fr\/\"},{\"@type\":\"ListItem\",\"position\":2,\"name\":\"Tout sur la loterie en ligne\",\"item\":\"https:\/\/lottohoy.com\/fr\/loterie\/\"},{\"@type\":\"ListItem\",\"position\":3,\"name\":\"Informations sur le Lotto America\"}]},{\"@type\":\"WebSite\",\"@id\":\"https:\/\/lottohoy.com\/fr\/#website\",\"url\":\"https:\/\/lottohoy.com\/fr\/\",\"name\":\"Lottohoy\",\"description\":\"\",\"potentialAction\":[{\"@type\":\"SearchAction\",\"target\":{\"@type\":\"EntryPoint\",\"urlTemplate\":\"https:\/\/lottohoy.com\/fr\/?s={search_term_string}\"},\"query-input\":{\"@type\":\"PropertyValueSpecification\",\"valueRequired\":true,\"valueName\":\"search_term_string\"}}],\"inLanguage\":\"fr-FR\"}]}<\/script>\n<!-- \/ Yoast SEO plugin. -->","yoast_head_json":{"title":"Informations, r\u00e8gles et r\u00e8glements de Lotto America - LottoHoy.com","description":"Huit des neuf cat\u00e9gories avec des prix fixes et une premi\u00e8re cat\u00e9gorie avec un prix sp\u00e9cial un jackpot progressif, Lotto America Information","robots":{"index":"index","follow":"follow","max-snippet":"max-snippet:-1","max-image-preview":"max-image-preview:large","max-video-preview":"max-video-preview:-1"},"canonical":"https:\/\/lottohoy.com\/fr\/loterie\/lotto-america\/","og_locale":"fr_FR","og_type":"article","og_title":"Informations, r\u00e8gles et r\u00e8glements de Lotto America - LottoHoy.com","og_description":"Huit des neuf cat\u00e9gories avec des prix fixes et une premi\u00e8re cat\u00e9gorie avec un prix sp\u00e9cial un jackpot progressif, Lotto America Information","og_url":"https:\/\/lottohoy.com\/fr\/loterie\/lotto-america\/","og_site_name":"Lottohoy","article_modified_time":"2025-03-25T14:57:58+00:00","twitter_card":"summary_large_image","twitter_misc":{"Dur\u00e9e de lecture estim\u00e9e":"2 minutes"},"schema":{"@context":"https:\/\/schema.org","@graph":[{"@type":"WebPage","@id":"https:\/\/lottohoy.com\/fr\/loterie\/lotto-america\/","url":"https:\/\/lottohoy.com\/fr\/loterie\/lotto-america\/","name":"Informations, r\u00e8gles et r\u00e8glements de Lotto America - LottoHoy.com","isPartOf":{"@id":"https:\/\/lottohoy.com\/fr\/#website"},"datePublished":"2020-08-10T20:42:04+00:00","dateModified":"2025-03-25T14:57:58+00:00","description":"Huit des neuf cat\u00e9gories avec des prix fixes et une premi\u00e8re cat\u00e9gorie avec un prix sp\u00e9cial un jackpot progressif, Lotto America Information","breadcrumb":{"@id":"https:\/\/lottohoy.com\/fr\/loterie\/lotto-america\/#breadcrumb"},"inLanguage":"fr-FR","potentialAction":[{"@type":"ReadAction","target":["https:\/\/lottohoy.com\/fr\/loterie\/lotto-america\/"]}]},{"@type":"BreadcrumbList","@id":"https:\/\/lottohoy.com\/fr\/loterie\/lotto-america\/#breadcrumb","itemListElement":[{"@type":"ListItem","position":1,"name":"Home","item":"https:\/\/lottohoy.com\/fr\/"},{"@type":"ListItem","position":2,"name":"Tout sur la loterie en ligne","item":"https:\/\/lottohoy.com\/fr\/loterie\/"},{"@type":"ListItem","position":3,"name":"Informations sur le Lotto America"}]},{"@type":"WebSite","@id":"https:\/\/lottohoy.com\/fr\/#website","url":"https:\/\/lottohoy.com\/fr\/","name":"Lottohoy","description":"","potentialAction":[{"@type":"SearchAction","target":{"@type":"EntryPoint","urlTemplate":"https:\/\/lottohoy.com\/fr\/?s={search_term_string}"},"query-input":{"@type":"PropertyValueSpecification","valueRequired":true,"valueName":"search_term_string"}}],"inLanguage":"fr-FR"}]}},"_links":{"self":[{"href":"https:\/\/lottohoy.com\/fr\/wp-json\/wp\/v2\/pages\/6141","targetHints":{"allow":["GET"]}}],"collection":[{"href":"https:\/\/lottohoy.com\/fr\/wp-json\/wp\/v2\/pages"}],"about":[{"href":"https:\/\/lottohoy.com\/fr\/wp-json\/wp\/v2\/types\/page"}],"author":[{"embeddable":true,"href":"https:\/\/lottohoy.com\/fr\/wp-json\/wp\/v2\/users\/2"}],"replies":[{"embeddable":true,"href":"https:\/\/lottohoy.com\/fr\/wp-json\/wp\/v2\/comments?post=6141"}],"version-history":[{"count":1,"href":"https:\/\/lottohoy.com\/fr\/wp-json\/wp\/v2\/pages\/6141\/revisions"}],"predecessor-version":[{"id":10804,"href":"https:\/\/lottohoy.com\/fr\/wp-json\/wp\/v2\/pages\/6141\/revisions\/10804"}],"up":[{"embeddable":true,"href":"https:\/\/lottohoy.com\/fr\/wp-json\/wp\/v2\/pages\/4040"}],"wp:attachment":[{"href":"https:\/\/lottohoy.com\/fr\/wp-json\/wp\/v2\/media?parent=6141"}],"curies":[{"name":"wp","href":"https:\/\/api.w.org\/{rel}","templated":true}]}}