{"id":6133,"date":"2020-08-10T21:40:33","date_gmt":"2020-08-10T20:40:33","guid":{"rendered":"https:\/\/www.lottohoy.com\/?page_id=6133"},"modified":"2025-03-26T05:54:34","modified_gmt":"2025-03-26T05:54:34","slug":"lotto-america","status":"publish","type":"page","link":"https:\/\/lottohoy.com\/fr\/resultats\/lotto-america\/","title":{"rendered":"Les r\u00e9sultats de Lotto America"},"content":{"rendered":"<p><!--more--><\/p>\n<p>Cette page pr\u00e9sente une ventilation d\u00e9taill\u00e9e des r\u00e9sultats du tirage de Lotto America ainsi que le jackpot estim\u00e9 (en attendant l&rsquo;examen final) pour le tirage qui a eu lieu et d&rsquo;autres informations int\u00e9ressantes.<\/p>\n<h2>Derniers r\u00e9sultats de Lotto America<\/h2>\n<p>Sur cet \u00e9cran, vous pouvez voir un tableau indiquant les r\u00e9sultats du dernier tirage au sort effectu\u00e9 et la r\u00e9partition des prix pour chacune des cat\u00e9gories de prix, le nombre estim\u00e9 de gagnants par cat\u00e9gorie et le montant \u00e0 r\u00e9partir entre eux.<\/p>\n<h2>Tous les r\u00e9sultats de Lotto America<\/h2>\n<p>En plus des r\u00e9sultats indiqu\u00e9s dans la bo\u00eete de ce dernier tirage, vous pouvez \u00e9galement acc\u00e9der \u00e0 cette page pour voir les r\u00e9sultats de tous les tirages pr\u00e9c\u00e9dents effectu\u00e9s au cours des 2 derni\u00e8res ann\u00e9es.<br \/>\nVous pouvez s\u00e9lectionner la date pr\u00e9cise \u00e0 laquelle vous souhaitez v\u00e9rifier le r\u00e9sultat et les prix distribu\u00e9s dans chaque niveau de prix.<\/p>\n","protected":false},"excerpt":{"rendered":"","protected":false},"author":2,"featured_media":0,"parent":4004,"menu_order":15,"comment_status":"closed","ping_status":"closed","template":"lotto-america-results.php","meta":{"_et_pb_use_builder":"","_et_pb_old_content":"","_et_gb_content_width":"","exclude_from_search":false,"footnotes":""},"class_list":["post-6133","page","type-page","status-publish","hentry"],"yoast_head":"<!-- This site is optimized with the Yoast SEO plugin v23.7 - https:\/\/yoast.com\/wordpress\/plugins\/seo\/ -->\n<title>Lotto America, r\u00e9sultats de la loterie - LottoHoy.com<\/title>\n<meta name=\"description\" content=\"Consultez les r\u00e9sultats de Lotto America, la r\u00e9partition des huit cat\u00e9gories de prix fixes et le jackpot\" \/>\n<meta name=\"robots\" content=\"index, follow, max-snippet:-1, max-image-preview:large, max-video-preview:-1\" \/>\n<link rel=\"canonical\" href=\"https:\/\/lottohoy.com\/fr\/resultats\/lotto-america\/\" \/>\n<meta property=\"og:locale\" content=\"fr_FR\" \/>\n<meta property=\"og:type\" content=\"article\" \/>\n<meta property=\"og:title\" content=\"Lotto America, r\u00e9sultats de la loterie - LottoHoy.com\" \/>\n<meta property=\"og:description\" content=\"Consultez les r\u00e9sultats de Lotto America, la r\u00e9partition des huit cat\u00e9gories de prix fixes et le jackpot\" \/>\n<meta property=\"og:url\" content=\"https:\/\/lottohoy.com\/fr\/resultats\/lotto-america\/\" \/>\n<meta property=\"og:site_name\" content=\"Lottohoy\" \/>\n<meta property=\"article:modified_time\" content=\"2025-03-26T05:54:34+00:00\" \/>\n<meta name=\"twitter:card\" content=\"summary_large_image\" \/>\n<meta name=\"twitter:label1\" content=\"Dur\u00e9e de lecture estim\u00e9e\" \/>\n\t<meta name=\"twitter:data1\" content=\"1 minute\" \/>\n<script type=\"application\/ld+json\" class=\"yoast-schema-graph\">{\"@context\":\"https:\/\/schema.org\",\"@graph\":[{\"@type\":\"WebPage\",\"@id\":\"https:\/\/lottohoy.com\/fr\/resultats\/lotto-america\/\",\"url\":\"https:\/\/lottohoy.com\/fr\/resultats\/lotto-america\/\",\"name\":\"Lotto America, r\u00e9sultats de la loterie - LottoHoy.com\",\"isPartOf\":{\"@id\":\"https:\/\/lottohoy.com\/fr\/#website\"},\"datePublished\":\"2020-08-10T20:40:33+00:00\",\"dateModified\":\"2025-03-26T05:54:34+00:00\",\"description\":\"Consultez les r\u00e9sultats de Lotto America, la r\u00e9partition des huit cat\u00e9gories de prix fixes et le jackpot\",\"breadcrumb\":{\"@id\":\"https:\/\/lottohoy.com\/fr\/resultats\/lotto-america\/#breadcrumb\"},\"inLanguage\":\"fr-FR\",\"potentialAction\":[{\"@type\":\"ReadAction\",\"target\":[\"https:\/\/lottohoy.com\/fr\/resultats\/lotto-america\/\"]}]},{\"@type\":\"BreadcrumbList\",\"@id\":\"https:\/\/lottohoy.com\/fr\/resultats\/lotto-america\/#breadcrumb\",\"itemListElement\":[{\"@type\":\"ListItem\",\"position\":1,\"name\":\"Home\",\"item\":\"https:\/\/lottohoy.com\/fr\/\"},{\"@type\":\"ListItem\",\"position\":2,\"name\":\"R\u00e9sultats du loto en ligne\",\"item\":\"https:\/\/lottohoy.com\/fr\/resultats\/\"},{\"@type\":\"ListItem\",\"position\":3,\"name\":\"Les r\u00e9sultats de Lotto America\"}]},{\"@type\":\"WebSite\",\"@id\":\"https:\/\/lottohoy.com\/fr\/#website\",\"url\":\"https:\/\/lottohoy.com\/fr\/\",\"name\":\"Lottohoy\",\"description\":\"\",\"potentialAction\":[{\"@type\":\"SearchAction\",\"target\":{\"@type\":\"EntryPoint\",\"urlTemplate\":\"https:\/\/lottohoy.com\/fr\/?s={search_term_string}\"},\"query-input\":{\"@type\":\"PropertyValueSpecification\",\"valueRequired\":true,\"valueName\":\"search_term_string\"}}],\"inLanguage\":\"fr-FR\"}]}<\/script>\n<!-- \/ Yoast SEO plugin. -->","yoast_head_json":{"title":"Lotto America, r\u00e9sultats de la loterie - LottoHoy.com","description":"Consultez les r\u00e9sultats de Lotto America, la r\u00e9partition des huit cat\u00e9gories de prix fixes et le jackpot","robots":{"index":"index","follow":"follow","max-snippet":"max-snippet:-1","max-image-preview":"max-image-preview:large","max-video-preview":"max-video-preview:-1"},"canonical":"https:\/\/lottohoy.com\/fr\/resultats\/lotto-america\/","og_locale":"fr_FR","og_type":"article","og_title":"Lotto America, r\u00e9sultats de la loterie - LottoHoy.com","og_description":"Consultez les r\u00e9sultats de Lotto America, la r\u00e9partition des huit cat\u00e9gories de prix fixes et le jackpot","og_url":"https:\/\/lottohoy.com\/fr\/resultats\/lotto-america\/","og_site_name":"Lottohoy","article_modified_time":"2025-03-26T05:54:34+00:00","twitter_card":"summary_large_image","twitter_misc":{"Dur\u00e9e de lecture estim\u00e9e":"1 minute"},"schema":{"@context":"https:\/\/schema.org","@graph":[{"@type":"WebPage","@id":"https:\/\/lottohoy.com\/fr\/resultats\/lotto-america\/","url":"https:\/\/lottohoy.com\/fr\/resultats\/lotto-america\/","name":"Lotto America, r\u00e9sultats de la loterie - LottoHoy.com","isPartOf":{"@id":"https:\/\/lottohoy.com\/fr\/#website"},"datePublished":"2020-08-10T20:40:33+00:00","dateModified":"2025-03-26T05:54:34+00:00","description":"Consultez les r\u00e9sultats de Lotto America, la r\u00e9partition des huit cat\u00e9gories de prix fixes et le jackpot","breadcrumb":{"@id":"https:\/\/lottohoy.com\/fr\/resultats\/lotto-america\/#breadcrumb"},"inLanguage":"fr-FR","potentialAction":[{"@type":"ReadAction","target":["https:\/\/lottohoy.com\/fr\/resultats\/lotto-america\/"]}]},{"@type":"BreadcrumbList","@id":"https:\/\/lottohoy.com\/fr\/resultats\/lotto-america\/#breadcrumb","itemListElement":[{"@type":"ListItem","position":1,"name":"Home","item":"https:\/\/lottohoy.com\/fr\/"},{"@type":"ListItem","position":2,"name":"R\u00e9sultats du loto en ligne","item":"https:\/\/lottohoy.com\/fr\/resultats\/"},{"@type":"ListItem","position":3,"name":"Les r\u00e9sultats de Lotto America"}]},{"@type":"WebSite","@id":"https:\/\/lottohoy.com\/fr\/#website","url":"https:\/\/lottohoy.com\/fr\/","name":"Lottohoy","description":"","potentialAction":[{"@type":"SearchAction","target":{"@type":"EntryPoint","urlTemplate":"https:\/\/lottohoy.com\/fr\/?s={search_term_string}"},"query-input":{"@type":"PropertyValueSpecification","valueRequired":true,"valueName":"search_term_string"}}],"inLanguage":"fr-FR"}]}},"_links":{"self":[{"href":"https:\/\/lottohoy.com\/fr\/wp-json\/wp\/v2\/pages\/6133","targetHints":{"allow":["GET"]}}],"collection":[{"href":"https:\/\/lottohoy.com\/fr\/wp-json\/wp\/v2\/pages"}],"about":[{"href":"https:\/\/lottohoy.com\/fr\/wp-json\/wp\/v2\/types\/page"}],"author":[{"embeddable":true,"href":"https:\/\/lottohoy.com\/fr\/wp-json\/wp\/v2\/users\/2"}],"replies":[{"embeddable":true,"href":"https:\/\/lottohoy.com\/fr\/wp-json\/wp\/v2\/comments?post=6133"}],"version-history":[{"count":1,"href":"https:\/\/lottohoy.com\/fr\/wp-json\/wp\/v2\/pages\/6133\/revisions"}],"predecessor-version":[{"id":10803,"href":"https:\/\/lottohoy.com\/fr\/wp-json\/wp\/v2\/pages\/6133\/revisions\/10803"}],"up":[{"embeddable":true,"href":"https:\/\/lottohoy.com\/fr\/wp-json\/wp\/v2\/pages\/4004"}],"wp:attachment":[{"href":"https:\/\/lottohoy.com\/fr\/wp-json\/wp\/v2\/media?parent=6133"}],"curies":[{"name":"wp","href":"https:\/\/api.w.org\/{rel}","templated":true}]}}