{"id":6119,"date":"2020-08-10T17:39:45","date_gmt":"2020-08-10T16:39:45","guid":{"rendered":"https:\/\/www.lottohoy.com\/?page_id=6119"},"modified":"2025-02-10T12:39:06","modified_gmt":"2025-02-10T12:39:06","slug":"thunderball","status":"publish","type":"page","link":"https:\/\/lottohoy.com\/fr\/jouer\/thunderball\/","title":{"rendered":"Jouer \u00e0 Thunderball"},"content":{"rendered":"<h2>Jouer \u00e0 Thunderball en ligne<\/h2>\n<p>Thunderball est une loterie atypique avec un prix fixe de 500 000 \u00a3 pour chacun des meilleurs gagnants, qui est g\u00e9r\u00e9e par la Loterie nationale par l&rsquo;interm\u00e9diaire de Camelot.<\/p>\n<p>Pour jouer \u00e0 la loterie Thunderball en ligne, vous pouvez utiliser une plateforme de loterie en ligne comme la n\u00f4tre, qui offre tout le confort de la maison et la fiabilit\u00e9 des donn\u00e9es et des transactions crypt\u00e9es pour la s\u00e9curit\u00e9.<\/p>\n<p>Comme dans la grande majorit\u00e9 des loteries, il est exig\u00e9 que la personne qui joue soit majeure, afin de pouvoir r\u00e9clamer les prix, si tel est le cas.<\/p>\n<p>Une fois que vous acc\u00e9dez \u00e0 la page de jeu Thunderball par le biais de notre plateforme, un mod\u00e8le appara\u00eet avec diff\u00e9rentes colonnes o\u00f9 vous pouvez placer vos paris, que nous appelons aussi lignes de jeu.<\/p>\n<p>Chaque colonne ou ligne correspondra \u00e0 un pari. Ces colonnes initiales peuvent \u00eatre agrandies en cliquant sur la case PLUS DE LIGNES, et d&rsquo;autres colonnes apparaissent o\u00f9 vous pouvez placer plus de paris sur le m\u00eame jeu. Cette op\u00e9ration peut \u00eatre r\u00e9p\u00e9t\u00e9e autant de fois que le nombre de colonnes ou de lignes que vous voulez parier.<\/p>\n<p>Pour placer un pari sur une colonne, 5 des 39 cases de la premi\u00e8re case doivent \u00eatre coch\u00e9es plus un certain nombre de cercles num\u00e9rot\u00e9s entre 1 et 14<\/p>\n<p>Le pari peut \u00eatre fait de deux fa\u00e7ons, manuellement, c&rsquo;est-\u00e0-dire en cochant directement la case de chaque num\u00e9ro que vous voulez faire partie de votre combinaison de pari. Ou, si vous le souhaitez, vous pouvez laisser le syst\u00e8me lui-m\u00eame choisir la combinaison de paris au hasard, en passant le curseur sur le haut de la colonne o\u00f9 une case disant \u00ab\u00a0s\u00e9lection rapide\u00a0\u00bb appara\u00eetra et en cliquant sur la case<\/p>\n<p>Si le pari est accord\u00e9, le montant du prix est automatiquement cr\u00e9dit\u00e9 sur le compte de l&rsquo;utilisateur.<\/p>\n<h2>Quand est-ce que Thunderball est mis en loterie ?<\/h2>\n<p>A l&rsquo;origine, il n&rsquo;y avait qu&rsquo;un tirage au sort le samedi, maintenant le Thunderball est tir\u00e9 tous les mardis, mercredis, vendredis et samedis \u00e0 20h00 GMT<\/p>\n<p>L&rsquo;admission des billets en ligne via notre plateforme, ferme environ 2 heures avant l&rsquo;heure officielle du tirage et rouvre \u00e0 la fin du tirage, pour valider les billets pour le prochain tirage.<\/p>\n<h2>Quels sont les avantages d&rsquo;acheter Thunderball en ligne ?<\/h2>\n<p>Acheter Thunderball en ligne, via notre plateforme, permet aux joueurs du monde entier d&rsquo;acheter leurs billets, quel que soit le pays o\u00f9 ils vivent et quelle que soit la situation, avec une simple connexion internet et via n&rsquo;importe quel appareil, tablette, mobile ou PC<\/p>\n<p>Ce sont l\u00e0 quelques-uns des principaux avantages de jouer au LottoHoy :<br \/>\n&#8211; S\u00e9curit\u00e9 de toutes les transactions financi\u00e8res et des donn\u00e9es<br \/>\n&#8211; Un acc\u00e8s 24h\/24 et 7j\/7 tous les jours de l&rsquo;ann\u00e9e pour vos achats et vos paris.<br \/>\n&#8211; Achetez vos billets partout dans le monde, sans file d&rsquo;attente ni d\u00e9placement et \u00e0 toute heure du jour ou de la nuit<br \/>\n&#8211; L&rsquo;achat en ligne permet d&rsquo;\u00e9viter la perte ou l&rsquo;\u00e9garement, le billet reste toujours en lieu s\u00fbr, ce qui se refl\u00e8te dans le compte de l&rsquo;utilisateur, et le billet officiel dans la cam\u00e9ra de s\u00e9curit\u00e9.<br \/>\n&#8211; Les prix gagn\u00e9s sont imm\u00e9diatement d\u00e9pos\u00e9s sur le compte de l&rsquo;utilisateur et sont disponibles d\u00e8s le premier instant. Apr\u00e8s la c\u00e9l\u00e9bration du tirage au sort et une fois les r\u00e9sultats officiels publi\u00e9s, les montants des prix gagn\u00e9s sont inscrits sur le compte utilisateur.<br \/>\n&#8211; Soyez inform\u00e9 des jackpots accumul\u00e9s et des tirages extraordinaires.<\/p>\n","protected":false},"excerpt":{"rendered":"<p>Jouer \u00e0 Thunderball en ligne Thunderball est une loterie atypique avec un prix fixe de 500 000 \u00a3 pour chacun des meilleurs gagnants, qui est g\u00e9r\u00e9e par la Loterie nationale par l&rsquo;interm\u00e9diaire de Camelot. Pour jouer \u00e0 la loterie Thunderball en ligne, vous pouvez utiliser une plateforme de loterie en ligne comme la n\u00f4tre, qui [&hellip;]<\/p>\n","protected":false},"author":2,"featured_media":0,"parent":4072,"menu_order":10,"comment_status":"closed","ping_status":"closed","template":"thunderball.php","meta":{"_et_pb_use_builder":"","_et_pb_old_content":"","_et_gb_content_width":"","exclude_from_search":false,"footnotes":""},"class_list":["post-6119","page","type-page","status-publish","hentry"],"yoast_head":"<!-- This site is optimized with the Yoast SEO plugin v23.7 - https:\/\/yoast.com\/wordpress\/plugins\/seo\/ -->\n<title>Parier en ligne sur la loterie Thunderball - Lottohoy.com<\/title>\n<meta name=\"description\" content=\"La participation \u00e0 cette loterie en ligne permet \u00e0 de nombreux joueurs d&#039;acc\u00e9der facilement \u00e0 leurs prix fixes dans toutes les cat\u00e9gories\" \/>\n<meta name=\"robots\" content=\"index, follow, max-snippet:-1, max-image-preview:large, max-video-preview:-1\" \/>\n<link rel=\"canonical\" href=\"https:\/\/lottohoy.com\/fr\/jouer\/thunderball\/\" \/>\n<meta property=\"og:locale\" content=\"fr_FR\" \/>\n<meta property=\"og:type\" content=\"article\" \/>\n<meta property=\"og:title\" content=\"Parier en ligne sur la loterie Thunderball - Lottohoy.com\" \/>\n<meta property=\"og:description\" content=\"La participation \u00e0 cette loterie en ligne permet \u00e0 de nombreux joueurs d&#039;acc\u00e9der facilement \u00e0 leurs prix fixes dans toutes les cat\u00e9gories\" \/>\n<meta property=\"og:url\" content=\"https:\/\/lottohoy.com\/fr\/jouer\/thunderball\/\" \/>\n<meta property=\"og:site_name\" content=\"Lottohoy\" \/>\n<meta property=\"article:modified_time\" content=\"2025-02-10T12:39:06+00:00\" \/>\n<meta name=\"twitter:card\" content=\"summary_large_image\" \/>\n<meta name=\"twitter:label1\" content=\"Dur\u00e9e de lecture estim\u00e9e\" \/>\n\t<meta name=\"twitter:data1\" content=\"3 minutes\" \/>\n<script type=\"application\/ld+json\" class=\"yoast-schema-graph\">{\"@context\":\"https:\/\/schema.org\",\"@graph\":[{\"@type\":\"WebPage\",\"@id\":\"https:\/\/lottohoy.com\/fr\/jouer\/thunderball\/\",\"url\":\"https:\/\/lottohoy.com\/fr\/jouer\/thunderball\/\",\"name\":\"Parier en ligne sur la loterie Thunderball - Lottohoy.com\",\"isPartOf\":{\"@id\":\"https:\/\/lottohoy.com\/fr\/#website\"},\"datePublished\":\"2020-08-10T16:39:45+00:00\",\"dateModified\":\"2025-02-10T12:39:06+00:00\",\"description\":\"La participation \u00e0 cette loterie en ligne permet \u00e0 de nombreux joueurs d'acc\u00e9der facilement \u00e0 leurs prix fixes dans toutes les cat\u00e9gories\",\"breadcrumb\":{\"@id\":\"https:\/\/lottohoy.com\/fr\/jouer\/thunderball\/#breadcrumb\"},\"inLanguage\":\"fr-FR\",\"potentialAction\":[{\"@type\":\"ReadAction\",\"target\":[\"https:\/\/lottohoy.com\/fr\/jouer\/thunderball\/\"]}]},{\"@type\":\"BreadcrumbList\",\"@id\":\"https:\/\/lottohoy.com\/fr\/jouer\/thunderball\/#breadcrumb\",\"itemListElement\":[{\"@type\":\"ListItem\",\"position\":1,\"name\":\"Home\",\"item\":\"https:\/\/lottohoy.com\/fr\/\"},{\"@type\":\"ListItem\",\"position\":2,\"name\":\"Jouez la loterie en ligne\",\"item\":\"https:\/\/lottohoy.com\/fr\/jouer\/\"},{\"@type\":\"ListItem\",\"position\":3,\"name\":\"Jouer \u00e0 Thunderball\"}]},{\"@type\":\"WebSite\",\"@id\":\"https:\/\/lottohoy.com\/fr\/#website\",\"url\":\"https:\/\/lottohoy.com\/fr\/\",\"name\":\"Lottohoy\",\"description\":\"\",\"potentialAction\":[{\"@type\":\"SearchAction\",\"target\":{\"@type\":\"EntryPoint\",\"urlTemplate\":\"https:\/\/lottohoy.com\/fr\/?s={search_term_string}\"},\"query-input\":{\"@type\":\"PropertyValueSpecification\",\"valueRequired\":true,\"valueName\":\"search_term_string\"}}],\"inLanguage\":\"fr-FR\"}]}<\/script>\n<!-- \/ Yoast SEO plugin. -->","yoast_head_json":{"title":"Parier en ligne sur la loterie Thunderball - Lottohoy.com","description":"La participation \u00e0 cette loterie en ligne permet \u00e0 de nombreux joueurs d'acc\u00e9der facilement \u00e0 leurs prix fixes dans toutes les cat\u00e9gories","robots":{"index":"index","follow":"follow","max-snippet":"max-snippet:-1","max-image-preview":"max-image-preview:large","max-video-preview":"max-video-preview:-1"},"canonical":"https:\/\/lottohoy.com\/fr\/jouer\/thunderball\/","og_locale":"fr_FR","og_type":"article","og_title":"Parier en ligne sur la loterie Thunderball - Lottohoy.com","og_description":"La participation \u00e0 cette loterie en ligne permet \u00e0 de nombreux joueurs d'acc\u00e9der facilement \u00e0 leurs prix fixes dans toutes les cat\u00e9gories","og_url":"https:\/\/lottohoy.com\/fr\/jouer\/thunderball\/","og_site_name":"Lottohoy","article_modified_time":"2025-02-10T12:39:06+00:00","twitter_card":"summary_large_image","twitter_misc":{"Dur\u00e9e de lecture estim\u00e9e":"3 minutes"},"schema":{"@context":"https:\/\/schema.org","@graph":[{"@type":"WebPage","@id":"https:\/\/lottohoy.com\/fr\/jouer\/thunderball\/","url":"https:\/\/lottohoy.com\/fr\/jouer\/thunderball\/","name":"Parier en ligne sur la loterie Thunderball - Lottohoy.com","isPartOf":{"@id":"https:\/\/lottohoy.com\/fr\/#website"},"datePublished":"2020-08-10T16:39:45+00:00","dateModified":"2025-02-10T12:39:06+00:00","description":"La participation \u00e0 cette loterie en ligne permet \u00e0 de nombreux joueurs d'acc\u00e9der facilement \u00e0 leurs prix fixes dans toutes les cat\u00e9gories","breadcrumb":{"@id":"https:\/\/lottohoy.com\/fr\/jouer\/thunderball\/#breadcrumb"},"inLanguage":"fr-FR","potentialAction":[{"@type":"ReadAction","target":["https:\/\/lottohoy.com\/fr\/jouer\/thunderball\/"]}]},{"@type":"BreadcrumbList","@id":"https:\/\/lottohoy.com\/fr\/jouer\/thunderball\/#breadcrumb","itemListElement":[{"@type":"ListItem","position":1,"name":"Home","item":"https:\/\/lottohoy.com\/fr\/"},{"@type":"ListItem","position":2,"name":"Jouez la loterie en ligne","item":"https:\/\/lottohoy.com\/fr\/jouer\/"},{"@type":"ListItem","position":3,"name":"Jouer \u00e0 Thunderball"}]},{"@type":"WebSite","@id":"https:\/\/lottohoy.com\/fr\/#website","url":"https:\/\/lottohoy.com\/fr\/","name":"Lottohoy","description":"","potentialAction":[{"@type":"SearchAction","target":{"@type":"EntryPoint","urlTemplate":"https:\/\/lottohoy.com\/fr\/?s={search_term_string}"},"query-input":{"@type":"PropertyValueSpecification","valueRequired":true,"valueName":"search_term_string"}}],"inLanguage":"fr-FR"}]}},"_links":{"self":[{"href":"https:\/\/lottohoy.com\/fr\/wp-json\/wp\/v2\/pages\/6119","targetHints":{"allow":["GET"]}}],"collection":[{"href":"https:\/\/lottohoy.com\/fr\/wp-json\/wp\/v2\/pages"}],"about":[{"href":"https:\/\/lottohoy.com\/fr\/wp-json\/wp\/v2\/types\/page"}],"author":[{"embeddable":true,"href":"https:\/\/lottohoy.com\/fr\/wp-json\/wp\/v2\/users\/2"}],"replies":[{"embeddable":true,"href":"https:\/\/lottohoy.com\/fr\/wp-json\/wp\/v2\/comments?post=6119"}],"version-history":[{"count":2,"href":"https:\/\/lottohoy.com\/fr\/wp-json\/wp\/v2\/pages\/6119\/revisions"}],"predecessor-version":[{"id":14581,"href":"https:\/\/lottohoy.com\/fr\/wp-json\/wp\/v2\/pages\/6119\/revisions\/14581"}],"up":[{"embeddable":true,"href":"https:\/\/lottohoy.com\/fr\/wp-json\/wp\/v2\/pages\/4072"}],"wp:attachment":[{"href":"https:\/\/lottohoy.com\/fr\/wp-json\/wp\/v2\/media?parent=6119"}],"curies":[{"name":"wp","href":"https:\/\/api.w.org\/{rel}","templated":true}]}}