{"id":6111,"date":"2020-08-10T17:42:35","date_gmt":"2020-08-10T16:42:35","guid":{"rendered":"https:\/\/www.lottohoy.com\/?page_id=6111"},"modified":"2025-03-25T13:18:48","modified_gmt":"2025-03-25T13:18:48","slug":"thunderball","status":"publish","type":"page","link":"https:\/\/lottohoy.com\/fr\/loterie\/thunderball\/","title":{"rendered":"Informations sur le Thunderball"},"content":{"rendered":"<h2>Informations sur la loterie Thunderball<\/h2>\n<p>Actuellement, les tirages au sort de Thunderball ont lieu quatre fois par semaine (mardi, mercredi, vendredi et samedi). Le premier tirage au sort de Thunderball a eu lieu en juin 1999.<\/p>\n<p>Au d\u00e9part, il n&rsquo;y avait qu&rsquo;un seul tirage par semaine, le samedi, et plus tard le tirage du mercredi a \u00e9t\u00e9 inclus.<\/p>\n<p>Jusqu&rsquo;en mai 2010, la combinaison \u00e9tait tir\u00e9e au sort entre les num\u00e9ros 1 et 34, le prix de la premi\u00e8re cat\u00e9gorie \u00e9tait de 250 000 livres sterling, et il n&rsquo;y avait pas de neuvi\u00e8me cat\u00e9gorie de prix car il y a maintenant un seul match de Thunderball.<\/p>\n<p>Apr\u00e8s cette date, le tirage du vendredi a \u00e9galement \u00e9t\u00e9 introduit, \u00e0 c\u00f4t\u00e9 des tirages du mercredi et du samedi, tandis que le tirage du mardi a \u00e9t\u00e9 ajout\u00e9 en janvier 2018.<\/p>\n<p>Ces changements ont entra\u00een\u00e9 une augmentation du premier prix, qui s&rsquo;\u00e9l\u00e8ve actuellement \u00e0 500 000 livres sterling, tandis que les autres prix ont \u00e9t\u00e9 r\u00e9duits de pr\u00e8s de moiti\u00e9.<\/p>\n<h2>Les avantages de jouer \u00e0 Thunderball en ligne<\/h2>\n<p>&#8211; L&rsquo;un des grands avantages de jouer au Thunderball est la commodit\u00e9 de pouvoir jouer \u00e0 toute heure du jour ou de la nuit, 24 heures sur 24, 7 jours sur 7, 365 jours par an. Simplement en ayant un appareil mobile, une tablette ou un ordinateur de bureau, et ce, de n&rsquo;importe o\u00f9 dans le monde.<br \/>\n&#8211; Les non-r\u00e9sidents du Royaume-Uni, par le biais de plateformes en ligne telles que LottoHoy.com, ont une r\u00e9elle chance d&rsquo;acc\u00e9der \u00e0 cette juteuse loterie avec des prix fixes pour chaque cat\u00e9gorie, quel que soit le montant de l&rsquo;argent collect\u00e9.<br \/>\n&#8211; Le billet est achet\u00e9 directement aupr\u00e8s de l&rsquo;\u00e9tablissement autoris\u00e9 et la participation est donc r\u00e9elle.<br \/>\n&#8211; Les prix gagn\u00e9s sont attribu\u00e9s instantan\u00e9ment, jusqu&rsquo;\u00e0 2500 euros, apr\u00e8s la publication des r\u00e9sultats officiels<br \/>\n&#8211; Il existe \u00e9galement une banque d&rsquo;informations sur toutes les op\u00e9rations effectu\u00e9es, la garde des billets achet\u00e9s, ce qui permet d&rsquo;\u00e9viter les pertes ou oublis \u00e9ventuels.<br \/>\n&#8211; Des informations opportunes sur tous les bateaux au fur et \u00e0 mesure qu&rsquo;ils s&rsquo;accumulent afin de ne pas manquer l&rsquo;occasion d&rsquo;y participer.<br \/>\n&#8211; Une grande vari\u00e9t\u00e9 de m\u00e9thodes de paiement, de d\u00e9p\u00f4ts et de retraits.<\/p>\n<h2>Probabilit\u00e9 de gagner un prix dans le cadre de Thunderball<\/h2>\n<p>Voir le tableau ci-dessous pour le montant moyen d&rsquo;argent qui peut \u00eatre gagn\u00e9 dans chacune des cat\u00e9gories, plus la probabilit\u00e9 statistique de gagner le jackpot ou l&rsquo;un des autres prix dans les 8 autres cat\u00e9gories.<\/p>\n<p><!--more--><\/p>\n","protected":false},"excerpt":{"rendered":"<p>Informations sur la loterie Thunderball Actuellement, les tirages au sort de Thunderball ont lieu quatre fois par semaine (mardi, mercredi, vendredi et samedi). Le premier tirage au sort de Thunderball a eu lieu en juin 1999. Au d\u00e9part, il n&rsquo;y avait qu&rsquo;un seul tirage par semaine, le samedi, et plus tard le tirage du mercredi [&hellip;]<\/p>\n","protected":false},"author":2,"featured_media":0,"parent":4040,"menu_order":10,"comment_status":"closed","ping_status":"closed","template":"thunderball-info.php","meta":{"_et_pb_use_builder":"","_et_pb_old_content":"","_et_gb_content_width":"","exclude_from_search":false,"footnotes":""},"class_list":["post-6111","page","type-page","status-publish","hentry"],"yoast_head":"<!-- This site is optimized with the Yoast SEO plugin v23.7 - https:\/\/yoast.com\/wordpress\/plugins\/seo\/ -->\n<title>Toutes les informations sur la loterie Thunderball - LottoHoy.com<\/title>\n<meta name=\"description\" content=\"Prix fixes \u00e9tablis pour chacune des cat\u00e9gories de Thunderball. Une bonne option en connaissant \u00e0 l&#039;avance les gains possibles.\" \/>\n<meta name=\"robots\" content=\"index, follow, max-snippet:-1, max-image-preview:large, max-video-preview:-1\" \/>\n<link rel=\"canonical\" href=\"https:\/\/lottohoy.com\/fr\/loterie\/thunderball\/\" \/>\n<meta property=\"og:locale\" content=\"fr_FR\" \/>\n<meta property=\"og:type\" content=\"article\" \/>\n<meta property=\"og:title\" content=\"Toutes les informations sur la loterie Thunderball - LottoHoy.com\" \/>\n<meta property=\"og:description\" content=\"Prix fixes \u00e9tablis pour chacune des cat\u00e9gories de Thunderball. Une bonne option en connaissant \u00e0 l&#039;avance les gains possibles.\" \/>\n<meta property=\"og:url\" content=\"https:\/\/lottohoy.com\/fr\/loterie\/thunderball\/\" \/>\n<meta property=\"og:site_name\" content=\"Lottohoy\" \/>\n<meta property=\"article:modified_time\" content=\"2025-03-25T13:18:48+00:00\" \/>\n<meta name=\"twitter:card\" content=\"summary_large_image\" \/>\n<meta name=\"twitter:label1\" content=\"Dur\u00e9e de lecture estim\u00e9e\" \/>\n\t<meta name=\"twitter:data1\" content=\"2 minutes\" \/>\n<script type=\"application\/ld+json\" class=\"yoast-schema-graph\">{\"@context\":\"https:\/\/schema.org\",\"@graph\":[{\"@type\":\"WebPage\",\"@id\":\"https:\/\/lottohoy.com\/fr\/loterie\/thunderball\/\",\"url\":\"https:\/\/lottohoy.com\/fr\/loterie\/thunderball\/\",\"name\":\"Toutes les informations sur la loterie Thunderball - LottoHoy.com\",\"isPartOf\":{\"@id\":\"https:\/\/lottohoy.com\/fr\/#website\"},\"datePublished\":\"2020-08-10T16:42:35+00:00\",\"dateModified\":\"2025-03-25T13:18:48+00:00\",\"description\":\"Prix fixes \u00e9tablis pour chacune des cat\u00e9gories de Thunderball. Une bonne option en connaissant \u00e0 l'avance les gains possibles.\",\"breadcrumb\":{\"@id\":\"https:\/\/lottohoy.com\/fr\/loterie\/thunderball\/#breadcrumb\"},\"inLanguage\":\"fr-FR\",\"potentialAction\":[{\"@type\":\"ReadAction\",\"target\":[\"https:\/\/lottohoy.com\/fr\/loterie\/thunderball\/\"]}]},{\"@type\":\"BreadcrumbList\",\"@id\":\"https:\/\/lottohoy.com\/fr\/loterie\/thunderball\/#breadcrumb\",\"itemListElement\":[{\"@type\":\"ListItem\",\"position\":1,\"name\":\"Home\",\"item\":\"https:\/\/lottohoy.com\/fr\/\"},{\"@type\":\"ListItem\",\"position\":2,\"name\":\"Tout sur la loterie en ligne\",\"item\":\"https:\/\/lottohoy.com\/fr\/loterie\/\"},{\"@type\":\"ListItem\",\"position\":3,\"name\":\"Informations sur le Thunderball\"}]},{\"@type\":\"WebSite\",\"@id\":\"https:\/\/lottohoy.com\/fr\/#website\",\"url\":\"https:\/\/lottohoy.com\/fr\/\",\"name\":\"Lottohoy\",\"description\":\"\",\"potentialAction\":[{\"@type\":\"SearchAction\",\"target\":{\"@type\":\"EntryPoint\",\"urlTemplate\":\"https:\/\/lottohoy.com\/fr\/?s={search_term_string}\"},\"query-input\":{\"@type\":\"PropertyValueSpecification\",\"valueRequired\":true,\"valueName\":\"search_term_string\"}}],\"inLanguage\":\"fr-FR\"}]}<\/script>\n<!-- \/ Yoast SEO plugin. -->","yoast_head_json":{"title":"Toutes les informations sur la loterie Thunderball - LottoHoy.com","description":"Prix fixes \u00e9tablis pour chacune des cat\u00e9gories de Thunderball. Une bonne option en connaissant \u00e0 l'avance les gains possibles.","robots":{"index":"index","follow":"follow","max-snippet":"max-snippet:-1","max-image-preview":"max-image-preview:large","max-video-preview":"max-video-preview:-1"},"canonical":"https:\/\/lottohoy.com\/fr\/loterie\/thunderball\/","og_locale":"fr_FR","og_type":"article","og_title":"Toutes les informations sur la loterie Thunderball - LottoHoy.com","og_description":"Prix fixes \u00e9tablis pour chacune des cat\u00e9gories de Thunderball. Une bonne option en connaissant \u00e0 l'avance les gains possibles.","og_url":"https:\/\/lottohoy.com\/fr\/loterie\/thunderball\/","og_site_name":"Lottohoy","article_modified_time":"2025-03-25T13:18:48+00:00","twitter_card":"summary_large_image","twitter_misc":{"Dur\u00e9e de lecture estim\u00e9e":"2 minutes"},"schema":{"@context":"https:\/\/schema.org","@graph":[{"@type":"WebPage","@id":"https:\/\/lottohoy.com\/fr\/loterie\/thunderball\/","url":"https:\/\/lottohoy.com\/fr\/loterie\/thunderball\/","name":"Toutes les informations sur la loterie Thunderball - LottoHoy.com","isPartOf":{"@id":"https:\/\/lottohoy.com\/fr\/#website"},"datePublished":"2020-08-10T16:42:35+00:00","dateModified":"2025-03-25T13:18:48+00:00","description":"Prix fixes \u00e9tablis pour chacune des cat\u00e9gories de Thunderball. Une bonne option en connaissant \u00e0 l'avance les gains possibles.","breadcrumb":{"@id":"https:\/\/lottohoy.com\/fr\/loterie\/thunderball\/#breadcrumb"},"inLanguage":"fr-FR","potentialAction":[{"@type":"ReadAction","target":["https:\/\/lottohoy.com\/fr\/loterie\/thunderball\/"]}]},{"@type":"BreadcrumbList","@id":"https:\/\/lottohoy.com\/fr\/loterie\/thunderball\/#breadcrumb","itemListElement":[{"@type":"ListItem","position":1,"name":"Home","item":"https:\/\/lottohoy.com\/fr\/"},{"@type":"ListItem","position":2,"name":"Tout sur la loterie en ligne","item":"https:\/\/lottohoy.com\/fr\/loterie\/"},{"@type":"ListItem","position":3,"name":"Informations sur le Thunderball"}]},{"@type":"WebSite","@id":"https:\/\/lottohoy.com\/fr\/#website","url":"https:\/\/lottohoy.com\/fr\/","name":"Lottohoy","description":"","potentialAction":[{"@type":"SearchAction","target":{"@type":"EntryPoint","urlTemplate":"https:\/\/lottohoy.com\/fr\/?s={search_term_string}"},"query-input":{"@type":"PropertyValueSpecification","valueRequired":true,"valueName":"search_term_string"}}],"inLanguage":"fr-FR"}]}},"_links":{"self":[{"href":"https:\/\/lottohoy.com\/fr\/wp-json\/wp\/v2\/pages\/6111","targetHints":{"allow":["GET"]}}],"collection":[{"href":"https:\/\/lottohoy.com\/fr\/wp-json\/wp\/v2\/pages"}],"about":[{"href":"https:\/\/lottohoy.com\/fr\/wp-json\/wp\/v2\/types\/page"}],"author":[{"embeddable":true,"href":"https:\/\/lottohoy.com\/fr\/wp-json\/wp\/v2\/users\/2"}],"replies":[{"embeddable":true,"href":"https:\/\/lottohoy.com\/fr\/wp-json\/wp\/v2\/comments?post=6111"}],"version-history":[{"count":1,"href":"https:\/\/lottohoy.com\/fr\/wp-json\/wp\/v2\/pages\/6111\/revisions"}],"predecessor-version":[{"id":10801,"href":"https:\/\/lottohoy.com\/fr\/wp-json\/wp\/v2\/pages\/6111\/revisions\/10801"}],"up":[{"embeddable":true,"href":"https:\/\/lottohoy.com\/fr\/wp-json\/wp\/v2\/pages\/4040"}],"wp:attachment":[{"href":"https:\/\/lottohoy.com\/fr\/wp-json\/wp\/v2\/media?parent=6111"}],"curies":[{"name":"wp","href":"https:\/\/api.w.org\/{rel}","templated":true}]}}