{"id":6100,"date":"2020-08-10T17:41:07","date_gmt":"2020-08-10T16:41:07","guid":{"rendered":"https:\/\/www.lottohoy.com\/?page_id=6100"},"modified":"2025-03-26T04:55:21","modified_gmt":"2025-03-26T04:55:21","slug":"thunderball","status":"publish","type":"page","link":"https:\/\/lottohoy.com\/fr\/resultats\/thunderball\/","title":{"rendered":"R\u00e9sultats de Thunderball"},"content":{"rendered":"<p><!--more--><\/p>\n<h2>Comment v\u00e9rifier les r\u00e9sultats de Thunderball ?<\/h2>\n<p>Pour voir la combinaison gagnante des tirages de la loterie Thunderball, il suffit de comparer les num\u00e9ros de la combinaison sur votre billet avec le r\u00e9sultat indiqu\u00e9 sur cette page. Vous pouvez \u00e9galement acc\u00e9der au compte d&rsquo;utilisateur, o\u00f9 tous les mouvements seront refl\u00e9t\u00e9s, y compris les prix obtenus<\/p>\n<p>Sur cette m\u00eame page, vous pouvez \u00e9galement consulter le cumul, les gagnants et les prix dans chacune des cat\u00e9gories et les tirages pr\u00e9c\u00e9dents jusqu&rsquo;\u00e0 24 mois.<\/p>\n<h2>Comment les prix sont-ils distribu\u00e9s dans la Thunderball ?<\/h2>\n<p>Thunderball est une loterie qui distribue jusqu&rsquo;\u00e0 9 cat\u00e9gories de prix. Il suffit de faire correspondre le num\u00e9ro compl\u00e9mentaire de Thunderball pour obtenir un prix, avec une chance de 36.<\/p>\n<p>Si vous \u00eates un utilisateur enregistr\u00e9, les prix obtenus sont d\u00e9pos\u00e9s directement sur votre compte d&rsquo;utilisateur, et vous pouvez avoir de l&rsquo;argent dans votre solde, afin de pouvoir jouer \u00e0 nouveau ou demander un retrait si vous le souhaitez<\/p>\n<h2>Le premier prix de Thunderball<\/h2>\n<p>Un prix fixe de 500 000 livres sterling est \u00e9tabli pour chaque gagnant de la premi\u00e8re cat\u00e9gorie.<\/p>\n<p>S&rsquo;il n&rsquo;y a pas de gagnant de premi\u00e8re cat\u00e9gorie, le prix ne sera pas cumul\u00e9, car il sera toujours du m\u00eame montant que les 500 000 \u00a3.<\/p>\n<p>Les autres cat\u00e9gories ont \u00e9galement un prix fixe pour chacun des laur\u00e9ats de cette cat\u00e9gorie<\/p>\n<h2>Quelles sont les chances de gagner un prix ?<\/h2>\n<p>Les chances de gagner le jackpot sont de 1 sur 8 060 598.<\/p>\n<p>Alors que les chances de gagner un prix sont de 1 sur 13.<\/p>\n","protected":false},"excerpt":{"rendered":"","protected":false},"author":2,"featured_media":0,"parent":4004,"menu_order":10,"comment_status":"closed","ping_status":"closed","template":"thunderball-results.php","meta":{"_et_pb_use_builder":"","_et_pb_old_content":"","_et_gb_content_width":"","exclude_from_search":false,"footnotes":""},"class_list":["post-6100","page","type-page","status-publish","hentry"],"yoast_head":"<!-- This site is optimized with the Yoast SEO plugin v23.7 - https:\/\/yoast.com\/wordpress\/plugins\/seo\/ -->\n<title>Consultez les r\u00e9sultats du tirage au sort de la Thunderball - LottoHoy.com<\/title>\n<meta name=\"description\" content=\"Consultez les r\u00e9sultats de ce dernier tirage, ainsi que ceux des tirages pr\u00e9c\u00e9dents pour savoir si vous avez eu de la chance et si vous avez gagn\u00e9 un prix\" \/>\n<meta name=\"robots\" content=\"index, follow, max-snippet:-1, max-image-preview:large, max-video-preview:-1\" \/>\n<link rel=\"canonical\" href=\"https:\/\/lottohoy.com\/fr\/resultats\/thunderball\/\" \/>\n<meta property=\"og:locale\" content=\"fr_FR\" \/>\n<meta property=\"og:type\" content=\"article\" \/>\n<meta property=\"og:title\" content=\"Consultez les r\u00e9sultats du tirage au sort de la Thunderball - LottoHoy.com\" \/>\n<meta property=\"og:description\" content=\"Consultez les r\u00e9sultats de ce dernier tirage, ainsi que ceux des tirages pr\u00e9c\u00e9dents pour savoir si vous avez eu de la chance et si vous avez gagn\u00e9 un prix\" \/>\n<meta property=\"og:url\" content=\"https:\/\/lottohoy.com\/fr\/resultats\/thunderball\/\" \/>\n<meta property=\"og:site_name\" content=\"Lottohoy\" \/>\n<meta property=\"article:modified_time\" content=\"2025-03-26T04:55:21+00:00\" \/>\n<meta name=\"twitter:card\" content=\"summary_large_image\" \/>\n<meta name=\"twitter:label1\" content=\"Dur\u00e9e de lecture estim\u00e9e\" \/>\n\t<meta name=\"twitter:data1\" content=\"2 minutes\" \/>\n<script type=\"application\/ld+json\" class=\"yoast-schema-graph\">{\"@context\":\"https:\/\/schema.org\",\"@graph\":[{\"@type\":\"WebPage\",\"@id\":\"https:\/\/lottohoy.com\/fr\/resultats\/thunderball\/\",\"url\":\"https:\/\/lottohoy.com\/fr\/resultats\/thunderball\/\",\"name\":\"Consultez les r\u00e9sultats du tirage au sort de la Thunderball - LottoHoy.com\",\"isPartOf\":{\"@id\":\"https:\/\/lottohoy.com\/fr\/#website\"},\"datePublished\":\"2020-08-10T16:41:07+00:00\",\"dateModified\":\"2025-03-26T04:55:21+00:00\",\"description\":\"Consultez les r\u00e9sultats de ce dernier tirage, ainsi que ceux des tirages pr\u00e9c\u00e9dents pour savoir si vous avez eu de la chance et si vous avez gagn\u00e9 un prix\",\"breadcrumb\":{\"@id\":\"https:\/\/lottohoy.com\/fr\/resultats\/thunderball\/#breadcrumb\"},\"inLanguage\":\"fr-FR\",\"potentialAction\":[{\"@type\":\"ReadAction\",\"target\":[\"https:\/\/lottohoy.com\/fr\/resultats\/thunderball\/\"]}]},{\"@type\":\"BreadcrumbList\",\"@id\":\"https:\/\/lottohoy.com\/fr\/resultats\/thunderball\/#breadcrumb\",\"itemListElement\":[{\"@type\":\"ListItem\",\"position\":1,\"name\":\"Home\",\"item\":\"https:\/\/lottohoy.com\/fr\/\"},{\"@type\":\"ListItem\",\"position\":2,\"name\":\"R\u00e9sultats du loto en ligne\",\"item\":\"https:\/\/lottohoy.com\/fr\/resultats\/\"},{\"@type\":\"ListItem\",\"position\":3,\"name\":\"R\u00e9sultats de Thunderball\"}]},{\"@type\":\"WebSite\",\"@id\":\"https:\/\/lottohoy.com\/fr\/#website\",\"url\":\"https:\/\/lottohoy.com\/fr\/\",\"name\":\"Lottohoy\",\"description\":\"\",\"potentialAction\":[{\"@type\":\"SearchAction\",\"target\":{\"@type\":\"EntryPoint\",\"urlTemplate\":\"https:\/\/lottohoy.com\/fr\/?s={search_term_string}\"},\"query-input\":{\"@type\":\"PropertyValueSpecification\",\"valueRequired\":true,\"valueName\":\"search_term_string\"}}],\"inLanguage\":\"fr-FR\"}]}<\/script>\n<!-- \/ Yoast SEO plugin. -->","yoast_head_json":{"title":"Consultez les r\u00e9sultats du tirage au sort de la Thunderball - LottoHoy.com","description":"Consultez les r\u00e9sultats de ce dernier tirage, ainsi que ceux des tirages pr\u00e9c\u00e9dents pour savoir si vous avez eu de la chance et si vous avez gagn\u00e9 un prix","robots":{"index":"index","follow":"follow","max-snippet":"max-snippet:-1","max-image-preview":"max-image-preview:large","max-video-preview":"max-video-preview:-1"},"canonical":"https:\/\/lottohoy.com\/fr\/resultats\/thunderball\/","og_locale":"fr_FR","og_type":"article","og_title":"Consultez les r\u00e9sultats du tirage au sort de la Thunderball - LottoHoy.com","og_description":"Consultez les r\u00e9sultats de ce dernier tirage, ainsi que ceux des tirages pr\u00e9c\u00e9dents pour savoir si vous avez eu de la chance et si vous avez gagn\u00e9 un prix","og_url":"https:\/\/lottohoy.com\/fr\/resultats\/thunderball\/","og_site_name":"Lottohoy","article_modified_time":"2025-03-26T04:55:21+00:00","twitter_card":"summary_large_image","twitter_misc":{"Dur\u00e9e de lecture estim\u00e9e":"2 minutes"},"schema":{"@context":"https:\/\/schema.org","@graph":[{"@type":"WebPage","@id":"https:\/\/lottohoy.com\/fr\/resultats\/thunderball\/","url":"https:\/\/lottohoy.com\/fr\/resultats\/thunderball\/","name":"Consultez les r\u00e9sultats du tirage au sort de la Thunderball - LottoHoy.com","isPartOf":{"@id":"https:\/\/lottohoy.com\/fr\/#website"},"datePublished":"2020-08-10T16:41:07+00:00","dateModified":"2025-03-26T04:55:21+00:00","description":"Consultez les r\u00e9sultats de ce dernier tirage, ainsi que ceux des tirages pr\u00e9c\u00e9dents pour savoir si vous avez eu de la chance et si vous avez gagn\u00e9 un prix","breadcrumb":{"@id":"https:\/\/lottohoy.com\/fr\/resultats\/thunderball\/#breadcrumb"},"inLanguage":"fr-FR","potentialAction":[{"@type":"ReadAction","target":["https:\/\/lottohoy.com\/fr\/resultats\/thunderball\/"]}]},{"@type":"BreadcrumbList","@id":"https:\/\/lottohoy.com\/fr\/resultats\/thunderball\/#breadcrumb","itemListElement":[{"@type":"ListItem","position":1,"name":"Home","item":"https:\/\/lottohoy.com\/fr\/"},{"@type":"ListItem","position":2,"name":"R\u00e9sultats du loto en ligne","item":"https:\/\/lottohoy.com\/fr\/resultats\/"},{"@type":"ListItem","position":3,"name":"R\u00e9sultats de Thunderball"}]},{"@type":"WebSite","@id":"https:\/\/lottohoy.com\/fr\/#website","url":"https:\/\/lottohoy.com\/fr\/","name":"Lottohoy","description":"","potentialAction":[{"@type":"SearchAction","target":{"@type":"EntryPoint","urlTemplate":"https:\/\/lottohoy.com\/fr\/?s={search_term_string}"},"query-input":{"@type":"PropertyValueSpecification","valueRequired":true,"valueName":"search_term_string"}}],"inLanguage":"fr-FR"}]}},"_links":{"self":[{"href":"https:\/\/lottohoy.com\/fr\/wp-json\/wp\/v2\/pages\/6100","targetHints":{"allow":["GET"]}}],"collection":[{"href":"https:\/\/lottohoy.com\/fr\/wp-json\/wp\/v2\/pages"}],"about":[{"href":"https:\/\/lottohoy.com\/fr\/wp-json\/wp\/v2\/types\/page"}],"author":[{"embeddable":true,"href":"https:\/\/lottohoy.com\/fr\/wp-json\/wp\/v2\/users\/2"}],"replies":[{"embeddable":true,"href":"https:\/\/lottohoy.com\/fr\/wp-json\/wp\/v2\/comments?post=6100"}],"version-history":[{"count":1,"href":"https:\/\/lottohoy.com\/fr\/wp-json\/wp\/v2\/pages\/6100\/revisions"}],"predecessor-version":[{"id":10752,"href":"https:\/\/lottohoy.com\/fr\/wp-json\/wp\/v2\/pages\/6100\/revisions\/10752"}],"up":[{"embeddable":true,"href":"https:\/\/lottohoy.com\/fr\/wp-json\/wp\/v2\/pages\/4004"}],"wp:attachment":[{"href":"https:\/\/lottohoy.com\/fr\/wp-json\/wp\/v2\/media?parent=6100"}],"curies":[{"name":"wp","href":"https:\/\/api.w.org\/{rel}","templated":true}]}}