{"id":6085,"date":"2020-08-10T17:04:41","date_gmt":"2020-08-10T16:04:41","guid":{"rendered":"https:\/\/www.lottohoy.com\/?page_id=6085"},"modified":"2025-02-11T16:47:29","modified_gmt":"2025-02-11T16:47:29","slug":"set-for-life-uk","status":"publish","type":"page","link":"https:\/\/lottohoy.com\/fr\/jouer\/set-for-life-uk\/","title":{"rendered":"Jouer \u00e0 Set for Life (UK)"},"content":{"rendered":"<h2>Play Set for Life (UK)<\/h2>\n<p>Set for Life est une loterie de la Loterie nationale, g\u00e9r\u00e9e par Camelot et offrant la possibilit\u00e9 de gagner 10 000 \u00a3 par mois pendant 30 ans aux meilleurs joueurs. Toutefois, pour les joueurs non britanniques, Camelot fournira une alternative en esp\u00e8ces totale \u00e9quivalente \u00e0 ce que vous auriez d\u00fb payer en annuit\u00e9s ou au montant accumul\u00e9 pour ce tirage dans votre premi\u00e8re cat\u00e9gorie<br \/>\nLa fa\u00e7on de jouer est tr\u00e8s simple, les joueurs doivent choisir dans un tableau compos\u00e9 de 47 cases, num\u00e9rot\u00e9es de 1 \u00e0 47, les 5 num\u00e9ros de la combinaison principale, plus un num\u00e9ro de bonus sp\u00e9cial appel\u00e9 Life Ball dans une liste num\u00e9rot\u00e9e de 1 \u00e0 10<\/p>\n<h2>Comment jouer \u00e0 Set for Life (UK) en ligne ?<\/h2>\n<p>Jouer \u00e0 Set for Life (UK) en ligne est vraiment facile, il suffit de cr\u00e9er un compte utilisateur sur LottoHoy pour pouvoir acc\u00e9der \u00e0 toutes les informations sur les collectes, les paiements, les abonnements, les billets achet\u00e9s, les statistiques, etc.<br \/>\nSur la page du jeu, il y a cinq colonnes de paris (aussi appel\u00e9es lignes), chacune des 5 colonnes a des cases num\u00e9rot\u00e9es de 1 \u00e0 47 comme chiffres principaux, et choisissez un autre chiffre en bas de la colonne avec les cercles num\u00e9rot\u00e9s de 1 \u00e0 10) et<br \/>\nVous pouvez remplir autant de colonnes ou de lignes de paris que vous le souhaitez. En cliquant sur la case \u00ab\u00a0plus de lignes\u00a0\u00bb, cinq autres colonnes apparaissent et ainsi de suite jusqu&rsquo;\u00e0 ce que vous le vouliez. Chaque colonne fait r\u00e9f\u00e9rence \u00e0 un seul pari dont le prix est de 4 euros, en fonction du taux de change avec la livre sterling<br \/>\nLe syst\u00e8me vous permet de remplir ces cases manuellement ou au moyen de la case de s\u00e9lection rapide, qui appara\u00eet au-dessus de chaque tableau, de laisser le syst\u00e8me lui-m\u00eame choisir de mani\u00e8re al\u00e9atoire la combinaison de notre pari.<br \/>\nUne fois que la s\u00e9lection des num\u00e9ros dans une ou plusieurs colonnes a \u00e9t\u00e9 faite, allez \u00e0 la case CONTINUER, et proc\u00e9dez au paiement de celle-ci. C&rsquo;est aussi simple que cela.<\/p>\n<h2>Quels sont les prix d\u00e9cern\u00e9s par Set for Life (UK) ?<\/h2>\n<p>Set for Life (Royaume-Uni) compte huit (8) cat\u00e9gories de prix diff\u00e9rentes. Pour gagner le premier prix, vous devez faire correspondre les cinq premiers num\u00e9ros et le Life Ball.<br \/>\nIl existe huit cat\u00e9gories pour les r\u00e9sultats de Set for Life (UK)<br \/>\n&#8211; Premi\u00e8re cat\u00e9gorie : Pour les 5 num\u00e9ros + Life Ball<br \/>\n&#8211; Deuxi\u00e8me cat\u00e9gorie : 5 plans principaux combin\u00e9s<br \/>\n&#8211; Troisi\u00e8me cat\u00e9gorie : 4 combinaisons de coups + Life Ball<br \/>\n&#8211; Quatri\u00e8me cat\u00e9gorie : 4 coups de la combinaison.<br \/>\n&#8211; Cinqui\u00e8me cat\u00e9gorie : 3 combinaisons de coups + Life Ball<br \/>\n&#8211; Sixi\u00e8me cat\u00e9gorie : 3 combinaisons principales de coups<br \/>\n&#8211; Septi\u00e8me cat\u00e9gorie : 2 coups + Life Ball<br \/>\n&#8211; Huiti\u00e8me cat\u00e9gorie : 2 r\u00e9sultats<\/p>\n<h2>Quand le jeu Set for Life (UK) est-il tir\u00e9 au sort ?<\/h2>\n<p>Les tirages de la loterie Set for Life (UK) ont g\u00e9n\u00e9ralement lieu chaque lundi et jeudi, \u00e0 20h00 GMT<br \/>\nPour la vente en ligne, l&rsquo;admission des achats est ferm\u00e9e 2 heures avant la c\u00e9l\u00e9bration des tirages, pour des raisons administratives et de s\u00e9curit\u00e9.<\/p>\n<h2>Combien co\u00fbte le jeu Set for Life (UK) ?<\/h2>\n<p>Le prix de chaque billet de Set for Life (UK) sur LottoHoy commence \u00e0 4 \u20acet comprend tous les co\u00fbts de traitement et de gestion des achats par l&rsquo;interm\u00e9diaire de vendeurs officiels et\/ou similaires.<\/p>\n","protected":false},"excerpt":{"rendered":"<p>Play Set for Life (UK) Set for Life est une loterie de la Loterie nationale, g\u00e9r\u00e9e par Camelot et offrant la possibilit\u00e9 de gagner 10 000 \u00a3 par mois pendant 30 ans aux meilleurs joueurs. Toutefois, pour les joueurs non britanniques, Camelot fournira une alternative en esp\u00e8ces totale \u00e9quivalente \u00e0 ce que vous auriez d\u00fb [&hellip;]<\/p>\n","protected":false},"author":2,"featured_media":0,"parent":4072,"menu_order":11,"comment_status":"closed","ping_status":"closed","template":"set-for-life.php","meta":{"_et_pb_use_builder":"","_et_pb_old_content":"","_et_gb_content_width":"","exclude_from_search":false,"footnotes":""},"class_list":["post-6085","page","type-page","status-publish","hentry"],"yoast_head":"<!-- This site is optimized with the Yoast SEO plugin v23.7 - https:\/\/yoast.com\/wordpress\/plugins\/seo\/ -->\n<title>Jouez \u00e0 la loterie Set For Life (UK) - LottoHoy.com<\/title>\n<meta name=\"description\" content=\"Vous pouvez facilement s\u00e9lectionner et jouer \u00e0 Set for Life (UK) en ligne \u00e0 tous les tirages que vous voulez, sans manquer\" \/>\n<meta name=\"robots\" content=\"index, follow, max-snippet:-1, max-image-preview:large, max-video-preview:-1\" \/>\n<link rel=\"canonical\" href=\"https:\/\/lottohoy.com\/fr\/jouer\/set-for-life-uk\/\" \/>\n<meta property=\"og:locale\" content=\"fr_FR\" \/>\n<meta property=\"og:type\" content=\"article\" \/>\n<meta property=\"og:title\" content=\"Jouez \u00e0 la loterie Set For Life (UK) - LottoHoy.com\" \/>\n<meta property=\"og:description\" content=\"Vous pouvez facilement s\u00e9lectionner et jouer \u00e0 Set for Life (UK) en ligne \u00e0 tous les tirages que vous voulez, sans manquer\" \/>\n<meta property=\"og:url\" content=\"https:\/\/lottohoy.com\/fr\/jouer\/set-for-life-uk\/\" \/>\n<meta property=\"og:site_name\" content=\"Lottohoy\" \/>\n<meta property=\"article:modified_time\" content=\"2025-02-11T16:47:29+00:00\" \/>\n<meta name=\"twitter:card\" content=\"summary_large_image\" \/>\n<meta name=\"twitter:label1\" content=\"Dur\u00e9e de lecture estim\u00e9e\" \/>\n\t<meta name=\"twitter:data1\" content=\"3 minutes\" \/>\n<script type=\"application\/ld+json\" class=\"yoast-schema-graph\">{\"@context\":\"https:\/\/schema.org\",\"@graph\":[{\"@type\":\"WebPage\",\"@id\":\"https:\/\/lottohoy.com\/fr\/jouer\/set-for-life-uk\/\",\"url\":\"https:\/\/lottohoy.com\/fr\/jouer\/set-for-life-uk\/\",\"name\":\"Jouez \u00e0 la loterie Set For Life (UK) - LottoHoy.com\",\"isPartOf\":{\"@id\":\"https:\/\/lottohoy.com\/fr\/#website\"},\"datePublished\":\"2020-08-10T16:04:41+00:00\",\"dateModified\":\"2025-02-11T16:47:29+00:00\",\"description\":\"Vous pouvez facilement s\u00e9lectionner et jouer \u00e0 Set for Life (UK) en ligne \u00e0 tous les tirages que vous voulez, sans manquer\",\"breadcrumb\":{\"@id\":\"https:\/\/lottohoy.com\/fr\/jouer\/set-for-life-uk\/#breadcrumb\"},\"inLanguage\":\"fr-FR\",\"potentialAction\":[{\"@type\":\"ReadAction\",\"target\":[\"https:\/\/lottohoy.com\/fr\/jouer\/set-for-life-uk\/\"]}]},{\"@type\":\"BreadcrumbList\",\"@id\":\"https:\/\/lottohoy.com\/fr\/jouer\/set-for-life-uk\/#breadcrumb\",\"itemListElement\":[{\"@type\":\"ListItem\",\"position\":1,\"name\":\"Home\",\"item\":\"https:\/\/lottohoy.com\/fr\/\"},{\"@type\":\"ListItem\",\"position\":2,\"name\":\"Jouez la loterie en ligne\",\"item\":\"https:\/\/lottohoy.com\/fr\/jouer\/\"},{\"@type\":\"ListItem\",\"position\":3,\"name\":\"Jouer \u00e0 Set for Life (UK)\"}]},{\"@type\":\"WebSite\",\"@id\":\"https:\/\/lottohoy.com\/fr\/#website\",\"url\":\"https:\/\/lottohoy.com\/fr\/\",\"name\":\"Lottohoy\",\"description\":\"\",\"potentialAction\":[{\"@type\":\"SearchAction\",\"target\":{\"@type\":\"EntryPoint\",\"urlTemplate\":\"https:\/\/lottohoy.com\/fr\/?s={search_term_string}\"},\"query-input\":{\"@type\":\"PropertyValueSpecification\",\"valueRequired\":true,\"valueName\":\"search_term_string\"}}],\"inLanguage\":\"fr-FR\"}]}<\/script>\n<!-- \/ Yoast SEO plugin. -->","yoast_head_json":{"title":"Jouez \u00e0 la loterie Set For Life (UK) - LottoHoy.com","description":"Vous pouvez facilement s\u00e9lectionner et jouer \u00e0 Set for Life (UK) en ligne \u00e0 tous les tirages que vous voulez, sans manquer","robots":{"index":"index","follow":"follow","max-snippet":"max-snippet:-1","max-image-preview":"max-image-preview:large","max-video-preview":"max-video-preview:-1"},"canonical":"https:\/\/lottohoy.com\/fr\/jouer\/set-for-life-uk\/","og_locale":"fr_FR","og_type":"article","og_title":"Jouez \u00e0 la loterie Set For Life (UK) - LottoHoy.com","og_description":"Vous pouvez facilement s\u00e9lectionner et jouer \u00e0 Set for Life (UK) en ligne \u00e0 tous les tirages que vous voulez, sans manquer","og_url":"https:\/\/lottohoy.com\/fr\/jouer\/set-for-life-uk\/","og_site_name":"Lottohoy","article_modified_time":"2025-02-11T16:47:29+00:00","twitter_card":"summary_large_image","twitter_misc":{"Dur\u00e9e de lecture estim\u00e9e":"3 minutes"},"schema":{"@context":"https:\/\/schema.org","@graph":[{"@type":"WebPage","@id":"https:\/\/lottohoy.com\/fr\/jouer\/set-for-life-uk\/","url":"https:\/\/lottohoy.com\/fr\/jouer\/set-for-life-uk\/","name":"Jouez \u00e0 la loterie Set For Life (UK) - LottoHoy.com","isPartOf":{"@id":"https:\/\/lottohoy.com\/fr\/#website"},"datePublished":"2020-08-10T16:04:41+00:00","dateModified":"2025-02-11T16:47:29+00:00","description":"Vous pouvez facilement s\u00e9lectionner et jouer \u00e0 Set for Life (UK) en ligne \u00e0 tous les tirages que vous voulez, sans manquer","breadcrumb":{"@id":"https:\/\/lottohoy.com\/fr\/jouer\/set-for-life-uk\/#breadcrumb"},"inLanguage":"fr-FR","potentialAction":[{"@type":"ReadAction","target":["https:\/\/lottohoy.com\/fr\/jouer\/set-for-life-uk\/"]}]},{"@type":"BreadcrumbList","@id":"https:\/\/lottohoy.com\/fr\/jouer\/set-for-life-uk\/#breadcrumb","itemListElement":[{"@type":"ListItem","position":1,"name":"Home","item":"https:\/\/lottohoy.com\/fr\/"},{"@type":"ListItem","position":2,"name":"Jouez la loterie en ligne","item":"https:\/\/lottohoy.com\/fr\/jouer\/"},{"@type":"ListItem","position":3,"name":"Jouer \u00e0 Set for Life (UK)"}]},{"@type":"WebSite","@id":"https:\/\/lottohoy.com\/fr\/#website","url":"https:\/\/lottohoy.com\/fr\/","name":"Lottohoy","description":"","potentialAction":[{"@type":"SearchAction","target":{"@type":"EntryPoint","urlTemplate":"https:\/\/lottohoy.com\/fr\/?s={search_term_string}"},"query-input":{"@type":"PropertyValueSpecification","valueRequired":true,"valueName":"search_term_string"}}],"inLanguage":"fr-FR"}]}},"_links":{"self":[{"href":"https:\/\/lottohoy.com\/fr\/wp-json\/wp\/v2\/pages\/6085","targetHints":{"allow":["GET"]}}],"collection":[{"href":"https:\/\/lottohoy.com\/fr\/wp-json\/wp\/v2\/pages"}],"about":[{"href":"https:\/\/lottohoy.com\/fr\/wp-json\/wp\/v2\/types\/page"}],"author":[{"embeddable":true,"href":"https:\/\/lottohoy.com\/fr\/wp-json\/wp\/v2\/users\/2"}],"replies":[{"embeddable":true,"href":"https:\/\/lottohoy.com\/fr\/wp-json\/wp\/v2\/comments?post=6085"}],"version-history":[{"count":2,"href":"https:\/\/lottohoy.com\/fr\/wp-json\/wp\/v2\/pages\/6085\/revisions"}],"predecessor-version":[{"id":14625,"href":"https:\/\/lottohoy.com\/fr\/wp-json\/wp\/v2\/pages\/6085\/revisions\/14625"}],"up":[{"embeddable":true,"href":"https:\/\/lottohoy.com\/fr\/wp-json\/wp\/v2\/pages\/4072"}],"wp:attachment":[{"href":"https:\/\/lottohoy.com\/fr\/wp-json\/wp\/v2\/media?parent=6085"}],"curies":[{"name":"wp","href":"https:\/\/api.w.org\/{rel}","templated":true}]}}