{"id":6077,"date":"2020-08-10T17:08:14","date_gmt":"2020-08-10T16:08:14","guid":{"rendered":"https:\/\/www.lottohoy.com\/?page_id=6077"},"modified":"2025-03-25T13:27:58","modified_gmt":"2025-03-25T13:27:58","slug":"set-for-life-uk","status":"publish","type":"page","link":"https:\/\/lottohoy.com\/fr\/loterie\/set-for-life-uk\/","title":{"rendered":"Set for Life (UK) Information"},"content":{"rendered":"<h2>La loterie Set for Life (UK) du The National Lottery<\/h2>\n<p>\u00c0 la recherche d&rsquo;un moyen diff\u00e9rent de r\u00e9compenser les joueurs de la loterie nationale du Royaume-Uni, le jeu Set for Life a \u00e9t\u00e9 cr\u00e9\u00e9, \u00e9galement appel\u00e9 \u00ab\u00a0annuit\u00e9s\u00a0\u00bb, qui a \u00e9tabli comme principal attrait les paiements pour la premi\u00e8re et la deuxi\u00e8me cat\u00e9gorie de prix, de sorte que les gagnants recevraient chaque mois un paiement d&rsquo;un montant consid\u00e9rable.<\/p>\n<p>Pour la premi\u00e8re cat\u00e9gorie, un paiement de 10 000 \u00a3 par mois pendant 30 ans a \u00e9t\u00e9 \u00e9tabli pour chacun des quatre gagnants possibles, et s&rsquo;il y avait plus de gagnants dans la premi\u00e8re cat\u00e9gorie, le prix maximum de 80 000 \u00a3 par mois serait r\u00e9parti proportionnellement entre les gagnants de la premi\u00e8re cat\u00e9gorie.<\/p>\n<p>Dans le cas de la deuxi\u00e8me cat\u00e9gorie, le prix consistait en un paiement de 10 000 livres sterling par mois pendant une ann\u00e9e enti\u00e8re. Il y a une limite de 2 000 000 de livres sterling \u00e0 distribuer si plus de quatre personnes r\u00e9ussissent dans cette cat\u00e9gorie<\/p>\n<p>Vous pouvez \u00e9galement demander un paiement unique. Les non-r\u00e9sidents du Royaume-Uni ne peuvent acc\u00e9der au prix que sous la forme d&rsquo;une somme forfaitaire.<\/p>\n<p>Les tirages de la loterie \u00ab\u00a0Set for Life\u00a0\u00bb ont lieu chaque lundi et jeudi \u00e0 20h00. GMT<\/p>\n<h2>Avantages de jouer \u00e0 Set for Life UK en ligne<\/h2>\n<p>&#8211; L&rsquo;un des grands avantages de jouer au Set for Life UK est la commodit\u00e9 de pouvoir le faire \u00e0 toute heure du jour ou de la nuit, 24 heures sur 24, 7 jours sur 7, 365 jours par an. Simplement en ayant un appareil mobile, une tablette ou un ordinateur de bureau, et ce, de n&rsquo;importe o\u00f9 dans le monde.<br \/>\n&#8211; Les non-r\u00e9sidents du Royaume-Uni, par le biais de plateformes en ligne telles que LottoHoy.com, ont une r\u00e9elle chance d&rsquo;acc\u00e9der \u00e0 cette juteuse loterie et \u00e0 ses gros jackpots.<br \/>\n&#8211; Le billet est achet\u00e9 directement aupr\u00e8s de l&rsquo;\u00e9tablissement autoris\u00e9 et la participation est donc r\u00e9elle.<br \/>\n&#8211; Les prix gagn\u00e9s sont attribu\u00e9s instantan\u00e9ment, jusqu&rsquo;\u00e0 2500 euros, apr\u00e8s la publication des r\u00e9sultats officiels<br \/>\n&#8211; Il existe \u00e9galement une banque d&rsquo;informations sur toutes les op\u00e9rations effectu\u00e9es, la garde des billets achet\u00e9s, ce qui permet d&rsquo;\u00e9viter les pertes ou oublis \u00e9ventuels.<br \/>\n&#8211; Des informations opportunes sur tous les bateaux au fur et \u00e0 mesure qu&rsquo;ils s&rsquo;accumulent afin de ne pas manquer l&rsquo;occasion d&rsquo;y participer.<br \/>\n&#8211; Une grande vari\u00e9t\u00e9 de m\u00e9thodes de paiement, de d\u00e9p\u00f4ts et de retraits.<\/p>\n<p>Possibilit\u00e9s de prix \u00e0 Set for Life (Royaume-Uni)<\/p>\n<p>Les chances de r\u00e9ussir la combinaison de la premi\u00e8re cat\u00e9gorie sont d&rsquo;environ 1 sur 15 millions<\/p>\n<p>Alors que les chances de succ\u00e8s pour la deuxi\u00e8me cat\u00e9gorie sont d&rsquo;environ 1 sur 1,7 million.<\/p>\n<p>Pour obtenir l&rsquo;un des prix offerts par Set for Life, il y a une probabilit\u00e9 de 1 sur 12, approximativement.<\/p>\n<p><!--more--><\/p>\n","protected":false},"excerpt":{"rendered":"<p>La loterie Set for Life (UK) du The National Lottery \u00c0 la recherche d&rsquo;un moyen diff\u00e9rent de r\u00e9compenser les joueurs de la loterie nationale du Royaume-Uni, le jeu Set for Life a \u00e9t\u00e9 cr\u00e9\u00e9, \u00e9galement appel\u00e9 \u00ab\u00a0annuit\u00e9s\u00a0\u00bb, qui a \u00e9tabli comme principal attrait les paiements pour la premi\u00e8re et la deuxi\u00e8me cat\u00e9gorie de prix, de [&hellip;]<\/p>\n","protected":false},"author":2,"featured_media":0,"parent":4040,"menu_order":11,"comment_status":"closed","ping_status":"closed","template":"set-for-life-info.php","meta":{"_et_pb_use_builder":"","_et_pb_old_content":"","_et_gb_content_width":"","exclude_from_search":false,"footnotes":""},"class_list":["post-6077","page","type-page","status-publish","hentry"],"yoast_head":"<!-- This site is optimized with the Yoast SEO plugin v23.7 - https:\/\/yoast.com\/wordpress\/plugins\/seo\/ -->\n<title>Toutes les informations sur la loterie Set for Life (UK) - LottoHoy.com<\/title>\n<meta name=\"description\" content=\"Le jackpot peut \u00eatre per\u00e7u par des versements de 20 000 \u20ac\/mois pendant 30 ans. Voir les informations sur Set for Life (UK)\" \/>\n<meta name=\"robots\" content=\"index, follow, max-snippet:-1, max-image-preview:large, max-video-preview:-1\" \/>\n<link rel=\"canonical\" href=\"https:\/\/lottohoy.com\/fr\/loterie\/set-for-life-uk\/\" \/>\n<meta property=\"og:locale\" content=\"fr_FR\" \/>\n<meta property=\"og:type\" content=\"article\" \/>\n<meta property=\"og:title\" content=\"Toutes les informations sur la loterie Set for Life (UK) - LottoHoy.com\" \/>\n<meta property=\"og:description\" content=\"Le jackpot peut \u00eatre per\u00e7u par des versements de 20 000 \u20ac\/mois pendant 30 ans. Voir les informations sur Set for Life (UK)\" \/>\n<meta property=\"og:url\" content=\"https:\/\/lottohoy.com\/fr\/loterie\/set-for-life-uk\/\" \/>\n<meta property=\"og:site_name\" content=\"Lottohoy\" \/>\n<meta property=\"article:modified_time\" content=\"2025-03-25T13:27:58+00:00\" \/>\n<meta name=\"twitter:card\" content=\"summary_large_image\" \/>\n<meta name=\"twitter:label1\" content=\"Dur\u00e9e de lecture estim\u00e9e\" \/>\n\t<meta name=\"twitter:data1\" content=\"2 minutes\" \/>\n<script type=\"application\/ld+json\" class=\"yoast-schema-graph\">{\"@context\":\"https:\/\/schema.org\",\"@graph\":[{\"@type\":\"WebPage\",\"@id\":\"https:\/\/lottohoy.com\/fr\/loterie\/set-for-life-uk\/\",\"url\":\"https:\/\/lottohoy.com\/fr\/loterie\/set-for-life-uk\/\",\"name\":\"Toutes les informations sur la loterie Set for Life (UK) - LottoHoy.com\",\"isPartOf\":{\"@id\":\"https:\/\/lottohoy.com\/fr\/#website\"},\"datePublished\":\"2020-08-10T16:08:14+00:00\",\"dateModified\":\"2025-03-25T13:27:58+00:00\",\"description\":\"Le jackpot peut \u00eatre per\u00e7u par des versements de 20 000 \u20ac\/mois pendant 30 ans. Voir les informations sur Set for Life (UK)\",\"breadcrumb\":{\"@id\":\"https:\/\/lottohoy.com\/fr\/loterie\/set-for-life-uk\/#breadcrumb\"},\"inLanguage\":\"fr-FR\",\"potentialAction\":[{\"@type\":\"ReadAction\",\"target\":[\"https:\/\/lottohoy.com\/fr\/loterie\/set-for-life-uk\/\"]}]},{\"@type\":\"BreadcrumbList\",\"@id\":\"https:\/\/lottohoy.com\/fr\/loterie\/set-for-life-uk\/#breadcrumb\",\"itemListElement\":[{\"@type\":\"ListItem\",\"position\":1,\"name\":\"Home\",\"item\":\"https:\/\/lottohoy.com\/fr\/\"},{\"@type\":\"ListItem\",\"position\":2,\"name\":\"Tout sur la loterie en ligne\",\"item\":\"https:\/\/lottohoy.com\/fr\/loterie\/\"},{\"@type\":\"ListItem\",\"position\":3,\"name\":\"Set for Life (UK) Information\"}]},{\"@type\":\"WebSite\",\"@id\":\"https:\/\/lottohoy.com\/fr\/#website\",\"url\":\"https:\/\/lottohoy.com\/fr\/\",\"name\":\"Lottohoy\",\"description\":\"\",\"potentialAction\":[{\"@type\":\"SearchAction\",\"target\":{\"@type\":\"EntryPoint\",\"urlTemplate\":\"https:\/\/lottohoy.com\/fr\/?s={search_term_string}\"},\"query-input\":{\"@type\":\"PropertyValueSpecification\",\"valueRequired\":true,\"valueName\":\"search_term_string\"}}],\"inLanguage\":\"fr-FR\"}]}<\/script>\n<!-- \/ Yoast SEO plugin. -->","yoast_head_json":{"title":"Toutes les informations sur la loterie Set for Life (UK) - LottoHoy.com","description":"Le jackpot peut \u00eatre per\u00e7u par des versements de 20 000 \u20ac\/mois pendant 30 ans. Voir les informations sur Set for Life (UK)","robots":{"index":"index","follow":"follow","max-snippet":"max-snippet:-1","max-image-preview":"max-image-preview:large","max-video-preview":"max-video-preview:-1"},"canonical":"https:\/\/lottohoy.com\/fr\/loterie\/set-for-life-uk\/","og_locale":"fr_FR","og_type":"article","og_title":"Toutes les informations sur la loterie Set for Life (UK) - LottoHoy.com","og_description":"Le jackpot peut \u00eatre per\u00e7u par des versements de 20 000 \u20ac\/mois pendant 30 ans. Voir les informations sur Set for Life (UK)","og_url":"https:\/\/lottohoy.com\/fr\/loterie\/set-for-life-uk\/","og_site_name":"Lottohoy","article_modified_time":"2025-03-25T13:27:58+00:00","twitter_card":"summary_large_image","twitter_misc":{"Dur\u00e9e de lecture estim\u00e9e":"2 minutes"},"schema":{"@context":"https:\/\/schema.org","@graph":[{"@type":"WebPage","@id":"https:\/\/lottohoy.com\/fr\/loterie\/set-for-life-uk\/","url":"https:\/\/lottohoy.com\/fr\/loterie\/set-for-life-uk\/","name":"Toutes les informations sur la loterie Set for Life (UK) - LottoHoy.com","isPartOf":{"@id":"https:\/\/lottohoy.com\/fr\/#website"},"datePublished":"2020-08-10T16:08:14+00:00","dateModified":"2025-03-25T13:27:58+00:00","description":"Le jackpot peut \u00eatre per\u00e7u par des versements de 20 000 \u20ac\/mois pendant 30 ans. Voir les informations sur Set for Life (UK)","breadcrumb":{"@id":"https:\/\/lottohoy.com\/fr\/loterie\/set-for-life-uk\/#breadcrumb"},"inLanguage":"fr-FR","potentialAction":[{"@type":"ReadAction","target":["https:\/\/lottohoy.com\/fr\/loterie\/set-for-life-uk\/"]}]},{"@type":"BreadcrumbList","@id":"https:\/\/lottohoy.com\/fr\/loterie\/set-for-life-uk\/#breadcrumb","itemListElement":[{"@type":"ListItem","position":1,"name":"Home","item":"https:\/\/lottohoy.com\/fr\/"},{"@type":"ListItem","position":2,"name":"Tout sur la loterie en ligne","item":"https:\/\/lottohoy.com\/fr\/loterie\/"},{"@type":"ListItem","position":3,"name":"Set for Life (UK) Information"}]},{"@type":"WebSite","@id":"https:\/\/lottohoy.com\/fr\/#website","url":"https:\/\/lottohoy.com\/fr\/","name":"Lottohoy","description":"","potentialAction":[{"@type":"SearchAction","target":{"@type":"EntryPoint","urlTemplate":"https:\/\/lottohoy.com\/fr\/?s={search_term_string}"},"query-input":{"@type":"PropertyValueSpecification","valueRequired":true,"valueName":"search_term_string"}}],"inLanguage":"fr-FR"}]}},"_links":{"self":[{"href":"https:\/\/lottohoy.com\/fr\/wp-json\/wp\/v2\/pages\/6077","targetHints":{"allow":["GET"]}}],"collection":[{"href":"https:\/\/lottohoy.com\/fr\/wp-json\/wp\/v2\/pages"}],"about":[{"href":"https:\/\/lottohoy.com\/fr\/wp-json\/wp\/v2\/types\/page"}],"author":[{"embeddable":true,"href":"https:\/\/lottohoy.com\/fr\/wp-json\/wp\/v2\/users\/2"}],"replies":[{"embeddable":true,"href":"https:\/\/lottohoy.com\/fr\/wp-json\/wp\/v2\/comments?post=6077"}],"version-history":[{"count":1,"href":"https:\/\/lottohoy.com\/fr\/wp-json\/wp\/v2\/pages\/6077\/revisions"}],"predecessor-version":[{"id":10799,"href":"https:\/\/lottohoy.com\/fr\/wp-json\/wp\/v2\/pages\/6077\/revisions\/10799"}],"up":[{"embeddable":true,"href":"https:\/\/lottohoy.com\/fr\/wp-json\/wp\/v2\/pages\/4040"}],"wp:attachment":[{"href":"https:\/\/lottohoy.com\/fr\/wp-json\/wp\/v2\/media?parent=6077"}],"curies":[{"name":"wp","href":"https:\/\/api.w.org\/{rel}","templated":true}]}}