{"id":6069,"date":"2020-08-10T17:06:25","date_gmt":"2020-08-10T16:06:25","guid":{"rendered":"https:\/\/www.lottohoy.com\/?page_id=6069"},"modified":"2025-03-26T05:18:40","modified_gmt":"2025-03-26T05:18:40","slug":"set-for-life-uk","status":"publish","type":"page","link":"https:\/\/lottohoy.com\/fr\/resultats\/set-for-life-uk\/","title":{"rendered":"R\u00e9sultats de Set for Life (UK)"},"content":{"rendered":"<p><!--more--><\/p>\n<p>Pour savoir si votre jeu \u00ab\u00a0Set for Life\u00a0\u00bb est gagnant, il suffit de comparer les num\u00e9ros de la combinaison choisie sur votre billet avec le r\u00e9sultat indiqu\u00e9 sur cette page.<\/p>\n<p>Si vous gagnez un prix dans l&rsquo;une des diff\u00e9rentes cat\u00e9gories propos\u00e9es par Set for Life UK, vos gains seront automatiquement refl\u00e9t\u00e9s dans votre compte et seront disponibles \u00e0 partir de ce moment.<\/p>\n<h2>R\u00e9sultat de l&rsquo;op\u00e9ration \u00ab\u00a0Set for Life\u00a0\u00bb (UK)<\/h2>\n<p>Sur cette page, vous trouverez les r\u00e9sultats des tirages de Set for Life UK, le jackpot estim\u00e9 pour ce tirage, ainsi que d&rsquo;autres d\u00e9tails d&rsquo;un int\u00e9r\u00eat maximal pour pr\u00e9voir vos futurs jeux.<\/p>\n<p>Vous pouvez \u00e9galement consulter le jackpot accumul\u00e9, les gagnants et les prix dans chacune des cat\u00e9gories et les tirages pr\u00e9c\u00e9dents jusqu&rsquo;\u00e0 24 mois.<br \/>\n\u00c0 droite de la combinaison gagnante de ce dernier tirage, il y a trois cases.<\/p>\n<p>Le carr\u00e9 central indique la date du dernier tirage, et des deux c\u00f4t\u00e9s de ce carr\u00e9 central, il y a des fl\u00e8ches \u00e0 droite et \u00e0 gauche pour visiter les dates des tirages pr\u00e9c\u00e9dents et pour avancer de ces tirages \u00e0 la date la plus r\u00e9cente.<\/p>\n<h2>Consultez les r\u00e9sultats et les prix du dernier tirage<\/h2>\n<p>Un grand tableau pr\u00e9sente les r\u00e9sultats et la r\u00e9partition des prix par cat\u00e9gorie du dernier tirage Set for Life UK d&rsquo;aujourd&rsquo;hui.<\/p>\n<p>Les cat\u00e9gories de prix (jusqu&rsquo;\u00e0 8 cat\u00e9gories diff\u00e9rentes), les r\u00e9sultats requis pour se qualifier pour l&rsquo;une des cat\u00e9gories de prix.<\/p>\n<p>Les gagnants de chacune des cat\u00e9gories, ainsi que le prix que chacun des gagnants re\u00e7oit.<\/p>\n<p>En fermant cette grande bo\u00eete, il est indiqu\u00e9 le nombre total de gagnants de ce tirage, et le montant total qui est r\u00e9parti entre tous les gagnants.<\/p>\n","protected":false},"excerpt":{"rendered":"","protected":false},"author":2,"featured_media":0,"parent":4004,"menu_order":11,"comment_status":"closed","ping_status":"closed","template":"set-for-life-results.php","meta":{"_et_pb_use_builder":"","_et_pb_old_content":"","_et_gb_content_width":"","exclude_from_search":false,"footnotes":""},"class_list":["post-6069","page","type-page","status-publish","hentry"],"yoast_head":"<!-- This site is optimized with the Yoast SEO plugin v23.7 - https:\/\/yoast.com\/wordpress\/plugins\/seo\/ -->\n<title>V\u00e9rifiez les r\u00e9sultats du tirage de Set for Life (UK) - LottoHoy.com<\/title>\n<meta name=\"description\" content=\"Sur cette page, vous pouvez consulter tous les r\u00e9sultats des tirages de Set for Life (UK) et comparer vos billets avec les prix obtenus\" \/>\n<meta name=\"robots\" content=\"index, follow, max-snippet:-1, max-image-preview:large, max-video-preview:-1\" \/>\n<link rel=\"canonical\" href=\"https:\/\/lottohoy.com\/fr\/resultats\/set-for-life-uk\/\" \/>\n<meta property=\"og:locale\" content=\"fr_FR\" \/>\n<meta property=\"og:type\" content=\"article\" \/>\n<meta property=\"og:title\" content=\"V\u00e9rifiez les r\u00e9sultats du tirage de Set for Life (UK) - LottoHoy.com\" \/>\n<meta property=\"og:description\" content=\"Sur cette page, vous pouvez consulter tous les r\u00e9sultats des tirages de Set for Life (UK) et comparer vos billets avec les prix obtenus\" \/>\n<meta property=\"og:url\" content=\"https:\/\/lottohoy.com\/fr\/resultats\/set-for-life-uk\/\" \/>\n<meta property=\"og:site_name\" content=\"Lottohoy\" \/>\n<meta property=\"article:modified_time\" content=\"2025-03-26T05:18:40+00:00\" \/>\n<meta name=\"twitter:card\" content=\"summary_large_image\" \/>\n<meta name=\"twitter:label1\" content=\"Dur\u00e9e de lecture estim\u00e9e\" \/>\n\t<meta name=\"twitter:data1\" content=\"2 minutes\" \/>\n<script type=\"application\/ld+json\" class=\"yoast-schema-graph\">{\"@context\":\"https:\/\/schema.org\",\"@graph\":[{\"@type\":\"WebPage\",\"@id\":\"https:\/\/lottohoy.com\/fr\/resultats\/set-for-life-uk\/\",\"url\":\"https:\/\/lottohoy.com\/fr\/resultats\/set-for-life-uk\/\",\"name\":\"V\u00e9rifiez les r\u00e9sultats du tirage de Set for Life (UK) - LottoHoy.com\",\"isPartOf\":{\"@id\":\"https:\/\/lottohoy.com\/fr\/#website\"},\"datePublished\":\"2020-08-10T16:06:25+00:00\",\"dateModified\":\"2025-03-26T05:18:40+00:00\",\"description\":\"Sur cette page, vous pouvez consulter tous les r\u00e9sultats des tirages de Set for Life (UK) et comparer vos billets avec les prix obtenus\",\"breadcrumb\":{\"@id\":\"https:\/\/lottohoy.com\/fr\/resultats\/set-for-life-uk\/#breadcrumb\"},\"inLanguage\":\"fr-FR\",\"potentialAction\":[{\"@type\":\"ReadAction\",\"target\":[\"https:\/\/lottohoy.com\/fr\/resultats\/set-for-life-uk\/\"]}]},{\"@type\":\"BreadcrumbList\",\"@id\":\"https:\/\/lottohoy.com\/fr\/resultats\/set-for-life-uk\/#breadcrumb\",\"itemListElement\":[{\"@type\":\"ListItem\",\"position\":1,\"name\":\"Home\",\"item\":\"https:\/\/lottohoy.com\/fr\/\"},{\"@type\":\"ListItem\",\"position\":2,\"name\":\"R\u00e9sultats du loto en ligne\",\"item\":\"https:\/\/lottohoy.com\/fr\/resultats\/\"},{\"@type\":\"ListItem\",\"position\":3,\"name\":\"R\u00e9sultats de Set for Life (UK)\"}]},{\"@type\":\"WebSite\",\"@id\":\"https:\/\/lottohoy.com\/fr\/#website\",\"url\":\"https:\/\/lottohoy.com\/fr\/\",\"name\":\"Lottohoy\",\"description\":\"\",\"potentialAction\":[{\"@type\":\"SearchAction\",\"target\":{\"@type\":\"EntryPoint\",\"urlTemplate\":\"https:\/\/lottohoy.com\/fr\/?s={search_term_string}\"},\"query-input\":{\"@type\":\"PropertyValueSpecification\",\"valueRequired\":true,\"valueName\":\"search_term_string\"}}],\"inLanguage\":\"fr-FR\"}]}<\/script>\n<!-- \/ Yoast SEO plugin. -->","yoast_head_json":{"title":"V\u00e9rifiez les r\u00e9sultats du tirage de Set for Life (UK) - LottoHoy.com","description":"Sur cette page, vous pouvez consulter tous les r\u00e9sultats des tirages de Set for Life (UK) et comparer vos billets avec les prix obtenus","robots":{"index":"index","follow":"follow","max-snippet":"max-snippet:-1","max-image-preview":"max-image-preview:large","max-video-preview":"max-video-preview:-1"},"canonical":"https:\/\/lottohoy.com\/fr\/resultats\/set-for-life-uk\/","og_locale":"fr_FR","og_type":"article","og_title":"V\u00e9rifiez les r\u00e9sultats du tirage de Set for Life (UK) - LottoHoy.com","og_description":"Sur cette page, vous pouvez consulter tous les r\u00e9sultats des tirages de Set for Life (UK) et comparer vos billets avec les prix obtenus","og_url":"https:\/\/lottohoy.com\/fr\/resultats\/set-for-life-uk\/","og_site_name":"Lottohoy","article_modified_time":"2025-03-26T05:18:40+00:00","twitter_card":"summary_large_image","twitter_misc":{"Dur\u00e9e de lecture estim\u00e9e":"2 minutes"},"schema":{"@context":"https:\/\/schema.org","@graph":[{"@type":"WebPage","@id":"https:\/\/lottohoy.com\/fr\/resultats\/set-for-life-uk\/","url":"https:\/\/lottohoy.com\/fr\/resultats\/set-for-life-uk\/","name":"V\u00e9rifiez les r\u00e9sultats du tirage de Set for Life (UK) - LottoHoy.com","isPartOf":{"@id":"https:\/\/lottohoy.com\/fr\/#website"},"datePublished":"2020-08-10T16:06:25+00:00","dateModified":"2025-03-26T05:18:40+00:00","description":"Sur cette page, vous pouvez consulter tous les r\u00e9sultats des tirages de Set for Life (UK) et comparer vos billets avec les prix obtenus","breadcrumb":{"@id":"https:\/\/lottohoy.com\/fr\/resultats\/set-for-life-uk\/#breadcrumb"},"inLanguage":"fr-FR","potentialAction":[{"@type":"ReadAction","target":["https:\/\/lottohoy.com\/fr\/resultats\/set-for-life-uk\/"]}]},{"@type":"BreadcrumbList","@id":"https:\/\/lottohoy.com\/fr\/resultats\/set-for-life-uk\/#breadcrumb","itemListElement":[{"@type":"ListItem","position":1,"name":"Home","item":"https:\/\/lottohoy.com\/fr\/"},{"@type":"ListItem","position":2,"name":"R\u00e9sultats du loto en ligne","item":"https:\/\/lottohoy.com\/fr\/resultats\/"},{"@type":"ListItem","position":3,"name":"R\u00e9sultats de Set for Life (UK)"}]},{"@type":"WebSite","@id":"https:\/\/lottohoy.com\/fr\/#website","url":"https:\/\/lottohoy.com\/fr\/","name":"Lottohoy","description":"","potentialAction":[{"@type":"SearchAction","target":{"@type":"EntryPoint","urlTemplate":"https:\/\/lottohoy.com\/fr\/?s={search_term_string}"},"query-input":{"@type":"PropertyValueSpecification","valueRequired":true,"valueName":"search_term_string"}}],"inLanguage":"fr-FR"}]}},"_links":{"self":[{"href":"https:\/\/lottohoy.com\/fr\/wp-json\/wp\/v2\/pages\/6069","targetHints":{"allow":["GET"]}}],"collection":[{"href":"https:\/\/lottohoy.com\/fr\/wp-json\/wp\/v2\/pages"}],"about":[{"href":"https:\/\/lottohoy.com\/fr\/wp-json\/wp\/v2\/types\/page"}],"author":[{"embeddable":true,"href":"https:\/\/lottohoy.com\/fr\/wp-json\/wp\/v2\/users\/2"}],"replies":[{"embeddable":true,"href":"https:\/\/lottohoy.com\/fr\/wp-json\/wp\/v2\/comments?post=6069"}],"version-history":[{"count":1,"href":"https:\/\/lottohoy.com\/fr\/wp-json\/wp\/v2\/pages\/6069\/revisions"}],"predecessor-version":[{"id":10798,"href":"https:\/\/lottohoy.com\/fr\/wp-json\/wp\/v2\/pages\/6069\/revisions\/10798"}],"up":[{"embeddable":true,"href":"https:\/\/lottohoy.com\/fr\/wp-json\/wp\/v2\/pages\/4004"}],"wp:attachment":[{"href":"https:\/\/lottohoy.com\/fr\/wp-json\/wp\/v2\/media?parent=6069"}],"curies":[{"name":"wp","href":"https:\/\/api.w.org\/{rel}","templated":true}]}}