{"id":6048,"date":"2020-08-10T15:56:27","date_gmt":"2020-08-10T14:56:27","guid":{"rendered":"https:\/\/www.lottohoy.com\/?page_id=6048"},"modified":"2025-02-12T09:48:10","modified_gmt":"2025-02-12T09:48:10","slug":"mega-sena","status":"publish","type":"page","link":"https:\/\/lottohoy.com\/fr\/jouer\/mega-sena\/","title":{"rendered":"Jouer \u00e0 Mega Sena"},"content":{"rendered":"<h2>Jouer \u00e0 Mega Sena en ligne<\/h2>\n<p>Mega-Sena est la plus grande loterie du Br\u00e9sil et de toute l&rsquo;Am\u00e9rique du Sud. Il est organis\u00e9 par la banque f\u00e9d\u00e9rale Caixa Economica, depuis mars 1996.<\/p>\n<p>Pour jouer \u00e0 la loterie Mega Sena en ligne, le joueur peut le faire directement par le biais de plateformes de loterie comme la n\u00f4tre.<\/p>\n<p>Pour jouer \u00e0 Mega Sena, il est indispensable d&rsquo;avoir plus de 18 ans, requis par l&rsquo;organisateur.<\/p>\n<p>Une fois que vous acc\u00e9dez \u00e0 la page de jeu Mega Sena via notre plateforme, un mod\u00e8le appara\u00eet avec diff\u00e9rentes colonnes (aussi appel\u00e9es lignes) de jeu o\u00f9 vous devez indiquer le jeu que vous voulez faire (chaque colonne ou ligne correspondra \u00e0 un pari). Ces colonnes initiales peuvent \u00eatre agrandies en cliquant sur la case PLUS DE LIGNES, et d&rsquo;autres colonnes apparaissent, o\u00f9 vous pouvez placer plus de paris sur le m\u00eame jeu.<\/p>\n<p>Cette op\u00e9ration peut \u00eatre r\u00e9p\u00e9t\u00e9e autant de fois que le nombre de colonnes ou de lignes que vous voulez parier.<\/p>\n<p>Pour placer un pari sur une colonne, 6 des 60 cases de la premi\u00e8re case doivent \u00eatre coch\u00e9es.<\/p>\n<p>Ce mouvement peut \u00eatre effectu\u00e9 manuellement, c&rsquo;est-\u00e0-dire en marquant directement sur chacun des num\u00e9ros que vous voulez faire partie de votre combinaison de pari.<\/p>\n<p>Et aussi, si vous le souhaitez, vous pouvez permettre au syst\u00e8me lui-m\u00eame de choisir la combinaison de paris de mani\u00e8re al\u00e9atoire.<\/p>\n<p>Si le pari est accord\u00e9, le montant du prix est automatiquement cr\u00e9dit\u00e9 sur le compte de l&rsquo;utilisateur.<\/p>\n<h2>Quels sont les jours de tirage au sort ?<\/h2>\n<p>Mega Sena c\u00e9l\u00e8bre deux tirages chaque semaine, le mercredi et le samedi \u00e0 20h00, heure locale. (UTC-3)<\/p>\n<p>L&rsquo;acc\u00e8s aux billets en ligne est officiellement ferm\u00e9 environ 3 heures avant l&rsquo;heure officielle du tirage et rouvre \u00e0 la fin du tirage, pour valider les billets des nouveaux tirages.<\/p>\n<h2>Avantages de l&rsquo;achat en ligne de Mega Sena<\/h2>\n<p>Il y a de nombreux avantages \u00e0 faire des paris Mega Sena en ligne, gr\u00e2ce \u00e0 notre plateforme, qui permet aux joueurs du monde entier d&rsquo;acheter leurs billets, quel que soit le pays dans lequel ils r\u00e9sident.<\/p>\n<p>Ce sont l\u00e0 quelques-uns des principaux avantages de jouer au LottoHoy :<\/p>\n<ul>\n<li style=\"text-align: left;\">S\u00e9curit\u00e9 des transactions.<\/li>\n<li style=\"text-align: left;\">Acc\u00e8s 24h\/24 et 7j\/7 tous les jours de l&rsquo;ann\u00e9e pour les achats et les paris. .<\/li>\n<li style=\"text-align: left;\">Achetez vos billets de n&rsquo;importe o\u00f9 dans le monde, sans files d&rsquo;attente ni d\u00e9placements.<\/li>\n<li style=\"text-align: left;\">L&rsquo;achat en ligne permet d&rsquo;\u00e9viter la perte ou l&rsquo;\u00e9garement du billet, qui reste toujours en s\u00e9curit\u00e9 sur le compte de l&rsquo;utilisateur.<\/li>\n<li style=\"text-align: left;\">Les prix gagn\u00e9s sont imm\u00e9diatement inscrits sur votre compte d&rsquo;utilisateur, et disponibles d\u00e8s le premier moment, apr\u00e8s la c\u00e9l\u00e9bration du tirage au sort et une fois que les r\u00e9sultats officiels sont publi\u00e9s, les montants des prix gagn\u00e9s sont inscrits sur le compte d&rsquo;utilisateur.<\/li>\n<li style=\"text-align: left;\">Soyez inform\u00e9 des jackpots accumul\u00e9s et des tirages extraordinaires.<\/li>\n<\/ul>\n","protected":false},"excerpt":{"rendered":"<p>Jouer \u00e0 Mega Sena en ligne Mega-Sena est la plus grande loterie du Br\u00e9sil et de toute l&rsquo;Am\u00e9rique du Sud. Il est organis\u00e9 par la banque f\u00e9d\u00e9rale Caixa Economica, depuis mars 1996. Pour jouer \u00e0 la loterie Mega Sena en ligne, le joueur peut le faire directement par le biais de plateformes de loterie comme [&hellip;]<\/p>\n","protected":false},"author":2,"featured_media":0,"parent":4072,"menu_order":16,"comment_status":"closed","ping_status":"closed","template":"megasena.php","meta":{"_et_pb_use_builder":"","_et_pb_old_content":"","_et_gb_content_width":"","exclude_from_search":false,"footnotes":""},"class_list":["post-6048","page","type-page","status-publish","hentry"],"yoast_head":"<!-- This site is optimized with the Yoast SEO plugin v23.7 - https:\/\/yoast.com\/wordpress\/plugins\/seo\/ -->\n<title>Jouez \u00e0 la loterie Mega Sena en ligne - LottoHoy.com<\/title>\n<meta name=\"description\" content=\"Pariez \u00e0 toute heure du jour ou de la nuit, jouez \u00e0 la loterie Mega Sena en ligne, sans file d&#039;attente et sans avoir \u00e0 vous d\u00e9placer\" \/>\n<meta name=\"robots\" content=\"index, follow, max-snippet:-1, max-image-preview:large, max-video-preview:-1\" \/>\n<link rel=\"canonical\" href=\"https:\/\/lottohoy.com\/fr\/jouer\/mega-sena\/\" \/>\n<meta property=\"og:locale\" content=\"fr_FR\" \/>\n<meta property=\"og:type\" content=\"article\" \/>\n<meta property=\"og:title\" content=\"Jouez \u00e0 la loterie Mega Sena en ligne - LottoHoy.com\" \/>\n<meta property=\"og:description\" content=\"Pariez \u00e0 toute heure du jour ou de la nuit, jouez \u00e0 la loterie Mega Sena en ligne, sans file d&#039;attente et sans avoir \u00e0 vous d\u00e9placer\" \/>\n<meta property=\"og:url\" content=\"https:\/\/lottohoy.com\/fr\/jouer\/mega-sena\/\" \/>\n<meta property=\"og:site_name\" content=\"Lottohoy\" \/>\n<meta property=\"article:modified_time\" content=\"2025-02-12T09:48:10+00:00\" \/>\n<meta name=\"twitter:card\" content=\"summary_large_image\" \/>\n<meta name=\"twitter:label1\" content=\"Dur\u00e9e de lecture estim\u00e9e\" \/>\n\t<meta name=\"twitter:data1\" content=\"3 minutes\" \/>\n<script type=\"application\/ld+json\" class=\"yoast-schema-graph\">{\"@context\":\"https:\/\/schema.org\",\"@graph\":[{\"@type\":\"WebPage\",\"@id\":\"https:\/\/lottohoy.com\/fr\/jouer\/mega-sena\/\",\"url\":\"https:\/\/lottohoy.com\/fr\/jouer\/mega-sena\/\",\"name\":\"Jouez \u00e0 la loterie Mega Sena en ligne - LottoHoy.com\",\"isPartOf\":{\"@id\":\"https:\/\/lottohoy.com\/fr\/#website\"},\"datePublished\":\"2020-08-10T14:56:27+00:00\",\"dateModified\":\"2025-02-12T09:48:10+00:00\",\"description\":\"Pariez \u00e0 toute heure du jour ou de la nuit, jouez \u00e0 la loterie Mega Sena en ligne, sans file d'attente et sans avoir \u00e0 vous d\u00e9placer\",\"breadcrumb\":{\"@id\":\"https:\/\/lottohoy.com\/fr\/jouer\/mega-sena\/#breadcrumb\"},\"inLanguage\":\"fr-FR\",\"potentialAction\":[{\"@type\":\"ReadAction\",\"target\":[\"https:\/\/lottohoy.com\/fr\/jouer\/mega-sena\/\"]}]},{\"@type\":\"BreadcrumbList\",\"@id\":\"https:\/\/lottohoy.com\/fr\/jouer\/mega-sena\/#breadcrumb\",\"itemListElement\":[{\"@type\":\"ListItem\",\"position\":1,\"name\":\"Home\",\"item\":\"https:\/\/lottohoy.com\/fr\/\"},{\"@type\":\"ListItem\",\"position\":2,\"name\":\"Jouez la loterie en ligne\",\"item\":\"https:\/\/lottohoy.com\/fr\/jouer\/\"},{\"@type\":\"ListItem\",\"position\":3,\"name\":\"Jouer \u00e0 Mega Sena\"}]},{\"@type\":\"WebSite\",\"@id\":\"https:\/\/lottohoy.com\/fr\/#website\",\"url\":\"https:\/\/lottohoy.com\/fr\/\",\"name\":\"Lottohoy\",\"description\":\"\",\"potentialAction\":[{\"@type\":\"SearchAction\",\"target\":{\"@type\":\"EntryPoint\",\"urlTemplate\":\"https:\/\/lottohoy.com\/fr\/?s={search_term_string}\"},\"query-input\":{\"@type\":\"PropertyValueSpecification\",\"valueRequired\":true,\"valueName\":\"search_term_string\"}}],\"inLanguage\":\"fr-FR\"}]}<\/script>\n<!-- \/ Yoast SEO plugin. -->","yoast_head_json":{"title":"Jouez \u00e0 la loterie Mega Sena en ligne - LottoHoy.com","description":"Pariez \u00e0 toute heure du jour ou de la nuit, jouez \u00e0 la loterie Mega Sena en ligne, sans file d'attente et sans avoir \u00e0 vous d\u00e9placer","robots":{"index":"index","follow":"follow","max-snippet":"max-snippet:-1","max-image-preview":"max-image-preview:large","max-video-preview":"max-video-preview:-1"},"canonical":"https:\/\/lottohoy.com\/fr\/jouer\/mega-sena\/","og_locale":"fr_FR","og_type":"article","og_title":"Jouez \u00e0 la loterie Mega Sena en ligne - LottoHoy.com","og_description":"Pariez \u00e0 toute heure du jour ou de la nuit, jouez \u00e0 la loterie Mega Sena en ligne, sans file d'attente et sans avoir \u00e0 vous d\u00e9placer","og_url":"https:\/\/lottohoy.com\/fr\/jouer\/mega-sena\/","og_site_name":"Lottohoy","article_modified_time":"2025-02-12T09:48:10+00:00","twitter_card":"summary_large_image","twitter_misc":{"Dur\u00e9e de lecture estim\u00e9e":"3 minutes"},"schema":{"@context":"https:\/\/schema.org","@graph":[{"@type":"WebPage","@id":"https:\/\/lottohoy.com\/fr\/jouer\/mega-sena\/","url":"https:\/\/lottohoy.com\/fr\/jouer\/mega-sena\/","name":"Jouez \u00e0 la loterie Mega Sena en ligne - LottoHoy.com","isPartOf":{"@id":"https:\/\/lottohoy.com\/fr\/#website"},"datePublished":"2020-08-10T14:56:27+00:00","dateModified":"2025-02-12T09:48:10+00:00","description":"Pariez \u00e0 toute heure du jour ou de la nuit, jouez \u00e0 la loterie Mega Sena en ligne, sans file d'attente et sans avoir \u00e0 vous d\u00e9placer","breadcrumb":{"@id":"https:\/\/lottohoy.com\/fr\/jouer\/mega-sena\/#breadcrumb"},"inLanguage":"fr-FR","potentialAction":[{"@type":"ReadAction","target":["https:\/\/lottohoy.com\/fr\/jouer\/mega-sena\/"]}]},{"@type":"BreadcrumbList","@id":"https:\/\/lottohoy.com\/fr\/jouer\/mega-sena\/#breadcrumb","itemListElement":[{"@type":"ListItem","position":1,"name":"Home","item":"https:\/\/lottohoy.com\/fr\/"},{"@type":"ListItem","position":2,"name":"Jouez la loterie en ligne","item":"https:\/\/lottohoy.com\/fr\/jouer\/"},{"@type":"ListItem","position":3,"name":"Jouer \u00e0 Mega Sena"}]},{"@type":"WebSite","@id":"https:\/\/lottohoy.com\/fr\/#website","url":"https:\/\/lottohoy.com\/fr\/","name":"Lottohoy","description":"","potentialAction":[{"@type":"SearchAction","target":{"@type":"EntryPoint","urlTemplate":"https:\/\/lottohoy.com\/fr\/?s={search_term_string}"},"query-input":{"@type":"PropertyValueSpecification","valueRequired":true,"valueName":"search_term_string"}}],"inLanguage":"fr-FR"}]}},"_links":{"self":[{"href":"https:\/\/lottohoy.com\/fr\/wp-json\/wp\/v2\/pages\/6048","targetHints":{"allow":["GET"]}}],"collection":[{"href":"https:\/\/lottohoy.com\/fr\/wp-json\/wp\/v2\/pages"}],"about":[{"href":"https:\/\/lottohoy.com\/fr\/wp-json\/wp\/v2\/types\/page"}],"author":[{"embeddable":true,"href":"https:\/\/lottohoy.com\/fr\/wp-json\/wp\/v2\/users\/2"}],"replies":[{"embeddable":true,"href":"https:\/\/lottohoy.com\/fr\/wp-json\/wp\/v2\/comments?post=6048"}],"version-history":[{"count":2,"href":"https:\/\/lottohoy.com\/fr\/wp-json\/wp\/v2\/pages\/6048\/revisions"}],"predecessor-version":[{"id":14680,"href":"https:\/\/lottohoy.com\/fr\/wp-json\/wp\/v2\/pages\/6048\/revisions\/14680"}],"up":[{"embeddable":true,"href":"https:\/\/lottohoy.com\/fr\/wp-json\/wp\/v2\/pages\/4072"}],"wp:attachment":[{"href":"https:\/\/lottohoy.com\/fr\/wp-json\/wp\/v2\/media?parent=6048"}],"curies":[{"name":"wp","href":"https:\/\/api.w.org\/{rel}","templated":true}]}}