{"id":6014,"date":"2020-08-10T16:00:00","date_gmt":"2020-08-10T15:00:00","guid":{"rendered":"https:\/\/www.lottohoy.com\/?page_id=6014"},"modified":"2025-03-25T15:05:16","modified_gmt":"2025-03-25T15:05:16","slug":"mega-sena","status":"publish","type":"page","link":"https:\/\/lottohoy.com\/fr\/loterie\/mega-sena\/","title":{"rendered":"Informations sur le Mega Sena"},"content":{"rendered":"<h2>Qu&rsquo;est-ce que Mega Sena ?<\/h2>\n<p>Cette loterie a \u00e9t\u00e9 cr\u00e9\u00e9e en mars 1996 et est g\u00e9r\u00e9e par la banque f\u00e9d\u00e9rale Caixa Economica, une institution financi\u00e8re qui d\u00e9pend du gouvernement f\u00e9d\u00e9ral br\u00e9silien en tant que soci\u00e9t\u00e9 publique, avec 100% du capital<br \/>\nCette loterie, la plus importante de toute l&rsquo;Am\u00e9rique du Sud, a un prix minimum garanti de 2 000 000 de R$ pour les gagnants de premier ordre (6 coups)<\/p>\n<p>S&rsquo;il n&rsquo;y a pas de gagnant dans la premi\u00e8re cat\u00e9gorie, le montant sera cumul\u00e9 ind\u00e9finiment pour les tirages suivants, jusqu&rsquo;\u00e0 ce qu&rsquo;il y ait des gagnants.<\/p>\n<h2>Comment jouer \u00e0 Mega Sena ?<\/h2>\n<p>Pour jouer aux tirages en ligne de Mega Sena, le joueur doit \u00e9tablir sa pr\u00e9vision en s\u00e9lectionnant 6 num\u00e9ros entre 1 et 60, et peut le faire de mani\u00e8re traditionnelle, c&rsquo;est-\u00e0-dire en cochant les six cases manuellement, ou en laissant le syst\u00e8me lui-m\u00eame choisir la combinaison au hasard.<br \/>\nLes paris multiples, qui peuvent \u00eatre faits avec des billets physiques, ne sont pas possibles (du moins pour le moment) sur notre plateforme en ligne<\/p>\n<h2>Prix des paris Mega Sena<\/h2>\n<p>Le prix de chaque pari Mega Sena au LotoHoy est de 1,75 \u20ac<\/p>\n<h2>Tirage sp\u00e9cial de fin d&rsquo;ann\u00e9e de Mega Sena<\/h2>\n<p>Un tirage sp\u00e9cial a lieu \u00e0 la fin de l&rsquo;ann\u00e9e, et le prix s&rsquo;accumule gr\u00e2ce \u00e0 la collecte de 5 % des recettes des tirages normaux tout au long de l&rsquo;ann\u00e9e.<\/p>\n<p>Ce tirage sp\u00e9cial s&rsquo;appelle Mega Sena da Virada, et il vend des billets entre les mois de novembre et d\u00e9cembre pour le tirage du 31 d\u00e9cembre.<\/p>\n<p>La distribution des prix est tr\u00e8s similaire aux tirages normaux de chaque semaine, 62% des prix collect\u00e9s seront destin\u00e9s aux gagnants de la premi\u00e8re cat\u00e9gorie (6 matchs) aussi appel\u00e9s Sena,<\/p>\n<p>La deuxi\u00e8me cat\u00e9gorie de prix (ou Kina 5 hits) de Mega Virada, distribue 19% de l&rsquo;argent collect\u00e9, ainsi que la troisi\u00e8me cat\u00e9gorie (Quadra 4 hits)<\/p>\n<p>S&rsquo;il n&rsquo;y a pas de gagnant dans la premi\u00e8re cat\u00e9gorie, le prix sera cumul\u00e9 pour les \u00e9ventuels gagnants de la deuxi\u00e8me cat\u00e9gorie, et s&rsquo;il n&rsquo;y a pas de gagnant dans la premi\u00e8re et la deuxi\u00e8me cat\u00e9gorie, le prix sera distribu\u00e9 parmi les gagnants de 4 matchs dans la troisi\u00e8me cat\u00e9gorie.<\/p>\n<p>S&rsquo;il n&rsquo;y a pas de gagnant dans l&rsquo;une des cat\u00e9gories, le montant des prix sera cumul\u00e9 pour le prochain tirage dans leurs cat\u00e9gories respectives.<\/p>\n<h2>Tirages extraordinaires de la loterie Mega Sena<\/h2>\n<p>En plus du tirage sp\u00e9cial de la veille du Nouvel An Maga Sena da Virada, il y a deux autres tirages au sort o\u00f9 les joueurs peuvent tenter leur chance.<\/p>\n<p>Le Lotof\u00e1cil da Independ\u00eancia, qui co\u00efncide avec la date de l&rsquo;ind\u00e9pendance du pays, le 7 septembre.<\/p>\n<p>Et la DuplaSena qui co\u00efncide avec P\u00e2ques, et qui s&rsquo;appelle Dupla de Pascoa<\/p>\n<h3>Cat\u00e9gories de prix<\/h3>\n<p>Il existe au total 3 cat\u00e9gories de prix, comme le montre le tableau ci-dessous<\/p>\n<p><!--more--><\/p>\n","protected":false},"excerpt":{"rendered":"<p>Qu&rsquo;est-ce que Mega Sena ? Cette loterie a \u00e9t\u00e9 cr\u00e9\u00e9e en mars 1996 et est g\u00e9r\u00e9e par la banque f\u00e9d\u00e9rale Caixa Economica, une institution financi\u00e8re qui d\u00e9pend du gouvernement f\u00e9d\u00e9ral br\u00e9silien en tant que soci\u00e9t\u00e9 publique, avec 100% du capital Cette loterie, la plus importante de toute l&rsquo;Am\u00e9rique du Sud, a un prix minimum garanti [&hellip;]<\/p>\n","protected":false},"author":2,"featured_media":0,"parent":4040,"menu_order":16,"comment_status":"closed","ping_status":"closed","template":"megasena-info.php","meta":{"_et_pb_use_builder":"","_et_pb_old_content":"","_et_gb_content_width":"","exclude_from_search":false,"footnotes":""},"class_list":["post-6014","page","type-page","status-publish","hentry"],"yoast_head":"<!-- This site is optimized with the Yoast SEO plugin v23.7 - https:\/\/yoast.com\/wordpress\/plugins\/seo\/ -->\n<title>Informations sur la loterie Mega Sena - Lottohoy.com<\/title>\n<meta name=\"description\" content=\"Tous les d\u00e9tails et informations sur la loterie Mega Sena, les d\u00e9tails sur les prix, les jeux et les avantages de jouer en ligne\" \/>\n<meta name=\"robots\" content=\"index, follow, max-snippet:-1, max-image-preview:large, max-video-preview:-1\" \/>\n<link rel=\"canonical\" href=\"https:\/\/lottohoy.com\/fr\/loterie\/mega-sena\/\" \/>\n<meta property=\"og:locale\" content=\"fr_FR\" \/>\n<meta property=\"og:type\" content=\"article\" \/>\n<meta property=\"og:title\" content=\"Informations sur la loterie Mega Sena - Lottohoy.com\" \/>\n<meta property=\"og:description\" content=\"Tous les d\u00e9tails et informations sur la loterie Mega Sena, les d\u00e9tails sur les prix, les jeux et les avantages de jouer en ligne\" \/>\n<meta property=\"og:url\" content=\"https:\/\/lottohoy.com\/fr\/loterie\/mega-sena\/\" \/>\n<meta property=\"og:site_name\" content=\"Lottohoy\" \/>\n<meta property=\"article:modified_time\" content=\"2025-03-25T15:05:16+00:00\" \/>\n<meta name=\"twitter:card\" content=\"summary_large_image\" \/>\n<meta name=\"twitter:label1\" content=\"Dur\u00e9e de lecture estim\u00e9e\" \/>\n\t<meta name=\"twitter:data1\" content=\"3 minutes\" \/>\n<script type=\"application\/ld+json\" class=\"yoast-schema-graph\">{\"@context\":\"https:\/\/schema.org\",\"@graph\":[{\"@type\":\"WebPage\",\"@id\":\"https:\/\/lottohoy.com\/fr\/loterie\/mega-sena\/\",\"url\":\"https:\/\/lottohoy.com\/fr\/loterie\/mega-sena\/\",\"name\":\"Informations sur la loterie Mega Sena - Lottohoy.com\",\"isPartOf\":{\"@id\":\"https:\/\/lottohoy.com\/fr\/#website\"},\"datePublished\":\"2020-08-10T15:00:00+00:00\",\"dateModified\":\"2025-03-25T15:05:16+00:00\",\"description\":\"Tous les d\u00e9tails et informations sur la loterie Mega Sena, les d\u00e9tails sur les prix, les jeux et les avantages de jouer en ligne\",\"breadcrumb\":{\"@id\":\"https:\/\/lottohoy.com\/fr\/loterie\/mega-sena\/#breadcrumb\"},\"inLanguage\":\"fr-FR\",\"potentialAction\":[{\"@type\":\"ReadAction\",\"target\":[\"https:\/\/lottohoy.com\/fr\/loterie\/mega-sena\/\"]}]},{\"@type\":\"BreadcrumbList\",\"@id\":\"https:\/\/lottohoy.com\/fr\/loterie\/mega-sena\/#breadcrumb\",\"itemListElement\":[{\"@type\":\"ListItem\",\"position\":1,\"name\":\"Home\",\"item\":\"https:\/\/lottohoy.com\/fr\/\"},{\"@type\":\"ListItem\",\"position\":2,\"name\":\"Tout sur la loterie en ligne\",\"item\":\"https:\/\/lottohoy.com\/fr\/loterie\/\"},{\"@type\":\"ListItem\",\"position\":3,\"name\":\"Informations sur le Mega Sena\"}]},{\"@type\":\"WebSite\",\"@id\":\"https:\/\/lottohoy.com\/fr\/#website\",\"url\":\"https:\/\/lottohoy.com\/fr\/\",\"name\":\"Lottohoy\",\"description\":\"\",\"potentialAction\":[{\"@type\":\"SearchAction\",\"target\":{\"@type\":\"EntryPoint\",\"urlTemplate\":\"https:\/\/lottohoy.com\/fr\/?s={search_term_string}\"},\"query-input\":{\"@type\":\"PropertyValueSpecification\",\"valueRequired\":true,\"valueName\":\"search_term_string\"}}],\"inLanguage\":\"fr-FR\"}]}<\/script>\n<!-- \/ Yoast SEO plugin. -->","yoast_head_json":{"title":"Informations sur la loterie Mega Sena - Lottohoy.com","description":"Tous les d\u00e9tails et informations sur la loterie Mega Sena, les d\u00e9tails sur les prix, les jeux et les avantages de jouer en ligne","robots":{"index":"index","follow":"follow","max-snippet":"max-snippet:-1","max-image-preview":"max-image-preview:large","max-video-preview":"max-video-preview:-1"},"canonical":"https:\/\/lottohoy.com\/fr\/loterie\/mega-sena\/","og_locale":"fr_FR","og_type":"article","og_title":"Informations sur la loterie Mega Sena - Lottohoy.com","og_description":"Tous les d\u00e9tails et informations sur la loterie Mega Sena, les d\u00e9tails sur les prix, les jeux et les avantages de jouer en ligne","og_url":"https:\/\/lottohoy.com\/fr\/loterie\/mega-sena\/","og_site_name":"Lottohoy","article_modified_time":"2025-03-25T15:05:16+00:00","twitter_card":"summary_large_image","twitter_misc":{"Dur\u00e9e de lecture estim\u00e9e":"3 minutes"},"schema":{"@context":"https:\/\/schema.org","@graph":[{"@type":"WebPage","@id":"https:\/\/lottohoy.com\/fr\/loterie\/mega-sena\/","url":"https:\/\/lottohoy.com\/fr\/loterie\/mega-sena\/","name":"Informations sur la loterie Mega Sena - Lottohoy.com","isPartOf":{"@id":"https:\/\/lottohoy.com\/fr\/#website"},"datePublished":"2020-08-10T15:00:00+00:00","dateModified":"2025-03-25T15:05:16+00:00","description":"Tous les d\u00e9tails et informations sur la loterie Mega Sena, les d\u00e9tails sur les prix, les jeux et les avantages de jouer en ligne","breadcrumb":{"@id":"https:\/\/lottohoy.com\/fr\/loterie\/mega-sena\/#breadcrumb"},"inLanguage":"fr-FR","potentialAction":[{"@type":"ReadAction","target":["https:\/\/lottohoy.com\/fr\/loterie\/mega-sena\/"]}]},{"@type":"BreadcrumbList","@id":"https:\/\/lottohoy.com\/fr\/loterie\/mega-sena\/#breadcrumb","itemListElement":[{"@type":"ListItem","position":1,"name":"Home","item":"https:\/\/lottohoy.com\/fr\/"},{"@type":"ListItem","position":2,"name":"Tout sur la loterie en ligne","item":"https:\/\/lottohoy.com\/fr\/loterie\/"},{"@type":"ListItem","position":3,"name":"Informations sur le Mega Sena"}]},{"@type":"WebSite","@id":"https:\/\/lottohoy.com\/fr\/#website","url":"https:\/\/lottohoy.com\/fr\/","name":"Lottohoy","description":"","potentialAction":[{"@type":"SearchAction","target":{"@type":"EntryPoint","urlTemplate":"https:\/\/lottohoy.com\/fr\/?s={search_term_string}"},"query-input":{"@type":"PropertyValueSpecification","valueRequired":true,"valueName":"search_term_string"}}],"inLanguage":"fr-FR"}]}},"_links":{"self":[{"href":"https:\/\/lottohoy.com\/fr\/wp-json\/wp\/v2\/pages\/6014","targetHints":{"allow":["GET"]}}],"collection":[{"href":"https:\/\/lottohoy.com\/fr\/wp-json\/wp\/v2\/pages"}],"about":[{"href":"https:\/\/lottohoy.com\/fr\/wp-json\/wp\/v2\/types\/page"}],"author":[{"embeddable":true,"href":"https:\/\/lottohoy.com\/fr\/wp-json\/wp\/v2\/users\/2"}],"replies":[{"embeddable":true,"href":"https:\/\/lottohoy.com\/fr\/wp-json\/wp\/v2\/comments?post=6014"}],"version-history":[{"count":1,"href":"https:\/\/lottohoy.com\/fr\/wp-json\/wp\/v2\/pages\/6014\/revisions"}],"predecessor-version":[{"id":10796,"href":"https:\/\/lottohoy.com\/fr\/wp-json\/wp\/v2\/pages\/6014\/revisions\/10796"}],"up":[{"embeddable":true,"href":"https:\/\/lottohoy.com\/fr\/wp-json\/wp\/v2\/pages\/4040"}],"wp:attachment":[{"href":"https:\/\/lottohoy.com\/fr\/wp-json\/wp\/v2\/media?parent=6014"}],"curies":[{"name":"wp","href":"https:\/\/api.w.org\/{rel}","templated":true}]}}