{"id":4102,"date":"2018-05-03T14:23:28","date_gmt":"2018-05-03T13:23:28","guid":{"rendered":"https:\/\/www.lottohoy.com\/?page_id=4102"},"modified":"2025-03-25T11:06:29","modified_gmt":"2025-03-25T11:06:29","slug":"lotto-uk","status":"publish","type":"page","link":"https:\/\/lottohoy.com\/fr\/jouer\/lotto-uk\/","title":{"rendered":"Jouez \u00e0 UK Lottery en ligne"},"content":{"rendered":"<p><!--more--><\/p>\n<p>Le loto britannique (Lotto UK) est la loterie nationale du Royaume-Uni, les r\u00e8glements indiquent qu&rsquo;ils peuvent jouer et donc collecter des prix sur 18 ans et qui r\u00e9sident ou sont pr\u00e9sents au moment de la collecte au Royaume-Uni ou \u00e0 l&rsquo;\u00eele de Man. Heureusement, il est \u00e9galement possible de jouer \u00e0 cette loterie par le biais de plateformes en ligne telles que LottoHoy.com. o\u00f9 le prix du pari unique est de 4,06 euros.<\/p>\n<p>En cas d&rsquo;attribution, le montant du prix est automatiquement cr\u00e9dit\u00e9 sur le compte de l&rsquo;utilisateur, et si le montant est tr\u00e8s \u00e9lev\u00e9, nous offrons tout le support n\u00e9cessaire pour pouvoir encaisser le prix de la mani\u00e8re la plus simple.<\/p>\n<h2><strong>Comment jouer \u00e0 Lotto UK en ligne ?<\/strong><\/h2>\n<p>Une fois que vous \u00eates sur la page de jeu de Lotto UK, vous verrez une rang\u00e9e avec 5 tickets de jeu. Chacune d&rsquo;elles a 59 bo\u00eetes num\u00e9rot\u00e9es de 1 \u00e0 59 respectivement.<\/p>\n<p>Chaque mise consiste \u00e0 cocher 6 des 59 cases pour obtenir la pr\u00e9vision sur laquelle vous voulez miser, et r\u00e9p\u00e9ter cette action dans autant de colonnes que vous voulez jouer.<\/p>\n<p>Chaque colonne correspond \u00e0 un pari, et donc le montant \u00e0 payer sera le r\u00e9sultat de la multiplication du montant du pari par le nombre de blocs jou\u00e9s.<\/p>\n<p>La loterie du Royaume-Uni a des codes compos\u00e9s de quatre cercles color\u00e9s avec une lettre dans chaque cercle et suivis d&rsquo;une s\u00e9rie de 8 chiffres. C&rsquo;est ce qu&rsquo;on appelle \u00ab\u00a0Tirage au sort millionnaire\u00a0\u00bb, valable le jour m\u00eame du tirage au sort dans lequel il est jou\u00e9.<\/p>\n<p style=\"text-align: center;\"><img loading=\"lazy\" decoding=\"async\" class=\"alignnone size-full wp-image-7027\" src=\"https:\/\/lottohoy.com\/wp-content\/uploads\/sites\/4\/jouez-uk-lottery.png\" alt=\"\" width=\"250\" height=\"250\" \/><\/p>\n<h2><strong>Quels jours le Lotto UK est-il tir\u00e9 au sort ?<\/strong><\/h2>\n<p>Les tirages au sort du Royaume-Uni ont lieu tous les mercredis \u00e0 20:00h. GMT et les samedis \u00e0 20h30. GMT . Et la vente des billets se termine officiellement \u00e0 19h30 GMT.<\/p>\n<h2><strong>Avantages d&rsquo;acheter Lotto UK en ligne<\/strong><\/h2>\n<p>Il y a de nombreux avantages \u00e0 acheter Lotto UK en ligne, surtout si l&rsquo;on consid\u00e8re les nouvelles habitudes des consommateurs et la commodit\u00e9 que cela implique.<\/p>\n<p>Ce sont quelques-uns des principaux avantages de jouer \u00e0 LottoHoy :<\/p>\n<ul>\n<li><strong>S\u00e9curit\u00e9 dans les transactions<\/strong> avec le protocole HTTPS:\/\/ et plusieurs syst\u00e8mes de paiement et de remboursements en toute confiance.<\/li>\n<li><strong>Vous pouvez acheter des billets 24\/7 tous les jours de l&rsquo;ann\u00e9e<\/strong>. Il n&rsquo;est plus n\u00e9cessaire de conna\u00eetre les heures d&rsquo;ouverture et de fermeture des points de vente.<\/li>\n<li><strong>De n&rsquo;importe o\u00f9, pas de files d&rsquo;attente<\/strong> et pas de voyages. Il suffit d&rsquo;avoir un appareil mobile, une tablette ou un ordinateur avec une connexion Internet. Il n&rsquo;y a plus de barri\u00e8res g\u00e9ographiques pour jouer au loto britannique.<\/li>\n<li><strong>Avec l&rsquo;achat en ligne, vous ne perdrez jamais le billet, il reste toujours dans votre compte<\/strong>. Avec l&rsquo;achat en ligne via notre plateforme, non seulement vous gardez toujours une trace du billet achet\u00e9, mais aussi, en cas de gain, vous serez imm\u00e9diatement inform\u00e9 via votre compte utilisateur.<\/li>\n<li><strong>Vous recevrez imm\u00e9diatement les prix gagn\u00e9s dans votre compte utilisateur<\/strong>. Une fois le tirage au sort effectu\u00e9 et les <a href=\"https:\/\/lottohoy.com\/fr\/jouer\/lotto-uk\/\"><span style=\"color: #993366;\">r\u00e9sultats du Lotto UK publi\u00e9s<\/span><\/a>, les montants gagnants seront cr\u00e9dit\u00e9s sur votre compte utilisateur.<\/li>\n<li><strong>Soyez inform\u00e9 des jackpots accumul\u00e9s<\/strong> <strong>et des tirages extraordinaires<\/strong>. De cette fa\u00e7on, vous pourrez conna\u00eetre \u00e0 l&rsquo;avance les jackpots les plus importants et vous pourrez ajuster votre mise pour obtenir un jackpot super millionnaire.<\/li>\n<\/ul>\n","protected":false},"excerpt":{"rendered":"","protected":false},"author":2,"featured_media":0,"parent":4072,"menu_order":9,"comment_status":"closed","ping_status":"closed","template":"lotto-uk.php","meta":{"_et_pb_use_builder":"","_et_pb_old_content":"","_et_gb_content_width":"","exclude_from_search":false,"footnotes":""},"class_list":["post-4102","page","type-page","status-publish","hentry"],"yoast_head":"<!-- This site is optimized with the Yoast SEO plugin v23.7 - https:\/\/yoast.com\/wordpress\/plugins\/seo\/ -->\n<title>\u25b7 Jouez \u00e0 Lotto UK en ligne | Facile, rapide et s\u00e9curis\u00e9 - LottoHoy<\/title>\n<meta name=\"description\" content=\"Le Lotto UK est la loterie nationale du Royaume-Uni et gr\u00e2ce \u00e0 LottoHoy, vous pouvez y jouer sans quitter votre domicile. Achetez vos billets et recevez vos prix sur place.\" \/>\n<meta name=\"robots\" content=\"index, follow, max-snippet:-1, max-image-preview:large, max-video-preview:-1\" \/>\n<link rel=\"canonical\" href=\"https:\/\/lottohoy.com\/fr\/jouer\/lotto-uk\/\" \/>\n<meta property=\"og:locale\" content=\"fr_FR\" \/>\n<meta property=\"og:type\" content=\"article\" \/>\n<meta property=\"og:title\" content=\"\u25b7 Jouez \u00e0 Lotto UK en ligne | Facile, rapide et s\u00e9curis\u00e9 - LottoHoy\" \/>\n<meta property=\"og:description\" content=\"Le Lotto UK est la loterie nationale du Royaume-Uni et gr\u00e2ce \u00e0 LottoHoy, vous pouvez y jouer sans quitter votre domicile. Achetez vos billets et recevez vos prix sur place.\" \/>\n<meta property=\"og:url\" content=\"https:\/\/lottohoy.com\/fr\/jouer\/lotto-uk\/\" \/>\n<meta property=\"og:site_name\" content=\"Lottohoy\" \/>\n<meta property=\"article:modified_time\" content=\"2025-03-25T11:06:29+00:00\" \/>\n<meta property=\"og:image\" content=\"https:\/\/lottohoy.com\/wp-content\/uploads\/sites\/4\/jouez-uk-lottery.png\" \/>\n<meta name=\"twitter:card\" content=\"summary_large_image\" \/>\n<meta name=\"twitter:label1\" content=\"Dur\u00e9e de lecture estim\u00e9e\" \/>\n\t<meta name=\"twitter:data1\" content=\"3 minutes\" \/>\n<script type=\"application\/ld+json\" class=\"yoast-schema-graph\">{\"@context\":\"https:\/\/schema.org\",\"@graph\":[{\"@type\":\"WebPage\",\"@id\":\"https:\/\/lottohoy.com\/fr\/jouer\/lotto-uk\/\",\"url\":\"https:\/\/lottohoy.com\/fr\/jouer\/lotto-uk\/\",\"name\":\"\u25b7 Jouez \u00e0 Lotto UK en ligne | Facile, rapide et s\u00e9curis\u00e9 - LottoHoy\",\"isPartOf\":{\"@id\":\"https:\/\/lottohoy.com\/fr\/#website\"},\"primaryImageOfPage\":{\"@id\":\"https:\/\/lottohoy.com\/fr\/jouer\/lotto-uk\/#primaryimage\"},\"image\":{\"@id\":\"https:\/\/lottohoy.com\/fr\/jouer\/lotto-uk\/#primaryimage\"},\"thumbnailUrl\":\"https:\/\/lottohoy.com\/wp-content\/uploads\/sites\/4\/jouez-uk-lottery.png\",\"datePublished\":\"2018-05-03T13:23:28+00:00\",\"dateModified\":\"2025-03-25T11:06:29+00:00\",\"description\":\"Le Lotto UK est la loterie nationale du Royaume-Uni et gr\u00e2ce \u00e0 LottoHoy, vous pouvez y jouer sans quitter votre domicile. Achetez vos billets et recevez vos prix sur place.\",\"breadcrumb\":{\"@id\":\"https:\/\/lottohoy.com\/fr\/jouer\/lotto-uk\/#breadcrumb\"},\"inLanguage\":\"fr-FR\",\"potentialAction\":[{\"@type\":\"ReadAction\",\"target\":[\"https:\/\/lottohoy.com\/fr\/jouer\/lotto-uk\/\"]}]},{\"@type\":\"ImageObject\",\"inLanguage\":\"fr-FR\",\"@id\":\"https:\/\/lottohoy.com\/fr\/jouer\/lotto-uk\/#primaryimage\",\"url\":\"https:\/\/lottohoy.com\/wp-content\/uploads\/sites\/4\/jouez-uk-lottery.png\",\"contentUrl\":\"https:\/\/lottohoy.com\/wp-content\/uploads\/sites\/4\/jouez-uk-lottery.png\"},{\"@type\":\"BreadcrumbList\",\"@id\":\"https:\/\/lottohoy.com\/fr\/jouer\/lotto-uk\/#breadcrumb\",\"itemListElement\":[{\"@type\":\"ListItem\",\"position\":1,\"name\":\"Home\",\"item\":\"https:\/\/lottohoy.com\/fr\/\"},{\"@type\":\"ListItem\",\"position\":2,\"name\":\"Jouez la loterie en ligne\",\"item\":\"https:\/\/lottohoy.com\/fr\/jouer\/\"},{\"@type\":\"ListItem\",\"position\":3,\"name\":\"Jouez \u00e0 UK Lottery en ligne\"}]},{\"@type\":\"WebSite\",\"@id\":\"https:\/\/lottohoy.com\/fr\/#website\",\"url\":\"https:\/\/lottohoy.com\/fr\/\",\"name\":\"Lottohoy\",\"description\":\"\",\"potentialAction\":[{\"@type\":\"SearchAction\",\"target\":{\"@type\":\"EntryPoint\",\"urlTemplate\":\"https:\/\/lottohoy.com\/fr\/?s={search_term_string}\"},\"query-input\":{\"@type\":\"PropertyValueSpecification\",\"valueRequired\":true,\"valueName\":\"search_term_string\"}}],\"inLanguage\":\"fr-FR\"}]}<\/script>\n<!-- \/ Yoast SEO plugin. -->","yoast_head_json":{"title":"\u25b7 Jouez \u00e0 Lotto UK en ligne | Facile, rapide et s\u00e9curis\u00e9 - LottoHoy","description":"Le Lotto UK est la loterie nationale du Royaume-Uni et gr\u00e2ce \u00e0 LottoHoy, vous pouvez y jouer sans quitter votre domicile. Achetez vos billets et recevez vos prix sur place.","robots":{"index":"index","follow":"follow","max-snippet":"max-snippet:-1","max-image-preview":"max-image-preview:large","max-video-preview":"max-video-preview:-1"},"canonical":"https:\/\/lottohoy.com\/fr\/jouer\/lotto-uk\/","og_locale":"fr_FR","og_type":"article","og_title":"\u25b7 Jouez \u00e0 Lotto UK en ligne | Facile, rapide et s\u00e9curis\u00e9 - LottoHoy","og_description":"Le Lotto UK est la loterie nationale du Royaume-Uni et gr\u00e2ce \u00e0 LottoHoy, vous pouvez y jouer sans quitter votre domicile. Achetez vos billets et recevez vos prix sur place.","og_url":"https:\/\/lottohoy.com\/fr\/jouer\/lotto-uk\/","og_site_name":"Lottohoy","article_modified_time":"2025-03-25T11:06:29+00:00","og_image":[{"url":"https:\/\/lottohoy.com\/wp-content\/uploads\/sites\/4\/jouez-uk-lottery.png"}],"twitter_card":"summary_large_image","twitter_misc":{"Dur\u00e9e de lecture estim\u00e9e":"3 minutes"},"schema":{"@context":"https:\/\/schema.org","@graph":[{"@type":"WebPage","@id":"https:\/\/lottohoy.com\/fr\/jouer\/lotto-uk\/","url":"https:\/\/lottohoy.com\/fr\/jouer\/lotto-uk\/","name":"\u25b7 Jouez \u00e0 Lotto UK en ligne | Facile, rapide et s\u00e9curis\u00e9 - LottoHoy","isPartOf":{"@id":"https:\/\/lottohoy.com\/fr\/#website"},"primaryImageOfPage":{"@id":"https:\/\/lottohoy.com\/fr\/jouer\/lotto-uk\/#primaryimage"},"image":{"@id":"https:\/\/lottohoy.com\/fr\/jouer\/lotto-uk\/#primaryimage"},"thumbnailUrl":"https:\/\/lottohoy.com\/wp-content\/uploads\/sites\/4\/jouez-uk-lottery.png","datePublished":"2018-05-03T13:23:28+00:00","dateModified":"2025-03-25T11:06:29+00:00","description":"Le Lotto UK est la loterie nationale du Royaume-Uni et gr\u00e2ce \u00e0 LottoHoy, vous pouvez y jouer sans quitter votre domicile. Achetez vos billets et recevez vos prix sur place.","breadcrumb":{"@id":"https:\/\/lottohoy.com\/fr\/jouer\/lotto-uk\/#breadcrumb"},"inLanguage":"fr-FR","potentialAction":[{"@type":"ReadAction","target":["https:\/\/lottohoy.com\/fr\/jouer\/lotto-uk\/"]}]},{"@type":"ImageObject","inLanguage":"fr-FR","@id":"https:\/\/lottohoy.com\/fr\/jouer\/lotto-uk\/#primaryimage","url":"https:\/\/lottohoy.com\/wp-content\/uploads\/sites\/4\/jouez-uk-lottery.png","contentUrl":"https:\/\/lottohoy.com\/wp-content\/uploads\/sites\/4\/jouez-uk-lottery.png"},{"@type":"BreadcrumbList","@id":"https:\/\/lottohoy.com\/fr\/jouer\/lotto-uk\/#breadcrumb","itemListElement":[{"@type":"ListItem","position":1,"name":"Home","item":"https:\/\/lottohoy.com\/fr\/"},{"@type":"ListItem","position":2,"name":"Jouez la loterie en ligne","item":"https:\/\/lottohoy.com\/fr\/jouer\/"},{"@type":"ListItem","position":3,"name":"Jouez \u00e0 UK Lottery en ligne"}]},{"@type":"WebSite","@id":"https:\/\/lottohoy.com\/fr\/#website","url":"https:\/\/lottohoy.com\/fr\/","name":"Lottohoy","description":"","potentialAction":[{"@type":"SearchAction","target":{"@type":"EntryPoint","urlTemplate":"https:\/\/lottohoy.com\/fr\/?s={search_term_string}"},"query-input":{"@type":"PropertyValueSpecification","valueRequired":true,"valueName":"search_term_string"}}],"inLanguage":"fr-FR"}]}},"_links":{"self":[{"href":"https:\/\/lottohoy.com\/fr\/wp-json\/wp\/v2\/pages\/4102","targetHints":{"allow":["GET"]}}],"collection":[{"href":"https:\/\/lottohoy.com\/fr\/wp-json\/wp\/v2\/pages"}],"about":[{"href":"https:\/\/lottohoy.com\/fr\/wp-json\/wp\/v2\/types\/page"}],"author":[{"embeddable":true,"href":"https:\/\/lottohoy.com\/fr\/wp-json\/wp\/v2\/users\/2"}],"replies":[{"embeddable":true,"href":"https:\/\/lottohoy.com\/fr\/wp-json\/wp\/v2\/comments?post=4102"}],"version-history":[{"count":2,"href":"https:\/\/lottohoy.com\/fr\/wp-json\/wp\/v2\/pages\/4102\/revisions"}],"predecessor-version":[{"id":16749,"href":"https:\/\/lottohoy.com\/fr\/wp-json\/wp\/v2\/pages\/4102\/revisions\/16749"}],"up":[{"embeddable":true,"href":"https:\/\/lottohoy.com\/fr\/wp-json\/wp\/v2\/pages\/4072"}],"wp:attachment":[{"href":"https:\/\/lottohoy.com\/fr\/wp-json\/wp\/v2\/media?parent=4102"}],"curies":[{"name":"wp","href":"https:\/\/api.w.org\/{rel}","templated":true}]}}