{"id":4100,"date":"2018-05-03T14:23:27","date_gmt":"2018-05-03T13:23:27","guid":{"rendered":"https:\/\/www.lottohoy.com\/?page_id=4100"},"modified":"2025-03-25T09:41:50","modified_gmt":"2025-03-25T09:41:50","slug":"superenalotto","status":"publish","type":"page","link":"https:\/\/lottohoy.com\/fr\/jouer\/superenalotto\/","title":{"rendered":"Jouez \u00e0 SuperEnalotto en ligne"},"content":{"rendered":"<p><!--more--><\/p>\n<p>Le Superenalotto est le jeu le plus connu d&rsquo;Italie et en m\u00eame temps, l&rsquo;un des plus importants de toute l&rsquo;Europe, pour les grands jackpots qui viennent \u00e0 \u00eatre atteints.<\/p>\n<p>La fa\u00e7on de jouer est tr\u00e8s simple : \u00e0 partir d&rsquo;une table de 90 cases, num\u00e9rot\u00e9es de 1 \u00e0 90, il faut en choisir 6 et ainsi obtenir la combinaison gagnante du pot.<\/p>\n<p>L&rsquo;extraction de ces nombres se fait \u00e0 l&rsquo;aide de deux machines. De la premi\u00e8re sont extraites les boules num\u00e9rot\u00e9es (6 principales + 1 suppl\u00e9mentaire pour le joker ou le Jolly Ball) et de l&rsquo;autre machine une boule est extraite pour d\u00e9terminer le num\u00e9ro Super Star.<\/p>\n<p>Ce nombre suppl\u00e9mentaire ou Jolly joker peut \u00eatre choisi par le joueur lui-m\u00eame ou permettre au syst\u00e8me de choisir au hasard au hasard, et entra\u00eene un co\u00fbt \u00e0 la marge.<\/p>\n<h2><strong>Comment jouer au Superenalotto en ligne ?<\/strong><\/h2>\n<p>Jouer \u00e0 Superenalotto en ligne est tr\u00e8s simple, il suffit de cr\u00e9er un compte utilisateur sur LottoHoy pour acc\u00e9der \u00e0 toutes les informations concernant l&rsquo;encaissement, les paiements, les abonnements, les billets achet\u00e9s, les statistiques, etc&#8230;.<\/p>\n<p>Cette m\u00eame page montre cinq colonnes de jeu, chacune des 5 colonnes a des cases num\u00e9rot\u00e9es de 1 \u00e0 90, et vous pouvez en remplir autant que vous voulez. Chaque colonne se r\u00e9f\u00e8re \u00e0 un pari unique dont le prix est de 3,00 euros.<\/p>\n<p>Dans ces colonnes ou lignes de 90 chiffres, vous devez faire la pr\u00e9vision que vous voulez, \u00e0 partir de la base que vous devez marquer 6 chiffres pour un simple d\u00e9placement.<\/p>\n<p>Le syst\u00e8me nous permet de remplir ces cases manuellement ou en utilisant la case de s\u00e9lection rapide, qui appara\u00eet au-dessus de chaque tableau, laisser le syst\u00e8me lui-m\u00eame d&rsquo;une mani\u00e8re al\u00e9atoire choisir la combinaison de notre pari.<\/p>\n<p>Une fois que les num\u00e9ros ont \u00e9t\u00e9 s\u00e9lectionn\u00e9s dans une ou plusieurs colonnes, allez dans la case CONTINUER et proc\u00e9dez au paiement. C&rsquo;est aussi simple que \u00e7a.<\/p>\n<p style=\"text-align: center;\"><img loading=\"lazy\" decoding=\"async\" class=\"alignnone size-full wp-image-7017\" src=\"https:\/\/lottohoy.com\/wp-content\/uploads\/sites\/4\/jouez-superenalotto.png\" alt=\"\" width=\"250\" height=\"250\" \/><\/p>\n<h2><strong>Les prix du Superenalotto Italia<\/strong><\/h2>\n<p>Superenalotto a plusieurs fa\u00e7ons de distribuer les prix, jusqu&rsquo;\u00e0 un total de 15, parmi les prix principaux, les prix Super Star et les prix Instant Win. Le montant des prix \u00e0 r\u00e9partir entre les diff\u00e9rentes cat\u00e9gories varie en fonction des montants collect\u00e9s.<\/p>\n<p>Nous nous concentrerons ici sur les principaux prix accessibles \u00e0 partir de la plateforme en ligne.<\/p>\n<p>Il y a six cat\u00e9gories de <a href=\"https:\/\/lottohoy.com\/fr\/resultats\/superenalotto\/\"><span style=\"color: #993366;\"><strong>r\u00e9sultats pour le Superenalotto<\/strong><\/span><\/a> :<\/p>\n<ul>\n<li><strong>Premi\u00e8re cat\u00e9gorie<\/strong> : Pour les gagnants des 6 num\u00e9ros de la combinaison.<\/li>\n<li><strong>Deuxi\u00e8me cat\u00e9gorie<\/strong> : 5 succ\u00e8s plus le ballon sauvage, aussi appel\u00e9 Jolly.<\/li>\n<li><strong>Troisi\u00e8me cat\u00e9gorie<\/strong> : 5 succ\u00e8s de la combinaison.<\/li>\n<li><strong>Quatri\u00e8me <\/strong>cat\u00e9gorie : 4 succ\u00e8s de la combinaison.<\/li>\n<li><strong>Cinqui\u00e8me <\/strong>cat\u00e9gorie : 3 succ\u00e8s de la combinaison.<\/li>\n<li><strong>Sixi\u00e8me cat\u00e9gorie<\/strong> : pour les gagnants de 2 num\u00e9ros de la combinaison.<\/li>\n<\/ul>\n<h2><strong>Quand le Superenalotto est-il tir\u00e9 ?<\/strong><\/h2>\n<p>Les tirages au sort du Superenalotto ont g\u00e9n\u00e9ralement lieu chaque mardi, jeudi et samedi \u00e0 20h00 GTM.<\/p>\n<p>Toutefois, certaines de ces dates peuvent se substituer \u00e0 la journ\u00e9e si celle-ci co\u00efncide avec une date marqu\u00e9e comme jour f\u00e9ri\u00e9 (f\u00eate de la R\u00e9publique, Toussaint, Immacul\u00e9e Conception, No\u00ebl, etc&#8230;).<\/p>\n<p>Puisqu&rsquo;il s&rsquo;agit d&rsquo;un tirage au sort pour ces jours cons\u00e9cutifs (mardi-jeudi-samedi), il se peut qu&rsquo;il ne soit pas possible de reporter le tirage au jour pr\u00e9c\u00e9dent ou suivant, et dans ce cas plusieurs dates de tirage doivent \u00eatre modifi\u00e9es en m\u00eame temps. Habituellement, dans ces cas, les tirages sont reprogramm\u00e9s \u00e0 l&rsquo;avance.<\/p>\n<h2><strong>Combien co\u00fbte le Superenalotto ?<\/strong><\/h2>\n<p>Le prix de chaque ticket SuperEnalotto dans LottoHoy est de 3\u20ac et comprend tous les frais de traitement et de gestion des achats aupr\u00e8s des vendeurs officiels et\/ou assimil\u00e9s.<\/p>\n","protected":false},"excerpt":{"rendered":"","protected":false},"author":2,"featured_media":0,"parent":4072,"menu_order":5,"comment_status":"closed","ping_status":"closed","template":"superenalotto.php","meta":{"_et_pb_use_builder":"","_et_pb_old_content":"","_et_gb_content_width":"","exclude_from_search":false,"footnotes":""},"class_list":["post-4100","page","type-page","status-publish","hentry"],"yoast_head":"<!-- This site is optimized with the Yoast SEO plugin v23.7 - https:\/\/yoast.com\/wordpress\/plugins\/seo\/ -->\n<title>Jugar Superenalotto en ligne - Loter\u00eda de Italia - LottoHoy.com<\/title>\n<meta name=\"description\" content=\"Le Superenalotto est le jeu le plus connu en Italie et l&#039;un des plus importants en Europe pour les grands bateaux qu&#039;il offre. Participez d\u00e8s maintenant !\" \/>\n<meta name=\"robots\" content=\"index, follow, max-snippet:-1, max-image-preview:large, max-video-preview:-1\" \/>\n<link rel=\"canonical\" href=\"https:\/\/lottohoy.com\/fr\/jouer\/superenalotto\/\" \/>\n<meta property=\"og:locale\" content=\"fr_FR\" \/>\n<meta property=\"og:type\" content=\"article\" \/>\n<meta property=\"og:title\" content=\"Jugar Superenalotto en ligne - Loter\u00eda de Italia - LottoHoy.com\" \/>\n<meta property=\"og:description\" content=\"Le Superenalotto est le jeu le plus connu en Italie et l&#039;un des plus importants en Europe pour les grands bateaux qu&#039;il offre. Participez d\u00e8s maintenant !\" \/>\n<meta property=\"og:url\" content=\"https:\/\/lottohoy.com\/fr\/jouer\/superenalotto\/\" \/>\n<meta property=\"og:site_name\" content=\"Lottohoy\" \/>\n<meta property=\"article:modified_time\" content=\"2025-03-25T09:41:50+00:00\" \/>\n<meta property=\"og:image\" content=\"https:\/\/lottohoy.com\/wp-content\/uploads\/sites\/4\/jouez-superenalotto.png\" \/>\n<meta name=\"twitter:card\" content=\"summary_large_image\" \/>\n<meta name=\"twitter:label1\" content=\"Dur\u00e9e de lecture estim\u00e9e\" \/>\n\t<meta name=\"twitter:data1\" content=\"3 minutes\" \/>\n<script type=\"application\/ld+json\" class=\"yoast-schema-graph\">{\"@context\":\"https:\/\/schema.org\",\"@graph\":[{\"@type\":\"WebPage\",\"@id\":\"https:\/\/lottohoy.com\/fr\/jouer\/superenalotto\/\",\"url\":\"https:\/\/lottohoy.com\/fr\/jouer\/superenalotto\/\",\"name\":\"Jugar Superenalotto en ligne - Loter\u00eda de Italia - LottoHoy.com\",\"isPartOf\":{\"@id\":\"https:\/\/lottohoy.com\/fr\/#website\"},\"primaryImageOfPage\":{\"@id\":\"https:\/\/lottohoy.com\/fr\/jouer\/superenalotto\/#primaryimage\"},\"image\":{\"@id\":\"https:\/\/lottohoy.com\/fr\/jouer\/superenalotto\/#primaryimage\"},\"thumbnailUrl\":\"https:\/\/lottohoy.com\/wp-content\/uploads\/sites\/4\/jouez-superenalotto.png\",\"datePublished\":\"2018-05-03T13:23:27+00:00\",\"dateModified\":\"2025-03-25T09:41:50+00:00\",\"description\":\"Le Superenalotto est le jeu le plus connu en Italie et l'un des plus importants en Europe pour les grands bateaux qu'il offre. Participez d\u00e8s maintenant !\",\"breadcrumb\":{\"@id\":\"https:\/\/lottohoy.com\/fr\/jouer\/superenalotto\/#breadcrumb\"},\"inLanguage\":\"fr-FR\",\"potentialAction\":[{\"@type\":\"ReadAction\",\"target\":[\"https:\/\/lottohoy.com\/fr\/jouer\/superenalotto\/\"]}]},{\"@type\":\"ImageObject\",\"inLanguage\":\"fr-FR\",\"@id\":\"https:\/\/lottohoy.com\/fr\/jouer\/superenalotto\/#primaryimage\",\"url\":\"https:\/\/lottohoy.com\/wp-content\/uploads\/sites\/4\/jouez-superenalotto.png\",\"contentUrl\":\"https:\/\/lottohoy.com\/wp-content\/uploads\/sites\/4\/jouez-superenalotto.png\"},{\"@type\":\"BreadcrumbList\",\"@id\":\"https:\/\/lottohoy.com\/fr\/jouer\/superenalotto\/#breadcrumb\",\"itemListElement\":[{\"@type\":\"ListItem\",\"position\":1,\"name\":\"Home\",\"item\":\"https:\/\/lottohoy.com\/fr\/\"},{\"@type\":\"ListItem\",\"position\":2,\"name\":\"Jouez la loterie en ligne\",\"item\":\"https:\/\/lottohoy.com\/fr\/jouer\/\"},{\"@type\":\"ListItem\",\"position\":3,\"name\":\"Jouez \u00e0 SuperEnalotto en ligne\"}]},{\"@type\":\"WebSite\",\"@id\":\"https:\/\/lottohoy.com\/fr\/#website\",\"url\":\"https:\/\/lottohoy.com\/fr\/\",\"name\":\"Lottohoy\",\"description\":\"\",\"potentialAction\":[{\"@type\":\"SearchAction\",\"target\":{\"@type\":\"EntryPoint\",\"urlTemplate\":\"https:\/\/lottohoy.com\/fr\/?s={search_term_string}\"},\"query-input\":{\"@type\":\"PropertyValueSpecification\",\"valueRequired\":true,\"valueName\":\"search_term_string\"}}],\"inLanguage\":\"fr-FR\"}]}<\/script>\n<!-- \/ Yoast SEO plugin. -->","yoast_head_json":{"title":"Jugar Superenalotto en ligne - Loter\u00eda de Italia - LottoHoy.com","description":"Le Superenalotto est le jeu le plus connu en Italie et l'un des plus importants en Europe pour les grands bateaux qu'il offre. Participez d\u00e8s maintenant !","robots":{"index":"index","follow":"follow","max-snippet":"max-snippet:-1","max-image-preview":"max-image-preview:large","max-video-preview":"max-video-preview:-1"},"canonical":"https:\/\/lottohoy.com\/fr\/jouer\/superenalotto\/","og_locale":"fr_FR","og_type":"article","og_title":"Jugar Superenalotto en ligne - Loter\u00eda de Italia - LottoHoy.com","og_description":"Le Superenalotto est le jeu le plus connu en Italie et l'un des plus importants en Europe pour les grands bateaux qu'il offre. Participez d\u00e8s maintenant !","og_url":"https:\/\/lottohoy.com\/fr\/jouer\/superenalotto\/","og_site_name":"Lottohoy","article_modified_time":"2025-03-25T09:41:50+00:00","og_image":[{"url":"https:\/\/lottohoy.com\/wp-content\/uploads\/sites\/4\/jouez-superenalotto.png"}],"twitter_card":"summary_large_image","twitter_misc":{"Dur\u00e9e de lecture estim\u00e9e":"3 minutes"},"schema":{"@context":"https:\/\/schema.org","@graph":[{"@type":"WebPage","@id":"https:\/\/lottohoy.com\/fr\/jouer\/superenalotto\/","url":"https:\/\/lottohoy.com\/fr\/jouer\/superenalotto\/","name":"Jugar Superenalotto en ligne - Loter\u00eda de Italia - LottoHoy.com","isPartOf":{"@id":"https:\/\/lottohoy.com\/fr\/#website"},"primaryImageOfPage":{"@id":"https:\/\/lottohoy.com\/fr\/jouer\/superenalotto\/#primaryimage"},"image":{"@id":"https:\/\/lottohoy.com\/fr\/jouer\/superenalotto\/#primaryimage"},"thumbnailUrl":"https:\/\/lottohoy.com\/wp-content\/uploads\/sites\/4\/jouez-superenalotto.png","datePublished":"2018-05-03T13:23:27+00:00","dateModified":"2025-03-25T09:41:50+00:00","description":"Le Superenalotto est le jeu le plus connu en Italie et l'un des plus importants en Europe pour les grands bateaux qu'il offre. Participez d\u00e8s maintenant !","breadcrumb":{"@id":"https:\/\/lottohoy.com\/fr\/jouer\/superenalotto\/#breadcrumb"},"inLanguage":"fr-FR","potentialAction":[{"@type":"ReadAction","target":["https:\/\/lottohoy.com\/fr\/jouer\/superenalotto\/"]}]},{"@type":"ImageObject","inLanguage":"fr-FR","@id":"https:\/\/lottohoy.com\/fr\/jouer\/superenalotto\/#primaryimage","url":"https:\/\/lottohoy.com\/wp-content\/uploads\/sites\/4\/jouez-superenalotto.png","contentUrl":"https:\/\/lottohoy.com\/wp-content\/uploads\/sites\/4\/jouez-superenalotto.png"},{"@type":"BreadcrumbList","@id":"https:\/\/lottohoy.com\/fr\/jouer\/superenalotto\/#breadcrumb","itemListElement":[{"@type":"ListItem","position":1,"name":"Home","item":"https:\/\/lottohoy.com\/fr\/"},{"@type":"ListItem","position":2,"name":"Jouez la loterie en ligne","item":"https:\/\/lottohoy.com\/fr\/jouer\/"},{"@type":"ListItem","position":3,"name":"Jouez \u00e0 SuperEnalotto en ligne"}]},{"@type":"WebSite","@id":"https:\/\/lottohoy.com\/fr\/#website","url":"https:\/\/lottohoy.com\/fr\/","name":"Lottohoy","description":"","potentialAction":[{"@type":"SearchAction","target":{"@type":"EntryPoint","urlTemplate":"https:\/\/lottohoy.com\/fr\/?s={search_term_string}"},"query-input":{"@type":"PropertyValueSpecification","valueRequired":true,"valueName":"search_term_string"}}],"inLanguage":"fr-FR"}]}},"_links":{"self":[{"href":"https:\/\/lottohoy.com\/fr\/wp-json\/wp\/v2\/pages\/4100","targetHints":{"allow":["GET"]}}],"collection":[{"href":"https:\/\/lottohoy.com\/fr\/wp-json\/wp\/v2\/pages"}],"about":[{"href":"https:\/\/lottohoy.com\/fr\/wp-json\/wp\/v2\/types\/page"}],"author":[{"embeddable":true,"href":"https:\/\/lottohoy.com\/fr\/wp-json\/wp\/v2\/users\/2"}],"replies":[{"embeddable":true,"href":"https:\/\/lottohoy.com\/fr\/wp-json\/wp\/v2\/comments?post=4100"}],"version-history":[{"count":2,"href":"https:\/\/lottohoy.com\/fr\/wp-json\/wp\/v2\/pages\/4100\/revisions"}],"predecessor-version":[{"id":16676,"href":"https:\/\/lottohoy.com\/fr\/wp-json\/wp\/v2\/pages\/4100\/revisions\/16676"}],"up":[{"embeddable":true,"href":"https:\/\/lottohoy.com\/fr\/wp-json\/wp\/v2\/pages\/4072"}],"wp:attachment":[{"href":"https:\/\/lottohoy.com\/fr\/wp-json\/wp\/v2\/media?parent=4100"}],"curies":[{"name":"wp","href":"https:\/\/api.w.org\/{rel}","templated":true}]}}