{"id":4098,"date":"2018-08-23T10:30:41","date_gmt":"2018-08-23T09:30:41","guid":{"rendered":"https:\/\/www.lottohoy.com\/?page_id=4098"},"modified":"2025-02-12T10:28:27","modified_gmt":"2025-02-12T10:28:27","slug":"saturday-lotto-au","status":"publish","type":"page","link":"https:\/\/lottohoy.com\/fr\/jouer\/saturday-lotto-au\/","title":{"rendered":"Jouez \u00e0 Saturday Lotto en ligne"},"content":{"rendered":"<p><!--more--><\/p>\n<p>Pour compl\u00e9ter la gamme hebdomadaire des tirages au sort en Australie, il y a le Saturday Lotto, un jeu qui ressemble maintenant aux loteries europ\u00e9ennes et qui consiste en un syst\u00e8me de balles tir\u00e9es d&rsquo;une balle de baseball, pour configurer une combinaison de 6 num\u00e9ros.<\/p>\n<p>Cette loterie comporte une s\u00e9rie de tirages extraordinaires, appel\u00e9s \u00ab\u00a0superdrws\u00a0\u00bb, avec un prix pouvant aller jusqu&rsquo;\u00e0 20 000 000 $ AUD, qui ont lieu tous les 6 ou 7 tirages ordinaires.<\/p>\n<p>En outre, ils organisent \u00e9galement d&rsquo;autres tirages sp\u00e9ciaux, les \u00ab\u00a0m\u00e9gadraws\u00a0\u00bb, g\u00e9n\u00e9ralement pour No\u00ebl et le Nouvel An, avec un jackpot estim\u00e9 jusqu&rsquo;\u00e0 30 millions de dollars australiens.<\/p>\n<h2><strong>Comment jouez-vous au Loto du samedi en Australie ?<\/strong><\/h2>\n<p>Pour placer un pari au Saturday Lotto, le joueur doit choisir 6 num\u00e9ros sur le plateau de jeu qui est compos\u00e9 de 45 cases num\u00e9rot\u00e9es de 1 \u00e0 45 respectivement. Le prix d&rsquo;un pari unique sur LottoHoy est de 1,50 euros.<\/p>\n<p>Au moment du tirage au sort, 6 boules principales sont tir\u00e9es au sort, plus deux extras appel\u00e9s \u00ab\u00a0compl\u00e9mentaires\u00a0\u00bb, qui n&rsquo;ont d&rsquo;autre fonction que d&rsquo;ajouter un bonus aux gagnants des 2\u00e8me et 5\u00e8me cat\u00e9gories. Il est essentiel de faire correspondre ces 2 balles avec au moins une des balles principales pour se qualifier pour le prix de la 6\u00e8me cat\u00e9gorie.<\/p>\n<h2><strong>Quand a lieu le tirage au sort du Saturday Lotto AU?<\/strong><\/h2>\n<p>Il n&rsquo;y a qu&rsquo;un seul tirage par semaine, tous les samedis \u00e0 20h30 heure locale en Australie. La vente des billets se termine 1 heure avant le tirage au sort, et une fois le tirage termin\u00e9, il est rouvert pour le tirage de la semaine prochaine.<\/p>\n<h2><strong>Combien co\u00fbte le Saturday Lotto?<\/strong><\/h2>\n<p>Dans LottoHoy, vous pouvez jouer au Saturday Lotto \u00e0 partir de 1,50 \u20ac par colonne jou\u00e9e. (Ce montant peut varier en fonction du taux de change du dollar par rapport \u00e0 l&rsquo;euro). Ce bas prix en fait l&rsquo;un des plus attractifs \u00e0 jouer chaque semaine.<\/p>\n<h2><strong>Comment acheter le Saturday Lotto<\/strong><\/h2>\n<p>Si vous n&rsquo;\u00eates pas r\u00e9sident en Australie, ou si vous n&rsquo;avez pas la possibilit\u00e9 de faire un voyage d&rsquo;agr\u00e9ment ou d&rsquo;affaires \u00e0 travers ces terres, il est conseill\u00e9 d&rsquo;acheter la loterie dans un confortable et facile \u00e0 travers notre plate-forme en ligne.<\/p>\n<p>Suivez simplement ces \u00e9tapes :<\/p>\n<ul>\n<li>Entrez sur la page du jeu du Saturday Lotto<\/li>\n<li>Chaque colonne ou ligne doit \u00eatre marqu\u00e9e de 6 cases sur les 45 disponibles.<\/li>\n<li>Vous pouvez agrandir le nombre de colonnes \u00e0 jouer en cliquant sur <strong>\u00ab\u00a0Plus de lignes\u00a0\u00bb.<\/strong><\/li>\n<li>Cliquez sur \u00ab\u00a0Continuer\u00a0\u00bb pour acc\u00e9der \u00e0 la page des paiements.<\/li>\n<\/ul>\n<p>L&rsquo;\u00e9cran de paiement affiche un large \u00e9ventail de m\u00e9thodes de paiement, allant des cartes de cr\u00e9dit\/d\u00e9bit et syst\u00e8mes connus sous le nom de Skrill ou Neteller, \u00e0 une longue liste d&rsquo;autres m\u00e9thodes de paiement.<\/p>\n","protected":false},"excerpt":{"rendered":"","protected":false},"author":2,"featured_media":0,"parent":4072,"menu_order":19,"comment_status":"closed","ping_status":"closed","template":"saturday-lotto.php","meta":{"_et_pb_use_builder":"","_et_pb_old_content":"","_et_gb_content_width":"","exclude_from_search":false,"footnotes":""},"class_list":["post-4098","page","type-page","status-publish","hentry"],"yoast_head":"<!-- This site is optimized with the Yoast SEO plugin v23.7 - https:\/\/yoast.com\/wordpress\/plugins\/seo\/ -->\n<title>Jouez au Saturday Lotto, la loterie du week-end australien<\/title>\n<meta name=\"description\" content=\"Pour placer un pari au Saturday Lotto, vous n&#039;avez qu&#039;\u00e0 choisir 6 num\u00e9ros sur le plateau de jeu qui est compos\u00e9 de 45 cases.\" \/>\n<meta name=\"robots\" content=\"index, follow, max-snippet:-1, max-image-preview:large, max-video-preview:-1\" \/>\n<link rel=\"canonical\" href=\"https:\/\/lottohoy.com\/fr\/jouer\/saturday-lotto-au\/\" \/>\n<meta property=\"og:locale\" content=\"fr_FR\" \/>\n<meta property=\"og:type\" content=\"article\" \/>\n<meta property=\"og:title\" content=\"Jouez au Saturday Lotto, la loterie du week-end australien\" \/>\n<meta property=\"og:description\" content=\"Pour placer un pari au Saturday Lotto, vous n&#039;avez qu&#039;\u00e0 choisir 6 num\u00e9ros sur le plateau de jeu qui est compos\u00e9 de 45 cases.\" \/>\n<meta property=\"og:url\" content=\"https:\/\/lottohoy.com\/fr\/jouer\/saturday-lotto-au\/\" \/>\n<meta property=\"og:site_name\" content=\"Lottohoy\" \/>\n<meta property=\"article:modified_time\" content=\"2025-02-12T10:28:27+00:00\" \/>\n<meta name=\"twitter:card\" content=\"summary_large_image\" \/>\n<meta name=\"twitter:label1\" content=\"Dur\u00e9e de lecture estim\u00e9e\" \/>\n\t<meta name=\"twitter:data1\" content=\"2 minutes\" \/>\n<script type=\"application\/ld+json\" class=\"yoast-schema-graph\">{\"@context\":\"https:\/\/schema.org\",\"@graph\":[{\"@type\":\"WebPage\",\"@id\":\"https:\/\/lottohoy.com\/fr\/jouer\/saturday-lotto-au\/\",\"url\":\"https:\/\/lottohoy.com\/fr\/jouer\/saturday-lotto-au\/\",\"name\":\"Jouez au Saturday Lotto, la loterie du week-end australien\",\"isPartOf\":{\"@id\":\"https:\/\/lottohoy.com\/fr\/#website\"},\"datePublished\":\"2018-08-23T09:30:41+00:00\",\"dateModified\":\"2025-02-12T10:28:27+00:00\",\"description\":\"Pour placer un pari au Saturday Lotto, vous n'avez qu'\u00e0 choisir 6 num\u00e9ros sur le plateau de jeu qui est compos\u00e9 de 45 cases.\",\"breadcrumb\":{\"@id\":\"https:\/\/lottohoy.com\/fr\/jouer\/saturday-lotto-au\/#breadcrumb\"},\"inLanguage\":\"fr-FR\",\"potentialAction\":[{\"@type\":\"ReadAction\",\"target\":[\"https:\/\/lottohoy.com\/fr\/jouer\/saturday-lotto-au\/\"]}]},{\"@type\":\"BreadcrumbList\",\"@id\":\"https:\/\/lottohoy.com\/fr\/jouer\/saturday-lotto-au\/#breadcrumb\",\"itemListElement\":[{\"@type\":\"ListItem\",\"position\":1,\"name\":\"Home\",\"item\":\"https:\/\/lottohoy.com\/fr\/\"},{\"@type\":\"ListItem\",\"position\":2,\"name\":\"Jouez la loterie en ligne\",\"item\":\"https:\/\/lottohoy.com\/fr\/jouer\/\"},{\"@type\":\"ListItem\",\"position\":3,\"name\":\"Jouez \u00e0 Saturday Lotto en ligne\"}]},{\"@type\":\"WebSite\",\"@id\":\"https:\/\/lottohoy.com\/fr\/#website\",\"url\":\"https:\/\/lottohoy.com\/fr\/\",\"name\":\"Lottohoy\",\"description\":\"\",\"potentialAction\":[{\"@type\":\"SearchAction\",\"target\":{\"@type\":\"EntryPoint\",\"urlTemplate\":\"https:\/\/lottohoy.com\/fr\/?s={search_term_string}\"},\"query-input\":{\"@type\":\"PropertyValueSpecification\",\"valueRequired\":true,\"valueName\":\"search_term_string\"}}],\"inLanguage\":\"fr-FR\"}]}<\/script>\n<!-- \/ Yoast SEO plugin. -->","yoast_head_json":{"title":"Jouez au Saturday Lotto, la loterie du week-end australien","description":"Pour placer un pari au Saturday Lotto, vous n'avez qu'\u00e0 choisir 6 num\u00e9ros sur le plateau de jeu qui est compos\u00e9 de 45 cases.","robots":{"index":"index","follow":"follow","max-snippet":"max-snippet:-1","max-image-preview":"max-image-preview:large","max-video-preview":"max-video-preview:-1"},"canonical":"https:\/\/lottohoy.com\/fr\/jouer\/saturday-lotto-au\/","og_locale":"fr_FR","og_type":"article","og_title":"Jouez au Saturday Lotto, la loterie du week-end australien","og_description":"Pour placer un pari au Saturday Lotto, vous n'avez qu'\u00e0 choisir 6 num\u00e9ros sur le plateau de jeu qui est compos\u00e9 de 45 cases.","og_url":"https:\/\/lottohoy.com\/fr\/jouer\/saturday-lotto-au\/","og_site_name":"Lottohoy","article_modified_time":"2025-02-12T10:28:27+00:00","twitter_card":"summary_large_image","twitter_misc":{"Dur\u00e9e de lecture estim\u00e9e":"2 minutes"},"schema":{"@context":"https:\/\/schema.org","@graph":[{"@type":"WebPage","@id":"https:\/\/lottohoy.com\/fr\/jouer\/saturday-lotto-au\/","url":"https:\/\/lottohoy.com\/fr\/jouer\/saturday-lotto-au\/","name":"Jouez au Saturday Lotto, la loterie du week-end australien","isPartOf":{"@id":"https:\/\/lottohoy.com\/fr\/#website"},"datePublished":"2018-08-23T09:30:41+00:00","dateModified":"2025-02-12T10:28:27+00:00","description":"Pour placer un pari au Saturday Lotto, vous n'avez qu'\u00e0 choisir 6 num\u00e9ros sur le plateau de jeu qui est compos\u00e9 de 45 cases.","breadcrumb":{"@id":"https:\/\/lottohoy.com\/fr\/jouer\/saturday-lotto-au\/#breadcrumb"},"inLanguage":"fr-FR","potentialAction":[{"@type":"ReadAction","target":["https:\/\/lottohoy.com\/fr\/jouer\/saturday-lotto-au\/"]}]},{"@type":"BreadcrumbList","@id":"https:\/\/lottohoy.com\/fr\/jouer\/saturday-lotto-au\/#breadcrumb","itemListElement":[{"@type":"ListItem","position":1,"name":"Home","item":"https:\/\/lottohoy.com\/fr\/"},{"@type":"ListItem","position":2,"name":"Jouez la loterie en ligne","item":"https:\/\/lottohoy.com\/fr\/jouer\/"},{"@type":"ListItem","position":3,"name":"Jouez \u00e0 Saturday Lotto en ligne"}]},{"@type":"WebSite","@id":"https:\/\/lottohoy.com\/fr\/#website","url":"https:\/\/lottohoy.com\/fr\/","name":"Lottohoy","description":"","potentialAction":[{"@type":"SearchAction","target":{"@type":"EntryPoint","urlTemplate":"https:\/\/lottohoy.com\/fr\/?s={search_term_string}"},"query-input":{"@type":"PropertyValueSpecification","valueRequired":true,"valueName":"search_term_string"}}],"inLanguage":"fr-FR"}]}},"_links":{"self":[{"href":"https:\/\/lottohoy.com\/fr\/wp-json\/wp\/v2\/pages\/4098","targetHints":{"allow":["GET"]}}],"collection":[{"href":"https:\/\/lottohoy.com\/fr\/wp-json\/wp\/v2\/pages"}],"about":[{"href":"https:\/\/lottohoy.com\/fr\/wp-json\/wp\/v2\/types\/page"}],"author":[{"embeddable":true,"href":"https:\/\/lottohoy.com\/fr\/wp-json\/wp\/v2\/users\/2"}],"replies":[{"embeddable":true,"href":"https:\/\/lottohoy.com\/fr\/wp-json\/wp\/v2\/comments?post=4098"}],"version-history":[{"count":2,"href":"https:\/\/lottohoy.com\/fr\/wp-json\/wp\/v2\/pages\/4098\/revisions"}],"predecessor-version":[{"id":14706,"href":"https:\/\/lottohoy.com\/fr\/wp-json\/wp\/v2\/pages\/4098\/revisions\/14706"}],"up":[{"embeddable":true,"href":"https:\/\/lottohoy.com\/fr\/wp-json\/wp\/v2\/pages\/4072"}],"wp:attachment":[{"href":"https:\/\/lottohoy.com\/fr\/wp-json\/wp\/v2\/media?parent=4098"}],"curies":[{"name":"wp","href":"https:\/\/api.w.org\/{rel}","templated":true}]}}