{"id":4096,"date":"2018-08-22T10:27:06","date_gmt":"2018-08-22T09:27:06","guid":{"rendered":"https:\/\/www.lottohoy.com\/?page_id=4096"},"modified":"2025-02-12T10:07:02","modified_gmt":"2025-02-12T10:07:02","slug":"powerball-au","status":"publish","type":"page","link":"https:\/\/lottohoy.com\/fr\/jouer\/powerball-au\/","title":{"rendered":"Jouez \u00e0 Powerball (AU) en ligne"},"content":{"rendered":"<p><!--more--><\/p>\n<p>Powerball AU a \u00e9t\u00e9 cr\u00e9\u00e9 en 1996 et est officiellement supervis\u00e9 par le gouvernement australien, bien qu&rsquo;exploit\u00e9 par Tatts Group.<\/p>\n<p>En avril 2018, un changement majeur a \u00e9t\u00e9 apport\u00e9 \u00e0 ses r\u00e8gles pour tenir compte de l&rsquo;offre d&rsquo;autres loteries mondiales, augmentant ainsi les chances de gagner et encourageant la cr\u00e9ation de gros jackpots.<\/p>\n<p>Powerball AU ne doit pas \u00eatre confondu avec U.S. Powerball, car bien qu&rsquo;ils aient des similitudes, leurs diff\u00e9rences sont \u00e9galement perceptibles.<\/p>\n<p>Certains des avantages \u00e0 prendre en compte lors de paris sur Powerball AU sont les suivants :<\/p>\n<ul>\n<li>Ne retient pas d&rsquo;imp\u00f4t sur les prix<\/li>\n<li>Les gagnants re\u00e7oivent la totalit\u00e9 de l&rsquo;argent du prix gagn\u00e9, tandis que le Powerball am\u00e9ricain permet la collecte en annuit\u00e9s ou, si un paiement unique est choisi, un montant important d&rsquo;imp\u00f4ts f\u00e9d\u00e9raux, provinciaux et d&rsquo;\u00e9tat doit \u00eatre pay\u00e9.<\/li>\n<li>Le syst\u00e8me d&rsquo;attribution des prix pour les cat\u00e9gories inf\u00e9rieures est proportionnel \u00e0 la collecte, plut\u00f4t que d&rsquo;exiger des montants fixes comme aux \u00c9tats-Unis.<\/li>\n<\/ul>\n<h2><strong>Comment jouez-vous au PowerBall AU ?<\/strong><\/h2>\n<p>Comme beaucoup de jeux de loterie bas\u00e9s sur des chiffres, le \u00a0PowerBall AU est compos\u00e9 de 2 sections diff\u00e9rentes dans chaque colonne de jeu :<\/p>\n<p>Une premi\u00e8re partie est compos\u00e9e de nombres compris entre 1 et 35 inclus, dont 7 devront \u00eatre choisis.<\/p>\n<p>En bas se trouve la deuxi\u00e8me section dans laquelle nous devons choisir le num\u00e9ro Powerball en cochant l&rsquo;une des cases de 1 \u00e0 20.<\/p>\n<p>Pour se qualifier pour un prix minimum, le joueur doit faire correspondre deux num\u00e9ros et la Powerball. Le prix d&rsquo;un pari simple sur Lottohoy est de 2 \u20ac.<\/p>\n<h2><strong>Quand a lieu le tirage de PowerBall AU?<\/strong><\/h2>\n<p>Il n&rsquo;y a qu&rsquo;un seul tirage hebdomadaire et il a lieu tous les jeudis \u00e0 21 h 30, heure locale.<\/p>\n<p>La vente des billets se termine une heure avant le tirage, et une fois le tirage termin\u00e9, le tirage de la semaine prochaine reprendra.<\/p>\n<h2><strong>Quel est le prix de PowerBall AU?<\/strong><\/h2>\n<p>Sur LottoHoy, vous pouvez jouer \u00e0 Powerball AU \u00e0 partir de 2 \u20ac par colonne. (Ce montant peut varier en fonction du taux de change du dollar par rapport \u00e0 l&rsquo;euro)<\/p>\n<p>Dans cette loterie est n\u00e9cessaire pour jouer un minimum de 4 colonnes.<\/p>\n<h2><strong>\u00a0<\/strong><\/h2>\n<h2><strong>Comment acheter PowerBall AU<\/strong><\/h2>\n<p>Acheter des billets pour PowerBall AU et participer \u00e0 tous vos tirages est vraiment facile et pratique gr\u00e2ce \u00e0 notre plateforme en ligne.<\/p>\n<p>Lorsque vous acc\u00e9dez \u00e0 la page de jeu pour placer le pari ou les paris souhait\u00e9s, la plateforme dispose de 5 colonnes (\u00e9galement appel\u00e9es lignes), mais qui peuvent \u00eatre \u00e9tendues autant de fois que souhait\u00e9 en cliquant simplement sur la case <strong>\u00ab\u00a0Plus de lignes\u00a0\u00bb.<\/strong><\/p>\n<p>Chaque colonne sert \u00e0 placer un pari, et vous pouvez remplir autant de colonnes que vous le souhaitez. Dans chaque colonne, seules 7 cases du premier groupe et 1 case ronde du second groupe seront coch\u00e9es pour configurer le pari.<\/p>\n<p>Le choix des num\u00e9ros et de la powerball pour configurer le pari peut se faire manuellement ou en permettant au syst\u00e8me de choisir une combinaison al\u00e9atoire pour le joueur. Cette s\u00e9lection al\u00e9atoire se fait en d\u00e9pla\u00e7ant le curseur sur la colonne et un cadre sup\u00e9rieur appara\u00eet indiquant \u00ab\u00a0s\u00e9lection rapide\u00a0\u00bb.<\/p>\n<p>Une fois que le nombre de colonnes (paris) que le joueur souhaite a \u00e9t\u00e9 d\u00e9termin\u00e9, une bo\u00eete verte appara\u00eet en bas avec le mot \u00ab\u00a0continuer\u00a0\u00bb et en cliquant dessus, on arrive \u00e0 l&rsquo;\u00e9cran de conformit\u00e9 et on proc\u00e8de au paiement au moyen de la bo\u00eete \u00ab\u00a0payer maintenant\u00a0\u00bb.<\/p>\n<p>Des cartes de cr\u00e9dit et syst\u00e8mes connus sous le nom de Skrill ou Neteller, \u00e0 une grande vari\u00e9t\u00e9 de moyens, y compris le paiement par crypto monnaie.<\/p>\n","protected":false},"excerpt":{"rendered":"","protected":false},"author":2,"featured_media":0,"parent":4072,"menu_order":17,"comment_status":"closed","ping_status":"closed","template":"powerball-au.php","meta":{"_et_pb_use_builder":"","_et_pb_old_content":"","_et_gb_content_width":"","exclude_from_search":false,"footnotes":""},"class_list":["post-4096","page","type-page","status-publish","hentry"],"yoast_head":"<!-- This site is optimized with the Yoast SEO plugin v23.7 - https:\/\/yoast.com\/wordpress\/plugins\/seo\/ -->\n<title>Jouez \u00e0 PowerBall AU, la loterie la plus importante d&#039;Australie<\/title>\n<meta name=\"description\" content=\"Passez \u00e0 l&#039;action et jouez \u00e0 Powerball AU sans quitter la maison, la loterie avec les prix les plus importants en Australie. S\u00e9lectionnez 7 num\u00e9ros et la boule Powerball\" \/>\n<meta name=\"robots\" content=\"index, follow, max-snippet:-1, max-image-preview:large, max-video-preview:-1\" \/>\n<link rel=\"canonical\" href=\"https:\/\/lottohoy.com\/fr\/jouer\/powerball-au\/\" \/>\n<meta property=\"og:locale\" content=\"fr_FR\" \/>\n<meta property=\"og:type\" content=\"article\" \/>\n<meta property=\"og:title\" content=\"Jouez \u00e0 PowerBall AU, la loterie la plus importante d&#039;Australie\" \/>\n<meta property=\"og:description\" content=\"Passez \u00e0 l&#039;action et jouez \u00e0 Powerball AU sans quitter la maison, la loterie avec les prix les plus importants en Australie. S\u00e9lectionnez 7 num\u00e9ros et la boule Powerball\" \/>\n<meta property=\"og:url\" content=\"https:\/\/lottohoy.com\/fr\/jouer\/powerball-au\/\" \/>\n<meta property=\"og:site_name\" content=\"Lottohoy\" \/>\n<meta property=\"article:modified_time\" content=\"2025-02-12T10:07:02+00:00\" \/>\n<meta name=\"twitter:card\" content=\"summary_large_image\" \/>\n<meta name=\"twitter:label1\" content=\"Dur\u00e9e de lecture estim\u00e9e\" \/>\n\t<meta name=\"twitter:data1\" content=\"3 minutes\" \/>\n<script type=\"application\/ld+json\" class=\"yoast-schema-graph\">{\"@context\":\"https:\/\/schema.org\",\"@graph\":[{\"@type\":\"WebPage\",\"@id\":\"https:\/\/lottohoy.com\/fr\/jouer\/powerball-au\/\",\"url\":\"https:\/\/lottohoy.com\/fr\/jouer\/powerball-au\/\",\"name\":\"Jouez \u00e0 PowerBall AU, la loterie la plus importante d'Australie\",\"isPartOf\":{\"@id\":\"https:\/\/lottohoy.com\/fr\/#website\"},\"datePublished\":\"2018-08-22T09:27:06+00:00\",\"dateModified\":\"2025-02-12T10:07:02+00:00\",\"description\":\"Passez \u00e0 l'action et jouez \u00e0 Powerball AU sans quitter la maison, la loterie avec les prix les plus importants en Australie. S\u00e9lectionnez 7 num\u00e9ros et la boule Powerball\",\"breadcrumb\":{\"@id\":\"https:\/\/lottohoy.com\/fr\/jouer\/powerball-au\/#breadcrumb\"},\"inLanguage\":\"fr-FR\",\"potentialAction\":[{\"@type\":\"ReadAction\",\"target\":[\"https:\/\/lottohoy.com\/fr\/jouer\/powerball-au\/\"]}]},{\"@type\":\"BreadcrumbList\",\"@id\":\"https:\/\/lottohoy.com\/fr\/jouer\/powerball-au\/#breadcrumb\",\"itemListElement\":[{\"@type\":\"ListItem\",\"position\":1,\"name\":\"Home\",\"item\":\"https:\/\/lottohoy.com\/fr\/\"},{\"@type\":\"ListItem\",\"position\":2,\"name\":\"Jouez la loterie en ligne\",\"item\":\"https:\/\/lottohoy.com\/fr\/jouer\/\"},{\"@type\":\"ListItem\",\"position\":3,\"name\":\"Jouez \u00e0 Powerball (AU) en ligne\"}]},{\"@type\":\"WebSite\",\"@id\":\"https:\/\/lottohoy.com\/fr\/#website\",\"url\":\"https:\/\/lottohoy.com\/fr\/\",\"name\":\"Lottohoy\",\"description\":\"\",\"potentialAction\":[{\"@type\":\"SearchAction\",\"target\":{\"@type\":\"EntryPoint\",\"urlTemplate\":\"https:\/\/lottohoy.com\/fr\/?s={search_term_string}\"},\"query-input\":{\"@type\":\"PropertyValueSpecification\",\"valueRequired\":true,\"valueName\":\"search_term_string\"}}],\"inLanguage\":\"fr-FR\"}]}<\/script>\n<!-- \/ Yoast SEO plugin. -->","yoast_head_json":{"title":"Jouez \u00e0 PowerBall AU, la loterie la plus importante d'Australie","description":"Passez \u00e0 l'action et jouez \u00e0 Powerball AU sans quitter la maison, la loterie avec les prix les plus importants en Australie. S\u00e9lectionnez 7 num\u00e9ros et la boule Powerball","robots":{"index":"index","follow":"follow","max-snippet":"max-snippet:-1","max-image-preview":"max-image-preview:large","max-video-preview":"max-video-preview:-1"},"canonical":"https:\/\/lottohoy.com\/fr\/jouer\/powerball-au\/","og_locale":"fr_FR","og_type":"article","og_title":"Jouez \u00e0 PowerBall AU, la loterie la plus importante d'Australie","og_description":"Passez \u00e0 l'action et jouez \u00e0 Powerball AU sans quitter la maison, la loterie avec les prix les plus importants en Australie. S\u00e9lectionnez 7 num\u00e9ros et la boule Powerball","og_url":"https:\/\/lottohoy.com\/fr\/jouer\/powerball-au\/","og_site_name":"Lottohoy","article_modified_time":"2025-02-12T10:07:02+00:00","twitter_card":"summary_large_image","twitter_misc":{"Dur\u00e9e de lecture estim\u00e9e":"3 minutes"},"schema":{"@context":"https:\/\/schema.org","@graph":[{"@type":"WebPage","@id":"https:\/\/lottohoy.com\/fr\/jouer\/powerball-au\/","url":"https:\/\/lottohoy.com\/fr\/jouer\/powerball-au\/","name":"Jouez \u00e0 PowerBall AU, la loterie la plus importante d'Australie","isPartOf":{"@id":"https:\/\/lottohoy.com\/fr\/#website"},"datePublished":"2018-08-22T09:27:06+00:00","dateModified":"2025-02-12T10:07:02+00:00","description":"Passez \u00e0 l'action et jouez \u00e0 Powerball AU sans quitter la maison, la loterie avec les prix les plus importants en Australie. S\u00e9lectionnez 7 num\u00e9ros et la boule Powerball","breadcrumb":{"@id":"https:\/\/lottohoy.com\/fr\/jouer\/powerball-au\/#breadcrumb"},"inLanguage":"fr-FR","potentialAction":[{"@type":"ReadAction","target":["https:\/\/lottohoy.com\/fr\/jouer\/powerball-au\/"]}]},{"@type":"BreadcrumbList","@id":"https:\/\/lottohoy.com\/fr\/jouer\/powerball-au\/#breadcrumb","itemListElement":[{"@type":"ListItem","position":1,"name":"Home","item":"https:\/\/lottohoy.com\/fr\/"},{"@type":"ListItem","position":2,"name":"Jouez la loterie en ligne","item":"https:\/\/lottohoy.com\/fr\/jouer\/"},{"@type":"ListItem","position":3,"name":"Jouez \u00e0 Powerball (AU) en ligne"}]},{"@type":"WebSite","@id":"https:\/\/lottohoy.com\/fr\/#website","url":"https:\/\/lottohoy.com\/fr\/","name":"Lottohoy","description":"","potentialAction":[{"@type":"SearchAction","target":{"@type":"EntryPoint","urlTemplate":"https:\/\/lottohoy.com\/fr\/?s={search_term_string}"},"query-input":{"@type":"PropertyValueSpecification","valueRequired":true,"valueName":"search_term_string"}}],"inLanguage":"fr-FR"}]}},"_links":{"self":[{"href":"https:\/\/lottohoy.com\/fr\/wp-json\/wp\/v2\/pages\/4096","targetHints":{"allow":["GET"]}}],"collection":[{"href":"https:\/\/lottohoy.com\/fr\/wp-json\/wp\/v2\/pages"}],"about":[{"href":"https:\/\/lottohoy.com\/fr\/wp-json\/wp\/v2\/types\/page"}],"author":[{"embeddable":true,"href":"https:\/\/lottohoy.com\/fr\/wp-json\/wp\/v2\/users\/2"}],"replies":[{"embeddable":true,"href":"https:\/\/lottohoy.com\/fr\/wp-json\/wp\/v2\/comments?post=4096"}],"version-history":[{"count":2,"href":"https:\/\/lottohoy.com\/fr\/wp-json\/wp\/v2\/pages\/4096\/revisions"}],"predecessor-version":[{"id":14693,"href":"https:\/\/lottohoy.com\/fr\/wp-json\/wp\/v2\/pages\/4096\/revisions\/14693"}],"up":[{"embeddable":true,"href":"https:\/\/lottohoy.com\/fr\/wp-json\/wp\/v2\/pages\/4072"}],"wp:attachment":[{"href":"https:\/\/lottohoy.com\/fr\/wp-json\/wp\/v2\/media?parent=4096"}],"curies":[{"name":"wp","href":"https:\/\/api.w.org\/{rel}","templated":true}]}}