{"id":4094,"date":"2018-05-03T14:23:27","date_gmt":"2018-05-03T13:23:27","guid":{"rendered":"https:\/\/www.lottohoy.com\/?page_id=4094"},"modified":"2025-02-24T10:46:39","modified_gmt":"2025-02-24T10:46:39","slug":"powerball","status":"publish","type":"page","link":"https:\/\/lottohoy.com\/fr\/jouer\/powerball\/","title":{"rendered":"Jouez \u00e0 Powerball en ligne"},"content":{"rendered":"<p><!--more--><\/p>\n<h2><strong>Comment jouer au Powerball ?<\/strong><\/h2>\n<p>Jouer \u00e0 <strong>Powerball<\/strong> est aussi simple que de choisir 5 num\u00e9ros entre 1 et 69, puis un num\u00e9ro suppl\u00e9mentaire (appel\u00e9 Powerball) entre 1 et 26.<\/p>\n<p>Mais allons par parties, pour faire le pari, la premi\u00e8re chose que vous devez faire est de vous <strong><a href=\"https:\/\/lottohoy.com\/fr\/auth\/inscription-ouvrez-votre-compte-joueur\/\"><span style=\"color: #993366;\">inscrire \u00e0 Lottohoy<\/span><\/a>.<\/strong> Une fois inscrit dans cette m\u00eame section, vous pourrez placer vos paris en suivant ces instructions :<\/p>\n<ul>\n<li>Dans la section de jeu appara\u00eet une ligne ou une ligne compos\u00e9e de 5 colonnes. Chacune de ces colonnes est un ticket de jeu.<\/li>\n<li>Chaque billet Powerball ne co\u00fbte que <strong>3,50 EUROS<\/strong>, l&rsquo;un des meilleurs prix que vous pouvez trouver en ligne. (Ce montant peut varier en fonction du taux de change du dollar par rapport \u00e0 l&rsquo;euro)<\/li>\n<li>En haut de la colonne se trouvent les cases 1 \u00e0 69, parmi lesquelles <strong>5 num\u00e9ros<\/strong> doivent \u00eatre s\u00e9lectionn\u00e9s.<\/li>\n<li>Au bas du tableau, il y a 26 cercles, dont 1 doit \u00eatre s\u00e9lectionn\u00e9, ce nombre est<\/li>\n<\/ul>\n<p>Si vous pr\u00e9f\u00e9rez, vous pouvez \u00e9galement utiliser le bouton <strong>Quick Pick<\/strong>, afin que la combinaison soit obtenue de mani\u00e8re al\u00e9atoire par le syst\u00e8me lui-m\u00eame.<\/p>\n<p>Rappelez-vous que si vous voulez acheter plus de 5 billets \u00e0 la fois, vous pouvez ajouter autant de lignes que vous le souhaitez en cliquant sur le bouton \u00ab\u00a0<strong>Plus de lignes<\/strong>\u00ab\u00a0. De cette fa\u00e7on, jouer plus de num\u00e9ros augmente la probabilit\u00e9 de gagner un prix.<\/p>\n<h3><strong>Prix de la loterie Powerball am\u00e9ricaine<\/strong><\/h3>\n<p>A LottoHoy, vous pouvez <strong>acheter des billets Powerball<\/strong> \u00e0 partir de 3 \u20ac par billet. Actuellement, vous ne trouverez aucune plateforme qui offre un meilleur prix et qui est compl\u00e8tement r\u00e9glement\u00e9e, ce qui vous garantit que vous recevrez vos prix.<\/p>\n<p style=\"text-align: center;\"><img loading=\"lazy\" decoding=\"async\" class=\"alignnone size-full wp-image-7002\" src=\"https:\/\/lottohoy.com\/wp-content\/uploads\/sites\/4\/jouez-powerball.png\" alt=\"\" width=\"250\" height=\"250\" \/><\/p>\n<h2><strong>Tableau des prix Powerball<\/strong><\/h2>\n<p>Il y a neuf fa\u00e7ons de gagner un prix de loterie Powerball :<\/p>\n<table width=\"614\">\n<tbody>\n<tr>\n<td style=\"text-align: center;\" width=\"151\"><strong>Cat\u00e9gorie de prix<\/strong><\/td>\n<td style=\"text-align: center;\" width=\"180\"><strong>Nombres et \u00e9toiles<\/strong><\/td>\n<td style=\"text-align: center;\" width=\"283\"><strong>Prix et r\u00e9compenses<\/strong><\/td>\n<\/tr>\n<tr>\n<td style=\"text-align: center;\" width=\"151\"><strong>I<\/strong><\/td>\n<td style=\"text-align: center;\" width=\"180\"><strong>5+1<\/strong><\/td>\n<td style=\"text-align: center;\" width=\"283\"><strong>Le plus gros prix<\/strong><\/td>\n<\/tr>\n<tr>\n<td style=\"text-align: center;\" width=\"151\"><strong>II<\/strong><\/td>\n<td style=\"text-align: center;\" width=\"180\"><strong>5+0<\/strong><\/td>\n<td style=\"text-align: center;\" width=\"283\"><strong>1.000.000$<\/strong><\/td>\n<\/tr>\n<tr>\n<td style=\"text-align: center;\" width=\"151\"><strong>III<\/strong><\/td>\n<td style=\"text-align: center;\" width=\"180\"><strong>4+1<\/strong><\/td>\n<td style=\"text-align: center;\" width=\"283\"><strong>50.000$<\/strong><\/td>\n<\/tr>\n<tr>\n<td style=\"text-align: center;\" width=\"151\"><strong>IV<\/strong><\/td>\n<td style=\"text-align: center;\" width=\"180\"><strong>4+0<\/strong><\/td>\n<td style=\"text-align: center;\" width=\"283\"><strong>100$<\/strong><\/td>\n<\/tr>\n<tr>\n<td style=\"text-align: center;\" width=\"151\"><strong>V<\/strong><\/td>\n<td style=\"text-align: center;\" width=\"180\"><strong>3+1<\/strong><\/td>\n<td style=\"text-align: center;\" width=\"283\"><strong>100$<\/strong><\/td>\n<\/tr>\n<tr>\n<td style=\"text-align: center;\" width=\"151\"><strong>VI<\/strong><\/td>\n<td style=\"text-align: center;\" width=\"180\"><strong>3+0<\/strong><\/td>\n<td style=\"text-align: center;\" width=\"283\"><strong>7$<\/strong><\/td>\n<\/tr>\n<tr>\n<td style=\"text-align: center;\" width=\"151\"><strong>VII<\/strong><\/td>\n<td style=\"text-align: center;\" width=\"180\"><strong>2+1<\/strong><\/td>\n<td style=\"text-align: center;\" width=\"283\"><strong>7$<\/strong><\/td>\n<\/tr>\n<tr>\n<td style=\"text-align: center;\" width=\"151\"><strong>VIII<\/strong><\/td>\n<td style=\"text-align: center;\" width=\"180\"><strong>1+1<\/strong><\/td>\n<td style=\"text-align: center;\" width=\"283\"><strong>4$<\/strong><\/td>\n<\/tr>\n<tr>\n<td style=\"text-align: center;\" width=\"151\"><strong>IX<\/strong><\/td>\n<td style=\"text-align: center;\" width=\"180\"><strong>0+1<\/strong><\/td>\n<td style=\"text-align: center;\" width=\"283\"><strong>4$\u00a0<\/strong><\/td>\n<\/tr>\n<\/tbody>\n<\/table>\n<p>Le montant du jackpot Powerball s&rsquo;accumulera pour le prochain tirage s&rsquo;il n&rsquo;y a pas de gagnant et continuera \u00e0 s&rsquo;accumuler jusqu&rsquo;\u00e0 ce qu&rsquo;il y en ait un. S&rsquo;il n&rsquo;y a aucun gagnant dans les autres cat\u00e9gories, ce montant sera ajout\u00e9 \u00e0 la M\u00caME cat\u00e9gorie de prix pour le prochain tirage.<\/p>\n<p>Au total et \u00e0 ce jour, 366 <span style=\"color: #993366;\"><strong>gros jackpots<\/strong><\/span> ont \u00e9t\u00e9 gagn\u00e9s. Curieusement, \u00e0 trois reprises, ils n&rsquo;ont pas \u00e9t\u00e9 r\u00e9clam\u00e9s. L&rsquo;un a \u00e9t\u00e9 vendu dans l&rsquo;\u00c9tat de G\u00e9orgie, un autre dans l&rsquo;Indiana et un troisi\u00e8me en Floride.<\/p>\n<h3><strong>Classement des jackpots livr\u00e9s \u00e0 ce jour:<\/strong><\/h3>\n<ul>\n<li id=\"tw-target-text\" class=\"tw-data-text tw-text-large tw-ta\" dir=\"ltr\" data-placeholder=\"Traducci\u00f3n\" data-ved=\"2ahUKEwjEipb2hNyLAxVC3ckDHQadH88Q3ewLegQICBAV\" aria-label=\"Texto traducido: 2,04 milliards de dollars, actuellement en 2025, est le plus gros jackpot attribu\u00e9 par la loterie Powerball\"><strong style=\"color: #666666; font-size: 14px;\">2,04 milliards de dollars, <\/strong>actuellement en 2025, est le plus gros jackpot attribu\u00e9 par la loterie Powerball<\/li>\n<li class=\"tw-data-text tw-text-large tw-ta\" dir=\"ltr\" data-placeholder=\"Traducci\u00f3n\" data-ved=\"2ahUKEwjEipb2hNyLAxVC3ckDHQadH88Q3ewLegQICBAV\" aria-label=\"Texto traducido: 2,04 milliards de dollars, actuellement en 2025, est le plus gros jackpot attribu\u00e9 par la loterie Powerball\"><strong style=\"color: #666666; font-size: 14px;\">1,556 millions<\/strong><span style=\"color: #666666; font-size: 14px;\"> de dollars, le 13-1-2016 r\u00e9parti entre trois gagnants<\/span><\/li>\n<li><strong>758 millions<\/strong> de dollars le 23 ao\u00fbt 2017 pour un seul gagnant<\/li>\n<li><strong>590 millions<\/strong> de dollars, le 18 mai 2013, pour un seul gagnant<\/li>\n<li><strong>587 millions<\/strong> de dollars le 28 novembre 2012 avec deux gagnants<\/li>\n<li><strong>564 millions<\/strong> de dollars, le 11 f\u00e9vrier 2015, pour trois laur\u00e9ats<\/li>\n<li><strong>488 millions<\/strong> de dollars, le 7 ao\u00fbt 2013, pour trois gagnants<\/li>\n<li><strong>477 millions<\/strong> de dollars, le 10 juin 2017, avec un seul gagnant<\/li>\n<\/ul>\n<h2><strong>Puis-je acheter Powerball en ligne?<\/strong><\/h2>\n<p>Bien s\u00fbr, vous pouvez, par l&rsquo;interm\u00e9diaire de LottoHoy.com vous pouvez acheter des billets Powerball puisque vos billets sont achet\u00e9s par des agents officiels dans des \u00e9tablissements autoris\u00e9s.<\/p>\n<p><strong>Acheter Powerball en ligne<\/strong> a de nombreux avantages par rapport \u00e0 l&rsquo;achat physique :<\/p>\n<ul>\n<li><strong>Il n&rsquo;est pas n\u00e9cessaire<\/strong> de se rendre au magasin.<\/li>\n<li>Vous n&rsquo;avez pas \u00e0 vous soucier des <strong>heures d&rsquo;ouverture et de fermeture.<\/strong><\/li>\n<li>La s\u00e9curit\u00e9 de garder votre <strong>billet Powerball<\/strong> en lieu s\u00fbr afin qu&rsquo;il ne soit pas perdu ou oubli\u00e9.<\/li>\n<li>Vous pouvez effectuer <strong>l&rsquo;achat<\/strong> \u00e0 partir de n&rsquo;importe quel point g\u00e9ographique, simplement en disposant d&rsquo;une connexion Internet, et soit avec un mobile, une tablette ou un ordinateur de bureau.<\/li>\n<li>L&rsquo;achat de Powerball en ligne a l&rsquo;avantage suppl\u00e9mentaire que la \u00ab\u00a0fen\u00eatre\u00a0\u00bb est ouverte 24\/7 (<em>en respectant les heures fix\u00e9es par l&rsquo;organisation comme limite d&rsquo;achat<\/em>).<\/li>\n<li>Vous pouvez v\u00e9rifier les <a href=\"https:\/\/lottohoy.com\/fr\/resultats\/powerball\/\"><span style=\"color: #993366;\"><strong>r\u00e9sultats PowerBall<\/strong><\/span><\/a> \u00e0 tout moment.<\/li>\n<\/ul>\n","protected":false},"excerpt":{"rendered":"","protected":false},"author":2,"featured_media":0,"parent":4072,"menu_order":1,"comment_status":"closed","ping_status":"closed","template":"powerball-usa.php","meta":{"_et_pb_use_builder":"","_et_pb_old_content":"","_et_gb_content_width":"","exclude_from_search":false,"footnotes":""},"class_list":["post-4094","page","type-page","status-publish","hentry"],"yoast_head":"<!-- This site is optimized with the Yoast SEO plugin v23.7 - https:\/\/yoast.com\/wordpress\/plugins\/seo\/ -->\n<title>Jouez \u00e0 PowerBall Online - Loterie des \u00c9tats-Unis - LottoHoy.com<\/title>\n<meta name=\"description\" content=\"Choisissez 5 num\u00e9ros entre 1 et 69, et un num\u00e9ro suppl\u00e9mentaire (appel\u00e9 Powerball) entre 1 et 26, dans LottoHoy vous pouvez gagner de superbes prix, qu&#039;attendez-vous ?\" \/>\n<meta name=\"robots\" content=\"index, follow, max-snippet:-1, max-image-preview:large, max-video-preview:-1\" \/>\n<link rel=\"canonical\" href=\"https:\/\/lottohoy.com\/fr\/jouer\/powerball\/\" \/>\n<meta property=\"og:locale\" content=\"fr_FR\" \/>\n<meta property=\"og:type\" content=\"article\" \/>\n<meta property=\"og:title\" content=\"Jouez \u00e0 PowerBall Online - Loterie des \u00c9tats-Unis - LottoHoy.com\" \/>\n<meta property=\"og:description\" content=\"Choisissez 5 num\u00e9ros entre 1 et 69, et un num\u00e9ro suppl\u00e9mentaire (appel\u00e9 Powerball) entre 1 et 26, dans LottoHoy vous pouvez gagner de superbes prix, qu&#039;attendez-vous ?\" \/>\n<meta property=\"og:url\" content=\"https:\/\/lottohoy.com\/fr\/jouer\/powerball\/\" \/>\n<meta property=\"og:site_name\" content=\"Lottohoy\" \/>\n<meta property=\"article:modified_time\" content=\"2025-02-24T10:46:39+00:00\" \/>\n<meta property=\"og:image\" content=\"https:\/\/lottohoy.com\/wp-content\/uploads\/sites\/4\/jouez-powerball.png\" \/>\n<meta name=\"twitter:card\" content=\"summary_large_image\" \/>\n<meta name=\"twitter:label1\" content=\"Dur\u00e9e de lecture estim\u00e9e\" \/>\n\t<meta name=\"twitter:data1\" content=\"4 minutes\" \/>\n<script type=\"application\/ld+json\" class=\"yoast-schema-graph\">{\"@context\":\"https:\/\/schema.org\",\"@graph\":[{\"@type\":\"WebPage\",\"@id\":\"https:\/\/lottohoy.com\/fr\/jouer\/powerball\/\",\"url\":\"https:\/\/lottohoy.com\/fr\/jouer\/powerball\/\",\"name\":\"Jouez \u00e0 PowerBall Online - Loterie des \u00c9tats-Unis - LottoHoy.com\",\"isPartOf\":{\"@id\":\"https:\/\/lottohoy.com\/fr\/#website\"},\"primaryImageOfPage\":{\"@id\":\"https:\/\/lottohoy.com\/fr\/jouer\/powerball\/#primaryimage\"},\"image\":{\"@id\":\"https:\/\/lottohoy.com\/fr\/jouer\/powerball\/#primaryimage\"},\"thumbnailUrl\":\"https:\/\/lottohoy.com\/wp-content\/uploads\/sites\/4\/jouez-powerball.png\",\"datePublished\":\"2018-05-03T13:23:27+00:00\",\"dateModified\":\"2025-02-24T10:46:39+00:00\",\"description\":\"Choisissez 5 num\u00e9ros entre 1 et 69, et un num\u00e9ro suppl\u00e9mentaire (appel\u00e9 Powerball) entre 1 et 26, dans LottoHoy vous pouvez gagner de superbes prix, qu'attendez-vous ?\",\"breadcrumb\":{\"@id\":\"https:\/\/lottohoy.com\/fr\/jouer\/powerball\/#breadcrumb\"},\"inLanguage\":\"fr-FR\",\"potentialAction\":[{\"@type\":\"ReadAction\",\"target\":[\"https:\/\/lottohoy.com\/fr\/jouer\/powerball\/\"]}]},{\"@type\":\"ImageObject\",\"inLanguage\":\"fr-FR\",\"@id\":\"https:\/\/lottohoy.com\/fr\/jouer\/powerball\/#primaryimage\",\"url\":\"https:\/\/lottohoy.com\/wp-content\/uploads\/sites\/4\/jouez-powerball.png\",\"contentUrl\":\"https:\/\/lottohoy.com\/wp-content\/uploads\/sites\/4\/jouez-powerball.png\"},{\"@type\":\"BreadcrumbList\",\"@id\":\"https:\/\/lottohoy.com\/fr\/jouer\/powerball\/#breadcrumb\",\"itemListElement\":[{\"@type\":\"ListItem\",\"position\":1,\"name\":\"Home\",\"item\":\"https:\/\/lottohoy.com\/fr\/\"},{\"@type\":\"ListItem\",\"position\":2,\"name\":\"Jouez la loterie en ligne\",\"item\":\"https:\/\/lottohoy.com\/fr\/jouer\/\"},{\"@type\":\"ListItem\",\"position\":3,\"name\":\"Jouez \u00e0 Powerball en ligne\"}]},{\"@type\":\"WebSite\",\"@id\":\"https:\/\/lottohoy.com\/fr\/#website\",\"url\":\"https:\/\/lottohoy.com\/fr\/\",\"name\":\"Lottohoy\",\"description\":\"\",\"potentialAction\":[{\"@type\":\"SearchAction\",\"target\":{\"@type\":\"EntryPoint\",\"urlTemplate\":\"https:\/\/lottohoy.com\/fr\/?s={search_term_string}\"},\"query-input\":{\"@type\":\"PropertyValueSpecification\",\"valueRequired\":true,\"valueName\":\"search_term_string\"}}],\"inLanguage\":\"fr-FR\"}]}<\/script>\n<!-- \/ Yoast SEO plugin. -->","yoast_head_json":{"title":"Jouez \u00e0 PowerBall Online - Loterie des \u00c9tats-Unis - LottoHoy.com","description":"Choisissez 5 num\u00e9ros entre 1 et 69, et un num\u00e9ro suppl\u00e9mentaire (appel\u00e9 Powerball) entre 1 et 26, dans LottoHoy vous pouvez gagner de superbes prix, qu'attendez-vous ?","robots":{"index":"index","follow":"follow","max-snippet":"max-snippet:-1","max-image-preview":"max-image-preview:large","max-video-preview":"max-video-preview:-1"},"canonical":"https:\/\/lottohoy.com\/fr\/jouer\/powerball\/","og_locale":"fr_FR","og_type":"article","og_title":"Jouez \u00e0 PowerBall Online - Loterie des \u00c9tats-Unis - LottoHoy.com","og_description":"Choisissez 5 num\u00e9ros entre 1 et 69, et un num\u00e9ro suppl\u00e9mentaire (appel\u00e9 Powerball) entre 1 et 26, dans LottoHoy vous pouvez gagner de superbes prix, qu'attendez-vous ?","og_url":"https:\/\/lottohoy.com\/fr\/jouer\/powerball\/","og_site_name":"Lottohoy","article_modified_time":"2025-02-24T10:46:39+00:00","og_image":[{"url":"https:\/\/lottohoy.com\/wp-content\/uploads\/sites\/4\/jouez-powerball.png"}],"twitter_card":"summary_large_image","twitter_misc":{"Dur\u00e9e de lecture estim\u00e9e":"4 minutes"},"schema":{"@context":"https:\/\/schema.org","@graph":[{"@type":"WebPage","@id":"https:\/\/lottohoy.com\/fr\/jouer\/powerball\/","url":"https:\/\/lottohoy.com\/fr\/jouer\/powerball\/","name":"Jouez \u00e0 PowerBall Online - Loterie des \u00c9tats-Unis - LottoHoy.com","isPartOf":{"@id":"https:\/\/lottohoy.com\/fr\/#website"},"primaryImageOfPage":{"@id":"https:\/\/lottohoy.com\/fr\/jouer\/powerball\/#primaryimage"},"image":{"@id":"https:\/\/lottohoy.com\/fr\/jouer\/powerball\/#primaryimage"},"thumbnailUrl":"https:\/\/lottohoy.com\/wp-content\/uploads\/sites\/4\/jouez-powerball.png","datePublished":"2018-05-03T13:23:27+00:00","dateModified":"2025-02-24T10:46:39+00:00","description":"Choisissez 5 num\u00e9ros entre 1 et 69, et un num\u00e9ro suppl\u00e9mentaire (appel\u00e9 Powerball) entre 1 et 26, dans LottoHoy vous pouvez gagner de superbes prix, qu'attendez-vous ?","breadcrumb":{"@id":"https:\/\/lottohoy.com\/fr\/jouer\/powerball\/#breadcrumb"},"inLanguage":"fr-FR","potentialAction":[{"@type":"ReadAction","target":["https:\/\/lottohoy.com\/fr\/jouer\/powerball\/"]}]},{"@type":"ImageObject","inLanguage":"fr-FR","@id":"https:\/\/lottohoy.com\/fr\/jouer\/powerball\/#primaryimage","url":"https:\/\/lottohoy.com\/wp-content\/uploads\/sites\/4\/jouez-powerball.png","contentUrl":"https:\/\/lottohoy.com\/wp-content\/uploads\/sites\/4\/jouez-powerball.png"},{"@type":"BreadcrumbList","@id":"https:\/\/lottohoy.com\/fr\/jouer\/powerball\/#breadcrumb","itemListElement":[{"@type":"ListItem","position":1,"name":"Home","item":"https:\/\/lottohoy.com\/fr\/"},{"@type":"ListItem","position":2,"name":"Jouez la loterie en ligne","item":"https:\/\/lottohoy.com\/fr\/jouer\/"},{"@type":"ListItem","position":3,"name":"Jouez \u00e0 Powerball en ligne"}]},{"@type":"WebSite","@id":"https:\/\/lottohoy.com\/fr\/#website","url":"https:\/\/lottohoy.com\/fr\/","name":"Lottohoy","description":"","potentialAction":[{"@type":"SearchAction","target":{"@type":"EntryPoint","urlTemplate":"https:\/\/lottohoy.com\/fr\/?s={search_term_string}"},"query-input":{"@type":"PropertyValueSpecification","valueRequired":true,"valueName":"search_term_string"}}],"inLanguage":"fr-FR"}]}},"_links":{"self":[{"href":"https:\/\/lottohoy.com\/fr\/wp-json\/wp\/v2\/pages\/4094","targetHints":{"allow":["GET"]}}],"collection":[{"href":"https:\/\/lottohoy.com\/fr\/wp-json\/wp\/v2\/pages"}],"about":[{"href":"https:\/\/lottohoy.com\/fr\/wp-json\/wp\/v2\/types\/page"}],"author":[{"embeddable":true,"href":"https:\/\/lottohoy.com\/fr\/wp-json\/wp\/v2\/users\/2"}],"replies":[{"embeddable":true,"href":"https:\/\/lottohoy.com\/fr\/wp-json\/wp\/v2\/comments?post=4094"}],"version-history":[{"count":3,"href":"https:\/\/lottohoy.com\/fr\/wp-json\/wp\/v2\/pages\/4094\/revisions"}],"predecessor-version":[{"id":15588,"href":"https:\/\/lottohoy.com\/fr\/wp-json\/wp\/v2\/pages\/4094\/revisions\/15588"}],"up":[{"embeddable":true,"href":"https:\/\/lottohoy.com\/fr\/wp-json\/wp\/v2\/pages\/4072"}],"wp:attachment":[{"href":"https:\/\/lottohoy.com\/fr\/wp-json\/wp\/v2\/media?parent=4094"}],"curies":[{"name":"wp","href":"https:\/\/api.w.org\/{rel}","templated":true}]}}