{"id":4084,"date":"2018-08-21T10:08:33","date_gmt":"2018-08-21T09:08:33","guid":{"rendered":"https:\/\/www.lottohoy.com\/?page_id=4084"},"modified":"2025-02-10T12:20:39","modified_gmt":"2025-02-10T12:20:39","slug":"la-primitiva","status":"publish","type":"page","link":"https:\/\/lottohoy.com\/fr\/jouer\/la-primitiva\/","title":{"rendered":"Jouez \u00e0 La Primitiva en ligne"},"content":{"rendered":"<p><!--more--><\/p>\n<p>Ce que nous connaissons aujourd&rsquo;hui comme \u00ab\u00a0Le primitiva\u00a0\u00bb, est le plus ancien jeu de loterie en Espagne. Depuis sa cr\u00e9ation en 1763, son d\u00e9veloppement a \u00e9t\u00e9 tr\u00e8s similaire au syst\u00e8me actuel, le choix de 4 num\u00e9ros sur un total de 90, pour cette raison a \u00e9t\u00e9 connu sous le nom de \u00ab\u00a0Loterie par num\u00e9ros\u201d.<\/p>\n<p>Cette loterie est d\u00e9finitivement devenue La Primitiva, suite \u00e0 la cr\u00e9ation d&rsquo;une nouvelle loterie qui a \u00e9t\u00e9 commercialis\u00e9e par le biais de billets ayant imprim\u00e9 un num\u00e9ro avec lequel participer aux tirages. Ce que nous connaissons aujourd&rsquo;hui sous le nom de Loter\u00eda National.<\/p>\n<p>En 1862, le gouvernement de l&rsquo;\u00e9poque d\u00e9cida de supprimer le tirage au sort de la primitive pour donner une plus grande valorisation \u00e0 la loterie par les num\u00e9ros, car il avait une grande acceptation, et ce ne serait qu&rsquo;un peu plus d&rsquo;un si\u00e8cle, en 1985, lorsque la loterie primitive refait surface main dans la main avec les Loteria y Apuestas del Estado (LAE), qui est l&rsquo;agence responsable des loteries en Espagne.<\/p>\n<h2><strong>Variations du r\u00e8glement \u00e0 ce jour<\/strong><\/h2>\n<ul>\n<li>Passage d&rsquo;un tirage hebdomadaire \u00e0 deux tirages (jeudi et samedi, depuis mai 1990)<\/li>\n<li>Le prix initial de 25 Ptas. (environ 0,15 \u20ac) a augment\u00e9 peu \u00e0 peu, jusqu&rsquo;\u00e0 son prix actuel.<\/li>\n<li>En 1991, une balle suppl\u00e9mentaire <strong>\u00ab\u00a0le remboursement\u00a0\u00bb<\/strong> a \u00e9t\u00e9 ajout\u00e9e au jeu.<\/li>\n<li>En 2012 a \u00e9t\u00e9 ajout\u00e9e la possibilit\u00e9 de jouer dans le dessin de la primitive avec un dessin optionnel et associ\u00e9 au m\u00eame ticket de la primitive, le \u00ab\u00a0Jocker\u00a0\u00bb.<\/li>\n<li>Co\u00efncidant avec cette date, il est d\u00e9termin\u00e9 dans les r\u00e8gles, que seuls ces billets opteront pour le pot qui en plus de deviner la combinaison des 6 boules, a \u00e9galement frapp\u00e9 la boule suppl\u00e9mentaire du remboursement.<\/li>\n<\/ul>\n<h2><strong>Comment jouer \u00e0 Primitiva ?<\/strong><\/h2>\n<p>Pour jouer la Primitiva, il suffit de choisir 6 nombres dans une colonne compos\u00e9e de 49 au total (num\u00e9rot\u00e9s de 1 \u00e0 49). Le prix du pari simple est de 2 euros.<\/p>\n<p>Il y a plusieurs fa\u00e7ons de placer des paris : simples, multiples et r\u00e9duits.<\/p>\n<ul>\n<li><strong>Pari facile<\/strong> : Utilisez autant de colonnes de jeu que vous voulez avec un minimum de 1 et un maximum de 8 colonnes. En jouant en ligne, vous pouvez parier autant de colonnes que vous le souhaitez.<\/li>\n<li><strong>Pari multiple<\/strong> : Dans ce cas, seule la premi\u00e8re colonne du ticket sera utilis\u00e9e, et vous pourrez marquer de 7 \u00e0 11 num\u00e9ros. Plus il y a de cases marqu\u00e9es, plus le nombre de paris auxquels vous participez est \u00e9lev\u00e9.<\/li>\n<li><strong>Pari r\u00e9duit<\/strong> : Ce pari est pr\u00e9vu par le syst\u00e8me lui-m\u00eame, et est g\u00e9n\u00e9ralement utilis\u00e9 exclusivement sur le billet physique.<\/li>\n<\/ul>\n<h2><strong>Comment fonctionne le dessin de Primitiva ?<\/strong><\/h2>\n<p>Le tirage au sort se fait \u00e0 l&rsquo;aide de deux tambours. L&rsquo;une d&rsquo;elles contient les 49 boules num\u00e9rot\u00e9es dont les 6 num\u00e9ros seront extraits pour la combinaison gagnante, plus une septi\u00e8me boule qui sera appel\u00e9e \u00ab\u00a0la compl\u00e9mentaire\u00a0\u00bb.<\/p>\n<p>Ce num\u00e9ro compl\u00e9mentaire n&rsquo;est pas indiqu\u00e9 sur le ticket, et comme son nom l&rsquo;indique, il sert \u00e0 compl\u00e9ter les paris qui correspondent \u00e0 5 des 6 num\u00e9ros de la combinaison gagnante. Prix \u00e0 la deuxi\u00e8me cat\u00e9gorie de 5 num\u00e9ros plus le num\u00e9ro compl\u00e9mentaire.<\/p>\n<p>A partir de la deuxi\u00e8me grosse caisse, la balle est extraite du remboursement. Ainsi, ce num\u00e9ro de rabais ne sert qu&rsquo;\u00e0 r\u00e9compenser les joueurs qui correspondent \u00e0 ce num\u00e9ro, en recevant comme prix le montant de la mise unique.<\/p>\n<h2><strong>Quels jours joue La Primitiva ?<\/strong><\/h2>\n<p>La Primitiva a lieu deux fois par semaine, le jeudi et le samedi. Le tirage au sort a lieu \u00e0 21h40 en Espagne, lors d&rsquo;un acte public dans le salon des loteries d&rsquo;Etat et paris (LAE) \u00e0 Madrid.<\/p>\n<p>Le r\u00e8glement du Primitif pr\u00e9voit la possibilit\u00e9 de modifier le lieu, le jour et l&rsquo;heure de la c\u00e9l\u00e9bration d&rsquo;un tirage au sort ou d&rsquo;une modification des dates.<\/p>\n<h2><strong>Combien co\u00fbte la Primitiva ?<\/strong><\/h2>\n<p>Dans LottoHoy, vous pouvez jouer \u00e0 la Primitiva \u00e0 partir d&rsquo;un prix de 2,50 \u20ac par colonne.<\/p>\n<p>Bien que officiellement seuls les r\u00e9sidents en Espagne peuvent acc\u00e9der \u00e0 ce jeu, aujourd&rsquo;hui et par le biais de plates-formes en ligne, vous pouvez acc\u00e9der \u00e0 l&rsquo;achat de billets et de voir les <a href=\"https:\/\/lottohoy.com\/fr\/resultats\/la-primitiva\/\"><span style=\"color: #993366;\"><strong>r\u00e9sultats de la primitiva<\/strong><\/span><\/a> de tous les pays.<\/p>\n<h2><strong>Comment acheter la Primitiva ?<\/strong><\/h2>\n<p>Acheter et participer aux tirages Primitiva via notre plateforme est tr\u00e8s simple, facile et pratique.<\/p>\n<p>En acc\u00e9dant \u00e0 la page de jeu, vous pouvez placer le pari ou les paris que vous voulez en utilisant les colonnes de jeu (aussi appel\u00e9es lignes) affich\u00e9es. Au d\u00e9part, 5 colonnes apparaissent, mais elles peuvent \u00eatre agrandies autant de fois que vous le souhaitez en cliquant simplement sur la case <strong>\u00ab\u00a0Plus de lignes\u00a0\u00bb.<\/strong><\/p>\n<p>Dans chaque colonne, 6 num\u00e9ros seront marqu\u00e9s pour configurer le d\u00e9placement. Cette combinaison peut \u00eatre faite manuellement ou en permettant au syst\u00e8me de choisir une combinaison al\u00e9atoire pour le joueur. Cette s\u00e9lection al\u00e9atoire s&rsquo;effectue en pla\u00e7ant le curseur dans la colonne et un cadre sup\u00e9rieur appara\u00eet indiquant \u00ab\u00a0s\u00e9lection rapide\u00a0\u00bb.<\/p>\n<p>Une fois que le nombre de colonnes (paris) que le joueur veut jouer a \u00e9t\u00e9 d\u00e9termin\u00e9, une case verte avec le mot \u00ab\u00a0continuer\u00a0\u00bb appara\u00eet en bas.<\/p>\n<p>Une fois dans le panier, un nouvel \u00e9cran s&rsquo;ouvre montrant une gamme de m\u00e9thodes de paiement : des cartes de cr\u00e9dit et des syst\u00e8mes connus sous le nom de Skrill ou Neteller, \u00e0 une grande vari\u00e9t\u00e9 de m\u00e9dias, y compris par le biais de monnaies crypto.<\/p>\n<h2><strong>Prix Primitiva<\/strong><\/h2>\n<p>55% du produit de chaque tirage est utilis\u00e9 pour payer les prix, 10% est utilis\u00e9 pour payer le remboursement, et les 45% restants seront s\u00e9par\u00e9s par le montant correspondant au paiement fixe de 8 \u20ac pour chaque gagnant de la 5\u00e8me cat\u00e9gorie, et le reste est divis\u00e9 entre les 4 cat\u00e9gories principales plus la cat\u00e9gorie sp\u00e9ciale.<\/p>\n<ul>\n<li>Une <strong>cat\u00e9gorie sp\u00e9ciale<\/strong>, pour les gagnants de la combinaison gagnante compl\u00e8te (6 num\u00e9ros + le remboursement). Cette cat\u00e9gorie prend environ 6,18% du produit plus le montant du jackpot accumul\u00e9, s&rsquo;il y a lieu. Un minimum de 2 millions d&rsquo;euros est garanti.<\/li>\n<li><strong>Premi\u00e8re cat\u00e9gorie<\/strong>, pour les gagnants de la combinaison principale des 6 num\u00e9ros. 12,04 % des recettes sont affect\u00e9es \u00e0 cette cat\u00e9gorie, qui sera r\u00e9partie entre tous les laur\u00e9ats de cette cat\u00e9gorie.<\/li>\n<li><strong>Deuxi\u00e8me cat\u00e9gorie<\/strong>, pour les gagnants de 5 num\u00e9ros plus le compl\u00e9mentaire. Dans cette cat\u00e9gorie, les gagnants se partagent 1,80 % des recettes.<\/li>\n<li><strong>Troisi\u00e8me cat\u00e9gorie<\/strong>, pour les gagnants de 5 num\u00e9ros, et distribuer 3,91%.<\/li>\n<li><strong>Quatri\u00e8me cat\u00e9gorie<\/strong>, pour les gagnants de 4 num\u00e9ros, et distribuer 6,32 %.<\/li>\n<li><strong>Cinqui\u00e8me cat\u00e9gorie<\/strong>, pour les gagnants de 3 num\u00e9ros, ont un prix fixe de 8 \u20ac chacun et cela repr\u00e9sente environ 14,12 % de la collection.<\/li>\n<li><strong>Le Remboursement,<\/strong> pour les gagnants du nombre consid\u00e9r\u00e9 comme remboursement un fonds a \u00e9t\u00e9 cr\u00e9\u00e9 avec 10% de la collecte de chaque tirage pour rendre effectif le paiement fixe \u00e9quivalent au montant d&rsquo;un simple pari.<\/li>\n<\/ul>\n<p>Le montant des prix obtenus est directement d\u00e9pos\u00e9 sur le compte des utilisateurs enregistr\u00e9s.<\/p>\n","protected":false},"excerpt":{"rendered":"","protected":false},"author":2,"featured_media":0,"parent":4072,"menu_order":6,"comment_status":"closed","ping_status":"closed","template":"la-primitiva.php","meta":{"_et_pb_use_builder":"","_et_pb_old_content":"","_et_gb_content_width":"","exclude_from_search":false,"footnotes":""},"class_list":["post-4084","page","type-page","status-publish","hentry"],"yoast_head":"<!-- This site is optimized with the Yoast SEO plugin v23.7 - https:\/\/yoast.com\/wordpress\/plugins\/seo\/ -->\n<title>Jouez \u00e0 Primitiva en ligne - Gagnez des prix \u00e0 LottoHoy<\/title>\n<meta name=\"description\" content=\"Jouez de chez vous \u00e0 Primitiva, s\u00e9lectionnez vos 6 num\u00e9ros pr\u00e9f\u00e9r\u00e9s dans une colonne de 49 num\u00e9ros au total. Le moyen le plus simple et le plus rapide de gagner en ligne\" \/>\n<meta name=\"robots\" content=\"index, follow, max-snippet:-1, max-image-preview:large, max-video-preview:-1\" \/>\n<link rel=\"canonical\" href=\"https:\/\/lottohoy.com\/fr\/jouer\/la-primitiva\/\" \/>\n<meta property=\"og:locale\" content=\"fr_FR\" \/>\n<meta property=\"og:type\" content=\"article\" \/>\n<meta property=\"og:title\" content=\"Jouez \u00e0 Primitiva en ligne - Gagnez des prix \u00e0 LottoHoy\" \/>\n<meta property=\"og:description\" content=\"Jouez de chez vous \u00e0 Primitiva, s\u00e9lectionnez vos 6 num\u00e9ros pr\u00e9f\u00e9r\u00e9s dans une colonne de 49 num\u00e9ros au total. Le moyen le plus simple et le plus rapide de gagner en ligne\" \/>\n<meta property=\"og:url\" content=\"https:\/\/lottohoy.com\/fr\/jouer\/la-primitiva\/\" \/>\n<meta property=\"og:site_name\" content=\"Lottohoy\" \/>\n<meta property=\"article:modified_time\" content=\"2025-02-10T12:20:39+00:00\" \/>\n<meta name=\"twitter:card\" content=\"summary_large_image\" \/>\n<meta name=\"twitter:label1\" content=\"Dur\u00e9e de lecture estim\u00e9e\" \/>\n\t<meta name=\"twitter:data1\" content=\"5 minutes\" \/>\n<script type=\"application\/ld+json\" class=\"yoast-schema-graph\">{\"@context\":\"https:\/\/schema.org\",\"@graph\":[{\"@type\":\"WebPage\",\"@id\":\"https:\/\/lottohoy.com\/fr\/jouer\/la-primitiva\/\",\"url\":\"https:\/\/lottohoy.com\/fr\/jouer\/la-primitiva\/\",\"name\":\"Jouez \u00e0 Primitiva en ligne - Gagnez des prix \u00e0 LottoHoy\",\"isPartOf\":{\"@id\":\"https:\/\/lottohoy.com\/fr\/#website\"},\"datePublished\":\"2018-08-21T09:08:33+00:00\",\"dateModified\":\"2025-02-10T12:20:39+00:00\",\"description\":\"Jouez de chez vous \u00e0 Primitiva, s\u00e9lectionnez vos 6 num\u00e9ros pr\u00e9f\u00e9r\u00e9s dans une colonne de 49 num\u00e9ros au total. Le moyen le plus simple et le plus rapide de gagner en ligne\",\"breadcrumb\":{\"@id\":\"https:\/\/lottohoy.com\/fr\/jouer\/la-primitiva\/#breadcrumb\"},\"inLanguage\":\"fr-FR\",\"potentialAction\":[{\"@type\":\"ReadAction\",\"target\":[\"https:\/\/lottohoy.com\/fr\/jouer\/la-primitiva\/\"]}]},{\"@type\":\"BreadcrumbList\",\"@id\":\"https:\/\/lottohoy.com\/fr\/jouer\/la-primitiva\/#breadcrumb\",\"itemListElement\":[{\"@type\":\"ListItem\",\"position\":1,\"name\":\"Home\",\"item\":\"https:\/\/lottohoy.com\/fr\/\"},{\"@type\":\"ListItem\",\"position\":2,\"name\":\"Jouez la loterie en ligne\",\"item\":\"https:\/\/lottohoy.com\/fr\/jouer\/\"},{\"@type\":\"ListItem\",\"position\":3,\"name\":\"Jouez \u00e0 La Primitiva en ligne\"}]},{\"@type\":\"WebSite\",\"@id\":\"https:\/\/lottohoy.com\/fr\/#website\",\"url\":\"https:\/\/lottohoy.com\/fr\/\",\"name\":\"Lottohoy\",\"description\":\"\",\"potentialAction\":[{\"@type\":\"SearchAction\",\"target\":{\"@type\":\"EntryPoint\",\"urlTemplate\":\"https:\/\/lottohoy.com\/fr\/?s={search_term_string}\"},\"query-input\":{\"@type\":\"PropertyValueSpecification\",\"valueRequired\":true,\"valueName\":\"search_term_string\"}}],\"inLanguage\":\"fr-FR\"}]}<\/script>\n<!-- \/ Yoast SEO plugin. -->","yoast_head_json":{"title":"Jouez \u00e0 Primitiva en ligne - Gagnez des prix \u00e0 LottoHoy","description":"Jouez de chez vous \u00e0 Primitiva, s\u00e9lectionnez vos 6 num\u00e9ros pr\u00e9f\u00e9r\u00e9s dans une colonne de 49 num\u00e9ros au total. Le moyen le plus simple et le plus rapide de gagner en ligne","robots":{"index":"index","follow":"follow","max-snippet":"max-snippet:-1","max-image-preview":"max-image-preview:large","max-video-preview":"max-video-preview:-1"},"canonical":"https:\/\/lottohoy.com\/fr\/jouer\/la-primitiva\/","og_locale":"fr_FR","og_type":"article","og_title":"Jouez \u00e0 Primitiva en ligne - Gagnez des prix \u00e0 LottoHoy","og_description":"Jouez de chez vous \u00e0 Primitiva, s\u00e9lectionnez vos 6 num\u00e9ros pr\u00e9f\u00e9r\u00e9s dans une colonne de 49 num\u00e9ros au total. Le moyen le plus simple et le plus rapide de gagner en ligne","og_url":"https:\/\/lottohoy.com\/fr\/jouer\/la-primitiva\/","og_site_name":"Lottohoy","article_modified_time":"2025-02-10T12:20:39+00:00","twitter_card":"summary_large_image","twitter_misc":{"Dur\u00e9e de lecture estim\u00e9e":"5 minutes"},"schema":{"@context":"https:\/\/schema.org","@graph":[{"@type":"WebPage","@id":"https:\/\/lottohoy.com\/fr\/jouer\/la-primitiva\/","url":"https:\/\/lottohoy.com\/fr\/jouer\/la-primitiva\/","name":"Jouez \u00e0 Primitiva en ligne - Gagnez des prix \u00e0 LottoHoy","isPartOf":{"@id":"https:\/\/lottohoy.com\/fr\/#website"},"datePublished":"2018-08-21T09:08:33+00:00","dateModified":"2025-02-10T12:20:39+00:00","description":"Jouez de chez vous \u00e0 Primitiva, s\u00e9lectionnez vos 6 num\u00e9ros pr\u00e9f\u00e9r\u00e9s dans une colonne de 49 num\u00e9ros au total. Le moyen le plus simple et le plus rapide de gagner en ligne","breadcrumb":{"@id":"https:\/\/lottohoy.com\/fr\/jouer\/la-primitiva\/#breadcrumb"},"inLanguage":"fr-FR","potentialAction":[{"@type":"ReadAction","target":["https:\/\/lottohoy.com\/fr\/jouer\/la-primitiva\/"]}]},{"@type":"BreadcrumbList","@id":"https:\/\/lottohoy.com\/fr\/jouer\/la-primitiva\/#breadcrumb","itemListElement":[{"@type":"ListItem","position":1,"name":"Home","item":"https:\/\/lottohoy.com\/fr\/"},{"@type":"ListItem","position":2,"name":"Jouez la loterie en ligne","item":"https:\/\/lottohoy.com\/fr\/jouer\/"},{"@type":"ListItem","position":3,"name":"Jouez \u00e0 La Primitiva en ligne"}]},{"@type":"WebSite","@id":"https:\/\/lottohoy.com\/fr\/#website","url":"https:\/\/lottohoy.com\/fr\/","name":"Lottohoy","description":"","potentialAction":[{"@type":"SearchAction","target":{"@type":"EntryPoint","urlTemplate":"https:\/\/lottohoy.com\/fr\/?s={search_term_string}"},"query-input":{"@type":"PropertyValueSpecification","valueRequired":true,"valueName":"search_term_string"}}],"inLanguage":"fr-FR"}]}},"_links":{"self":[{"href":"https:\/\/lottohoy.com\/fr\/wp-json\/wp\/v2\/pages\/4084","targetHints":{"allow":["GET"]}}],"collection":[{"href":"https:\/\/lottohoy.com\/fr\/wp-json\/wp\/v2\/pages"}],"about":[{"href":"https:\/\/lottohoy.com\/fr\/wp-json\/wp\/v2\/types\/page"}],"author":[{"embeddable":true,"href":"https:\/\/lottohoy.com\/fr\/wp-json\/wp\/v2\/users\/2"}],"replies":[{"embeddable":true,"href":"https:\/\/lottohoy.com\/fr\/wp-json\/wp\/v2\/comments?post=4084"}],"version-history":[{"count":2,"href":"https:\/\/lottohoy.com\/fr\/wp-json\/wp\/v2\/pages\/4084\/revisions"}],"predecessor-version":[{"id":14567,"href":"https:\/\/lottohoy.com\/fr\/wp-json\/wp\/v2\/pages\/4084\/revisions\/14567"}],"up":[{"embeddable":true,"href":"https:\/\/lottohoy.com\/fr\/wp-json\/wp\/v2\/pages\/4072"}],"wp:attachment":[{"href":"https:\/\/lottohoy.com\/fr\/wp-json\/wp\/v2\/media?parent=4084"}],"curies":[{"name":"wp","href":"https:\/\/api.w.org\/{rel}","templated":true}]}}