{"id":4082,"date":"2019-03-22T15:50:45","date_gmt":"2019-03-22T15:50:45","guid":{"rendered":"https:\/\/www.lottohoy.com\/?page_id=4082"},"modified":"2024-10-23T06:18:02","modified_gmt":"2024-10-23T05:18:02","slug":"lotto-fr","status":"publish","type":"page","link":"https:\/\/lottohoy.com\/fr\/jouer\/lotto-fr\/","title":{"rendered":"Jouez \u00e0 loto fran\u00e7ais (French Lotto) en ligne"},"content":{"rendered":"<p>Le Loto fran\u00e7ais est l&rsquo;un des jeux les plus populaires propos\u00e9s par la Fran\u00e7aise des Jeux (FDJ), l&rsquo;op\u00e9rateur de tous les jeux de loto en France.<\/p>\n<p>Comme la plupart des loteries dans le monde, le Loto fran\u00e7ais est r\u00e9serv\u00e9 aux joueurs plus \u00e2g\u00e9s. Dans ce cas, la France, en tant que pays organisateur, a fix\u00e9 l&rsquo;\u00e2ge de 18 ans pour pouvoir participer et participer \u00e0 tous ses jeux.<\/p>\n<h2><strong>Comment jouer au Loto fran\u00e7ais (French Lotto)?<\/strong><\/h2>\n<p>Pour jouer au French Lotto en ligne, il y a essentiellement deux possibilit\u00e9s : le faire directement sur le site de La Fran\u00e7aise des Jeux depuis la France ou via LottoHoy.<\/p>\n<p>Une fois que vous acc\u00e9dez \u00e0 la page de jeu du Lotto fran\u00e7ais via LottoHoy.com, un mod\u00e8le appara\u00eet avec 5 colonnes ou lignes de jeu o\u00f9 vous devez indiquer le coup que vous voulez faire (chaque colonne correspond \u00e0 une mise). Ces 5 colonnes initiales peuvent \u00eatre agrandies en cliquant sur la case PLUS DE LIGNES, et 5 autres colonnes apparaissent o\u00f9 vous pouvez placer plus de paris sur le m\u00eame jeu.<\/p>\n<p>Ceci peut \u00eatre r\u00e9p\u00e9t\u00e9 autant de fois que le nombre de colonnes ou de lignes que vous voulez parier.<\/p>\n<p>Pour placer un pari sur une colonne, vous devez <strong>cocher 5 des 49 cases du premier quadrant, ainsi qu&rsquo;un autre chiffre dans la deuxi\u00e8me case entre les cercles num\u00e9rot\u00e9s de 1 \u00e0 10.<\/strong><\/p>\n<p>Ce coup peut \u00eatre effectu\u00e9 manuellement, c&rsquo;est-\u00e0-dire en marquant directement sur chacun des num\u00e9ros que vous voulez faire partie de votre combinaison de mise. Et aussi, si vous le souhaitez, vous pouvez permettre au syst\u00e8me de choisir la combinaison de pari de mani\u00e8re al\u00e9atoire.<\/p>\n<p>Si le pari est attribu\u00e9, le montant du prix est automatiquement cr\u00e9dit\u00e9 sur le compte utilisateur.<\/p>\n<h2><strong>Quels sont les jours de tirage du Loto Fran\u00e7aise (French Lotto) ?<\/strong><\/h2>\n<p>Le Loto fran\u00e7ais tient trois tirages chaque semaine, les lundis, mercredis et samedis \u00e0 20h35 heure locale.<\/p>\n<p>L&rsquo;entr\u00e9e des billets ferme officiellement \u00e0 18 h, heure locale, et rouvre \u00e0 la fin du tirage pour valider les billets pour les nouveaux tirages.<\/p>\n<h2><strong>Avantages de l&rsquo;achat du Loto fran\u00e7ais (French Lotto) en ligne<\/strong><\/h2>\n<p>Il y a de nombreux avantages \u00e0 parier sur le Loto fran\u00e7ais en ligne, surtout si l&rsquo;on consid\u00e8re les nouvelles habitudes des consommateurs et la commodit\u00e9 que cela implique.<\/p>\n<p>Parmi beaucoup d&rsquo;autres, ce sont quelques-uns des principaux avantages de jouer par le biais de LottoHoy :<\/p>\n<ul>\n<li><strong>S\u00e9curit\u00e9<\/strong> des transactions.<\/li>\n<li>Pour pouvoir <strong>acc\u00e9der 24 \/7<\/strong>, tous les jours de l&rsquo;ann\u00e9e, aux achats et aux paris. .<\/li>\n<li><strong>Achetez vos billets<\/strong> depuis n&rsquo;importe quel point de la g\u00e9ographie mondiale, sans files d&rsquo;attente et sans d\u00e9placements.<\/li>\n<li>Avec l&rsquo;achat en ligne, la <strong>perte ou la perte de placement sont \u00e9vit\u00e9s,<\/strong> le billet reste toujours \u00e0 la bonne collection dans le compte utilisateur.<\/li>\n<li><strong>Les prix gagn\u00e9s sont imm\u00e9diatement cr\u00e9dit\u00e9s sur votre compte<\/strong> Apr\u00e8s le tirage au sort et la <a href=\"https:\/\/lottohoy.com\/fr\/resultats\/lotto-fr\/\"><span style=\"color: #993366\">publication des r\u00e9sultats<\/span><\/a> du Loto fran\u00e7ais, le prix est cr\u00e9dit\u00e9 sur le compte utilisateur.<\/li>\n<li><strong>Soyez inform\u00e9 des jackpots accumul\u00e9s<\/strong> et des tirages extraordinaires.<\/li>\n<\/ul>\n","protected":false},"excerpt":{"rendered":"<p>Le Loto fran\u00e7ais est l&rsquo;un des jeux les plus populaires propos\u00e9s par la Fran\u00e7aise des Jeux (FDJ), l&rsquo;op\u00e9rateur de tous les jeux de loto en France. Comme la plupart des loteries dans le monde, le Loto fran\u00e7ais est r\u00e9serv\u00e9 aux joueurs plus \u00e2g\u00e9s. Dans ce cas, la France, en tant que pays organisateur, a fix\u00e9 [&hellip;]<\/p>\n","protected":false},"author":2,"featured_media":0,"parent":4072,"menu_order":12,"comment_status":"closed","ping_status":"closed","template":"lotto-fr.php","meta":{"_et_pb_use_builder":"","_et_pb_old_content":"","_et_gb_content_width":"","exclude_from_search":false,"footnotes":""},"class_list":["post-4082","page","type-page","status-publish","hentry"],"yoast_head":"<!-- This site is optimized with the Yoast SEO plugin v23.7 - https:\/\/yoast.com\/wordpress\/plugins\/seo\/ -->\n<title>Jouer \u00e0 la loterie fran\u00e7aise \u00e0 domicile est maintenant possible - LottoHoy<\/title>\n<meta name=\"description\" content=\"Le Loto fran\u00e7ais est le jeu de loterie le plus populaire en France. Vous pouvez maintenant jouer chez vous et recevoir les prix automatiquement.\" \/>\n<meta name=\"robots\" content=\"index, follow, max-snippet:-1, max-image-preview:large, max-video-preview:-1\" \/>\n<link rel=\"canonical\" href=\"https:\/\/lottohoy.com\/fr\/jouer\/lotto-fr\/\" \/>\n<meta property=\"og:locale\" content=\"fr_FR\" \/>\n<meta property=\"og:type\" content=\"article\" \/>\n<meta property=\"og:title\" content=\"Jouer \u00e0 la loterie fran\u00e7aise \u00e0 domicile est maintenant possible - LottoHoy\" \/>\n<meta property=\"og:description\" content=\"Le Loto fran\u00e7ais est le jeu de loterie le plus populaire en France. Vous pouvez maintenant jouer chez vous et recevoir les prix automatiquement.\" \/>\n<meta property=\"og:url\" content=\"https:\/\/lottohoy.com\/fr\/jouer\/lotto-fr\/\" \/>\n<meta property=\"og:site_name\" content=\"Lottohoy\" \/>\n<meta property=\"article:modified_time\" content=\"2024-10-23T05:18:02+00:00\" \/>\n<meta name=\"twitter:card\" content=\"summary_large_image\" \/>\n<meta name=\"twitter:label1\" content=\"Dur\u00e9e de lecture estim\u00e9e\" \/>\n\t<meta name=\"twitter:data1\" content=\"3 minutes\" \/>\n<script type=\"application\/ld+json\" class=\"yoast-schema-graph\">{\"@context\":\"https:\/\/schema.org\",\"@graph\":[{\"@type\":\"WebPage\",\"@id\":\"https:\/\/lottohoy.com\/fr\/jouer\/lotto-fr\/\",\"url\":\"https:\/\/lottohoy.com\/fr\/jouer\/lotto-fr\/\",\"name\":\"Jouer \u00e0 la loterie fran\u00e7aise \u00e0 domicile est maintenant possible - LottoHoy\",\"isPartOf\":{\"@id\":\"https:\/\/lottohoy.com\/fr\/#website\"},\"datePublished\":\"2019-03-22T15:50:45+00:00\",\"dateModified\":\"2024-10-23T05:18:02+00:00\",\"description\":\"Le Loto fran\u00e7ais est le jeu de loterie le plus populaire en France. Vous pouvez maintenant jouer chez vous et recevoir les prix automatiquement.\",\"breadcrumb\":{\"@id\":\"https:\/\/lottohoy.com\/fr\/jouer\/lotto-fr\/#breadcrumb\"},\"inLanguage\":\"fr-FR\",\"potentialAction\":[{\"@type\":\"ReadAction\",\"target\":[\"https:\/\/lottohoy.com\/fr\/jouer\/lotto-fr\/\"]}]},{\"@type\":\"BreadcrumbList\",\"@id\":\"https:\/\/lottohoy.com\/fr\/jouer\/lotto-fr\/#breadcrumb\",\"itemListElement\":[{\"@type\":\"ListItem\",\"position\":1,\"name\":\"Home\",\"item\":\"https:\/\/lottohoy.com\/fr\/\"},{\"@type\":\"ListItem\",\"position\":2,\"name\":\"Jouez la loterie en ligne\",\"item\":\"https:\/\/lottohoy.com\/fr\/jouer\/\"},{\"@type\":\"ListItem\",\"position\":3,\"name\":\"Jouez \u00e0 loto fran\u00e7ais (French Lotto) en ligne\"}]},{\"@type\":\"WebSite\",\"@id\":\"https:\/\/lottohoy.com\/fr\/#website\",\"url\":\"https:\/\/lottohoy.com\/fr\/\",\"name\":\"Lottohoy\",\"description\":\"\",\"potentialAction\":[{\"@type\":\"SearchAction\",\"target\":{\"@type\":\"EntryPoint\",\"urlTemplate\":\"https:\/\/lottohoy.com\/fr\/?s={search_term_string}\"},\"query-input\":{\"@type\":\"PropertyValueSpecification\",\"valueRequired\":true,\"valueName\":\"search_term_string\"}}],\"inLanguage\":\"fr-FR\"}]}<\/script>\n<!-- \/ Yoast SEO plugin. -->","yoast_head_json":{"title":"Jouer \u00e0 la loterie fran\u00e7aise \u00e0 domicile est maintenant possible - LottoHoy","description":"Le Loto fran\u00e7ais est le jeu de loterie le plus populaire en France. Vous pouvez maintenant jouer chez vous et recevoir les prix automatiquement.","robots":{"index":"index","follow":"follow","max-snippet":"max-snippet:-1","max-image-preview":"max-image-preview:large","max-video-preview":"max-video-preview:-1"},"canonical":"https:\/\/lottohoy.com\/fr\/jouer\/lotto-fr\/","og_locale":"fr_FR","og_type":"article","og_title":"Jouer \u00e0 la loterie fran\u00e7aise \u00e0 domicile est maintenant possible - LottoHoy","og_description":"Le Loto fran\u00e7ais est le jeu de loterie le plus populaire en France. Vous pouvez maintenant jouer chez vous et recevoir les prix automatiquement.","og_url":"https:\/\/lottohoy.com\/fr\/jouer\/lotto-fr\/","og_site_name":"Lottohoy","article_modified_time":"2024-10-23T05:18:02+00:00","twitter_card":"summary_large_image","twitter_misc":{"Dur\u00e9e de lecture estim\u00e9e":"3 minutes"},"schema":{"@context":"https:\/\/schema.org","@graph":[{"@type":"WebPage","@id":"https:\/\/lottohoy.com\/fr\/jouer\/lotto-fr\/","url":"https:\/\/lottohoy.com\/fr\/jouer\/lotto-fr\/","name":"Jouer \u00e0 la loterie fran\u00e7aise \u00e0 domicile est maintenant possible - LottoHoy","isPartOf":{"@id":"https:\/\/lottohoy.com\/fr\/#website"},"datePublished":"2019-03-22T15:50:45+00:00","dateModified":"2024-10-23T05:18:02+00:00","description":"Le Loto fran\u00e7ais est le jeu de loterie le plus populaire en France. Vous pouvez maintenant jouer chez vous et recevoir les prix automatiquement.","breadcrumb":{"@id":"https:\/\/lottohoy.com\/fr\/jouer\/lotto-fr\/#breadcrumb"},"inLanguage":"fr-FR","potentialAction":[{"@type":"ReadAction","target":["https:\/\/lottohoy.com\/fr\/jouer\/lotto-fr\/"]}]},{"@type":"BreadcrumbList","@id":"https:\/\/lottohoy.com\/fr\/jouer\/lotto-fr\/#breadcrumb","itemListElement":[{"@type":"ListItem","position":1,"name":"Home","item":"https:\/\/lottohoy.com\/fr\/"},{"@type":"ListItem","position":2,"name":"Jouez la loterie en ligne","item":"https:\/\/lottohoy.com\/fr\/jouer\/"},{"@type":"ListItem","position":3,"name":"Jouez \u00e0 loto fran\u00e7ais (French Lotto) en ligne"}]},{"@type":"WebSite","@id":"https:\/\/lottohoy.com\/fr\/#website","url":"https:\/\/lottohoy.com\/fr\/","name":"Lottohoy","description":"","potentialAction":[{"@type":"SearchAction","target":{"@type":"EntryPoint","urlTemplate":"https:\/\/lottohoy.com\/fr\/?s={search_term_string}"},"query-input":{"@type":"PropertyValueSpecification","valueRequired":true,"valueName":"search_term_string"}}],"inLanguage":"fr-FR"}]}},"_links":{"self":[{"href":"https:\/\/lottohoy.com\/fr\/wp-json\/wp\/v2\/pages\/4082","targetHints":{"allow":["GET"]}}],"collection":[{"href":"https:\/\/lottohoy.com\/fr\/wp-json\/wp\/v2\/pages"}],"about":[{"href":"https:\/\/lottohoy.com\/fr\/wp-json\/wp\/v2\/types\/page"}],"author":[{"embeddable":true,"href":"https:\/\/lottohoy.com\/fr\/wp-json\/wp\/v2\/users\/2"}],"replies":[{"embeddable":true,"href":"https:\/\/lottohoy.com\/fr\/wp-json\/wp\/v2\/comments?post=4082"}],"version-history":[{"count":1,"href":"https:\/\/lottohoy.com\/fr\/wp-json\/wp\/v2\/pages\/4082\/revisions"}],"predecessor-version":[{"id":10785,"href":"https:\/\/lottohoy.com\/fr\/wp-json\/wp\/v2\/pages\/4082\/revisions\/10785"}],"up":[{"embeddable":true,"href":"https:\/\/lottohoy.com\/fr\/wp-json\/wp\/v2\/pages\/4072"}],"wp:attachment":[{"href":"https:\/\/lottohoy.com\/fr\/wp-json\/wp\/v2\/media?parent=4082"}],"curies":[{"name":"wp","href":"https:\/\/api.w.org\/{rel}","templated":true}]}}