{"id":4080,"date":"2018-05-03T14:23:26","date_gmt":"2018-05-03T13:23:26","guid":{"rendered":"https:\/\/www.lottohoy.com\/?page_id=4080"},"modified":"2025-06-13T16:28:23","modified_gmt":"2025-06-13T15:28:23","slug":"euromillions","status":"publish","type":"page","link":"https:\/\/lottohoy.com\/fr\/jouer\/euromillions\/","title":{"rendered":"Jouez \u00e0 EuroMillions en ligne"},"content":{"rendered":"<p><!--more--><\/p>\n<p><strong>Euromillions<\/strong> est la loterie que la plupart des gens jouent en Europe. Elle est organis\u00e9e par les 9 organismes en charge des loteries des pays suivants : l&rsquo;Espagne (Loterie et jeux d&rsquo;Etat), la France (La Fran\u00e7aise des Jeux) et le Royaume-Uni (Loterie Nationale), qui ont \u00e9t\u00e9 les trois pionniers, qui ont rejoint quelques mois plus tard : Autriche, Belgique, Irlande, Luxembourg, Portugal et Suisse.<\/p>\n<p>Il est clair que les temps changent et que les nouvelles technologies facilitent de nombreuses activit\u00e9s pour obtenir plus de confort, gagner du temps et de la s\u00e9curit\u00e9.<\/p>\n<p>Dans ce sens, nous ouvrons la possibilit\u00e9 de <strong>jouer \u00e0 la loterie Euromillions<\/strong> \u00e9galement en ligne \u00e0 travers notre plateforme, en profitant des avantages que cela implique.<\/p>\n<p>Les chances de gagner un prix en lan\u00e7ant votre ticket Euromillions, y compris les <span style=\"color: #993366\"><strong>gros jackpots<\/strong><\/span>, sont exactement les m\u00eames en jouant en ligne qu&rsquo;en le faisant via un ticket physique dans une administration autoris\u00e9e.<\/p>\n<h2><strong>Comment jouer \u00e0 Euromillions en ligne ?<\/strong><\/h2>\n<p>Jouer \u00e0 Euromillions en ligne est vraiment facile, il vous suffit de <strong><span style=\"color: #993366\">cr\u00e9er un compte utilisateur<\/span> <\/strong>dans LottoHoy, et vous aurez ainsi acc\u00e8s \u00e0 toutes les informations sur les collections, les paiements, les abonnements, les statistiques et vous pouvez placer vos paris.<\/p>\n<p>En haut de cette section, il y a une barre de menu avec quatre options :<\/p>\n<ul>\n<li><strong>Jouer \u00e0 Euromillions<\/strong>: Section dans laquelle vous pouvez choisir vos num\u00e9ros favoris.<\/li>\n<li><a href=\"https:\/\/lottohoy.com\/fr\/resultats\/euromillions\/\"><span style=\"color: #993366\"><strong>R\u00e9sultats Euromillions<\/strong><\/span><\/a>: Avec des informations sur le dernier tirage, la combinaison gagnante et la distribution des prix dans les diff\u00e9rentes cat\u00e9gories. Vous pouvez \u00e9galement avoir acc\u00e8s \u00e0 l&rsquo;information sur les tirages pr\u00e9c\u00e9dents et le montant de leurs prix.<\/li>\n<li><strong>Euromillions d&rsquo;informations<\/strong>: Toutes les informations relatives \u00e0 ce jeu, les cat\u00e9gories de prix, les pourcentages de collecte affect\u00e9s \u00e0 chaque cat\u00e9gorie et les possibilit\u00e9s de gagner dans chaque cat\u00e9gorie.<\/li>\n<li><strong>Euromillions news<\/strong>: Toute l&rsquo;actualit\u00e9 de ce type de loterie.<\/li>\n<\/ul>\n<p>Ci-dessous se trouve la premi\u00e8re ligne de jeu, compos\u00e9e de cinq colonnes (ou tickets). Vous pouvez jouer une seule colonne ou autant que vous voulez, vous pouvez m\u00eame ajouter plus de lignes et ainsi jouer plus de nombres.<\/p>\n<p>Chaque billet co\u00fbte 4,25 EUROS et est num\u00e9rot\u00e9 de 1 \u00e0 50, et un peu moins de 12 autres bo\u00eetes r\u00e9serv\u00e9es aux \u00e9toiles.<\/p>\n<p>Dans ces tableaux de 50 chiffres et 12 \u00e9toiles, vous devez faire la pr\u00e9vision que vous voulez, \u00e0 partir de la base que <strong>vous devez marquer 5 cases ou chiffres et 2 \u00e9toiles<\/strong> pour un simple d\u00e9placement.<\/p>\n<p>Le syst\u00e8me nous permet de remplir ces cases <strong>manuellement <\/strong>avec nos num\u00e9ros pr\u00e9f\u00e9r\u00e9s, ou par l&rsquo;option de s\u00e9lection rapide qui appara\u00eet au-dessus de chaque tableau. De cette fa\u00e7on, c&rsquo;est <strong>le syst\u00e8me lui-m\u00eame<\/strong> qui choisit au hasard la combinaison avec laquelle nous allons jouer.<\/p>\n<p>Comme vous le savez, <strong>Euromillions <\/strong>est la plus grande loterie d&rsquo;Europe et celle qui offre le plus de prix. Par cons\u00e9quent, il est important de conna\u00eetre les <strong>diff\u00e9rents types de paris<\/strong> que vous pouvez faire pour augmenter vos chances de gagner le plus gros lot.<\/p>\n<p>Il existe plusieurs types de jeux de hasard :<\/p>\n<h3><strong>Mise pari d&rsquo;Euromillions<\/strong><\/h3>\n<p>Le <strong>pari simple<\/strong> consiste \u00e0 utiliser chaque planche ou colonne d&rsquo;une mani\u00e8re unitaire pour faire le pari. Il est simplement n\u00e9cessaire de marquer <strong>5 carr\u00e9s ou chiffres et 2 \u00e9toiles.<\/strong><\/p>\n<p>Vous pouvez remplir autant de colonnes ou de tickets que vous voulez pour faire des paris. De plus, vous avez la possibilit\u00e9 d&rsquo;ajouter des lignes suppl\u00e9mentaires.<\/p>\n<p>La simple mise en place d&rsquo;Euromillions co\u00fbte 4,25 \u20ac en jouant \u00e0 Lottohoy.<\/p>\n<h3><strong>Euromillions paris multiples<\/strong><\/h3>\n<p>Pour placer <strong>plusieurs paris<\/strong>, il suffit de remplir chaque colonne avec un minimum de 6 chiffres et un maximum de 10 chiffres. Et de 2 \u00e9toiles \u00e0 un maximum de 6.<\/p>\n<p>Exactement la m\u00eame chose que dans le cas d&rsquo;un pari simple, \u00e9galement dans le cas de paris multiples, vous pouvez choisir parce que c&rsquo;est le syst\u00e8me qui choisit les jeux au hasard.<\/p>\n<h4><strong>Euromillions : Combien co\u00fbte le pari multiple<\/strong><\/h4>\n<p>Le montant total des paris qui peuvent \u00eatre jou\u00e9s provient de la combinaison des pr\u00e9dictions du tableau des nombres et des \u00e9toiles ci-dessous :<\/p>\n<table>\n<tbody>\n<tr>\n<td style=\"text-align: center\"><strong>ETOILES<\/strong><\/td>\n<td style=\"text-align: center\" colspan=\"5\" width=\"264\"><strong>NUM\u00c9ROS<\/strong><\/td>\n<td width=\"56\"><\/td>\n<\/tr>\n<tr>\n<td><\/td>\n<td style=\"text-align: center\" width=\"47\"><span style=\"color: #993366\"><strong>5<\/strong><\/span><\/td>\n<td style=\"text-align: center\" width=\"47\"><span style=\"color: #993366\"><strong>6<\/strong><\/span><\/td>\n<td style=\"text-align: center\" width=\"57\"><span style=\"color: #993366\"><strong>7<\/strong><\/span><\/td>\n<td style=\"text-align: center\" width=\"57\"><span style=\"color: #993366\"><strong>8<\/strong><\/span><\/td>\n<td style=\"text-align: center\" width=\"57\"><span style=\"color: #993366\"><strong>9<\/strong><\/span><\/td>\n<td style=\"text-align: center\" width=\"56\"><span style=\"color: #993366\"><strong>10<\/strong><\/span><\/td>\n<\/tr>\n<tr>\n<td style=\"text-align: center\"><span style=\"color: #993366\"><strong>2<\/strong><\/span><\/td>\n<td style=\"text-align: center\" width=\"47\">1<\/td>\n<td style=\"text-align: center\" width=\"47\">6<\/td>\n<td style=\"text-align: center\" width=\"57\">21<\/td>\n<td style=\"text-align: center\" width=\"57\">56<\/td>\n<td style=\"text-align: center\" width=\"57\">126<\/td>\n<td style=\"text-align: center\" width=\"56\">252<\/td>\n<\/tr>\n<tr>\n<td style=\"text-align: center\"><span style=\"color: #993366\"><strong>3<\/strong><\/span><\/td>\n<td style=\"text-align: center\" width=\"47\">3<\/td>\n<td style=\"text-align: center\" width=\"47\">18<\/td>\n<td style=\"text-align: center\" width=\"57\">63<\/td>\n<td style=\"text-align: center\" width=\"57\">168<\/td>\n<td style=\"text-align: center\" width=\"57\">378<\/td>\n<td style=\"text-align: center\" width=\"56\">756<\/td>\n<\/tr>\n<tr>\n<td style=\"text-align: center\"><span style=\"color: #993366\"><strong>4<\/strong><\/span><\/td>\n<td style=\"text-align: center\" width=\"47\">6<\/td>\n<td style=\"text-align: center\" width=\"47\">36<\/td>\n<td style=\"text-align: center\" width=\"57\">126<\/td>\n<td style=\"text-align: center\" width=\"57\">336<\/td>\n<td style=\"text-align: center\" width=\"57\">756<\/td>\n<td style=\"text-align: center\" width=\"56\">1512<\/td>\n<\/tr>\n<tr>\n<td style=\"text-align: center\"><span style=\"color: #993366\"><strong>5<\/strong><\/span><\/td>\n<td style=\"text-align: center\" width=\"47\">10<\/td>\n<td style=\"text-align: center\" width=\"47\">60<\/td>\n<td style=\"text-align: center\" width=\"57\">210<\/td>\n<td style=\"text-align: center\" width=\"57\">560<\/td>\n<td style=\"text-align: center\" width=\"57\">1260<\/td>\n<td style=\"text-align: center\" width=\"56\">2520<\/td>\n<\/tr>\n<\/tbody>\n<\/table>\n<p>Le prix r\u00e9sultant est de multiplier le nombre r\u00e9sultant de paris par le montant unitaire de chaque pari.<\/p>\n<p>Prenons des exemples :<\/p>\n<ul>\n<li>Une combinaison multiple de 7 chiffres et 3 \u00e9toiles \u00e9quivaut \u00e0 63 paris.<\/li>\n<li>Une combinaison multiple de 9 chiffres et 5 \u00e9toiles \u00e9quivaut \u00e0 1 260 paris.<\/li>\n<\/ul>\n<h3><strong>Pari r\u00e9duit pour Euromillions<\/strong><\/h3>\n<p>Le syst\u00e8me de <strong>pari r\u00e9duit pour Euromillions<\/strong> consiste en quelque chose d&rsquo;aussi simple que la recherche de combinaisons qui nous permettent de jouer plus de num\u00e9ros pour moins d&rsquo;argent.<\/p>\n<p>Les r\u00e9ductions possibles sont les suivantes :<\/p>\n<ul>\n<li>Marquer <strong>10 num\u00e9ros et 2 \u00e9toiles<\/strong> \u00e9quivaut \u00e0 14 paris (pour 252 paris directs).<\/li>\n<li>Marquer <strong>10 num\u00e9ros et 4 \u00e9toiles<\/strong> \u00e9quivaut \u00e0 28 paris (contre 1512 paris directs).<\/li>\n<li>Marquer <strong>10 num\u00e9ros et 4 \u00e9toiles<\/strong> \u00e9quivaut \u00e0 84 paris (contre 1512 paris directs).<\/li>\n<li>Composer <strong>12 num\u00e9ros et 3 \u00e9toiles<\/strong> \u00e9quivaut \u00e0 114 paris (contre 2376 directs).<\/li>\n<li>Composer <strong>15 num\u00e9ros et 4 \u00e9toiles<\/strong> \u00e9quivaut \u00e0 30 paris (par rapport \u00e0 18018 direct).<\/li>\n<\/ul>\n<h2><strong>Quels jours la loterie Euromillions est-elle tir\u00e9e ?<\/strong><\/h2>\n<p>Le <strong>tirage au sort Euromillions<\/strong> a lieu tous les <strong>mardis et vendredis \u00e0 21h30 (heure d&rsquo;Europe centrale)<\/strong> et se d\u00e9roule depuis Paris, la combinaison gagnante et le contr\u00f4le commun pour tous les pays participants.<\/p>\n<p>Vous pouvez participer au tirage au sort en achetant le ou les paris <strong>jusqu&rsquo;\u00e0 une heure avant<\/strong> la fin du tirage. Vous pouvez \u00e9galement jouer deux tirages au sort par le biais d&rsquo;un abonnement hebdomadaire ou pour tous les tirages que vous souhaitez.<\/p>\n<p>Inexcusably le premier pari de ces dessins doit \u00eatre valid\u00e9 une heure avant la date du premier d&rsquo;entre eux, tandis que le reste des dessins sera valid\u00e9 automatiquement et vous n&rsquo;aurez plus \u00e0 vous soucier de rien d&rsquo;autre.<\/p>\n<p>La combinaison gagnante se compose de <strong>deux phases<\/strong> : D&rsquo;une part, faites correspondre les 5 chiffres correspondant aux 5 boules num\u00e9rot\u00e9es entre 1 et 50 d\u00e9pos\u00e9es dans une grosse caisse, et d&rsquo;autre part, faites correspondre 2 autres chiffres correspondant aux \u00e9toiles d&rsquo;une autre grosse caisse sp\u00e9ciale qui sont \u00e9galement num\u00e9rot\u00e9es de 1 \u00e0 12.<\/p>\n<p>C&rsquo;est-\u00e0-dire, pour obtenir la combinaison gagnante dans sa premi\u00e8re cat\u00e9gorie, il faut deviner le total de <strong>7 signes<\/strong> (5 chiffres plus 2 \u00e9toiles).<\/p>\n<h2><strong>Jusqu&rsquo;\u00e0 quelle heure l&rsquo;Euromillion peut-il \u00eatre diffus\u00e9 ?<\/strong><\/h2>\n<p>Il y a deux tirages hebdomadaires Euromillions, le mardi et le vendredi, qui ont lieu \u00e0 20h30 GMT. Une heure avant, \u00e0 19h30 GMT, <strong>l&rsquo;admission des billets<\/strong> pour le tirage au sort de ce jour (mardi ou vendredi) est ferm\u00e9e.<\/p>\n<p>Une fois le tirage au sort effectu\u00e9, \u00e0 partir de 22h00, l&rsquo;organisation accepte \u00e0 nouveau l&rsquo;achat et la validation des billets pour les tirages suivants.<\/p>\n<p>Echar Euromillions online, a entre autres l&rsquo;avantage <strong>d&rsquo;\u00eatre ouvert 24\/7<\/strong>, et peut \u00eatre jou\u00e9 \u00e0 tout moment de la journ\u00e9e.<\/p>\n<p>De plus, vous pouvez effectuer l&rsquo;achat de fa\u00e7on r\u00e9currente pour divers tirages, sans avoir \u00e0 vous ajuster \u00e0 une date et \u00e0 un tirage donn\u00e9s.<\/p>\n<p>Toujours, bien entendu en tenant compte de l&rsquo;horaire officiel de l&rsquo;organisateur, si l&rsquo;achat est effectu\u00e9 en dehors du d\u00e9lai maximum pour un tirage, l&rsquo;achat et le billet correspondant seront valid\u00e9s pour le prochain tirage, mais dans les m\u00eames conditions.<\/p>\n<h2><strong>Avantages d&rsquo;acheter Euromillions en ligne<\/strong><\/h2>\n<p>Avec chaque jour qui passe les avantages de<a href=\"https:\/\/lottohoy.com\/fr\/jouer\/\"><span style=\"color: #993366\"> <strong>jouer \u00e0 la loterie en ligne<\/strong><\/span><\/a> deviennent plus \u00e9vidents, et cela est d\u00fb d&rsquo;une part \u00e0 la tendance et les nouvelles habitudes des consommateurs, et d&rsquo;autre part \u00e0 la commodit\u00e9 et les avantages que cette fa\u00e7on facilite.<\/p>\n<p>La seule condition est d&rsquo;avoir au moins <strong>l&rsquo;\u00e2ge l\u00e9gal<\/strong> pour jouer dans votre pays de r\u00e9sidence. Dans la plupart des pays, cet \u00e2ge est de 18 ou 21 ans.<\/p>\n<p>Il y a de nombreux avantages \u00e0 acheter Euromillions en ligne. En voici quelques-unes :<\/p>\n<ul>\n<li><strong>S\u00e9curit\u00e9 dans les transactions<\/strong> : L&rsquo;achat s\u00e9curis\u00e9 est offert via le protocole HTTPS:\/\/, en se rappelant que le \u00ab\u00a0s\u00a0\u00bb indique qu&rsquo;il s&rsquo;agit d&rsquo;un site s\u00e9curis\u00e9. Il est important de v\u00e9rifier ce point.<\/li>\n<li><strong>Diff\u00e9rents syst\u00e8mes de paiement<\/strong> et de remboursement en toute confiance, disponibles \u00e0 votre convenance.<\/li>\n<li><strong>Vous pouvez acheter des billets 24\/7 tous les jours de<\/strong> l&rsquo;ann\u00e9e : Il ne sera pas n\u00e9cessaire de conna\u00eetre les heures d&rsquo;ouverture et de fermeture des administrations des loteries. En jouant en ligne, votre fen\u00eatre est ouverte 24 heures sur 24, tous les jours de l&rsquo;ann\u00e9e.<\/li>\n<li><strong>De n&rsquo;importe o\u00f9, sans files d&rsquo;attente ni d\u00e9placements<\/strong> : Il suffit d&rsquo;avoir un appareil mobile, une tablette ou un ordinateur de bureau avec une connexion Internet et de n&rsquo;importe o\u00f9. Il n&rsquo;y a plus de barri\u00e8res g\u00e9ographiques pour jouer \u00e0 Euromillions.<\/li>\n<li><strong>Vous ne perdrez jamais votre billet,<\/strong> il reste toujours dans votre compte.<\/li>\n<li><strong>Vous recevez imm\u00e9diatement les prix gagn\u00e9s sur votre compte utilisateur<\/strong> : Apr\u00e8s le tirage au sort et une fois le contr\u00f4le effectu\u00e9, les montants gagn\u00e9s seront cr\u00e9dit\u00e9s sur votre compte utilisateur.<\/li>\n<li><strong>Soyez inform\u00e9 <\/strong>des <strong><span style=\"color: #993366\">jackpots accumul\u00e9s<\/span><\/strong> et des tirages extraordinaires : soit par le biais de notre site Web, soit par courriel. De cette fa\u00e7on, vous pourrez conna\u00eetre \u00e0 l&rsquo;avance les jackpots les plus importants et vous pourrez ajuster votre mise pour obtenir un jackpot super millionnaire.<\/li>\n<\/ul>\n","protected":false},"excerpt":{"rendered":"","protected":false},"author":2,"featured_media":0,"parent":4072,"menu_order":3,"comment_status":"closed","ping_status":"closed","template":"euromillions-at.php","meta":{"_et_pb_use_builder":"","_et_pb_old_content":"","_et_gb_content_width":"","exclude_from_search":false,"footnotes":""},"class_list":["post-4080","page","type-page","status-publish","hentry"],"yoast_head":"<!-- This site is optimized with the Yoast SEO plugin v23.7 - https:\/\/yoast.com\/wordpress\/plugins\/seo\/ -->\n<title>Jouer \u00e0 Euromillions en ligne - 100% rapide et s\u00fbr - LottoHoy<\/title>\n<meta name=\"description\" content=\"Obtenez votre billet pour le prochain tirage Euromillions rapidement, facilement et en toute s\u00e9curit\u00e9 \u2612 Qu&#039;attendez-vous pour gagner ?\" \/>\n<meta name=\"robots\" content=\"index, follow, max-snippet:-1, max-image-preview:large, max-video-preview:-1\" \/>\n<link rel=\"canonical\" href=\"https:\/\/lottohoy.com\/fr\/jouer\/euromillions\/\" \/>\n<meta property=\"og:locale\" content=\"fr_FR\" \/>\n<meta property=\"og:type\" content=\"article\" \/>\n<meta property=\"og:title\" content=\"Jouer \u00e0 Euromillions en ligne - 100% rapide et s\u00fbr - LottoHoy\" \/>\n<meta property=\"og:description\" content=\"Obtenez votre billet pour le prochain tirage Euromillions rapidement, facilement et en toute s\u00e9curit\u00e9 \u2612 Qu&#039;attendez-vous pour gagner ?\" \/>\n<meta property=\"og:url\" content=\"https:\/\/lottohoy.com\/fr\/jouer\/euromillions\/\" \/>\n<meta property=\"og:site_name\" content=\"Lottohoy\" \/>\n<meta property=\"article:modified_time\" content=\"2025-06-13T15:28:23+00:00\" \/>\n<meta name=\"twitter:card\" content=\"summary_large_image\" \/>\n<meta name=\"twitter:label1\" content=\"Dur\u00e9e de lecture estim\u00e9e\" \/>\n\t<meta name=\"twitter:data1\" content=\"7 minutes\" \/>\n<script type=\"application\/ld+json\" class=\"yoast-schema-graph\">{\"@context\":\"https:\/\/schema.org\",\"@graph\":[{\"@type\":\"WebPage\",\"@id\":\"https:\/\/lottohoy.com\/fr\/jouer\/euromillions\/\",\"url\":\"https:\/\/lottohoy.com\/fr\/jouer\/euromillions\/\",\"name\":\"Jouer \u00e0 Euromillions en ligne - 100% rapide et s\u00fbr - LottoHoy\",\"isPartOf\":{\"@id\":\"https:\/\/lottohoy.com\/fr\/#website\"},\"datePublished\":\"2018-05-03T13:23:26+00:00\",\"dateModified\":\"2025-06-13T15:28:23+00:00\",\"description\":\"Obtenez votre billet pour le prochain tirage Euromillions rapidement, facilement et en toute s\u00e9curit\u00e9 \u2612 Qu'attendez-vous pour gagner ?\",\"breadcrumb\":{\"@id\":\"https:\/\/lottohoy.com\/fr\/jouer\/euromillions\/#breadcrumb\"},\"inLanguage\":\"fr-FR\",\"potentialAction\":[{\"@type\":\"ReadAction\",\"target\":[\"https:\/\/lottohoy.com\/fr\/jouer\/euromillions\/\"]}]},{\"@type\":\"BreadcrumbList\",\"@id\":\"https:\/\/lottohoy.com\/fr\/jouer\/euromillions\/#breadcrumb\",\"itemListElement\":[{\"@type\":\"ListItem\",\"position\":1,\"name\":\"Home\",\"item\":\"https:\/\/lottohoy.com\/fr\/\"},{\"@type\":\"ListItem\",\"position\":2,\"name\":\"Jouez la loterie en ligne\",\"item\":\"https:\/\/lottohoy.com\/fr\/jouer\/\"},{\"@type\":\"ListItem\",\"position\":3,\"name\":\"Jouez \u00e0 EuroMillions en ligne\"}]},{\"@type\":\"WebSite\",\"@id\":\"https:\/\/lottohoy.com\/fr\/#website\",\"url\":\"https:\/\/lottohoy.com\/fr\/\",\"name\":\"Lottohoy\",\"description\":\"\",\"potentialAction\":[{\"@type\":\"SearchAction\",\"target\":{\"@type\":\"EntryPoint\",\"urlTemplate\":\"https:\/\/lottohoy.com\/fr\/?s={search_term_string}\"},\"query-input\":{\"@type\":\"PropertyValueSpecification\",\"valueRequired\":true,\"valueName\":\"search_term_string\"}}],\"inLanguage\":\"fr-FR\"}]}<\/script>\n<!-- \/ Yoast SEO plugin. -->","yoast_head_json":{"title":"Jouer \u00e0 Euromillions en ligne - 100% rapide et s\u00fbr - LottoHoy","description":"Obtenez votre billet pour le prochain tirage Euromillions rapidement, facilement et en toute s\u00e9curit\u00e9 \u2612 Qu'attendez-vous pour gagner ?","robots":{"index":"index","follow":"follow","max-snippet":"max-snippet:-1","max-image-preview":"max-image-preview:large","max-video-preview":"max-video-preview:-1"},"canonical":"https:\/\/lottohoy.com\/fr\/jouer\/euromillions\/","og_locale":"fr_FR","og_type":"article","og_title":"Jouer \u00e0 Euromillions en ligne - 100% rapide et s\u00fbr - LottoHoy","og_description":"Obtenez votre billet pour le prochain tirage Euromillions rapidement, facilement et en toute s\u00e9curit\u00e9 \u2612 Qu'attendez-vous pour gagner ?","og_url":"https:\/\/lottohoy.com\/fr\/jouer\/euromillions\/","og_site_name":"Lottohoy","article_modified_time":"2025-06-13T15:28:23+00:00","twitter_card":"summary_large_image","twitter_misc":{"Dur\u00e9e de lecture estim\u00e9e":"7 minutes"},"schema":{"@context":"https:\/\/schema.org","@graph":[{"@type":"WebPage","@id":"https:\/\/lottohoy.com\/fr\/jouer\/euromillions\/","url":"https:\/\/lottohoy.com\/fr\/jouer\/euromillions\/","name":"Jouer \u00e0 Euromillions en ligne - 100% rapide et s\u00fbr - LottoHoy","isPartOf":{"@id":"https:\/\/lottohoy.com\/fr\/#website"},"datePublished":"2018-05-03T13:23:26+00:00","dateModified":"2025-06-13T15:28:23+00:00","description":"Obtenez votre billet pour le prochain tirage Euromillions rapidement, facilement et en toute s\u00e9curit\u00e9 \u2612 Qu'attendez-vous pour gagner ?","breadcrumb":{"@id":"https:\/\/lottohoy.com\/fr\/jouer\/euromillions\/#breadcrumb"},"inLanguage":"fr-FR","potentialAction":[{"@type":"ReadAction","target":["https:\/\/lottohoy.com\/fr\/jouer\/euromillions\/"]}]},{"@type":"BreadcrumbList","@id":"https:\/\/lottohoy.com\/fr\/jouer\/euromillions\/#breadcrumb","itemListElement":[{"@type":"ListItem","position":1,"name":"Home","item":"https:\/\/lottohoy.com\/fr\/"},{"@type":"ListItem","position":2,"name":"Jouez la loterie en ligne","item":"https:\/\/lottohoy.com\/fr\/jouer\/"},{"@type":"ListItem","position":3,"name":"Jouez \u00e0 EuroMillions en ligne"}]},{"@type":"WebSite","@id":"https:\/\/lottohoy.com\/fr\/#website","url":"https:\/\/lottohoy.com\/fr\/","name":"Lottohoy","description":"","potentialAction":[{"@type":"SearchAction","target":{"@type":"EntryPoint","urlTemplate":"https:\/\/lottohoy.com\/fr\/?s={search_term_string}"},"query-input":{"@type":"PropertyValueSpecification","valueRequired":true,"valueName":"search_term_string"}}],"inLanguage":"fr-FR"}]}},"_links":{"self":[{"href":"https:\/\/lottohoy.com\/fr\/wp-json\/wp\/v2\/pages\/4080","targetHints":{"allow":["GET"]}}],"collection":[{"href":"https:\/\/lottohoy.com\/fr\/wp-json\/wp\/v2\/pages"}],"about":[{"href":"https:\/\/lottohoy.com\/fr\/wp-json\/wp\/v2\/types\/page"}],"author":[{"embeddable":true,"href":"https:\/\/lottohoy.com\/fr\/wp-json\/wp\/v2\/users\/2"}],"replies":[{"embeddable":true,"href":"https:\/\/lottohoy.com\/fr\/wp-json\/wp\/v2\/comments?post=4080"}],"version-history":[{"count":3,"href":"https:\/\/lottohoy.com\/fr\/wp-json\/wp\/v2\/pages\/4080\/revisions"}],"predecessor-version":[{"id":20500,"href":"https:\/\/lottohoy.com\/fr\/wp-json\/wp\/v2\/pages\/4080\/revisions\/20500"}],"up":[{"embeddable":true,"href":"https:\/\/lottohoy.com\/fr\/wp-json\/wp\/v2\/pages\/4072"}],"wp:attachment":[{"href":"https:\/\/lottohoy.com\/fr\/wp-json\/wp\/v2\/media?parent=4080"}],"curies":[{"name":"wp","href":"https:\/\/api.w.org\/{rel}","templated":true}]}}