{"id":4078,"date":"2018-05-03T14:23:25","date_gmt":"2018-05-03T13:23:25","guid":{"rendered":"https:\/\/www.lottohoy.com\/?page_id=4078"},"modified":"2025-02-09T11:32:56","modified_gmt":"2025-02-09T11:32:56","slug":"eurojackpot","status":"publish","type":"page","link":"https:\/\/lottohoy.com\/fr\/jouer\/eurojackpot\/","title":{"rendered":"Jouez \u00e0 Eurojackpot en ligne"},"content":{"rendered":"<p><!--more--><\/p>\n<p><strong>Eurojackpot<\/strong> est un jeu avec des caract\u00e9ristiques similaires \u00e0 <a href=\"https:\/\/lottohoy.com\/fr\/jouer\/euromillions\/\"><span style=\"color: #993366;\"><strong>Euromillions<\/strong>.<\/span><\/a> Il consiste \u00e0 choisir au moins <strong>5 num\u00e9ros<\/strong> parmi les carr\u00e9s inclus et num\u00e9rot\u00e9s de 1 \u00e0 50 respectivement dans le premier corps. Il est \u00e9galement obligatoire de choisir <strong>2 num\u00e9ros suppl\u00e9mentaires<\/strong>, appel\u00e9s \u00ab\u00a0soleils\u00a0\u00bb du deuxi\u00e8me corps avec des carr\u00e9s num\u00e9rot\u00e9s de 1 \u00e0 12 inclus.<\/p>\n<p>Plus vous obtenez de nombres et de soleils corrects, plus le prix que vous pouvez gagner est \u00e9lev\u00e9. Il y a un prix sp\u00e9cial de premi\u00e8re cat\u00e9gorie pour le gagnant des 5 num\u00e9ros avec deux soleils <span style=\"color: #993366;\">(<\/span><strong><span style=\"color: #993366;\">le pot)<\/span>,<\/strong> et 11 autres cat\u00e9gories de prix inf\u00e9rieurs.<\/p>\n<p>L&rsquo;<strong>Eurojackpot<\/strong> est une loterie europ\u00e9enne qui se joue dans <strong>18 pays<\/strong> : Allemagne, Croatie, Danemark, Slovaquie, Slov\u00e9nie, Espagne, Estonie, Finlande, Hongrie, Italie, Islande, Lituanie, Lettonie, Norv\u00e8ge, Pays-Bas, Polyn\u00e9sie, R\u00e9publique tch\u00e8que, Su\u00e8de.<\/p>\n<h2>Comment jouer \u00e0 l&rsquo;Eurojackpot ?<\/h2>\n<p>Faire un <strong>pari simple sur Eurojackpot<\/strong> est tr\u00e8s simple. Tout ce que vous avez \u00e0 faire est de cr\u00e9er une combinaison de vos <strong>5 num\u00e9ros favoris<\/strong> entre 1 et 50, et <strong>2 autres<\/strong> entre 1 et 12, et c&rsquo;est plus facile de le faire via LottoHoy. Le prix d&rsquo;un pari unique n&rsquo;est que de 3,50 euros.<\/p>\n<p>Pour jouer nous avons 5 colonnes initiales par ligne (extensibles \u00e0 8, \u00e0 travers la case <strong>PLUS DE LIGNES<\/strong>).<\/p>\n<p>La s\u00e9lection des num\u00e9ros peut se faire de fa\u00e7on directe en marquant les num\u00e9ros choisis de fa\u00e7on \u00e0 ce qu&rsquo;ils soient refl\u00e9t\u00e9s en couleur, ou bien en laissant le syst\u00e8me choisir, de fa\u00e7on al\u00e9atoire, les num\u00e9ros d&rsquo;une combinaison \u00e0 l&rsquo;aide de la case <strong>QUICK SELECTION<\/strong>.<\/p>\n<p>Une fois compl\u00e9t\u00e9e la ou les colonnes auxquelles vous souhaitez participer, il vous suffit de cliquer sur continuer et de proc\u00e9der au paiement de nos paris. <strong>Ouvrez votre compte<\/strong> et participez au prochain tirage de l&rsquo;Eurojackpot.<\/p>\n<h3>Paris multiples sur Eurojackpot<\/h3>\n<p>Contrairement au <strong>pari simple<\/strong> o\u00f9 5 + 2 num\u00e9ros sont marqu\u00e9s dans chacune des colonnes ou tickets dans lesquels vous voulez jouer, dans le <strong>pari multiple<\/strong>, seule la premi\u00e8re colonne du ticket sera utilis\u00e9e, et 5, 6, 7, 8, 9 ou 10 num\u00e9ros des cases entre 1 et 50 de la matrice principale sera marqu\u00e9e.<\/p>\n<p>Vous pouvez \u00e9galement marquer 2, 3, 4 ou 5 chiffres dans cette premi\u00e8re colonne mais dans la matrice secondaire, les soleils.<\/p>\n<p>Le tableau suivant montre les combinaisons possibles et le <strong>total des paris<\/strong> qui composent chaque combinaison de nombres et de soleils.<\/p>\n<table style=\"width: 345px;\">\n<tbody>\n<tr>\n<td style=\"width: 107px; text-align: center;\"><strong>SOLEIL<\/strong><\/td>\n<td style=\"width: 277px; text-align: center;\" colspan=\"6\"><strong>NUM\u00c9ROS<\/strong><\/td>\n<\/tr>\n<tr>\n<td style=\"width: 107px; text-align: center;\"><strong>\u00a0<\/strong><\/td>\n<td style=\"width: 43px; text-align: center;\"><span style=\"color: #993366;\"><strong>5<\/strong><\/span><\/td>\n<td style=\"width: 36px; text-align: center;\"><span style=\"color: #993366;\"><strong>6<\/strong><\/span><\/td>\n<td style=\"width: 10px; text-align: center;\"><span style=\"color: #993366;\"><strong>7<\/strong><\/span><\/td>\n<td style=\"width: 31px; text-align: center;\"><span style=\"color: #993366;\"><strong>8<\/strong><\/span><\/td>\n<td style=\"width: 40px; text-align: center;\"><span style=\"color: #993366;\"><strong>9<\/strong><\/span><\/td>\n<td style=\"width: 117px; text-align: center;\"><span style=\"color: #993366;\"><strong>10<\/strong><\/span><\/td>\n<\/tr>\n<tr>\n<td style=\"width: 107px; text-align: center;\"><span style=\"color: #993366;\">2<\/span><\/td>\n<td style=\"width: 43px; text-align: center;\">1<\/td>\n<td style=\"width: 36px; text-align: center;\">6<\/td>\n<td style=\"width: 10px; text-align: center;\">21<\/td>\n<td style=\"width: 31px; text-align: center;\">56<\/td>\n<td style=\"width: 40px; text-align: center;\">1126<\/td>\n<td style=\"width: 117px; text-align: center;\">252<\/td>\n<\/tr>\n<tr>\n<td style=\"width: 107px; text-align: center;\"><span style=\"color: #993366;\">3<\/span><\/td>\n<td style=\"width: 43px; text-align: center;\">3<\/td>\n<td style=\"width: 36px; text-align: center;\">18<\/td>\n<td style=\"width: 10px; text-align: center;\">63<\/td>\n<td style=\"width: 31px; text-align: center;\">168<\/td>\n<td style=\"width: 40px; text-align: center;\">378<\/td>\n<td style=\"width: 117px; text-align: center;\">756<\/td>\n<\/tr>\n<tr>\n<td style=\"width: 107px; text-align: center;\"><span style=\"color: #993366;\">4<\/span><\/td>\n<td style=\"width: 43px; text-align: center;\">6<\/td>\n<td style=\"width: 36px; text-align: center;\">36<\/td>\n<td style=\"width: 10px; text-align: center;\">126<\/td>\n<td style=\"width: 31px; text-align: center;\">336<\/td>\n<td style=\"width: 40px; text-align: center;\">756<\/td>\n<td style=\"width: 117px; text-align: center;\">1512<\/td>\n<\/tr>\n<tr>\n<td style=\"width: 107px; text-align: center;\"><span style=\"color: #993366;\">5<\/span><\/td>\n<td style=\"width: 43px; text-align: center;\">10<\/td>\n<td style=\"width: 36px; text-align: center;\">60<\/td>\n<td style=\"width: 10px; text-align: center;\">210<\/td>\n<td style=\"width: 31px; text-align: center;\">560<\/td>\n<td style=\"width: 40px; text-align: center;\">1260<\/td>\n<td style=\"width: 117px; text-align: center;\">2520<\/td>\n<\/tr>\n<\/tbody>\n<\/table>\n<h2>Les prix Eurojackpot<\/h2>\n<p>Eurojackpot fixe un <strong>jackpot initial minimum de 10.000.000 \u20ac.<\/strong> S&rsquo;il n&rsquo;y a pas de gagnant de cette premi\u00e8re cat\u00e9gorie, ce montant est accumul\u00e9 pour le prochain tirage.<\/p>\n<p>50% du montant total r\u00e9colt\u00e9 est revers\u00e9 \u00e0 des prix \u00e0 r\u00e9partir entre les 12 cat\u00e9gories de prix selon le r\u00e8glement. De m\u00eame, il en sera de m\u00eame pour les montants destin\u00e9s aux cat\u00e9gories suivantes, c&rsquo;est-\u00e0-dire, si dans l&rsquo;une d&rsquo;entre elles il n&rsquo;y a pas eu de gagnant, ce montant est cumul\u00e9 pour la m\u00eame cat\u00e9gorie du prochain tirage. Il est ainsi possible d&rsquo;obtenir un jackpot pour chaque cat\u00e9gorie<\/p>\n<h3>Tableau des prix Eurojackpot<\/h3>\n<p>Les <strong>r\u00e9sultats de l&rsquo;Eurojackpot<\/strong> se r\u00e9partissent en douze cat\u00e9gories de prix comme suit :<\/p>\n<table width=\"557\">\n<tbody>\n<tr style=\"height: 64px;\">\n<td style=\"text-align: center; height: 64px;\" width=\"132\"><strong>Cat\u00e9gorie<\/strong><\/td>\n<td style=\"text-align: center; height: 64px;\" width=\"208\"><strong>Nombres et soleils<\/strong><\/td>\n<td style=\"text-align: center; height: 64px;\" width=\"217\"><strong>Estimation du prix<\/strong><\/td>\n<\/tr>\n<tr style=\"height: 64px;\">\n<td style=\"text-align: center; height: 64px;\" width=\"132\"><strong>I<\/strong><\/td>\n<td style=\"text-align: center; height: 64px;\" width=\"208\"><strong>5+2<\/strong><\/td>\n<td style=\"height: 64px; text-align: center;\" width=\"217\"><strong>Jackpot<\/strong><\/td>\n<\/tr>\n<tr style=\"height: 64px;\">\n<td style=\"text-align: center; height: 64px;\" width=\"132\"><strong>II<\/strong><\/td>\n<td style=\"text-align: center; height: 64px;\" width=\"208\"><strong>5+1<\/strong><\/td>\n<td style=\"height: 64px; text-align: center;\" width=\"217\"><strong>811.146\u20ac<\/strong><\/td>\n<\/tr>\n<tr style=\"height: 64px;\">\n<td style=\"text-align: center; height: 64px;\" width=\"132\"><strong>III<\/strong><\/td>\n<td style=\"text-align: center; height: 64px;\" width=\"208\"><strong>5+0<\/strong><\/td>\n<td style=\"height: 64px; text-align: center;\" width=\"217\"><strong>150.558\u20ac<\/strong><\/td>\n<\/tr>\n<tr style=\"height: 64.9375px;\">\n<td style=\"text-align: center; height: 64.9375px;\" width=\"132\"><strong>IV<\/strong><\/td>\n<td style=\"text-align: center; height: 64.9375px;\" width=\"208\"><strong>4+2<\/strong><\/td>\n<td style=\"height: 64.9375px; text-align: center;\" width=\"217\"><strong>4.733\u20ac<\/strong><\/td>\n<\/tr>\n<tr style=\"height: 64px;\">\n<td style=\"text-align: center; height: 64px;\" width=\"132\"><strong>V<\/strong><\/td>\n<td style=\"text-align: center; height: 64px;\" width=\"208\"><strong>4+1<\/strong><\/td>\n<td style=\"height: 64px; text-align: center;\" width=\"217\"><strong>249\u20ac<\/strong><\/td>\n<\/tr>\n<tr style=\"height: 64px;\">\n<td style=\"text-align: center; height: 64px;\" width=\"132\"><strong>VI<\/strong><\/td>\n<td style=\"text-align: center; height: 64px;\" width=\"208\"><strong>4+0<\/strong><\/td>\n<td style=\"height: 64px; text-align: center;\" width=\"217\"><strong>111\u20ac<\/strong><\/td>\n<\/tr>\n<tr style=\"height: 64px;\">\n<td style=\"height: 64px; text-align: center;\" width=\"132\"><strong>VII<\/strong><\/td>\n<td style=\"height: 64px; text-align: center;\" width=\"208\"><strong>3+2<\/strong><\/td>\n<td style=\"height: 64px; text-align: center;\" width=\"217\"><strong>61\u20ac<\/strong><\/td>\n<\/tr>\n<tr style=\"height: 64px;\">\n<td style=\"height: 64px; text-align: center;\" width=\"132\"><strong>VIII<\/strong><\/td>\n<td style=\"height: 64px; text-align: center;\" width=\"208\"><strong>2+2<\/strong><\/td>\n<td style=\"height: 64px; text-align: center;\" width=\"217\"><strong>22\u20ac<\/strong><\/td>\n<\/tr>\n<tr style=\"height: 64px;\">\n<td style=\"height: 64px; text-align: center;\" width=\"132\"><strong>IX<\/strong><\/td>\n<td style=\"height: 64px; text-align: center;\" width=\"208\"><strong>3+1<\/strong><\/td>\n<td style=\"height: 64px; text-align: center;\" width=\"217\"><strong>18\u20ac<\/strong><\/td>\n<\/tr>\n<tr style=\"height: 64px;\">\n<td style=\"height: 64px; text-align: center;\" width=\"132\"><strong>X<\/strong><\/td>\n<td style=\"height: 64px; text-align: center;\" width=\"208\"><strong>3+0<\/strong><\/td>\n<td style=\"height: 64px; text-align: center;\" width=\"217\"><strong>15\u20ac<\/strong><\/td>\n<\/tr>\n<tr style=\"height: 64px;\">\n<td style=\"height: 64px; text-align: center;\" width=\"132\"><strong>XI<\/strong><\/td>\n<td style=\"height: 64px; text-align: center;\" width=\"208\"><strong>1+2<\/strong><\/td>\n<td style=\"height: 64px; text-align: center;\" width=\"217\"><strong>10\u20ac<\/strong><\/td>\n<\/tr>\n<tr style=\"height: 64px;\">\n<td style=\"height: 64px; text-align: center;\" width=\"132\"><strong>XII<\/strong><\/td>\n<td style=\"height: 64px; text-align: center;\" width=\"208\"><strong>2+1<\/strong><\/td>\n<td style=\"height: 64px; text-align: center;\" width=\"217\"><strong>8\u20ac<\/strong><\/td>\n<\/tr>\n<\/tbody>\n<\/table>\n<p>Sur le montant total collect\u00e9, 12% sont r\u00e9serv\u00e9s \u00e0 un fonds de renforcement pour garantir le jackpot minimum de <strong>10 millions d&rsquo;euros<\/strong>.<\/p>\n<h2>Eurojackpot jackpots<\/h2>\n<p>L&rsquo;Eurojackpot \u00e9tablit un jackpot minimum de 10 millions d&rsquo;euros pour le paiement des prix de premi\u00e8re classe. Le r\u00e8glement stipule \u00e9galement que le prix pour la premi\u00e8re cat\u00e9gorie avec des jackpots accumul\u00e9s ne peut d\u00e9passer <strong>120\u00a0millions d&rsquo;euros<\/strong>. Une fois ce montant d\u00e9pass\u00e9 lors d&rsquo;un tirage au sort, le montant exc\u00e9dentaire sera utilis\u00e9 pour augmenter le prix de la deuxi\u00e8me cat\u00e9gorie de prix.<\/p>\n<p>Si dans 12 tirages cons\u00e9cutifs il n&rsquo;y a pas de gagnant dans la premi\u00e8re cat\u00e9gorie, dans le prochain tirage, le jackpot total accumul\u00e9 jusqu&rsquo;\u00e0 cette date sera distribu\u00e9 de mani\u00e8re obligatoire.<\/p>\n<p>Le premier <strong>jackpot Eurojackpot<\/strong> a \u00e9t\u00e9 remport\u00e9 par un citoyen allemand le 11 mai 2012, remportant la belle somme de <strong>19,2 millions d&rsquo;euros<\/strong>.<\/p>\n<p>De m\u00eame, le r\u00e8glement indique que le prix de la premi\u00e8re cat\u00e9gorie avec les jackpots accumul\u00e9s ne peut exc\u00e9der 120 millions d&rsquo;euros. Si ce montant est d\u00e9pass\u00e9 lors d&rsquo;un tirage, le montant d\u00e9pass\u00e9 servira \u00e0 augmenter le prix \u00e0 la deuxi\u00e8me cat\u00e9gorie de prix<\/p>\n<p style=\"padding-left: 40px;\">* Vendredi 6 d\u00e9cembre 2024 120 000 000 \u20ac<br \/>\n* Mardi 4 juin 2024 120 000 000 \u20ac<br \/>\n* Mardi 23 avril 2024 120 000 000 \u20ac<br \/>\n* Mardi 16 janvier 2024 120 000 000 \u20ac<br \/>\n* Vendredi 23 juin 2023 120 000 000 \u20ac<br \/>\n* Mardi 8 novembre 2022 120 000 000 \u20ac<br \/>\n* Vendredi 22 juillet 2022 120 000 000 \u20ac<br \/>\n* Vendredi 13 ao\u00fbt 2021 90 000 000 \u20ac<\/p>\n<h2>Jouez \u00e0 Eurojackpot de Colombie et du Mexique<\/h2>\n<p>Et aussi les joueurs <strong>d&rsquo;Argentine, du Br\u00e9sil, du Chili, du Costa Rica, du Salvador, du Honduras, du Panama, du Paraguay, du P\u00e9rou, de l&rsquo;Uruguay, du Venezuela<\/strong>&#8230; font d\u00e9j\u00e0 partie de la famille LottoHoy.com.<\/p>\n<p>Nos services sont \u00e0 la disposition des joueurs d&rsquo;Am\u00e9rique Latine, pour leur offrir la possibilit\u00e9 de participer \u00e0 diff\u00e9rentes loteries mondiales, ainsi qu&rsquo;\u00e0 Eurojackpot. Maintenant vous pouvez faire vos achats Eurojackpot aussi avec Paypal.<\/p>\n","protected":false},"excerpt":{"rendered":"","protected":false},"author":2,"featured_media":0,"parent":4072,"menu_order":4,"comment_status":"closed","ping_status":"closed","template":"eurojackpot.php","meta":{"_et_pb_use_builder":"","_et_pb_old_content":"","_et_gb_content_width":"","exclude_from_search":false,"footnotes":""},"class_list":["post-4078","page","type-page","status-publish","hentry"],"yoast_head":"<!-- This site is optimized with the Yoast SEO plugin v23.7 - https:\/\/yoast.com\/wordpress\/plugins\/seo\/ -->\n<title>Jouez \u00e0 Eurojackpot Online \u2714 Loterie en ligne \u00e0 LottoHoy<\/title>\n<meta name=\"description\" content=\"Il est maintenant possible de jouer \u00e0 Eurojackpot en ligne. Obtenez votre billet rapidement et en toute s\u00e9curit\u00e9. Jouez \u00e0 Eurojackpot et gagnez de superbes prix !\" \/>\n<meta name=\"robots\" content=\"index, follow, max-snippet:-1, max-image-preview:large, max-video-preview:-1\" \/>\n<link rel=\"canonical\" href=\"https:\/\/lottohoy.com\/fr\/jouer\/eurojackpot\/\" \/>\n<meta property=\"og:locale\" content=\"fr_FR\" \/>\n<meta property=\"og:type\" content=\"article\" \/>\n<meta property=\"og:title\" content=\"Jouez \u00e0 Eurojackpot Online \u2714 Loterie en ligne \u00e0 LottoHoy\" \/>\n<meta property=\"og:description\" content=\"Il est maintenant possible de jouer \u00e0 Eurojackpot en ligne. Obtenez votre billet rapidement et en toute s\u00e9curit\u00e9. Jouez \u00e0 Eurojackpot et gagnez de superbes prix !\" \/>\n<meta property=\"og:url\" content=\"https:\/\/lottohoy.com\/fr\/jouer\/eurojackpot\/\" \/>\n<meta property=\"og:site_name\" content=\"Lottohoy\" \/>\n<meta property=\"article:modified_time\" content=\"2025-02-09T11:32:56+00:00\" \/>\n<meta name=\"twitter:card\" content=\"summary_large_image\" \/>\n<meta name=\"twitter:label1\" content=\"Dur\u00e9e de lecture estim\u00e9e\" \/>\n\t<meta name=\"twitter:data1\" content=\"5 minutes\" \/>\n<script type=\"application\/ld+json\" class=\"yoast-schema-graph\">{\"@context\":\"https:\/\/schema.org\",\"@graph\":[{\"@type\":\"WebPage\",\"@id\":\"https:\/\/lottohoy.com\/fr\/jouer\/eurojackpot\/\",\"url\":\"https:\/\/lottohoy.com\/fr\/jouer\/eurojackpot\/\",\"name\":\"Jouez \u00e0 Eurojackpot Online \u2714 Loterie en ligne \u00e0 LottoHoy\",\"isPartOf\":{\"@id\":\"https:\/\/lottohoy.com\/fr\/#website\"},\"datePublished\":\"2018-05-03T13:23:25+00:00\",\"dateModified\":\"2025-02-09T11:32:56+00:00\",\"description\":\"Il est maintenant possible de jouer \u00e0 Eurojackpot en ligne. Obtenez votre billet rapidement et en toute s\u00e9curit\u00e9. Jouez \u00e0 Eurojackpot et gagnez de superbes prix !\",\"breadcrumb\":{\"@id\":\"https:\/\/lottohoy.com\/fr\/jouer\/eurojackpot\/#breadcrumb\"},\"inLanguage\":\"fr-FR\",\"potentialAction\":[{\"@type\":\"ReadAction\",\"target\":[\"https:\/\/lottohoy.com\/fr\/jouer\/eurojackpot\/\"]}]},{\"@type\":\"BreadcrumbList\",\"@id\":\"https:\/\/lottohoy.com\/fr\/jouer\/eurojackpot\/#breadcrumb\",\"itemListElement\":[{\"@type\":\"ListItem\",\"position\":1,\"name\":\"Home\",\"item\":\"https:\/\/lottohoy.com\/fr\/\"},{\"@type\":\"ListItem\",\"position\":2,\"name\":\"Jouez la loterie en ligne\",\"item\":\"https:\/\/lottohoy.com\/fr\/jouer\/\"},{\"@type\":\"ListItem\",\"position\":3,\"name\":\"Jouez \u00e0 Eurojackpot en ligne\"}]},{\"@type\":\"WebSite\",\"@id\":\"https:\/\/lottohoy.com\/fr\/#website\",\"url\":\"https:\/\/lottohoy.com\/fr\/\",\"name\":\"Lottohoy\",\"description\":\"\",\"potentialAction\":[{\"@type\":\"SearchAction\",\"target\":{\"@type\":\"EntryPoint\",\"urlTemplate\":\"https:\/\/lottohoy.com\/fr\/?s={search_term_string}\"},\"query-input\":{\"@type\":\"PropertyValueSpecification\",\"valueRequired\":true,\"valueName\":\"search_term_string\"}}],\"inLanguage\":\"fr-FR\"}]}<\/script>\n<!-- \/ Yoast SEO plugin. -->","yoast_head_json":{"title":"Jouez \u00e0 Eurojackpot Online \u2714 Loterie en ligne \u00e0 LottoHoy","description":"Il est maintenant possible de jouer \u00e0 Eurojackpot en ligne. Obtenez votre billet rapidement et en toute s\u00e9curit\u00e9. Jouez \u00e0 Eurojackpot et gagnez de superbes prix !","robots":{"index":"index","follow":"follow","max-snippet":"max-snippet:-1","max-image-preview":"max-image-preview:large","max-video-preview":"max-video-preview:-1"},"canonical":"https:\/\/lottohoy.com\/fr\/jouer\/eurojackpot\/","og_locale":"fr_FR","og_type":"article","og_title":"Jouez \u00e0 Eurojackpot Online \u2714 Loterie en ligne \u00e0 LottoHoy","og_description":"Il est maintenant possible de jouer \u00e0 Eurojackpot en ligne. Obtenez votre billet rapidement et en toute s\u00e9curit\u00e9. Jouez \u00e0 Eurojackpot et gagnez de superbes prix !","og_url":"https:\/\/lottohoy.com\/fr\/jouer\/eurojackpot\/","og_site_name":"Lottohoy","article_modified_time":"2025-02-09T11:32:56+00:00","twitter_card":"summary_large_image","twitter_misc":{"Dur\u00e9e de lecture estim\u00e9e":"5 minutes"},"schema":{"@context":"https:\/\/schema.org","@graph":[{"@type":"WebPage","@id":"https:\/\/lottohoy.com\/fr\/jouer\/eurojackpot\/","url":"https:\/\/lottohoy.com\/fr\/jouer\/eurojackpot\/","name":"Jouez \u00e0 Eurojackpot Online \u2714 Loterie en ligne \u00e0 LottoHoy","isPartOf":{"@id":"https:\/\/lottohoy.com\/fr\/#website"},"datePublished":"2018-05-03T13:23:25+00:00","dateModified":"2025-02-09T11:32:56+00:00","description":"Il est maintenant possible de jouer \u00e0 Eurojackpot en ligne. Obtenez votre billet rapidement et en toute s\u00e9curit\u00e9. Jouez \u00e0 Eurojackpot et gagnez de superbes prix !","breadcrumb":{"@id":"https:\/\/lottohoy.com\/fr\/jouer\/eurojackpot\/#breadcrumb"},"inLanguage":"fr-FR","potentialAction":[{"@type":"ReadAction","target":["https:\/\/lottohoy.com\/fr\/jouer\/eurojackpot\/"]}]},{"@type":"BreadcrumbList","@id":"https:\/\/lottohoy.com\/fr\/jouer\/eurojackpot\/#breadcrumb","itemListElement":[{"@type":"ListItem","position":1,"name":"Home","item":"https:\/\/lottohoy.com\/fr\/"},{"@type":"ListItem","position":2,"name":"Jouez la loterie en ligne","item":"https:\/\/lottohoy.com\/fr\/jouer\/"},{"@type":"ListItem","position":3,"name":"Jouez \u00e0 Eurojackpot en ligne"}]},{"@type":"WebSite","@id":"https:\/\/lottohoy.com\/fr\/#website","url":"https:\/\/lottohoy.com\/fr\/","name":"Lottohoy","description":"","potentialAction":[{"@type":"SearchAction","target":{"@type":"EntryPoint","urlTemplate":"https:\/\/lottohoy.com\/fr\/?s={search_term_string}"},"query-input":{"@type":"PropertyValueSpecification","valueRequired":true,"valueName":"search_term_string"}}],"inLanguage":"fr-FR"}]}},"_links":{"self":[{"href":"https:\/\/lottohoy.com\/fr\/wp-json\/wp\/v2\/pages\/4078","targetHints":{"allow":["GET"]}}],"collection":[{"href":"https:\/\/lottohoy.com\/fr\/wp-json\/wp\/v2\/pages"}],"about":[{"href":"https:\/\/lottohoy.com\/fr\/wp-json\/wp\/v2\/types\/page"}],"author":[{"embeddable":true,"href":"https:\/\/lottohoy.com\/fr\/wp-json\/wp\/v2\/users\/2"}],"replies":[{"embeddable":true,"href":"https:\/\/lottohoy.com\/fr\/wp-json\/wp\/v2\/comments?post=4078"}],"version-history":[{"count":3,"href":"https:\/\/lottohoy.com\/fr\/wp-json\/wp\/v2\/pages\/4078\/revisions"}],"predecessor-version":[{"id":14507,"href":"https:\/\/lottohoy.com\/fr\/wp-json\/wp\/v2\/pages\/4078\/revisions\/14507"}],"up":[{"embeddable":true,"href":"https:\/\/lottohoy.com\/fr\/wp-json\/wp\/v2\/pages\/4072"}],"wp:attachment":[{"href":"https:\/\/lottohoy.com\/fr\/wp-json\/wp\/v2\/media?parent=4078"}],"curies":[{"name":"wp","href":"https:\/\/api.w.org\/{rel}","templated":true}]}}