{"id":4076,"date":"2019-02-13T18:44:38","date_gmt":"2019-02-13T18:44:38","guid":{"rendered":"https:\/\/www.lottohoy.com\/?page_id=4076"},"modified":"2025-02-10T12:24:08","modified_gmt":"2025-02-10T12:24:08","slug":"el-gordo-primitiva","status":"publish","type":"page","link":"https:\/\/lottohoy.com\/fr\/jouer\/el-gordo-primitiva\/","title":{"rendered":"Jouez \u00e0 El Gordo en ligne"},"content":{"rendered":"<p><!--more--><\/p>\n<p>Le 31 octobre 1993 a \u00e9t\u00e9 le premier tirage au sort pour Gordo de la Primitiva, un tirage qui a lieu actuellement tous les dimanches, bien que les premiers tirages n&rsquo;aient lieu qu&rsquo;une fois par mois, le dernier dimanche du mois.<\/p>\n<p>Cette forme de dessin a \u00e9t\u00e9 maintenue jusqu&rsquo;au dessin du 12 octobre 1997.<\/p>\n<p>Jouer \u00e0 Gordo de la Primitiva en ligne est maintenant tr\u00e8s simple. Nous vous offrons la possibilit\u00e9 d&rsquo;acheter vos billets tous les jours de la semaine, 24 heures sur 24 et pour seulement 3 \u20ac.<\/p>\n<h2><strong>Comment jouez-vous \u00e0 El Gordo de la Primitiva ?<\/strong><\/h2>\n<p>Jouer El Gordo de la Primitiva consiste \u00e0 s\u00e9lectionner 5 num\u00e9ros dans une table de 54 cases num\u00e9rot\u00e9es de 1 \u00e0 54, et dans un bloc suppl\u00e9mentaire, \u00e0 s\u00e9lectionner 1 num\u00e9ro de touche parmi les cases num\u00e9rot\u00e9es de 0 \u00e0 9.<\/p>\n<p>Il y a fondamentalement deux fa\u00e7ons de jouer le Jackpot Primitif, le pari simple, et le pari multiple :<\/p>\n<p>Le <strong>pari simple <\/strong>consiste \u00e0 choisir 5 num\u00e9ros dans la premi\u00e8re table contenant 54 cases num\u00e9rot\u00e9es de 1 \u00e0 54 respectivement, et un num\u00e9ro cl\u00e9 (aussi appel\u00e9 rabais) dans une deuxi\u00e8me table offrant le ticket contenant 10 cases num\u00e9rot\u00e9es de 0 \u00e0 9. Le prix de chaque billet El Gordo de La Primitiva est de 2,50 EUR. en Lottohoy.<\/p>\n<p>Ce nombre cl\u00e9, ou rabais, est commun \u00e0 tous les paris ou blocs qui sont mis en jeu sur le ticket unique.<\/p>\n<p>Les <strong>paris multiples<\/strong> sont effectu\u00e9s exclusivement sur le premier bloc du billet, et un minimum de 6 cases peuvent \u00eatre marqu\u00e9es, et un maximum de 11 cases de la premi\u00e8re table, plus le num\u00e9ro de cl\u00e9 ou le remboursement de la table jointe.<\/p>\n<p>Quand un pari multiple est rempli, le nombre de num\u00e9ros qui sont marqu\u00e9s sera directement li\u00e9 aux paris qui sont faits, et au co\u00fbt du m\u00eame.<\/p>\n<table style=\"width: 407px;\">\n<tbody>\n<tr>\n<td style=\"width: 180px; text-align: center;\"><strong>Num\u00e9ros compos\u00e9s<\/strong><\/td>\n<td style=\"width: 219px; text-align: center;\"><strong>Total des paris<\/strong><\/td>\n<\/tr>\n<tr>\n<td style=\"width: 180px; text-align: center;\">6<\/td>\n<td style=\"width: 219px; text-align: center;\">6<\/td>\n<\/tr>\n<tr>\n<td style=\"width: 180px; text-align: center;\">7<\/td>\n<td style=\"width: 219px; text-align: center;\">21<\/td>\n<\/tr>\n<tr>\n<td style=\"width: 180px; text-align: center;\">8<\/td>\n<td style=\"width: 219px; text-align: center;\">56<\/td>\n<\/tr>\n<tr>\n<td style=\"width: 180px; text-align: center;\">9<\/td>\n<td style=\"width: 219px; text-align: center;\">126<\/td>\n<\/tr>\n<tr>\n<td style=\"width: 180px; text-align: center;\">10<\/td>\n<td style=\"width: 219px; text-align: center;\">252<\/td>\n<\/tr>\n<tr>\n<td style=\"width: 180px; text-align: center;\">11<\/td>\n<td style=\"width: 219px; text-align: center;\">462<\/td>\n<\/tr>\n<\/tbody>\n<\/table>\n<h2><strong>Quel jour jouez-vous \u00e0 El Gordo de la Primitiva ?<\/strong><\/h2>\n<p>El Gordo de la Primitiva n&rsquo;a qu&rsquo;un seul tirage par semaine, le dimanche et a lieu \u00e0 21h30. (CET) \u00e0 Madrid.<\/p>\n<p>Pour avoir acc\u00e8s \u00e0 ces tirages, les heures de fermeture doivent \u00eatre prises en compte.<\/p>\n<p>En jouant en ligne, l&rsquo;heure normale est autour de 13:00 h., selon le pays du fournisseur o\u00f9 il est jou\u00e9 (\u00e0 consulter au pr\u00e9alable).<\/p>\n<h2><strong>Jouer \u00e0 El Gordo de La Primitiva online<\/strong><\/h2>\n<p>Jouer au Gordo de la Primitiva en ligne pr\u00e9sente de nombreux avantages par rapport au jeu traditionnel qui consiste \u00e0 tamponner physiquement le billet dans les administrations de loterie.<\/p>\n<p>Avec l&rsquo;av\u00e8nement des nouvelles technologies, de nombreuses activit\u00e9s ont \u00e9t\u00e9 facilit\u00e9es pour obtenir confort, gain de temps et s\u00e9curit\u00e9.<\/p>\n<p>Les chances de gagner l&rsquo;un des jackpots de Primitiva jouant en ligne sont exactement les m\u00eames que lorsque vous achetez un billet physique \u00e0 une administration de loterie, et les plateformes de loterie en ligne comme la n\u00f4tre le rendent tr\u00e8s facile.<\/p>\n<p>Il vous suffit de cr\u00e9er un compte utilisateur chez LottoHoy, et ainsi acc\u00e9der \u00e0 toutes les informations sur les encaissements, les paiements, les abonnements en toute s\u00e9curit\u00e9.<\/p>\n<p>Lorsque vous acc\u00e9dez \u00e0 l&rsquo;int\u00e9rieur de notre plateforme \u00e0 la section du jeu de Gordo de la Primitiva, en haut appara\u00eet une barre de menu avec quatre options :<\/p>\n<ul>\n<li><strong>Jouer Gordo Primitiva<\/strong> : Section dans laquelle vous pouvez s\u00e9lectionner vos num\u00e9ros favoris dans autant de colonnes que vous le souhaitez. En principe, 5 colonnes sont affich\u00e9es, mais votre mise peut \u00eatre \u00e9tendue \u00e0 autant de colonnes que vous le souhaitez, en cliquant simplement sur la case sous la premi\u00e8re colonne qui dit \u00ab\u00a0plus de lignes\u00a0\u00bb.<\/li>\n<li><strong>R\u00e9sultats du Gordo de la Primitiva<\/strong> : Avec des informations sur le dernier tirage, la combinaison gagnante et la distribution des prix dans les diff\u00e9rentes cat\u00e9gories. Vous pouvez \u00e9galement avoir acc\u00e8s \u00e0 l&rsquo;information sur les tirages pr\u00e9c\u00e9dents et le montant de leurs prix.<\/li>\n<li><strong>Informations Gordo de La Primitiva<\/strong> : Toutes les informations relatives \u00e0 ce jeu, les cat\u00e9gories de prix, les pourcentages de collecte affect\u00e9s \u00e0 chaque cat\u00e9gorie et les possibilit\u00e9s de gagner dans chaque cat\u00e9gorie.<\/li>\n<li><strong>El Gordo de la Primitiva Nouvelles<\/strong> : Toutes les derni\u00e8res nouvelles sur ce type de loterie.<\/li>\n<\/ul>\n<p>Juste en dessous, se trouve la premi\u00e8re ligne de jeu, compos\u00e9e de cinq colonnes (ou tickets). Vous pouvez jouer une seule colonne ou autant que vous voulez, vous pouvez m\u00eame ajouter plus de lignes et ainsi jouer plus de nombres.<\/p>\n<p>Chacune des colonnes ou lignes est num\u00e9rot\u00e9e de 1 \u00e0 54 et c&rsquo;est l\u00e0 que vous devez faire la pr\u00e9vision que vous voulez, \u00e0 partir de la base que <strong>vous devez marquer 5 cases ou chiffres<\/strong> pour un simple d\u00e9placement.<\/p>\n<p>Le syst\u00e8me vous permet de remplir ces cases manuellement avec vos num\u00e9ros pr\u00e9f\u00e9r\u00e9s, ou en utilisant l&rsquo;option de s\u00e9lection rapide qui appara\u00eet au-dessus de chaque plateau. De cette fa\u00e7on, c&rsquo;est le syst\u00e8me lui-m\u00eame qui choisit au hasard la combinaison avec laquelle nous allons jouer.<\/p>\n","protected":false},"excerpt":{"rendered":"","protected":false},"author":2,"featured_media":0,"parent":4072,"menu_order":6,"comment_status":"closed","ping_status":"closed","template":"el-gordo.php","meta":{"_et_pb_use_builder":"","_et_pb_old_content":"","_et_gb_content_width":"","exclude_from_search":false,"footnotes":""},"class_list":["post-4076","page","type-page","status-publish","hentry"],"yoast_head":"<!-- This site is optimized with the Yoast SEO plugin v23.7 - https:\/\/yoast.com\/wordpress\/plugins\/seo\/ -->\n<title>Jouez \u00e0 El Gordo de la Primitiva en ligne - Jouez \u00e0 Lottohoy<\/title>\n<meta name=\"description\" content=\"Obtenez votre billet pour le prochain tirage au sort de El Gordo de La Primitiva. D\u00e9couvrez aussi les num\u00e9ros les plus prim\u00e9s. R\u00e9alisez vos r\u00eaves avec Lottohoy.\" \/>\n<meta name=\"robots\" content=\"index, follow, max-snippet:-1, max-image-preview:large, max-video-preview:-1\" \/>\n<link rel=\"canonical\" href=\"https:\/\/lottohoy.com\/fr\/jouer\/el-gordo-primitiva\/\" \/>\n<meta property=\"og:locale\" content=\"fr_FR\" \/>\n<meta property=\"og:type\" content=\"article\" \/>\n<meta property=\"og:title\" content=\"Jouez \u00e0 El Gordo de la Primitiva en ligne - Jouez \u00e0 Lottohoy\" \/>\n<meta property=\"og:description\" content=\"Obtenez votre billet pour le prochain tirage au sort de El Gordo de La Primitiva. D\u00e9couvrez aussi les num\u00e9ros les plus prim\u00e9s. R\u00e9alisez vos r\u00eaves avec Lottohoy.\" \/>\n<meta property=\"og:url\" content=\"https:\/\/lottohoy.com\/fr\/jouer\/el-gordo-primitiva\/\" \/>\n<meta property=\"og:site_name\" content=\"Lottohoy\" \/>\n<meta property=\"article:modified_time\" content=\"2025-02-10T12:24:08+00:00\" \/>\n<meta name=\"twitter:card\" content=\"summary_large_image\" \/>\n<meta name=\"twitter:label1\" content=\"Dur\u00e9e de lecture estim\u00e9e\" \/>\n\t<meta name=\"twitter:data1\" content=\"4 minutes\" \/>\n<script type=\"application\/ld+json\" class=\"yoast-schema-graph\">{\"@context\":\"https:\/\/schema.org\",\"@graph\":[{\"@type\":\"WebPage\",\"@id\":\"https:\/\/lottohoy.com\/fr\/jouer\/el-gordo-primitiva\/\",\"url\":\"https:\/\/lottohoy.com\/fr\/jouer\/el-gordo-primitiva\/\",\"name\":\"Jouez \u00e0 El Gordo de la Primitiva en ligne - Jouez \u00e0 Lottohoy\",\"isPartOf\":{\"@id\":\"https:\/\/lottohoy.com\/fr\/#website\"},\"datePublished\":\"2019-02-13T18:44:38+00:00\",\"dateModified\":\"2025-02-10T12:24:08+00:00\",\"description\":\"Obtenez votre billet pour le prochain tirage au sort de El Gordo de La Primitiva. D\u00e9couvrez aussi les num\u00e9ros les plus prim\u00e9s. R\u00e9alisez vos r\u00eaves avec Lottohoy.\",\"breadcrumb\":{\"@id\":\"https:\/\/lottohoy.com\/fr\/jouer\/el-gordo-primitiva\/#breadcrumb\"},\"inLanguage\":\"fr-FR\",\"potentialAction\":[{\"@type\":\"ReadAction\",\"target\":[\"https:\/\/lottohoy.com\/fr\/jouer\/el-gordo-primitiva\/\"]}]},{\"@type\":\"BreadcrumbList\",\"@id\":\"https:\/\/lottohoy.com\/fr\/jouer\/el-gordo-primitiva\/#breadcrumb\",\"itemListElement\":[{\"@type\":\"ListItem\",\"position\":1,\"name\":\"Home\",\"item\":\"https:\/\/lottohoy.com\/fr\/\"},{\"@type\":\"ListItem\",\"position\":2,\"name\":\"Jouez la loterie en ligne\",\"item\":\"https:\/\/lottohoy.com\/fr\/jouer\/\"},{\"@type\":\"ListItem\",\"position\":3,\"name\":\"Jouez \u00e0 El Gordo en ligne\"}]},{\"@type\":\"WebSite\",\"@id\":\"https:\/\/lottohoy.com\/fr\/#website\",\"url\":\"https:\/\/lottohoy.com\/fr\/\",\"name\":\"Lottohoy\",\"description\":\"\",\"potentialAction\":[{\"@type\":\"SearchAction\",\"target\":{\"@type\":\"EntryPoint\",\"urlTemplate\":\"https:\/\/lottohoy.com\/fr\/?s={search_term_string}\"},\"query-input\":{\"@type\":\"PropertyValueSpecification\",\"valueRequired\":true,\"valueName\":\"search_term_string\"}}],\"inLanguage\":\"fr-FR\"}]}<\/script>\n<!-- \/ Yoast SEO plugin. -->","yoast_head_json":{"title":"Jouez \u00e0 El Gordo de la Primitiva en ligne - Jouez \u00e0 Lottohoy","description":"Obtenez votre billet pour le prochain tirage au sort de El Gordo de La Primitiva. D\u00e9couvrez aussi les num\u00e9ros les plus prim\u00e9s. R\u00e9alisez vos r\u00eaves avec Lottohoy.","robots":{"index":"index","follow":"follow","max-snippet":"max-snippet:-1","max-image-preview":"max-image-preview:large","max-video-preview":"max-video-preview:-1"},"canonical":"https:\/\/lottohoy.com\/fr\/jouer\/el-gordo-primitiva\/","og_locale":"fr_FR","og_type":"article","og_title":"Jouez \u00e0 El Gordo de la Primitiva en ligne - Jouez \u00e0 Lottohoy","og_description":"Obtenez votre billet pour le prochain tirage au sort de El Gordo de La Primitiva. D\u00e9couvrez aussi les num\u00e9ros les plus prim\u00e9s. R\u00e9alisez vos r\u00eaves avec Lottohoy.","og_url":"https:\/\/lottohoy.com\/fr\/jouer\/el-gordo-primitiva\/","og_site_name":"Lottohoy","article_modified_time":"2025-02-10T12:24:08+00:00","twitter_card":"summary_large_image","twitter_misc":{"Dur\u00e9e de lecture estim\u00e9e":"4 minutes"},"schema":{"@context":"https:\/\/schema.org","@graph":[{"@type":"WebPage","@id":"https:\/\/lottohoy.com\/fr\/jouer\/el-gordo-primitiva\/","url":"https:\/\/lottohoy.com\/fr\/jouer\/el-gordo-primitiva\/","name":"Jouez \u00e0 El Gordo de la Primitiva en ligne - Jouez \u00e0 Lottohoy","isPartOf":{"@id":"https:\/\/lottohoy.com\/fr\/#website"},"datePublished":"2019-02-13T18:44:38+00:00","dateModified":"2025-02-10T12:24:08+00:00","description":"Obtenez votre billet pour le prochain tirage au sort de El Gordo de La Primitiva. D\u00e9couvrez aussi les num\u00e9ros les plus prim\u00e9s. R\u00e9alisez vos r\u00eaves avec Lottohoy.","breadcrumb":{"@id":"https:\/\/lottohoy.com\/fr\/jouer\/el-gordo-primitiva\/#breadcrumb"},"inLanguage":"fr-FR","potentialAction":[{"@type":"ReadAction","target":["https:\/\/lottohoy.com\/fr\/jouer\/el-gordo-primitiva\/"]}]},{"@type":"BreadcrumbList","@id":"https:\/\/lottohoy.com\/fr\/jouer\/el-gordo-primitiva\/#breadcrumb","itemListElement":[{"@type":"ListItem","position":1,"name":"Home","item":"https:\/\/lottohoy.com\/fr\/"},{"@type":"ListItem","position":2,"name":"Jouez la loterie en ligne","item":"https:\/\/lottohoy.com\/fr\/jouer\/"},{"@type":"ListItem","position":3,"name":"Jouez \u00e0 El Gordo en ligne"}]},{"@type":"WebSite","@id":"https:\/\/lottohoy.com\/fr\/#website","url":"https:\/\/lottohoy.com\/fr\/","name":"Lottohoy","description":"","potentialAction":[{"@type":"SearchAction","target":{"@type":"EntryPoint","urlTemplate":"https:\/\/lottohoy.com\/fr\/?s={search_term_string}"},"query-input":{"@type":"PropertyValueSpecification","valueRequired":true,"valueName":"search_term_string"}}],"inLanguage":"fr-FR"}]}},"_links":{"self":[{"href":"https:\/\/lottohoy.com\/fr\/wp-json\/wp\/v2\/pages\/4076","targetHints":{"allow":["GET"]}}],"collection":[{"href":"https:\/\/lottohoy.com\/fr\/wp-json\/wp\/v2\/pages"}],"about":[{"href":"https:\/\/lottohoy.com\/fr\/wp-json\/wp\/v2\/types\/page"}],"author":[{"embeddable":true,"href":"https:\/\/lottohoy.com\/fr\/wp-json\/wp\/v2\/users\/2"}],"replies":[{"embeddable":true,"href":"https:\/\/lottohoy.com\/fr\/wp-json\/wp\/v2\/comments?post=4076"}],"version-history":[{"count":2,"href":"https:\/\/lottohoy.com\/fr\/wp-json\/wp\/v2\/pages\/4076\/revisions"}],"predecessor-version":[{"id":14571,"href":"https:\/\/lottohoy.com\/fr\/wp-json\/wp\/v2\/pages\/4076\/revisions\/14571"}],"up":[{"embeddable":true,"href":"https:\/\/lottohoy.com\/fr\/wp-json\/wp\/v2\/pages\/4072"}],"wp:attachment":[{"href":"https:\/\/lottohoy.com\/fr\/wp-json\/wp\/v2\/media?parent=4076"}],"curies":[{"name":"wp","href":"https:\/\/api.w.org\/{rel}","templated":true}]}}