{"id":4072,"date":"2018-05-03T14:23:25","date_gmt":"2018-05-03T13:23:25","guid":{"rendered":"https:\/\/www.lottohoy.com\/?page_id=4072"},"modified":"2025-02-06T17:03:38","modified_gmt":"2025-02-06T17:03:38","slug":"jouer","status":"publish","type":"page","link":"https:\/\/lottohoy.com\/fr\/jouer\/","title":{"rendered":"Jouez la loterie en ligne"},"content":{"rendered":"<p>Acheter une loterie en ligne avec LottoHoy est simple, rapide et pratique : <strong>C&rsquo;est simple<\/strong> parce que vous pouvez faire l&rsquo;achat de n&rsquo;importe o\u00f9 dans le monde, tant que vous avez une connexion Internet, et par n&rsquo;importe quel moyen : mobile\/cellulaire, tablette ou ordinateur. <strong>C&rsquo;est rapide<\/strong>, en quelques secondes, vous pouvez d\u00e9terminer la loterie \u00e0 laquelle vous voulez jouer parmi la grande vari\u00e9t\u00e9 de jeux que nous offrons. Vous choisissez la combinaison de num\u00e9ros qui composent le pari, et effectuez le paiement en choisissant la m\u00e9thode qui convient le mieux et&#8230; C&rsquo;est tout ! <strong>Il est s\u00e9curitaire<\/strong>, car une fois l&rsquo;achat effectu\u00e9, il est refl\u00e9t\u00e9 dans le compte de l&rsquo;utilisateur jusqu&rsquo;\u00e0 ce que le tirage soit effectu\u00e9 et que la confirmation soit re\u00e7ue \u00e9lectroniquement. <a href=\"https:\/\/www.lottohoy.com\/fr\/inscription-ouvr\u2026re-compte-joueur\/\"><span style=\"color: #993366;\"><strong>Ouvrez votre compte<\/strong><\/span><\/a> d\u00e8s aujourd&rsquo;hui et commencez \u00e0 jouer avec nous !<\/p>\n<h2><strong>Comment acheter une loterie en ligne<\/strong><\/h2>\n<p>Lorsque vous entrez sur notre plateforme de jeu, vous avez un choix <strong>vari\u00e9 de loteries<\/strong>. Vous pouvez entrer celui ou ceux auxquels vous voulez participer, vous trouverez des informations d\u00e9taill\u00e9es qui vous aideront \u00e0 d\u00e9terminer les pr\u00e9visions sur le pari que vous voulez faire, et les caract\u00e9ristiques et les r\u00e8gles du jeu. Vous pouvez choisir la combinaison de num\u00e9ros et de boules <strong>manuellement<\/strong> en cochant sur les cases correspondantes dans chaque colonne les num\u00e9ros que chacun cr\u00e9era sera le gagnant. Ou vous <strong>pouvez laisser le syst\u00e8me choisir la combinaison<\/strong> de nombres et de boules au hasard. Une fois le d\u00e9m\u00e9nagement d\u00e9fini, il est confirm\u00e9 en proc\u00e9dant \u00e0 son paiement (<em>cette op\u00e9ration peut \u00eatre effectu\u00e9e pour autant de loteries que vous le souhaitez<\/em>), et vous choisissez le mode de paiement qui vous est propos\u00e9.<\/p>\n<h2><strong>Comment gagner \u00e0 la loterie en ligne<\/strong><\/h2>\n<p>Tous les <strong>prix de loterie<\/strong> gagn\u00e9s dans les diff\u00e9rents tirages sont imm\u00e9diatement cr\u00e9dit\u00e9s sur le compte de l&rsquo;utilisateur, afin qu&rsquo;ils soient disponibles et \u00e0 la disposition de l&rsquo;utilisateur. Lorsque le montant peut \u00eatre plus \u00e9lev\u00e9, le client est conseill\u00e9 sur les meilleures solutions pour acc\u00e9der \u00e0 ces prix. Chaque loterie est r\u00e9gie par la loi fiscale du pays o\u00f9 elle est organis\u00e9e, car il peut y avoir des <a href=\"https:\/\/www.lottohoy.com\/es\/ipuestos-loterias-en-espana\/\"><span style=\"color: #993366;\">co\u00fbts fiscaux<\/span><\/a> et autres qui peuvent affecter les montants attribu\u00e9s.<\/p>\n<h2><strong>Avantages de jouer \u00e0 la loterie en ligne<\/strong><\/h2>\n<ul>\n<li><strong>Gagner du temps<\/strong> est peut-\u00eatre le plus grand avantage de jouer \u00e0 la loterie en ligne. Il n&rsquo;y a pas de moyen plus rapide de jouer.<\/li>\n<li>Gr\u00e2ce \u00e0 LottoHoy, <strong>vous pouvez acheter des billets de loterie \u00e0 tout moment,<\/strong> 24 heures sur 24, 7 jours sur 7 et 365 jours par an, sans vacances, sans heures d&rsquo;\u00e9tablissement physique.<\/li>\n<li><strong>Pas de d\u00e9placements<\/strong> au point de vente physique, pas de files d&rsquo;attente et pas d&rsquo;horaires.<\/li>\n<li>La disponibilit\u00e9 d&rsquo;avoir \u00e0 port\u00e9e de main en quelques clics, <strong>une grande vari\u00e9t\u00e9 de loteries<\/strong> \u00e0 travers le monde. Ces loteries qui offrent les meilleurs <strong><span style=\"color: #993366;\">jackpots de loterie<\/span>.<\/strong><\/li>\n<li>Pouvoir <strong>jouer de n&rsquo;importe quel endroit<\/strong> \u00e0 n&rsquo;importe quel moment, \u00e0 la maison, au travail, en attendant l&rsquo;autobus ou dans n&rsquo;importe quelle circonstance de la vie quotidienne. Simplement en disposant d&rsquo;une connexion Internet et \u00e0 partir de n&rsquo;importe quel type d&rsquo;appareil : mobile, tablette ou ordinateur.<\/li>\n<li>Sans oublier <strong>la s\u00e9curit\u00e9<\/strong> que repr\u00e9sente le fait de ne pas perdre la possibilit\u00e9 d&rsquo;acc\u00e9der \u00e0 un prix parce que le billet a \u00e9t\u00e9 perdu, ou simplement parce que le <a href=\"https:\/\/www.lottohoy.com\/fr\/resultats\/\"><span style=\"color: #993366;\"><strong>r\u00e9sultat du tirage<\/strong><\/span><\/a> n&rsquo;a pas \u00e9t\u00e9 consult\u00e9, pouvant ainsi expirer le d\u00e9lai pour le r\u00e9clamer.<\/li>\n<li>\u00c0 partir du moment de l&rsquo;achat, est refl\u00e9t\u00e9 dans le <strong>compte utilisateur<\/strong> que l&rsquo;achat et la pr\u00e9vision faite.<\/li>\n<li>En cas de gain, le montant gagn\u00e9 est <strong>imm\u00e9diatement cr\u00e9dit\u00e9<\/strong> sur le solde de l&rsquo;utilisateur.<\/li>\n<\/ul>\n","protected":false},"excerpt":{"rendered":"<p>Acheter une loterie en ligne avec LottoHoy est simple, rapide et pratique : C&rsquo;est simple parce que vous pouvez faire l&rsquo;achat de n&rsquo;importe o\u00f9 dans le monde, tant que vous avez une connexion Internet, et par n&rsquo;importe quel moyen : mobile\/cellulaire, tablette ou ordinateur. C&rsquo;est rapide, en quelques secondes, vous pouvez d\u00e9terminer la loterie \u00e0 [&hellip;]<\/p>\n","protected":false},"author":2,"featured_media":0,"parent":0,"menu_order":2,"comment_status":"closed","ping_status":"closed","template":"Play-all.php","meta":{"_et_pb_use_builder":"","_et_pb_old_content":"","_et_gb_content_width":"","exclude_from_search":false,"footnotes":""},"class_list":["post-4072","page","type-page","status-publish","hentry"],"yoast_head":"<!-- This site is optimized with the Yoast SEO plugin v23.7 - https:\/\/yoast.com\/wordpress\/plugins\/seo\/ -->\n<title>Acheter loterie en ligne - Jouer aux meilleures loteries - LottoHoy<\/title>\n<meta name=\"description\" content=\"Chez LottoHoy, nous offrons un grand choix de loteries. Choisissez votre favori, apprenez \u00e0 jouer et achetez votre billet rapidement et en toute s\u00e9curit\u00e9.\" \/>\n<meta name=\"robots\" content=\"index, follow, max-snippet:-1, max-image-preview:large, max-video-preview:-1\" \/>\n<link rel=\"canonical\" href=\"https:\/\/lottohoy.com\/fr\/jouer\/\" \/>\n<meta property=\"og:locale\" content=\"fr_FR\" \/>\n<meta property=\"og:type\" content=\"article\" \/>\n<meta property=\"og:title\" content=\"Acheter loterie en ligne - Jouer aux meilleures loteries - LottoHoy\" \/>\n<meta property=\"og:description\" content=\"Chez LottoHoy, nous offrons un grand choix de loteries. Choisissez votre favori, apprenez \u00e0 jouer et achetez votre billet rapidement et en toute s\u00e9curit\u00e9.\" \/>\n<meta property=\"og:url\" content=\"https:\/\/lottohoy.com\/fr\/jouer\/\" \/>\n<meta property=\"og:site_name\" content=\"Lottohoy\" \/>\n<meta property=\"article:modified_time\" content=\"2025-02-06T17:03:38+00:00\" \/>\n<meta name=\"twitter:card\" content=\"summary_large_image\" \/>\n<meta name=\"twitter:label1\" content=\"Dur\u00e9e de lecture estim\u00e9e\" \/>\n\t<meta name=\"twitter:data1\" content=\"3 minutes\" \/>\n<script type=\"application\/ld+json\" class=\"yoast-schema-graph\">{\"@context\":\"https:\/\/schema.org\",\"@graph\":[{\"@type\":\"WebPage\",\"@id\":\"https:\/\/lottohoy.com\/fr\/jouer\/\",\"url\":\"https:\/\/lottohoy.com\/fr\/jouer\/\",\"name\":\"Acheter loterie en ligne - Jouer aux meilleures loteries - LottoHoy\",\"isPartOf\":{\"@id\":\"https:\/\/lottohoy.com\/fr\/#website\"},\"datePublished\":\"2018-05-03T13:23:25+00:00\",\"dateModified\":\"2025-02-06T17:03:38+00:00\",\"description\":\"Chez LottoHoy, nous offrons un grand choix de loteries. Choisissez votre favori, apprenez \u00e0 jouer et achetez votre billet rapidement et en toute s\u00e9curit\u00e9.\",\"breadcrumb\":{\"@id\":\"https:\/\/lottohoy.com\/fr\/jouer\/#breadcrumb\"},\"inLanguage\":\"fr-FR\",\"potentialAction\":[{\"@type\":\"ReadAction\",\"target\":[\"https:\/\/lottohoy.com\/fr\/jouer\/\"]}]},{\"@type\":\"BreadcrumbList\",\"@id\":\"https:\/\/lottohoy.com\/fr\/jouer\/#breadcrumb\",\"itemListElement\":[{\"@type\":\"ListItem\",\"position\":1,\"name\":\"Home\",\"item\":\"https:\/\/lottohoy.com\/fr\/\"},{\"@type\":\"ListItem\",\"position\":2,\"name\":\"Jouez la loterie en ligne\"}]},{\"@type\":\"WebSite\",\"@id\":\"https:\/\/lottohoy.com\/fr\/#website\",\"url\":\"https:\/\/lottohoy.com\/fr\/\",\"name\":\"Lottohoy\",\"description\":\"\",\"potentialAction\":[{\"@type\":\"SearchAction\",\"target\":{\"@type\":\"EntryPoint\",\"urlTemplate\":\"https:\/\/lottohoy.com\/fr\/?s={search_term_string}\"},\"query-input\":{\"@type\":\"PropertyValueSpecification\",\"valueRequired\":true,\"valueName\":\"search_term_string\"}}],\"inLanguage\":\"fr-FR\"}]}<\/script>\n<!-- \/ Yoast SEO plugin. -->","yoast_head_json":{"title":"Acheter loterie en ligne - Jouer aux meilleures loteries - LottoHoy","description":"Chez LottoHoy, nous offrons un grand choix de loteries. Choisissez votre favori, apprenez \u00e0 jouer et achetez votre billet rapidement et en toute s\u00e9curit\u00e9.","robots":{"index":"index","follow":"follow","max-snippet":"max-snippet:-1","max-image-preview":"max-image-preview:large","max-video-preview":"max-video-preview:-1"},"canonical":"https:\/\/lottohoy.com\/fr\/jouer\/","og_locale":"fr_FR","og_type":"article","og_title":"Acheter loterie en ligne - Jouer aux meilleures loteries - LottoHoy","og_description":"Chez LottoHoy, nous offrons un grand choix de loteries. Choisissez votre favori, apprenez \u00e0 jouer et achetez votre billet rapidement et en toute s\u00e9curit\u00e9.","og_url":"https:\/\/lottohoy.com\/fr\/jouer\/","og_site_name":"Lottohoy","article_modified_time":"2025-02-06T17:03:38+00:00","twitter_card":"summary_large_image","twitter_misc":{"Dur\u00e9e de lecture estim\u00e9e":"3 minutes"},"schema":{"@context":"https:\/\/schema.org","@graph":[{"@type":"WebPage","@id":"https:\/\/lottohoy.com\/fr\/jouer\/","url":"https:\/\/lottohoy.com\/fr\/jouer\/","name":"Acheter loterie en ligne - Jouer aux meilleures loteries - LottoHoy","isPartOf":{"@id":"https:\/\/lottohoy.com\/fr\/#website"},"datePublished":"2018-05-03T13:23:25+00:00","dateModified":"2025-02-06T17:03:38+00:00","description":"Chez LottoHoy, nous offrons un grand choix de loteries. Choisissez votre favori, apprenez \u00e0 jouer et achetez votre billet rapidement et en toute s\u00e9curit\u00e9.","breadcrumb":{"@id":"https:\/\/lottohoy.com\/fr\/jouer\/#breadcrumb"},"inLanguage":"fr-FR","potentialAction":[{"@type":"ReadAction","target":["https:\/\/lottohoy.com\/fr\/jouer\/"]}]},{"@type":"BreadcrumbList","@id":"https:\/\/lottohoy.com\/fr\/jouer\/#breadcrumb","itemListElement":[{"@type":"ListItem","position":1,"name":"Home","item":"https:\/\/lottohoy.com\/fr\/"},{"@type":"ListItem","position":2,"name":"Jouez la loterie en ligne"}]},{"@type":"WebSite","@id":"https:\/\/lottohoy.com\/fr\/#website","url":"https:\/\/lottohoy.com\/fr\/","name":"Lottohoy","description":"","potentialAction":[{"@type":"SearchAction","target":{"@type":"EntryPoint","urlTemplate":"https:\/\/lottohoy.com\/fr\/?s={search_term_string}"},"query-input":{"@type":"PropertyValueSpecification","valueRequired":true,"valueName":"search_term_string"}}],"inLanguage":"fr-FR"}]}},"_links":{"self":[{"href":"https:\/\/lottohoy.com\/fr\/wp-json\/wp\/v2\/pages\/4072","targetHints":{"allow":["GET"]}}],"collection":[{"href":"https:\/\/lottohoy.com\/fr\/wp-json\/wp\/v2\/pages"}],"about":[{"href":"https:\/\/lottohoy.com\/fr\/wp-json\/wp\/v2\/types\/page"}],"author":[{"embeddable":true,"href":"https:\/\/lottohoy.com\/fr\/wp-json\/wp\/v2\/users\/2"}],"replies":[{"embeddable":true,"href":"https:\/\/lottohoy.com\/fr\/wp-json\/wp\/v2\/comments?post=4072"}],"version-history":[{"count":3,"href":"https:\/\/lottohoy.com\/fr\/wp-json\/wp\/v2\/pages\/4072\/revisions"}],"predecessor-version":[{"id":14397,"href":"https:\/\/lottohoy.com\/fr\/wp-json\/wp\/v2\/pages\/4072\/revisions\/14397"}],"wp:attachment":[{"href":"https:\/\/lottohoy.com\/fr\/wp-json\/wp\/v2\/media?parent=4072"}],"curies":[{"name":"wp","href":"https:\/\/api.w.org\/{rel}","templated":true}]}}