{"id":4070,"date":"2018-05-03T14:23:36","date_gmt":"2018-05-03T13:23:36","guid":{"rendered":"https:\/\/www.lottohoy.com\/?page_id=4070"},"modified":"2025-02-12T18:24:55","modified_gmt":"2025-02-12T18:24:55","slug":"lotto-uk","status":"publish","type":"page","link":"https:\/\/lottohoy.com\/fr\/loterie\/lotto-uk\/","title":{"rendered":"Information sur UK Lottery"},"content":{"rendered":"<p>Le Lotto UK, qui a commenc\u00e9 en 1994, est une loterie Royaume-Uni qui a lieu chaque mercredi et samedi. Il dispose \u00e9galement d&rsquo;un prix minimum garanti de 2 500 000 \u00a3.<\/p>\n<p><!--more--><\/p>\n<h2><strong>Qu&rsquo;est-ce que Lotto UK ?<\/strong><\/h2>\n<p>Le Lotto UK est la loterie nationale du Royaume-Uni, comme nous l&rsquo;avons d\u00e9j\u00e0 mentionn\u00e9, il a \u00e9t\u00e9 cr\u00e9\u00e9 en 1994 et, depuis lors, il suscite un int\u00e9r\u00eat croissant, de sorte que sa r\u00e9glementation a connu quelques changements.<\/p>\n<p>Les boules qui composent et d\u00e9terminent les combinaisons gagnantes sont 59 au total, et curieusement sont divis\u00e9es en couleurs de sorte que chaque douzaine de num\u00e9ros est une couleur diff\u00e9rente (1 \u00e0 9 sont blancs, 10 \u00e0 19 bleus, et suivis du rose, vert, jaune et violet).<\/p>\n<p>Le tirage au sort consiste \u00e0 extraire 6 boules + un septi\u00e8me comme \u00ab\u00a0bonus\u00a0\u00bb, et \u00e0 chaque ticket de pari est joint un code de lettres et de chiffres pour participer gratuitement au tirage au sort du Millionnaire, dans les administrations physiques.<\/p>\n<p>Le jackpot minimum garanti est de 2.500.000 \u00a3, tandis que le maximum qui peut \u00eatre atteint avec diverses accumulations est de 22 millions de livres.<\/p>\n<p>La r\u00e9partition des prix est r\u00e9partie entre 7 cat\u00e9gories en fonction du d\u00e9tail :<\/p>\n<ul>\n<li><strong>Premi\u00e8re cat\u00e9gorie<\/strong>. En faisant correspondre les 6 num\u00e9ros de la combinaison tir\u00e9e, le Jackpot gagne.<\/li>\n<li><strong>Deuxi\u00e8me cat\u00e9gorie<\/strong>. En faisant correspondre les 5 num\u00e9ros + la boule de bonus, vous gagnez un prix estim\u00e9 \u00e0 50 000 \u00a3.<\/li>\n<li><strong>Troisi\u00e8me cat\u00e9gorie<\/strong>. En faisant correspondre 5 num\u00e9ros, vous gagnez un prix estim\u00e9 \u00e0 1 000 \u00a3.<\/li>\n<li><strong>Quatri\u00e8me cat\u00e9gorie<\/strong>. En faisant correspondre 4 num\u00e9ros, vous gagnez un prix estim\u00e9 \u00e0 100\u20ac.<\/li>\n<li><strong>Cinqui\u00e8me cat\u00e9gorie<\/strong>. Avec 3 num\u00e9ros, il gagne 25 \u00a3.<\/li>\n<li><strong>Sixi\u00e8me cat\u00e9gorie.<\/strong> En faisant correspondre 2 num\u00e9ros, gagnez un billet gratuit pour le Lotto Lucky Dip.<\/li>\n<\/ul>\n<h2><strong>Comment jouer \u00e0 Lotto UK ?<\/strong><\/h2>\n<p>Jouer \u00e0 Lotto UK sur LottoHoy.com est tr\u00e8s facile, si vous avez d\u00e9j\u00e0 un compte utilisateur, il vous suffit d&rsquo;entrer dans l&rsquo;\u00e9cran de Lotto UK, faire les paris souhait\u00e9s et proc\u00e9der au paiement par l&rsquo;un des moyens de paiement que nous mettons \u00e0 disposition ou des fonds propres sur le compte, si vous les avez.<\/p>\n<p>Pour ceux qui n&rsquo;ont pas encore de compte utilisateur, vous pouvez vous inscrire en quelques secondes et la proc\u00e9dure d&rsquo;inscription est la m\u00eame.<\/p>\n<p>Une fois sur la page du <a href=\"https:\/\/lottohoy.com\/fr\/jouer\/lotto-uk\/\"><span style=\"color: #993366;\"><strong>jouer Lotto UK<\/strong><\/span><\/a>, nous pouvons voir 5 blocs ou colonnes avec des cases num\u00e9rot\u00e9es de 1 \u00e0 59 respectivement, et nous devons choisir 6 num\u00e9ros de la premi\u00e8re colonne (un ticket) si nous voulons faire une seule mise.<\/p>\n<p>Si vous voulez jouer plus de colonnes, cette page affiche jusqu&rsquo;\u00e0 5 colonnes, mais en cliquant sur le carr\u00e9 qui dit PLUS DE LIGNES, vous avez la possibilit\u00e9 d&rsquo;avoir 10 colonnes \u00e0 jouer.<\/p>\n<p>Une fois que vous avez d\u00e9cid\u00e9 quelles colonnes (paris) vous voulez, il vous suffit de CONTINUER et d&rsquo;effectuer le paiement.<\/p>\n<h3><strong>Prix du pari Lotto UK<\/strong><\/h3>\n<p>Le prix officiel de chaque mise Lotto UK est de 4,75 \u20ac, mais ce prix peut varier consid\u00e9rablement pour ceux qui ach\u00e8tent en dehors du Royaume-Uni et qui effectuent l&rsquo;achat en ligne.<\/p>\n<p>La diff\u00e9rence de prix du pari peut \u00eatre motiv\u00e9e par le paiement d&rsquo;une commission \u00e0 l&rsquo;agent physique qui effectue l&rsquo;achat au Royaume-Uni et par les frais de gestion de la plateforme en ligne.<\/p>\n<h2><strong>Probabilit\u00e9 de gagner au loto britannique (Lotto UK)<\/strong><\/h2>\n<p>Nous voulons tous gagner autant d&rsquo;argent que possible lorsque nous jouons \u00e0 la loterie. Dans le tableau ci-dessous, vous pouvez voir dans quelle mesure vous \u00eates susceptible de gagner l&rsquo;un des prix. Combinez ces statistiques avec les derniers <a href=\"https:\/\/lottohoy.com\/fr\/resultats\/lotto-uk\/\"><span style=\"color: #993366;\"><strong>r\u00e9sultats de Lotto UK<\/strong><\/span><\/a> pour faire le meilleur profit.<\/p>\n<p><!--more--><\/p>\n","protected":false},"excerpt":{"rendered":"<p>Le Lotto UK, qui a commenc\u00e9 en 1994, est une loterie Royaume-Uni qui a lieu chaque mercredi et samedi. Il dispose \u00e9galement d&rsquo;un prix minimum garanti de 2 500 000 \u00a3.<\/p>\n","protected":false},"author":2,"featured_media":0,"parent":4040,"menu_order":3,"comment_status":"closed","ping_status":"closed","template":"lotto-uk-info.php","meta":{"_et_pb_use_builder":"","_et_pb_old_content":"","_et_gb_content_width":"","exclude_from_search":false,"footnotes":""},"class_list":["post-4070","page","type-page","status-publish","hentry"],"yoast_head":"<!-- This site is optimized with the Yoast SEO plugin v23.7 - https:\/\/yoast.com\/wordpress\/plugins\/seo\/ -->\n<title>Lotto UK Information - R\u00e8glements, prix et r\u00e9compenses - LottoHoy.com<\/title>\n<meta name=\"description\" content=\"Le UK Lotto est une loterie britannique qui a lieu tous les mercredis et samedis. Il a un prix minimum garanti de \u00a32,500,000. Jouez maintenant !\" \/>\n<meta name=\"robots\" content=\"index, follow, max-snippet:-1, max-image-preview:large, max-video-preview:-1\" \/>\n<link rel=\"canonical\" href=\"https:\/\/lottohoy.com\/fr\/loterie\/lotto-uk\/\" \/>\n<meta property=\"og:locale\" content=\"fr_FR\" \/>\n<meta property=\"og:type\" content=\"article\" \/>\n<meta property=\"og:title\" content=\"Lotto UK Information - R\u00e8glements, prix et r\u00e9compenses - LottoHoy.com\" \/>\n<meta property=\"og:description\" content=\"Le UK Lotto est une loterie britannique qui a lieu tous les mercredis et samedis. Il a un prix minimum garanti de \u00a32,500,000. Jouez maintenant !\" \/>\n<meta property=\"og:url\" content=\"https:\/\/lottohoy.com\/fr\/loterie\/lotto-uk\/\" \/>\n<meta property=\"og:site_name\" content=\"Lottohoy\" \/>\n<meta property=\"article:modified_time\" content=\"2025-02-12T18:24:55+00:00\" \/>\n<meta name=\"twitter:card\" content=\"summary_large_image\" \/>\n<meta name=\"twitter:label1\" content=\"Dur\u00e9e de lecture estim\u00e9e\" \/>\n\t<meta name=\"twitter:data1\" content=\"3 minutes\" \/>\n<script type=\"application\/ld+json\" class=\"yoast-schema-graph\">{\"@context\":\"https:\/\/schema.org\",\"@graph\":[{\"@type\":\"WebPage\",\"@id\":\"https:\/\/lottohoy.com\/fr\/loterie\/lotto-uk\/\",\"url\":\"https:\/\/lottohoy.com\/fr\/loterie\/lotto-uk\/\",\"name\":\"Lotto UK Information - R\u00e8glements, prix et r\u00e9compenses - LottoHoy.com\",\"isPartOf\":{\"@id\":\"https:\/\/lottohoy.com\/fr\/#website\"},\"datePublished\":\"2018-05-03T13:23:36+00:00\",\"dateModified\":\"2025-02-12T18:24:55+00:00\",\"description\":\"Le UK Lotto est une loterie britannique qui a lieu tous les mercredis et samedis. Il a un prix minimum garanti de \u00a32,500,000. Jouez maintenant !\",\"breadcrumb\":{\"@id\":\"https:\/\/lottohoy.com\/fr\/loterie\/lotto-uk\/#breadcrumb\"},\"inLanguage\":\"fr-FR\",\"potentialAction\":[{\"@type\":\"ReadAction\",\"target\":[\"https:\/\/lottohoy.com\/fr\/loterie\/lotto-uk\/\"]}]},{\"@type\":\"BreadcrumbList\",\"@id\":\"https:\/\/lottohoy.com\/fr\/loterie\/lotto-uk\/#breadcrumb\",\"itemListElement\":[{\"@type\":\"ListItem\",\"position\":1,\"name\":\"Home\",\"item\":\"https:\/\/lottohoy.com\/fr\/\"},{\"@type\":\"ListItem\",\"position\":2,\"name\":\"Tout sur la loterie en ligne\",\"item\":\"https:\/\/lottohoy.com\/fr\/loterie\/\"},{\"@type\":\"ListItem\",\"position\":3,\"name\":\"Information sur UK Lottery\"}]},{\"@type\":\"WebSite\",\"@id\":\"https:\/\/lottohoy.com\/fr\/#website\",\"url\":\"https:\/\/lottohoy.com\/fr\/\",\"name\":\"Lottohoy\",\"description\":\"\",\"potentialAction\":[{\"@type\":\"SearchAction\",\"target\":{\"@type\":\"EntryPoint\",\"urlTemplate\":\"https:\/\/lottohoy.com\/fr\/?s={search_term_string}\"},\"query-input\":{\"@type\":\"PropertyValueSpecification\",\"valueRequired\":true,\"valueName\":\"search_term_string\"}}],\"inLanguage\":\"fr-FR\"}]}<\/script>\n<!-- \/ Yoast SEO plugin. -->","yoast_head_json":{"title":"Lotto UK Information - R\u00e8glements, prix et r\u00e9compenses - LottoHoy.com","description":"Le UK Lotto est une loterie britannique qui a lieu tous les mercredis et samedis. Il a un prix minimum garanti de \u00a32,500,000. Jouez maintenant !","robots":{"index":"index","follow":"follow","max-snippet":"max-snippet:-1","max-image-preview":"max-image-preview:large","max-video-preview":"max-video-preview:-1"},"canonical":"https:\/\/lottohoy.com\/fr\/loterie\/lotto-uk\/","og_locale":"fr_FR","og_type":"article","og_title":"Lotto UK Information - R\u00e8glements, prix et r\u00e9compenses - LottoHoy.com","og_description":"Le UK Lotto est une loterie britannique qui a lieu tous les mercredis et samedis. Il a un prix minimum garanti de \u00a32,500,000. Jouez maintenant !","og_url":"https:\/\/lottohoy.com\/fr\/loterie\/lotto-uk\/","og_site_name":"Lottohoy","article_modified_time":"2025-02-12T18:24:55+00:00","twitter_card":"summary_large_image","twitter_misc":{"Dur\u00e9e de lecture estim\u00e9e":"3 minutes"},"schema":{"@context":"https:\/\/schema.org","@graph":[{"@type":"WebPage","@id":"https:\/\/lottohoy.com\/fr\/loterie\/lotto-uk\/","url":"https:\/\/lottohoy.com\/fr\/loterie\/lotto-uk\/","name":"Lotto UK Information - R\u00e8glements, prix et r\u00e9compenses - LottoHoy.com","isPartOf":{"@id":"https:\/\/lottohoy.com\/fr\/#website"},"datePublished":"2018-05-03T13:23:36+00:00","dateModified":"2025-02-12T18:24:55+00:00","description":"Le UK Lotto est une loterie britannique qui a lieu tous les mercredis et samedis. Il a un prix minimum garanti de \u00a32,500,000. Jouez maintenant !","breadcrumb":{"@id":"https:\/\/lottohoy.com\/fr\/loterie\/lotto-uk\/#breadcrumb"},"inLanguage":"fr-FR","potentialAction":[{"@type":"ReadAction","target":["https:\/\/lottohoy.com\/fr\/loterie\/lotto-uk\/"]}]},{"@type":"BreadcrumbList","@id":"https:\/\/lottohoy.com\/fr\/loterie\/lotto-uk\/#breadcrumb","itemListElement":[{"@type":"ListItem","position":1,"name":"Home","item":"https:\/\/lottohoy.com\/fr\/"},{"@type":"ListItem","position":2,"name":"Tout sur la loterie en ligne","item":"https:\/\/lottohoy.com\/fr\/loterie\/"},{"@type":"ListItem","position":3,"name":"Information sur UK Lottery"}]},{"@type":"WebSite","@id":"https:\/\/lottohoy.com\/fr\/#website","url":"https:\/\/lottohoy.com\/fr\/","name":"Lottohoy","description":"","potentialAction":[{"@type":"SearchAction","target":{"@type":"EntryPoint","urlTemplate":"https:\/\/lottohoy.com\/fr\/?s={search_term_string}"},"query-input":{"@type":"PropertyValueSpecification","valueRequired":true,"valueName":"search_term_string"}}],"inLanguage":"fr-FR"}]}},"_links":{"self":[{"href":"https:\/\/lottohoy.com\/fr\/wp-json\/wp\/v2\/pages\/4070","targetHints":{"allow":["GET"]}}],"collection":[{"href":"https:\/\/lottohoy.com\/fr\/wp-json\/wp\/v2\/pages"}],"about":[{"href":"https:\/\/lottohoy.com\/fr\/wp-json\/wp\/v2\/types\/page"}],"author":[{"embeddable":true,"href":"https:\/\/lottohoy.com\/fr\/wp-json\/wp\/v2\/users\/2"}],"replies":[{"embeddable":true,"href":"https:\/\/lottohoy.com\/fr\/wp-json\/wp\/v2\/comments?post=4070"}],"version-history":[{"count":2,"href":"https:\/\/lottohoy.com\/fr\/wp-json\/wp\/v2\/pages\/4070\/revisions"}],"predecessor-version":[{"id":14784,"href":"https:\/\/lottohoy.com\/fr\/wp-json\/wp\/v2\/pages\/4070\/revisions\/14784"}],"up":[{"embeddable":true,"href":"https:\/\/lottohoy.com\/fr\/wp-json\/wp\/v2\/pages\/4040"}],"wp:attachment":[{"href":"https:\/\/lottohoy.com\/fr\/wp-json\/wp\/v2\/media?parent=4070"}],"curies":[{"name":"wp","href":"https:\/\/api.w.org\/{rel}","templated":true}]}}