{"id":4068,"date":"2018-05-03T14:23:35","date_gmt":"2018-05-03T13:23:35","guid":{"rendered":"https:\/\/www.lottohoy.com\/?page_id=4068"},"modified":"2025-02-13T15:18:35","modified_gmt":"2025-02-13T15:18:35","slug":"superenalotto","status":"publish","type":"page","link":"https:\/\/lottohoy.com\/fr\/loterie\/superenalotto\/","title":{"rendered":"Information sur SuperEnalotto"},"content":{"rendered":"<p><!--more--><\/p>\n<p>SuperEnalotto existe depuis 1997, ann\u00e9e o\u00f9 il a remplac\u00e9 son pr\u00e9d\u00e9cesseur, la loterie Enalotto. Au d\u00e9but, l&rsquo;\u00e9laboration de la combinaison gagnante \u00e9tait assez complexe, puisqu&rsquo;elle \u00e9tait bas\u00e9e sur l&rsquo;extraction du premier bal de chacune des tombolas c\u00e9l\u00e9br\u00e9es dans les populations de Bari, Florence, Milan, Rome, Naples et Palerme.<\/p>\n<p>C&rsquo;est-\u00e0-dire que chacune de ces tombolas a effectu\u00e9 un tirage au sort, et la premi\u00e8re boule extraite de chaque tombola a \u00e9t\u00e9 celle qui a form\u00e9 la combinaison gagnante du Superenalotto. Au cas o\u00f9 l&rsquo;une des boules de l&rsquo;une des tombolas aurait laiss\u00e9 le m\u00eame num\u00e9ro que les autres, cette boule a \u00e9t\u00e9 remplac\u00e9e par la deuxi\u00e8me, la troisi\u00e8me, etc&#8230;<\/p>\n<p>Pour terminer la partie, a pris la premi\u00e8re balle prise de la tombola de Venise, et ce nombre a re\u00e7u la cat\u00e9gorie de Jolly, tandis que pour d\u00e9terminer la Super Star, a recueilli la premi\u00e8re balle extraite de la tombola nationale.<\/p>\n<p>Toute cette complexit\u00e9 a \u00e9t\u00e9 simplifi\u00e9e \u00e0 partir de 2009, avec l&rsquo;entr\u00e9e en vigueur du nouveau r\u00e8glement, en proc\u00e9dant au remplacement des billes issues des extractions de ces tirages pour tirer les billes directement de deux tambours uniques. L&rsquo;un d&rsquo;eux avec les boules qui ont d\u00e9termin\u00e9 la combinaison de 6 num\u00e9ros, plus une septi\u00e8me boule pour le Jolly, et \u00e0 travers l&rsquo;autre tambour extraire la boule pour le Super Star.<\/p>\n<p>La distribution des prix s&rsquo;effectue \u00e0 partir de la collection, r\u00e9partie par cat\u00e9gories, et s&rsquo;il n&rsquo;y a pas de gagnant d&rsquo;une des cat\u00e9gories, ce montant est accumul\u00e9 dans un jackpot pour le prochain tirage.<\/p>\n<p>En g\u00e9n\u00e9ral et en raison de la difficult\u00e9 d&rsquo;obtenir la combinaison gagnante, il est assez fr\u00e9quent que des jackpots multimillionnaires soient cr\u00e9\u00e9s.<\/p>\n<h2><strong>Avantages de jouer au Superenalotto en ligne<\/strong><\/h2>\n<ul>\n<li>L&rsquo;un des grands avantages de j<strong>ouer au Superenalotto en <\/strong>ligne est la <strong>commodit\u00e9 de pouvoir le faire \u00e0 toute heure du jour ou de la nuit, 24\/7, 365 jours par an.<\/strong> Il suffit d&rsquo;avoir un appareil mobile, une tablette ou un ordinateur de bureau, et de n&rsquo;importe o\u00f9 dans le monde.<\/li>\n<li>Les non-r\u00e9sidents en Italie, par le biais de LottoHoy.com ont la possibilit\u00e9 r\u00e9elle d&rsquo;acc\u00e9der \u00e0 cette loterie juteuse et ses gros jackpots.<\/li>\n<li>Le billet est achet\u00e9 directement aupr\u00e8s de l&rsquo;\u00e9tablissement autoris\u00e9 et de cette fa\u00e7on la participation est r\u00e9elle. Ou par l&rsquo;assurance.<\/li>\n<li>Inscription instantan\u00e9e des prix obtenus, apr\u00e8s la publication <strong>des r\u00e9sultats du Superenalotto.<\/strong><\/li>\n<li>Il existe \u00e9galement une banque d&rsquo;informations sur toutes les op\u00e9rations effectu\u00e9es, la garde des billets acquis, \u00e9vitant ainsi les pertes ou oublis \u00e9ventuels.<\/li>\n<li>Des informations ponctuelles sur tous les jackpots au fur et \u00e0 mesure qu&rsquo;ils s&rsquo;accumulent afin de ne pas perdre l&rsquo;occasion d&rsquo;y participer.<\/li>\n<li>Une grande vari\u00e9t\u00e9 de modes de paiement, de revenus et de retraits.<\/li>\n<\/ul>\n<h2><strong>Probabilit\u00e9 de gagner un prix en Superenalotto<\/strong><\/h2>\n<p>Voyez le montant moyen d&rsquo;argent que vous pouvez gagner dans chacune des cat\u00e9gories plus la probabilit\u00e9 statistique que vous gagnerez le jackpot ou l&rsquo;un des autres prix.<\/p>\n<p><!--more--><\/p>\n","protected":false},"excerpt":{"rendered":"","protected":false},"author":2,"featured_media":0,"parent":4040,"menu_order":5,"comment_status":"closed","ping_status":"closed","template":"superenalotto-info.php","meta":{"_et_pb_use_builder":"","_et_pb_old_content":"","_et_gb_content_width":"","exclude_from_search":false,"footnotes":""},"class_list":["post-4068","page","type-page","status-publish","hentry"],"yoast_head":"<!-- This site is optimized with the Yoast SEO plugin v23.7 - https:\/\/yoast.com\/wordpress\/plugins\/seo\/ -->\n<title>Tout sur le SuperEnalotto - Loterie Italienne en Ligne - LottoHoy<\/title>\n<meta name=\"description\" content=\"\u00c0 la loterie italienne, la cr\u00e9ation de bateaux multimillionnaires est assez fr\u00e9quente. Procurez-vous votre billet en ligne et obtenez-en un!\" \/>\n<meta name=\"robots\" content=\"index, follow, max-snippet:-1, max-image-preview:large, max-video-preview:-1\" \/>\n<link rel=\"canonical\" href=\"https:\/\/lottohoy.com\/fr\/loterie\/superenalotto\/\" \/>\n<meta property=\"og:locale\" content=\"fr_FR\" \/>\n<meta property=\"og:type\" content=\"article\" \/>\n<meta property=\"og:title\" content=\"Tout sur le SuperEnalotto - Loterie Italienne en Ligne - LottoHoy\" \/>\n<meta property=\"og:description\" content=\"\u00c0 la loterie italienne, la cr\u00e9ation de bateaux multimillionnaires est assez fr\u00e9quente. Procurez-vous votre billet en ligne et obtenez-en un!\" \/>\n<meta property=\"og:url\" content=\"https:\/\/lottohoy.com\/fr\/loterie\/superenalotto\/\" \/>\n<meta property=\"og:site_name\" content=\"Lottohoy\" \/>\n<meta property=\"article:modified_time\" content=\"2025-02-13T15:18:35+00:00\" \/>\n<meta name=\"twitter:card\" content=\"summary_large_image\" \/>\n<meta name=\"twitter:label1\" content=\"Dur\u00e9e de lecture estim\u00e9e\" \/>\n\t<meta name=\"twitter:data1\" content=\"3 minutes\" \/>\n<script type=\"application\/ld+json\" class=\"yoast-schema-graph\">{\"@context\":\"https:\/\/schema.org\",\"@graph\":[{\"@type\":\"WebPage\",\"@id\":\"https:\/\/lottohoy.com\/fr\/loterie\/superenalotto\/\",\"url\":\"https:\/\/lottohoy.com\/fr\/loterie\/superenalotto\/\",\"name\":\"Tout sur le SuperEnalotto - Loterie Italienne en Ligne - LottoHoy\",\"isPartOf\":{\"@id\":\"https:\/\/lottohoy.com\/fr\/#website\"},\"datePublished\":\"2018-05-03T13:23:35+00:00\",\"dateModified\":\"2025-02-13T15:18:35+00:00\",\"description\":\"\u00c0 la loterie italienne, la cr\u00e9ation de bateaux multimillionnaires est assez fr\u00e9quente. Procurez-vous votre billet en ligne et obtenez-en un!\",\"breadcrumb\":{\"@id\":\"https:\/\/lottohoy.com\/fr\/loterie\/superenalotto\/#breadcrumb\"},\"inLanguage\":\"fr-FR\",\"potentialAction\":[{\"@type\":\"ReadAction\",\"target\":[\"https:\/\/lottohoy.com\/fr\/loterie\/superenalotto\/\"]}]},{\"@type\":\"BreadcrumbList\",\"@id\":\"https:\/\/lottohoy.com\/fr\/loterie\/superenalotto\/#breadcrumb\",\"itemListElement\":[{\"@type\":\"ListItem\",\"position\":1,\"name\":\"Home\",\"item\":\"https:\/\/lottohoy.com\/fr\/\"},{\"@type\":\"ListItem\",\"position\":2,\"name\":\"Tout sur la loterie en ligne\",\"item\":\"https:\/\/lottohoy.com\/fr\/loterie\/\"},{\"@type\":\"ListItem\",\"position\":3,\"name\":\"Information sur SuperEnalotto\"}]},{\"@type\":\"WebSite\",\"@id\":\"https:\/\/lottohoy.com\/fr\/#website\",\"url\":\"https:\/\/lottohoy.com\/fr\/\",\"name\":\"Lottohoy\",\"description\":\"\",\"potentialAction\":[{\"@type\":\"SearchAction\",\"target\":{\"@type\":\"EntryPoint\",\"urlTemplate\":\"https:\/\/lottohoy.com\/fr\/?s={search_term_string}\"},\"query-input\":{\"@type\":\"PropertyValueSpecification\",\"valueRequired\":true,\"valueName\":\"search_term_string\"}}],\"inLanguage\":\"fr-FR\"}]}<\/script>\n<!-- \/ Yoast SEO plugin. -->","yoast_head_json":{"title":"Tout sur le SuperEnalotto - Loterie Italienne en Ligne - LottoHoy","description":"\u00c0 la loterie italienne, la cr\u00e9ation de bateaux multimillionnaires est assez fr\u00e9quente. Procurez-vous votre billet en ligne et obtenez-en un!","robots":{"index":"index","follow":"follow","max-snippet":"max-snippet:-1","max-image-preview":"max-image-preview:large","max-video-preview":"max-video-preview:-1"},"canonical":"https:\/\/lottohoy.com\/fr\/loterie\/superenalotto\/","og_locale":"fr_FR","og_type":"article","og_title":"Tout sur le SuperEnalotto - Loterie Italienne en Ligne - LottoHoy","og_description":"\u00c0 la loterie italienne, la cr\u00e9ation de bateaux multimillionnaires est assez fr\u00e9quente. Procurez-vous votre billet en ligne et obtenez-en un!","og_url":"https:\/\/lottohoy.com\/fr\/loterie\/superenalotto\/","og_site_name":"Lottohoy","article_modified_time":"2025-02-13T15:18:35+00:00","twitter_card":"summary_large_image","twitter_misc":{"Dur\u00e9e de lecture estim\u00e9e":"3 minutes"},"schema":{"@context":"https:\/\/schema.org","@graph":[{"@type":"WebPage","@id":"https:\/\/lottohoy.com\/fr\/loterie\/superenalotto\/","url":"https:\/\/lottohoy.com\/fr\/loterie\/superenalotto\/","name":"Tout sur le SuperEnalotto - Loterie Italienne en Ligne - LottoHoy","isPartOf":{"@id":"https:\/\/lottohoy.com\/fr\/#website"},"datePublished":"2018-05-03T13:23:35+00:00","dateModified":"2025-02-13T15:18:35+00:00","description":"\u00c0 la loterie italienne, la cr\u00e9ation de bateaux multimillionnaires est assez fr\u00e9quente. Procurez-vous votre billet en ligne et obtenez-en un!","breadcrumb":{"@id":"https:\/\/lottohoy.com\/fr\/loterie\/superenalotto\/#breadcrumb"},"inLanguage":"fr-FR","potentialAction":[{"@type":"ReadAction","target":["https:\/\/lottohoy.com\/fr\/loterie\/superenalotto\/"]}]},{"@type":"BreadcrumbList","@id":"https:\/\/lottohoy.com\/fr\/loterie\/superenalotto\/#breadcrumb","itemListElement":[{"@type":"ListItem","position":1,"name":"Home","item":"https:\/\/lottohoy.com\/fr\/"},{"@type":"ListItem","position":2,"name":"Tout sur la loterie en ligne","item":"https:\/\/lottohoy.com\/fr\/loterie\/"},{"@type":"ListItem","position":3,"name":"Information sur SuperEnalotto"}]},{"@type":"WebSite","@id":"https:\/\/lottohoy.com\/fr\/#website","url":"https:\/\/lottohoy.com\/fr\/","name":"Lottohoy","description":"","potentialAction":[{"@type":"SearchAction","target":{"@type":"EntryPoint","urlTemplate":"https:\/\/lottohoy.com\/fr\/?s={search_term_string}"},"query-input":{"@type":"PropertyValueSpecification","valueRequired":true,"valueName":"search_term_string"}}],"inLanguage":"fr-FR"}]}},"_links":{"self":[{"href":"https:\/\/lottohoy.com\/fr\/wp-json\/wp\/v2\/pages\/4068","targetHints":{"allow":["GET"]}}],"collection":[{"href":"https:\/\/lottohoy.com\/fr\/wp-json\/wp\/v2\/pages"}],"about":[{"href":"https:\/\/lottohoy.com\/fr\/wp-json\/wp\/v2\/types\/page"}],"author":[{"embeddable":true,"href":"https:\/\/lottohoy.com\/fr\/wp-json\/wp\/v2\/users\/2"}],"replies":[{"embeddable":true,"href":"https:\/\/lottohoy.com\/fr\/wp-json\/wp\/v2\/comments?post=4068"}],"version-history":[{"count":1,"href":"https:\/\/lottohoy.com\/fr\/wp-json\/wp\/v2\/pages\/4068\/revisions"}],"predecessor-version":[{"id":10780,"href":"https:\/\/lottohoy.com\/fr\/wp-json\/wp\/v2\/pages\/4068\/revisions\/10780"}],"up":[{"embeddable":true,"href":"https:\/\/lottohoy.com\/fr\/wp-json\/wp\/v2\/pages\/4040"}],"wp:attachment":[{"href":"https:\/\/lottohoy.com\/fr\/wp-json\/wp\/v2\/media?parent=4068"}],"curies":[{"name":"wp","href":"https:\/\/api.w.org\/{rel}","templated":true}]}}