{"id":4064,"date":"2018-05-03T14:23:34","date_gmt":"2018-05-03T13:23:34","guid":{"rendered":"https:\/\/www.lottohoy.com\/?page_id=4064"},"modified":"2025-03-19T10:29:22","modified_gmt":"2025-03-19T10:29:22","slug":"powerball","status":"publish","type":"page","link":"https:\/\/lottohoy.com\/fr\/loterie\/powerball\/","title":{"rendered":"Information sur Powerball"},"content":{"rendered":"<p><!--more--><\/p>\n<h2><strong>Loterie Powerball<\/strong><\/h2>\n<p>La <strong>Powerball<\/strong> est la loterie la plus importante en Am\u00e9rique (avec les <a href=\"https:\/\/lottohoy.com\/fr\/jouer\/mega-millions\/\"><span style=\"color: #993366;\"><strong>MegaMillions<\/strong>)<\/span><\/a>, sont les \u00ab\u00a0loteries\u00a0\u00bb avec le plus grand impact en Am\u00e9rique. Il est jou\u00e9 dans 44 \u00e9tats, plus Puerto Rico et les \u00eeles Vierges am\u00e9ricaines, et \u00e0 partir de maintenant vous pouvez aussi <a href=\"https:\/\/lottohoy.com\/fr\/jouer\/powerball\/\"><span style=\"color: #993366;\"><strong>acheter Powerball en ligne <\/strong><\/span><\/a>sur LottoHoy.<\/p>\n<p>La caract\u00e9ristique la plus caract\u00e9ristique de cette loterie est qu&rsquo;elle a <strong>un jackpot initial minimum de 40 millions <\/strong>de dollars qui sera augment\u00e9 sans limite s&rsquo;il n&rsquo;y a pas de gagnant de la premi\u00e8re cat\u00e9gorie.<\/p>\n<p>Les <strong>gagnants du prix de la cat\u00e9gorie sp\u00e9ciale<\/strong> peuvent choisir d&rsquo;encaisser le prix en argent imm\u00e9diatement (moins les taxes et les frais) ou de le recevoir divis\u00e9 en 30 rentes.<\/p>\n<p>Il n&rsquo;y a pas de limite au nombre de jackpots cons\u00e9cutifs. Le dernier gros <a href=\"https:\/\/lottohoy.com\/fr\/jackpots-de-loterie\/\"><span style=\"color: #993366;\"><strong>jackpot Powerball<\/strong><\/span><\/a> <del>\u00e9tait de <strong>1,5 milliard <\/strong>de dollars<\/del>. D\u00e9but 2025, le plus gros jackpot obtenu \u00e9tait de 2 040 M$<\/p>\n<h2><strong>Quand joue-t-on \u00e0 Powerball ?<\/strong><\/h2>\n<p>Les tirages Powerball officiels ont lieu tous les <strong>lundis<\/strong>, <strong>mercredis et samedis<\/strong> <strong>\u00e0 22h59. (heure de l&rsquo;EST)<\/strong> en Floride, \u00c9tats-Unis.<\/p>\n<p>Les dessins sont t\u00e9l\u00e9vis\u00e9s dans tout le pays, et peu apr\u00e8s, une fois l&rsquo;examen final termin\u00e9, vous pouvez voir le <a href=\"https:\/\/lottohoy.com\/fr\/resultats\/powerball\/\"><span style=\"color: #993366;\"><strong>r\u00e9sultat officiel de Powerball<\/strong><\/span><\/a> sur notre plateforme en ligne.<\/p>\n<h2><strong>Combien co\u00fbte le jackpot Powerball ?<\/strong><\/h2>\n<p>La <strong>loterie am\u00e9ricaine Powerball<\/strong> a \u00e9tabli dans son r\u00e8glement un prix initial minimum de <strong>40 millions de dollars<\/strong> pour la premi\u00e8re cat\u00e9gorie. Ce minimum est augment\u00e9 en fonction de l&rsquo;argent recueilli pour le tirage.<\/p>\n<p>S&rsquo;il n&rsquo;y a pas de gagnant du premier prix, tout l&rsquo;argent de cette cat\u00e9gorie est accumul\u00e9 pour le tirage suivant au montant correspondant \u00e0 cette premi\u00e8re cat\u00e9gorie, cr\u00e9ant ainsi <strong>un gros jackpot.<\/strong><\/p>\n<p>L&rsquo;accumulation de jackpots n&rsquo;a pas de limite, et peut atteindre des montants importants, tels que le plus grand enregistr\u00e9 qui a atteint un <del>montant sup\u00e9rieur \u00e0 <strong>1.500 millions de dollars<\/strong><\/del>.D\u00e9but 2025, le plus gros jackpot obtenu \u00e9tait de 2 040 M$<\/p>\n<h2><strong>Avantages de jouer \u00e0 Powerball en ligne<\/strong><\/h2>\n<p>Il y a beaucoup d&rsquo;avantages \u00e0 <a href=\"https:\/\/lottohoy.com\/fr\/jouer\/powerball\/\"><span style=\"color: #993366;\"><strong>jouer \u00e0 Powerball<\/strong><\/span><\/a> \u00e0 LottoHoy de le faire \u00e0 travers des points de vente physiques. En voici quelques-unes :<\/p>\n<ul>\n<li>La commodit\u00e9 de pouvoir jouer <strong>\u00e0 toute heure<\/strong> du jour ou de la nuit, 24 heures sur 24, 7 jours sur 7.<\/li>\n<li>Vous pouvez <strong>jouer depuis n&rsquo;importe quel<\/strong> appareil mobile, une tablette ou un ordinateur.<\/li>\n<li><strong>N&rsquo;importe qui peut jouer<\/strong> de n&rsquo;importe o\u00f9 avec une simple connexion Internet.<\/li>\n<li>C&rsquo;est <strong>100% s\u00e9curis\u00e9.<\/strong> Le billet est achet\u00e9 directement aupr\u00e8s de l&rsquo;\u00e9tablissement autoris\u00e9 (ou de l&rsquo;entit\u00e9 qui offre le service) et de cette fa\u00e7on la participation est r\u00e9elle.<\/li>\n<li>Les <strong>prix sont automatiquement cr\u00e9dit\u00e9s<\/strong> sur votre compte utilisateur apr\u00e8s chaque tirage.<\/li>\n<li>Vous pouvez consulter toutes les op\u00e9rations effectu\u00e9es \u00e0 partir de votre <a href=\"https:\/\/lottohoy.com\/fr\/jouer\/powerball\/\"><span style=\"color: #993366;\"><strong>profil utilisateur<\/strong><\/span><\/a>.<\/li>\n<li>La <strong>garde des billets<\/strong> acquis, \u00e9vitant ainsi les pertes ou oublis \u00e9ventuels.<\/li>\n<li>Une <strong>grande vari\u00e9t\u00e9 de modes de paiement,<\/strong> de revenus et de retraits.<\/li>\n<\/ul>\n<h2><strong>Les chances de gagner PowerBall<\/strong><\/h2>\n<p>Ci-dessous vous <strong>pouvez voir la probabilit\u00e9 d&rsquo;\u00eatre le<\/strong> gagnant dans chacune des cat\u00e9gories Powerball.<\/p>\n<p><!--more--><\/p>\n","protected":false},"excerpt":{"rendered":"","protected":false},"author":2,"featured_media":0,"parent":4040,"menu_order":1,"comment_status":"closed","ping_status":"closed","template":"powerball-usa-info.php","meta":{"_et_pb_use_builder":"","_et_pb_old_content":"","_et_gb_content_width":"","exclude_from_search":false,"footnotes":""},"class_list":["post-4064","page","type-page","status-publish","hentry"],"yoast_head":"<!-- This site is optimized with the Yoast SEO plugin v23.7 - https:\/\/yoast.com\/wordpress\/plugins\/seo\/ -->\n<title>Informations sur Powerball, USA Lottery - LottoHoy.com<\/title>\n<meta name=\"description\" content=\"La Powerball est la loterie la plus importante aux Etats-Unis (avec les MegaMillions). Et maintenant vous pouvez jouer de n&#039;importe o\u00f9 dans le monde avec LottoHoy.\" \/>\n<meta name=\"robots\" content=\"index, follow, max-snippet:-1, max-image-preview:large, max-video-preview:-1\" \/>\n<link rel=\"canonical\" href=\"https:\/\/lottohoy.com\/fr\/loterie\/powerball\/\" \/>\n<meta property=\"og:locale\" content=\"fr_FR\" \/>\n<meta property=\"og:type\" content=\"article\" \/>\n<meta property=\"og:title\" content=\"Informations sur Powerball, USA Lottery - LottoHoy.com\" \/>\n<meta property=\"og:description\" content=\"La Powerball est la loterie la plus importante aux Etats-Unis (avec les MegaMillions). Et maintenant vous pouvez jouer de n&#039;importe o\u00f9 dans le monde avec LottoHoy.\" \/>\n<meta property=\"og:url\" content=\"https:\/\/lottohoy.com\/fr\/loterie\/powerball\/\" \/>\n<meta property=\"og:site_name\" content=\"Lottohoy\" \/>\n<meta property=\"article:modified_time\" content=\"2025-03-19T10:29:22+00:00\" \/>\n<meta name=\"twitter:card\" content=\"summary_large_image\" \/>\n<meta name=\"twitter:label1\" content=\"Dur\u00e9e de lecture estim\u00e9e\" \/>\n\t<meta name=\"twitter:data1\" content=\"3 minutes\" \/>\n<script type=\"application\/ld+json\" class=\"yoast-schema-graph\">{\"@context\":\"https:\/\/schema.org\",\"@graph\":[{\"@type\":\"WebPage\",\"@id\":\"https:\/\/lottohoy.com\/fr\/loterie\/powerball\/\",\"url\":\"https:\/\/lottohoy.com\/fr\/loterie\/powerball\/\",\"name\":\"Informations sur Powerball, USA Lottery - LottoHoy.com\",\"isPartOf\":{\"@id\":\"https:\/\/lottohoy.com\/fr\/#website\"},\"datePublished\":\"2018-05-03T13:23:34+00:00\",\"dateModified\":\"2025-03-19T10:29:22+00:00\",\"description\":\"La Powerball est la loterie la plus importante aux Etats-Unis (avec les MegaMillions). Et maintenant vous pouvez jouer de n'importe o\u00f9 dans le monde avec LottoHoy.\",\"breadcrumb\":{\"@id\":\"https:\/\/lottohoy.com\/fr\/loterie\/powerball\/#breadcrumb\"},\"inLanguage\":\"fr-FR\",\"potentialAction\":[{\"@type\":\"ReadAction\",\"target\":[\"https:\/\/lottohoy.com\/fr\/loterie\/powerball\/\"]}]},{\"@type\":\"BreadcrumbList\",\"@id\":\"https:\/\/lottohoy.com\/fr\/loterie\/powerball\/#breadcrumb\",\"itemListElement\":[{\"@type\":\"ListItem\",\"position\":1,\"name\":\"Home\",\"item\":\"https:\/\/lottohoy.com\/fr\/\"},{\"@type\":\"ListItem\",\"position\":2,\"name\":\"Tout sur la loterie en ligne\",\"item\":\"https:\/\/lottohoy.com\/fr\/loterie\/\"},{\"@type\":\"ListItem\",\"position\":3,\"name\":\"Information sur Powerball\"}]},{\"@type\":\"WebSite\",\"@id\":\"https:\/\/lottohoy.com\/fr\/#website\",\"url\":\"https:\/\/lottohoy.com\/fr\/\",\"name\":\"Lottohoy\",\"description\":\"\",\"potentialAction\":[{\"@type\":\"SearchAction\",\"target\":{\"@type\":\"EntryPoint\",\"urlTemplate\":\"https:\/\/lottohoy.com\/fr\/?s={search_term_string}\"},\"query-input\":{\"@type\":\"PropertyValueSpecification\",\"valueRequired\":true,\"valueName\":\"search_term_string\"}}],\"inLanguage\":\"fr-FR\"}]}<\/script>\n<!-- \/ Yoast SEO plugin. -->","yoast_head_json":{"title":"Informations sur Powerball, USA Lottery - LottoHoy.com","description":"La Powerball est la loterie la plus importante aux Etats-Unis (avec les MegaMillions). Et maintenant vous pouvez jouer de n'importe o\u00f9 dans le monde avec LottoHoy.","robots":{"index":"index","follow":"follow","max-snippet":"max-snippet:-1","max-image-preview":"max-image-preview:large","max-video-preview":"max-video-preview:-1"},"canonical":"https:\/\/lottohoy.com\/fr\/loterie\/powerball\/","og_locale":"fr_FR","og_type":"article","og_title":"Informations sur Powerball, USA Lottery - LottoHoy.com","og_description":"La Powerball est la loterie la plus importante aux Etats-Unis (avec les MegaMillions). Et maintenant vous pouvez jouer de n'importe o\u00f9 dans le monde avec LottoHoy.","og_url":"https:\/\/lottohoy.com\/fr\/loterie\/powerball\/","og_site_name":"Lottohoy","article_modified_time":"2025-03-19T10:29:22+00:00","twitter_card":"summary_large_image","twitter_misc":{"Dur\u00e9e de lecture estim\u00e9e":"3 minutes"},"schema":{"@context":"https:\/\/schema.org","@graph":[{"@type":"WebPage","@id":"https:\/\/lottohoy.com\/fr\/loterie\/powerball\/","url":"https:\/\/lottohoy.com\/fr\/loterie\/powerball\/","name":"Informations sur Powerball, USA Lottery - LottoHoy.com","isPartOf":{"@id":"https:\/\/lottohoy.com\/fr\/#website"},"datePublished":"2018-05-03T13:23:34+00:00","dateModified":"2025-03-19T10:29:22+00:00","description":"La Powerball est la loterie la plus importante aux Etats-Unis (avec les MegaMillions). Et maintenant vous pouvez jouer de n'importe o\u00f9 dans le monde avec LottoHoy.","breadcrumb":{"@id":"https:\/\/lottohoy.com\/fr\/loterie\/powerball\/#breadcrumb"},"inLanguage":"fr-FR","potentialAction":[{"@type":"ReadAction","target":["https:\/\/lottohoy.com\/fr\/loterie\/powerball\/"]}]},{"@type":"BreadcrumbList","@id":"https:\/\/lottohoy.com\/fr\/loterie\/powerball\/#breadcrumb","itemListElement":[{"@type":"ListItem","position":1,"name":"Home","item":"https:\/\/lottohoy.com\/fr\/"},{"@type":"ListItem","position":2,"name":"Tout sur la loterie en ligne","item":"https:\/\/lottohoy.com\/fr\/loterie\/"},{"@type":"ListItem","position":3,"name":"Information sur Powerball"}]},{"@type":"WebSite","@id":"https:\/\/lottohoy.com\/fr\/#website","url":"https:\/\/lottohoy.com\/fr\/","name":"Lottohoy","description":"","potentialAction":[{"@type":"SearchAction","target":{"@type":"EntryPoint","urlTemplate":"https:\/\/lottohoy.com\/fr\/?s={search_term_string}"},"query-input":{"@type":"PropertyValueSpecification","valueRequired":true,"valueName":"search_term_string"}}],"inLanguage":"fr-FR"}]}},"_links":{"self":[{"href":"https:\/\/lottohoy.com\/fr\/wp-json\/wp\/v2\/pages\/4064","targetHints":{"allow":["GET"]}}],"collection":[{"href":"https:\/\/lottohoy.com\/fr\/wp-json\/wp\/v2\/pages"}],"about":[{"href":"https:\/\/lottohoy.com\/fr\/wp-json\/wp\/v2\/types\/page"}],"author":[{"embeddable":true,"href":"https:\/\/lottohoy.com\/fr\/wp-json\/wp\/v2\/users\/2"}],"replies":[{"embeddable":true,"href":"https:\/\/lottohoy.com\/fr\/wp-json\/wp\/v2\/comments?post=4064"}],"version-history":[{"count":6,"href":"https:\/\/lottohoy.com\/fr\/wp-json\/wp\/v2\/pages\/4064\/revisions"}],"predecessor-version":[{"id":16313,"href":"https:\/\/lottohoy.com\/fr\/wp-json\/wp\/v2\/pages\/4064\/revisions\/16313"}],"up":[{"embeddable":true,"href":"https:\/\/lottohoy.com\/fr\/wp-json\/wp\/v2\/pages\/4040"}],"wp:attachment":[{"href":"https:\/\/lottohoy.com\/fr\/wp-json\/wp\/v2\/media?parent=4064"}],"curies":[{"name":"wp","href":"https:\/\/api.w.org\/{rel}","templated":true}]}}