{"id":4062,"date":"2018-08-21T10:29:37","date_gmt":"2018-08-21T09:29:37","guid":{"rendered":"https:\/\/www.lottohoy.com\/?page_id=4062"},"modified":"2025-03-25T15:13:37","modified_gmt":"2025-03-25T15:13:37","slug":"powerball-au","status":"publish","type":"page","link":"https:\/\/lottohoy.com\/fr\/loterie\/powerball-au\/","title":{"rendered":"Information sur Powerball (AU)"},"content":{"rendered":"<p><!--more--><\/p>\n<p>PowerBall AU est apparu sur le march\u00e9 le 23 mars 1996. Au d\u00e9part, le joueur devait choisir 5 num\u00e9ros parmi les 45 qui formaient la premi\u00e8re partie de la table, et aussi choisir 1 num\u00e9ro suppl\u00e9mentaire connu sous le nom de \u00ab\u00a0powerball\u00a0\u00bb dans le second groupe.<\/p>\n<h2><strong>R\u00e8gles Powerball AU<\/strong><\/h2>\n<p>En mars 2013, le r\u00e8glement a \u00e9t\u00e9 modifi\u00e9 et il a \u00e9t\u00e9 d\u00e9termin\u00e9 que la combinaison gagnante devait \u00eatre obtenue \u00e0 partir de 6 num\u00e9ros sur 40 du premier groupe de la matrice et d&rsquo;une boule sur 20 num\u00e9ros possibles \u00e0 partir du bas. Ce changement a conduit \u00e0 l&rsquo;introduction d&rsquo;une nouvelle cat\u00e9gorie de prix.<\/p>\n<p>Depuis avril 2018, date \u00e0 laquelle il y a eu une nouvelle variante, il a \u00e9t\u00e9 \u00e9tabli que les boules qui font partie du premier groupe ont \u00e9t\u00e9 r\u00e9duites \u00e0 35, et qu&rsquo;au lieu de 6 boules pour obtenir la combinaison gagnante, 7 boules plus la powerball du second groupe, qui reste inchang\u00e9, devraient \u00eatre les m\u00eames.<\/p>\n<h2><strong>Prix PowerBall AU<\/strong><\/h2>\n<p>Les diff\u00e9rentes cat\u00e9gories de <strong>prix PowerBall UA<\/strong> sont les suivantes :<\/p>\n<table width=\"358\">\n<tbody>\n<tr>\n<td style=\"text-align: center;\" width=\"128\">I<\/td>\n<td width=\"230\">7 Nombres + powerball<\/td>\n<\/tr>\n<tr>\n<td style=\"text-align: center;\" width=\"128\">II<\/td>\n<td width=\"230\">7 Nombres<\/td>\n<\/tr>\n<tr>\n<td style=\"text-align: center;\" width=\"128\">III<\/td>\n<td width=\"230\">6 Nombres + powerball<\/td>\n<\/tr>\n<tr>\n<td style=\"text-align: center;\" width=\"128\">IV<\/td>\n<td width=\"230\">6 Nombres<\/td>\n<\/tr>\n<tr>\n<td style=\"text-align: center;\" width=\"128\">V<\/td>\n<td width=\"230\">5 Nombres + powerball<\/td>\n<\/tr>\n<tr>\n<td style=\"text-align: center;\" width=\"128\">VI<\/td>\n<td width=\"230\">4 Nombres + powerball<\/td>\n<\/tr>\n<tr>\n<td style=\"text-align: center;\" width=\"128\">VII<\/td>\n<td width=\"230\">5 Nombres<\/td>\n<\/tr>\n<tr>\n<td style=\"text-align: center;\" width=\"128\">VIII<\/td>\n<td width=\"230\">3 Nombres + powerball<\/td>\n<\/tr>\n<tr>\n<td style=\"text-align: center;\" width=\"128\">IX<\/td>\n<td width=\"230\">2 Nombres + powerball<\/td>\n<\/tr>\n<\/tbody>\n<\/table>\n<h2><strong>Avantages de jouer \u00e0 PowerBall AU en ligne<\/strong><\/h2>\n<ul>\n<li>Jouez simplement, rapidement et confortablement.<\/li>\n<li>Sans avoir \u00e0 se rendre en Australie pour participer \u00e0 leurs jackpots millionnaires.<\/li>\n<li>Jouez \u00e0 partir de n&rsquo;importe quel appareil mobile, tablette ou ordinateur de bureau, avec une simple connexion Internet.<\/li>\n<li>Vous avez une information constante sur tous les tirages, les jackpots qui s&rsquo;accumulent et les prix qui sont obtenus.<\/li>\n<li>C&rsquo;est une m\u00e9thode s\u00fbre et fiable pour toutes les transactions bancaires.<\/li>\n<li>Lorsqu&rsquo;un utilisateur enregistr\u00e9 re\u00e7oit un prix, le montant du prix est automatiquement cr\u00e9dit\u00e9 sur le compte de l&rsquo;utilisateur.<\/li>\n<\/ul>\n<h2><strong>Jackpot PowerBall AU<\/strong><\/h2>\n<p>Le jackpot minimum garanti pour le PowerBall AU est de 3 millions de dollars AUD et il n&rsquo;y a pas de limite d&rsquo;accumulation, donc le jackpot peut atteindre plusieurs millions de dollars de prix.<\/p>\n<p>Le jackpot record \u00e0 ce jour est de 80 millions de dollars australiens collect\u00e9s en juillet 2009 et partag\u00e9s par deux gagnants de Nouvelle-Galles du Sud et de Victoria.<\/p>\n<p>Depuis la derni\u00e8re mise \u00e0 jour des r\u00e8gles en avril 2018, seul le jackpot accumul\u00e9 a \u00e9t\u00e9 remis deux fois :<\/p>\n<ul>\n<li>Le 19 avril 2018, correspondant au premier tirage de la nouvelle norme, un prix de premi\u00e8re cat\u00e9gorie d&rsquo;un montant de 8 millions de dollars australiens a \u00e9t\u00e9 attribu\u00e9.<\/li>\n<li>Ce n&rsquo;est que le 7 juin 2018 qu&rsquo;un jackpot a \u00e9t\u00e9 de nouveau attribu\u00e9, au cours duquel un gagnant a de nouveau remport\u00e9 un prix de premi\u00e8re cat\u00e9gorie d&rsquo;un montant de 50 millions de dollars australiens.<\/li>\n<\/ul>\n<h2><strong>Chances de gagner un prix en Powerball AU<\/strong><\/h2>\n<p><!--more--><\/p>\n","protected":false},"excerpt":{"rendered":"","protected":false},"author":2,"featured_media":0,"parent":4040,"menu_order":17,"comment_status":"closed","ping_status":"closed","template":"powerball-au-info.php","meta":{"_et_pb_use_builder":"","_et_pb_old_content":"","_et_gb_content_width":"","exclude_from_search":false,"footnotes":""},"class_list":["post-4062","page","type-page","status-publish","hentry"],"yoast_head":"<!-- This site is optimized with the Yoast SEO plugin v23.7 - https:\/\/yoast.com\/wordpress\/plugins\/seo\/ -->\n<title>Toutes les informations sur Australia Powerball (AU)<\/title>\n<meta name=\"description\" content=\"Jouer \u00e0 la loterie australienne Powerball (AU) n&#039;a jamais \u00e9t\u00e9 aussi facile : vous voulez tout savoir sur ses r\u00e8gles, ses jackpots, ses prix et les derniers r\u00e9sultats ? venez ici !\" \/>\n<meta name=\"robots\" content=\"index, follow, max-snippet:-1, max-image-preview:large, max-video-preview:-1\" \/>\n<link rel=\"canonical\" href=\"https:\/\/lottohoy.com\/fr\/loterie\/powerball-au\/\" \/>\n<meta property=\"og:locale\" content=\"fr_FR\" \/>\n<meta property=\"og:type\" content=\"article\" \/>\n<meta property=\"og:title\" content=\"Toutes les informations sur Australia Powerball (AU)\" \/>\n<meta property=\"og:description\" content=\"Jouer \u00e0 la loterie australienne Powerball (AU) n&#039;a jamais \u00e9t\u00e9 aussi facile : vous voulez tout savoir sur ses r\u00e8gles, ses jackpots, ses prix et les derniers r\u00e9sultats ? venez ici !\" \/>\n<meta property=\"og:url\" content=\"https:\/\/lottohoy.com\/fr\/loterie\/powerball-au\/\" \/>\n<meta property=\"og:site_name\" content=\"Lottohoy\" \/>\n<meta property=\"article:modified_time\" content=\"2025-03-25T15:13:37+00:00\" \/>\n<meta name=\"twitter:card\" content=\"summary_large_image\" \/>\n<meta name=\"twitter:label1\" content=\"Dur\u00e9e de lecture estim\u00e9e\" \/>\n\t<meta name=\"twitter:data1\" content=\"3 minutes\" \/>\n<script type=\"application\/ld+json\" class=\"yoast-schema-graph\">{\"@context\":\"https:\/\/schema.org\",\"@graph\":[{\"@type\":\"WebPage\",\"@id\":\"https:\/\/lottohoy.com\/fr\/loterie\/powerball-au\/\",\"url\":\"https:\/\/lottohoy.com\/fr\/loterie\/powerball-au\/\",\"name\":\"Toutes les informations sur Australia Powerball (AU)\",\"isPartOf\":{\"@id\":\"https:\/\/lottohoy.com\/fr\/#website\"},\"datePublished\":\"2018-08-21T09:29:37+00:00\",\"dateModified\":\"2025-03-25T15:13:37+00:00\",\"description\":\"Jouer \u00e0 la loterie australienne Powerball (AU) n'a jamais \u00e9t\u00e9 aussi facile : vous voulez tout savoir sur ses r\u00e8gles, ses jackpots, ses prix et les derniers r\u00e9sultats ? venez ici !\",\"breadcrumb\":{\"@id\":\"https:\/\/lottohoy.com\/fr\/loterie\/powerball-au\/#breadcrumb\"},\"inLanguage\":\"fr-FR\",\"potentialAction\":[{\"@type\":\"ReadAction\",\"target\":[\"https:\/\/lottohoy.com\/fr\/loterie\/powerball-au\/\"]}]},{\"@type\":\"BreadcrumbList\",\"@id\":\"https:\/\/lottohoy.com\/fr\/loterie\/powerball-au\/#breadcrumb\",\"itemListElement\":[{\"@type\":\"ListItem\",\"position\":1,\"name\":\"Home\",\"item\":\"https:\/\/lottohoy.com\/fr\/\"},{\"@type\":\"ListItem\",\"position\":2,\"name\":\"Tout sur la loterie en ligne\",\"item\":\"https:\/\/lottohoy.com\/fr\/loterie\/\"},{\"@type\":\"ListItem\",\"position\":3,\"name\":\"Information sur Powerball (AU)\"}]},{\"@type\":\"WebSite\",\"@id\":\"https:\/\/lottohoy.com\/fr\/#website\",\"url\":\"https:\/\/lottohoy.com\/fr\/\",\"name\":\"Lottohoy\",\"description\":\"\",\"potentialAction\":[{\"@type\":\"SearchAction\",\"target\":{\"@type\":\"EntryPoint\",\"urlTemplate\":\"https:\/\/lottohoy.com\/fr\/?s={search_term_string}\"},\"query-input\":{\"@type\":\"PropertyValueSpecification\",\"valueRequired\":true,\"valueName\":\"search_term_string\"}}],\"inLanguage\":\"fr-FR\"}]}<\/script>\n<!-- \/ Yoast SEO plugin. -->","yoast_head_json":{"title":"Toutes les informations sur Australia Powerball (AU)","description":"Jouer \u00e0 la loterie australienne Powerball (AU) n'a jamais \u00e9t\u00e9 aussi facile : vous voulez tout savoir sur ses r\u00e8gles, ses jackpots, ses prix et les derniers r\u00e9sultats ? venez ici !","robots":{"index":"index","follow":"follow","max-snippet":"max-snippet:-1","max-image-preview":"max-image-preview:large","max-video-preview":"max-video-preview:-1"},"canonical":"https:\/\/lottohoy.com\/fr\/loterie\/powerball-au\/","og_locale":"fr_FR","og_type":"article","og_title":"Toutes les informations sur Australia Powerball (AU)","og_description":"Jouer \u00e0 la loterie australienne Powerball (AU) n'a jamais \u00e9t\u00e9 aussi facile : vous voulez tout savoir sur ses r\u00e8gles, ses jackpots, ses prix et les derniers r\u00e9sultats ? venez ici !","og_url":"https:\/\/lottohoy.com\/fr\/loterie\/powerball-au\/","og_site_name":"Lottohoy","article_modified_time":"2025-03-25T15:13:37+00:00","twitter_card":"summary_large_image","twitter_misc":{"Dur\u00e9e de lecture estim\u00e9e":"3 minutes"},"schema":{"@context":"https:\/\/schema.org","@graph":[{"@type":"WebPage","@id":"https:\/\/lottohoy.com\/fr\/loterie\/powerball-au\/","url":"https:\/\/lottohoy.com\/fr\/loterie\/powerball-au\/","name":"Toutes les informations sur Australia Powerball (AU)","isPartOf":{"@id":"https:\/\/lottohoy.com\/fr\/#website"},"datePublished":"2018-08-21T09:29:37+00:00","dateModified":"2025-03-25T15:13:37+00:00","description":"Jouer \u00e0 la loterie australienne Powerball (AU) n'a jamais \u00e9t\u00e9 aussi facile : vous voulez tout savoir sur ses r\u00e8gles, ses jackpots, ses prix et les derniers r\u00e9sultats ? venez ici !","breadcrumb":{"@id":"https:\/\/lottohoy.com\/fr\/loterie\/powerball-au\/#breadcrumb"},"inLanguage":"fr-FR","potentialAction":[{"@type":"ReadAction","target":["https:\/\/lottohoy.com\/fr\/loterie\/powerball-au\/"]}]},{"@type":"BreadcrumbList","@id":"https:\/\/lottohoy.com\/fr\/loterie\/powerball-au\/#breadcrumb","itemListElement":[{"@type":"ListItem","position":1,"name":"Home","item":"https:\/\/lottohoy.com\/fr\/"},{"@type":"ListItem","position":2,"name":"Tout sur la loterie en ligne","item":"https:\/\/lottohoy.com\/fr\/loterie\/"},{"@type":"ListItem","position":3,"name":"Information sur Powerball (AU)"}]},{"@type":"WebSite","@id":"https:\/\/lottohoy.com\/fr\/#website","url":"https:\/\/lottohoy.com\/fr\/","name":"Lottohoy","description":"","potentialAction":[{"@type":"SearchAction","target":{"@type":"EntryPoint","urlTemplate":"https:\/\/lottohoy.com\/fr\/?s={search_term_string}"},"query-input":{"@type":"PropertyValueSpecification","valueRequired":true,"valueName":"search_term_string"}}],"inLanguage":"fr-FR"}]}},"_links":{"self":[{"href":"https:\/\/lottohoy.com\/fr\/wp-json\/wp\/v2\/pages\/4062","targetHints":{"allow":["GET"]}}],"collection":[{"href":"https:\/\/lottohoy.com\/fr\/wp-json\/wp\/v2\/pages"}],"about":[{"href":"https:\/\/lottohoy.com\/fr\/wp-json\/wp\/v2\/types\/page"}],"author":[{"embeddable":true,"href":"https:\/\/lottohoy.com\/fr\/wp-json\/wp\/v2\/users\/2"}],"replies":[{"embeddable":true,"href":"https:\/\/lottohoy.com\/fr\/wp-json\/wp\/v2\/comments?post=4062"}],"version-history":[{"count":2,"href":"https:\/\/lottohoy.com\/fr\/wp-json\/wp\/v2\/pages\/4062\/revisions"}],"predecessor-version":[{"id":16879,"href":"https:\/\/lottohoy.com\/fr\/wp-json\/wp\/v2\/pages\/4062\/revisions\/16879"}],"up":[{"embeddable":true,"href":"https:\/\/lottohoy.com\/fr\/wp-json\/wp\/v2\/pages\/4040"}],"wp:attachment":[{"href":"https:\/\/lottohoy.com\/fr\/wp-json\/wp\/v2\/media?parent=4062"}],"curies":[{"name":"wp","href":"https:\/\/api.w.org\/{rel}","templated":true}]}}