{"id":4052,"date":"2018-08-21T10:17:14","date_gmt":"2018-08-21T09:17:14","guid":{"rendered":"https:\/\/www.lottohoy.com\/?page_id=4052"},"modified":"2025-03-25T13:09:27","modified_gmt":"2025-03-25T13:09:27","slug":"la-primitiva","status":"publish","type":"page","link":"https:\/\/lottohoy.com\/fr\/loterie\/la-primitiva\/","title":{"rendered":"Information sur La Primitiva"},"content":{"rendered":"<p><!--more--><\/p>\n<p>La Primitiva est un jeu de loterie bas\u00e9 sur la pr\u00e9diction de 6 des 49 num\u00e9ros possibles.<\/p>\n<p>Le jeu de la Primitiva remonte aux d\u00e9buts de la loterie en Espagne en 1763, et son d\u00e9veloppement a eu des variations de sorte que ses r\u00e8gles ont \u00e9t\u00e9 adapt\u00e9es aux circonstances de chaque moment et ce que l&rsquo;histoire a demand\u00e9.<\/p>\n<h2><strong>R\u00e8gles du La Primitiva<\/strong><\/h2>\n<p>Les r\u00e8gles qui r\u00e9gissent le jeu du Primitiva sont tr\u00e8s simples. Le jeu consiste \u00e0 faire une pr\u00e9vision de pari bas\u00e9e sur le choix de 6 num\u00e9ros \u00e0 partir d&rsquo;une table de 49 cases num\u00e9rot\u00e9es de 1 \u00e0 49.<\/p>\n<p>Des paris simples ou multiples peuvent \u00eatre effectu\u00e9s. Le pari simple consiste \u00e0 jouer dans chacune des colonnes souhait\u00e9es, la pr\u00e9vision de 6 num\u00e9ros. Vous pouvez \u00e9galement faire un pari multiple en utilisant seulement la premi\u00e8re des colonnes fournies, et en y inscrivant 7 num\u00e9ros ou plus jusqu&rsquo;\u00e0 un maximum de 11.<\/p>\n<ul>\n<li>Un pari multiple de 7 num\u00e9ros du num\u00e9ro primitif \u00e9quivaut \u00e0 7 paris.<\/li>\n<li>Un pari multiple de 8 num\u00e9ros de la primitive \u00e9quivaut \u00e0 28 paris.<\/li>\n<li>Un pari multiple de 9 num\u00e9ros de la primitive \u00e9quivaut \u00e0 84 paris.<\/li>\n<li>Un pari multiple de 10 num\u00e9ros de la primitive \u00e9quivaut \u00e0 210 paris.<\/li>\n<li>Un pari multiple de 11 num\u00e9ros de la primitive \u00e9quivaut \u00e0 462 paris.<\/li>\n<\/ul>\n<p>En plus de ces paris, il y a aussi la possibilit\u00e9 de jouer sur un ticket officiel 5 num\u00e9ros, \u00e9tant donn\u00e9 qu&rsquo;il s&rsquo;agit d&rsquo;un pari multiple dans lequel le num\u00e9ro manquant est toujours automatiquement correct.<\/p>\n<p>Dans ce cas, cela \u00e9quivaudrait \u00e0 placer 44 paris.<\/p>\n<h2><strong>Quel est le remboursement du La Primitiva?<\/strong><\/h2>\n<p>Le remboursement est un num\u00e9ro attribu\u00e9 au hasard par le syst\u00e8me au moment de la validation du pari.<\/p>\n<p>Le prix consiste en un paiement fixe \u00e9quivalent au montant d&rsquo;un seul pari, pour chacun des billets contenant ce num\u00e9ro.<\/p>\n<p>qui est extrait ind\u00e9pendamment, et d&rsquo;une deuxi\u00e8me grosse caisse, avec des billes num\u00e9rot\u00e9es de 0 \u00e0 9 dans le m\u00eame tirage du Primitiva.<\/p>\n<h2><strong>Avantages de jouer \u00e0 Primitiva en ligne<\/strong><\/h2>\n<p>Les nouvelles habitudes et tendances du march\u00e9 augmentent la participation des joueurs de loterie en ligne.<\/p>\n<p>De nos jours, et dans le confort de votre foyer, de votre lieu de travail ou de vos loisirs, avec une simple connexion Internet, vous avez un acc\u00e8s imm\u00e9diat pour faire des paris sur toutes les loteries et, bien s\u00fbr, aussi sur la Primitiva.<\/p>\n<p>Les avantages de <a href=\"https:\/\/lottohoy.com\/fr\/jouer\/la-primitiva\/\"><span style=\"color: #993366;\"><strong>jouer \u00e0 la primitiva en ligne<\/strong><\/span><\/a> sont nombreux :<\/p>\n<ul>\n<li>C&rsquo;est un jeu simple, rapide, confortable et sans files d&rsquo;attente pour partir \u00e0 la recherche de jackpots millionnaires.<\/li>\n<li>Avoir un compte d&rsquo;utilisateur sur une plateforme de loterie en ligne signifie aussi avoir une information constante sur tous les tirages, les jackpots qui s&rsquo;accumulent, les prix qui sont gagn\u00e9s.<\/li>\n<li>C&rsquo;est une m\u00e9thode s\u00fbre et fiable pour toutes les transactions bancaires.<\/li>\n<li>En tant qu&rsquo;utilisateur enregistr\u00e9, aucun ticket n&rsquo;est jamais perdu ou \u00e9gar\u00e9, vous \u00eates toujours inform\u00e9 ponctuellement de toutes les op\u00e9rations effectu\u00e9es : achats, paiements, encaissements, etc.<\/li>\n<li>Lorsqu&rsquo;un utilisateur enregistr\u00e9 gagne un prix, le montant de ce prix est automatiquement cr\u00e9dit\u00e9 sur son compte utilisateur.<\/li>\n<\/ul>\n<h2><strong>Jackpot du La Primitiva<\/strong><\/h2>\n<p>Le prix de la cat\u00e9gorie sp\u00e9ciale, \u00e9galement appel\u00e9 jackpot, part toujours d&rsquo;un minimum garanti de 2.000.000 \u20ac.<\/p>\n<p>S&rsquo;il n&rsquo;y a pas de gagnant de la cat\u00e9gorie la plus \u00e9lev\u00e9e dans un tirage, le montant est accumul\u00e9 pour le prochain tirage dans cette m\u00eame cat\u00e9gorie, et ainsi de suite jusqu&rsquo;\u00e0 ce que le paiement soit complet.<\/p>\n<p>Le premier jackpot pay\u00e9 dans l&rsquo;histoire du Primitiva est venu accumuler le montant de 62 millions de pesetas (un peu plus de 372.000 \u20ac).<\/p>\n<p>Et le plus gros jackpot pay\u00e9 \u00e0 ce jour est de 101.724.559,10 \u20ac qui n&rsquo;a remport\u00e9 qu&rsquo;un seul gagnant \u00e0 Barcelone, le 15 octobre 2015.<\/p>\n<h2><strong>Le Joker du Primitiva<\/strong><\/h2>\n<p>Le \u00ab\u00a0joker\u00a0\u00bb est un jeu optionnel associ\u00e9 \u00e0 la Primitiva et disponible depuis 2012.<\/p>\n<p>Lorsque vous jouez le ticket physique, si vous voulez aussi jouer au Joker, cochez simplement la case appropri\u00e9e. Automatiquement et al\u00e9atoirement, le syst\u00e8me attribue au ticket Primitive une combinaison de 7 chiffres allant de 0.000.000 \u00e0 9.999.999 inclus. Ce num\u00e9ro est unique, il n&rsquo;y a donc aucune possibilit\u00e9 qu&rsquo;il y ait plus d&rsquo;un gagnant de premi\u00e8re cat\u00e9gorie.<\/p>\n<h3><strong>Le tirage au sort du Joker<\/strong><\/h3>\n<p>Le tirage au sort se fait en extrayant sept boules d&rsquo;un tambour diff\u00e9rent de celui utilis\u00e9 pour le tirage du primitif, et ce tambour contient 10 boules num\u00e9rot\u00e9es de 0 \u00e0 9. Apr\u00e8s chaque extraction, la balle est r\u00e9introduite dans le tambour, et la m\u00eame balle peut en sortir plus d&rsquo;une fois.<\/p>\n<h3><strong>Prix Joker<\/strong><\/h3>\n<p>Pour obtenir un prix, les num\u00e9ros doivent correspondre au m\u00eame ordre que les num\u00e9ros tir\u00e9s au sort. Il y a 6 cat\u00e9gories de prix, avec une allocation fixe pour chaque cat\u00e9gorie.<\/p>\n<table style=\"width: 338px;\">\n<tbody>\n<tr>\n<td style=\"width: 90px; text-align: center;\"><span style=\"color: #993366;\"><strong>Cat\u00e9gories<\/strong><\/span><\/td>\n<td style=\"width: 77px; text-align: center;\"><span style=\"color: #993366;\"><strong>Victoires<\/strong><\/span><\/td>\n<td style=\"width: 161px; text-align: center;\"><span style=\"color: #993366;\"><strong>Prix<\/strong><\/span><\/td>\n<\/tr>\n<tr>\n<td style=\"width: 90px; text-align: center;\">1a<\/td>\n<td style=\"width: 77px; text-align: center;\">7<\/td>\n<td style=\"width: 161px; text-align: right;\">1.000.000 \u20ac<\/td>\n<\/tr>\n<tr>\n<td style=\"width: 90px; text-align: center;\">2a<\/td>\n<td style=\"width: 77px; text-align: center;\">6<\/td>\n<td style=\"width: 161px; text-align: right;\">100.000 \u20ac<\/td>\n<\/tr>\n<tr>\n<td style=\"width: 90px; text-align: center;\">3a<\/td>\n<td style=\"width: 77px; text-align: center;\">5<\/td>\n<td style=\"width: 161px; text-align: right;\">10.000 \u20ac<\/td>\n<\/tr>\n<tr>\n<td style=\"width: 90px; text-align: center;\">4a<\/td>\n<td style=\"width: 77px; text-align: center;\">4<\/td>\n<td style=\"width: 161px; text-align: right;\">1.000 \u20ac<\/td>\n<\/tr>\n<tr>\n<td style=\"width: 90px; text-align: center;\">5a<\/td>\n<td style=\"width: 77px; text-align: center;\">3<\/td>\n<td style=\"width: 161px; text-align: right;\">100 \u20ac<\/td>\n<\/tr>\n<tr>\n<td style=\"width: 90px; text-align: center;\">6a<\/td>\n<td style=\"width: 77px; text-align: center;\">2<\/td>\n<td style=\"width: 161px; text-align: right;\">10 \u20ac<\/td>\n<\/tr>\n<\/tbody>\n<\/table>\n<h2><strong>Les chances de gagner dans La Primitiva<\/strong><\/h2>\n<p><!--more--><\/p>\n","protected":false},"excerpt":{"rendered":"","protected":false},"author":2,"featured_media":0,"parent":4040,"menu_order":6,"comment_status":"closed","ping_status":"closed","template":"la-primitiva-info.php","meta":{"_et_pb_use_builder":"","_et_pb_old_content":"","_et_gb_content_width":"","exclude_from_search":false,"footnotes":""},"class_list":["post-4052","page","type-page","status-publish","hentry"],"yoast_head":"<!-- This site is optimized with the Yoast SEO plugin v23.7 - https:\/\/yoast.com\/wordpress\/plugins\/seo\/ -->\n<title>Informations Primitiva, tout ce que vous devez savoir - LottoHoy<\/title>\n<meta name=\"description\" content=\"Les r\u00e8gles du jeu Primitiva sont tr\u00e8s simples. Il consiste \u00e0 faire une pr\u00e9vision bas\u00e9e sur le choix de 6 chiffres sur un total de 49.\" \/>\n<meta name=\"robots\" content=\"index, follow, max-snippet:-1, max-image-preview:large, max-video-preview:-1\" \/>\n<link rel=\"canonical\" href=\"https:\/\/lottohoy.com\/fr\/loterie\/la-primitiva\/\" \/>\n<meta property=\"og:locale\" content=\"fr_FR\" \/>\n<meta property=\"og:type\" content=\"article\" \/>\n<meta property=\"og:title\" content=\"Informations Primitiva, tout ce que vous devez savoir - LottoHoy\" \/>\n<meta property=\"og:description\" content=\"Les r\u00e8gles du jeu Primitiva sont tr\u00e8s simples. Il consiste \u00e0 faire une pr\u00e9vision bas\u00e9e sur le choix de 6 chiffres sur un total de 49.\" \/>\n<meta property=\"og:url\" content=\"https:\/\/lottohoy.com\/fr\/loterie\/la-primitiva\/\" \/>\n<meta property=\"og:site_name\" content=\"Lottohoy\" \/>\n<meta property=\"article:modified_time\" content=\"2025-03-25T13:09:27+00:00\" \/>\n<meta name=\"twitter:card\" content=\"summary_large_image\" \/>\n<meta name=\"twitter:label1\" content=\"Dur\u00e9e de lecture estim\u00e9e\" \/>\n\t<meta name=\"twitter:data1\" content=\"4 minutes\" \/>\n<script type=\"application\/ld+json\" class=\"yoast-schema-graph\">{\"@context\":\"https:\/\/schema.org\",\"@graph\":[{\"@type\":\"WebPage\",\"@id\":\"https:\/\/lottohoy.com\/fr\/loterie\/la-primitiva\/\",\"url\":\"https:\/\/lottohoy.com\/fr\/loterie\/la-primitiva\/\",\"name\":\"Informations Primitiva, tout ce que vous devez savoir - LottoHoy\",\"isPartOf\":{\"@id\":\"https:\/\/lottohoy.com\/fr\/#website\"},\"datePublished\":\"2018-08-21T09:17:14+00:00\",\"dateModified\":\"2025-03-25T13:09:27+00:00\",\"description\":\"Les r\u00e8gles du jeu Primitiva sont tr\u00e8s simples. Il consiste \u00e0 faire une pr\u00e9vision bas\u00e9e sur le choix de 6 chiffres sur un total de 49.\",\"breadcrumb\":{\"@id\":\"https:\/\/lottohoy.com\/fr\/loterie\/la-primitiva\/#breadcrumb\"},\"inLanguage\":\"fr-FR\",\"potentialAction\":[{\"@type\":\"ReadAction\",\"target\":[\"https:\/\/lottohoy.com\/fr\/loterie\/la-primitiva\/\"]}]},{\"@type\":\"BreadcrumbList\",\"@id\":\"https:\/\/lottohoy.com\/fr\/loterie\/la-primitiva\/#breadcrumb\",\"itemListElement\":[{\"@type\":\"ListItem\",\"position\":1,\"name\":\"Home\",\"item\":\"https:\/\/lottohoy.com\/fr\/\"},{\"@type\":\"ListItem\",\"position\":2,\"name\":\"Tout sur la loterie en ligne\",\"item\":\"https:\/\/lottohoy.com\/fr\/loterie\/\"},{\"@type\":\"ListItem\",\"position\":3,\"name\":\"Information sur La Primitiva\"}]},{\"@type\":\"WebSite\",\"@id\":\"https:\/\/lottohoy.com\/fr\/#website\",\"url\":\"https:\/\/lottohoy.com\/fr\/\",\"name\":\"Lottohoy\",\"description\":\"\",\"potentialAction\":[{\"@type\":\"SearchAction\",\"target\":{\"@type\":\"EntryPoint\",\"urlTemplate\":\"https:\/\/lottohoy.com\/fr\/?s={search_term_string}\"},\"query-input\":{\"@type\":\"PropertyValueSpecification\",\"valueRequired\":true,\"valueName\":\"search_term_string\"}}],\"inLanguage\":\"fr-FR\"}]}<\/script>\n<!-- \/ Yoast SEO plugin. -->","yoast_head_json":{"title":"Informations Primitiva, tout ce que vous devez savoir - LottoHoy","description":"Les r\u00e8gles du jeu Primitiva sont tr\u00e8s simples. Il consiste \u00e0 faire une pr\u00e9vision bas\u00e9e sur le choix de 6 chiffres sur un total de 49.","robots":{"index":"index","follow":"follow","max-snippet":"max-snippet:-1","max-image-preview":"max-image-preview:large","max-video-preview":"max-video-preview:-1"},"canonical":"https:\/\/lottohoy.com\/fr\/loterie\/la-primitiva\/","og_locale":"fr_FR","og_type":"article","og_title":"Informations Primitiva, tout ce que vous devez savoir - LottoHoy","og_description":"Les r\u00e8gles du jeu Primitiva sont tr\u00e8s simples. Il consiste \u00e0 faire une pr\u00e9vision bas\u00e9e sur le choix de 6 chiffres sur un total de 49.","og_url":"https:\/\/lottohoy.com\/fr\/loterie\/la-primitiva\/","og_site_name":"Lottohoy","article_modified_time":"2025-03-25T13:09:27+00:00","twitter_card":"summary_large_image","twitter_misc":{"Dur\u00e9e de lecture estim\u00e9e":"4 minutes"},"schema":{"@context":"https:\/\/schema.org","@graph":[{"@type":"WebPage","@id":"https:\/\/lottohoy.com\/fr\/loterie\/la-primitiva\/","url":"https:\/\/lottohoy.com\/fr\/loterie\/la-primitiva\/","name":"Informations Primitiva, tout ce que vous devez savoir - LottoHoy","isPartOf":{"@id":"https:\/\/lottohoy.com\/fr\/#website"},"datePublished":"2018-08-21T09:17:14+00:00","dateModified":"2025-03-25T13:09:27+00:00","description":"Les r\u00e8gles du jeu Primitiva sont tr\u00e8s simples. Il consiste \u00e0 faire une pr\u00e9vision bas\u00e9e sur le choix de 6 chiffres sur un total de 49.","breadcrumb":{"@id":"https:\/\/lottohoy.com\/fr\/loterie\/la-primitiva\/#breadcrumb"},"inLanguage":"fr-FR","potentialAction":[{"@type":"ReadAction","target":["https:\/\/lottohoy.com\/fr\/loterie\/la-primitiva\/"]}]},{"@type":"BreadcrumbList","@id":"https:\/\/lottohoy.com\/fr\/loterie\/la-primitiva\/#breadcrumb","itemListElement":[{"@type":"ListItem","position":1,"name":"Home","item":"https:\/\/lottohoy.com\/fr\/"},{"@type":"ListItem","position":2,"name":"Tout sur la loterie en ligne","item":"https:\/\/lottohoy.com\/fr\/loterie\/"},{"@type":"ListItem","position":3,"name":"Information sur La Primitiva"}]},{"@type":"WebSite","@id":"https:\/\/lottohoy.com\/fr\/#website","url":"https:\/\/lottohoy.com\/fr\/","name":"Lottohoy","description":"","potentialAction":[{"@type":"SearchAction","target":{"@type":"EntryPoint","urlTemplate":"https:\/\/lottohoy.com\/fr\/?s={search_term_string}"},"query-input":{"@type":"PropertyValueSpecification","valueRequired":true,"valueName":"search_term_string"}}],"inLanguage":"fr-FR"}]}},"_links":{"self":[{"href":"https:\/\/lottohoy.com\/fr\/wp-json\/wp\/v2\/pages\/4052","targetHints":{"allow":["GET"]}}],"collection":[{"href":"https:\/\/lottohoy.com\/fr\/wp-json\/wp\/v2\/pages"}],"about":[{"href":"https:\/\/lottohoy.com\/fr\/wp-json\/wp\/v2\/types\/page"}],"author":[{"embeddable":true,"href":"https:\/\/lottohoy.com\/fr\/wp-json\/wp\/v2\/users\/2"}],"replies":[{"embeddable":true,"href":"https:\/\/lottohoy.com\/fr\/wp-json\/wp\/v2\/comments?post=4052"}],"version-history":[{"count":2,"href":"https:\/\/lottohoy.com\/fr\/wp-json\/wp\/v2\/pages\/4052\/revisions"}],"predecessor-version":[{"id":16830,"href":"https:\/\/lottohoy.com\/fr\/wp-json\/wp\/v2\/pages\/4052\/revisions\/16830"}],"up":[{"embeddable":true,"href":"https:\/\/lottohoy.com\/fr\/wp-json\/wp\/v2\/pages\/4040"}],"wp:attachment":[{"href":"https:\/\/lottohoy.com\/fr\/wp-json\/wp\/v2\/media?parent=4052"}],"curies":[{"name":"wp","href":"https:\/\/api.w.org\/{rel}","templated":true}]}}