{"id":4050,"date":"2019-02-13T18:30:53","date_gmt":"2019-02-13T18:30:53","guid":{"rendered":"https:\/\/www.lottohoy.com\/?page_id=4050"},"modified":"2025-02-13T16:24:20","modified_gmt":"2025-02-13T16:24:20","slug":"el-gordo-primitiva","status":"publish","type":"page","link":"https:\/\/lottohoy.com\/fr\/loterie\/el-gordo-primitiva\/","title":{"rendered":"Information sur El Gordo"},"content":{"rendered":"<p><!--more--><\/p>\n<p>Le jeu Gordo de la Primitiva est cr\u00e9\u00e9 par Loter\u00edas y Apuestas del estado (LAE) en Espagne, en compl\u00e9ment des deux autres jeux de loto (La Primitiva et le BonoLoto).<\/p>\n<p>Le premier tirage a lieu le 31 octobre 1993, avec la particularit\u00e9 d&rsquo;avoir un seul tirage mensuel, le dernier dimanche du mois.<\/p>\n<p>Avec un prix initial de 500 Pts. (l&rsquo;\u00e9quivalent aujourd&rsquo;hui de 3,00 \u20ac) a \u00e9t\u00e9 donn\u00e9 aux joueurs une double possibilit\u00e9 de participation au jeu. On peut opter pour l&rsquo;achat d&rsquo;un billet pr\u00e9-imprim\u00e9 avec la combinaison des 5 num\u00e9ros principaux plus le num\u00e9ro de remboursement. Ou que c&rsquo;\u00e9tait le joueur qui au moyen d&rsquo;un ticket de couleur diff\u00e9rente marquait directement la combinaison de chiffres qui lui plaisait.<\/p>\n<p>Ce syst\u00e8me est maintenu jusqu&rsquo;\u00e0 quatre ans plus tard, lorsqu&rsquo;en octobre 1997, les tirages deviennent hebdomadaires, mais toujours le dimanche et avec quelques changements importants dans ses r\u00e8glements.<\/p>\n<p>Pour les tirages suivants sont d\u00e9termin\u00e9s et r\u00e9serv\u00e9s aux gagnants de premi\u00e8re cat\u00e9gorie, la possibilit\u00e9 d&rsquo;acc\u00e9der \u00e0 un jackpot au cas o\u00f9 il n&rsquo;y aurait pas de gagnant lors du tirage pr\u00e9c\u00e9dent, r\u00e9duit \u00e9galement la valeur du pari \u00e0 250 Pts.<\/p>\n<p>Le 31 janvier 2005, il y a un changement important dans le r\u00e8glement, incorporant un prix minimum garanti de 5.000.000 \u20ac, et jusqu&rsquo;\u00e0 huit cat\u00e9gories de prix, plus le remboursement. Par cons\u00e9quent, l&rsquo;attente d&rsquo;obtenir un prix augmente consid\u00e9rablement.<\/p>\n<h2><strong>Qu&rsquo;est-ce que le Gordo de la Primitiva ?<\/strong><\/h2>\n<p>Gordo de la Primitiva est essentiellement un jeu de hasard, dans lequel le joueur doit obtenir autant de nombres que possible.<\/p>\n<p>Lorsque le tirage au sort a lieu, 5 boules sont tir\u00e9es au sort parmi les 54 boules qu&rsquo;il contient, avec des nombres entre 1 et 54.<\/p>\n<p>De m\u00eame, et \u00e0 partir d&rsquo;un deuxi\u00e8me tour, une boule est extraite de 10, num\u00e9rot\u00e9e de 0 \u00e0 9, qui se compose du num\u00e9ro cl\u00e9 ou du remboursement.<\/p>\n<p>Le joueur peut placer autant de paris qu&rsquo;il le souhaite, et il peut le faire manuellement en d\u00e9cidant lui-m\u00eame les num\u00e9ros ou en laissant le syst\u00e8me choisir une combinaison au hasard.<\/p>\n<h2><strong>Prix El Gordo de La Primitiva<\/strong><\/h2>\n<p>Chaque billet Gordo de la Primitiva co\u00fbte \u00e0 partir de 3 \u20ac, et vous pouvez placer autant de paris que vous le souhaitez.<\/p>\n<h2><strong>Chances de gagner El Gordo de la Primitiva<\/strong><\/h2>\n<p>Les chances de gagner un prix sont de 1 sur 19 (2 num\u00e9ros principaux), tandis que les chances de gagner le premier prix sont de 1 sur 31 625 100.<\/p>\n<p>Cela peut sembler tr\u00e8s lointain si on le compare \u00e0 La Primitiva, o\u00f9 la cote est de 1 sur 13 983 816, et beaucoup plus facile que Euromillions o\u00f9 la cote est de 1 sur 76 275 360.<\/p>\n<h2><strong>Les chiffres les plus prim\u00e9s de Gordo de la Primitiva<\/strong><\/h2>\n<p>Si l&rsquo;on cherche les 10 num\u00e9ros qui sont sortis le plus souvent dans les combinaisons gagnantes depuis le premier tirage au sort, on constate qu&rsquo;ils sont dans cet ordre du plus au moins : 3, 6, 18, 21, 23, 23, 11, 34, 27, 9 et 4.<\/p>\n<p>Par contre, les plus r\u00e9ticents \u00e0 partir sont pass\u00e9s de moins en plus nombreux : 52, 50, 54, 51, 49, 46, 48, 47, 47, 43 et 53.<\/p>\n<p>Curieux, n&rsquo;est-ce pas ? Que les chiffres qui sont sortis moins souvent de la grosse caisse sont pr\u00e9cis\u00e9ment les chiffres les plus \u00e9lev\u00e9s.<\/p>\n<p><!--more--><\/p>\n","protected":false},"excerpt":{"rendered":"","protected":false},"author":2,"featured_media":0,"parent":4040,"menu_order":6,"comment_status":"closed","ping_status":"closed","template":"el-gordo-info.php","meta":{"_et_pb_use_builder":"","_et_pb_old_content":"","_et_gb_content_width":"","exclude_from_search":false,"footnotes":""},"class_list":["post-4050","page","type-page","status-publish","hentry"],"yoast_head":"<!-- This site is optimized with the Yoast SEO plugin v23.7 - https:\/\/yoast.com\/wordpress\/plugins\/seo\/ -->\n<title>Tout savoir sur El Gordo de La Primitiva - Guide de la Loterie en ligne<\/title>\n<meta name=\"description\" content=\"Qu&#039;est-ce que la graisse du primitif ? Combien \u00e7a co\u00fbte ? Je peux participer ? Toutes les r\u00e9ponses se trouvent dans ce guide du tirage El Gordo.\" \/>\n<meta name=\"robots\" content=\"index, follow, max-snippet:-1, max-image-preview:large, max-video-preview:-1\" \/>\n<link rel=\"canonical\" href=\"https:\/\/lottohoy.com\/fr\/loterie\/el-gordo-primitiva\/\" \/>\n<meta property=\"og:locale\" content=\"fr_FR\" \/>\n<meta property=\"og:type\" content=\"article\" \/>\n<meta property=\"og:title\" content=\"Tout savoir sur El Gordo de La Primitiva - Guide de la Loterie en ligne\" \/>\n<meta property=\"og:description\" content=\"Qu&#039;est-ce que la graisse du primitif ? Combien \u00e7a co\u00fbte ? Je peux participer ? Toutes les r\u00e9ponses se trouvent dans ce guide du tirage El Gordo.\" \/>\n<meta property=\"og:url\" content=\"https:\/\/lottohoy.com\/fr\/loterie\/el-gordo-primitiva\/\" \/>\n<meta property=\"og:site_name\" content=\"Lottohoy\" \/>\n<meta property=\"article:modified_time\" content=\"2025-02-13T16:24:20+00:00\" \/>\n<meta name=\"twitter:card\" content=\"summary_large_image\" \/>\n<meta name=\"twitter:label1\" content=\"Dur\u00e9e de lecture estim\u00e9e\" \/>\n\t<meta name=\"twitter:data1\" content=\"3 minutes\" \/>\n<script type=\"application\/ld+json\" class=\"yoast-schema-graph\">{\"@context\":\"https:\/\/schema.org\",\"@graph\":[{\"@type\":\"WebPage\",\"@id\":\"https:\/\/lottohoy.com\/fr\/loterie\/el-gordo-primitiva\/\",\"url\":\"https:\/\/lottohoy.com\/fr\/loterie\/el-gordo-primitiva\/\",\"name\":\"Tout savoir sur El Gordo de La Primitiva - Guide de la Loterie en ligne\",\"isPartOf\":{\"@id\":\"https:\/\/lottohoy.com\/fr\/#website\"},\"datePublished\":\"2019-02-13T18:30:53+00:00\",\"dateModified\":\"2025-02-13T16:24:20+00:00\",\"description\":\"Qu'est-ce que la graisse du primitif ? Combien \u00e7a co\u00fbte ? Je peux participer ? Toutes les r\u00e9ponses se trouvent dans ce guide du tirage El Gordo.\",\"breadcrumb\":{\"@id\":\"https:\/\/lottohoy.com\/fr\/loterie\/el-gordo-primitiva\/#breadcrumb\"},\"inLanguage\":\"fr-FR\",\"potentialAction\":[{\"@type\":\"ReadAction\",\"target\":[\"https:\/\/lottohoy.com\/fr\/loterie\/el-gordo-primitiva\/\"]}]},{\"@type\":\"BreadcrumbList\",\"@id\":\"https:\/\/lottohoy.com\/fr\/loterie\/el-gordo-primitiva\/#breadcrumb\",\"itemListElement\":[{\"@type\":\"ListItem\",\"position\":1,\"name\":\"Home\",\"item\":\"https:\/\/lottohoy.com\/fr\/\"},{\"@type\":\"ListItem\",\"position\":2,\"name\":\"Tout sur la loterie en ligne\",\"item\":\"https:\/\/lottohoy.com\/fr\/loterie\/\"},{\"@type\":\"ListItem\",\"position\":3,\"name\":\"Information sur El Gordo\"}]},{\"@type\":\"WebSite\",\"@id\":\"https:\/\/lottohoy.com\/fr\/#website\",\"url\":\"https:\/\/lottohoy.com\/fr\/\",\"name\":\"Lottohoy\",\"description\":\"\",\"potentialAction\":[{\"@type\":\"SearchAction\",\"target\":{\"@type\":\"EntryPoint\",\"urlTemplate\":\"https:\/\/lottohoy.com\/fr\/?s={search_term_string}\"},\"query-input\":{\"@type\":\"PropertyValueSpecification\",\"valueRequired\":true,\"valueName\":\"search_term_string\"}}],\"inLanguage\":\"fr-FR\"}]}<\/script>\n<!-- \/ Yoast SEO plugin. -->","yoast_head_json":{"title":"Tout savoir sur El Gordo de La Primitiva - Guide de la Loterie en ligne","description":"Qu'est-ce que la graisse du primitif ? Combien \u00e7a co\u00fbte ? Je peux participer ? Toutes les r\u00e9ponses se trouvent dans ce guide du tirage El Gordo.","robots":{"index":"index","follow":"follow","max-snippet":"max-snippet:-1","max-image-preview":"max-image-preview:large","max-video-preview":"max-video-preview:-1"},"canonical":"https:\/\/lottohoy.com\/fr\/loterie\/el-gordo-primitiva\/","og_locale":"fr_FR","og_type":"article","og_title":"Tout savoir sur El Gordo de La Primitiva - Guide de la Loterie en ligne","og_description":"Qu'est-ce que la graisse du primitif ? Combien \u00e7a co\u00fbte ? Je peux participer ? Toutes les r\u00e9ponses se trouvent dans ce guide du tirage El Gordo.","og_url":"https:\/\/lottohoy.com\/fr\/loterie\/el-gordo-primitiva\/","og_site_name":"Lottohoy","article_modified_time":"2025-02-13T16:24:20+00:00","twitter_card":"summary_large_image","twitter_misc":{"Dur\u00e9e de lecture estim\u00e9e":"3 minutes"},"schema":{"@context":"https:\/\/schema.org","@graph":[{"@type":"WebPage","@id":"https:\/\/lottohoy.com\/fr\/loterie\/el-gordo-primitiva\/","url":"https:\/\/lottohoy.com\/fr\/loterie\/el-gordo-primitiva\/","name":"Tout savoir sur El Gordo de La Primitiva - Guide de la Loterie en ligne","isPartOf":{"@id":"https:\/\/lottohoy.com\/fr\/#website"},"datePublished":"2019-02-13T18:30:53+00:00","dateModified":"2025-02-13T16:24:20+00:00","description":"Qu'est-ce que la graisse du primitif ? Combien \u00e7a co\u00fbte ? Je peux participer ? Toutes les r\u00e9ponses se trouvent dans ce guide du tirage El Gordo.","breadcrumb":{"@id":"https:\/\/lottohoy.com\/fr\/loterie\/el-gordo-primitiva\/#breadcrumb"},"inLanguage":"fr-FR","potentialAction":[{"@type":"ReadAction","target":["https:\/\/lottohoy.com\/fr\/loterie\/el-gordo-primitiva\/"]}]},{"@type":"BreadcrumbList","@id":"https:\/\/lottohoy.com\/fr\/loterie\/el-gordo-primitiva\/#breadcrumb","itemListElement":[{"@type":"ListItem","position":1,"name":"Home","item":"https:\/\/lottohoy.com\/fr\/"},{"@type":"ListItem","position":2,"name":"Tout sur la loterie en ligne","item":"https:\/\/lottohoy.com\/fr\/loterie\/"},{"@type":"ListItem","position":3,"name":"Information sur El Gordo"}]},{"@type":"WebSite","@id":"https:\/\/lottohoy.com\/fr\/#website","url":"https:\/\/lottohoy.com\/fr\/","name":"Lottohoy","description":"","potentialAction":[{"@type":"SearchAction","target":{"@type":"EntryPoint","urlTemplate":"https:\/\/lottohoy.com\/fr\/?s={search_term_string}"},"query-input":{"@type":"PropertyValueSpecification","valueRequired":true,"valueName":"search_term_string"}}],"inLanguage":"fr-FR"}]}},"_links":{"self":[{"href":"https:\/\/lottohoy.com\/fr\/wp-json\/wp\/v2\/pages\/4050","targetHints":{"allow":["GET"]}}],"collection":[{"href":"https:\/\/lottohoy.com\/fr\/wp-json\/wp\/v2\/pages"}],"about":[{"href":"https:\/\/lottohoy.com\/fr\/wp-json\/wp\/v2\/types\/page"}],"author":[{"embeddable":true,"href":"https:\/\/lottohoy.com\/fr\/wp-json\/wp\/v2\/users\/2"}],"replies":[{"embeddable":true,"href":"https:\/\/lottohoy.com\/fr\/wp-json\/wp\/v2\/comments?post=4050"}],"version-history":[{"count":2,"href":"https:\/\/lottohoy.com\/fr\/wp-json\/wp\/v2\/pages\/4050\/revisions"}],"predecessor-version":[{"id":14842,"href":"https:\/\/lottohoy.com\/fr\/wp-json\/wp\/v2\/pages\/4050\/revisions\/14842"}],"up":[{"embeddable":true,"href":"https:\/\/lottohoy.com\/fr\/wp-json\/wp\/v2\/pages\/4040"}],"wp:attachment":[{"href":"https:\/\/lottohoy.com\/fr\/wp-json\/wp\/v2\/media?parent=4050"}],"curies":[{"name":"wp","href":"https:\/\/api.w.org\/{rel}","templated":true}]}}