{"id":4048,"date":"2019-03-22T16:10:01","date_gmt":"2019-03-22T16:10:01","guid":{"rendered":"https:\/\/www.lottohoy.com\/?page_id=4048"},"modified":"2025-02-13T17:07:05","modified_gmt":"2025-02-13T17:07:05","slug":"lotto-fr","status":"publish","type":"page","link":"https:\/\/lottohoy.com\/fr\/loterie\/lotto-fr\/","title":{"rendered":"Information sur loto francais (French Lotto)"},"content":{"rendered":"<p><!--more--><\/p>\n<h2><strong>Qu&rsquo;est-ce que le Loto fran\u00e7ais (French Lotto) ?<\/strong><\/h2>\n<p>Cette loterie a \u00e9t\u00e9 cr\u00e9\u00e9e en 1976, exploit\u00e9e par le gouvernement fran\u00e7ais, bien que depuis 2018, elle soit rendue publique \u00e0 50% dans le but de la rendre plus comp\u00e9titive.<\/p>\n<p>Le jackpot minimum garanti pour les gagnants de la premi\u00e8re cat\u00e9gorie (5+1) est de 2.000.000 \u20ac. Ce montant est augment\u00e9 de 1.000.000 \u20ac s&rsquo;il n&rsquo;y a pas de gagnant, en configurant un jackpot qui peut s&rsquo;accumuler pour un maximum de 34 tirages.<\/p>\n<p>S&rsquo;il n&rsquo;y a pas de gagnant apr\u00e8s ces 34 occasions, le montant accumul\u00e9 sera r\u00e9parti entre les cat\u00e9gories suivantes lors du prochain tirage.<\/p>\n<h2><strong>Comment jouer au Loto fran\u00e7ais (French Lotto) ?<\/strong><\/h2>\n<p>Pour jouer aux tirages du <a href=\"https:\/\/lottohoy.com\/fr\/jouer\/lotto-fr\/\"><span style=\"color: #993366;\"><strong>Loto fran\u00e7ais<\/strong><\/span><\/a>, le joueur doit configurer sa pr\u00e9vision en s\u00e9lectionnant 5 num\u00e9ros entre 1 et 49, et une bille suppl\u00e9mentaire num\u00e9rot\u00e9e de 1 \u00e0 10 inclus.<\/p>\n<h2><strong>Cat\u00e9gories de prix<\/strong><\/h2>\n<p>Il y a 9 cat\u00e9gories de prix au total. A l&rsquo;exception de la premi\u00e8re cat\u00e9gorie qui opte pour le jackpot, les autres cat\u00e9gories de prix ont un montant fixe pour chaque cat\u00e9gorie, comme nous le voyons dans l&rsquo;encadr\u00e9 suivant :<\/p>\n<table style=\"width: 448px;\">\n<tbody>\n<tr>\n<td style=\"width: 118px; text-align: center;\"><span style=\"color: #993366;\"><strong>Cat\u00e9gories<\/strong><\/span><\/td>\n<td style=\"width: 173px; text-align: center;\"><span style=\"color: #993366;\"><strong>Succ\u00e8s<\/strong><\/span><\/td>\n<td style=\"width: 147px; text-align: center;\"><span style=\"color: #993366;\"><strong>Prix Quantit\u00e9<\/strong><\/span><\/td>\n<\/tr>\n<tr>\n<td style=\"width: 118px; text-align: center;\">I<\/td>\n<td style=\"width: 173px; text-align: center;\">5 + Balle Chance<\/td>\n<td style=\"width: 147px; text-align: center;\">Jackpot<\/td>\n<\/tr>\n<tr>\n<td style=\"width: 118px; text-align: center;\">II<\/td>\n<td style=\"width: 173px; text-align: center;\">5<\/td>\n<td style=\"width: 147px; text-align: center;\">100.000 \u20ac<\/td>\n<\/tr>\n<tr>\n<td style=\"width: 118px; text-align: center;\">III<\/td>\n<td style=\"width: 173px; text-align: center;\">4 + Balle Chance<\/td>\n<td style=\"width: 147px; text-align: center;\">1000 \u20ac<\/td>\n<\/tr>\n<tr>\n<td style=\"width: 118px; text-align: center;\">IV<\/td>\n<td style=\"width: 173px; text-align: center;\">4<\/td>\n<td style=\"width: 147px; text-align: center;\">500 \u20ac<\/td>\n<\/tr>\n<tr>\n<td style=\"width: 118px; text-align: center;\">V<\/td>\n<td style=\"width: 173px; text-align: center;\">3 +Balle Chance<\/td>\n<td style=\"width: 147px; text-align: center;\">50 \u20ac<\/td>\n<\/tr>\n<tr>\n<td style=\"width: 118px; text-align: center;\">VI<\/td>\n<td style=\"width: 173px; text-align: center;\">3<\/td>\n<td style=\"width: 147px; text-align: center;\">20 \u20ac<\/td>\n<\/tr>\n<tr>\n<td style=\"width: 118px; text-align: center;\">VII.<\/td>\n<td style=\"width: 173px; text-align: center;\">2 + Balle Chance<\/td>\n<td style=\"width: 147px; text-align: center;\">10 \u20ac<\/td>\n<\/tr>\n<tr>\n<td style=\"width: 118px; text-align: center;\">VIII<\/td>\n<td style=\"width: 173px; text-align: center;\">2<\/td>\n<td style=\"width: 147px; text-align: center;\">5 \u20ac<\/td>\n<\/tr>\n<tr>\n<td style=\"width: 118px; text-align: center;\">IX<\/td>\n<td style=\"width: 173px; text-align: center;\">Balle Chance<\/td>\n<td style=\"width: 147px; text-align: center;\">2,20 \u20ac<\/td>\n<\/tr>\n<\/tbody>\n<\/table>\n<p>De plus, 10 prix de 20 000 \u20ac sont mis en jeu lors de chaque tirage au sort, de sorte que tous les billets physiques entrent en jeu et que les chances de gagner d\u00e9pendent du nombre de participants au tirage.<\/p>\n<h2><strong>Prix des paris au Loto fran\u00e7ais (French Lotto)<\/strong><\/h2>\n<p>Le prix de chaque loto fran\u00e7ais pari\u00e9 sur LottoHoy est de 3,50 \u20ac.<\/p>\n<h2><strong>Dessins sp\u00e9ciaux du loto fran\u00e7ais (French Lotto)<\/strong><\/h2>\n<p>En gros, il y a deux tirages sp\u00e9ciaux : le <strong>tirage du vendredi 13<\/strong> et <strong>le Grand Lotto No\u00ebl <\/strong>:<\/p>\n<p><strong>Vendredi 13<\/strong> &#8211; Chaque fois que le vendredi 13 est le m\u00eame, un tirage extraordinaire est organis\u00e9 avec un prix sp\u00e9cial de 13.000.000 \u20ac et 50 prix fixes dans un syst\u00e8me de tombola de 20.000 \u20ac.<\/p>\n<p>Pour beaucoup, la date du vendredi 13 est une date de superstition, mais dans le cas du Loto fran\u00e7ais, c&rsquo;est quelque chose de sp\u00e9cial car le premier tirage de la Loterie Nationale fran\u00e7aise a eu lieu le vendredi 13, 1930.<\/p>\n<p><strong>No\u00ebl Grand Lotto<\/strong> &#8211; Le Grand Lotto de No\u00ebl est un autre tirage sp\u00e9cial qui a lieu en France tous les 22 d\u00e9cembre, tout comme le Gordo de No\u00ebl en Espagne.<\/p>\n<p>Le prix de la premi\u00e8re cat\u00e9gorie est d&rsquo;une valeur de 20.000.000 \u20ac et en plus des prix des 8 autres cat\u00e9gories, il y a un tirage sp\u00e9cial pour 100 codes de tirage, avec un prix garanti de 20.000 \u20ac chacun.<\/p>\n<h2><strong>Les chances de gagner au Loto fran\u00e7ais(French Lotto)<\/strong><\/h2>\n<p>Les chances de gagner le premier prix sont de 1 sur 19.068.840, correspondant aux 5 num\u00e9ros principaux et \u00e0 la boule de chance.<\/p>\n<p>Alors que pour obtenir l&rsquo;un des prix qu&rsquo;il offre, les chances sont de 1 sur 5,99.<\/p>\n<p>Nous pouvons voir dans l&rsquo;encadr\u00e9 suivant toutes les probabilit\u00e9s math\u00e9matiques :<\/p>\n<p><!--more--><\/p>\n","protected":false},"excerpt":{"rendered":"","protected":false},"author":2,"featured_media":0,"parent":4040,"menu_order":12,"comment_status":"closed","ping_status":"closed","template":"lotto-fr-info.php","meta":{"_et_pb_use_builder":"","_et_pb_old_content":"","_et_gb_content_width":"","exclude_from_search":false,"footnotes":""},"class_list":["post-4048","page","type-page","status-publish","hentry"],"yoast_head":"<!-- This site is optimized with the Yoast SEO plugin v23.7 - https:\/\/yoast.com\/wordpress\/plugins\/seo\/ -->\n<title>Toutes les informations sur le Lotto de France sur LottoToday<\/title>\n<meta name=\"description\" content=\"La loterie fran\u00e7aise est l&#039;une des plus anciennes et distribue plus de prix. Retrouvez toutes les informations sur les prix, les cotes et les r\u00e8glements pour gagner.\" \/>\n<meta name=\"robots\" content=\"index, follow, max-snippet:-1, max-image-preview:large, max-video-preview:-1\" \/>\n<link rel=\"canonical\" href=\"https:\/\/lottohoy.com\/fr\/loterie\/lotto-fr\/\" \/>\n<meta property=\"og:locale\" content=\"fr_FR\" \/>\n<meta property=\"og:type\" content=\"article\" \/>\n<meta property=\"og:title\" content=\"Toutes les informations sur le Lotto de France sur LottoToday\" \/>\n<meta property=\"og:description\" content=\"La loterie fran\u00e7aise est l&#039;une des plus anciennes et distribue plus de prix. Retrouvez toutes les informations sur les prix, les cotes et les r\u00e8glements pour gagner.\" \/>\n<meta property=\"og:url\" content=\"https:\/\/lottohoy.com\/fr\/loterie\/lotto-fr\/\" \/>\n<meta property=\"og:site_name\" content=\"Lottohoy\" \/>\n<meta property=\"article:modified_time\" content=\"2025-02-13T17:07:05+00:00\" \/>\n<meta name=\"twitter:card\" content=\"summary_large_image\" \/>\n<meta name=\"twitter:label1\" content=\"Dur\u00e9e de lecture estim\u00e9e\" \/>\n\t<meta name=\"twitter:data1\" content=\"3 minutes\" \/>\n<script type=\"application\/ld+json\" class=\"yoast-schema-graph\">{\"@context\":\"https:\/\/schema.org\",\"@graph\":[{\"@type\":\"WebPage\",\"@id\":\"https:\/\/lottohoy.com\/fr\/loterie\/lotto-fr\/\",\"url\":\"https:\/\/lottohoy.com\/fr\/loterie\/lotto-fr\/\",\"name\":\"Toutes les informations sur le Lotto de France sur LottoToday\",\"isPartOf\":{\"@id\":\"https:\/\/lottohoy.com\/fr\/#website\"},\"datePublished\":\"2019-03-22T16:10:01+00:00\",\"dateModified\":\"2025-02-13T17:07:05+00:00\",\"description\":\"La loterie fran\u00e7aise est l'une des plus anciennes et distribue plus de prix. Retrouvez toutes les informations sur les prix, les cotes et les r\u00e8glements pour gagner.\",\"breadcrumb\":{\"@id\":\"https:\/\/lottohoy.com\/fr\/loterie\/lotto-fr\/#breadcrumb\"},\"inLanguage\":\"fr-FR\",\"potentialAction\":[{\"@type\":\"ReadAction\",\"target\":[\"https:\/\/lottohoy.com\/fr\/loterie\/lotto-fr\/\"]}]},{\"@type\":\"BreadcrumbList\",\"@id\":\"https:\/\/lottohoy.com\/fr\/loterie\/lotto-fr\/#breadcrumb\",\"itemListElement\":[{\"@type\":\"ListItem\",\"position\":1,\"name\":\"Home\",\"item\":\"https:\/\/lottohoy.com\/fr\/\"},{\"@type\":\"ListItem\",\"position\":2,\"name\":\"Tout sur la loterie en ligne\",\"item\":\"https:\/\/lottohoy.com\/fr\/loterie\/\"},{\"@type\":\"ListItem\",\"position\":3,\"name\":\"Information sur loto francais (French Lotto)\"}]},{\"@type\":\"WebSite\",\"@id\":\"https:\/\/lottohoy.com\/fr\/#website\",\"url\":\"https:\/\/lottohoy.com\/fr\/\",\"name\":\"Lottohoy\",\"description\":\"\",\"potentialAction\":[{\"@type\":\"SearchAction\",\"target\":{\"@type\":\"EntryPoint\",\"urlTemplate\":\"https:\/\/lottohoy.com\/fr\/?s={search_term_string}\"},\"query-input\":{\"@type\":\"PropertyValueSpecification\",\"valueRequired\":true,\"valueName\":\"search_term_string\"}}],\"inLanguage\":\"fr-FR\"}]}<\/script>\n<!-- \/ Yoast SEO plugin. -->","yoast_head_json":{"title":"Toutes les informations sur le Lotto de France sur LottoToday","description":"La loterie fran\u00e7aise est l'une des plus anciennes et distribue plus de prix. Retrouvez toutes les informations sur les prix, les cotes et les r\u00e8glements pour gagner.","robots":{"index":"index","follow":"follow","max-snippet":"max-snippet:-1","max-image-preview":"max-image-preview:large","max-video-preview":"max-video-preview:-1"},"canonical":"https:\/\/lottohoy.com\/fr\/loterie\/lotto-fr\/","og_locale":"fr_FR","og_type":"article","og_title":"Toutes les informations sur le Lotto de France sur LottoToday","og_description":"La loterie fran\u00e7aise est l'une des plus anciennes et distribue plus de prix. Retrouvez toutes les informations sur les prix, les cotes et les r\u00e8glements pour gagner.","og_url":"https:\/\/lottohoy.com\/fr\/loterie\/lotto-fr\/","og_site_name":"Lottohoy","article_modified_time":"2025-02-13T17:07:05+00:00","twitter_card":"summary_large_image","twitter_misc":{"Dur\u00e9e de lecture estim\u00e9e":"3 minutes"},"schema":{"@context":"https:\/\/schema.org","@graph":[{"@type":"WebPage","@id":"https:\/\/lottohoy.com\/fr\/loterie\/lotto-fr\/","url":"https:\/\/lottohoy.com\/fr\/loterie\/lotto-fr\/","name":"Toutes les informations sur le Lotto de France sur LottoToday","isPartOf":{"@id":"https:\/\/lottohoy.com\/fr\/#website"},"datePublished":"2019-03-22T16:10:01+00:00","dateModified":"2025-02-13T17:07:05+00:00","description":"La loterie fran\u00e7aise est l'une des plus anciennes et distribue plus de prix. Retrouvez toutes les informations sur les prix, les cotes et les r\u00e8glements pour gagner.","breadcrumb":{"@id":"https:\/\/lottohoy.com\/fr\/loterie\/lotto-fr\/#breadcrumb"},"inLanguage":"fr-FR","potentialAction":[{"@type":"ReadAction","target":["https:\/\/lottohoy.com\/fr\/loterie\/lotto-fr\/"]}]},{"@type":"BreadcrumbList","@id":"https:\/\/lottohoy.com\/fr\/loterie\/lotto-fr\/#breadcrumb","itemListElement":[{"@type":"ListItem","position":1,"name":"Home","item":"https:\/\/lottohoy.com\/fr\/"},{"@type":"ListItem","position":2,"name":"Tout sur la loterie en ligne","item":"https:\/\/lottohoy.com\/fr\/loterie\/"},{"@type":"ListItem","position":3,"name":"Information sur loto francais (French Lotto)"}]},{"@type":"WebSite","@id":"https:\/\/lottohoy.com\/fr\/#website","url":"https:\/\/lottohoy.com\/fr\/","name":"Lottohoy","description":"","potentialAction":[{"@type":"SearchAction","target":{"@type":"EntryPoint","urlTemplate":"https:\/\/lottohoy.com\/fr\/?s={search_term_string}"},"query-input":{"@type":"PropertyValueSpecification","valueRequired":true,"valueName":"search_term_string"}}],"inLanguage":"fr-FR"}]}},"_links":{"self":[{"href":"https:\/\/lottohoy.com\/fr\/wp-json\/wp\/v2\/pages\/4048","targetHints":{"allow":["GET"]}}],"collection":[{"href":"https:\/\/lottohoy.com\/fr\/wp-json\/wp\/v2\/pages"}],"about":[{"href":"https:\/\/lottohoy.com\/fr\/wp-json\/wp\/v2\/types\/page"}],"author":[{"embeddable":true,"href":"https:\/\/lottohoy.com\/fr\/wp-json\/wp\/v2\/users\/2"}],"replies":[{"embeddable":true,"href":"https:\/\/lottohoy.com\/fr\/wp-json\/wp\/v2\/comments?post=4048"}],"version-history":[{"count":2,"href":"https:\/\/lottohoy.com\/fr\/wp-json\/wp\/v2\/pages\/4048\/revisions"}],"predecessor-version":[{"id":14867,"href":"https:\/\/lottohoy.com\/fr\/wp-json\/wp\/v2\/pages\/4048\/revisions\/14867"}],"up":[{"embeddable":true,"href":"https:\/\/lottohoy.com\/fr\/wp-json\/wp\/v2\/pages\/4040"}],"wp:attachment":[{"href":"https:\/\/lottohoy.com\/fr\/wp-json\/wp\/v2\/media?parent=4048"}],"curies":[{"name":"wp","href":"https:\/\/api.w.org\/{rel}","templated":true}]}}