{"id":4046,"date":"2018-05-03T14:23:33","date_gmt":"2018-05-03T13:23:33","guid":{"rendered":"https:\/\/www.lottohoy.com\/?page_id=4046"},"modified":"2025-03-25T12:20:43","modified_gmt":"2025-03-25T12:20:43","slug":"euromillions","status":"publish","type":"page","link":"https:\/\/lottohoy.com\/fr\/loterie\/euromillions\/","title":{"rendered":"Information sur EuroMillions"},"content":{"rendered":"<p><!--more--><\/p>\n<h2><strong>Qu&rsquo;est-ce que Euromillions ?<\/strong><\/h2>\n<p><strong>Euromillions<\/strong> est un <span style=\"color: #993366;\"><strong>jeu de loterie<\/strong><\/span> qui a lieu chaque mardi et vendredi \u00e0 21h30 \u00e0 Paris. C&rsquo;est la loterie la plus importante d&rsquo;Europe, car c&rsquo;est le jeu qui agglutine le plus de participants et qui distribue aussi les prix les plus \u00e9lev\u00e9s.<\/p>\n<p>Le premier tirage a eu lieu le 13 f\u00e9vrier 2004, et trois pays ont \u00e9t\u00e9 les principaux promoteurs de la loterie, \u00e0 savoir les agences de loterie du <strong>Royaume-Uni<\/strong> (Nattional Lottery), de <strong>France<\/strong> (La Fran\u00e7aise des Jeux) et <strong>d&rsquo;Espagne<\/strong> (Loter\u00edas y Apuestas del Estado). Quelques mois seulement apr\u00e8s ce premier tirage au sort, six autres pays se sont joints \u00e0 nous : <strong>l&rsquo;Autriche, la Belgique, l&rsquo;Irlande, le Luxembourg, le Portugal et la Suisse.<\/strong><\/p>\n<p>Nous parlons d&rsquo;une loterie vraiment jeune, comme il a \u00e9t\u00e9 \u00e9tabli d\u00e8s l&rsquo;entr\u00e9e de la <strong>monnaie de l&rsquo;UE Euro<\/strong> (\u20ac), bien que pendant plus d&rsquo;une d\u00e9cennie \u00e9tudiait la possibilit\u00e9 de cr\u00e9er une loterie commune pour les <strong>500 millions d&rsquo;habitants de l&rsquo;Union europ\u00e9enne.<\/strong><\/p>\n<p>Dans cette <strong>loterie Euromillions<\/strong>, un <strong>prix minimum de 20.000.000 \u20ac<\/strong> est garanti pour la premi\u00e8re cat\u00e9gorie de gagnants, et <del>un maximum de 190.000.000 \u20ac<\/del> <del>actuellement \u00e9tabli<\/del> (ce montant a \u00e9t\u00e9 attribu\u00e9 \u00e0 trois reprises \u00e0 ce jour).<\/p>\n<p>Le mardi 4 f\u00e9vrier 2020, de nouveaux changements concernant EuroMillions entreront en vigueur. Le plafond du montant du prix pour le niveau sup\u00e9rieur sera port\u00e9 \u00e0 <strong>200 millions d&rsquo;euros<\/strong>, avec un plafond progressif de 250 millions d&rsquo;euros. Des changements s&rsquo;appliquent \u00e9galement aux pourcentages des prix attribu\u00e9s aux cat\u00e9gories.<\/p>\n<h1><strong>Comment jouer \u00e0 Euromillions ?<\/strong><\/h1>\n<p>Il y a trois facteurs importants \u00e0 garder \u00e0 l&rsquo;esprit pour conna\u00eetre le jeu <strong>Euromillions<\/strong> : Les r\u00e8gles qui r\u00e9gissent le jeu, les cat\u00e9gories de prix, leur distribution et les \u00ab\u00a0jackpots\u00a0\u00bb.<\/p>\n<p>Essentiellement, il s&rsquo;agit de s\u00e9lectionner <strong>5 num\u00e9ros <\/strong>entre 1 et 50, et <strong>2 \u00e9toiles<\/strong> entre 1 et 12. plus nous obtenons de num\u00e9ros et d&rsquo;\u00e9toiles, plus notre prix sera grand.<\/p>\n<p>Lorsque vous <a href=\"https:\/\/lottohoy.com\/fr\/jouer\/euromillions\/\"><strong><span style=\"color: #993366;\">entrez dans la section Euromillions<\/span><\/strong><\/a>, vous verrez une rang\u00e9e compos\u00e9e de 5 colonnes, chacune compos\u00e9e de 50 carr\u00e9s num\u00e9rot\u00e9s de 1 \u00e0 50, et une deuxi\u00e8me partie compos\u00e9e de 12 carr\u00e9s (\u00e9toiles porte-bonheur) \u00e9galement num\u00e9rot\u00e9s de 1 \u00e0 12.<\/p>\n<p>Comme vous pouvez le voir, il y a d&rsquo;abord une ligne avec 5 colonnes de jeu pour faire nos paris, mais nous pouvons augmenter le nombre de lignes simplement en cliquant sur la case <strong>PLUS DE LIGNES<\/strong>.<\/p>\n<p>Dans chacun de ces tableaux ou lignes se trouve l&rsquo;endroit o\u00f9 nous devons faire nos pr\u00e9visions (5 chiffres et 2 \u00e9toiles). De plus, nous pouvons le faire manuellement en choisissant nos nombres pr\u00e9f\u00e9r\u00e9s ou de fa\u00e7on al\u00e9atoire en utilisant le bouton S\u00c9LECTION RAPIDE qui appara\u00eet au-dessus de chaque colonne.<\/p>\n<p>Une fois que vous aurez rempli tous les tickets que vous voulez jouer, vous pourrez consulter le montant total dans le coin inf\u00e9rieur droit. En cliquant sur la case CONTINUER, vous nous amenez \u00e0 <strong>confirmer la commande<\/strong> et \u00e0 effectuer le paiement, o\u00f9 vous pouvez choisir de le faire avec vos fonds d\u00e9j\u00e0 d\u00e9pos\u00e9s ou avec l&rsquo;une des plus de <strong>20 m\u00e9thodes de paiement<\/strong> que nous avons.<\/p>\n<h3><strong>Prix de pari Euromillions<\/strong><\/h3>\n<p>Le <strong>prix officiel<\/strong> de chaque pari varie en fonction du pays et de sa devise. Avoir une id\u00e9e approximative par rapport \u00e0 l&rsquo;Euro.<\/p>\n<p>Avec le montant de la <strong>mise Euromillions<\/strong>, dans certains des pays organisateurs de cette loterie, un compl\u00e9ment a \u00e9t\u00e9 \u00e9tabli : le Million.<\/p>\n<p>Ce tirage a lieu chaque semaine dans chacun de ces pays en achetant le pari le vendredi. Un <strong>code unique<\/strong> est fourni automatiquement, si le num\u00e9ro gagnant correspond \u00e0 votre billet, vous gagnerez <strong>1.000.000 \u20ac<\/strong>, que votre combinaison ait \u00e9t\u00e9 attribu\u00e9e ou non.<\/p>\n<h2><strong>Dessins sp\u00e9ciaux Euromillions<\/strong><\/h2>\n<p>Il existe des <strong>tirages compl\u00e9mentaires Euromillions<\/strong> qui ont lieu dans les diff\u00e9rents pays organisateurs. Dans certains cas avec le m\u00eame montant du pari d&rsquo;Euromillions, et dans d&rsquo;autres cas avec un prix s\u00e9par\u00e9.<\/p>\n<h3><strong>\u00ab\u00a0La pluie de millions\u00a0\u00bb<\/strong><\/h3>\n<p>La <strong>pluie Euromillions<\/strong> est une tombola dans laquelle tous les pays participant au tirage au sort jouent et cr\u00e9ent plusieurs millionnaires d&rsquo;une mani\u00e8re garantie en un seul tirage.<\/p>\n<p>Les gagnants seront choisis au hasard parmi tous les billets inscrits au tirage de cet \u00e9v\u00e9nement sp\u00e9cial qui aura lieu \u00e0 des occasions d\u00e9sign\u00e9es tout au long de l&rsquo;ann\u00e9e.<\/p>\n<h3><strong>Le \u00ab\u00a0Super Draw\u00a0\u00bb :<\/strong><\/h3>\n<p>C&rsquo;est \u00e0 ce moment que les organisations de loterie participantes d\u00e9cident d&rsquo;offrir un <strong>fonds sp\u00e9cial garanti <\/strong>pour la premi\u00e8re cat\u00e9gorie (jackpot), \u00e9tant en mesure d&rsquo;\u00eatre dans n&rsquo;importe quel tirage annonc\u00e9.<\/p>\n<p>S&rsquo;il n&rsquo;y a pas de gagnant de premi\u00e8re cat\u00e9gorie, le jackpot sera cumul\u00e9 pour le prochain tirage jusqu&rsquo;\u00e0 un <strong>maximum de 190.000.000 \u20ac.<\/strong><\/p>\n<h3><strong>Dessins sp\u00e9ciaux :\u00a0 <\/strong><\/h3>\n<p>Ces tirages, \u00e9galement appel\u00e9s \u00a0\u00bb Big Friday \u00ab\u00a0, sont des tirages au sort avec un jackpot minimum garanti de neuf chiffres et fonctionnent exactement selon les m\u00eames r\u00e8gles que les tirages au sort ordinaires.<\/p>\n<p>Le fonds du <strong>jackpot Euromillions Big Friday<\/strong> est constitu\u00e9 en recevant 4,8 % du Fonds commun des prix pour les premi\u00e8res accumulations apr\u00e8s que le jackpot ait recommenc\u00e9 avec le montant minimum garanti. Apr\u00e8s huit tirages par la suite, 21 % est vers\u00e9 au Fonds Booster.<\/p>\n<h2><strong>Les chances de gagner Euromillions<\/strong><\/h2>\n<p>Ci-dessous vous pouvez voir un tableau dans lequel nous avons compil\u00e9 toutes les chances de vous gagner un prix dans chacune des cat\u00e9gories. Combinez ces chances avec l&rsquo;\u00e9tude des derniers <a href=\"https:\/\/lottohoy.com\/fr\/resultats\/euromillions\/\"><span style=\"color: #993366;\"><strong>r\u00e9sultats de l&rsquo;Euromillions<\/strong><\/span><\/a> pour augmenter vos chances de gagner un prix.<\/p>\n<p><!--more--><\/p>\n","protected":false},"excerpt":{"rendered":"","protected":false},"author":2,"featured_media":0,"parent":4040,"menu_order":3,"comment_status":"closed","ping_status":"closed","template":"euromillions-at-info.php","meta":{"_et_pb_use_builder":"","_et_pb_old_content":"","_et_gb_content_width":"","exclude_from_search":false,"footnotes":""},"class_list":["post-4046","page","type-page","status-publish","hentry"],"yoast_head":"<!-- This site is optimized with the Yoast SEO plugin v23.7 - https:\/\/yoast.com\/wordpress\/plugins\/seo\/ -->\n<title>Toutes les informations sur Euromillions - LottoHoy.com<\/title>\n<meta name=\"description\" content=\"Euromillions est la loterie la plus importante d&#039;Europe, car c&#039;est le jeu qui rassemble le plus de participants et qui distribue les prix les plus \u00e9lev\u00e9s.\" \/>\n<meta name=\"robots\" content=\"index, follow, max-snippet:-1, max-image-preview:large, max-video-preview:-1\" \/>\n<link rel=\"canonical\" href=\"https:\/\/lottohoy.com\/fr\/loterie\/euromillions\/\" \/>\n<meta property=\"og:locale\" content=\"fr_FR\" \/>\n<meta property=\"og:type\" content=\"article\" \/>\n<meta property=\"og:title\" content=\"Toutes les informations sur Euromillions - LottoHoy.com\" \/>\n<meta property=\"og:description\" content=\"Euromillions est la loterie la plus importante d&#039;Europe, car c&#039;est le jeu qui rassemble le plus de participants et qui distribue les prix les plus \u00e9lev\u00e9s.\" \/>\n<meta property=\"og:url\" content=\"https:\/\/lottohoy.com\/fr\/loterie\/euromillions\/\" \/>\n<meta property=\"og:site_name\" content=\"Lottohoy\" \/>\n<meta property=\"article:modified_time\" content=\"2025-03-25T12:20:43+00:00\" \/>\n<meta name=\"twitter:card\" content=\"summary_large_image\" \/>\n<meta name=\"twitter:label1\" content=\"Dur\u00e9e de lecture estim\u00e9e\" \/>\n\t<meta name=\"twitter:data1\" content=\"4 minutes\" \/>\n<script type=\"application\/ld+json\" class=\"yoast-schema-graph\">{\"@context\":\"https:\/\/schema.org\",\"@graph\":[{\"@type\":\"WebPage\",\"@id\":\"https:\/\/lottohoy.com\/fr\/loterie\/euromillions\/\",\"url\":\"https:\/\/lottohoy.com\/fr\/loterie\/euromillions\/\",\"name\":\"Toutes les informations sur Euromillions - LottoHoy.com\",\"isPartOf\":{\"@id\":\"https:\/\/lottohoy.com\/fr\/#website\"},\"datePublished\":\"2018-05-03T13:23:33+00:00\",\"dateModified\":\"2025-03-25T12:20:43+00:00\",\"description\":\"Euromillions est la loterie la plus importante d'Europe, car c'est le jeu qui rassemble le plus de participants et qui distribue les prix les plus \u00e9lev\u00e9s.\",\"breadcrumb\":{\"@id\":\"https:\/\/lottohoy.com\/fr\/loterie\/euromillions\/#breadcrumb\"},\"inLanguage\":\"fr-FR\",\"potentialAction\":[{\"@type\":\"ReadAction\",\"target\":[\"https:\/\/lottohoy.com\/fr\/loterie\/euromillions\/\"]}]},{\"@type\":\"BreadcrumbList\",\"@id\":\"https:\/\/lottohoy.com\/fr\/loterie\/euromillions\/#breadcrumb\",\"itemListElement\":[{\"@type\":\"ListItem\",\"position\":1,\"name\":\"Home\",\"item\":\"https:\/\/lottohoy.com\/fr\/\"},{\"@type\":\"ListItem\",\"position\":2,\"name\":\"Tout sur la loterie en ligne\",\"item\":\"https:\/\/lottohoy.com\/fr\/loterie\/\"},{\"@type\":\"ListItem\",\"position\":3,\"name\":\"Information sur EuroMillions\"}]},{\"@type\":\"WebSite\",\"@id\":\"https:\/\/lottohoy.com\/fr\/#website\",\"url\":\"https:\/\/lottohoy.com\/fr\/\",\"name\":\"Lottohoy\",\"description\":\"\",\"potentialAction\":[{\"@type\":\"SearchAction\",\"target\":{\"@type\":\"EntryPoint\",\"urlTemplate\":\"https:\/\/lottohoy.com\/fr\/?s={search_term_string}\"},\"query-input\":{\"@type\":\"PropertyValueSpecification\",\"valueRequired\":true,\"valueName\":\"search_term_string\"}}],\"inLanguage\":\"fr-FR\"}]}<\/script>\n<!-- \/ Yoast SEO plugin. -->","yoast_head_json":{"title":"Toutes les informations sur Euromillions - LottoHoy.com","description":"Euromillions est la loterie la plus importante d'Europe, car c'est le jeu qui rassemble le plus de participants et qui distribue les prix les plus \u00e9lev\u00e9s.","robots":{"index":"index","follow":"follow","max-snippet":"max-snippet:-1","max-image-preview":"max-image-preview:large","max-video-preview":"max-video-preview:-1"},"canonical":"https:\/\/lottohoy.com\/fr\/loterie\/euromillions\/","og_locale":"fr_FR","og_type":"article","og_title":"Toutes les informations sur Euromillions - LottoHoy.com","og_description":"Euromillions est la loterie la plus importante d'Europe, car c'est le jeu qui rassemble le plus de participants et qui distribue les prix les plus \u00e9lev\u00e9s.","og_url":"https:\/\/lottohoy.com\/fr\/loterie\/euromillions\/","og_site_name":"Lottohoy","article_modified_time":"2025-03-25T12:20:43+00:00","twitter_card":"summary_large_image","twitter_misc":{"Dur\u00e9e de lecture estim\u00e9e":"4 minutes"},"schema":{"@context":"https:\/\/schema.org","@graph":[{"@type":"WebPage","@id":"https:\/\/lottohoy.com\/fr\/loterie\/euromillions\/","url":"https:\/\/lottohoy.com\/fr\/loterie\/euromillions\/","name":"Toutes les informations sur Euromillions - LottoHoy.com","isPartOf":{"@id":"https:\/\/lottohoy.com\/fr\/#website"},"datePublished":"2018-05-03T13:23:33+00:00","dateModified":"2025-03-25T12:20:43+00:00","description":"Euromillions est la loterie la plus importante d'Europe, car c'est le jeu qui rassemble le plus de participants et qui distribue les prix les plus \u00e9lev\u00e9s.","breadcrumb":{"@id":"https:\/\/lottohoy.com\/fr\/loterie\/euromillions\/#breadcrumb"},"inLanguage":"fr-FR","potentialAction":[{"@type":"ReadAction","target":["https:\/\/lottohoy.com\/fr\/loterie\/euromillions\/"]}]},{"@type":"BreadcrumbList","@id":"https:\/\/lottohoy.com\/fr\/loterie\/euromillions\/#breadcrumb","itemListElement":[{"@type":"ListItem","position":1,"name":"Home","item":"https:\/\/lottohoy.com\/fr\/"},{"@type":"ListItem","position":2,"name":"Tout sur la loterie en ligne","item":"https:\/\/lottohoy.com\/fr\/loterie\/"},{"@type":"ListItem","position":3,"name":"Information sur EuroMillions"}]},{"@type":"WebSite","@id":"https:\/\/lottohoy.com\/fr\/#website","url":"https:\/\/lottohoy.com\/fr\/","name":"Lottohoy","description":"","potentialAction":[{"@type":"SearchAction","target":{"@type":"EntryPoint","urlTemplate":"https:\/\/lottohoy.com\/fr\/?s={search_term_string}"},"query-input":{"@type":"PropertyValueSpecification","valueRequired":true,"valueName":"search_term_string"}}],"inLanguage":"fr-FR"}]}},"_links":{"self":[{"href":"https:\/\/lottohoy.com\/fr\/wp-json\/wp\/v2\/pages\/4046","targetHints":{"allow":["GET"]}}],"collection":[{"href":"https:\/\/lottohoy.com\/fr\/wp-json\/wp\/v2\/pages"}],"about":[{"href":"https:\/\/lottohoy.com\/fr\/wp-json\/wp\/v2\/types\/page"}],"author":[{"embeddable":true,"href":"https:\/\/lottohoy.com\/fr\/wp-json\/wp\/v2\/users\/2"}],"replies":[{"embeddable":true,"href":"https:\/\/lottohoy.com\/fr\/wp-json\/wp\/v2\/comments?post=4046"}],"version-history":[{"count":2,"href":"https:\/\/lottohoy.com\/fr\/wp-json\/wp\/v2\/pages\/4046\/revisions"}],"predecessor-version":[{"id":16782,"href":"https:\/\/lottohoy.com\/fr\/wp-json\/wp\/v2\/pages\/4046\/revisions\/16782"}],"up":[{"embeddable":true,"href":"https:\/\/lottohoy.com\/fr\/wp-json\/wp\/v2\/pages\/4040"}],"wp:attachment":[{"href":"https:\/\/lottohoy.com\/fr\/wp-json\/wp\/v2\/media?parent=4046"}],"curies":[{"name":"wp","href":"https:\/\/api.w.org\/{rel}","templated":true}]}}