{"id":4044,"date":"2018-05-03T14:23:33","date_gmt":"2018-05-03T13:23:33","guid":{"rendered":"https:\/\/www.lottohoy.com\/?page_id=4044"},"modified":"2025-02-13T11:46:25","modified_gmt":"2025-02-13T11:46:25","slug":"eurojackpot","status":"publish","type":"page","link":"https:\/\/lottohoy.com\/fr\/loterie\/eurojackpot\/","title":{"rendered":"Information sur Eurojackpot"},"content":{"rendered":"<p><!--more--><\/p>\n<p>Le jeu Eurojackpot a lieu depuis 2012 et 17 pays europ\u00e9ens y participent. Le tirage au sort a lieu tous les mardis et vendredis ;Vous pouvez acheter des billets physiquement et en ligne en jouant avec nous.<\/p>\n<h2><strong>Eurojackpot Loterie de la ONCE<\/strong><\/h2>\n<p>La <strong>loterie Eurojackpot<\/strong> en Espagne, est g\u00e9n\u00e9ralement associ\u00e9e \u00e0 la ONCE (<em>Organisation Nationale des Aveugles en Espagne<\/em>) pour \u00eatre l&rsquo;une des agences participantes \u00e0 cette loterie.<\/p>\n<p>En 2005, et \u00e0 la suite de l&rsquo;\u00e9norme succ\u00e8s qui a atteint la <a href=\"https:\/\/lottohoy.com\/fr\/jouer\/euromillions\/\"><span style=\"color: #993366;\"><strong>loterie Euromillions<\/strong><\/span><\/a>, a commenc\u00e9 \u00e0 germer la possibilit\u00e9 de cr\u00e9er une nouvelle loterie de caract\u00e8re europ\u00e9en.<\/p>\n<p>Mais ce n&rsquo;est qu&rsquo;en 2011 qu&rsquo;un accord final a \u00e9t\u00e9 conclu pour lancer le jeu.<\/p>\n<p>Les pays qui ont initialement sign\u00e9 l&rsquo;accord \u00e9taient l&rsquo;Allemagne, le Danemark, l&rsquo;Estonie, la Slov\u00e9nie, la Finlande et les Pays-Bas. Par la suite, l&rsquo;Italie a adh\u00e9r\u00e9, et ce n&rsquo;est que le 30 juin 2012 que l&rsquo;Espagne a rejoint la main de la ONCE.<\/p>\n<p>En f\u00e9vrier 2013, la Croatie, l&rsquo;Islande, la Lettonie, la Lituanie, la Norv\u00e8ge, l&rsquo;Islande, la Lituanie et la Su\u00e8de participeront \u00e0 l&rsquo;organisation. En Octobre 2014 sont la Hongrie et la R\u00e9publique tch\u00e8que, en 2015 la Slovaquie et enfin en 2017 la Pologne, pour compl\u00e9ter les <strong>18 pays participant \u00e0 Eurojackpot<\/strong>.<\/p>\n<p>Comme Euromillions, cette loterie diff\u00e8re principalement parce qu&rsquo;elle limite le <strong>jackpot maximum \u00e0 90 millions<\/strong> d&rsquo;euros, contrairement \u00e0 EuroMillions qui fixe son plafond \u00e0 190 millions d&rsquo;euros.<\/p>\n<p>Cependant, les chances de gagner un premier prix dans Eurojackpot sont plus \u00e9lev\u00e9es que dans Euromillions et m\u00eame d&rsquo;autres loteries.<\/p>\n<h2><strong>Quels jours joue EuroJackpot ?<\/strong><\/h2>\n<p>Le <strong>tirage de l&rsquo;EuroJackpot<\/strong> a lieu tous les mardis et vendredis \u00e0 21h00 GTM de la ville d&rsquo;Helsinki. En Espagne, elle est diffus\u00e9e en diff\u00e9r\u00e9 le vendredi \u00e0 partir de 22h15.<\/p>\n<h2><strong>Prix Eurojackpot<\/strong><\/h2>\n<p>Le <strong>prix officiel<\/strong> de chaque billet Eurojackpot dans 16 des 18 pays qui font partie de cette loterie europ\u00e9enne est de 3,95 \u20ac (en Islande et en Norv\u00e8ge, ce prix est calcul\u00e9 dans leurs devises respectives).<\/p>\n<p>Sur LottoHoy.com, vous pouvez <a href=\"https:\/\/lottohoy.com\/fr\/jouer\/eurojackpot\/\"><span style=\"color: #993366;\"><strong>jouer \u00e0 l&rsquo;Eurojackpot<\/strong><\/span><\/a> \u00e0 partir de 3,5\u20ac, (<em>peut-\u00eatre le prix le plus bas par rapport aux autres plateformes de lo\u00e9sie en ligne<\/em>).<\/p>\n<p>La diff\u00e9rence entre le prix officiel du billet et le prix propos\u00e9 en ligne, est principalement due aux <strong>frais de gestion<\/strong> li\u00e9s \u00e0 l&rsquo;achat, lorsqu&rsquo;il est effectu\u00e9 en dehors des pays organisateurs, et aux services suppl\u00e9mentaires offerts par les plateformes de <span style=\"color: #993366;\"><strong>loterie en ligne<\/strong><\/span>.<\/p>\n<h3><strong>Eurojackpot : jackpot et cotes contre les autres loteries.<\/strong><\/h3>\n<p>Dans la bo\u00eete ci-dessous, nous pouvons voir une comparaison entre <strong>l&rsquo;Eurojackpot<\/strong> et les loteries les plus populaires : le prix des billets en achat physique dans le pays d&rsquo;origine, le co\u00fbt d&rsquo;achat en ligne et les chances d&rsquo;obtenir le prix ou le jackpot de premi\u00e8re cat\u00e9gorie dans chaque loterie, vous pouvez donc d\u00e9cider quelle loterie vous convient le mieux.<\/p>\n<table style=\"height: 696px;\" width=\"584\">\n<tbody>\n<tr style=\"height: 64px;\">\n<td style=\"text-align: center; height: 64px; width: 112.78125px;\"><span style=\"color: #993366;\"><strong>Loterie<\/strong><\/span><\/td>\n<td style=\"text-align: center; height: 64px; width: 67.09375px;\"><span style=\"color: #993366;\"><strong>Prix<\/strong><\/span><\/td>\n<td style=\"text-align: center; height: 64px; width: 95.515625px;\"><span style=\"color: #993366;\"><strong>Prix in ligne<\/strong><\/span><\/td>\n<td style=\"text-align: center; height: 64px; width: 124.609375px;\"><span style=\"color: #993366;\"><strong>Jackpot<\/strong><\/span><\/td>\n<td style=\"text-align: center; height: 64px; width: 170.03125px;\"><span style=\"color: #993366;\"><strong>Probabilit\u00e9s<\/strong><\/span><\/td>\n<\/tr>\n<tr style=\"height: 64px;\">\n<td style=\"height: 64px; width: 112.78125px;\">Eurojackpot<\/td>\n<td style=\"text-align: center; height: 64px; width: 67.09375px;\">2,00 \u20ac<\/td>\n<td style=\"text-align: center; height: 64px; width: 95.515625px;\">3,95 \u20ac<\/td>\n<td style=\"text-align: center; height: 64px; width: 124.609375px;\">120.000.000 \u20ac<\/td>\n<td style=\"text-align: center; height: 64px; width: 170.03125px;\">1 sur 95.344.200<\/td>\n<\/tr>\n<tr style=\"height: 64px;\">\n<td style=\"height: 64px; width: 112.78125px;\">Euromillones<\/td>\n<td style=\"text-align: center; height: 64px; width: 67.09375px;\">2,50 \u20ac<\/td>\n<td style=\"text-align: center; height: 64px; width: 95.515625px;\">3,95 \u20ac<\/td>\n<td style=\"text-align: center; height: 64px; width: 124.609375px;\">250.000.000 \u20ac<\/td>\n<td style=\"text-align: center; height: 64px; width: 170.03125px;\">1 sur 139.838.160<\/td>\n<\/tr>\n<tr style=\"height: 64px;\">\n<td style=\"height: 64px; width: 112.78125px;\">SuperEnalotto<\/td>\n<td style=\"text-align: center; height: 64px; width: 67.09375px;\">1,00 \u20ac<\/td>\n<td style=\"text-align: center; height: 64px; width: 95.515625px;\">3,00 \u20ac<\/td>\n<td style=\"text-align: center; height: 64px; width: 124.609375px;\">sans limite<\/td>\n<td style=\"text-align: center; height: 64px; width: 170.03125px;\">1 sur 622.614.630<\/td>\n<\/tr>\n<tr style=\"height: 64px;\">\n<td style=\"height: 64px; width: 112.78125px;\">PowerBall US<\/td>\n<td style=\"text-align: center; height: 64px; width: 67.09375px;\">2,00 $<\/td>\n<td style=\"text-align: center; height: 64px; width: 95.515625px;\">3,95 \u20ac<\/td>\n<td style=\"text-align: center; height: 64px; width: 124.609375px;\">sans limite<\/td>\n<td style=\"text-align: center; height: 64px; width: 170.03125px;\">1 sur 292.201.338<\/td>\n<\/tr>\n<tr style=\"height: 64px;\">\n<td style=\"height: 64px; width: 112.78125px;\">MegaMillions<\/td>\n<td style=\"text-align: center; height: 64px; width: 67.09375px;\">2,00 $<\/td>\n<td style=\"text-align: center; height: 64px; width: 95.515625px;\">3,095\u20ac<\/td>\n<td style=\"text-align: center; height: 64px; width: 124.609375px;\">sans limite<\/td>\n<td style=\"text-align: center; height: 64px; width: 170.03125px;\">1 sur 302.575.350<\/td>\n<\/tr>\n<tr style=\"height: 64px;\">\n<td style=\"height: 64px; width: 112.78125px;\">La Primitiva<\/td>\n<td style=\"text-align: center; height: 64px; width: 67.09375px;\">1,00 \u20ac<\/td>\n<td style=\"text-align: center; height: 64px; width: 95.515625px;\">2,00 \u20ac<\/td>\n<td style=\"text-align: center; height: 64px; width: 124.609375px;\">sans limite<\/td>\n<td style=\"text-align: center; height: 64px; width: 170.03125px;\">1 sur 139.838.160<\/td>\n<\/tr>\n<tr style=\"height: 64px;\">\n<td style=\"height: 64px; width: 112.78125px;\">PowerBall AU<\/td>\n<td style=\"text-align: center; height: 64px; width: 67.09375px;\">1,20 $<\/td>\n<td style=\"text-align: center; height: 64px; width: 95.515625px;\">2,00 \u20ac<\/td>\n<td style=\"text-align: center; height: 64px; width: 124.609375px;\">sans limite<\/td>\n<td style=\"text-align: center; height: 64px; width: 170.03125px;\">1 sur 134.490.400<\/td>\n<\/tr>\n<tr style=\"height: 64px;\">\n<td style=\"height: 64px; width: 112.78125px;\">UK Lottery<\/td>\n<td style=\"text-align: center; height: 64px; width: 67.09375px;\">2,00 \u00a3<\/td>\n<td style=\"text-align: center; height: 64px; width: 95.515625px;\">4,75 \u20ac<\/td>\n<td style=\"text-align: center; height: 64px; width: 124.609375px;\">22.000.000 \u00a3<\/td>\n<td style=\"text-align: center; height: 64px; width: 170.03125px;\">1 sur 45.057.474<\/td>\n<\/tr>\n<tr style=\"height: 99.3438px;\">\n<td style=\"height: 99.3438px; width: 112.78125px;\">French Lotto<\/td>\n<td style=\"text-align: center; height: 99.3438px; width: 67.09375px;\">2,20 \u20ac<\/td>\n<td style=\"text-align: center; height: 99.3438px; width: 95.515625px;\">3,50 \u20ac<\/td>\n<td style=\"text-align: center; height: 99.3438px; width: 124.609375px;\">\u00a0Jackpot jusqu&rsquo;\u00e0 34 cumuls<\/td>\n<td style=\"text-align: center; height: 99.3438px; width: 170.03125px;\">1 sur 19.068.840<\/td>\n<\/tr>\n<\/tbody>\n<\/table>\n<p>Comme vous pouvez le voir, <strong>les chances de gagner le jackpot Eurojackpot<\/strong> sont meilleures que dans les autres loteries. C&rsquo;est pourquoi l&rsquo;Eurojackpot a acquis tant de renomm\u00e9e parmi les amateurs de loterie.<\/p>\n<h2><strong>Avantages de jouer \u00e0 Eurojackpot en ligne<\/strong><\/h2>\n<ul>\n<li><strong>Confort<\/strong> : Et facilit\u00e9 d&rsquo;acquisition d&rsquo;Eurojackpot gr\u00e2ce \u00e0 des protocoles s\u00e9curis\u00e9s impl\u00e9ment\u00e9s dans LottoHoy.com<\/li>\n<li><strong>Disponibilit\u00e9 totale<\/strong> : Ouvert 24\/7, 365 jours par an. A partir de n&rsquo;importe quel endroit o\u00f9 une connexion Internet est disponible, pour les appareils mobiles, les tablettes ou les ordinateurs de bureau.<\/li>\n<li><strong>Informations ponctuelles<\/strong>: <a href=\"https:\/\/lottohoy.com\/fr\/resultats\/eurojackpot\/\"><span style=\"color: #993366;\"><strong>R\u00e9sultats Eurojackpot<\/strong><\/span><\/a>, promotions, jackpots accumul\u00e9s et nouveaux tirages.<\/li>\n<li>Entr\u00e9e imm\u00e9diate des prix : Tous les prix sont automatiquement inscrits dans le compte de l&rsquo;utilisateur et\/ou il est indiqu\u00e9 comment proc\u00e9der.<\/li>\n<li><strong>Contr\u00f4le total<\/strong> : Gr\u00e2ce au compte utilisateur, \u00eatre toujours en mesure de voir l&rsquo;\u00e9tat des comptes, les mouvements de revenus, les paiements, les prix, etc &#8230;.<\/li>\n<li><strong>Modes de paiement<\/strong> : Large \u00e9ventail de moyens de paiement, tant pour effectuer des d\u00e9p\u00f4ts que des retraits.<\/li>\n<li><strong>Support<\/strong> : Une \u00e9quipe de professionnels pour vous aider \u00e0 r\u00e9soudre n&rsquo;importe quelle situation.<\/li>\n<li><strong>L&rsquo;actualit\u00e9<\/strong> du jeu Eurojackpot.<\/li>\n<li><strong>Extras<\/strong> : Participation aux tirages et bonus cr\u00e9\u00e9s par LottoHoy.com.<\/li>\n<\/ul>\n<h2><strong>P<\/strong><strong>robabilit\u00e9s<\/strong> <strong>de gagner un prix \u00e0 Eurojackpot<\/strong><\/h2>\n<p>Nous avons compil\u00e9 la probabilit\u00e9 r\u00e9elle de gagner dans chacune des <strong>cat\u00e9gories de prix<\/strong> <strong>dans Eurojackpot<\/strong>. Vous pouvez \u00e9galement voir le pourcentage du montant du prix qui est distribu\u00e9 et le prix estim\u00e9 \u00e0 chaque niveau.<\/p>\n","protected":false},"excerpt":{"rendered":"","protected":false},"author":2,"featured_media":0,"parent":4040,"menu_order":4,"comment_status":"closed","ping_status":"closed","template":"eurojackpot-info.php","meta":{"_et_pb_use_builder":"","_et_pb_old_content":"","_et_gb_content_width":"","exclude_from_search":false,"footnotes":""},"class_list":["post-4044","page","type-page","status-publish","hentry"],"yoast_head":"<!-- This site is optimized with the Yoast SEO plugin v23.7 - https:\/\/yoast.com\/wordpress\/plugins\/seo\/ -->\n<title>Eurojackpot Online - Tarifs, Prix, Actualit\u00e9s - LottoHoy.com<\/title>\n<meta name=\"description\" content=\"D\u00e9couvrez l&#039;Eurojackpot, l&#039;une des loteries les plus populaires. Vous pouvez maintenant acheter vos billets en ligne en jouant avec nous.\" \/>\n<meta name=\"robots\" content=\"index, follow, max-snippet:-1, max-image-preview:large, max-video-preview:-1\" \/>\n<link rel=\"canonical\" href=\"https:\/\/lottohoy.com\/fr\/loterie\/eurojackpot\/\" \/>\n<meta property=\"og:locale\" content=\"fr_FR\" \/>\n<meta property=\"og:type\" content=\"article\" \/>\n<meta property=\"og:title\" content=\"Eurojackpot Online - Tarifs, Prix, Actualit\u00e9s - LottoHoy.com\" \/>\n<meta property=\"og:description\" content=\"D\u00e9couvrez l&#039;Eurojackpot, l&#039;une des loteries les plus populaires. Vous pouvez maintenant acheter vos billets en ligne en jouant avec nous.\" \/>\n<meta property=\"og:url\" content=\"https:\/\/lottohoy.com\/fr\/loterie\/eurojackpot\/\" \/>\n<meta property=\"og:site_name\" content=\"Lottohoy\" \/>\n<meta property=\"article:modified_time\" content=\"2025-02-13T11:46:25+00:00\" \/>\n<meta name=\"twitter:card\" content=\"summary_large_image\" \/>\n<meta name=\"twitter:label1\" content=\"Dur\u00e9e de lecture estim\u00e9e\" \/>\n\t<meta name=\"twitter:data1\" content=\"4 minutes\" \/>\n<script type=\"application\/ld+json\" class=\"yoast-schema-graph\">{\"@context\":\"https:\/\/schema.org\",\"@graph\":[{\"@type\":\"WebPage\",\"@id\":\"https:\/\/lottohoy.com\/fr\/loterie\/eurojackpot\/\",\"url\":\"https:\/\/lottohoy.com\/fr\/loterie\/eurojackpot\/\",\"name\":\"Eurojackpot Online - Tarifs, Prix, Actualit\u00e9s - LottoHoy.com\",\"isPartOf\":{\"@id\":\"https:\/\/lottohoy.com\/fr\/#website\"},\"datePublished\":\"2018-05-03T13:23:33+00:00\",\"dateModified\":\"2025-02-13T11:46:25+00:00\",\"description\":\"D\u00e9couvrez l'Eurojackpot, l'une des loteries les plus populaires. Vous pouvez maintenant acheter vos billets en ligne en jouant avec nous.\",\"breadcrumb\":{\"@id\":\"https:\/\/lottohoy.com\/fr\/loterie\/eurojackpot\/#breadcrumb\"},\"inLanguage\":\"fr-FR\",\"potentialAction\":[{\"@type\":\"ReadAction\",\"target\":[\"https:\/\/lottohoy.com\/fr\/loterie\/eurojackpot\/\"]}]},{\"@type\":\"BreadcrumbList\",\"@id\":\"https:\/\/lottohoy.com\/fr\/loterie\/eurojackpot\/#breadcrumb\",\"itemListElement\":[{\"@type\":\"ListItem\",\"position\":1,\"name\":\"Home\",\"item\":\"https:\/\/lottohoy.com\/fr\/\"},{\"@type\":\"ListItem\",\"position\":2,\"name\":\"Tout sur la loterie en ligne\",\"item\":\"https:\/\/lottohoy.com\/fr\/loterie\/\"},{\"@type\":\"ListItem\",\"position\":3,\"name\":\"Information sur Eurojackpot\"}]},{\"@type\":\"WebSite\",\"@id\":\"https:\/\/lottohoy.com\/fr\/#website\",\"url\":\"https:\/\/lottohoy.com\/fr\/\",\"name\":\"Lottohoy\",\"description\":\"\",\"potentialAction\":[{\"@type\":\"SearchAction\",\"target\":{\"@type\":\"EntryPoint\",\"urlTemplate\":\"https:\/\/lottohoy.com\/fr\/?s={search_term_string}\"},\"query-input\":{\"@type\":\"PropertyValueSpecification\",\"valueRequired\":true,\"valueName\":\"search_term_string\"}}],\"inLanguage\":\"fr-FR\"}]}<\/script>\n<!-- \/ Yoast SEO plugin. -->","yoast_head_json":{"title":"Eurojackpot Online - Tarifs, Prix, Actualit\u00e9s - LottoHoy.com","description":"D\u00e9couvrez l'Eurojackpot, l'une des loteries les plus populaires. Vous pouvez maintenant acheter vos billets en ligne en jouant avec nous.","robots":{"index":"index","follow":"follow","max-snippet":"max-snippet:-1","max-image-preview":"max-image-preview:large","max-video-preview":"max-video-preview:-1"},"canonical":"https:\/\/lottohoy.com\/fr\/loterie\/eurojackpot\/","og_locale":"fr_FR","og_type":"article","og_title":"Eurojackpot Online - Tarifs, Prix, Actualit\u00e9s - LottoHoy.com","og_description":"D\u00e9couvrez l'Eurojackpot, l'une des loteries les plus populaires. Vous pouvez maintenant acheter vos billets en ligne en jouant avec nous.","og_url":"https:\/\/lottohoy.com\/fr\/loterie\/eurojackpot\/","og_site_name":"Lottohoy","article_modified_time":"2025-02-13T11:46:25+00:00","twitter_card":"summary_large_image","twitter_misc":{"Dur\u00e9e de lecture estim\u00e9e":"4 minutes"},"schema":{"@context":"https:\/\/schema.org","@graph":[{"@type":"WebPage","@id":"https:\/\/lottohoy.com\/fr\/loterie\/eurojackpot\/","url":"https:\/\/lottohoy.com\/fr\/loterie\/eurojackpot\/","name":"Eurojackpot Online - Tarifs, Prix, Actualit\u00e9s - LottoHoy.com","isPartOf":{"@id":"https:\/\/lottohoy.com\/fr\/#website"},"datePublished":"2018-05-03T13:23:33+00:00","dateModified":"2025-02-13T11:46:25+00:00","description":"D\u00e9couvrez l'Eurojackpot, l'une des loteries les plus populaires. Vous pouvez maintenant acheter vos billets en ligne en jouant avec nous.","breadcrumb":{"@id":"https:\/\/lottohoy.com\/fr\/loterie\/eurojackpot\/#breadcrumb"},"inLanguage":"fr-FR","potentialAction":[{"@type":"ReadAction","target":["https:\/\/lottohoy.com\/fr\/loterie\/eurojackpot\/"]}]},{"@type":"BreadcrumbList","@id":"https:\/\/lottohoy.com\/fr\/loterie\/eurojackpot\/#breadcrumb","itemListElement":[{"@type":"ListItem","position":1,"name":"Home","item":"https:\/\/lottohoy.com\/fr\/"},{"@type":"ListItem","position":2,"name":"Tout sur la loterie en ligne","item":"https:\/\/lottohoy.com\/fr\/loterie\/"},{"@type":"ListItem","position":3,"name":"Information sur Eurojackpot"}]},{"@type":"WebSite","@id":"https:\/\/lottohoy.com\/fr\/#website","url":"https:\/\/lottohoy.com\/fr\/","name":"Lottohoy","description":"","potentialAction":[{"@type":"SearchAction","target":{"@type":"EntryPoint","urlTemplate":"https:\/\/lottohoy.com\/fr\/?s={search_term_string}"},"query-input":{"@type":"PropertyValueSpecification","valueRequired":true,"valueName":"search_term_string"}}],"inLanguage":"fr-FR"}]}},"_links":{"self":[{"href":"https:\/\/lottohoy.com\/fr\/wp-json\/wp\/v2\/pages\/4044","targetHints":{"allow":["GET"]}}],"collection":[{"href":"https:\/\/lottohoy.com\/fr\/wp-json\/wp\/v2\/pages"}],"about":[{"href":"https:\/\/lottohoy.com\/fr\/wp-json\/wp\/v2\/types\/page"}],"author":[{"embeddable":true,"href":"https:\/\/lottohoy.com\/fr\/wp-json\/wp\/v2\/users\/2"}],"replies":[{"embeddable":true,"href":"https:\/\/lottohoy.com\/fr\/wp-json\/wp\/v2\/comments?post=4044"}],"version-history":[{"count":5,"href":"https:\/\/lottohoy.com\/fr\/wp-json\/wp\/v2\/pages\/4044\/revisions"}],"predecessor-version":[{"id":14817,"href":"https:\/\/lottohoy.com\/fr\/wp-json\/wp\/v2\/pages\/4044\/revisions\/14817"}],"up":[{"embeddable":true,"href":"https:\/\/lottohoy.com\/fr\/wp-json\/wp\/v2\/pages\/4040"}],"wp:attachment":[{"href":"https:\/\/lottohoy.com\/fr\/wp-json\/wp\/v2\/media?parent=4044"}],"curies":[{"name":"wp","href":"https:\/\/api.w.org\/{rel}","templated":true}]}}