{"id":4040,"date":"2018-05-03T14:23:32","date_gmt":"2018-05-03T13:23:32","guid":{"rendered":"https:\/\/www.lottohoy.com\/?page_id=4040"},"modified":"2025-02-12T11:36:23","modified_gmt":"2025-02-12T11:36:23","slug":"loterie","status":"publish","type":"page","link":"https:\/\/lottohoy.com\/fr\/loterie\/","title":{"rendered":"Tout sur la loterie en ligne"},"content":{"rendered":"<p>Les temps passent, les traditions sont d\u00e9pass\u00e9es par les innovations, tout change, tout est plus rapide et plus facile, vous allez plus loin et vous en profitez mieux. Et la loterie n&rsquo;allait pas \u00eatre moins, aujourd&rsquo;hui <a href=\"https:\/\/lottohoy.com\/fr\/jouer\/\"><span style=\"color: #993366;\"><strong>jouer \u00e0 la loterie en ligne<\/strong><\/span><\/a> est accessible \u00e0 tous et partout dans le monde par le biais de l&rsquo;Internet.<\/p>\n<p><!--more--><\/p>\n<h2><strong>Qu&rsquo;est-ce que la loterie en ligne ?<\/strong><\/h2>\n<p>La <strong>loterie en ligne<\/strong> est toujours la loterie \u00ab\u00a0toujours\u00a0\u00bb, mais faire l&rsquo;achat par Internet, de sorte que vous pouvez jouer de n&rsquo;importe quel point dans la g\u00e9ographie \u00e0 presque toutes les loteries dans le monde.<\/p>\n<p>Quel que soit le pays dans lequel vous vous trouvez, vous pouvez jouer \u00e0 la loterie \u00e0 l&rsquo;autre bout du monde. M\u00eames prix, m\u00eames possibilit\u00e9s pour tous. Un joueur des Philippines peut acheter la loterie am\u00e9ricaine <a href=\"https:\/\/lottohoy.com\/fr\/jouer\/mega-millions\/\"><span style=\"color: #993366;\"><strong>MegaMillions<\/strong>,<\/span><\/a> et un Canadien peut acheter les <a href=\"https:\/\/lottohoy.com\/fr\/jouer\/euromillions\/\"><span style=\"color: #993366;\"><strong>Euromillions<\/strong><\/span><\/a>.<\/p>\n<h2><strong>Puis-je acheter des billets de loterie en ligne ?<\/strong><\/h2>\n<p>Bien s\u00fbr et d&rsquo;une mani\u00e8re simple. Il vous suffit de vous <a href=\"https:\/\/lottohoy.com\/fr\/auth\/inscription-ouvrez-votre-compte-joueur\/\"><span style=\"color: #993366;\"><strong>inscrire sur LottoHoy<\/strong><\/span><\/a> via votre mobile, votre ordinateur portable ou votre ordinateur de bureau et de commencer \u00e0 jouer \u00e0 vos jeux pr\u00e9f\u00e9r\u00e9s.<\/p>\n<h2><strong>Comment parier sur la loterie en ligne ?<\/strong><\/h2>\n<p>Lorsque vous entrez dans LottoHoy, vous n&rsquo;avez qu&rsquo;\u00e0 choisir la ou les loteries sur lesquelles vous voulez faire l&rsquo;achat. Suivez les instructions indiqu\u00e9es pour marquer la combinaison et compl\u00e9ter les colonnes d\u00e9sir\u00e9es et effectuer le paiement avec l&rsquo;un des diff\u00e9rents modes de paiement que nous proposons.<\/p>\n<h2><strong>Comment gagner \u00e0 la loterie ?<\/strong><\/h2>\n<p>Si la combinaison de num\u00e9ros ou de balles choisie co\u00efncide totalement ou partiellement avec le <a href=\"https:\/\/lottohoy.com\/fr\/resultats\/\"><span style=\"color: #993366;\"><strong>r\u00e9sultat officiel de la loterie<\/strong><\/span><\/a> \u00e0 laquelle vous participez, le ou les prix correspondants sont inscrits directement sur le compte utilisateur et sont disponibles d\u00e8s ce moment.<\/p>\n<h2><strong>Quelle est la meilleure loterie en ligne ?<\/strong><\/h2>\n<p>Chaque loterie a ses avantages, il vous suffit de trouver celle qui offre les caract\u00e9ristiques que vous recherchez.<\/p>\n<p>Il y a des<strong> loteries<\/strong> qui ont un super prix pour les gagnants de la premi\u00e8re cat\u00e9gorie, dans lesquelles il y a parfois eu des <a href=\"https:\/\/lottohoy.com\/fr\/jackpots-de-loterie\/\"><span style=\"color: #993366;\"><strong>jackpots accumul\u00e9s<\/strong><\/span><\/a> lors de tirages pr\u00e9c\u00e9dents sans gagnant et qui atteignent des montants allant jusqu&rsquo;\u00e0 10 chiffres (l<del>e plus gros jackpot attribu\u00e9 \u00e0 ce jour \u00e9tait de <strong>1.500 millions<\/strong> de dollars<\/del>).C&rsquo;\u00e9tait en octobre 2023, mais aujourd&rsquo;hui ce chiffre a \u00e9t\u00e9 d\u00e9pass\u00e9 \u00e0 2 reprises, les deux loteries am\u00e9ricaines \u00e9tant celles qui d\u00e9tiennent les plus gros prix jusqu&rsquo;\u00e0 aujourd&rsquo;hui, premier jour de l&rsquo;ann\u00e9e 2025.<br \/>\n<strong>Loterie Powerball avec un record de 2 040 millions de dollars, et dans le cas de la loterie Megamillions avec 1 602 millions de dollars<\/strong><\/p>\n<p>Il existe \u00e9galement des loteries qui r\u00e9partissent le montant allou\u00e9 aux prix entre diff\u00e9rentes cat\u00e9gories, ce qui permet d&rsquo;en attribuer beaucoup plus, m\u00eame s&rsquo;il s&rsquo;agit de montants inf\u00e9rieurs pour chacune.<\/p>\n","protected":false},"excerpt":{"rendered":"<p>Les temps passent, les traditions sont d\u00e9pass\u00e9es par les innovations, tout change, tout est plus rapide et plus facile, vous allez plus loin et vous en profitez mieux. Et la loterie n&rsquo;allait pas \u00eatre moins, aujourd&rsquo;hui jouer \u00e0 la loterie en ligne est accessible \u00e0 tous et partout dans le monde par le biais de [&hellip;]<\/p>\n","protected":false},"author":2,"featured_media":0,"parent":0,"menu_order":3,"comment_status":"closed","ping_status":"closed","template":"Information.php","meta":{"_et_pb_use_builder":"","_et_pb_old_content":"","_et_gb_content_width":"","exclude_from_search":false,"footnotes":""},"class_list":["post-4040","page","type-page","status-publish","hentry"],"yoast_head":"<!-- This site is optimized with the Yoast SEO plugin v23.7 - https:\/\/yoast.com\/wordpress\/plugins\/seo\/ -->\n<title>Tout sur la loterie en ligne - Guide de la loterie - LottoHoy<\/title>\n<meta name=\"description\" content=\"Les temps avancent et la loterie n&#039;allait pas \u00eatre moins, aujourd&#039;hui jouer \u00e0 la loterie en ligne est accessible \u00e0 tous et partout dans le monde par le biais de l&#039;Internet.\" \/>\n<meta name=\"robots\" content=\"index, follow, max-snippet:-1, max-image-preview:large, max-video-preview:-1\" \/>\n<link rel=\"canonical\" href=\"https:\/\/lottohoy.com\/fr\/loterie\/\" \/>\n<meta property=\"og:locale\" content=\"fr_FR\" \/>\n<meta property=\"og:type\" content=\"article\" \/>\n<meta property=\"og:title\" content=\"Tout sur la loterie en ligne - Guide de la loterie - LottoHoy\" \/>\n<meta property=\"og:description\" content=\"Les temps avancent et la loterie n&#039;allait pas \u00eatre moins, aujourd&#039;hui jouer \u00e0 la loterie en ligne est accessible \u00e0 tous et partout dans le monde par le biais de l&#039;Internet.\" \/>\n<meta property=\"og:url\" content=\"https:\/\/lottohoy.com\/fr\/loterie\/\" \/>\n<meta property=\"og:site_name\" content=\"Lottohoy\" \/>\n<meta property=\"article:modified_time\" content=\"2025-02-12T11:36:23+00:00\" \/>\n<meta name=\"twitter:card\" content=\"summary_large_image\" \/>\n<meta name=\"twitter:label1\" content=\"Dur\u00e9e de lecture estim\u00e9e\" \/>\n\t<meta name=\"twitter:data1\" content=\"2 minutes\" \/>\n<script type=\"application\/ld+json\" class=\"yoast-schema-graph\">{\"@context\":\"https:\/\/schema.org\",\"@graph\":[{\"@type\":\"WebPage\",\"@id\":\"https:\/\/lottohoy.com\/fr\/loterie\/\",\"url\":\"https:\/\/lottohoy.com\/fr\/loterie\/\",\"name\":\"Tout sur la loterie en ligne - Guide de la loterie - LottoHoy\",\"isPartOf\":{\"@id\":\"https:\/\/lottohoy.com\/fr\/#website\"},\"datePublished\":\"2018-05-03T13:23:32+00:00\",\"dateModified\":\"2025-02-12T11:36:23+00:00\",\"description\":\"Les temps avancent et la loterie n'allait pas \u00eatre moins, aujourd'hui jouer \u00e0 la loterie en ligne est accessible \u00e0 tous et partout dans le monde par le biais de l'Internet.\",\"breadcrumb\":{\"@id\":\"https:\/\/lottohoy.com\/fr\/loterie\/#breadcrumb\"},\"inLanguage\":\"fr-FR\",\"potentialAction\":[{\"@type\":\"ReadAction\",\"target\":[\"https:\/\/lottohoy.com\/fr\/loterie\/\"]}]},{\"@type\":\"BreadcrumbList\",\"@id\":\"https:\/\/lottohoy.com\/fr\/loterie\/#breadcrumb\",\"itemListElement\":[{\"@type\":\"ListItem\",\"position\":1,\"name\":\"Home\",\"item\":\"https:\/\/lottohoy.com\/fr\/\"},{\"@type\":\"ListItem\",\"position\":2,\"name\":\"Tout sur la loterie en ligne\"}]},{\"@type\":\"WebSite\",\"@id\":\"https:\/\/lottohoy.com\/fr\/#website\",\"url\":\"https:\/\/lottohoy.com\/fr\/\",\"name\":\"Lottohoy\",\"description\":\"\",\"potentialAction\":[{\"@type\":\"SearchAction\",\"target\":{\"@type\":\"EntryPoint\",\"urlTemplate\":\"https:\/\/lottohoy.com\/fr\/?s={search_term_string}\"},\"query-input\":{\"@type\":\"PropertyValueSpecification\",\"valueRequired\":true,\"valueName\":\"search_term_string\"}}],\"inLanguage\":\"fr-FR\"}]}<\/script>\n<!-- \/ Yoast SEO plugin. -->","yoast_head_json":{"title":"Tout sur la loterie en ligne - Guide de la loterie - LottoHoy","description":"Les temps avancent et la loterie n'allait pas \u00eatre moins, aujourd'hui jouer \u00e0 la loterie en ligne est accessible \u00e0 tous et partout dans le monde par le biais de l'Internet.","robots":{"index":"index","follow":"follow","max-snippet":"max-snippet:-1","max-image-preview":"max-image-preview:large","max-video-preview":"max-video-preview:-1"},"canonical":"https:\/\/lottohoy.com\/fr\/loterie\/","og_locale":"fr_FR","og_type":"article","og_title":"Tout sur la loterie en ligne - Guide de la loterie - LottoHoy","og_description":"Les temps avancent et la loterie n'allait pas \u00eatre moins, aujourd'hui jouer \u00e0 la loterie en ligne est accessible \u00e0 tous et partout dans le monde par le biais de l'Internet.","og_url":"https:\/\/lottohoy.com\/fr\/loterie\/","og_site_name":"Lottohoy","article_modified_time":"2025-02-12T11:36:23+00:00","twitter_card":"summary_large_image","twitter_misc":{"Dur\u00e9e de lecture estim\u00e9e":"2 minutes"},"schema":{"@context":"https:\/\/schema.org","@graph":[{"@type":"WebPage","@id":"https:\/\/lottohoy.com\/fr\/loterie\/","url":"https:\/\/lottohoy.com\/fr\/loterie\/","name":"Tout sur la loterie en ligne - Guide de la loterie - LottoHoy","isPartOf":{"@id":"https:\/\/lottohoy.com\/fr\/#website"},"datePublished":"2018-05-03T13:23:32+00:00","dateModified":"2025-02-12T11:36:23+00:00","description":"Les temps avancent et la loterie n'allait pas \u00eatre moins, aujourd'hui jouer \u00e0 la loterie en ligne est accessible \u00e0 tous et partout dans le monde par le biais de l'Internet.","breadcrumb":{"@id":"https:\/\/lottohoy.com\/fr\/loterie\/#breadcrumb"},"inLanguage":"fr-FR","potentialAction":[{"@type":"ReadAction","target":["https:\/\/lottohoy.com\/fr\/loterie\/"]}]},{"@type":"BreadcrumbList","@id":"https:\/\/lottohoy.com\/fr\/loterie\/#breadcrumb","itemListElement":[{"@type":"ListItem","position":1,"name":"Home","item":"https:\/\/lottohoy.com\/fr\/"},{"@type":"ListItem","position":2,"name":"Tout sur la loterie en ligne"}]},{"@type":"WebSite","@id":"https:\/\/lottohoy.com\/fr\/#website","url":"https:\/\/lottohoy.com\/fr\/","name":"Lottohoy","description":"","potentialAction":[{"@type":"SearchAction","target":{"@type":"EntryPoint","urlTemplate":"https:\/\/lottohoy.com\/fr\/?s={search_term_string}"},"query-input":{"@type":"PropertyValueSpecification","valueRequired":true,"valueName":"search_term_string"}}],"inLanguage":"fr-FR"}]}},"_links":{"self":[{"href":"https:\/\/lottohoy.com\/fr\/wp-json\/wp\/v2\/pages\/4040","targetHints":{"allow":["GET"]}}],"collection":[{"href":"https:\/\/lottohoy.com\/fr\/wp-json\/wp\/v2\/pages"}],"about":[{"href":"https:\/\/lottohoy.com\/fr\/wp-json\/wp\/v2\/types\/page"}],"author":[{"embeddable":true,"href":"https:\/\/lottohoy.com\/fr\/wp-json\/wp\/v2\/users\/2"}],"replies":[{"embeddable":true,"href":"https:\/\/lottohoy.com\/fr\/wp-json\/wp\/v2\/comments?post=4040"}],"version-history":[{"count":3,"href":"https:\/\/lottohoy.com\/fr\/wp-json\/wp\/v2\/pages\/4040\/revisions"}],"predecessor-version":[{"id":14721,"href":"https:\/\/lottohoy.com\/fr\/wp-json\/wp\/v2\/pages\/4040\/revisions\/14721"}],"wp:attachment":[{"href":"https:\/\/lottohoy.com\/fr\/wp-json\/wp\/v2\/media?parent=4040"}],"curies":[{"name":"wp","href":"https:\/\/api.w.org\/{rel}","templated":true}]}}