{"id":4036,"date":"2018-05-03T14:23:40","date_gmt":"2018-05-03T13:23:40","guid":{"rendered":"https:\/\/www.lottohoy.com\/?page_id=4036"},"modified":"2025-03-26T04:48:14","modified_gmt":"2025-03-26T04:48:14","slug":"lotto-uk","status":"publish","type":"page","link":"https:\/\/lottohoy.com\/fr\/resultats\/lotto-uk\/","title":{"rendered":"R\u00e9sultats de lotterie UK Lottery"},"content":{"rendered":"<p>Ce sont les derniers r\u00e9sultats du loto britannique (Lotto UK), le nombre total de joueurs gagnants et le montant encaiss\u00e9 dans chaque cat\u00e9gorie de prix<\/p>\n<p><!--more--><\/p>\n<h2><strong>Distribution des prix Lotto UK<\/strong><\/h2>\n<p>Cette page contient la combinaison gagnante du dernier tirage et la distribution des prix pour chacune des cat\u00e9gories. Rappelez-vous que les prix obtenus sont d\u00e9pos\u00e9s directement sur le compte utilisateur afin que vous puissiez <a href=\"https:\/\/lottohoy.com\/fr\/jouer\/lotto-uk\/\"><strong><span style=\"color: #993366;\">rejouer au Lotto UK<\/span><\/strong><\/a>.<\/p>\n<p>Le tableau montre la combinaison des 6 chiffres principaux. Il est \u00e9galement possible de s\u00e9lectionner une boule suppl\u00e9mentaire appel\u00e9e \u00ab\u00a0bonus\u00a0\u00bb pour offrir un prix aux personnes qui ont touch\u00e9 les 6 boules principales.<\/p>\n<h2><strong>Dessins pr\u00e9c\u00e9dents du Lotto UK<\/strong><\/h2>\n<p>Sur cette m\u00eame page, nous avons la possibilit\u00e9 d&rsquo;acc\u00e9der aux tirages pr\u00e9c\u00e9dents, pour voir non seulement les combinaisons gagnantes, mais aussi les distributions par cat\u00e9gories.<\/p>\n<p>Dans la case grise en haut \u00e0 droite, nous indique \u00e0 l&rsquo;aide de fl\u00e8ches les directions possibles que nous avons pour acc\u00e9der aux dessins pr\u00e9c\u00e9dents.<\/p>\n<p>Dans la bo\u00eete avec la fl\u00e8che pointant vers la gauche, en cliquant dessus, nous arrivons \u00e0 la page des r\u00e9sultats du tirage au sort qui pr\u00e9c\u00e8de imm\u00e9diatement.<\/p>\n<p>A l&rsquo;aide de la case centrale avec la fl\u00e8che dirig\u00e9e vers le bas, un menu d\u00e9roulant s&rsquo;ouvre avec les dates des tirages effectu\u00e9s au cours des 2 derni\u00e8res ann\u00e9es.<\/p>\n","protected":false},"excerpt":{"rendered":"<p>Ce sont les derniers r\u00e9sultats du loto britannique (Lotto UK), le nombre total de joueurs gagnants et le montant encaiss\u00e9 dans chaque cat\u00e9gorie de prix<\/p>\n","protected":false},"author":2,"featured_media":0,"parent":4004,"menu_order":9,"comment_status":"closed","ping_status":"closed","template":"lotto-uk-results.php","meta":{"_et_pb_use_builder":"","_et_pb_old_content":"","_et_gb_content_width":"","exclude_from_search":false,"footnotes":""},"class_list":["post-4036","page","type-page","status-publish","hentry"],"yoast_head":"<!-- This site is optimized with the Yoast SEO plugin v23.7 - https:\/\/yoast.com\/wordpress\/plugins\/seo\/ -->\n<title>R\u00e9sultats de lotterie UK Lottery - Lottohoy<\/title>\n<meta name=\"description\" content=\"Dans LottoHoy, vous trouverez la combinaison gagnante de tous les dessins de Lotto UK et la distribution des prix correspondant \u00e0 chacune des cat\u00e9gories.\" \/>\n<meta name=\"robots\" content=\"index, follow, max-snippet:-1, max-image-preview:large, max-video-preview:-1\" \/>\n<link rel=\"canonical\" href=\"https:\/\/lottohoy.com\/fr\/resultats\/lotto-uk\/\" \/>\n<meta property=\"og:locale\" content=\"fr_FR\" \/>\n<meta property=\"og:type\" content=\"article\" \/>\n<meta property=\"og:title\" content=\"R\u00e9sultats de lotterie UK Lottery - Lottohoy\" \/>\n<meta property=\"og:description\" content=\"Dans LottoHoy, vous trouverez la combinaison gagnante de tous les dessins de Lotto UK et la distribution des prix correspondant \u00e0 chacune des cat\u00e9gories.\" \/>\n<meta property=\"og:url\" content=\"https:\/\/lottohoy.com\/fr\/resultats\/lotto-uk\/\" \/>\n<meta property=\"og:site_name\" content=\"Lottohoy\" \/>\n<meta property=\"article:modified_time\" content=\"2025-03-26T04:48:14+00:00\" \/>\n<meta name=\"twitter:card\" content=\"summary_large_image\" \/>\n<meta name=\"twitter:label1\" content=\"Dur\u00e9e de lecture estim\u00e9e\" \/>\n\t<meta name=\"twitter:data1\" content=\"1 minute\" \/>\n<script type=\"application\/ld+json\" class=\"yoast-schema-graph\">{\"@context\":\"https:\/\/schema.org\",\"@graph\":[{\"@type\":\"WebPage\",\"@id\":\"https:\/\/lottohoy.com\/fr\/resultats\/lotto-uk\/\",\"url\":\"https:\/\/lottohoy.com\/fr\/resultats\/lotto-uk\/\",\"name\":\"R\u00e9sultats de lotterie UK Lottery - Lottohoy\",\"isPartOf\":{\"@id\":\"https:\/\/lottohoy.com\/fr\/#website\"},\"datePublished\":\"2018-05-03T13:23:40+00:00\",\"dateModified\":\"2025-03-26T04:48:14+00:00\",\"description\":\"Dans LottoHoy, vous trouverez la combinaison gagnante de tous les dessins de Lotto UK et la distribution des prix correspondant \u00e0 chacune des cat\u00e9gories.\",\"breadcrumb\":{\"@id\":\"https:\/\/lottohoy.com\/fr\/resultats\/lotto-uk\/#breadcrumb\"},\"inLanguage\":\"fr-FR\",\"potentialAction\":[{\"@type\":\"ReadAction\",\"target\":[\"https:\/\/lottohoy.com\/fr\/resultats\/lotto-uk\/\"]}]},{\"@type\":\"BreadcrumbList\",\"@id\":\"https:\/\/lottohoy.com\/fr\/resultats\/lotto-uk\/#breadcrumb\",\"itemListElement\":[{\"@type\":\"ListItem\",\"position\":1,\"name\":\"Home\",\"item\":\"https:\/\/lottohoy.com\/fr\/\"},{\"@type\":\"ListItem\",\"position\":2,\"name\":\"R\u00e9sultats du loto en ligne\",\"item\":\"https:\/\/lottohoy.com\/fr\/resultats\/\"},{\"@type\":\"ListItem\",\"position\":3,\"name\":\"R\u00e9sultats de lotterie UK Lottery\"}]},{\"@type\":\"WebSite\",\"@id\":\"https:\/\/lottohoy.com\/fr\/#website\",\"url\":\"https:\/\/lottohoy.com\/fr\/\",\"name\":\"Lottohoy\",\"description\":\"\",\"potentialAction\":[{\"@type\":\"SearchAction\",\"target\":{\"@type\":\"EntryPoint\",\"urlTemplate\":\"https:\/\/lottohoy.com\/fr\/?s={search_term_string}\"},\"query-input\":{\"@type\":\"PropertyValueSpecification\",\"valueRequired\":true,\"valueName\":\"search_term_string\"}}],\"inLanguage\":\"fr-FR\"}]}<\/script>\n<!-- \/ Yoast SEO plugin. -->","yoast_head_json":{"title":"R\u00e9sultats de lotterie UK Lottery - Lottohoy","description":"Dans LottoHoy, vous trouverez la combinaison gagnante de tous les dessins de Lotto UK et la distribution des prix correspondant \u00e0 chacune des cat\u00e9gories.","robots":{"index":"index","follow":"follow","max-snippet":"max-snippet:-1","max-image-preview":"max-image-preview:large","max-video-preview":"max-video-preview:-1"},"canonical":"https:\/\/lottohoy.com\/fr\/resultats\/lotto-uk\/","og_locale":"fr_FR","og_type":"article","og_title":"R\u00e9sultats de lotterie UK Lottery - Lottohoy","og_description":"Dans LottoHoy, vous trouverez la combinaison gagnante de tous les dessins de Lotto UK et la distribution des prix correspondant \u00e0 chacune des cat\u00e9gories.","og_url":"https:\/\/lottohoy.com\/fr\/resultats\/lotto-uk\/","og_site_name":"Lottohoy","article_modified_time":"2025-03-26T04:48:14+00:00","twitter_card":"summary_large_image","twitter_misc":{"Dur\u00e9e de lecture estim\u00e9e":"1 minute"},"schema":{"@context":"https:\/\/schema.org","@graph":[{"@type":"WebPage","@id":"https:\/\/lottohoy.com\/fr\/resultats\/lotto-uk\/","url":"https:\/\/lottohoy.com\/fr\/resultats\/lotto-uk\/","name":"R\u00e9sultats de lotterie UK Lottery - Lottohoy","isPartOf":{"@id":"https:\/\/lottohoy.com\/fr\/#website"},"datePublished":"2018-05-03T13:23:40+00:00","dateModified":"2025-03-26T04:48:14+00:00","description":"Dans LottoHoy, vous trouverez la combinaison gagnante de tous les dessins de Lotto UK et la distribution des prix correspondant \u00e0 chacune des cat\u00e9gories.","breadcrumb":{"@id":"https:\/\/lottohoy.com\/fr\/resultats\/lotto-uk\/#breadcrumb"},"inLanguage":"fr-FR","potentialAction":[{"@type":"ReadAction","target":["https:\/\/lottohoy.com\/fr\/resultats\/lotto-uk\/"]}]},{"@type":"BreadcrumbList","@id":"https:\/\/lottohoy.com\/fr\/resultats\/lotto-uk\/#breadcrumb","itemListElement":[{"@type":"ListItem","position":1,"name":"Home","item":"https:\/\/lottohoy.com\/fr\/"},{"@type":"ListItem","position":2,"name":"R\u00e9sultats du loto en ligne","item":"https:\/\/lottohoy.com\/fr\/resultats\/"},{"@type":"ListItem","position":3,"name":"R\u00e9sultats de lotterie UK Lottery"}]},{"@type":"WebSite","@id":"https:\/\/lottohoy.com\/fr\/#website","url":"https:\/\/lottohoy.com\/fr\/","name":"Lottohoy","description":"","potentialAction":[{"@type":"SearchAction","target":{"@type":"EntryPoint","urlTemplate":"https:\/\/lottohoy.com\/fr\/?s={search_term_string}"},"query-input":{"@type":"PropertyValueSpecification","valueRequired":true,"valueName":"search_term_string"}}],"inLanguage":"fr-FR"}]}},"_links":{"self":[{"href":"https:\/\/lottohoy.com\/fr\/wp-json\/wp\/v2\/pages\/4036","targetHints":{"allow":["GET"]}}],"collection":[{"href":"https:\/\/lottohoy.com\/fr\/wp-json\/wp\/v2\/pages"}],"about":[{"href":"https:\/\/lottohoy.com\/fr\/wp-json\/wp\/v2\/types\/page"}],"author":[{"embeddable":true,"href":"https:\/\/lottohoy.com\/fr\/wp-json\/wp\/v2\/users\/2"}],"replies":[{"embeddable":true,"href":"https:\/\/lottohoy.com\/fr\/wp-json\/wp\/v2\/comments?post=4036"}],"version-history":[{"count":2,"href":"https:\/\/lottohoy.com\/fr\/wp-json\/wp\/v2\/pages\/4036\/revisions"}],"predecessor-version":[{"id":16970,"href":"https:\/\/lottohoy.com\/fr\/wp-json\/wp\/v2\/pages\/4036\/revisions\/16970"}],"up":[{"embeddable":true,"href":"https:\/\/lottohoy.com\/fr\/wp-json\/wp\/v2\/pages\/4004"}],"wp:attachment":[{"href":"https:\/\/lottohoy.com\/fr\/wp-json\/wp\/v2\/media?parent=4036"}],"curies":[{"name":"wp","href":"https:\/\/api.w.org\/{rel}","templated":true}]}}