{"id":4034,"date":"2018-05-03T14:23:39","date_gmt":"2018-05-03T13:23:39","guid":{"rendered":"https:\/\/www.lottohoy.com\/?page_id=4034"},"modified":"2025-03-26T04:27:28","modified_gmt":"2025-03-26T04:27:28","slug":"superenalotto","status":"publish","type":"page","link":"https:\/\/lottohoy.com\/fr\/resultats\/superenalotto\/","title":{"rendered":"R\u00e9sultats de lotterie SuperEnalotto"},"content":{"rendered":"<p><!--more--><\/p>\n<h2><strong>R\u00e9sultats Superenalotto Italie<\/strong><\/h2>\n<p>Cette page montre la combinaison gagnante du dernier tirage du Superenalotto et la distribution officielle des prix pour chacune des cat\u00e9gories de prix. Rappelez-vous que les prix sont d\u00e9pos\u00e9s automatiquement dans votre compte joueur et que vous pouvez <a href=\"https:\/\/lottohoy.com\/fr\/jouer\/superenalotto\/\"><span style=\"color: #993366;\"><strong>jouer au Superenalotto<\/strong><\/span><\/a> \u00e0 tout moment.<\/p>\n<h2><strong>Les pr\u00e9c\u00e9dents tirages au sort du Superenalotto<\/strong><\/h2>\n<p>Sur cette m\u00eame page, nous avons la possibilit\u00e9 d&rsquo;acc\u00e9der aux tirages pr\u00e9c\u00e9dents, qui peuvent servir de guide pour les statistiques et les futures combinaisons de paris. De plus, il vous permet de voir non seulement les combinaisons gagnantes, mais aussi la r\u00e9partition des prix selon les diff\u00e9rentes cat\u00e9gories.<\/p>\n<p>Dans le coin sup\u00e9rieur droit, dans une bo\u00eete grise, on trouve la fonction calendrier, et on peut acc\u00e9der au r\u00e9sultat imm\u00e9diatement pr\u00e9c\u00e9dent et s\u00e9lectionner dans une liste la date sp\u00e9cifique que l&rsquo;on veut consulter, des 2 derni\u00e8res ann\u00e9es.<\/p>\n","protected":false},"excerpt":{"rendered":"","protected":false},"author":2,"featured_media":0,"parent":4004,"menu_order":5,"comment_status":"closed","ping_status":"closed","template":"superenalotto-results.php","meta":{"_et_pb_use_builder":"","_et_pb_old_content":"","_et_gb_content_width":"","exclude_from_search":false,"footnotes":""},"class_list":["post-4034","page","type-page","status-publish","hentry"],"yoast_head":"<!-- This site is optimized with the Yoast SEO plugin v23.7 - https:\/\/yoast.com\/wordpress\/plugins\/seo\/ -->\n<title>R\u00e9sultats de lotterie SuperEnalotto - Lottohoy<\/title>\n<meta name=\"description\" content=\"Dans LottoHoy nous vous montrons la combinaison gagnante du dernier tirage Superenalotto (et tous les pr\u00e9c\u00e9dents), ainsi que la distribution officielle des prix.\" \/>\n<meta name=\"robots\" content=\"index, follow, max-snippet:-1, max-image-preview:large, max-video-preview:-1\" \/>\n<link rel=\"canonical\" href=\"https:\/\/lottohoy.com\/fr\/resultats\/superenalotto\/\" \/>\n<meta property=\"og:locale\" content=\"fr_FR\" \/>\n<meta property=\"og:type\" content=\"article\" \/>\n<meta property=\"og:title\" content=\"R\u00e9sultats de lotterie SuperEnalotto - Lottohoy\" \/>\n<meta property=\"og:description\" content=\"Dans LottoHoy nous vous montrons la combinaison gagnante du dernier tirage Superenalotto (et tous les pr\u00e9c\u00e9dents), ainsi que la distribution officielle des prix.\" \/>\n<meta property=\"og:url\" content=\"https:\/\/lottohoy.com\/fr\/resultats\/superenalotto\/\" \/>\n<meta property=\"og:site_name\" content=\"Lottohoy\" \/>\n<meta property=\"article:modified_time\" content=\"2025-03-26T04:27:28+00:00\" \/>\n<meta name=\"twitter:card\" content=\"summary_large_image\" \/>\n<meta name=\"twitter:label1\" content=\"Dur\u00e9e de lecture estim\u00e9e\" \/>\n\t<meta name=\"twitter:data1\" content=\"1 minute\" \/>\n<script type=\"application\/ld+json\" class=\"yoast-schema-graph\">{\"@context\":\"https:\/\/schema.org\",\"@graph\":[{\"@type\":\"WebPage\",\"@id\":\"https:\/\/lottohoy.com\/fr\/resultats\/superenalotto\/\",\"url\":\"https:\/\/lottohoy.com\/fr\/resultats\/superenalotto\/\",\"name\":\"R\u00e9sultats de lotterie SuperEnalotto - Lottohoy\",\"isPartOf\":{\"@id\":\"https:\/\/lottohoy.com\/fr\/#website\"},\"datePublished\":\"2018-05-03T13:23:39+00:00\",\"dateModified\":\"2025-03-26T04:27:28+00:00\",\"description\":\"Dans LottoHoy nous vous montrons la combinaison gagnante du dernier tirage Superenalotto (et tous les pr\u00e9c\u00e9dents), ainsi que la distribution officielle des prix.\",\"breadcrumb\":{\"@id\":\"https:\/\/lottohoy.com\/fr\/resultats\/superenalotto\/#breadcrumb\"},\"inLanguage\":\"fr-FR\",\"potentialAction\":[{\"@type\":\"ReadAction\",\"target\":[\"https:\/\/lottohoy.com\/fr\/resultats\/superenalotto\/\"]}]},{\"@type\":\"BreadcrumbList\",\"@id\":\"https:\/\/lottohoy.com\/fr\/resultats\/superenalotto\/#breadcrumb\",\"itemListElement\":[{\"@type\":\"ListItem\",\"position\":1,\"name\":\"Home\",\"item\":\"https:\/\/lottohoy.com\/fr\/\"},{\"@type\":\"ListItem\",\"position\":2,\"name\":\"R\u00e9sultats du loto en ligne\",\"item\":\"https:\/\/lottohoy.com\/fr\/resultats\/\"},{\"@type\":\"ListItem\",\"position\":3,\"name\":\"R\u00e9sultats de lotterie SuperEnalotto\"}]},{\"@type\":\"WebSite\",\"@id\":\"https:\/\/lottohoy.com\/fr\/#website\",\"url\":\"https:\/\/lottohoy.com\/fr\/\",\"name\":\"Lottohoy\",\"description\":\"\",\"potentialAction\":[{\"@type\":\"SearchAction\",\"target\":{\"@type\":\"EntryPoint\",\"urlTemplate\":\"https:\/\/lottohoy.com\/fr\/?s={search_term_string}\"},\"query-input\":{\"@type\":\"PropertyValueSpecification\",\"valueRequired\":true,\"valueName\":\"search_term_string\"}}],\"inLanguage\":\"fr-FR\"}]}<\/script>\n<!-- \/ Yoast SEO plugin. -->","yoast_head_json":{"title":"R\u00e9sultats de lotterie SuperEnalotto - Lottohoy","description":"Dans LottoHoy nous vous montrons la combinaison gagnante du dernier tirage Superenalotto (et tous les pr\u00e9c\u00e9dents), ainsi que la distribution officielle des prix.","robots":{"index":"index","follow":"follow","max-snippet":"max-snippet:-1","max-image-preview":"max-image-preview:large","max-video-preview":"max-video-preview:-1"},"canonical":"https:\/\/lottohoy.com\/fr\/resultats\/superenalotto\/","og_locale":"fr_FR","og_type":"article","og_title":"R\u00e9sultats de lotterie SuperEnalotto - Lottohoy","og_description":"Dans LottoHoy nous vous montrons la combinaison gagnante du dernier tirage Superenalotto (et tous les pr\u00e9c\u00e9dents), ainsi que la distribution officielle des prix.","og_url":"https:\/\/lottohoy.com\/fr\/resultats\/superenalotto\/","og_site_name":"Lottohoy","article_modified_time":"2025-03-26T04:27:28+00:00","twitter_card":"summary_large_image","twitter_misc":{"Dur\u00e9e de lecture estim\u00e9e":"1 minute"},"schema":{"@context":"https:\/\/schema.org","@graph":[{"@type":"WebPage","@id":"https:\/\/lottohoy.com\/fr\/resultats\/superenalotto\/","url":"https:\/\/lottohoy.com\/fr\/resultats\/superenalotto\/","name":"R\u00e9sultats de lotterie SuperEnalotto - Lottohoy","isPartOf":{"@id":"https:\/\/lottohoy.com\/fr\/#website"},"datePublished":"2018-05-03T13:23:39+00:00","dateModified":"2025-03-26T04:27:28+00:00","description":"Dans LottoHoy nous vous montrons la combinaison gagnante du dernier tirage Superenalotto (et tous les pr\u00e9c\u00e9dents), ainsi que la distribution officielle des prix.","breadcrumb":{"@id":"https:\/\/lottohoy.com\/fr\/resultats\/superenalotto\/#breadcrumb"},"inLanguage":"fr-FR","potentialAction":[{"@type":"ReadAction","target":["https:\/\/lottohoy.com\/fr\/resultats\/superenalotto\/"]}]},{"@type":"BreadcrumbList","@id":"https:\/\/lottohoy.com\/fr\/resultats\/superenalotto\/#breadcrumb","itemListElement":[{"@type":"ListItem","position":1,"name":"Home","item":"https:\/\/lottohoy.com\/fr\/"},{"@type":"ListItem","position":2,"name":"R\u00e9sultats du loto en ligne","item":"https:\/\/lottohoy.com\/fr\/resultats\/"},{"@type":"ListItem","position":3,"name":"R\u00e9sultats de lotterie SuperEnalotto"}]},{"@type":"WebSite","@id":"https:\/\/lottohoy.com\/fr\/#website","url":"https:\/\/lottohoy.com\/fr\/","name":"Lottohoy","description":"","potentialAction":[{"@type":"SearchAction","target":{"@type":"EntryPoint","urlTemplate":"https:\/\/lottohoy.com\/fr\/?s={search_term_string}"},"query-input":{"@type":"PropertyValueSpecification","valueRequired":true,"valueName":"search_term_string"}}],"inLanguage":"fr-FR"}]}},"_links":{"self":[{"href":"https:\/\/lottohoy.com\/fr\/wp-json\/wp\/v2\/pages\/4034","targetHints":{"allow":["GET"]}}],"collection":[{"href":"https:\/\/lottohoy.com\/fr\/wp-json\/wp\/v2\/pages"}],"about":[{"href":"https:\/\/lottohoy.com\/fr\/wp-json\/wp\/v2\/types\/page"}],"author":[{"embeddable":true,"href":"https:\/\/lottohoy.com\/fr\/wp-json\/wp\/v2\/users\/2"}],"replies":[{"embeddable":true,"href":"https:\/\/lottohoy.com\/fr\/wp-json\/wp\/v2\/comments?post=4034"}],"version-history":[{"count":2,"href":"https:\/\/lottohoy.com\/fr\/wp-json\/wp\/v2\/pages\/4034\/revisions"}],"predecessor-version":[{"id":16945,"href":"https:\/\/lottohoy.com\/fr\/wp-json\/wp\/v2\/pages\/4034\/revisions\/16945"}],"up":[{"embeddable":true,"href":"https:\/\/lottohoy.com\/fr\/wp-json\/wp\/v2\/pages\/4004"}],"wp:attachment":[{"href":"https:\/\/lottohoy.com\/fr\/wp-json\/wp\/v2\/media?parent=4034"}],"curies":[{"name":"wp","href":"https:\/\/api.w.org\/{rel}","templated":true}]}}