{"id":4032,"date":"2018-08-23T10:31:30","date_gmt":"2018-08-23T09:31:30","guid":{"rendered":"https:\/\/www.lottohoy.com\/?page_id=4032"},"modified":"2025-03-26T06:16:38","modified_gmt":"2025-03-26T06:16:38","slug":"saturday-lotto-au","status":"publish","type":"page","link":"https:\/\/lottohoy.com\/fr\/resultats\/saturday-lotto-au\/","title":{"rendered":"R\u00e9sultats de lotterie Saturday Lotto"},"content":{"rendered":"<p>Sur cette page, vous trouverez une ventilation d\u00e9taill\u00e9e des r\u00e9sultats des tirages au sort du <strong>Saturday Lotto<\/strong>, ainsi que le jackpot estim\u00e9 (en attendant l&rsquo;examen final) pour le tirage effectu\u00e9 et d&rsquo;autres informations int\u00e9ressantes.<\/p>\n<p><!--more--><\/p>\n<h2><strong>R\u00e9sultats de la loterie du samedi de l&rsquo;UA aujourd&rsquo;hui<\/strong><\/h2>\n<p>Sur cet \u00e9cran, vous pouvez voir un tableau indiquant les r\u00e9sultats du dernier tirage et la r\u00e9partition des prix pour chacune des cat\u00e9gories, le nombre estim\u00e9 de gagnants par cat\u00e9gorie et le montant \u00e0 distribuer entre tous.<\/p>\n<h2><strong>Tous les r\u00e9sultats du Saturday Lotto<\/strong><\/h2>\n<p>En plus des r\u00e9sultats indiqu\u00e9s dans l&rsquo;encadr\u00e9 de ce dernier tirage, vous pouvez \u00e9galement acc\u00e9der sur cette page aux r\u00e9sultats de tous les tirages pr\u00e9c\u00e9dents, jusqu&rsquo;\u00e0 une anciennet\u00e9 de 6 ans.<\/p>\n<p>\u00c0 droite de la combinaison gagnante, il y a des cases grises avec des fl\u00e8ches qui vous permettent de faire un tour des dates des tirages pr\u00e9c\u00e9dents<\/p>\n","protected":false},"excerpt":{"rendered":"<p>Sur cette page, vous trouverez une ventilation d\u00e9taill\u00e9e des r\u00e9sultats des tirages au sort du Saturday Lotto, ainsi que le jackpot estim\u00e9 (en attendant l&rsquo;examen final) pour le tirage effectu\u00e9 et d&rsquo;autres informations int\u00e9ressantes.<\/p>\n","protected":false},"author":2,"featured_media":0,"parent":4004,"menu_order":19,"comment_status":"closed","ping_status":"closed","template":"saturday-lotto-results.php","meta":{"_et_pb_use_builder":"","_et_pb_old_content":"","_et_gb_content_width":"","exclude_from_search":false,"footnotes":""},"class_list":["post-4032","page","type-page","status-publish","hentry"],"yoast_head":"<!-- This site is optimized with the Yoast SEO plugin v23.7 - https:\/\/yoast.com\/wordpress\/plugins\/seo\/ -->\n<title>R\u00e9sultats Mon &amp; Wed Lotto, mis \u00e0 jour en ce moment<\/title>\n<meta name=\"description\" content=\"Cette page fournit une ventilation d\u00e9taill\u00e9e des r\u00e9sultats du Mon &amp; Wed Lotto Australia.\" \/>\n<meta name=\"robots\" content=\"index, follow, max-snippet:-1, max-image-preview:large, max-video-preview:-1\" \/>\n<link rel=\"canonical\" href=\"https:\/\/lottohoy.com\/fr\/resultats\/saturday-lotto-au\/\" \/>\n<meta property=\"og:locale\" content=\"fr_FR\" \/>\n<meta property=\"og:type\" content=\"article\" \/>\n<meta property=\"og:title\" content=\"R\u00e9sultats Mon &amp; Wed Lotto, mis \u00e0 jour en ce moment\" \/>\n<meta property=\"og:description\" content=\"Cette page fournit une ventilation d\u00e9taill\u00e9e des r\u00e9sultats du Mon &amp; Wed Lotto Australia.\" \/>\n<meta property=\"og:url\" content=\"https:\/\/lottohoy.com\/fr\/resultats\/saturday-lotto-au\/\" \/>\n<meta property=\"og:site_name\" content=\"Lottohoy\" \/>\n<meta property=\"article:modified_time\" content=\"2025-03-26T06:16:38+00:00\" \/>\n<meta name=\"twitter:card\" content=\"summary_large_image\" \/>\n<meta name=\"twitter:label1\" content=\"Dur\u00e9e de lecture estim\u00e9e\" \/>\n\t<meta name=\"twitter:data1\" content=\"1 minute\" \/>\n<script type=\"application\/ld+json\" class=\"yoast-schema-graph\">{\"@context\":\"https:\/\/schema.org\",\"@graph\":[{\"@type\":\"WebPage\",\"@id\":\"https:\/\/lottohoy.com\/fr\/resultats\/saturday-lotto-au\/\",\"url\":\"https:\/\/lottohoy.com\/fr\/resultats\/saturday-lotto-au\/\",\"name\":\"R\u00e9sultats Mon & Wed Lotto, mis \u00e0 jour en ce moment\",\"isPartOf\":{\"@id\":\"https:\/\/lottohoy.com\/fr\/#website\"},\"datePublished\":\"2018-08-23T09:31:30+00:00\",\"dateModified\":\"2025-03-26T06:16:38+00:00\",\"description\":\"Cette page fournit une ventilation d\u00e9taill\u00e9e des r\u00e9sultats du Mon & Wed Lotto Australia.\",\"breadcrumb\":{\"@id\":\"https:\/\/lottohoy.com\/fr\/resultats\/saturday-lotto-au\/#breadcrumb\"},\"inLanguage\":\"fr-FR\",\"potentialAction\":[{\"@type\":\"ReadAction\",\"target\":[\"https:\/\/lottohoy.com\/fr\/resultats\/saturday-lotto-au\/\"]}]},{\"@type\":\"BreadcrumbList\",\"@id\":\"https:\/\/lottohoy.com\/fr\/resultats\/saturday-lotto-au\/#breadcrumb\",\"itemListElement\":[{\"@type\":\"ListItem\",\"position\":1,\"name\":\"Home\",\"item\":\"https:\/\/lottohoy.com\/fr\/\"},{\"@type\":\"ListItem\",\"position\":2,\"name\":\"R\u00e9sultats du loto en ligne\",\"item\":\"https:\/\/lottohoy.com\/fr\/resultats\/\"},{\"@type\":\"ListItem\",\"position\":3,\"name\":\"R\u00e9sultats de lotterie Saturday Lotto\"}]},{\"@type\":\"WebSite\",\"@id\":\"https:\/\/lottohoy.com\/fr\/#website\",\"url\":\"https:\/\/lottohoy.com\/fr\/\",\"name\":\"Lottohoy\",\"description\":\"\",\"potentialAction\":[{\"@type\":\"SearchAction\",\"target\":{\"@type\":\"EntryPoint\",\"urlTemplate\":\"https:\/\/lottohoy.com\/fr\/?s={search_term_string}\"},\"query-input\":{\"@type\":\"PropertyValueSpecification\",\"valueRequired\":true,\"valueName\":\"search_term_string\"}}],\"inLanguage\":\"fr-FR\"}]}<\/script>\n<!-- \/ Yoast SEO plugin. -->","yoast_head_json":{"title":"R\u00e9sultats Mon & Wed Lotto, mis \u00e0 jour en ce moment","description":"Cette page fournit une ventilation d\u00e9taill\u00e9e des r\u00e9sultats du Mon & Wed Lotto Australia.","robots":{"index":"index","follow":"follow","max-snippet":"max-snippet:-1","max-image-preview":"max-image-preview:large","max-video-preview":"max-video-preview:-1"},"canonical":"https:\/\/lottohoy.com\/fr\/resultats\/saturday-lotto-au\/","og_locale":"fr_FR","og_type":"article","og_title":"R\u00e9sultats Mon & Wed Lotto, mis \u00e0 jour en ce moment","og_description":"Cette page fournit une ventilation d\u00e9taill\u00e9e des r\u00e9sultats du Mon & Wed Lotto Australia.","og_url":"https:\/\/lottohoy.com\/fr\/resultats\/saturday-lotto-au\/","og_site_name":"Lottohoy","article_modified_time":"2025-03-26T06:16:38+00:00","twitter_card":"summary_large_image","twitter_misc":{"Dur\u00e9e de lecture estim\u00e9e":"1 minute"},"schema":{"@context":"https:\/\/schema.org","@graph":[{"@type":"WebPage","@id":"https:\/\/lottohoy.com\/fr\/resultats\/saturday-lotto-au\/","url":"https:\/\/lottohoy.com\/fr\/resultats\/saturday-lotto-au\/","name":"R\u00e9sultats Mon & Wed Lotto, mis \u00e0 jour en ce moment","isPartOf":{"@id":"https:\/\/lottohoy.com\/fr\/#website"},"datePublished":"2018-08-23T09:31:30+00:00","dateModified":"2025-03-26T06:16:38+00:00","description":"Cette page fournit une ventilation d\u00e9taill\u00e9e des r\u00e9sultats du Mon & Wed Lotto Australia.","breadcrumb":{"@id":"https:\/\/lottohoy.com\/fr\/resultats\/saturday-lotto-au\/#breadcrumb"},"inLanguage":"fr-FR","potentialAction":[{"@type":"ReadAction","target":["https:\/\/lottohoy.com\/fr\/resultats\/saturday-lotto-au\/"]}]},{"@type":"BreadcrumbList","@id":"https:\/\/lottohoy.com\/fr\/resultats\/saturday-lotto-au\/#breadcrumb","itemListElement":[{"@type":"ListItem","position":1,"name":"Home","item":"https:\/\/lottohoy.com\/fr\/"},{"@type":"ListItem","position":2,"name":"R\u00e9sultats du loto en ligne","item":"https:\/\/lottohoy.com\/fr\/resultats\/"},{"@type":"ListItem","position":3,"name":"R\u00e9sultats de lotterie Saturday Lotto"}]},{"@type":"WebSite","@id":"https:\/\/lottohoy.com\/fr\/#website","url":"https:\/\/lottohoy.com\/fr\/","name":"Lottohoy","description":"","potentialAction":[{"@type":"SearchAction","target":{"@type":"EntryPoint","urlTemplate":"https:\/\/lottohoy.com\/fr\/?s={search_term_string}"},"query-input":{"@type":"PropertyValueSpecification","valueRequired":true,"valueName":"search_term_string"}}],"inLanguage":"fr-FR"}]}},"_links":{"self":[{"href":"https:\/\/lottohoy.com\/fr\/wp-json\/wp\/v2\/pages\/4032","targetHints":{"allow":["GET"]}}],"collection":[{"href":"https:\/\/lottohoy.com\/fr\/wp-json\/wp\/v2\/pages"}],"about":[{"href":"https:\/\/lottohoy.com\/fr\/wp-json\/wp\/v2\/types\/page"}],"author":[{"embeddable":true,"href":"https:\/\/lottohoy.com\/fr\/wp-json\/wp\/v2\/users\/2"}],"replies":[{"embeddable":true,"href":"https:\/\/lottohoy.com\/fr\/wp-json\/wp\/v2\/comments?post=4032"}],"version-history":[{"count":1,"href":"https:\/\/lottohoy.com\/fr\/wp-json\/wp\/v2\/pages\/4032\/revisions"}],"predecessor-version":[{"id":10766,"href":"https:\/\/lottohoy.com\/fr\/wp-json\/wp\/v2\/pages\/4032\/revisions\/10766"}],"up":[{"embeddable":true,"href":"https:\/\/lottohoy.com\/fr\/wp-json\/wp\/v2\/pages\/4004"}],"wp:attachment":[{"href":"https:\/\/lottohoy.com\/fr\/wp-json\/wp\/v2\/media?parent=4032"}],"curies":[{"name":"wp","href":"https:\/\/api.w.org\/{rel}","templated":true}]}}