{"id":4030,"date":"2018-08-22T10:28:14","date_gmt":"2018-08-22T09:28:14","guid":{"rendered":"https:\/\/www.lottohoy.com\/?page_id=4030"},"modified":"2025-03-26T06:02:44","modified_gmt":"2025-03-26T06:02:44","slug":"powerball-au","status":"publish","type":"page","link":"https:\/\/lottohoy.com\/fr\/resultats\/powerball-au\/","title":{"rendered":"R\u00e9sultats de lotterie Powerball (AU)"},"content":{"rendered":"<p>Cette page pr\u00e9sente une ventilation d\u00e9taill\u00e9e des r\u00e9sultats des tirages de la loterie <a href=\"https:\/\/lottohoy.com\/fr\/jouer\/powerball-au\/\"><span style=\"color: #993366;\"><strong>PowerBall AU<\/strong><\/span><\/a>, le jackpot estim\u00e9 pour le tirage effectu\u00e9 et d&rsquo;autres donn\u00e9es d&rsquo;int\u00e9r\u00eat.<\/p>\n<p><!--more--><\/p>\n<h2><strong>R\u00e9sultats du PowerBall AU d&rsquo;aujourd&rsquo;hui<\/strong><\/h2>\n<p>La bo\u00eete montre les r\u00e9sultats du dernier tirage et la distribution des prix pour chaque cat\u00e9gorie.<\/p>\n<p>De m\u00eame, le nombre estim\u00e9 de gagnants par cat\u00e9gorie et le montant \u00e0 r\u00e9partir entre eux en tenant compte du fait que les cat\u00e9gories inf\u00e9rieures n&rsquo;ont pas de montant fixe allou\u00e9.<\/p>\n<h2><strong>Tous les r\u00e9sultats du PowerBall AU<\/strong><\/h2>\n<p>En plus des r\u00e9sultats indiqu\u00e9s dans la case de ce dernier tirage, vous pouvez \u00e9galement acc\u00e9der \u00e0 cette page pour voir les r\u00e9sultats de tous les tirages pr\u00e9c\u00e9dents effectu\u00e9s depuis la derni\u00e8re mise \u00e0 jour du 19 avril 2018.<\/p>\n<p>A droite de la combinaison gagnante de ce dernier tirage, il y a des cases grises avec des fl\u00e8ches de direction qui vous permettent de passer en revue les dates des tirages pr\u00e9c\u00e9dents.<\/p>\n","protected":false},"excerpt":{"rendered":"<p>Cette page pr\u00e9sente une ventilation d\u00e9taill\u00e9e des r\u00e9sultats des tirages de la loterie PowerBall AU, le jackpot estim\u00e9 pour le tirage effectu\u00e9 et d&rsquo;autres donn\u00e9es d&rsquo;int\u00e9r\u00eat.<\/p>\n","protected":false},"author":2,"featured_media":0,"parent":4004,"menu_order":17,"comment_status":"closed","ping_status":"closed","template":"powerball-au-results.php","meta":{"_et_pb_use_builder":"","_et_pb_old_content":"","_et_gb_content_width":"","exclude_from_search":false,"footnotes":""},"class_list":["post-4030","page","type-page","status-publish","hentry"],"yoast_head":"<!-- This site is optimized with the Yoast SEO plugin v23.7 - https:\/\/yoast.com\/wordpress\/plugins\/seo\/ -->\n<title>R\u00e9sultats PowerBall AU, r\u00e9partition compl\u00e8te des r\u00e9compenses<\/title>\n<meta name=\"description\" content=\"Cette page pr\u00e9sente une ventilation d\u00e9taill\u00e9e des r\u00e9sultats du tirage de la loterie PowerBall AU, le jackpot estim\u00e9 pour le tirage et d&#039;autres donn\u00e9es.\" \/>\n<meta name=\"robots\" content=\"index, follow, max-snippet:-1, max-image-preview:large, max-video-preview:-1\" \/>\n<link rel=\"canonical\" href=\"https:\/\/lottohoy.com\/fr\/resultats\/powerball-au\/\" \/>\n<meta property=\"og:locale\" content=\"fr_FR\" \/>\n<meta property=\"og:type\" content=\"article\" \/>\n<meta property=\"og:title\" content=\"R\u00e9sultats PowerBall AU, r\u00e9partition compl\u00e8te des r\u00e9compenses\" \/>\n<meta property=\"og:description\" content=\"Cette page pr\u00e9sente une ventilation d\u00e9taill\u00e9e des r\u00e9sultats du tirage de la loterie PowerBall AU, le jackpot estim\u00e9 pour le tirage et d&#039;autres donn\u00e9es.\" \/>\n<meta property=\"og:url\" content=\"https:\/\/lottohoy.com\/fr\/resultats\/powerball-au\/\" \/>\n<meta property=\"og:site_name\" content=\"Lottohoy\" \/>\n<meta property=\"article:modified_time\" content=\"2025-03-26T06:02:44+00:00\" \/>\n<meta name=\"twitter:card\" content=\"summary_large_image\" \/>\n<meta name=\"twitter:label1\" content=\"Dur\u00e9e de lecture estim\u00e9e\" \/>\n\t<meta name=\"twitter:data1\" content=\"1 minute\" \/>\n<script type=\"application\/ld+json\" class=\"yoast-schema-graph\">{\"@context\":\"https:\/\/schema.org\",\"@graph\":[{\"@type\":\"WebPage\",\"@id\":\"https:\/\/lottohoy.com\/fr\/resultats\/powerball-au\/\",\"url\":\"https:\/\/lottohoy.com\/fr\/resultats\/powerball-au\/\",\"name\":\"R\u00e9sultats PowerBall AU, r\u00e9partition compl\u00e8te des r\u00e9compenses\",\"isPartOf\":{\"@id\":\"https:\/\/lottohoy.com\/fr\/#website\"},\"datePublished\":\"2018-08-22T09:28:14+00:00\",\"dateModified\":\"2025-03-26T06:02:44+00:00\",\"description\":\"Cette page pr\u00e9sente une ventilation d\u00e9taill\u00e9e des r\u00e9sultats du tirage de la loterie PowerBall AU, le jackpot estim\u00e9 pour le tirage et d'autres donn\u00e9es.\",\"breadcrumb\":{\"@id\":\"https:\/\/lottohoy.com\/fr\/resultats\/powerball-au\/#breadcrumb\"},\"inLanguage\":\"fr-FR\",\"potentialAction\":[{\"@type\":\"ReadAction\",\"target\":[\"https:\/\/lottohoy.com\/fr\/resultats\/powerball-au\/\"]}]},{\"@type\":\"BreadcrumbList\",\"@id\":\"https:\/\/lottohoy.com\/fr\/resultats\/powerball-au\/#breadcrumb\",\"itemListElement\":[{\"@type\":\"ListItem\",\"position\":1,\"name\":\"Home\",\"item\":\"https:\/\/lottohoy.com\/fr\/\"},{\"@type\":\"ListItem\",\"position\":2,\"name\":\"R\u00e9sultats du loto en ligne\",\"item\":\"https:\/\/lottohoy.com\/fr\/resultats\/\"},{\"@type\":\"ListItem\",\"position\":3,\"name\":\"R\u00e9sultats de lotterie Powerball (AU)\"}]},{\"@type\":\"WebSite\",\"@id\":\"https:\/\/lottohoy.com\/fr\/#website\",\"url\":\"https:\/\/lottohoy.com\/fr\/\",\"name\":\"Lottohoy\",\"description\":\"\",\"potentialAction\":[{\"@type\":\"SearchAction\",\"target\":{\"@type\":\"EntryPoint\",\"urlTemplate\":\"https:\/\/lottohoy.com\/fr\/?s={search_term_string}\"},\"query-input\":{\"@type\":\"PropertyValueSpecification\",\"valueRequired\":true,\"valueName\":\"search_term_string\"}}],\"inLanguage\":\"fr-FR\"}]}<\/script>\n<!-- \/ Yoast SEO plugin. -->","yoast_head_json":{"title":"R\u00e9sultats PowerBall AU, r\u00e9partition compl\u00e8te des r\u00e9compenses","description":"Cette page pr\u00e9sente une ventilation d\u00e9taill\u00e9e des r\u00e9sultats du tirage de la loterie PowerBall AU, le jackpot estim\u00e9 pour le tirage et d'autres donn\u00e9es.","robots":{"index":"index","follow":"follow","max-snippet":"max-snippet:-1","max-image-preview":"max-image-preview:large","max-video-preview":"max-video-preview:-1"},"canonical":"https:\/\/lottohoy.com\/fr\/resultats\/powerball-au\/","og_locale":"fr_FR","og_type":"article","og_title":"R\u00e9sultats PowerBall AU, r\u00e9partition compl\u00e8te des r\u00e9compenses","og_description":"Cette page pr\u00e9sente une ventilation d\u00e9taill\u00e9e des r\u00e9sultats du tirage de la loterie PowerBall AU, le jackpot estim\u00e9 pour le tirage et d'autres donn\u00e9es.","og_url":"https:\/\/lottohoy.com\/fr\/resultats\/powerball-au\/","og_site_name":"Lottohoy","article_modified_time":"2025-03-26T06:02:44+00:00","twitter_card":"summary_large_image","twitter_misc":{"Dur\u00e9e de lecture estim\u00e9e":"1 minute"},"schema":{"@context":"https:\/\/schema.org","@graph":[{"@type":"WebPage","@id":"https:\/\/lottohoy.com\/fr\/resultats\/powerball-au\/","url":"https:\/\/lottohoy.com\/fr\/resultats\/powerball-au\/","name":"R\u00e9sultats PowerBall AU, r\u00e9partition compl\u00e8te des r\u00e9compenses","isPartOf":{"@id":"https:\/\/lottohoy.com\/fr\/#website"},"datePublished":"2018-08-22T09:28:14+00:00","dateModified":"2025-03-26T06:02:44+00:00","description":"Cette page pr\u00e9sente une ventilation d\u00e9taill\u00e9e des r\u00e9sultats du tirage de la loterie PowerBall AU, le jackpot estim\u00e9 pour le tirage et d'autres donn\u00e9es.","breadcrumb":{"@id":"https:\/\/lottohoy.com\/fr\/resultats\/powerball-au\/#breadcrumb"},"inLanguage":"fr-FR","potentialAction":[{"@type":"ReadAction","target":["https:\/\/lottohoy.com\/fr\/resultats\/powerball-au\/"]}]},{"@type":"BreadcrumbList","@id":"https:\/\/lottohoy.com\/fr\/resultats\/powerball-au\/#breadcrumb","itemListElement":[{"@type":"ListItem","position":1,"name":"Home","item":"https:\/\/lottohoy.com\/fr\/"},{"@type":"ListItem","position":2,"name":"R\u00e9sultats du loto en ligne","item":"https:\/\/lottohoy.com\/fr\/resultats\/"},{"@type":"ListItem","position":3,"name":"R\u00e9sultats de lotterie Powerball (AU)"}]},{"@type":"WebSite","@id":"https:\/\/lottohoy.com\/fr\/#website","url":"https:\/\/lottohoy.com\/fr\/","name":"Lottohoy","description":"","potentialAction":[{"@type":"SearchAction","target":{"@type":"EntryPoint","urlTemplate":"https:\/\/lottohoy.com\/fr\/?s={search_term_string}"},"query-input":{"@type":"PropertyValueSpecification","valueRequired":true,"valueName":"search_term_string"}}],"inLanguage":"fr-FR"}]}},"_links":{"self":[{"href":"https:\/\/lottohoy.com\/fr\/wp-json\/wp\/v2\/pages\/4030","targetHints":{"allow":["GET"]}}],"collection":[{"href":"https:\/\/lottohoy.com\/fr\/wp-json\/wp\/v2\/pages"}],"about":[{"href":"https:\/\/lottohoy.com\/fr\/wp-json\/wp\/v2\/types\/page"}],"author":[{"embeddable":true,"href":"https:\/\/lottohoy.com\/fr\/wp-json\/wp\/v2\/users\/2"}],"replies":[{"embeddable":true,"href":"https:\/\/lottohoy.com\/fr\/wp-json\/wp\/v2\/comments?post=4030"}],"version-history":[{"count":2,"href":"https:\/\/lottohoy.com\/fr\/wp-json\/wp\/v2\/pages\/4030\/revisions"}],"predecessor-version":[{"id":17014,"href":"https:\/\/lottohoy.com\/fr\/wp-json\/wp\/v2\/pages\/4030\/revisions\/17014"}],"up":[{"embeddable":true,"href":"https:\/\/lottohoy.com\/fr\/wp-json\/wp\/v2\/pages\/4004"}],"wp:attachment":[{"href":"https:\/\/lottohoy.com\/fr\/wp-json\/wp\/v2\/media?parent=4030"}],"curies":[{"name":"wp","href":"https:\/\/api.w.org\/{rel}","templated":true}]}}