{"id":4028,"date":"2018-05-03T14:23:39","date_gmt":"2018-05-03T13:23:39","guid":{"rendered":"https:\/\/www.lottohoy.com\/?page_id=4028"},"modified":"2025-05-27T18:57:06","modified_gmt":"2025-05-27T17:57:06","slug":"powerball","status":"publish","type":"page","link":"https:\/\/lottohoy.com\/fr\/resultats\/powerball\/","title":{"rendered":"R\u00e9sultats de lotterie Powerball"},"content":{"rendered":"<p><!--more--><\/p>\n<h1 data-start=\"147\" data-end=\"189\"><strong data-start=\"149\" data-end=\"189\">R\u00e9sultats MegaMillions d&rsquo;aujourd&rsquo;hui<\/strong><\/h1>\n<p data-start=\"191\" data-end=\"461\">Ici, vous pouvez consulter les r\u00e9sultats les plus r\u00e9cents et mis \u00e0 jour du tirage de la loterie <strong data-start=\"287\" data-end=\"303\">MegaMillions<\/strong>. Si les num\u00e9ros correspondent \u00e0 votre combinaison \u2014 f\u00e9licitations ! Vous pourriez remporter une belle somme, voire devenir le prochain multimillionnaire.<\/p>\n<p data-start=\"463\" data-end=\"635\">Vous pouvez \u00e9galement consulter les r\u00e9sultats des tirages pr\u00e9c\u00e9dents dans les archives, pour vous aider \u00e0 planifier votre strat\u00e9gie et jouer vos billets <a href=\"https:\/\/lottohoy.com\/fr\/jouer\/mega-millions\/\"><strong data-start=\"618\" data-end=\"634\">MegaMillions<\/strong><\/a>.<\/p>\n<h2 data-start=\"642\" data-end=\"683\"><strong data-start=\"645\" data-end=\"683\">Tous les r\u00e9sultats de MegaMillions<\/strong><\/h2>\n<p data-start=\"685\" data-end=\"832\">Sur cette page, vous pouvez consulter tous les r\u00e9sultats des anciens tirages, ainsi que la r\u00e9partition des gains de la loterie <strong data-start=\"814\" data-end=\"831\">MEGA MILLIONS<\/strong>.<\/p>\n<p data-start=\"834\" data-end=\"1058\">Si vous allez dans le coin sup\u00e9rieur droit de la page, vous verrez l&rsquo;outil <strong data-start=\"911\" data-end=\"925\">calendrier<\/strong> que nous avons d\u00e9velopp\u00e9 afin que vous puissiez s\u00e9lectionner la date que vous souhaitez v\u00e9rifier \u2014 y compris les tirages sp\u00e9ciaux.<\/p>\n<p data-start=\"1109\" data-end=\"1330\"><strong data-start=\"1109\" data-end=\"1137\">La fl\u00e8che vers la gauche<\/strong> vous permet d&rsquo;acc\u00e9der au tirage imm\u00e9diatement pr\u00e9c\u00e9dent, et <strong data-start=\"1200\" data-end=\"1248\">la bo\u00eete centrale avec la fl\u00e8che vers le bas<\/strong> ouvre un menu d\u00e9roulant avec toutes les dates des tirages des 20 derniers mois.<\/p>\n<p data-start=\"1332\" data-end=\"1544\">Si vous souhaitez faire partie des prochains gagnants de ces <a href=\"https:\/\/lottohoy.com\/fr\/jackpots-de-loterie\/\">\u00e9normes jackpots<\/a>, <strong data-start=\"1413\" data-end=\"1459\"><a href=\"https:\/\/lottohoy.com\/fr\/registration\/\">inscrivez-vous<\/a> d\u00e8s maintenant sur LottoHoy<\/strong> et choisissez vos num\u00e9ros pr\u00e9f\u00e9r\u00e9s. <strong data-start=\"1498\" data-end=\"1544\">Jouez \u00e0 Mega Millions ! Qu&rsquo;attendez-vous ?<\/strong><\/p>\n","protected":false},"excerpt":{"rendered":"","protected":false},"author":2,"featured_media":0,"parent":4004,"menu_order":1,"comment_status":"closed","ping_status":"closed","template":"powerball-usa-results.php","meta":{"_et_pb_use_builder":"","_et_pb_old_content":"","_et_gb_content_width":"","exclude_from_search":false,"footnotes":""},"class_list":["post-4028","page","type-page","status-publish","hentry"],"yoast_head":"<!-- This site is optimized with the Yoast SEO plugin v23.7 - https:\/\/yoast.com\/wordpress\/plugins\/seo\/ -->\n<title>R\u00e9sultats Powerball - Num\u00e9ros gagnants - Lottohoy.com<\/title>\n<meta name=\"description\" content=\"Tous les num\u00e9ros attribu\u00e9s lors des derniers tirages Powerball, ainsi que les prix par cat\u00e9gorie et par nombre de gagnants. V\u00e9rifiez votre billet maintenant ! \u2713\" \/>\n<meta name=\"robots\" content=\"index, follow, max-snippet:-1, max-image-preview:large, max-video-preview:-1\" \/>\n<link rel=\"canonical\" href=\"https:\/\/lottohoy.com\/fr\/resultats\/powerball\/\" \/>\n<meta property=\"og:locale\" content=\"fr_FR\" \/>\n<meta property=\"og:type\" content=\"article\" \/>\n<meta property=\"og:title\" content=\"R\u00e9sultats Powerball - Num\u00e9ros gagnants - Lottohoy.com\" \/>\n<meta property=\"og:description\" content=\"Tous les num\u00e9ros attribu\u00e9s lors des derniers tirages Powerball, ainsi que les prix par cat\u00e9gorie et par nombre de gagnants. V\u00e9rifiez votre billet maintenant ! \u2713\" \/>\n<meta property=\"og:url\" content=\"https:\/\/lottohoy.com\/fr\/resultats\/powerball\/\" \/>\n<meta property=\"og:site_name\" content=\"Lottohoy\" \/>\n<meta property=\"article:modified_time\" content=\"2025-05-27T17:57:06+00:00\" \/>\n<meta name=\"twitter:card\" content=\"summary_large_image\" \/>\n<meta name=\"twitter:label1\" content=\"Dur\u00e9e de lecture estim\u00e9e\" \/>\n\t<meta name=\"twitter:data1\" content=\"1 minute\" \/>\n<script type=\"application\/ld+json\" class=\"yoast-schema-graph\">{\"@context\":\"https:\/\/schema.org\",\"@graph\":[{\"@type\":\"WebPage\",\"@id\":\"https:\/\/lottohoy.com\/fr\/resultats\/powerball\/\",\"url\":\"https:\/\/lottohoy.com\/fr\/resultats\/powerball\/\",\"name\":\"R\u00e9sultats Powerball - Num\u00e9ros gagnants - Lottohoy.com\",\"isPartOf\":{\"@id\":\"https:\/\/lottohoy.com\/fr\/#website\"},\"datePublished\":\"2018-05-03T13:23:39+00:00\",\"dateModified\":\"2025-05-27T17:57:06+00:00\",\"description\":\"Tous les num\u00e9ros attribu\u00e9s lors des derniers tirages Powerball, ainsi que les prix par cat\u00e9gorie et par nombre de gagnants. V\u00e9rifiez votre billet maintenant ! \u2713\",\"breadcrumb\":{\"@id\":\"https:\/\/lottohoy.com\/fr\/resultats\/powerball\/#breadcrumb\"},\"inLanguage\":\"fr-FR\",\"potentialAction\":[{\"@type\":\"ReadAction\",\"target\":[\"https:\/\/lottohoy.com\/fr\/resultats\/powerball\/\"]}]},{\"@type\":\"BreadcrumbList\",\"@id\":\"https:\/\/lottohoy.com\/fr\/resultats\/powerball\/#breadcrumb\",\"itemListElement\":[{\"@type\":\"ListItem\",\"position\":1,\"name\":\"Home\",\"item\":\"https:\/\/lottohoy.com\/fr\/\"},{\"@type\":\"ListItem\",\"position\":2,\"name\":\"R\u00e9sultats du loto en ligne\",\"item\":\"https:\/\/lottohoy.com\/fr\/resultats\/\"},{\"@type\":\"ListItem\",\"position\":3,\"name\":\"R\u00e9sultats de lotterie Powerball\"}]},{\"@type\":\"WebSite\",\"@id\":\"https:\/\/lottohoy.com\/fr\/#website\",\"url\":\"https:\/\/lottohoy.com\/fr\/\",\"name\":\"Lottohoy\",\"description\":\"\",\"potentialAction\":[{\"@type\":\"SearchAction\",\"target\":{\"@type\":\"EntryPoint\",\"urlTemplate\":\"https:\/\/lottohoy.com\/fr\/?s={search_term_string}\"},\"query-input\":{\"@type\":\"PropertyValueSpecification\",\"valueRequired\":true,\"valueName\":\"search_term_string\"}}],\"inLanguage\":\"fr-FR\"}]}<\/script>\n<!-- \/ Yoast SEO plugin. -->","yoast_head_json":{"title":"R\u00e9sultats Powerball - Num\u00e9ros gagnants - Lottohoy.com","description":"Tous les num\u00e9ros attribu\u00e9s lors des derniers tirages Powerball, ainsi que les prix par cat\u00e9gorie et par nombre de gagnants. V\u00e9rifiez votre billet maintenant ! \u2713","robots":{"index":"index","follow":"follow","max-snippet":"max-snippet:-1","max-image-preview":"max-image-preview:large","max-video-preview":"max-video-preview:-1"},"canonical":"https:\/\/lottohoy.com\/fr\/resultats\/powerball\/","og_locale":"fr_FR","og_type":"article","og_title":"R\u00e9sultats Powerball - Num\u00e9ros gagnants - Lottohoy.com","og_description":"Tous les num\u00e9ros attribu\u00e9s lors des derniers tirages Powerball, ainsi que les prix par cat\u00e9gorie et par nombre de gagnants. V\u00e9rifiez votre billet maintenant ! \u2713","og_url":"https:\/\/lottohoy.com\/fr\/resultats\/powerball\/","og_site_name":"Lottohoy","article_modified_time":"2025-05-27T17:57:06+00:00","twitter_card":"summary_large_image","twitter_misc":{"Dur\u00e9e de lecture estim\u00e9e":"1 minute"},"schema":{"@context":"https:\/\/schema.org","@graph":[{"@type":"WebPage","@id":"https:\/\/lottohoy.com\/fr\/resultats\/powerball\/","url":"https:\/\/lottohoy.com\/fr\/resultats\/powerball\/","name":"R\u00e9sultats Powerball - Num\u00e9ros gagnants - Lottohoy.com","isPartOf":{"@id":"https:\/\/lottohoy.com\/fr\/#website"},"datePublished":"2018-05-03T13:23:39+00:00","dateModified":"2025-05-27T17:57:06+00:00","description":"Tous les num\u00e9ros attribu\u00e9s lors des derniers tirages Powerball, ainsi que les prix par cat\u00e9gorie et par nombre de gagnants. V\u00e9rifiez votre billet maintenant ! \u2713","breadcrumb":{"@id":"https:\/\/lottohoy.com\/fr\/resultats\/powerball\/#breadcrumb"},"inLanguage":"fr-FR","potentialAction":[{"@type":"ReadAction","target":["https:\/\/lottohoy.com\/fr\/resultats\/powerball\/"]}]},{"@type":"BreadcrumbList","@id":"https:\/\/lottohoy.com\/fr\/resultats\/powerball\/#breadcrumb","itemListElement":[{"@type":"ListItem","position":1,"name":"Home","item":"https:\/\/lottohoy.com\/fr\/"},{"@type":"ListItem","position":2,"name":"R\u00e9sultats du loto en ligne","item":"https:\/\/lottohoy.com\/fr\/resultats\/"},{"@type":"ListItem","position":3,"name":"R\u00e9sultats de lotterie Powerball"}]},{"@type":"WebSite","@id":"https:\/\/lottohoy.com\/fr\/#website","url":"https:\/\/lottohoy.com\/fr\/","name":"Lottohoy","description":"","potentialAction":[{"@type":"SearchAction","target":{"@type":"EntryPoint","urlTemplate":"https:\/\/lottohoy.com\/fr\/?s={search_term_string}"},"query-input":{"@type":"PropertyValueSpecification","valueRequired":true,"valueName":"search_term_string"}}],"inLanguage":"fr-FR"}]}},"_links":{"self":[{"href":"https:\/\/lottohoy.com\/fr\/wp-json\/wp\/v2\/pages\/4028","targetHints":{"allow":["GET"]}}],"collection":[{"href":"https:\/\/lottohoy.com\/fr\/wp-json\/wp\/v2\/pages"}],"about":[{"href":"https:\/\/lottohoy.com\/fr\/wp-json\/wp\/v2\/types\/page"}],"author":[{"embeddable":true,"href":"https:\/\/lottohoy.com\/fr\/wp-json\/wp\/v2\/users\/2"}],"replies":[{"embeddable":true,"href":"https:\/\/lottohoy.com\/fr\/wp-json\/wp\/v2\/comments?post=4028"}],"version-history":[{"count":4,"href":"https:\/\/lottohoy.com\/fr\/wp-json\/wp\/v2\/pages\/4028\/revisions"}],"predecessor-version":[{"id":19956,"href":"https:\/\/lottohoy.com\/fr\/wp-json\/wp\/v2\/pages\/4028\/revisions\/19956"}],"up":[{"embeddable":true,"href":"https:\/\/lottohoy.com\/fr\/wp-json\/wp\/v2\/pages\/4004"}],"wp:attachment":[{"href":"https:\/\/lottohoy.com\/fr\/wp-json\/wp\/v2\/media?parent=4028"}],"curies":[{"name":"wp","href":"https:\/\/api.w.org\/{rel}","templated":true}]}}