{"id":4022,"date":"2018-08-23T10:36:38","date_gmt":"2018-08-23T09:36:38","guid":{"rendered":"https:\/\/www.lottohoy.com\/?page_id=4022"},"modified":"2024-10-23T07:14:02","modified_gmt":"2024-10-23T06:14:02","slug":"monday-wednesday-lotto-au","status":"publish","type":"page","link":"https:\/\/lottohoy.com\/fr\/resultats\/monday-wednesday-lotto-au\/","title":{"rendered":"R\u00e9sultats de lotterie Mon &amp; Wed Lotto"},"content":{"rendered":"<p>Cette page montre une ventilation d\u00e9taill\u00e9e des r\u00e9sultats des tirages du <a href=\"https:\/\/lottohoy.com\/fr\/jouer\/monday-wednesday-lotto-au\/\"><strong><span style=\"color: #993366;\">Mon &amp; Wed Lotto<\/span><\/strong><\/a>, le jackpot estim\u00e9 dans ce cas est AUD 1.000.000 $, et d&rsquo;autres d\u00e9tails d&rsquo;int\u00e9r\u00eat.<\/p>\n<p><!--more--><\/p>\n<h2><strong>R\u00e9sultats du Mon &amp; Wed Lotto en Australie aujourd&rsquo;hui<\/strong><\/h2>\n<p>Cet encadr\u00e9 pr\u00e9sente les r\u00e9sultats du dernier tirage et la r\u00e9partition des prix pour chacune des six cat\u00e9gories, le nombre estim\u00e9 de gagnants par cat\u00e9gorie et le montant \u00e0 r\u00e9partir entre eux.<\/p>\n<h2><strong>Tous les r\u00e9sultats du Monday &amp; Wednesday Lotto<\/strong><\/h2>\n<p>En plus des r\u00e9sultats du dernier tirage au sort, vous trouverez sur cette page les r\u00e9sultats de tous les tirages effectu\u00e9s au cours des 6 derni\u00e8res ann\u00e9es.<\/p>\n<p>\u00c0 la droite de la combinaison gagnante du dernier tirage au sort, il y a des cases grises avec des fl\u00e8ches qui vous permettront de passer en revue les dates des tirages pr\u00e9c\u00e9dents.<\/p>\n","protected":false},"excerpt":{"rendered":"<p>Cette page montre une ventilation d\u00e9taill\u00e9e des r\u00e9sultats des tirages du Mon &amp; Wed Lotto, le jackpot estim\u00e9 dans ce cas est AUD 1.000.000 $, et d&rsquo;autres d\u00e9tails d&rsquo;int\u00e9r\u00eat.<\/p>\n","protected":false},"author":2,"featured_media":0,"parent":4004,"menu_order":20,"comment_status":"closed","ping_status":"closed","template":"","meta":{"_et_pb_use_builder":"","_et_pb_old_content":"","_et_gb_content_width":"","exclude_from_search":false,"footnotes":""},"class_list":["post-4022","page","type-page","status-publish","hentry"],"yoast_head":"<!-- This site is optimized with the Yoast SEO plugin v23.7 - https:\/\/yoast.com\/wordpress\/plugins\/seo\/ -->\n<title>R\u00e9sultats Mon &amp; Wed Lotto, mis \u00e0 jour en ce moment<\/title>\n<meta name=\"description\" content=\"Cette page fournit une ventilation d\u00e9taill\u00e9e des r\u00e9sultats des dessins du Mon &amp; Wed Lotto Australia.\" \/>\n<meta name=\"robots\" content=\"index, follow, max-snippet:-1, max-image-preview:large, max-video-preview:-1\" \/>\n<link rel=\"canonical\" href=\"https:\/\/lottohoy.com\/fr\/resultats\/monday-wednesday-lotto-au\/\" \/>\n<meta property=\"og:locale\" content=\"fr_FR\" \/>\n<meta property=\"og:type\" content=\"article\" \/>\n<meta property=\"og:title\" content=\"R\u00e9sultats Mon &amp; Wed Lotto, mis \u00e0 jour en ce moment\" \/>\n<meta property=\"og:description\" content=\"Cette page fournit une ventilation d\u00e9taill\u00e9e des r\u00e9sultats des dessins du Mon &amp; Wed Lotto Australia.\" \/>\n<meta property=\"og:url\" content=\"https:\/\/lottohoy.com\/fr\/resultats\/monday-wednesday-lotto-au\/\" \/>\n<meta property=\"og:site_name\" content=\"Lottohoy\" \/>\n<meta property=\"article:modified_time\" content=\"2024-10-23T06:14:02+00:00\" \/>\n<meta name=\"twitter:card\" content=\"summary_large_image\" \/>\n<meta name=\"twitter:label1\" content=\"Dur\u00e9e de lecture estim\u00e9e\" \/>\n\t<meta name=\"twitter:data1\" content=\"1 minute\" \/>\n<script type=\"application\/ld+json\" class=\"yoast-schema-graph\">{\"@context\":\"https:\/\/schema.org\",\"@graph\":[{\"@type\":\"WebPage\",\"@id\":\"https:\/\/lottohoy.com\/fr\/resultats\/monday-wednesday-lotto-au\/\",\"url\":\"https:\/\/lottohoy.com\/fr\/resultats\/monday-wednesday-lotto-au\/\",\"name\":\"R\u00e9sultats Mon & Wed Lotto, mis \u00e0 jour en ce moment\",\"isPartOf\":{\"@id\":\"https:\/\/lottohoy.com\/fr\/#website\"},\"datePublished\":\"2018-08-23T09:36:38+00:00\",\"dateModified\":\"2024-10-23T06:14:02+00:00\",\"description\":\"Cette page fournit une ventilation d\u00e9taill\u00e9e des r\u00e9sultats des dessins du Mon & Wed Lotto Australia.\",\"breadcrumb\":{\"@id\":\"https:\/\/lottohoy.com\/fr\/resultats\/monday-wednesday-lotto-au\/#breadcrumb\"},\"inLanguage\":\"fr-FR\",\"potentialAction\":[{\"@type\":\"ReadAction\",\"target\":[\"https:\/\/lottohoy.com\/fr\/resultats\/monday-wednesday-lotto-au\/\"]}]},{\"@type\":\"BreadcrumbList\",\"@id\":\"https:\/\/lottohoy.com\/fr\/resultats\/monday-wednesday-lotto-au\/#breadcrumb\",\"itemListElement\":[{\"@type\":\"ListItem\",\"position\":1,\"name\":\"Home\",\"item\":\"https:\/\/lottohoy.com\/fr\/\"},{\"@type\":\"ListItem\",\"position\":2,\"name\":\"R\u00e9sultats du loto en ligne\",\"item\":\"https:\/\/lottohoy.com\/fr\/resultats\/\"},{\"@type\":\"ListItem\",\"position\":3,\"name\":\"R\u00e9sultats de lotterie Mon &amp; Wed Lotto\"}]},{\"@type\":\"WebSite\",\"@id\":\"https:\/\/lottohoy.com\/fr\/#website\",\"url\":\"https:\/\/lottohoy.com\/fr\/\",\"name\":\"Lottohoy\",\"description\":\"\",\"potentialAction\":[{\"@type\":\"SearchAction\",\"target\":{\"@type\":\"EntryPoint\",\"urlTemplate\":\"https:\/\/lottohoy.com\/fr\/?s={search_term_string}\"},\"query-input\":{\"@type\":\"PropertyValueSpecification\",\"valueRequired\":true,\"valueName\":\"search_term_string\"}}],\"inLanguage\":\"fr-FR\"}]}<\/script>\n<!-- \/ Yoast SEO plugin. -->","yoast_head_json":{"title":"R\u00e9sultats Mon & Wed Lotto, mis \u00e0 jour en ce moment","description":"Cette page fournit une ventilation d\u00e9taill\u00e9e des r\u00e9sultats des dessins du Mon & Wed Lotto Australia.","robots":{"index":"index","follow":"follow","max-snippet":"max-snippet:-1","max-image-preview":"max-image-preview:large","max-video-preview":"max-video-preview:-1"},"canonical":"https:\/\/lottohoy.com\/fr\/resultats\/monday-wednesday-lotto-au\/","og_locale":"fr_FR","og_type":"article","og_title":"R\u00e9sultats Mon & Wed Lotto, mis \u00e0 jour en ce moment","og_description":"Cette page fournit une ventilation d\u00e9taill\u00e9e des r\u00e9sultats des dessins du Mon & Wed Lotto Australia.","og_url":"https:\/\/lottohoy.com\/fr\/resultats\/monday-wednesday-lotto-au\/","og_site_name":"Lottohoy","article_modified_time":"2024-10-23T06:14:02+00:00","twitter_card":"summary_large_image","twitter_misc":{"Dur\u00e9e de lecture estim\u00e9e":"1 minute"},"schema":{"@context":"https:\/\/schema.org","@graph":[{"@type":"WebPage","@id":"https:\/\/lottohoy.com\/fr\/resultats\/monday-wednesday-lotto-au\/","url":"https:\/\/lottohoy.com\/fr\/resultats\/monday-wednesday-lotto-au\/","name":"R\u00e9sultats Mon & Wed Lotto, mis \u00e0 jour en ce moment","isPartOf":{"@id":"https:\/\/lottohoy.com\/fr\/#website"},"datePublished":"2018-08-23T09:36:38+00:00","dateModified":"2024-10-23T06:14:02+00:00","description":"Cette page fournit une ventilation d\u00e9taill\u00e9e des r\u00e9sultats des dessins du Mon & Wed Lotto Australia.","breadcrumb":{"@id":"https:\/\/lottohoy.com\/fr\/resultats\/monday-wednesday-lotto-au\/#breadcrumb"},"inLanguage":"fr-FR","potentialAction":[{"@type":"ReadAction","target":["https:\/\/lottohoy.com\/fr\/resultats\/monday-wednesday-lotto-au\/"]}]},{"@type":"BreadcrumbList","@id":"https:\/\/lottohoy.com\/fr\/resultats\/monday-wednesday-lotto-au\/#breadcrumb","itemListElement":[{"@type":"ListItem","position":1,"name":"Home","item":"https:\/\/lottohoy.com\/fr\/"},{"@type":"ListItem","position":2,"name":"R\u00e9sultats du loto en ligne","item":"https:\/\/lottohoy.com\/fr\/resultats\/"},{"@type":"ListItem","position":3,"name":"R\u00e9sultats de lotterie Mon &amp; Wed Lotto"}]},{"@type":"WebSite","@id":"https:\/\/lottohoy.com\/fr\/#website","url":"https:\/\/lottohoy.com\/fr\/","name":"Lottohoy","description":"","potentialAction":[{"@type":"SearchAction","target":{"@type":"EntryPoint","urlTemplate":"https:\/\/lottohoy.com\/fr\/?s={search_term_string}"},"query-input":{"@type":"PropertyValueSpecification","valueRequired":true,"valueName":"search_term_string"}}],"inLanguage":"fr-FR"}]}},"_links":{"self":[{"href":"https:\/\/lottohoy.com\/fr\/wp-json\/wp\/v2\/pages\/4022","targetHints":{"allow":["GET"]}}],"collection":[{"href":"https:\/\/lottohoy.com\/fr\/wp-json\/wp\/v2\/pages"}],"about":[{"href":"https:\/\/lottohoy.com\/fr\/wp-json\/wp\/v2\/types\/page"}],"author":[{"embeddable":true,"href":"https:\/\/lottohoy.com\/fr\/wp-json\/wp\/v2\/users\/2"}],"replies":[{"embeddable":true,"href":"https:\/\/lottohoy.com\/fr\/wp-json\/wp\/v2\/comments?post=4022"}],"version-history":[{"count":2,"href":"https:\/\/lottohoy.com\/fr\/wp-json\/wp\/v2\/pages\/4022\/revisions"}],"predecessor-version":[{"id":10939,"href":"https:\/\/lottohoy.com\/fr\/wp-json\/wp\/v2\/pages\/4022\/revisions\/10939"}],"up":[{"embeddable":true,"href":"https:\/\/lottohoy.com\/fr\/wp-json\/wp\/v2\/pages\/4004"}],"wp:attachment":[{"href":"https:\/\/lottohoy.com\/fr\/wp-json\/wp\/v2\/media?parent=4022"}],"curies":[{"name":"wp","href":"https:\/\/api.w.org\/{rel}","templated":true}]}}