{"id":4020,"date":"2018-05-03T14:23:38","date_gmt":"2018-05-03T13:23:38","guid":{"rendered":"https:\/\/www.lottohoy.com\/?page_id=4020"},"modified":"2025-03-26T04:02:58","modified_gmt":"2025-03-26T04:02:58","slug":"mega-millions","status":"publish","type":"page","link":"https:\/\/lottohoy.com\/fr\/resultats\/mega-millions\/","title":{"rendered":"R\u00e9sultats de lotterie Mega Millions"},"content":{"rendered":"<p><!--more--><\/p>\n<h2><strong>M\u00e9ga Millions de r\u00e9sultats aujourd&rsquo;hui<\/strong><\/h2>\n<p>Ici, vous pouvez consulter les <strong>derniers r\u00e9sultats mis \u00e0 jour du tirage Mega Millions<\/strong>.\u00a0 S&rsquo;ils correspondent \u00e0 la combinaison que vous avez choisie, f\u00e9licitations. Vous \u00eates un nouveau multimillionnaire.<\/p>\n<p>Vous pouvez \u00e9galement v\u00e9rifier les r\u00e9sultats dans les fichiers pour pr\u00e9parer votre strat\u00e9gie et <a href=\"https:\/\/lottohoy.com\/fr\/jouer\/mega-millions\/\"><span style=\"color: #993366;\"><strong>jouer Megamillions<\/strong><\/span><\/a>.<\/p>\n<h2><strong>Tous les r\u00e9sultats Mega Millions<\/strong><\/h2>\n<p>Dans cette page, vous pourrez consulter <strong>tous les r\u00e9sultats<\/strong> des tirages au sort et la distribution des prix pr\u00e9c\u00e9dents.<\/p>\n<p>Si vous allez dans la marge sup\u00e9rieure droite de la page, vous verrez la fonctionnalit\u00e9 de calendrier que nous avons d\u00e9velopp\u00e9e afin que vous puissiez s\u00e9lectionner la date que vous voulez v\u00e9rifier.<\/p>\n<p>La fl\u00e8che vers la gauche, vous permet d&rsquo;acc\u00e9der <strong>au tirage pr\u00e9c\u00e9dent imm\u00e9diatement<\/strong>, et la case centrale avec la fl\u00e8che vers le bas, vous permet d&rsquo;ouvrir un menu d\u00e9roulant avec toutes les dates des derniers tirages en 20 mois.<\/p>\n<p>Si vous voulez \u00eatre l&rsquo;un des prochains gagnants de ces <strong><a href=\"https:\/\/lottohoy.com\/fr\/jackpots-de-loterie\/\"><span style=\"color: #993366;\">grands jackpots<\/span><\/a>, <a href=\"https:\/\/lottohoy.com\/fr\/auth\/inscription-ouvrez-votre-compte-joueur\/\"><span style=\"color: #993366;\">inscrivez-vous d\u00e8s maintenant sur LottoHoy<\/span><\/a><\/strong> et choisissez vos num\u00e9ros pr\u00e9f\u00e9r\u00e9s, qu&rsquo;attendez-vous ?<\/p>\n","protected":false},"excerpt":{"rendered":"","protected":false},"author":2,"featured_media":0,"parent":4004,"menu_order":2,"comment_status":"closed","ping_status":"closed","template":"megamillion-results.php","meta":{"_et_pb_use_builder":"","_et_pb_old_content":"","_et_gb_content_width":"","exclude_from_search":false,"footnotes":""},"class_list":["post-4020","page","type-page","status-publish","hentry"],"yoast_head":"<!-- This site is optimized with the Yoast SEO plugin v23.7 - https:\/\/yoast.com\/wordpress\/plugins\/seo\/ -->\n<title>R\u00e9sultats de lotterie Mega Millions - Lottohoy<\/title>\n<meta name=\"description\" content=\"Jetez un coup d&#039;\u0153il aux derniers r\u00e9sultats du tirage de Mega Millions. S&#039;ils correspondent \u00e0 la combinaison que vous avez choisie, alors vous \u00eates un nouveau multimillionnaire.\" \/>\n<meta name=\"robots\" content=\"index, follow, max-snippet:-1, max-image-preview:large, max-video-preview:-1\" \/>\n<link rel=\"canonical\" href=\"https:\/\/lottohoy.com\/fr\/resultats\/mega-millions\/\" \/>\n<meta property=\"og:locale\" content=\"fr_FR\" \/>\n<meta property=\"og:type\" content=\"article\" \/>\n<meta property=\"og:title\" content=\"R\u00e9sultats de lotterie Mega Millions - Lottohoy\" \/>\n<meta property=\"og:description\" content=\"Jetez un coup d&#039;\u0153il aux derniers r\u00e9sultats du tirage de Mega Millions. S&#039;ils correspondent \u00e0 la combinaison que vous avez choisie, alors vous \u00eates un nouveau multimillionnaire.\" \/>\n<meta property=\"og:url\" content=\"https:\/\/lottohoy.com\/fr\/resultats\/mega-millions\/\" \/>\n<meta property=\"og:site_name\" content=\"Lottohoy\" \/>\n<meta property=\"article:modified_time\" content=\"2025-03-26T04:02:58+00:00\" \/>\n<meta name=\"twitter:card\" content=\"summary_large_image\" \/>\n<meta name=\"twitter:label1\" content=\"Dur\u00e9e de lecture estim\u00e9e\" \/>\n\t<meta name=\"twitter:data1\" content=\"1 minute\" \/>\n<script type=\"application\/ld+json\" class=\"yoast-schema-graph\">{\"@context\":\"https:\/\/schema.org\",\"@graph\":[{\"@type\":\"WebPage\",\"@id\":\"https:\/\/lottohoy.com\/fr\/resultats\/mega-millions\/\",\"url\":\"https:\/\/lottohoy.com\/fr\/resultats\/mega-millions\/\",\"name\":\"R\u00e9sultats de lotterie Mega Millions - Lottohoy\",\"isPartOf\":{\"@id\":\"https:\/\/lottohoy.com\/fr\/#website\"},\"datePublished\":\"2018-05-03T13:23:38+00:00\",\"dateModified\":\"2025-03-26T04:02:58+00:00\",\"description\":\"Jetez un coup d'\u0153il aux derniers r\u00e9sultats du tirage de Mega Millions. S'ils correspondent \u00e0 la combinaison que vous avez choisie, alors vous \u00eates un nouveau multimillionnaire.\",\"breadcrumb\":{\"@id\":\"https:\/\/lottohoy.com\/fr\/resultats\/mega-millions\/#breadcrumb\"},\"inLanguage\":\"fr-FR\",\"potentialAction\":[{\"@type\":\"ReadAction\",\"target\":[\"https:\/\/lottohoy.com\/fr\/resultats\/mega-millions\/\"]}]},{\"@type\":\"BreadcrumbList\",\"@id\":\"https:\/\/lottohoy.com\/fr\/resultats\/mega-millions\/#breadcrumb\",\"itemListElement\":[{\"@type\":\"ListItem\",\"position\":1,\"name\":\"Home\",\"item\":\"https:\/\/lottohoy.com\/fr\/\"},{\"@type\":\"ListItem\",\"position\":2,\"name\":\"R\u00e9sultats du loto en ligne\",\"item\":\"https:\/\/lottohoy.com\/fr\/resultats\/\"},{\"@type\":\"ListItem\",\"position\":3,\"name\":\"R\u00e9sultats de lotterie Mega Millions\"}]},{\"@type\":\"WebSite\",\"@id\":\"https:\/\/lottohoy.com\/fr\/#website\",\"url\":\"https:\/\/lottohoy.com\/fr\/\",\"name\":\"Lottohoy\",\"description\":\"\",\"potentialAction\":[{\"@type\":\"SearchAction\",\"target\":{\"@type\":\"EntryPoint\",\"urlTemplate\":\"https:\/\/lottohoy.com\/fr\/?s={search_term_string}\"},\"query-input\":{\"@type\":\"PropertyValueSpecification\",\"valueRequired\":true,\"valueName\":\"search_term_string\"}}],\"inLanguage\":\"fr-FR\"}]}<\/script>\n<!-- \/ Yoast SEO plugin. -->","yoast_head_json":{"title":"R\u00e9sultats de lotterie Mega Millions - Lottohoy","description":"Jetez un coup d'\u0153il aux derniers r\u00e9sultats du tirage de Mega Millions. S'ils correspondent \u00e0 la combinaison que vous avez choisie, alors vous \u00eates un nouveau multimillionnaire.","robots":{"index":"index","follow":"follow","max-snippet":"max-snippet:-1","max-image-preview":"max-image-preview:large","max-video-preview":"max-video-preview:-1"},"canonical":"https:\/\/lottohoy.com\/fr\/resultats\/mega-millions\/","og_locale":"fr_FR","og_type":"article","og_title":"R\u00e9sultats de lotterie Mega Millions - Lottohoy","og_description":"Jetez un coup d'\u0153il aux derniers r\u00e9sultats du tirage de Mega Millions. S'ils correspondent \u00e0 la combinaison que vous avez choisie, alors vous \u00eates un nouveau multimillionnaire.","og_url":"https:\/\/lottohoy.com\/fr\/resultats\/mega-millions\/","og_site_name":"Lottohoy","article_modified_time":"2025-03-26T04:02:58+00:00","twitter_card":"summary_large_image","twitter_misc":{"Dur\u00e9e de lecture estim\u00e9e":"1 minute"},"schema":{"@context":"https:\/\/schema.org","@graph":[{"@type":"WebPage","@id":"https:\/\/lottohoy.com\/fr\/resultats\/mega-millions\/","url":"https:\/\/lottohoy.com\/fr\/resultats\/mega-millions\/","name":"R\u00e9sultats de lotterie Mega Millions - Lottohoy","isPartOf":{"@id":"https:\/\/lottohoy.com\/fr\/#website"},"datePublished":"2018-05-03T13:23:38+00:00","dateModified":"2025-03-26T04:02:58+00:00","description":"Jetez un coup d'\u0153il aux derniers r\u00e9sultats du tirage de Mega Millions. S'ils correspondent \u00e0 la combinaison que vous avez choisie, alors vous \u00eates un nouveau multimillionnaire.","breadcrumb":{"@id":"https:\/\/lottohoy.com\/fr\/resultats\/mega-millions\/#breadcrumb"},"inLanguage":"fr-FR","potentialAction":[{"@type":"ReadAction","target":["https:\/\/lottohoy.com\/fr\/resultats\/mega-millions\/"]}]},{"@type":"BreadcrumbList","@id":"https:\/\/lottohoy.com\/fr\/resultats\/mega-millions\/#breadcrumb","itemListElement":[{"@type":"ListItem","position":1,"name":"Home","item":"https:\/\/lottohoy.com\/fr\/"},{"@type":"ListItem","position":2,"name":"R\u00e9sultats du loto en ligne","item":"https:\/\/lottohoy.com\/fr\/resultats\/"},{"@type":"ListItem","position":3,"name":"R\u00e9sultats de lotterie Mega Millions"}]},{"@type":"WebSite","@id":"https:\/\/lottohoy.com\/fr\/#website","url":"https:\/\/lottohoy.com\/fr\/","name":"Lottohoy","description":"","potentialAction":[{"@type":"SearchAction","target":{"@type":"EntryPoint","urlTemplate":"https:\/\/lottohoy.com\/fr\/?s={search_term_string}"},"query-input":{"@type":"PropertyValueSpecification","valueRequired":true,"valueName":"search_term_string"}}],"inLanguage":"fr-FR"}]}},"_links":{"self":[{"href":"https:\/\/lottohoy.com\/fr\/wp-json\/wp\/v2\/pages\/4020","targetHints":{"allow":["GET"]}}],"collection":[{"href":"https:\/\/lottohoy.com\/fr\/wp-json\/wp\/v2\/pages"}],"about":[{"href":"https:\/\/lottohoy.com\/fr\/wp-json\/wp\/v2\/types\/page"}],"author":[{"embeddable":true,"href":"https:\/\/lottohoy.com\/fr\/wp-json\/wp\/v2\/users\/2"}],"replies":[{"embeddable":true,"href":"https:\/\/lottohoy.com\/fr\/wp-json\/wp\/v2\/comments?post=4020"}],"version-history":[{"count":2,"href":"https:\/\/lottohoy.com\/fr\/wp-json\/wp\/v2\/pages\/4020\/revisions"}],"predecessor-version":[{"id":16920,"href":"https:\/\/lottohoy.com\/fr\/wp-json\/wp\/v2\/pages\/4020\/revisions\/16920"}],"up":[{"embeddable":true,"href":"https:\/\/lottohoy.com\/fr\/wp-json\/wp\/v2\/pages\/4004"}],"wp:attachment":[{"href":"https:\/\/lottohoy.com\/fr\/wp-json\/wp\/v2\/media?parent=4020"}],"curies":[{"name":"wp","href":"https:\/\/api.w.org\/{rel}","templated":true}]}}