{"id":4018,"date":"2018-08-21T10:11:29","date_gmt":"2018-08-21T09:11:29","guid":{"rendered":"https:\/\/www.lottohoy.com\/?page_id=4018"},"modified":"2025-03-26T04:41:49","modified_gmt":"2025-03-26T04:41:49","slug":"la-primitiva","status":"publish","type":"page","link":"https:\/\/lottohoy.com\/fr\/resultats\/la-primitiva\/","title":{"rendered":"R\u00e9sultats de lotterie La Primitiva"},"content":{"rendered":"<p>Cette page pr\u00e9sente une ventilation d\u00e9taill\u00e9e des r\u00e9sultats des tirages de la loterie Primitiva, le jackpot estim\u00e9 pour ce dernier tirage et d&rsquo;autres d\u00e9tails int\u00e9ressants<\/p>\n<p><!--more--><\/p>\n<h2><strong>R\u00e9sultats de Primitiva d&rsquo;aujourd&rsquo;hui<\/strong><\/h2>\n<p>Cet encadr\u00e9 pr\u00e9sente les r\u00e9sultats du dernier tirage et la r\u00e9partition des prix pour chacune des sept cat\u00e9gories.<\/p>\n<p>Le nombre estim\u00e9 de gagnants par cat\u00e9gorie et le montant \u00e0 r\u00e9partir entre eux.<\/p>\n<h2><strong>Tous les r\u00e9sultats de la Primitiva<\/strong><\/h2>\n<p>En plus des r\u00e9sultats du dernier tirage, vous trouverez sur cette page les r\u00e9sultats de tous les tirages effectu\u00e9s au cours des 24 derniers mois.<\/p>\n<p>\u00c0 la droite de la combinaison gagnante du dernier tirage au sort, il y a des cases grises avec des fl\u00e8ches qui vous permettront de passer en revue les dates des tirages pr\u00e9c\u00e9dents.<\/p>\n","protected":false},"excerpt":{"rendered":"<p>Cette page pr\u00e9sente une ventilation d\u00e9taill\u00e9e des r\u00e9sultats des tirages de la loterie Primitiva, le jackpot estim\u00e9 pour ce dernier tirage et d&rsquo;autres d\u00e9tails int\u00e9ressants<\/p>\n","protected":false},"author":2,"featured_media":0,"parent":4004,"menu_order":6,"comment_status":"closed","ping_status":"closed","template":"la-primitiva-results.php","meta":{"_et_pb_use_builder":"","_et_pb_old_content":"","_et_gb_content_width":"","exclude_from_search":false,"footnotes":""},"class_list":["post-4018","page","type-page","status-publish","hentry"],"yoast_head":"<!-- This site is optimized with the Yoast SEO plugin v23.7 - https:\/\/yoast.com\/wordpress\/plugins\/seo\/ -->\n<title>R\u00e9sultats de La Primitiva - V\u00e9rifiez si vous avez gagn\u00e9<\/title>\n<meta name=\"description\" content=\"Cette page montre les r\u00e9sultats des tirages de la loterie Primitiva, le jackpot estim\u00e9 pour ce dernier tirage, et d&#039;autres d\u00e9tails int\u00e9ressants.\" \/>\n<meta name=\"robots\" content=\"index, follow, max-snippet:-1, max-image-preview:large, max-video-preview:-1\" \/>\n<link rel=\"canonical\" href=\"https:\/\/lottohoy.com\/fr\/resultats\/la-primitiva\/\" \/>\n<meta property=\"og:locale\" content=\"fr_FR\" \/>\n<meta property=\"og:type\" content=\"article\" \/>\n<meta property=\"og:title\" content=\"R\u00e9sultats de La Primitiva - V\u00e9rifiez si vous avez gagn\u00e9\" \/>\n<meta property=\"og:description\" content=\"Cette page montre les r\u00e9sultats des tirages de la loterie Primitiva, le jackpot estim\u00e9 pour ce dernier tirage, et d&#039;autres d\u00e9tails int\u00e9ressants.\" \/>\n<meta property=\"og:url\" content=\"https:\/\/lottohoy.com\/fr\/resultats\/la-primitiva\/\" \/>\n<meta property=\"og:site_name\" content=\"Lottohoy\" \/>\n<meta property=\"article:modified_time\" content=\"2025-03-26T04:41:49+00:00\" \/>\n<meta name=\"twitter:card\" content=\"summary_large_image\" \/>\n<meta name=\"twitter:label1\" content=\"Dur\u00e9e de lecture estim\u00e9e\" \/>\n\t<meta name=\"twitter:data1\" content=\"1 minute\" \/>\n<script type=\"application\/ld+json\" class=\"yoast-schema-graph\">{\"@context\":\"https:\/\/schema.org\",\"@graph\":[{\"@type\":\"WebPage\",\"@id\":\"https:\/\/lottohoy.com\/fr\/resultats\/la-primitiva\/\",\"url\":\"https:\/\/lottohoy.com\/fr\/resultats\/la-primitiva\/\",\"name\":\"R\u00e9sultats de La Primitiva - V\u00e9rifiez si vous avez gagn\u00e9\",\"isPartOf\":{\"@id\":\"https:\/\/lottohoy.com\/fr\/#website\"},\"datePublished\":\"2018-08-21T09:11:29+00:00\",\"dateModified\":\"2025-03-26T04:41:49+00:00\",\"description\":\"Cette page montre les r\u00e9sultats des tirages de la loterie Primitiva, le jackpot estim\u00e9 pour ce dernier tirage, et d'autres d\u00e9tails int\u00e9ressants.\",\"breadcrumb\":{\"@id\":\"https:\/\/lottohoy.com\/fr\/resultats\/la-primitiva\/#breadcrumb\"},\"inLanguage\":\"fr-FR\",\"potentialAction\":[{\"@type\":\"ReadAction\",\"target\":[\"https:\/\/lottohoy.com\/fr\/resultats\/la-primitiva\/\"]}]},{\"@type\":\"BreadcrumbList\",\"@id\":\"https:\/\/lottohoy.com\/fr\/resultats\/la-primitiva\/#breadcrumb\",\"itemListElement\":[{\"@type\":\"ListItem\",\"position\":1,\"name\":\"Home\",\"item\":\"https:\/\/lottohoy.com\/fr\/\"},{\"@type\":\"ListItem\",\"position\":2,\"name\":\"R\u00e9sultats du loto en ligne\",\"item\":\"https:\/\/lottohoy.com\/fr\/resultats\/\"},{\"@type\":\"ListItem\",\"position\":3,\"name\":\"R\u00e9sultats de lotterie La Primitiva\"}]},{\"@type\":\"WebSite\",\"@id\":\"https:\/\/lottohoy.com\/fr\/#website\",\"url\":\"https:\/\/lottohoy.com\/fr\/\",\"name\":\"Lottohoy\",\"description\":\"\",\"potentialAction\":[{\"@type\":\"SearchAction\",\"target\":{\"@type\":\"EntryPoint\",\"urlTemplate\":\"https:\/\/lottohoy.com\/fr\/?s={search_term_string}\"},\"query-input\":{\"@type\":\"PropertyValueSpecification\",\"valueRequired\":true,\"valueName\":\"search_term_string\"}}],\"inLanguage\":\"fr-FR\"}]}<\/script>\n<!-- \/ Yoast SEO plugin. -->","yoast_head_json":{"title":"R\u00e9sultats de La Primitiva - V\u00e9rifiez si vous avez gagn\u00e9","description":"Cette page montre les r\u00e9sultats des tirages de la loterie Primitiva, le jackpot estim\u00e9 pour ce dernier tirage, et d'autres d\u00e9tails int\u00e9ressants.","robots":{"index":"index","follow":"follow","max-snippet":"max-snippet:-1","max-image-preview":"max-image-preview:large","max-video-preview":"max-video-preview:-1"},"canonical":"https:\/\/lottohoy.com\/fr\/resultats\/la-primitiva\/","og_locale":"fr_FR","og_type":"article","og_title":"R\u00e9sultats de La Primitiva - V\u00e9rifiez si vous avez gagn\u00e9","og_description":"Cette page montre les r\u00e9sultats des tirages de la loterie Primitiva, le jackpot estim\u00e9 pour ce dernier tirage, et d'autres d\u00e9tails int\u00e9ressants.","og_url":"https:\/\/lottohoy.com\/fr\/resultats\/la-primitiva\/","og_site_name":"Lottohoy","article_modified_time":"2025-03-26T04:41:49+00:00","twitter_card":"summary_large_image","twitter_misc":{"Dur\u00e9e de lecture estim\u00e9e":"1 minute"},"schema":{"@context":"https:\/\/schema.org","@graph":[{"@type":"WebPage","@id":"https:\/\/lottohoy.com\/fr\/resultats\/la-primitiva\/","url":"https:\/\/lottohoy.com\/fr\/resultats\/la-primitiva\/","name":"R\u00e9sultats de La Primitiva - V\u00e9rifiez si vous avez gagn\u00e9","isPartOf":{"@id":"https:\/\/lottohoy.com\/fr\/#website"},"datePublished":"2018-08-21T09:11:29+00:00","dateModified":"2025-03-26T04:41:49+00:00","description":"Cette page montre les r\u00e9sultats des tirages de la loterie Primitiva, le jackpot estim\u00e9 pour ce dernier tirage, et d'autres d\u00e9tails int\u00e9ressants.","breadcrumb":{"@id":"https:\/\/lottohoy.com\/fr\/resultats\/la-primitiva\/#breadcrumb"},"inLanguage":"fr-FR","potentialAction":[{"@type":"ReadAction","target":["https:\/\/lottohoy.com\/fr\/resultats\/la-primitiva\/"]}]},{"@type":"BreadcrumbList","@id":"https:\/\/lottohoy.com\/fr\/resultats\/la-primitiva\/#breadcrumb","itemListElement":[{"@type":"ListItem","position":1,"name":"Home","item":"https:\/\/lottohoy.com\/fr\/"},{"@type":"ListItem","position":2,"name":"R\u00e9sultats du loto en ligne","item":"https:\/\/lottohoy.com\/fr\/resultats\/"},{"@type":"ListItem","position":3,"name":"R\u00e9sultats de lotterie La Primitiva"}]},{"@type":"WebSite","@id":"https:\/\/lottohoy.com\/fr\/#website","url":"https:\/\/lottohoy.com\/fr\/","name":"Lottohoy","description":"","potentialAction":[{"@type":"SearchAction","target":{"@type":"EntryPoint","urlTemplate":"https:\/\/lottohoy.com\/fr\/?s={search_term_string}"},"query-input":{"@type":"PropertyValueSpecification","valueRequired":true,"valueName":"search_term_string"}}],"inLanguage":"fr-FR"}]}},"_links":{"self":[{"href":"https:\/\/lottohoy.com\/fr\/wp-json\/wp\/v2\/pages\/4018","targetHints":{"allow":["GET"]}}],"collection":[{"href":"https:\/\/lottohoy.com\/fr\/wp-json\/wp\/v2\/pages"}],"about":[{"href":"https:\/\/lottohoy.com\/fr\/wp-json\/wp\/v2\/types\/page"}],"author":[{"embeddable":true,"href":"https:\/\/lottohoy.com\/fr\/wp-json\/wp\/v2\/users\/2"}],"replies":[{"embeddable":true,"href":"https:\/\/lottohoy.com\/fr\/wp-json\/wp\/v2\/comments?post=4018"}],"version-history":[{"count":1,"href":"https:\/\/lottohoy.com\/fr\/wp-json\/wp\/v2\/pages\/4018\/revisions"}],"predecessor-version":[{"id":10760,"href":"https:\/\/lottohoy.com\/fr\/wp-json\/wp\/v2\/pages\/4018\/revisions\/10760"}],"up":[{"embeddable":true,"href":"https:\/\/lottohoy.com\/fr\/wp-json\/wp\/v2\/pages\/4004"}],"wp:attachment":[{"href":"https:\/\/lottohoy.com\/fr\/wp-json\/wp\/v2\/media?parent=4018"}],"curies":[{"name":"wp","href":"https:\/\/api.w.org\/{rel}","templated":true}]}}