{"id":4016,"date":"2019-02-13T18:37:04","date_gmt":"2019-02-13T18:37:04","guid":{"rendered":"https:\/\/www.lottohoy.com\/?page_id=4016"},"modified":"2025-03-26T04:34:30","modified_gmt":"2025-03-26T04:34:30","slug":"el-gordo-primitiva","status":"publish","type":"page","link":"https:\/\/lottohoy.com\/fr\/resultats\/el-gordo-primitiva\/","title":{"rendered":"R\u00e9sultats de lotterie El Gordo"},"content":{"rendered":"<p><!--more--><\/p>\n<h2><strong>V\u00e9rifier Gordo de la Primitiva<\/strong><\/h2>\n<p>Pour v\u00e9rifier si le pari de El Gordo de la Primitiva a \u00e9t\u00e9 attribu\u00e9, il suffit de comparer les num\u00e9ros de la combinaison indiqu\u00e9e sur votre billet avec le r\u00e9sultat indiqu\u00e9 sur cette page.<\/p>\n<p>Si vous gagnez un prix dans les diff\u00e9rentes <strong>cat\u00e9gories du Gordo de la Primitiva<\/strong>, les num\u00e9ros gagnants et le montant de votre gain seront automatiquement refl\u00e9t\u00e9s dans votre compte utilisateur, et seront disponibles d\u00e8s ce moment.<\/p>\n<p>Vous pouvez \u00e9galement consulter le jackpot accumul\u00e9, les gagnants et les prix dans chacune des cat\u00e9gories et les pr\u00e9c\u00e9dents tirages jusqu&rsquo;\u00e0 24 mois.<\/p>\n<h2><strong>R\u00e9sultats du Gordo de la Primitiva<\/strong><\/h2>\n<p>Sur cette page sont refl\u00e9t\u00e9s en d\u00e9tail, les r\u00e9sultats des tirages au sort du Gordo de la Primitiva, le jackpot estim\u00e9 pour ce tirage, ainsi que d&rsquo;autres d\u00e9tails d&rsquo;int\u00e9r\u00eat maximum pour la pr\u00e9vision de vos prochaines parties.<\/p>\n<p>A droite de la combinaison gagnante de ce dernier tirage, il y a trois cases. Le carr\u00e9 central indique la date du tirage en cours d&rsquo;examen, et des deux c\u00f4t\u00e9s de ce carr\u00e9 central, des fl\u00e8ches \u00e0 droite et \u00e0 gauche permettent de consulter les dates des tirages pr\u00e9c\u00e9dents et d&rsquo;avancer de ces tirages \u00e0 la date la plus r\u00e9cente.<\/p>\n<h2><strong>V\u00e9rifiez le Gordo de La Primitiva d\u00e8s aujourd&rsquo;hui<\/strong><\/h2>\n<p>Il montre un grand tableau avec les r\u00e9sultats et la r\u00e9partition des prix par cat\u00e9gories du dernier tirage au sort du Gordo aujourd&rsquo;hui.<\/p>\n<p>Les cat\u00e9gories de prix (jusqu&rsquo;\u00e0 9 cat\u00e9gories diff\u00e9rentes), les succ\u00e8s n\u00e9cessaires pour opter pour certaines cat\u00e9gories de prix.<\/p>\n<p>Les gagnants de chacune des cat\u00e9gories, ainsi que le prix obtenu par chacun des gagnants.<\/p>\n<p>En fermant cette grande case, le nombre total de gagnants de ce tirage est indiqu\u00e9, et le montant total d&rsquo;argent qui est distribu\u00e9 parmi le nombre total de gagnants.<\/p>\n<h2><strong>Prix El Gordo de la Primitiva<\/strong><\/h2>\n<p>Avec seulement deux num\u00e9ros principaux, vous obtenez un prix fixe de 3 \u20ac, tandis que si seulement le nombre cl\u00e9 ou la remise est \u00e9gal\u00e9, le gain est le retour du montant de la mise de base.<\/p>\n<p>La valeur des prix varie d&rsquo;un tirage au sort \u00e0 l&rsquo;autre, car ils sont bas\u00e9s sur les ventes de billets et les gagnants dans chaque cat\u00e9gorie.<\/p>\n<p>Le tableau ci-dessous indique les diff\u00e9rentes cat\u00e9gories de prix, ainsi que le pourcentage du produit de la vente attribu\u00e9 \u00e0 chacune d&rsquo;entre elles.<\/p>\n<table width=\"548\">\n<tbody>\n<tr>\n<td style=\"text-align: center;\" width=\"179\"><span style=\"color: #993366;\"><strong>Cat\u00e9gorie de prix<\/strong><\/span><\/td>\n<td style=\"text-align: center;\" width=\"170\"><span style=\"color: #993366;\"><strong>Nombre de hits<\/strong><\/span><\/td>\n<td style=\"text-align: center;\" width=\"198\"><span style=\"color: #993366;\"><strong>Pourcentages attribu\u00e9s<\/strong><\/span><\/td>\n<\/tr>\n<tr>\n<td style=\"text-align: center;\" width=\"179\">I (JACKPOT)<\/td>\n<td style=\"text-align: center;\" width=\"170\">5 Num\u00e9ros + remboursement<\/td>\n<td style=\"text-align: center;\" width=\"198\">22%<\/td>\n<\/tr>\n<tr>\n<td style=\"text-align: center;\" width=\"179\">II<\/td>\n<td style=\"text-align: center;\" width=\"170\">5 Num\u00e9ros<\/td>\n<td style=\"text-align: center;\" width=\"198\">33%<\/td>\n<\/tr>\n<tr>\n<td style=\"text-align: center;\" width=\"179\">III<\/td>\n<td style=\"text-align: center;\" width=\"170\">4 Num\u00e9ros + remboursement<\/td>\n<td style=\"text-align: center;\" width=\"198\">6%<\/td>\n<\/tr>\n<tr>\n<td style=\"text-align: center;\" width=\"179\">IV<\/td>\n<td style=\"text-align: center;\" width=\"170\">4 Num\u00e9ros<\/td>\n<td style=\"text-align: center;\" width=\"198\">7%<\/td>\n<\/tr>\n<tr>\n<td style=\"text-align: center;\" width=\"179\">V<\/td>\n<td style=\"text-align: center;\" width=\"170\">3 Num\u00e9ros + remboursement<\/td>\n<td style=\"text-align: center;\" width=\"198\">8%<\/td>\n<\/tr>\n<tr>\n<td style=\"text-align: center;\" width=\"179\">VI<\/td>\n<td style=\"text-align: center;\" width=\"170\">3 Num\u00e9ros<\/td>\n<td style=\"text-align: center;\" width=\"198\">26%<\/td>\n<\/tr>\n<tr>\n<td style=\"text-align: center;\" width=\"179\">VII<\/td>\n<td style=\"text-align: center;\" width=\"170\">2 Num\u00e9ros + remboursement<\/td>\n<td style=\"text-align: center;\" width=\"198\">20%<\/td>\n<\/tr>\n<tr>\n<td style=\"text-align: center;\" width=\"179\">VIII<\/td>\n<td style=\"text-align: center;\" width=\"170\">2 Num\u00e9ros<\/td>\n<td style=\"text-align: center;\" width=\"198\">Fixe 3 \u20ac<\/td>\n<\/tr>\n<tr>\n<td style=\"text-align: center;\" width=\"179\">Remboursement<\/td>\n<td style=\"text-align: center;\" width=\"170\">Num\u00e9ro clave<\/td>\n<td style=\"text-align: center;\" width=\"198\">10%<\/td>\n<\/tr>\n<\/tbody>\n<\/table>\n<h2><strong>Jackpot du Gordo de la Primitiva<\/strong><\/h2>\n<p>Il y a un jackpot minimum garanti pour le Gordo de la Primitiva de 5 millions d&rsquo;euros et est accumul\u00e9 pour le prochain tirage s&rsquo;il n&rsquo;y a pas de gagnant de premi\u00e8re cat\u00e9gorie.<\/p>\n<p>Le jackpot peut continuer \u00e0 cro\u00eetre de fa\u00e7on illimit\u00e9e jusqu&rsquo;\u00e0 ce qu&rsquo;il y ait un gagnant qui correspond aux 5 num\u00e9ros principaux et le remboursement ou la cl\u00e9.<\/p>\n<p>Les plus gros jackpots accumul\u00e9s par le tirage du Gordo de la Primitiva depuis sa cr\u00e9ation en 1993 jusqu&rsquo;\u00e0 nos jours sont les suivants :<\/p>\n<table>\n<tbody>\n<tr>\n<td style=\"text-align: center;\" width=\"170\"><span style=\"color: #993366;\"><strong>Date<\/strong><\/span><\/td>\n<td style=\"text-align: center;\" width=\"208\"><span style=\"color: #993366;\">Montant<\/span><\/td>\n<td width=\"3\"><\/td>\n<\/tr>\n<tr>\n<td style=\"text-align: center;\" width=\"170\">19\/9\/2010<\/td>\n<td style=\"text-align: center;\" width=\"208\">36.675.630,47 \u20ac<\/td>\n<td width=\"3\"><\/td>\n<\/tr>\n<tr>\n<td style=\"text-align: center;\" width=\"170\">12\/9\/2010<\/td>\n<td style=\"text-align: center;\" width=\"208\">34.230.938,33 \u20ac<\/td>\n<td width=\"3\"><\/td>\n<\/tr>\n<tr>\n<td style=\"text-align: center;\" width=\"170\">14\/8\/2011<\/td>\n<td style=\"text-align: center;\" width=\"208\">30.000.000,00 \u20ac<\/td>\n<td width=\"3\"><\/td>\n<\/tr>\n<tr>\n<td style=\"text-align: center;\" width=\"170\">5\/9\/2010<\/td>\n<td style=\"text-align: center;\" width=\"208\">32.390.368,22 \u20ac<\/td>\n<td width=\"3\"><\/td>\n<\/tr>\n<tr>\n<td style=\"text-align: center;\" width=\"170\">14\/8\/2011<\/td>\n<td style=\"text-align: center;\" width=\"208\">31.626.895,12 \u20ac<\/td>\n<td width=\"3\"><\/td>\n<\/tr>\n<tr>\n<td style=\"text-align: center;\" width=\"170\">20\/8\/2010<\/td>\n<td style=\"text-align: center;\" width=\"208\">30.714.123,47 \u20ac<\/td>\n<td width=\"3\"><\/td>\n<\/tr>\n<\/tbody>\n<\/table>\n","protected":false},"excerpt":{"rendered":"","protected":false},"author":2,"featured_media":0,"parent":4004,"menu_order":6,"comment_status":"closed","ping_status":"closed","template":"el-gordo-results.php","meta":{"_et_pb_use_builder":"","_et_pb_old_content":"","_et_gb_content_width":"","exclude_from_search":false,"footnotes":""},"class_list":["post-4016","page","type-page","status-publish","hentry"],"yoast_head":"<!-- This site is optimized with the Yoast SEO plugin v23.7 - https:\/\/yoast.com\/wordpress\/plugins\/seo\/ -->\n<title>V\u00e9rifier El Gordo de la Primitiva - R\u00e9sultats de loterie - LottoHoy<\/title>\n<meta name=\"description\" content=\"V\u00e9rifiez si vous \u00eates le gagnant de l&#039;un des derniers tirages au sort de El Gordo de La Primitiva. Des r\u00e9sultats \u00e0 jour au bout de vos doigts.\" \/>\n<meta name=\"robots\" content=\"index, follow, max-snippet:-1, max-image-preview:large, max-video-preview:-1\" \/>\n<link rel=\"canonical\" href=\"https:\/\/lottohoy.com\/fr\/resultats\/el-gordo-primitiva\/\" \/>\n<meta property=\"og:locale\" content=\"fr_FR\" \/>\n<meta property=\"og:type\" content=\"article\" \/>\n<meta property=\"og:title\" content=\"V\u00e9rifier El Gordo de la Primitiva - R\u00e9sultats de loterie - LottoHoy\" \/>\n<meta property=\"og:description\" content=\"V\u00e9rifiez si vous \u00eates le gagnant de l&#039;un des derniers tirages au sort de El Gordo de La Primitiva. Des r\u00e9sultats \u00e0 jour au bout de vos doigts.\" \/>\n<meta property=\"og:url\" content=\"https:\/\/lottohoy.com\/fr\/resultats\/el-gordo-primitiva\/\" \/>\n<meta property=\"og:site_name\" content=\"Lottohoy\" \/>\n<meta property=\"article:modified_time\" content=\"2025-03-26T04:34:30+00:00\" \/>\n<meta name=\"twitter:card\" content=\"summary_large_image\" \/>\n<meta name=\"twitter:label1\" content=\"Dur\u00e9e de lecture estim\u00e9e\" \/>\n\t<meta name=\"twitter:data1\" content=\"3 minutes\" \/>\n<script type=\"application\/ld+json\" class=\"yoast-schema-graph\">{\"@context\":\"https:\/\/schema.org\",\"@graph\":[{\"@type\":\"WebPage\",\"@id\":\"https:\/\/lottohoy.com\/fr\/resultats\/el-gordo-primitiva\/\",\"url\":\"https:\/\/lottohoy.com\/fr\/resultats\/el-gordo-primitiva\/\",\"name\":\"V\u00e9rifier El Gordo de la Primitiva - R\u00e9sultats de loterie - LottoHoy\",\"isPartOf\":{\"@id\":\"https:\/\/lottohoy.com\/fr\/#website\"},\"datePublished\":\"2019-02-13T18:37:04+00:00\",\"dateModified\":\"2025-03-26T04:34:30+00:00\",\"description\":\"V\u00e9rifiez si vous \u00eates le gagnant de l'un des derniers tirages au sort de El Gordo de La Primitiva. Des r\u00e9sultats \u00e0 jour au bout de vos doigts.\",\"breadcrumb\":{\"@id\":\"https:\/\/lottohoy.com\/fr\/resultats\/el-gordo-primitiva\/#breadcrumb\"},\"inLanguage\":\"fr-FR\",\"potentialAction\":[{\"@type\":\"ReadAction\",\"target\":[\"https:\/\/lottohoy.com\/fr\/resultats\/el-gordo-primitiva\/\"]}]},{\"@type\":\"BreadcrumbList\",\"@id\":\"https:\/\/lottohoy.com\/fr\/resultats\/el-gordo-primitiva\/#breadcrumb\",\"itemListElement\":[{\"@type\":\"ListItem\",\"position\":1,\"name\":\"Home\",\"item\":\"https:\/\/lottohoy.com\/fr\/\"},{\"@type\":\"ListItem\",\"position\":2,\"name\":\"R\u00e9sultats du loto en ligne\",\"item\":\"https:\/\/lottohoy.com\/fr\/resultats\/\"},{\"@type\":\"ListItem\",\"position\":3,\"name\":\"R\u00e9sultats de lotterie El Gordo\"}]},{\"@type\":\"WebSite\",\"@id\":\"https:\/\/lottohoy.com\/fr\/#website\",\"url\":\"https:\/\/lottohoy.com\/fr\/\",\"name\":\"Lottohoy\",\"description\":\"\",\"potentialAction\":[{\"@type\":\"SearchAction\",\"target\":{\"@type\":\"EntryPoint\",\"urlTemplate\":\"https:\/\/lottohoy.com\/fr\/?s={search_term_string}\"},\"query-input\":{\"@type\":\"PropertyValueSpecification\",\"valueRequired\":true,\"valueName\":\"search_term_string\"}}],\"inLanguage\":\"fr-FR\"}]}<\/script>\n<!-- \/ Yoast SEO plugin. -->","yoast_head_json":{"title":"V\u00e9rifier El Gordo de la Primitiva - R\u00e9sultats de loterie - LottoHoy","description":"V\u00e9rifiez si vous \u00eates le gagnant de l'un des derniers tirages au sort de El Gordo de La Primitiva. Des r\u00e9sultats \u00e0 jour au bout de vos doigts.","robots":{"index":"index","follow":"follow","max-snippet":"max-snippet:-1","max-image-preview":"max-image-preview:large","max-video-preview":"max-video-preview:-1"},"canonical":"https:\/\/lottohoy.com\/fr\/resultats\/el-gordo-primitiva\/","og_locale":"fr_FR","og_type":"article","og_title":"V\u00e9rifier El Gordo de la Primitiva - R\u00e9sultats de loterie - LottoHoy","og_description":"V\u00e9rifiez si vous \u00eates le gagnant de l'un des derniers tirages au sort de El Gordo de La Primitiva. Des r\u00e9sultats \u00e0 jour au bout de vos doigts.","og_url":"https:\/\/lottohoy.com\/fr\/resultats\/el-gordo-primitiva\/","og_site_name":"Lottohoy","article_modified_time":"2025-03-26T04:34:30+00:00","twitter_card":"summary_large_image","twitter_misc":{"Dur\u00e9e de lecture estim\u00e9e":"3 minutes"},"schema":{"@context":"https:\/\/schema.org","@graph":[{"@type":"WebPage","@id":"https:\/\/lottohoy.com\/fr\/resultats\/el-gordo-primitiva\/","url":"https:\/\/lottohoy.com\/fr\/resultats\/el-gordo-primitiva\/","name":"V\u00e9rifier El Gordo de la Primitiva - R\u00e9sultats de loterie - LottoHoy","isPartOf":{"@id":"https:\/\/lottohoy.com\/fr\/#website"},"datePublished":"2019-02-13T18:37:04+00:00","dateModified":"2025-03-26T04:34:30+00:00","description":"V\u00e9rifiez si vous \u00eates le gagnant de l'un des derniers tirages au sort de El Gordo de La Primitiva. Des r\u00e9sultats \u00e0 jour au bout de vos doigts.","breadcrumb":{"@id":"https:\/\/lottohoy.com\/fr\/resultats\/el-gordo-primitiva\/#breadcrumb"},"inLanguage":"fr-FR","potentialAction":[{"@type":"ReadAction","target":["https:\/\/lottohoy.com\/fr\/resultats\/el-gordo-primitiva\/"]}]},{"@type":"BreadcrumbList","@id":"https:\/\/lottohoy.com\/fr\/resultats\/el-gordo-primitiva\/#breadcrumb","itemListElement":[{"@type":"ListItem","position":1,"name":"Home","item":"https:\/\/lottohoy.com\/fr\/"},{"@type":"ListItem","position":2,"name":"R\u00e9sultats du loto en ligne","item":"https:\/\/lottohoy.com\/fr\/resultats\/"},{"@type":"ListItem","position":3,"name":"R\u00e9sultats de lotterie El Gordo"}]},{"@type":"WebSite","@id":"https:\/\/lottohoy.com\/fr\/#website","url":"https:\/\/lottohoy.com\/fr\/","name":"Lottohoy","description":"","potentialAction":[{"@type":"SearchAction","target":{"@type":"EntryPoint","urlTemplate":"https:\/\/lottohoy.com\/fr\/?s={search_term_string}"},"query-input":{"@type":"PropertyValueSpecification","valueRequired":true,"valueName":"search_term_string"}}],"inLanguage":"fr-FR"}]}},"_links":{"self":[{"href":"https:\/\/lottohoy.com\/fr\/wp-json\/wp\/v2\/pages\/4016","targetHints":{"allow":["GET"]}}],"collection":[{"href":"https:\/\/lottohoy.com\/fr\/wp-json\/wp\/v2\/pages"}],"about":[{"href":"https:\/\/lottohoy.com\/fr\/wp-json\/wp\/v2\/types\/page"}],"author":[{"embeddable":true,"href":"https:\/\/lottohoy.com\/fr\/wp-json\/wp\/v2\/users\/2"}],"replies":[{"embeddable":true,"href":"https:\/\/lottohoy.com\/fr\/wp-json\/wp\/v2\/comments?post=4016"}],"version-history":[{"count":2,"href":"https:\/\/lottohoy.com\/fr\/wp-json\/wp\/v2\/pages\/4016\/revisions"}],"predecessor-version":[{"id":10942,"href":"https:\/\/lottohoy.com\/fr\/wp-json\/wp\/v2\/pages\/4016\/revisions\/10942"}],"up":[{"embeddable":true,"href":"https:\/\/lottohoy.com\/fr\/wp-json\/wp\/v2\/pages\/4004"}],"wp:attachment":[{"href":"https:\/\/lottohoy.com\/fr\/wp-json\/wp\/v2\/media?parent=4016"}],"curies":[{"name":"wp","href":"https:\/\/api.w.org\/{rel}","templated":true}]}}