{"id":4014,"date":"2024-10-23T06:14:09","date_gmt":"2024-10-23T05:14:09","guid":{"rendered":"https:\/\/www.lottohoy.com\/?page_id=4014"},"modified":"2025-03-26T05:25:53","modified_gmt":"2025-03-26T05:25:53","slug":"lotto-fr","status":"publish","type":"page","link":"https:\/\/lottohoy.com\/fr\/resultats\/lotto-fr\/","title":{"rendered":"R\u00e9sultats de Loto fran\u00e7ais (French Lotto)"},"content":{"rendered":"<p><!--more--><\/p>\n<h2><strong>V\u00e9rifier les r\u00e9sultats du Loto fran\u00e7ais (French Lotto)<\/strong><\/h2>\n<p>Pour v\u00e9rifier la combinaison gagnante des tirages du Loto fran\u00e7ais, il suffit de comparer les num\u00e9ros de la combinaison indiqu\u00e9e sur votre billet avec le r\u00e9sultat indiqu\u00e9 sur cette page. Et si vous avez achet\u00e9 un billet, vous le verrez dans votre profil utilisateur.<\/p>\n<p>Vous pouvez \u00e9galement consulter le <a href=\"https:\/\/lottohoy.com\/fr\/jackpots-de-loterie\/\"><span style=\"color: #993366;\"><strong>jackpot accumul\u00e9 aujourd&rsquo;hui<\/strong><\/span><\/a>, les gagnants et les prix dans chacune des cat\u00e9gories et les pr\u00e9c\u00e9dents tirages jusqu&rsquo;\u00e0 24 mois.<\/p>\n<h2><strong>Distribution des prix de la loterie de France (French Lotto)<\/strong><\/h2>\n<p>Si vous \u00eates un utilisateur enregistr\u00e9, les prix gagn\u00e9s sont d\u00e9pos\u00e9s directement dans le compte de l&rsquo;utilisateur afin que vous puissiez <a href=\"https:\/\/lottohoy.com\/fr\/jouer\/\"><strong><span style=\"color: #993366;\">jouer au French Lotto<\/span><\/strong><\/a>, si vous le souhaitez, avec des fonds en d\u00e9p\u00f4t.<\/p>\n<p>Cette page montre la combinaison gagnante du dernier tirage et la distribution des prix pour chacune des cat\u00e9gories.<\/p>\n<p>Le tableau montre la combinaison des 5 num\u00e9ros principaux plus le num\u00e9ro suppl\u00e9mentaire, aussi appel\u00e9 \u00ab\u00a0chance\u00a0\u00bb, qui d\u00e9termine le prix de la premi\u00e8re cat\u00e9gorie.<\/p>\n<h2><strong>Principaux prix et jackpots du Loto fran\u00e7ais (French Lotto)<\/strong><\/h2>\n<p>Les plus gros jackpots de l&rsquo;histoire de cette loterie sont :<\/p>\n<ul>\n<li>Le tirage au sort a eu lieu le 16 juin 2011, au cours duquel un seul gagnant s&rsquo;est vu d\u00e9cerner un prix de 24 millions d&rsquo;euros.<\/li>\n<li>Le 19 mai 2014, un prix de premier ordre d&rsquo;un montant total de 23 millions d&rsquo;euros a \u00e9t\u00e9 remport\u00e9.<\/li>\n<\/ul>\n<p>Le Loto fran\u00e7ais (French Lotto) est une loterie qui pourrait \u00eatre consid\u00e9r\u00e9e comme \u00ab\u00a0facile\u00a0\u00bb et bien qu&rsquo;il ait un prix minimum garanti de 2.000.000 \u20ac pour les gagnants de la premi\u00e8re cat\u00e9gorie (5 + 1), ne re\u00e7oivent g\u00e9n\u00e9ralement pas de jackpot des montants cumul\u00e9s supermillion comme les autres loteries europ\u00e9ennes ou am\u00e9ricaines. Et c&rsquo;est parce que vous l&rsquo;obtenez droit souvent et de nombreux millionnaires ont cr\u00e9\u00e9 cette loterie.<\/p>\n<p>Et par exemple, le cas d&rsquo;un joueur chanceux dans le sud de la France, notamment \u00e0 Montpellier, qui a remport\u00e9 le jackpot de cette loterie fran\u00e7aise \u00e0 deux reprises, en 1996 puis en 2011 en gagnant un total de 5.800.000 \u20ac.<\/p>\n<h2><strong>Num\u00e9ros les plus fr\u00e9quents dans les tirages au French Lotto<\/strong><\/h2>\n<p>Dans les 35 tirages de cette ann\u00e9e 2019, du premier, le 2 janvier jusqu&rsquo;au tirage du 23 mars, il y a la circonstance qu&rsquo;il y a des num\u00e9ros qui sortent habituellement plus souvent (certains les appellent <strong>\u00ab\u00a0num\u00e9ros chauds\u00a0\u00bb)<\/strong> et en m\u00eame temps d&rsquo;autres num\u00e9ros qui sont plus r\u00e9ticents \u00e0 sortir et ont moins de comparutions (appel\u00e9s<strong> \u00ab\u00a0num\u00e9ros froids\u00a0\u00bb).<\/strong><\/p>\n<p>En faisant une petite \u00e9tude sur ces 35 derniers dessins, nous constatons avec curiosit\u00e9 que parmi les chiffres consid\u00e9r\u00e9s \u00ab\u00a0froids\u00a0\u00bb, le chiffre 49 n&rsquo;est sorti dans aucun d&rsquo;entre eux, \u00a1<em>ce sera parce qu&rsquo;il fait tr\u00e8s froid<\/em> !<\/p>\n<p>Parmi les chiffres principaux, ceux qui ont eu le plus d&rsquo;apparitions sont :<\/p>\n<ul>\n<li>Le nombre 15, avec 10 apparitions (28,57%)<\/li>\n<li>Les num\u00e9ros 7, 11 et 25 avec 7 apparitions chacun (20%)<\/li>\n<li>Num\u00e9ro 1 avec 6 apparitions (17,14%)<\/li>\n<\/ul>\n<p>Au contraire, quand on voit les chiffres qui sont sortis moins souvent, en plus du chiffre 49 d\u00e9j\u00e0 indiqu\u00e9 qui n&rsquo;est pas sorti une seule fois, on le voit :<\/p>\n<ul>\n<li>Les chiffres 9, 27, 28 et 39 qui ne sont sortis qu&rsquo;une seule fois (2,86 %)<\/li>\n<\/ul>\n<p>Et en ce qui concerne les nombres suppl\u00e9mentaires ou \u00ab\u00a0chance\u00a0\u00bb, nous voyons aussi que le nombre 4, n&rsquo;est sorti en aucune occasion, tandis que le nombre 10, est sorti en 6 occasions.<\/p>\n","protected":false},"excerpt":{"rendered":"","protected":false},"author":2,"featured_media":0,"parent":4004,"menu_order":12,"comment_status":"closed","ping_status":"closed","template":"lotto-fr-results.php","meta":{"_et_pb_use_builder":"","_et_pb_old_content":"","_et_gb_content_width":"","exclude_from_search":false,"footnotes":""},"class_list":["post-4014","page","type-page","status-publish","hentry"],"yoast_head":"<!-- This site is optimized with the Yoast SEO plugin v23.7 - https:\/\/yoast.com\/wordpress\/plugins\/seo\/ -->\n<title>\u25b7 Consultez les R\u00e9sultats du Loto Fran\u00e7ais sur LottoHoy<\/title>\n<meta name=\"description\" content=\"V\u00e9rifiez si votre dernier billet de loterie fran\u00e7aise a \u00e9t\u00e9 attribu\u00e9 et combien il vous a correspondu, et consultez le prochain jackpot.\" \/>\n<meta name=\"robots\" content=\"index, follow, max-snippet:-1, max-image-preview:large, max-video-preview:-1\" \/>\n<link rel=\"canonical\" href=\"https:\/\/lottohoy.com\/fr\/resultats\/lotto-fr\/\" \/>\n<meta property=\"og:locale\" content=\"fr_FR\" \/>\n<meta property=\"og:type\" content=\"article\" \/>\n<meta property=\"og:title\" content=\"\u25b7 Consultez les R\u00e9sultats du Loto Fran\u00e7ais sur LottoHoy\" \/>\n<meta property=\"og:description\" content=\"V\u00e9rifiez si votre dernier billet de loterie fran\u00e7aise a \u00e9t\u00e9 attribu\u00e9 et combien il vous a correspondu, et consultez le prochain jackpot.\" \/>\n<meta property=\"og:url\" content=\"https:\/\/lottohoy.com\/fr\/resultats\/lotto-fr\/\" \/>\n<meta property=\"og:site_name\" content=\"Lottohoy\" \/>\n<meta property=\"article:modified_time\" content=\"2025-03-26T05:25:53+00:00\" \/>\n<meta name=\"twitter:card\" content=\"summary_large_image\" \/>\n<meta name=\"twitter:label1\" content=\"Dur\u00e9e de lecture estim\u00e9e\" \/>\n\t<meta name=\"twitter:data1\" content=\"3 minutes\" \/>\n<script type=\"application\/ld+json\" class=\"yoast-schema-graph\">{\"@context\":\"https:\/\/schema.org\",\"@graph\":[{\"@type\":\"WebPage\",\"@id\":\"https:\/\/lottohoy.com\/fr\/resultats\/lotto-fr\/\",\"url\":\"https:\/\/lottohoy.com\/fr\/resultats\/lotto-fr\/\",\"name\":\"\u25b7 Consultez les R\u00e9sultats du Loto Fran\u00e7ais sur LottoHoy\",\"isPartOf\":{\"@id\":\"https:\/\/lottohoy.com\/fr\/#website\"},\"datePublished\":\"2024-10-23T05:14:09+00:00\",\"dateModified\":\"2025-03-26T05:25:53+00:00\",\"description\":\"V\u00e9rifiez si votre dernier billet de loterie fran\u00e7aise a \u00e9t\u00e9 attribu\u00e9 et combien il vous a correspondu, et consultez le prochain jackpot.\",\"breadcrumb\":{\"@id\":\"https:\/\/lottohoy.com\/fr\/resultats\/lotto-fr\/#breadcrumb\"},\"inLanguage\":\"fr-FR\",\"potentialAction\":[{\"@type\":\"ReadAction\",\"target\":[\"https:\/\/lottohoy.com\/fr\/resultats\/lotto-fr\/\"]}]},{\"@type\":\"BreadcrumbList\",\"@id\":\"https:\/\/lottohoy.com\/fr\/resultats\/lotto-fr\/#breadcrumb\",\"itemListElement\":[{\"@type\":\"ListItem\",\"position\":1,\"name\":\"Home\",\"item\":\"https:\/\/lottohoy.com\/fr\/\"},{\"@type\":\"ListItem\",\"position\":2,\"name\":\"R\u00e9sultats du loto en ligne\",\"item\":\"https:\/\/lottohoy.com\/fr\/resultats\/\"},{\"@type\":\"ListItem\",\"position\":3,\"name\":\"R\u00e9sultats de Loto fran\u00e7ais (French Lotto)\"}]},{\"@type\":\"WebSite\",\"@id\":\"https:\/\/lottohoy.com\/fr\/#website\",\"url\":\"https:\/\/lottohoy.com\/fr\/\",\"name\":\"Lottohoy\",\"description\":\"\",\"potentialAction\":[{\"@type\":\"SearchAction\",\"target\":{\"@type\":\"EntryPoint\",\"urlTemplate\":\"https:\/\/lottohoy.com\/fr\/?s={search_term_string}\"},\"query-input\":{\"@type\":\"PropertyValueSpecification\",\"valueRequired\":true,\"valueName\":\"search_term_string\"}}],\"inLanguage\":\"fr-FR\"}]}<\/script>\n<!-- \/ Yoast SEO plugin. -->","yoast_head_json":{"title":"\u25b7 Consultez les R\u00e9sultats du Loto Fran\u00e7ais sur LottoHoy","description":"V\u00e9rifiez si votre dernier billet de loterie fran\u00e7aise a \u00e9t\u00e9 attribu\u00e9 et combien il vous a correspondu, et consultez le prochain jackpot.","robots":{"index":"index","follow":"follow","max-snippet":"max-snippet:-1","max-image-preview":"max-image-preview:large","max-video-preview":"max-video-preview:-1"},"canonical":"https:\/\/lottohoy.com\/fr\/resultats\/lotto-fr\/","og_locale":"fr_FR","og_type":"article","og_title":"\u25b7 Consultez les R\u00e9sultats du Loto Fran\u00e7ais sur LottoHoy","og_description":"V\u00e9rifiez si votre dernier billet de loterie fran\u00e7aise a \u00e9t\u00e9 attribu\u00e9 et combien il vous a correspondu, et consultez le prochain jackpot.","og_url":"https:\/\/lottohoy.com\/fr\/resultats\/lotto-fr\/","og_site_name":"Lottohoy","article_modified_time":"2025-03-26T05:25:53+00:00","twitter_card":"summary_large_image","twitter_misc":{"Dur\u00e9e de lecture estim\u00e9e":"3 minutes"},"schema":{"@context":"https:\/\/schema.org","@graph":[{"@type":"WebPage","@id":"https:\/\/lottohoy.com\/fr\/resultats\/lotto-fr\/","url":"https:\/\/lottohoy.com\/fr\/resultats\/lotto-fr\/","name":"\u25b7 Consultez les R\u00e9sultats du Loto Fran\u00e7ais sur LottoHoy","isPartOf":{"@id":"https:\/\/lottohoy.com\/fr\/#website"},"datePublished":"2024-10-23T05:14:09+00:00","dateModified":"2025-03-26T05:25:53+00:00","description":"V\u00e9rifiez si votre dernier billet de loterie fran\u00e7aise a \u00e9t\u00e9 attribu\u00e9 et combien il vous a correspondu, et consultez le prochain jackpot.","breadcrumb":{"@id":"https:\/\/lottohoy.com\/fr\/resultats\/lotto-fr\/#breadcrumb"},"inLanguage":"fr-FR","potentialAction":[{"@type":"ReadAction","target":["https:\/\/lottohoy.com\/fr\/resultats\/lotto-fr\/"]}]},{"@type":"BreadcrumbList","@id":"https:\/\/lottohoy.com\/fr\/resultats\/lotto-fr\/#breadcrumb","itemListElement":[{"@type":"ListItem","position":1,"name":"Home","item":"https:\/\/lottohoy.com\/fr\/"},{"@type":"ListItem","position":2,"name":"R\u00e9sultats du loto en ligne","item":"https:\/\/lottohoy.com\/fr\/resultats\/"},{"@type":"ListItem","position":3,"name":"R\u00e9sultats de Loto fran\u00e7ais (French Lotto)"}]},{"@type":"WebSite","@id":"https:\/\/lottohoy.com\/fr\/#website","url":"https:\/\/lottohoy.com\/fr\/","name":"Lottohoy","description":"","potentialAction":[{"@type":"SearchAction","target":{"@type":"EntryPoint","urlTemplate":"https:\/\/lottohoy.com\/fr\/?s={search_term_string}"},"query-input":{"@type":"PropertyValueSpecification","valueRequired":true,"valueName":"search_term_string"}}],"inLanguage":"fr-FR"}]}},"_links":{"self":[{"href":"https:\/\/lottohoy.com\/fr\/wp-json\/wp\/v2\/pages\/4014","targetHints":{"allow":["GET"]}}],"collection":[{"href":"https:\/\/lottohoy.com\/fr\/wp-json\/wp\/v2\/pages"}],"about":[{"href":"https:\/\/lottohoy.com\/fr\/wp-json\/wp\/v2\/types\/page"}],"author":[{"embeddable":true,"href":"https:\/\/lottohoy.com\/fr\/wp-json\/wp\/v2\/users\/2"}],"replies":[{"embeddable":true,"href":"https:\/\/lottohoy.com\/fr\/wp-json\/wp\/v2\/comments?post=4014"}],"version-history":[{"count":2,"href":"https:\/\/lottohoy.com\/fr\/wp-json\/wp\/v2\/pages\/4014\/revisions"}],"predecessor-version":[{"id":16991,"href":"https:\/\/lottohoy.com\/fr\/wp-json\/wp\/v2\/pages\/4014\/revisions\/16991"}],"up":[{"embeddable":true,"href":"https:\/\/lottohoy.com\/fr\/wp-json\/wp\/v2\/pages\/4004"}],"wp:attachment":[{"href":"https:\/\/lottohoy.com\/fr\/wp-json\/wp\/v2\/media?parent=4014"}],"curies":[{"name":"wp","href":"https:\/\/api.w.org\/{rel}","templated":true}]}}