{"id":4012,"date":"2018-05-03T14:23:37","date_gmt":"2018-05-03T13:23:37","guid":{"rendered":"https:\/\/www.lottohoy.com\/?page_id=4012"},"modified":"2025-03-26T04:10:17","modified_gmt":"2025-03-26T04:10:17","slug":"euromillions","status":"publish","type":"page","link":"https:\/\/lottohoy.com\/fr\/resultats\/euromillions\/","title":{"rendered":"R\u00e9sultats de lotterie EuroMillions"},"content":{"rendered":"<p><!--more--><\/p>\n<h2><strong>V\u00e9rifier le r\u00e9sultat Euromillions<\/strong><\/h2>\n<p>Pour v\u00e9rifier les <strong>euromillions ou euromillions<\/strong> (les deux noms sous lesquels cette loterie europ\u00e9enne est reconnue), il suffit de comparer les num\u00e9ros de la combinaison indiqu\u00e9e sur votre billet avec le r\u00e9sultat indiqu\u00e9 sur cette page.<\/p>\n<p>Il est conseill\u00e9 de v\u00e9rifier plusieurs fois le <strong>ticket Euromillions <\/strong>pour une s\u00e9curit\u00e9 compl\u00e8te avant de le d\u00e9tacher du\/des ticket(s).<\/p>\n<p>Vous pouvez \u00e9galement consulter le <strong><a href=\"https:\/\/lottohoy.com\/fr\/resultats\/\"><span style=\"color: #993366;\">jackpot accumul\u00e9 aujourd&rsquo;hui<\/span><\/a>,<\/strong> les gagnants et les prix dans chacune des cat\u00e9gories et les pr\u00e9c\u00e9dents tirages jusqu&rsquo;\u00e0 24 mois.<\/p>\n<h3><strong>L&rsquo;avantage de contr\u00f4ler euromillions dans LottoHoy<\/strong><\/h3>\n<p>En cr\u00e9ant un <a href=\"https:\/\/lottohoy.com\/fr\/auth\/inscription-ouvrez-votre-compte-joueur\/\"><span style=\"color: #993366;\"><strong>compte d&rsquo;utilisateur <\/strong><\/span><\/a>sur notre plateforme, vous aurez des informations opportunes sur les r\u00e9sultats positifs qui se sont produits dans chacun de vos jeux de loterie.<\/p>\n<p>Si vous gagnez un prix <strong>dans les diff\u00e9rentes cat\u00e9gories Euromillions<\/strong>, les num\u00e9ros gagnants et le montant de vos gains seront automatiquement refl\u00e9t\u00e9s dans votre compte utilisateur et seront disponibles \u00e0 partir de ce moment.<\/p>\n<h2><strong>Distribution des prix Euromillions<\/strong><\/h2>\n<p>Ce tableau montre la combinaison gagnante du <strong>dernier tirage Euromillions<\/strong> et la r\u00e9partition des prix pour chacune des 13 cat\u00e9gories.<\/p>\n<p>Le tableau montre la combinaison de chiffres et d&rsquo;\u00e9toiles qui doit \u00eatre r\u00e9ussie pour \u00eatre \u00e9ligible \u00e0 un prix dans chaque cat\u00e9gorie, les gagnants dans chacune des cat\u00e9gories, et <strong>le montant en euros<\/strong> (\u20ac) qui correspond \u00e0 chaque succ\u00e8s.<\/p>\n<h2><strong>Premiers prix et jackpots Euromillions<\/strong><\/h2>\n<p>Le <strong>jackpot minimum garanti en Euromillions <\/strong>pour les gagnants de premi\u00e8re cat\u00e9gorie est de 17.000.000 \u20ac. Chaque fois que quelqu&rsquo;un prend le jackpot, on recommence. Dans le lien suivant vous pouvez consulter <strong>les plus gros jackpots distribu\u00e9s par les Euromillions.<\/strong><\/p>\n<p>S&rsquo;il n&rsquo;y a pas de gagnant de premi\u00e8re cat\u00e9gorie, le jackpot s&rsquo;accumule dans chaque tirage jusqu&rsquo;\u00e0 un maximum de <strong>190.000.000 \u20ac<\/strong> (\u00e0 partir du 1er f\u00e9vrier 2020, ce montant sera de <strong>200.000.000 \u20ac<\/strong>). Une fois ce montant atteint, le jackpot sera conserv\u00e9 pour 4 tirages, et s&rsquo;il n&rsquo;y a pas de gagnant de cette cat\u00e9gorie dans l&rsquo;un de ces tirages, \u00e0 partir du prochain, le prix sera distribu\u00e9 avec les gagnants de la cat\u00e9gorie imm\u00e9diatement inf\u00e9rieure, soit 5 num\u00e9ros et une \u00e9toile.<br \/>\nUn autre changement important qui aura dans le jackpot Euromillions \u00e0 partir de f\u00e9vrier 2020, est qu&rsquo;une fois que le prix de <strong>200 millions<\/strong> a \u00e9t\u00e9 attribu\u00e9 au gagnant de la premi\u00e8re cat\u00e9gorie ou que ce prix a \u00e9t\u00e9 distribu\u00e9 parmi les gagnants de la cat\u00e9gorie suivante, le montant du prix sera augment\u00e9 de <strong>\u20ac10.000.000<\/strong>\u00a0 pour les futurs tirages, afin que le prix maximum possible pour atteindre <strong>\u20ac 210.00.000<\/strong> . Et ainsi de suite augmentera la valeur du jackpot de <strong>\u20ac10.000.000<\/strong>\u00a0 suppl\u00e9mentaires pour atteindre le maximum de <strong>\u20ac 250.000.000<\/strong>\u00a0 pr\u00e9vu par l&rsquo;organisation qui est la plus grande loterie jackpot en Europe.<\/p>\n<h2><strong>Les chiffres les plus fr\u00e9quents en Euromillions<\/strong><\/h2>\n<p>Pour les statisticiens, et m\u00eame pour ceux qui comptent sur les pr\u00e9dictions pour pr\u00e9parer leur propre strat\u00e9gie et <a href=\"https:\/\/lottohoy.com\/es\/jugar\/euromillions\/\"><span style=\"color: #993366;\"><strong>jouer aux euromillions<\/strong><\/span><\/a>, faites-leur savoir que les 10 chiffres qui sont sortis le plus souvent sont <strong>50, 44, 4, 14, 19, 23, 10, 37, 38 et 26.<\/strong><\/p>\n<p>Au contraire, les 10 chiffres qui sont sortis moins souvent sont : <strong>46, 41, 33, 2, 47, 48, 22, 32, 9 et 8.<\/strong><\/p>\n<p>Et en ce qui concerne les \u00e9toiles, les plus fr\u00e9quentes sont <strong>8, 9 et 2<\/strong>.<\/p>\n<p>Ces donn\u00e9es peuvent servir de guide pour votre prochain pronostic. Bonne chance!<\/p>\n","protected":false},"excerpt":{"rendered":"","protected":false},"author":2,"featured_media":0,"parent":4004,"menu_order":3,"comment_status":"closed","ping_status":"closed","template":"euromillions-results.php","meta":{"_et_pb_use_builder":"","_et_pb_old_content":"","_et_gb_content_width":"","exclude_from_search":false,"footnotes":""},"class_list":["post-4012","page","type-page","status-publish","hentry"],"yoast_head":"<!-- This site is optimized with the Yoast SEO plugin v23.7 - https:\/\/yoast.com\/wordpress\/plugins\/seo\/ -->\n<title>Euromillions R\u00e9sultats - Num\u00e9ros et Prix gagnants - LottoHoy<\/title>\n<meta name=\"description\" content=\"Consultez les r\u00e9sultats et les prix Euromillions, ainsi que les num\u00e9ros gagnants et les distributions de prix au cours des deux derni\u00e8res ann\u00e9es !\" \/>\n<meta name=\"robots\" content=\"index, follow, max-snippet:-1, max-image-preview:large, max-video-preview:-1\" \/>\n<link rel=\"canonical\" href=\"https:\/\/lottohoy.com\/fr\/resultats\/euromillions\/\" \/>\n<meta property=\"og:locale\" content=\"fr_FR\" \/>\n<meta property=\"og:type\" content=\"article\" \/>\n<meta property=\"og:title\" content=\"Euromillions R\u00e9sultats - Num\u00e9ros et Prix gagnants - LottoHoy\" \/>\n<meta property=\"og:description\" content=\"Consultez les r\u00e9sultats et les prix Euromillions, ainsi que les num\u00e9ros gagnants et les distributions de prix au cours des deux derni\u00e8res ann\u00e9es !\" \/>\n<meta property=\"og:url\" content=\"https:\/\/lottohoy.com\/fr\/resultats\/euromillions\/\" \/>\n<meta property=\"og:site_name\" content=\"Lottohoy\" \/>\n<meta property=\"article:modified_time\" content=\"2025-03-26T04:10:17+00:00\" \/>\n<meta name=\"twitter:card\" content=\"summary_large_image\" \/>\n<meta name=\"twitter:label1\" content=\"Dur\u00e9e de lecture estim\u00e9e\" \/>\n\t<meta name=\"twitter:data1\" content=\"3 minutes\" \/>\n<script type=\"application\/ld+json\" class=\"yoast-schema-graph\">{\"@context\":\"https:\/\/schema.org\",\"@graph\":[{\"@type\":\"WebPage\",\"@id\":\"https:\/\/lottohoy.com\/fr\/resultats\/euromillions\/\",\"url\":\"https:\/\/lottohoy.com\/fr\/resultats\/euromillions\/\",\"name\":\"Euromillions R\u00e9sultats - Num\u00e9ros et Prix gagnants - LottoHoy\",\"isPartOf\":{\"@id\":\"https:\/\/lottohoy.com\/fr\/#website\"},\"datePublished\":\"2018-05-03T13:23:37+00:00\",\"dateModified\":\"2025-03-26T04:10:17+00:00\",\"description\":\"Consultez les r\u00e9sultats et les prix Euromillions, ainsi que les num\u00e9ros gagnants et les distributions de prix au cours des deux derni\u00e8res ann\u00e9es !\",\"breadcrumb\":{\"@id\":\"https:\/\/lottohoy.com\/fr\/resultats\/euromillions\/#breadcrumb\"},\"inLanguage\":\"fr-FR\",\"potentialAction\":[{\"@type\":\"ReadAction\",\"target\":[\"https:\/\/lottohoy.com\/fr\/resultats\/euromillions\/\"]}]},{\"@type\":\"BreadcrumbList\",\"@id\":\"https:\/\/lottohoy.com\/fr\/resultats\/euromillions\/#breadcrumb\",\"itemListElement\":[{\"@type\":\"ListItem\",\"position\":1,\"name\":\"Home\",\"item\":\"https:\/\/lottohoy.com\/fr\/\"},{\"@type\":\"ListItem\",\"position\":2,\"name\":\"R\u00e9sultats du loto en ligne\",\"item\":\"https:\/\/lottohoy.com\/fr\/resultats\/\"},{\"@type\":\"ListItem\",\"position\":3,\"name\":\"R\u00e9sultats de lotterie EuroMillions\"}]},{\"@type\":\"WebSite\",\"@id\":\"https:\/\/lottohoy.com\/fr\/#website\",\"url\":\"https:\/\/lottohoy.com\/fr\/\",\"name\":\"Lottohoy\",\"description\":\"\",\"potentialAction\":[{\"@type\":\"SearchAction\",\"target\":{\"@type\":\"EntryPoint\",\"urlTemplate\":\"https:\/\/lottohoy.com\/fr\/?s={search_term_string}\"},\"query-input\":{\"@type\":\"PropertyValueSpecification\",\"valueRequired\":true,\"valueName\":\"search_term_string\"}}],\"inLanguage\":\"fr-FR\"}]}<\/script>\n<!-- \/ Yoast SEO plugin. -->","yoast_head_json":{"title":"Euromillions R\u00e9sultats - Num\u00e9ros et Prix gagnants - LottoHoy","description":"Consultez les r\u00e9sultats et les prix Euromillions, ainsi que les num\u00e9ros gagnants et les distributions de prix au cours des deux derni\u00e8res ann\u00e9es !","robots":{"index":"index","follow":"follow","max-snippet":"max-snippet:-1","max-image-preview":"max-image-preview:large","max-video-preview":"max-video-preview:-1"},"canonical":"https:\/\/lottohoy.com\/fr\/resultats\/euromillions\/","og_locale":"fr_FR","og_type":"article","og_title":"Euromillions R\u00e9sultats - Num\u00e9ros et Prix gagnants - LottoHoy","og_description":"Consultez les r\u00e9sultats et les prix Euromillions, ainsi que les num\u00e9ros gagnants et les distributions de prix au cours des deux derni\u00e8res ann\u00e9es !","og_url":"https:\/\/lottohoy.com\/fr\/resultats\/euromillions\/","og_site_name":"Lottohoy","article_modified_time":"2025-03-26T04:10:17+00:00","twitter_card":"summary_large_image","twitter_misc":{"Dur\u00e9e de lecture estim\u00e9e":"3 minutes"},"schema":{"@context":"https:\/\/schema.org","@graph":[{"@type":"WebPage","@id":"https:\/\/lottohoy.com\/fr\/resultats\/euromillions\/","url":"https:\/\/lottohoy.com\/fr\/resultats\/euromillions\/","name":"Euromillions R\u00e9sultats - Num\u00e9ros et Prix gagnants - LottoHoy","isPartOf":{"@id":"https:\/\/lottohoy.com\/fr\/#website"},"datePublished":"2018-05-03T13:23:37+00:00","dateModified":"2025-03-26T04:10:17+00:00","description":"Consultez les r\u00e9sultats et les prix Euromillions, ainsi que les num\u00e9ros gagnants et les distributions de prix au cours des deux derni\u00e8res ann\u00e9es !","breadcrumb":{"@id":"https:\/\/lottohoy.com\/fr\/resultats\/euromillions\/#breadcrumb"},"inLanguage":"fr-FR","potentialAction":[{"@type":"ReadAction","target":["https:\/\/lottohoy.com\/fr\/resultats\/euromillions\/"]}]},{"@type":"BreadcrumbList","@id":"https:\/\/lottohoy.com\/fr\/resultats\/euromillions\/#breadcrumb","itemListElement":[{"@type":"ListItem","position":1,"name":"Home","item":"https:\/\/lottohoy.com\/fr\/"},{"@type":"ListItem","position":2,"name":"R\u00e9sultats du loto en ligne","item":"https:\/\/lottohoy.com\/fr\/resultats\/"},{"@type":"ListItem","position":3,"name":"R\u00e9sultats de lotterie EuroMillions"}]},{"@type":"WebSite","@id":"https:\/\/lottohoy.com\/fr\/#website","url":"https:\/\/lottohoy.com\/fr\/","name":"Lottohoy","description":"","potentialAction":[{"@type":"SearchAction","target":{"@type":"EntryPoint","urlTemplate":"https:\/\/lottohoy.com\/fr\/?s={search_term_string}"},"query-input":{"@type":"PropertyValueSpecification","valueRequired":true,"valueName":"search_term_string"}}],"inLanguage":"fr-FR"}]}},"_links":{"self":[{"href":"https:\/\/lottohoy.com\/fr\/wp-json\/wp\/v2\/pages\/4012","targetHints":{"allow":["GET"]}}],"collection":[{"href":"https:\/\/lottohoy.com\/fr\/wp-json\/wp\/v2\/pages"}],"about":[{"href":"https:\/\/lottohoy.com\/fr\/wp-json\/wp\/v2\/types\/page"}],"author":[{"embeddable":true,"href":"https:\/\/lottohoy.com\/fr\/wp-json\/wp\/v2\/users\/2"}],"replies":[{"embeddable":true,"href":"https:\/\/lottohoy.com\/fr\/wp-json\/wp\/v2\/comments?post=4012"}],"version-history":[{"count":2,"href":"https:\/\/lottohoy.com\/fr\/wp-json\/wp\/v2\/pages\/4012\/revisions"}],"predecessor-version":[{"id":10812,"href":"https:\/\/lottohoy.com\/fr\/wp-json\/wp\/v2\/pages\/4012\/revisions\/10812"}],"up":[{"embeddable":true,"href":"https:\/\/lottohoy.com\/fr\/wp-json\/wp\/v2\/pages\/4004"}],"wp:attachment":[{"href":"https:\/\/lottohoy.com\/fr\/wp-json\/wp\/v2\/media?parent=4012"}],"curies":[{"name":"wp","href":"https:\/\/api.w.org\/{rel}","templated":true}]}}