{"id":4008,"date":"2018-05-03T14:23:37","date_gmt":"2018-05-03T13:23:37","guid":{"rendered":"https:\/\/www.lottohoy.com\/?page_id=4008"},"modified":"2025-03-26T04:20:53","modified_gmt":"2025-03-26T04:20:53","slug":"eurojackpot","status":"publish","type":"page","link":"https:\/\/lottohoy.com\/fr\/resultats\/eurojackpot\/","title":{"rendered":"R\u00e9sultats de lotterie Eurojackpot"},"content":{"rendered":"<p><!--more--><\/p>\n<h2><strong>V\u00e9rifier les r\u00e9sultats de l&rsquo;Eurojackpot<\/strong><\/h2>\n<p>Il est important de comparer les num\u00e9ros de la combinaison sur le ticket avec ceux indiqu\u00e9s sur la page de <strong>r\u00e9sultats officielle de l&rsquo;Eurojackpot<\/strong>. Pour \u00e9viter toute erreur dans la lecture et la transcription du r\u00e9sultat officiel, il est recommand\u00e9 de revoir plusieurs fois la combinaison sur le billet avant de s&rsquo;en d\u00e9barrasser.<\/p>\n<p>Vous trouverez ci-dessous les r\u00e9sultats du <strong>dernier tirage de l&rsquo;Eurojackpot<\/strong> et la r\u00e9partition des prix par cat\u00e9gories. Vous pouvez \u00e9galement v\u00e9rifier les r\u00e9sultats de toutes les loteries.<\/p>\n<h2><strong>R\u00e9sultats de l&rsquo;Eurojackpot d&rsquo;aujourd&rsquo;hui<\/strong><\/h2>\n<p>Sur cette page, vous pouvez consulter les r\u00e9sultats du dernier tirage au sort de l&rsquo;Eurojackpot, ainsi que les pr\u00e9c\u00e9dents tirages remontant jusqu&rsquo;\u00e0 2 ans. De plus, vous pouvez consulter le<a href=\"https:\/\/lottohoy.com\/fr\/loterie\/eurojackpot\/\"><span style=\"color: #993366;\"> <strong>jackpot accumul\u00e9 \u00e0 ce jour<\/strong><\/span><\/a>, les gagnants et les prix dans chacune des cat\u00e9gories.<\/p>\n<h2><strong>L&rsquo;avantage de v\u00e9rifier l&rsquo;Eurojackpot chez LottoHoy<\/strong><\/h2>\n<p>En <a href=\"https:\/\/lottohoy.com\/fr\/auth\/inscription-ouvrez-votre-compte-joueur\/\"><span style=\"color: #993366;\"><strong>cr\u00e9ant un compte d&rsquo;utilisateur <\/strong><\/span><\/a>sur notre plateforme, vous obtiendrez des informations opportunes sur les r\u00e9sultats de chacun de vos jeux de loterie.<\/p>\n<p>Si vous gagnez un prix dans les diff\u00e9rentes cat\u00e9gories d&rsquo;Eurojackpot, les num\u00e9ros gagnants et le montant de votre gain seront automatiquement refl\u00e9t\u00e9s dans votre compte utilisateur et seront disponibles \u00e0 partir de ce moment.<\/p>\n<h2><strong>Dessins pr\u00e9c\u00e9dents de l&rsquo;Eurojackpot<\/strong><\/h2>\n<p>En haut \u00e0 droite de la page se trouve une fonction calendrier par laquelle vous pouvez s\u00e9lectionner la date correspondant au tirage que vous souhaitez consulter.<\/p>\n<p>En cliquant sur l&rsquo;une ou l&rsquo;autre de ces dates, vous pourrez examiner le tirage au sort, la combinaison gagnante et la r\u00e9partition des prix par cat\u00e9gorie. Et n&rsquo;oubliez pas que si vous gagnez un prix sera automatiquement inscrit dans votre solde afin que vous puissiez <a href=\"https:\/\/lottohoy.com\/fr\/jouer\/eurojackpot\/\"><strong><span style=\"color: #993366;\">jouer \u00e0 nouveau \u00e0 l&rsquo;Eurojackpot.<\/span><\/strong><\/a><\/p>\n<h2><strong>Distribution des prix en Eurojackpot<\/strong><\/h2>\n<p>Le tableau des r\u00e9sultats sur cette page, en plus de la combinaison gagnante du dernier tirage au sort, montre la r\u00e9partition des prix qui ont correspondu \u00e0 chacune des <strong>12 cat\u00e9gories de prix<\/strong> fournies par Eurojackpot.<\/p>\n<p>Le tableau montre les diff\u00e9rentes combinaisons de nombres et de soleils qui doivent avoir r\u00e9ussi pour pouvoir recevoir le prix dans l&rsquo;une des cat\u00e9gories, ainsi que le <strong>montant en euros (\u20ac)<\/strong> qui correspondrait \u00e0 chaque succ\u00e8s.<\/p>\n<h2><strong>Les plus gros prix et jackpots attribu\u00e9s dans l&rsquo;Eurojackpot.<\/strong><\/h2>\n<p>Il y a un <strong>jackpot minimum garanti de 10.000.000 \u20ac<\/strong> pour les gagnants de la premi\u00e8re cat\u00e9gorie, c&rsquo;est-\u00e0-dire les 5 num\u00e9ros et les deux semelles. S&rsquo;il n&rsquo;y a pas de gagnant de premi\u00e8re cat\u00e9gorie, le montant du prix pour cette cat\u00e9gorie sera cumul\u00e9 successivement chaque semaine, jusqu&rsquo;au jackpot maximum de 120.000.000 \u20ac.<\/p>\n<p>Lorsque <strong>le jackpot accumul\u00e9 atteint la valeur de 120 millions d&rsquo;euros<\/strong>, les montants restants qui sont g\u00e9n\u00e9r\u00e9s pour cette cat\u00e9gorie, continuent \u00e0 augmenter le montant pr\u00e9vu pour cette deuxi\u00e8me cat\u00e9gorie. La deuxi\u00e8me cat\u00e9gorie de prix a \u00e9galement une limite maximale de 120.000.000 \u20ac pour les accumulations successives, et le reste passerait successivement pour les cat\u00e9gories inf\u00e9rieures.<\/p>\n<p>Depuis le d\u00e9but de ce super tirage, le jackpot maximum de 120.000.000 \u20ac a \u00e9t\u00e9 remis en 7 fois.<\/p>\n<table class=\"t1\" style=\"width: 408px;\" cellspacing=\"0\" cellpadding=\"0\">\n<tbody>\n<tr>\n<td class=\"td1\" style=\"text-align: center; width: 130.141px;\" valign=\"top\">\n<p class=\"p1\"><b>Drawing date<\/b><\/p>\n<\/td>\n<td class=\"td1\" style=\"text-align: center; width: 133.688px;\" valign=\"top\">\n<p class=\"p1\"><b>Amount won<\/b><\/p>\n<\/td>\n<td class=\"td1\" style=\"text-align: center; width: 136.172px;\" valign=\"top\">\n<p class=\"p1\"><b>Winning country\/s<\/b><\/p>\n<\/td>\n<\/tr>\n<tr>\n<td class=\"td1\" style=\"text-align: center; width: 130.141px;\" valign=\"top\">\n<p class=\"p1\">6\/12\/ 2024<\/p>\n<\/td>\n<td class=\"td1\" style=\"text-align: center; width: 133.688px;\" valign=\"top\">\n<p class=\"p1\">120.000.000 \u20ac<\/p>\n<\/td>\n<td class=\"td1\" style=\"text-align: center; width: 136.172px;\" valign=\"top\">\n<p class=\"p1\">Alemania<\/p>\n<\/td>\n<\/tr>\n<tr>\n<td class=\"td1\" style=\"text-align: center; width: 130.141px;\" valign=\"top\">\n<p class=\"p1\">4\/6\/2024<\/p>\n<\/td>\n<td class=\"td1\" style=\"text-align: center; width: 133.688px;\" valign=\"top\">\n<p class=\"p1\">120.000.000 \u20ac<\/p>\n<\/td>\n<td class=\"td1\" style=\"text-align: center; width: 136.172px;\" valign=\"top\">\n<p class=\"p1\">Dinamarca<\/p>\n<\/td>\n<\/tr>\n<tr>\n<td class=\"td1\" style=\"text-align: center; width: 130.141px;\" valign=\"top\">\n<p class=\"p1\">23 \/4\/ 2024<\/p>\n<\/td>\n<td class=\"td1\" style=\"text-align: center; width: 133.688px;\" valign=\"top\">\n<p class=\"p1\">120.000.000 \u20ac<\/p>\n<\/td>\n<td class=\"td1\" style=\"text-align: center; width: 136.172px;\" valign=\"top\">\n<p class=\"p1\">Alemania, Eslovenia<\/p>\n<\/td>\n<\/tr>\n<tr>\n<td class=\"td1\" style=\"text-align: center; width: 130.141px;\" valign=\"top\">\n<p class=\"p1\">16 \/1\/2024<\/p>\n<\/td>\n<td class=\"td1\" style=\"text-align: center; width: 133.688px;\" valign=\"top\">\n<p class=\"p1\">120.000.000 \u20ac<\/p>\n<\/td>\n<td class=\"td1\" style=\"text-align: center; width: 136.172px;\" valign=\"top\">\n<p class=\"p1\">Noruega<\/p>\n<\/td>\n<\/tr>\n<tr>\n<td class=\"td1\" style=\"text-align: center; width: 130.141px;\" valign=\"top\">\n<p class=\"p1\">23\/6\/ 2023<\/p>\n<\/td>\n<td class=\"td1\" style=\"text-align: center; width: 133.688px;\" valign=\"top\">\n<p class=\"p1\">120.000.000 \u20ac<\/p>\n<\/td>\n<td class=\"td1\" style=\"text-align: center; width: 136.172px;\" valign=\"top\">\n<p class=\"p1\">Alemania<\/p>\n<\/td>\n<\/tr>\n<tr>\n<td class=\"td1\" style=\"text-align: center; width: 130.141px;\" valign=\"top\">\n<p class=\"p1\">8\/11\/2022<\/p>\n<\/td>\n<td class=\"td1\" style=\"text-align: center; width: 133.688px;\" valign=\"top\">\n<p class=\"p1\">120.000.000 \u20ac<\/p>\n<\/td>\n<td class=\"td1\" style=\"text-align: center; width: 136.172px;\" valign=\"top\">\n<p class=\"p1\">Alemania<\/p>\n<\/td>\n<\/tr>\n<tr>\n<td class=\"td1\" style=\"width: 130.141px; text-align: center;\" valign=\"top\">\n<p class=\"p1\">22\/6\/ 2022<\/p>\n<\/td>\n<td class=\"td1\" style=\"width: 133.688px; text-align: center;\" valign=\"top\">\n<p class=\"p1\">120.000.000 \u20ac<\/p>\n<\/td>\n<td class=\"td1\" style=\"width: 136.172px; text-align: center;\" valign=\"top\">\n<p class=\"p1\">Dinamarca<\/p>\n<\/td>\n<\/tr>\n<\/tbody>\n<\/table>\n","protected":false},"excerpt":{"rendered":"","protected":false},"author":2,"featured_media":0,"parent":4004,"menu_order":4,"comment_status":"closed","ping_status":"closed","template":"eurojackpot-results.php","meta":{"_et_pb_use_builder":"","_et_pb_old_content":"","_et_gb_content_width":"","exclude_from_search":false,"footnotes":""},"class_list":["post-4008","page","type-page","status-publish","hentry"],"yoast_head":"<!-- This site is optimized with the Yoast SEO plugin v23.7 - https:\/\/yoast.com\/wordpress\/plugins\/seo\/ -->\n<title>R\u00e9sultats Eurojackpot - Chiffres gagnants et r\u00e9compenses \u2713<\/title>\n<meta name=\"description\" content=\"Consultez les r\u00e9sultats des derniers tirages Eurojackpot, jackpots, gagnants et prix dans chacune des cat\u00e9gories. Tous ici !\" \/>\n<meta name=\"robots\" content=\"index, follow, max-snippet:-1, max-image-preview:large, max-video-preview:-1\" \/>\n<link rel=\"canonical\" href=\"https:\/\/lottohoy.com\/fr\/resultats\/eurojackpot\/\" \/>\n<meta property=\"og:locale\" content=\"fr_FR\" \/>\n<meta property=\"og:type\" content=\"article\" \/>\n<meta property=\"og:title\" content=\"R\u00e9sultats Eurojackpot - Chiffres gagnants et r\u00e9compenses \u2713\" \/>\n<meta property=\"og:description\" content=\"Consultez les r\u00e9sultats des derniers tirages Eurojackpot, jackpots, gagnants et prix dans chacune des cat\u00e9gories. Tous ici !\" \/>\n<meta property=\"og:url\" content=\"https:\/\/lottohoy.com\/fr\/resultats\/eurojackpot\/\" \/>\n<meta property=\"og:site_name\" content=\"Lottohoy\" \/>\n<meta property=\"article:modified_time\" content=\"2025-03-26T04:20:53+00:00\" \/>\n<meta name=\"twitter:card\" content=\"summary_large_image\" \/>\n<meta name=\"twitter:label1\" content=\"Dur\u00e9e de lecture estim\u00e9e\" \/>\n\t<meta name=\"twitter:data1\" content=\"3 minutes\" \/>\n<script type=\"application\/ld+json\" class=\"yoast-schema-graph\">{\"@context\":\"https:\/\/schema.org\",\"@graph\":[{\"@type\":\"WebPage\",\"@id\":\"https:\/\/lottohoy.com\/fr\/resultats\/eurojackpot\/\",\"url\":\"https:\/\/lottohoy.com\/fr\/resultats\/eurojackpot\/\",\"name\":\"R\u00e9sultats Eurojackpot - Chiffres gagnants et r\u00e9compenses \u2713\",\"isPartOf\":{\"@id\":\"https:\/\/lottohoy.com\/fr\/#website\"},\"datePublished\":\"2018-05-03T13:23:37+00:00\",\"dateModified\":\"2025-03-26T04:20:53+00:00\",\"description\":\"Consultez les r\u00e9sultats des derniers tirages Eurojackpot, jackpots, gagnants et prix dans chacune des cat\u00e9gories. Tous ici !\",\"breadcrumb\":{\"@id\":\"https:\/\/lottohoy.com\/fr\/resultats\/eurojackpot\/#breadcrumb\"},\"inLanguage\":\"fr-FR\",\"potentialAction\":[{\"@type\":\"ReadAction\",\"target\":[\"https:\/\/lottohoy.com\/fr\/resultats\/eurojackpot\/\"]}]},{\"@type\":\"BreadcrumbList\",\"@id\":\"https:\/\/lottohoy.com\/fr\/resultats\/eurojackpot\/#breadcrumb\",\"itemListElement\":[{\"@type\":\"ListItem\",\"position\":1,\"name\":\"Home\",\"item\":\"https:\/\/lottohoy.com\/fr\/\"},{\"@type\":\"ListItem\",\"position\":2,\"name\":\"R\u00e9sultats du loto en ligne\",\"item\":\"https:\/\/lottohoy.com\/fr\/resultats\/\"},{\"@type\":\"ListItem\",\"position\":3,\"name\":\"R\u00e9sultats de lotterie Eurojackpot\"}]},{\"@type\":\"WebSite\",\"@id\":\"https:\/\/lottohoy.com\/fr\/#website\",\"url\":\"https:\/\/lottohoy.com\/fr\/\",\"name\":\"Lottohoy\",\"description\":\"\",\"potentialAction\":[{\"@type\":\"SearchAction\",\"target\":{\"@type\":\"EntryPoint\",\"urlTemplate\":\"https:\/\/lottohoy.com\/fr\/?s={search_term_string}\"},\"query-input\":{\"@type\":\"PropertyValueSpecification\",\"valueRequired\":true,\"valueName\":\"search_term_string\"}}],\"inLanguage\":\"fr-FR\"}]}<\/script>\n<!-- \/ Yoast SEO plugin. -->","yoast_head_json":{"title":"R\u00e9sultats Eurojackpot - Chiffres gagnants et r\u00e9compenses \u2713","description":"Consultez les r\u00e9sultats des derniers tirages Eurojackpot, jackpots, gagnants et prix dans chacune des cat\u00e9gories. Tous ici !","robots":{"index":"index","follow":"follow","max-snippet":"max-snippet:-1","max-image-preview":"max-image-preview:large","max-video-preview":"max-video-preview:-1"},"canonical":"https:\/\/lottohoy.com\/fr\/resultats\/eurojackpot\/","og_locale":"fr_FR","og_type":"article","og_title":"R\u00e9sultats Eurojackpot - Chiffres gagnants et r\u00e9compenses \u2713","og_description":"Consultez les r\u00e9sultats des derniers tirages Eurojackpot, jackpots, gagnants et prix dans chacune des cat\u00e9gories. Tous ici !","og_url":"https:\/\/lottohoy.com\/fr\/resultats\/eurojackpot\/","og_site_name":"Lottohoy","article_modified_time":"2025-03-26T04:20:53+00:00","twitter_card":"summary_large_image","twitter_misc":{"Dur\u00e9e de lecture estim\u00e9e":"3 minutes"},"schema":{"@context":"https:\/\/schema.org","@graph":[{"@type":"WebPage","@id":"https:\/\/lottohoy.com\/fr\/resultats\/eurojackpot\/","url":"https:\/\/lottohoy.com\/fr\/resultats\/eurojackpot\/","name":"R\u00e9sultats Eurojackpot - Chiffres gagnants et r\u00e9compenses \u2713","isPartOf":{"@id":"https:\/\/lottohoy.com\/fr\/#website"},"datePublished":"2018-05-03T13:23:37+00:00","dateModified":"2025-03-26T04:20:53+00:00","description":"Consultez les r\u00e9sultats des derniers tirages Eurojackpot, jackpots, gagnants et prix dans chacune des cat\u00e9gories. Tous ici !","breadcrumb":{"@id":"https:\/\/lottohoy.com\/fr\/resultats\/eurojackpot\/#breadcrumb"},"inLanguage":"fr-FR","potentialAction":[{"@type":"ReadAction","target":["https:\/\/lottohoy.com\/fr\/resultats\/eurojackpot\/"]}]},{"@type":"BreadcrumbList","@id":"https:\/\/lottohoy.com\/fr\/resultats\/eurojackpot\/#breadcrumb","itemListElement":[{"@type":"ListItem","position":1,"name":"Home","item":"https:\/\/lottohoy.com\/fr\/"},{"@type":"ListItem","position":2,"name":"R\u00e9sultats du loto en ligne","item":"https:\/\/lottohoy.com\/fr\/resultats\/"},{"@type":"ListItem","position":3,"name":"R\u00e9sultats de lotterie Eurojackpot"}]},{"@type":"WebSite","@id":"https:\/\/lottohoy.com\/fr\/#website","url":"https:\/\/lottohoy.com\/fr\/","name":"Lottohoy","description":"","potentialAction":[{"@type":"SearchAction","target":{"@type":"EntryPoint","urlTemplate":"https:\/\/lottohoy.com\/fr\/?s={search_term_string}"},"query-input":{"@type":"PropertyValueSpecification","valueRequired":true,"valueName":"search_term_string"}}],"inLanguage":"fr-FR"}]}},"_links":{"self":[{"href":"https:\/\/lottohoy.com\/fr\/wp-json\/wp\/v2\/pages\/4008","targetHints":{"allow":["GET"]}}],"collection":[{"href":"https:\/\/lottohoy.com\/fr\/wp-json\/wp\/v2\/pages"}],"about":[{"href":"https:\/\/lottohoy.com\/fr\/wp-json\/wp\/v2\/types\/page"}],"author":[{"embeddable":true,"href":"https:\/\/lottohoy.com\/fr\/wp-json\/wp\/v2\/users\/2"}],"replies":[{"embeddable":true,"href":"https:\/\/lottohoy.com\/fr\/wp-json\/wp\/v2\/comments?post=4008"}],"version-history":[{"count":2,"href":"https:\/\/lottohoy.com\/fr\/wp-json\/wp\/v2\/pages\/4008\/revisions"}],"predecessor-version":[{"id":14977,"href":"https:\/\/lottohoy.com\/fr\/wp-json\/wp\/v2\/pages\/4008\/revisions\/14977"}],"up":[{"embeddable":true,"href":"https:\/\/lottohoy.com\/fr\/wp-json\/wp\/v2\/pages\/4004"}],"wp:attachment":[{"href":"https:\/\/lottohoy.com\/fr\/wp-json\/wp\/v2\/media?parent=4008"}],"curies":[{"name":"wp","href":"https:\/\/api.w.org\/{rel}","templated":true}]}}