{"id":4004,"date":"2018-05-03T14:23:36","date_gmt":"2018-05-03T13:23:36","guid":{"rendered":"https:\/\/www.lottohoy.com\/?page_id=4004"},"modified":"2025-02-14T10:58:29","modified_gmt":"2025-02-14T10:58:29","slug":"resultats","status":"publish","type":"page","link":"https:\/\/lottohoy.com\/fr\/resultats\/","title":{"rendered":"R\u00e9sultats du loto en ligne"},"content":{"rendered":"<p>Une fois les tirages termin\u00e9s, les organisateurs <strong>de toutes les loteries<\/strong> officialisent le r\u00e9sultat, ce qui se refl\u00e8te dans les m\u00e9dias et\/ou les pages sp\u00e9cialis\u00e9es. Dans certains cas, m\u00eame les dessins peuvent \u00eatre suivis en direct ou en diff\u00e9r\u00e9 \u00e0 la t\u00e9l\u00e9vision.<\/p>\n<p>Dans LottoHoy, nous publions <strong>tous les r\u00e9sultats<\/strong> une fois le contr\u00f4le termin\u00e9, puis la distribution des prix dans les diff\u00e9rentes cat\u00e9gories se refl\u00e8te.<\/p>\n<p><!--more--><\/p>\n<h2><strong>Comment v\u00e9rifier les r\u00e9sultats de loterie<\/strong><\/h2>\n<p>Pour v\u00e9rifier les r\u00e9sultats des loteries, vous pouvez consulter les m\u00e9dias des organisateurs de la loterie en question, ou les m\u00e9dias d&rsquo;information g\u00e9n\u00e9rale (<em>radio et TV pour son imm\u00e9diatet\u00e9, et presse le lendemain<\/em>).<\/p>\n<p>Les utilisateurs de notre plateforme re\u00e7oivent directement les informations sur le r\u00e9sultat et celui-ci est refl\u00e9t\u00e9 dans leur compte. Si un prix est attribu\u00e9, le montant est cr\u00e9dit\u00e9 directement sur le solde de chaque joueur&#8230;.<\/p>\n<h2><strong>Prix de loterie<\/strong><\/h2>\n<p>Les <strong>prix de loterie<\/strong> sont tr\u00e8s divers et d\u00e9pendent de plusieurs facteurs.<\/p>\n<p>Chaque loterie a son propre r\u00e8glement qui indique la r\u00e9partition des prix, les cat\u00e9gories qui optent pour ces prix et les montants maximum et minimum pour ces cat\u00e9gories.<\/p>\n<p>Dans certains cas et \u00e0 l&rsquo;exception du gros lot (jackpot, jackpot&#8230;), le montant allou\u00e9 \u00e0 ces cat\u00e9gories est d\u00e9termin\u00e9 par des pourcentages de la collecte pour ce tirage, et dans d&rsquo;autres loteries, c&rsquo;est un montant fix\u00e9 au pr\u00e9alable.<\/p>\n<p>Le prix de la premi\u00e8re cat\u00e9gorie consiste habituellement en un montant de d\u00e9part minimum fixe et un pourcentage du produit du tirage.<\/p>\n<p>Dans certaines loteries, s&rsquo;il n&rsquo;y a pas de gagnant de premi\u00e8re cat\u00e9gorie, le montant pr\u00e9vu pour le prix dans cette cat\u00e9gorie est r\u00e9parti entre les autres niveaux.<\/p>\n<p>Dans d&rsquo;autres cas, et c&rsquo;est l\u00e0 que certaines loteries deviennent plus attrayantes, s&rsquo;il n&rsquo;y a pas de gagnant de cette premi\u00e8re cat\u00e9gorie, ce montant est accumul\u00e9 et ajout\u00e9 au tirage suivant, g\u00e9n\u00e9rant des <span style=\"color: #993366;\"><strong>jackpots de loterie<\/strong> <\/span>qui atteignent des montants astronomiques. Certaines loteries limitent le montant maximum et pour une p\u00e9riode donn\u00e9e de tirages sans gagnant.<\/p>\n<p>Le plus grand (Jackpot, jackpot&#8230;) accumul\u00e9 \u00e0 ce jour a \u00e9t\u00e9 dans la loterie <a href=\"https:\/\/lottohoy.com\/fr\/jouer\/powerball\/\"><span style=\"color: #993366;\"><strong>Powerball<\/strong><\/span><\/a> avec un montant <del>estim\u00e9 \u00e0 1.500 millions de dollars<\/del>. <strong>En novembre 2022, elle a d\u00e9pass\u00e9 ce chiffre, laissant un record \u00e0 ce jour de 2,04 milliards de dollars.<\/strong><\/p>\n","protected":false},"excerpt":{"rendered":"<p>Une fois les tirages termin\u00e9s, les organisateurs de toutes les loteries officialisent le r\u00e9sultat, ce qui se refl\u00e8te dans les m\u00e9dias et\/ou les pages sp\u00e9cialis\u00e9es. Dans certains cas, m\u00eame les dessins peuvent \u00eatre suivis en direct ou en diff\u00e9r\u00e9 \u00e0 la t\u00e9l\u00e9vision. Dans LottoHoy, nous publions tous les r\u00e9sultats une fois le contr\u00f4le termin\u00e9, puis [&hellip;]<\/p>\n","protected":false},"author":2,"featured_media":0,"parent":0,"menu_order":4,"comment_status":"closed","ping_status":"closed","template":"Results.php","meta":{"_et_pb_use_builder":"","_et_pb_old_content":"","_et_gb_content_width":"","exclude_from_search":false,"footnotes":""},"class_list":["post-4004","page","type-page","status-publish","hentry"],"yoast_head":"<!-- This site is optimized with the Yoast SEO plugin v23.7 - https:\/\/yoast.com\/wordpress\/plugins\/seo\/ -->\n<title>R\u00e9sultats de loterie - Dessins et prix de loterie - LottoHoy<\/title>\n<meta name=\"description\" content=\"Des r\u00e9sultats \u00e0 jour et presque imm\u00e9diats des principales loteries internationales ainsi que la distribution des prix, des jackpots accumul\u00e9s et bien plus encore.\" \/>\n<meta name=\"robots\" content=\"index, follow, max-snippet:-1, max-image-preview:large, max-video-preview:-1\" \/>\n<link rel=\"canonical\" href=\"https:\/\/lottohoy.com\/fr\/resultats\/\" \/>\n<meta property=\"og:locale\" content=\"fr_FR\" \/>\n<meta property=\"og:type\" content=\"article\" \/>\n<meta property=\"og:title\" content=\"R\u00e9sultats de loterie - Dessins et prix de loterie - LottoHoy\" \/>\n<meta property=\"og:description\" content=\"Des r\u00e9sultats \u00e0 jour et presque imm\u00e9diats des principales loteries internationales ainsi que la distribution des prix, des jackpots accumul\u00e9s et bien plus encore.\" \/>\n<meta property=\"og:url\" content=\"https:\/\/lottohoy.com\/fr\/resultats\/\" \/>\n<meta property=\"og:site_name\" content=\"Lottohoy\" \/>\n<meta property=\"article:modified_time\" content=\"2025-02-14T10:58:29+00:00\" \/>\n<meta name=\"twitter:card\" content=\"summary_large_image\" \/>\n<meta name=\"twitter:label1\" content=\"Dur\u00e9e de lecture estim\u00e9e\" \/>\n\t<meta name=\"twitter:data1\" content=\"2 minutes\" \/>\n<script type=\"application\/ld+json\" class=\"yoast-schema-graph\">{\"@context\":\"https:\/\/schema.org\",\"@graph\":[{\"@type\":\"WebPage\",\"@id\":\"https:\/\/lottohoy.com\/fr\/resultats\/\",\"url\":\"https:\/\/lottohoy.com\/fr\/resultats\/\",\"name\":\"R\u00e9sultats de loterie - Dessins et prix de loterie - LottoHoy\",\"isPartOf\":{\"@id\":\"https:\/\/lottohoy.com\/fr\/#website\"},\"datePublished\":\"2018-05-03T13:23:36+00:00\",\"dateModified\":\"2025-02-14T10:58:29+00:00\",\"description\":\"Des r\u00e9sultats \u00e0 jour et presque imm\u00e9diats des principales loteries internationales ainsi que la distribution des prix, des jackpots accumul\u00e9s et bien plus encore.\",\"breadcrumb\":{\"@id\":\"https:\/\/lottohoy.com\/fr\/resultats\/#breadcrumb\"},\"inLanguage\":\"fr-FR\",\"potentialAction\":[{\"@type\":\"ReadAction\",\"target\":[\"https:\/\/lottohoy.com\/fr\/resultats\/\"]}]},{\"@type\":\"BreadcrumbList\",\"@id\":\"https:\/\/lottohoy.com\/fr\/resultats\/#breadcrumb\",\"itemListElement\":[{\"@type\":\"ListItem\",\"position\":1,\"name\":\"Home\",\"item\":\"https:\/\/lottohoy.com\/fr\/\"},{\"@type\":\"ListItem\",\"position\":2,\"name\":\"R\u00e9sultats du loto en ligne\"}]},{\"@type\":\"WebSite\",\"@id\":\"https:\/\/lottohoy.com\/fr\/#website\",\"url\":\"https:\/\/lottohoy.com\/fr\/\",\"name\":\"Lottohoy\",\"description\":\"\",\"potentialAction\":[{\"@type\":\"SearchAction\",\"target\":{\"@type\":\"EntryPoint\",\"urlTemplate\":\"https:\/\/lottohoy.com\/fr\/?s={search_term_string}\"},\"query-input\":{\"@type\":\"PropertyValueSpecification\",\"valueRequired\":true,\"valueName\":\"search_term_string\"}}],\"inLanguage\":\"fr-FR\"}]}<\/script>\n<!-- \/ Yoast SEO plugin. -->","yoast_head_json":{"title":"R\u00e9sultats de loterie - Dessins et prix de loterie - LottoHoy","description":"Des r\u00e9sultats \u00e0 jour et presque imm\u00e9diats des principales loteries internationales ainsi que la distribution des prix, des jackpots accumul\u00e9s et bien plus encore.","robots":{"index":"index","follow":"follow","max-snippet":"max-snippet:-1","max-image-preview":"max-image-preview:large","max-video-preview":"max-video-preview:-1"},"canonical":"https:\/\/lottohoy.com\/fr\/resultats\/","og_locale":"fr_FR","og_type":"article","og_title":"R\u00e9sultats de loterie - Dessins et prix de loterie - LottoHoy","og_description":"Des r\u00e9sultats \u00e0 jour et presque imm\u00e9diats des principales loteries internationales ainsi que la distribution des prix, des jackpots accumul\u00e9s et bien plus encore.","og_url":"https:\/\/lottohoy.com\/fr\/resultats\/","og_site_name":"Lottohoy","article_modified_time":"2025-02-14T10:58:29+00:00","twitter_card":"summary_large_image","twitter_misc":{"Dur\u00e9e de lecture estim\u00e9e":"2 minutes"},"schema":{"@context":"https:\/\/schema.org","@graph":[{"@type":"WebPage","@id":"https:\/\/lottohoy.com\/fr\/resultats\/","url":"https:\/\/lottohoy.com\/fr\/resultats\/","name":"R\u00e9sultats de loterie - Dessins et prix de loterie - LottoHoy","isPartOf":{"@id":"https:\/\/lottohoy.com\/fr\/#website"},"datePublished":"2018-05-03T13:23:36+00:00","dateModified":"2025-02-14T10:58:29+00:00","description":"Des r\u00e9sultats \u00e0 jour et presque imm\u00e9diats des principales loteries internationales ainsi que la distribution des prix, des jackpots accumul\u00e9s et bien plus encore.","breadcrumb":{"@id":"https:\/\/lottohoy.com\/fr\/resultats\/#breadcrumb"},"inLanguage":"fr-FR","potentialAction":[{"@type":"ReadAction","target":["https:\/\/lottohoy.com\/fr\/resultats\/"]}]},{"@type":"BreadcrumbList","@id":"https:\/\/lottohoy.com\/fr\/resultats\/#breadcrumb","itemListElement":[{"@type":"ListItem","position":1,"name":"Home","item":"https:\/\/lottohoy.com\/fr\/"},{"@type":"ListItem","position":2,"name":"R\u00e9sultats du loto en ligne"}]},{"@type":"WebSite","@id":"https:\/\/lottohoy.com\/fr\/#website","url":"https:\/\/lottohoy.com\/fr\/","name":"Lottohoy","description":"","potentialAction":[{"@type":"SearchAction","target":{"@type":"EntryPoint","urlTemplate":"https:\/\/lottohoy.com\/fr\/?s={search_term_string}"},"query-input":{"@type":"PropertyValueSpecification","valueRequired":true,"valueName":"search_term_string"}}],"inLanguage":"fr-FR"}]}},"_links":{"self":[{"href":"https:\/\/lottohoy.com\/fr\/wp-json\/wp\/v2\/pages\/4004","targetHints":{"allow":["GET"]}}],"collection":[{"href":"https:\/\/lottohoy.com\/fr\/wp-json\/wp\/v2\/pages"}],"about":[{"href":"https:\/\/lottohoy.com\/fr\/wp-json\/wp\/v2\/types\/page"}],"author":[{"embeddable":true,"href":"https:\/\/lottohoy.com\/fr\/wp-json\/wp\/v2\/users\/2"}],"replies":[{"embeddable":true,"href":"https:\/\/lottohoy.com\/fr\/wp-json\/wp\/v2\/comments?post=4004"}],"version-history":[{"count":3,"href":"https:\/\/lottohoy.com\/fr\/wp-json\/wp\/v2\/pages\/4004\/revisions"}],"predecessor-version":[{"id":14926,"href":"https:\/\/lottohoy.com\/fr\/wp-json\/wp\/v2\/pages\/4004\/revisions\/14926"}],"wp:attachment":[{"href":"https:\/\/lottohoy.com\/fr\/wp-json\/wp\/v2\/media?parent=4004"}],"curies":[{"name":"wp","href":"https:\/\/api.w.org\/{rel}","templated":true}]}}