{"id":3999,"date":"2018-05-03T14:23:31","date_gmt":"2018-05-03T13:23:31","guid":{"rendered":"https:\/\/www.lottohoy.com\/?page_id=3999"},"modified":"2025-02-16T11:27:00","modified_gmt":"2025-02-16T11:27:00","slug":"accueil","status":"publish","type":"page","link":"https:\/\/lottohoy.com\/fr\/","title":{"rendered":"Achetez des billets de loterie et gagnez les plus gros jackpots du monde"},"content":{"rendered":"<div class=\"page\" title=\"Page 1\">\n<div class=\"layoutArea\">\n<div class=\"column\">\n<p>Jouer aux loteries dans le monde entier, et ce, dans le confort de votre maison, au travail, dans le bus ou en toute circonstance,&#8230; le simple fait d&rsquo;avoir une connexion Internet ouvre une gamme de possibilite\u0301s pour gagner des prix d&rsquo;un million de dollars.<\/p>\n<p>Si vous n&rsquo;avez jamais joue\u0301 aux loteries en ligne a\u0300 ce jour, <a href=\"https:\/\/lottohoy.com\/fr\/jouer\/\">lottohoy.com<\/a> vous offre maintenant et a\u0300 partir d&rsquo;ici, la possibilite\u0301 d&rsquo;acce\u0301der aux loteries mondiales qui jouent <a href=\"https:\/\/lottohoy.com\/fr\/jackpots-de-loterie\/\">les plus gros jackpots<\/a> a\u0300 chaque tirage.<\/p>\n<h2>Jouez a\u0300 votre loterie locale ou jouez a\u0300 n\u2019importe quelle loterie dans le monde ?<\/h2>\n<p>Parfois, il peut e\u0302tre agre\u0301able d&rsquo;aller a\u0300 votre endroit habituel ou\u0300 vous achetez ce billet pour jouer a\u0300 la loterie locale ; ayez ce billet en main pour ve\u0301rifier le jour du tirage si vous avez gagne\u0301 un prix.<\/p>\n<p>Mais mieux encore, aujourd&rsquo;hui Internet, a\u0300 travers des plateformes comme la no\u0302tre, vous offre la possibilite\u0301 de continuer a\u0300 jouer aux me\u0302mes loteries locales et d&rsquo;ouvrir un plus large e\u0301ventail de possibilite\u0301s, en acce\u0301dant a\u0300 des loteries internationales qui offrent des prix extraordinaires d&rsquo;un million de dollars et qui de\u0301passent parfois le milliard. .<\/p>\n<p>Si l\u2019on ajoute a\u0300 cela la tranquillite\u0301 d\u2019esprit de pouvoir jouer n\u2019importe quel tirage a\u0300 l\u2019avance ; que les gains gagne\u0301s vous sont communique\u0301s directement et qu&rsquo;en fonction du montant gagne\u0301, les sommes arrivent directement sur votre compte \u00ad <strong>souhaitez\u00advous jouer sur<\/strong> <a href=\"https:\/\/lottohoy.com\/fr\/jouer\/\">lottohoy.com<\/a> ?<\/p>\n<h2>Peu importe le pays dans lequel vous vivez pour jouer aux loteries en ligne.<\/h2>\n<p>Lorsque vous achetez des billets de loterie en ligne, votre pays de re\u0301sidence n&rsquo;a pas d&rsquo;importance. Il n\u2019est pas ne\u0301cessaire de se de\u0301placer pour acheter un billet de loterie dans un pays e\u0301tranger.<\/p>\n<\/div>\n<\/div>\n<\/div>\n<div class=\"page\" title=\"Page 2\">\n<div class=\"layoutArea\">\n<div class=\"column\">\n<p>Nous servons des clients de presque tous les pays avec notre service mondial.<\/p>\n<h2>Comment fonctionne le service de billets de loterie en ligne<\/h2>\n<p>Sur <a href=\"https:\/\/lottohoy.com\/fr\/\">lotohoy.com<\/a>, Vous pouvez voir une varie\u0301te\u0301 de jeux de loterie diffe\u0301rents du monde entier. Vous pouvez choisir ceux auxquels vous souhaitez jouer et acheter en ligne. C&rsquo;est beaucoup plus facile que vous ne le pensez.<\/p>\n<p>Vous pouvez choisir tout ce qui concerne votre billet de loterie :<\/p>\n<p style=\"padding-left: 40px;\">\u2022 Se\u0301lectionnez la loterie qui met en jeu le plus gros jackpot, si vous le souhaitez.<\/p>\n<p style=\"padding-left: 40px;\">\u2022 Choisissez les nume\u0301ros manuellement ou laissez le syste\u0300me lui\u00adme\u0302me choisir par vous faites au hasard une combinaison.<\/p>\n<p style=\"padding-left: 40px;\">\u2022 Vous pouvez jouer autant de paris (lignes) avec les combinaisons que vous souhaitez<\/p>\n<p style=\"padding-left: 40px;\">\u2022 Vous pouvez choisir entre jouer un seul tirage ou plusieurs tirages a\u0300 la suite<\/p>\n<h2>Super loteries avec des jackpots valant des centaines de millions<\/h2>\n<p>Loteries comme le <a href=\"https:\/\/lottohoy.com\/fr\/jouer\/powerball\/\">Powerball<\/a> ame\u0301ricain ou <a href=\"https:\/\/lottohoy.com\/fr\/jouer\/mega-millions\/\">MegaMillions<\/a>, <a href=\"https:\/\/lottohoy.com\/fr\/jouer\/euromillions\/\">l&rsquo;Euromillions<\/a> europe\u0301en, <a href=\"https:\/\/lottohoy.com\/fr\/jouer\/eurojackpot\/\">Eurojackpot<\/a> et le <a href=\"https:\/\/lottohoy.com\/fr\/jouer\/superenalotto\/\">SuperEnalotto<\/a> Italien.<\/p>\n<p>Saviez\u00advous que <a href=\"https:\/\/lottohoy.com\/fr\/jackpots-de-loterie\/\">le plus gros prix Powerball<\/a> a\u0300 ce jour s&rsquo;e\u0301le\u0300ve a\u0300 2,04 milliards de dollars, remporte\u0301 en 2022. Cela peut sembler un re\u0302ve de remporter un prix valant des centaines de millions,<br \/>\nmais c&rsquo;est une re\u0301alite\u0301 !<\/p>\n<h3>Vous pouvez su\u0302rement vous poser de nombreuses questions :<\/h3>\n<p style=\"padding-left: 40px;\">\u2022 Faut\u00adil toujours partir a\u0300 la recherche du pot le plus e\u0301leve\u0301 ?<\/p>\n<p style=\"padding-left: 40px;\">\u2022 La valeur du jackpot le plus e\u0301leve\u0301 est\u00adelle le seul crite\u0300re lors du choix de la loterie jouer en ligne ?<\/p>\n<p style=\"padding-left: 40px;\">\u2022 Mais que se passe\u00adt\u00adil si le prix de la deuxie\u0300me cate\u0301gorie est suffisamment important ? Comment changer de vie ?<\/p>\n<p style=\"padding-left: 40px;\">\u2022Certains jackpots deviennent si gros parce qu&rsquo;ils sont difficiles a\u0300 gagner. Les chances de gagner un prix de seconde classe e\u0301taient\u00adelles bien meilleures que celles de gagner le jackpot d\u2019une loterie ?<\/p>\n<p style=\"padding-left: 40px;\">\u2022 D&rsquo;autres facteurs doivent\u00adils e\u0302tre pris en compte lorsque l&rsquo;on joue aux loteries en ligne ?<\/p>\n<\/div>\n<\/div>\n<\/div>\n<div class=\"page\" title=\"Page 3\">\n<div class=\"layoutArea\">\n<div class=\"column\">\n<p>Toutes les loteries n&rsquo;ont pas les me\u0302mes chances de gagner. I<strong>l est tout a\u0300 fait logique de rechercher les plus gros jackpots<\/strong>, mais il est e\u0301galement logique de ve\u0301rifier ou\u0300 l&rsquo;on vous offre les meilleures chances de gagner un gros prix.<\/p>\n<p>Nous proposons une grande varie\u0301te\u0301 de loteries pour tous les gou\u0302ts.<br \/>\nProfitez d&rsquo;essayer quelque chose de nouveau, des jeux que vous n&rsquo;avez peut\u00ade\u0302tre jamais vus ou entendus auparavant. Vous pourriez e\u0302tre surpris par toutes les options que nous proposons.<\/p>\n<h2>Comment fonctionne le service propose\u0301 par lottohoy.com ?<\/h2>\n<p>Une fois que vous aurez cre\u0301e\u0301 votre ou les pie\u0300ces souhaite\u0301es, il vous suffira de confirmer la commande et d&rsquo;effectuer le paiement en ligne (il existe plusieurs options pour le paiement en ligne)<\/p>\n<p>Si vous n&rsquo;avez pas cre\u0301e\u0301 votre compte utilisateur auparavant, vous devrez le cre\u0301er et le ve\u0301rifier au cours de ce processus en utilisant une adresse e\u00admail et un mot de passe valides pour les connexions ulte\u0301rieures.<\/p>\n<p>De\u0300s que votre commande est ve\u0301rifie\u0301e et le paiement confirme\u0301, l&rsquo;un de nos agents proce\u0301dera a\u0300 l&rsquo;achat du ou des billets de loterie effectif dans le pays ou\u0300 a lieu le tirage de la loterie.<\/p>\n<p>Un scan de votre billet sera ensuite te\u0301le\u0301charge\u0301 sur votre compte utilisateur.<\/p>\n<p>Cette ope\u0301ration ne\u0301cessite du temps pour e\u0302tre traite\u0301e et pour que le scan soit visible dans votre compte. A tout moment vous pouvez consulter votre compte utilisateur, dans la rubrique<br \/>\n\u00ab mes billets \u00bb ou\u0300 vous pourrez ve\u0301rifier votre commande et les nume\u0301ros se\u0301lectionne\u0301s par vos soins.<\/p>\n<p>Une fois le tirage effectue\u0301, les donne\u0301es gagnantes seront disponibles et vos nume\u0301ros correspondants et, le cas e\u0301che\u0301ant, les<br \/>\nmontants des lots gagne\u0301s apparai\u0302tront sur votre compte.<\/p>\n<\/div>\n<\/div>\n<\/div>\n<div class=\"page\" title=\"Page 4\">\n<div class=\"layoutArea\">\n<div class=\"column\">\n<h3>D&rsquo;accord, et si je gagne&#8230; que se passe\u00adt\u00adil ?<\/h3>\n<p>Prendre soin de nos clients du monde entier lorsqu\u2019ils gagnent est une partie importante de notre service de billetterie en ligne.<\/p>\n<p>Vous n&rsquo;avez pas besoin de re\u0301sider dans le pays ou\u0300 se de\u0301roule la loterie.<br \/>\nNous achetons simplement les billets pour vous localement , comme si vous passiez des vacances dans ce pays !<\/p>\n<p>S&rsquo;assurer d&rsquo;e\u0302tre paye\u0301 lorsque vous gagnez fait e\u0301galement partie de notre service de billetterie en ligne.<\/p>\n<p>Les gains allant jusqu&rsquo;a\u0300 environ 2 500 \u20ac\/$ <strong>sont paye\u0301s et de\u0301pose\u0301s directement sur votre compte utilisateur\/joueur<\/strong>, et sont imme\u0301diatement disponibles pour demander un retrait ou pour acheter des tirages ulte\u0301rieurs de l&rsquo;une des loteries.<\/p>\n<p>Pour des gains plus importants, notre service client vous proposera notre service gagnant VIP.<\/p>\n<h2>En cas de doute, ce service est parfaitement le\u0301gal et nous vous conseillons et aidons dans la gestion des recouvrements.<\/h2>\n<p><strong>Votre prix sera inte\u0301gralement paye\u0301<\/strong> et aucun frais ni commission ne sera jamais de\u0301duit de vos gains, <strong>sous re\u0301serve de la re\u0301glementation fiscale du pays de la loterie et de celle de votre pays de re\u0301sidence.<\/strong><\/p>\n<p>Dans certains cas et exceptionnellement, des frais pourront e\u0302tre engage\u0301s pour la gestion de la collection dans le cas ou\u0300 le gagnant ne pourrait pas se rendre dans le pays payant le prix et qu&rsquo;une personne ou une entreprise du\u0302ment accre\u0301dite\u0301e a\u0300 cet effet devra intervenir en son nom.<\/p>\n<h3>Sur lottohoy.com, vous pouvez trouver des informations et des conseils pour jouer aux meilleures loteries en ligne.<\/h3>\n<p>Vous pouvez trouver tout cela ici sur notre site Web. Non seulement nous vous donnons les<br \/>\ncotes et les re\u0300gles exactes de chaque loterie, mais nous proposons e\u0301galement des articles sur toutes sortes d&rsquo;aspects diffe\u0301rents de la loterie.<\/p>\n<p class=\"p1\">Nous vous proposons d&rsquo;am\u00e9liorer vos possibilit\u00e9s de gagner, et vous trouverez \u00e9galement les derniers r\u00e9sultats et un fichier des r\u00e9sultats les plus anciens de toutes les loteries sur notre site Web.<\/p>\n<\/div>\n<\/div>\n<\/div>\n<div class=\"page\" title=\"Page 5\"><\/div>\n","protected":false},"excerpt":{"rendered":"<p>Jouer aux loteries dans le monde entier, et ce, dans le confort de votre maison, au travail, dans le bus ou en toute circonstance,&#8230; le simple fait d&rsquo;avoir une connexion Internet ouvre une gamme de possibilite\u0301s pour gagner des prix d&rsquo;un million de dollars. Si vous n&rsquo;avez jamais joue\u0301 aux loteries en ligne a\u0300 ce [&hellip;]<\/p>\n","protected":false},"author":2,"featured_media":0,"parent":0,"menu_order":1,"comment_status":"closed","ping_status":"closed","template":"lotto.php","meta":{"_et_pb_use_builder":"","_et_pb_old_content":"","_et_gb_content_width":"","exclude_from_search":false,"footnotes":""},"class_list":["post-3999","page","type-page","status-publish","hentry"],"yoast_head":"<!-- This site is optimized with the Yoast SEO plugin v23.7 - https:\/\/yoast.com\/wordpress\/plugins\/seo\/ -->\n<title>LottoHoy.com - Loterie en ligne internationale - S\u00e9curit\u00e9 et fiabilit\u00e9 \u2713<\/title>\n<meta name=\"description\" content=\"Les loteries les plus importantes du monde se trouvent \u00e0 LottoHoy. Gagnez les plus gros jackpots d&#039;EuroMillions, Powerball, Megamillions et beaucoup plus. Rapide et s\u00fbr.\" \/>\n<meta name=\"robots\" content=\"index, follow, max-snippet:-1, max-image-preview:large, max-video-preview:-1\" \/>\n<link rel=\"canonical\" href=\"https:\/\/lottohoy.com\/fr\/\" \/>\n<meta property=\"og:locale\" content=\"fr_FR\" \/>\n<meta property=\"og:type\" content=\"article\" \/>\n<meta property=\"og:title\" content=\"LottoHoy.com - Loterie en ligne internationale - S\u00e9curit\u00e9 et fiabilit\u00e9 \u2713\" \/>\n<meta property=\"og:description\" content=\"Les loteries les plus importantes du monde se trouvent \u00e0 LottoHoy. Gagnez les plus gros jackpots d&#039;EuroMillions, Powerball, Megamillions et beaucoup plus. Rapide et s\u00fbr.\" \/>\n<meta property=\"og:url\" content=\"https:\/\/lottohoy.com\/fr\/\" \/>\n<meta property=\"og:site_name\" content=\"Lottohoy\" \/>\n<meta property=\"article:modified_time\" content=\"2025-02-16T11:27:00+00:00\" \/>\n<meta name=\"twitter:card\" content=\"summary_large_image\" \/>\n<meta name=\"twitter:label1\" content=\"Dur\u00e9e de lecture estim\u00e9e\" \/>\n\t<meta name=\"twitter:data1\" content=\"6 minutes\" \/>\n<script type=\"application\/ld+json\" class=\"yoast-schema-graph\">{\"@context\":\"https:\/\/schema.org\",\"@graph\":[{\"@type\":\"WebPage\",\"@id\":\"https:\/\/lottohoy.com\/fr\/\",\"url\":\"https:\/\/lottohoy.com\/fr\/\",\"name\":\"LottoHoy.com - Loterie en ligne internationale - S\u00e9curit\u00e9 et fiabilit\u00e9 \u2713\",\"isPartOf\":{\"@id\":\"https:\/\/lottohoy.com\/fr\/#website\"},\"datePublished\":\"2018-05-03T13:23:31+00:00\",\"dateModified\":\"2025-02-16T11:27:00+00:00\",\"description\":\"Les loteries les plus importantes du monde se trouvent \u00e0 LottoHoy. Gagnez les plus gros jackpots d'EuroMillions, Powerball, Megamillions et beaucoup plus. Rapide et s\u00fbr.\",\"breadcrumb\":{\"@id\":\"https:\/\/lottohoy.com\/fr\/#breadcrumb\"},\"inLanguage\":\"fr-FR\",\"potentialAction\":[{\"@type\":\"ReadAction\",\"target\":[\"https:\/\/lottohoy.com\/fr\/\"]}]},{\"@type\":\"BreadcrumbList\",\"@id\":\"https:\/\/lottohoy.com\/fr\/#breadcrumb\",\"itemListElement\":[{\"@type\":\"ListItem\",\"position\":1,\"name\":\"Home\",\"item\":\"https:\/\/lottohoy.com\/fr\/\"},{\"@type\":\"ListItem\",\"position\":2,\"name\":\"Achetez des billets de loterie et gagnez les plus gros jackpots du monde\"}]},{\"@type\":\"WebSite\",\"@id\":\"https:\/\/lottohoy.com\/fr\/#website\",\"url\":\"https:\/\/lottohoy.com\/fr\/\",\"name\":\"Lottohoy\",\"description\":\"\",\"potentialAction\":[{\"@type\":\"SearchAction\",\"target\":{\"@type\":\"EntryPoint\",\"urlTemplate\":\"https:\/\/lottohoy.com\/fr\/?s={search_term_string}\"},\"query-input\":{\"@type\":\"PropertyValueSpecification\",\"valueRequired\":true,\"valueName\":\"search_term_string\"}}],\"inLanguage\":\"fr-FR\"}]}<\/script>\n<!-- \/ Yoast SEO plugin. -->","yoast_head_json":{"title":"LottoHoy.com - Loterie en ligne internationale - S\u00e9curit\u00e9 et fiabilit\u00e9 \u2713","description":"Les loteries les plus importantes du monde se trouvent \u00e0 LottoHoy. Gagnez les plus gros jackpots d'EuroMillions, Powerball, Megamillions et beaucoup plus. Rapide et s\u00fbr.","robots":{"index":"index","follow":"follow","max-snippet":"max-snippet:-1","max-image-preview":"max-image-preview:large","max-video-preview":"max-video-preview:-1"},"canonical":"https:\/\/lottohoy.com\/fr\/","og_locale":"fr_FR","og_type":"article","og_title":"LottoHoy.com - Loterie en ligne internationale - S\u00e9curit\u00e9 et fiabilit\u00e9 \u2713","og_description":"Les loteries les plus importantes du monde se trouvent \u00e0 LottoHoy. Gagnez les plus gros jackpots d'EuroMillions, Powerball, Megamillions et beaucoup plus. Rapide et s\u00fbr.","og_url":"https:\/\/lottohoy.com\/fr\/","og_site_name":"Lottohoy","article_modified_time":"2025-02-16T11:27:00+00:00","twitter_card":"summary_large_image","twitter_misc":{"Dur\u00e9e de lecture estim\u00e9e":"6 minutes"},"schema":{"@context":"https:\/\/schema.org","@graph":[{"@type":"WebPage","@id":"https:\/\/lottohoy.com\/fr\/","url":"https:\/\/lottohoy.com\/fr\/","name":"LottoHoy.com - Loterie en ligne internationale - S\u00e9curit\u00e9 et fiabilit\u00e9 \u2713","isPartOf":{"@id":"https:\/\/lottohoy.com\/fr\/#website"},"datePublished":"2018-05-03T13:23:31+00:00","dateModified":"2025-02-16T11:27:00+00:00","description":"Les loteries les plus importantes du monde se trouvent \u00e0 LottoHoy. Gagnez les plus gros jackpots d'EuroMillions, Powerball, Megamillions et beaucoup plus. Rapide et s\u00fbr.","breadcrumb":{"@id":"https:\/\/lottohoy.com\/fr\/#breadcrumb"},"inLanguage":"fr-FR","potentialAction":[{"@type":"ReadAction","target":["https:\/\/lottohoy.com\/fr\/"]}]},{"@type":"BreadcrumbList","@id":"https:\/\/lottohoy.com\/fr\/#breadcrumb","itemListElement":[{"@type":"ListItem","position":1,"name":"Home","item":"https:\/\/lottohoy.com\/fr\/"},{"@type":"ListItem","position":2,"name":"Achetez des billets de loterie et gagnez les plus gros jackpots du monde"}]},{"@type":"WebSite","@id":"https:\/\/lottohoy.com\/fr\/#website","url":"https:\/\/lottohoy.com\/fr\/","name":"Lottohoy","description":"","potentialAction":[{"@type":"SearchAction","target":{"@type":"EntryPoint","urlTemplate":"https:\/\/lottohoy.com\/fr\/?s={search_term_string}"},"query-input":{"@type":"PropertyValueSpecification","valueRequired":true,"valueName":"search_term_string"}}],"inLanguage":"fr-FR"}]}},"_links":{"self":[{"href":"https:\/\/lottohoy.com\/fr\/wp-json\/wp\/v2\/pages\/3999","targetHints":{"allow":["GET"]}}],"collection":[{"href":"https:\/\/lottohoy.com\/fr\/wp-json\/wp\/v2\/pages"}],"about":[{"href":"https:\/\/lottohoy.com\/fr\/wp-json\/wp\/v2\/types\/page"}],"author":[{"embeddable":true,"href":"https:\/\/lottohoy.com\/fr\/wp-json\/wp\/v2\/users\/2"}],"replies":[{"embeddable":true,"href":"https:\/\/lottohoy.com\/fr\/wp-json\/wp\/v2\/comments?post=3999"}],"version-history":[{"count":4,"href":"https:\/\/lottohoy.com\/fr\/wp-json\/wp\/v2\/pages\/3999\/revisions"}],"predecessor-version":[{"id":12494,"href":"https:\/\/lottohoy.com\/fr\/wp-json\/wp\/v2\/pages\/3999\/revisions\/12494"}],"wp:attachment":[{"href":"https:\/\/lottohoy.com\/fr\/wp-json\/wp\/v2\/media?parent=3999"}],"curies":[{"name":"wp","href":"https:\/\/api.w.org\/{rel}","templated":true}]}}