{"id":20659,"date":"2025-06-13T13:21:53","date_gmt":"2025-06-13T12:21:53","guid":{"rendered":"https:\/\/lottohoy.com\/?page_id=20659"},"modified":"2025-06-15T10:57:59","modified_gmt":"2025-06-15T09:57:59","slug":"informations-sur-leuromillions-uk","status":"publish","type":"page","link":"https:\/\/lottohoy.com\/fr\/loterie\/informations-sur-leuromillions-uk\/","title":{"rendered":"Informations sur l&rsquo;EuroMillions UK"},"content":{"rendered":"<h1 data-start=\"364\" data-end=\"668\">Information sur l&rsquo;EuroMillions UK. R\u00e8gles, tirages et prix expliqu\u00e9s<\/h1>\n<p data-start=\"364\" data-end=\"668\">EuroMillions UK est la version britannique de la plus grande loterie transnationale d\u2019Europe. Les tirages ont lieu <strong data-start=\"479\" data-end=\"532\">chaque mardi et vendredi \u00e0 21h30 (heure de Paris)<\/strong>. Il s\u2019agit de la <strong data-start=\"550\" data-end=\"590\">loterie europ\u00e9enne la plus populaire<\/strong>, avec des millions de joueurs et des jackpots parmi les plus \u00e9lev\u00e9s du monde.<\/p>\n<p data-start=\"670\" data-end=\"1008\">Le premier tirage a eu lieu le <strong data-start=\"701\" data-end=\"720\">13 f\u00e9vrier 2004<\/strong>, lanc\u00e9 par les loteries nationales du <strong data-start=\"759\" data-end=\"793\">Royaume-Uni (National Lottery)<\/strong>, de la <strong data-start=\"801\" data-end=\"835\">France (La Fran\u00e7aise des Jeux)<\/strong> et de <strong data-start=\"842\" data-end=\"888\">l\u2019Espagne (Loter\u00edas y Apuestas del Estado)<\/strong>. Rapidement, six autres pays ont rejoint : l\u2019Autriche, la Belgique, l\u2019Irlande, le Luxembourg, le Portugal et la Suisse.<\/p>\n<p data-start=\"1010\" data-end=\"1178\">La loterie est relativement r\u00e9cente et a \u00e9t\u00e9 d\u00e9velopp\u00e9e avec l\u2019introduction de l\u2019euro (\u20ac), dans le but de cr\u00e9er un jeu commun pour plus de <strong data-start=\"1149\" data-end=\"1177\">500 millions d\u2019Europ\u00e9ens<\/strong>.<\/p>\n<p data-start=\"1180\" data-end=\"1313\">Le <strong data-start=\"1183\" data-end=\"1210\">jackpot minimum garanti<\/strong> est de <strong data-start=\"1218\" data-end=\"1241\">17 millions d\u2019euros<\/strong>, et peut atteindre <strong data-start=\"1261\" data-end=\"1279\">250 millions \u20ac<\/strong> depuis les modifications de 2020.<\/p>\n<h2 data-start=\"1320\" data-end=\"1363\">Qu\u2019est-ce que le UK Millionaire Maker ?<\/h2>\n<p data-start=\"1365\" data-end=\"1630\">Le UK Millionaire Maker est un <strong data-start=\"1396\" data-end=\"1445\">tirage compl\u00e9mentaire exclusif au Royaume-Uni<\/strong>. Chaque billet g\u00e9n\u00e8re un <strong data-start=\"1471\" data-end=\"1534\">code alphanum\u00e9rique unique (quatre lettres + cinq chiffres)<\/strong>, qui garantit qu\u2019<strong data-start=\"1552\" data-end=\"1613\">au moins un joueur gagne 1 million de livres sterling (\u00a3)<\/strong> \u00e0 chaque tirage.<\/p>\n<p data-start=\"1632\" data-end=\"1771\">Des tirages promotionnels sont \u00e9galement organis\u00e9s r\u00e9guli\u00e8rement, permettant \u00e0 <strong data-start=\"1711\" data-end=\"1770\">plusieurs joueurs de devenir millionnaires le m\u00eame soir<\/strong>.<\/p>\n<h2 data-start=\"1778\" data-end=\"1815\">Comment jouer \u00e0 EuroMillions UK ?<\/h2>\n<p data-start=\"1817\" data-end=\"1903\">Les r\u00e8gles sont identiques \u00e0 celles des autres pays participants. Vous devez choisir :<\/p>\n<ul data-start=\"1905\" data-end=\"1966\">\n<li data-start=\"1905\" data-end=\"1936\">\n<p data-start=\"1907\" data-end=\"1936\"><strong data-start=\"1907\" data-end=\"1934\">5 num\u00e9ros entre 1 et 50<\/strong><\/p>\n<\/li>\n<li data-start=\"1937\" data-end=\"1966\">\n<p data-start=\"1939\" data-end=\"1966\"><strong data-start=\"1939\" data-end=\"1966\">2 \u00e9toiles entre 1 et 12<\/strong><\/p>\n<\/li>\n<\/ul>\n<p data-start=\"1968\" data-end=\"2047\">Plus vous avez de num\u00e9ros et d\u2019\u00e9toiles corrects, <strong data-start=\"2017\" data-end=\"2046\">plus votre gain est \u00e9lev\u00e9<\/strong>.<\/p>\n<p data-start=\"2049\" data-end=\"2330\">Sur la plateforme <a class=\"\" href=\"https:\/\/lottohoy.com\/fr\/jouer\/\" target=\"_new\" rel=\"noopener\" data-start=\"2067\" data-end=\"2122\">LottoHoy<\/a>, vous pouvez choisir vos num\u00e9ros manuellement ou utiliser le bouton <strong data-start=\"2191\" data-end=\"2232\">\u00ab\u00a0S\u00c9LECTION RAPIDE\u00a0\u00bb (SELECCI\u00d3N R\u00c1PIDA)<\/strong>. Il est \u00e9galement possible d\u2019ajouter des lignes avec le bouton <strong data-start=\"2296\" data-end=\"2329\">\u00ab\u00a0PLUS DE LIGNES\u00a0\u00bb (M\u00c1S L\u00cdNEAS)<\/strong>.<\/p>\n<p data-start=\"2332\" data-end=\"2491\">Le montant total s\u2019affiche en bas \u00e0 droite. En cliquant sur <strong data-start=\"2392\" data-end=\"2419\">\u00ab\u00a0CONTINUER\u00a0\u00bb (CONTINUAR)<\/strong>, vous confirmez votre achat et choisissez le mode de paiement s\u00e9curis\u00e9.<\/p>\n<h2 data-start=\"2498\" data-end=\"2548\">Quel est le prix d\u2019un billet EuroMillions UK ?<\/h2>\n<p data-start=\"2550\" data-end=\"2718\">Le prix peut varier selon le pays et la devise. Sur <strong data-start=\"2602\" data-end=\"2614\">LottoHoy<\/strong>, une participation standard \u00e0 EuroMillions UK avec le <strong data-start=\"2669\" data-end=\"2700\">UK Millionaire Maker inclus<\/strong> co\u00fbte <strong data-start=\"2707\" data-end=\"2717\">6,75 \u20ac<\/strong>.<\/p>\n<p data-start=\"2720\" data-end=\"2884\">Ce tarif comprend votre participation au tirage principal <strong data-start=\"2778\" data-end=\"2784\">et<\/strong> au tirage du code gagnant pour remporter <strong data-start=\"2826\" data-end=\"2841\">1 million \u00a3<\/strong>, m\u00eame si vos num\u00e9ros ne sont pas gagnants.<\/p>\n<h2 data-start=\"2891\" data-end=\"2931\">Autres tirages sp\u00e9ciaux (hors ligne)<\/h2>\n<p data-start=\"2933\" data-end=\"3063\">Certains pays proposent des <strong data-start=\"2961\" data-end=\"2988\">tirages compl\u00e9mentaires<\/strong>, parfois inclus dans le billet, parfois en option. Voici les plus connus :<\/p>\n<h4 data-start=\"3070\" data-end=\"3121\">Pluie de millionnaires<\/h4>\n<p data-start=\"3123\" data-end=\"3290\">Un \u00e9v\u00e9nement o\u00f9 <strong data-start=\"3139\" data-end=\"3180\">plusieurs millionnaires sont garantis<\/strong> lors d\u2019un seul tirage commun \u00e0 tous les pays. Les gagnants sont tir\u00e9s au sort parmi tous les billets valides.<\/p>\n<h4 data-start=\"3419\" data-end=\"3454\">Super tirage (S\u00faper sorteo)<\/h4>\n<p data-start=\"3456\" data-end=\"3653\">\u00c9v\u00e9nement sp\u00e9cial avec un <strong data-start=\"3482\" data-end=\"3533\">jackpot garanti d\u2019au moins 130 millions d\u2019euros<\/strong>. Depuis 2020, <strong data-start=\"3548\" data-end=\"3593\">trois super tirages sont organis\u00e9s par an<\/strong>, et le jackpot peut s\u2019accumuler jusqu\u2019\u00e0 <strong data-start=\"3634\" data-end=\"3652\">250 millions \u20ac<\/strong>.<\/p>\n<h4 data-start=\"3758\" data-end=\"3776\">Big Friday<\/h4>\n<p data-start=\"3778\" data-end=\"4007\">Tirage avec un <strong data-start=\"3793\" data-end=\"3828\">jackpot garanti \u00e0 neuf chiffres<\/strong>, appliquant les m\u00eames r\u00e8gles qu\u2019un tirage classique. Il est financ\u00e9 par <strong data-start=\"3901\" data-end=\"3935\">4,8 % du fonds commun de gains<\/strong>, et apr\u00e8s huit tirages, <strong data-start=\"3960\" data-end=\"3968\">21 %<\/strong> sont ajout\u00e9s au fonds de renforcement.<\/p>\n<h2 data-start=\"4014\" data-end=\"4072\">Quelles sont les chances de gagner \u00e0 EuroMillions UK ?<\/h2>\n<p data-start=\"4074\" data-end=\"4243\">Consultez notre tableau des <strong data-start=\"4102\" data-end=\"4157\">probabilit\u00e9s de gain pour les 13 cat\u00e9gories de prix<\/strong>. Combinez ces donn\u00e9es avec l\u2019analyse des r\u00e9sultats pass\u00e9s pour optimiser vos chances.<\/p>\n<p data-start=\"4245\" data-end=\"4378\"><a href=\"https:\/\/lottohoy.com\/fr\/resultats\/\">R\u00e9sultats et statistiques<\/a> :<br data-start=\"4275\" data-end=\"4278\" \/><\/p>\n","protected":false},"excerpt":{"rendered":"<p>Information sur l&rsquo;EuroMillions UK. R\u00e8gles, tirages et prix expliqu\u00e9s EuroMillions UK est la version britannique de la plus grande loterie transnationale d\u2019Europe. Les tirages ont lieu chaque mardi et vendredi \u00e0 21h30 (heure de Paris). Il s\u2019agit de la loterie europ\u00e9enne la plus populaire, avec des millions de joueurs et des jackpots parmi les plus [&hellip;]<\/p>\n","protected":false},"author":8,"featured_media":0,"parent":4040,"menu_order":0,"comment_status":"closed","ping_status":"closed","template":"euromillions-info.php","meta":{"_et_pb_use_builder":"","_et_pb_old_content":"","_et_gb_content_width":"","exclude_from_search":false,"footnotes":""},"class_list":["post-20659","page","type-page","status-publish","hentry"],"yoast_head":"<!-- This site is optimized with the Yoast SEO plugin v23.7 - https:\/\/yoast.com\/wordpress\/plugins\/seo\/ -->\n<title>Information sur l&#039;EuroMillions UK \u2013 Toutes les r\u00e9ponses \u00e0 vos questions<\/title>\n<meta name=\"description\" content=\"Trouvez les r\u00e9ponses aux questions fr\u00e9quentes sur EuroMillions UK. Comment jouer, comment fonctionne le Millionaire Maker et comment gagner jusqu\u2019\u00e0 250 M\u20ac.\" \/>\n<meta name=\"robots\" content=\"index, follow, max-snippet:-1, max-image-preview:large, max-video-preview:-1\" \/>\n<link rel=\"canonical\" href=\"https:\/\/lottohoy.com\/fr\/loterie\/informations-sur-leuromillions-uk\/\" \/>\n<meta property=\"og:locale\" content=\"fr_FR\" \/>\n<meta property=\"og:type\" content=\"article\" \/>\n<meta property=\"og:title\" content=\"Information sur l&#039;EuroMillions UK \u2013 Toutes les r\u00e9ponses \u00e0 vos questions\" \/>\n<meta property=\"og:description\" content=\"Trouvez les r\u00e9ponses aux questions fr\u00e9quentes sur EuroMillions UK. Comment jouer, comment fonctionne le Millionaire Maker et comment gagner jusqu\u2019\u00e0 250 M\u20ac.\" \/>\n<meta property=\"og:url\" content=\"https:\/\/lottohoy.com\/fr\/loterie\/informations-sur-leuromillions-uk\/\" \/>\n<meta property=\"og:site_name\" content=\"Lottohoy\" \/>\n<meta property=\"article:modified_time\" content=\"2025-06-15T09:57:59+00:00\" \/>\n<meta name=\"twitter:card\" content=\"summary_large_image\" \/>\n<meta name=\"twitter:label1\" content=\"Dur\u00e9e de lecture estim\u00e9e\" \/>\n\t<meta name=\"twitter:data1\" content=\"3 minutes\" \/>\n<script type=\"application\/ld+json\" class=\"yoast-schema-graph\">{\"@context\":\"https:\/\/schema.org\",\"@graph\":[{\"@type\":\"WebPage\",\"@id\":\"https:\/\/lottohoy.com\/fr\/loterie\/informations-sur-leuromillions-uk\/\",\"url\":\"https:\/\/lottohoy.com\/fr\/loterie\/informations-sur-leuromillions-uk\/\",\"name\":\"Information sur l'EuroMillions UK \u2013 Toutes les r\u00e9ponses \u00e0 vos questions\",\"isPartOf\":{\"@id\":\"https:\/\/lottohoy.com\/fr\/#website\"},\"datePublished\":\"2025-06-13T12:21:53+00:00\",\"dateModified\":\"2025-06-15T09:57:59+00:00\",\"description\":\"Trouvez les r\u00e9ponses aux questions fr\u00e9quentes sur EuroMillions UK. Comment jouer, comment fonctionne le Millionaire Maker et comment gagner jusqu\u2019\u00e0 250 M\u20ac.\",\"breadcrumb\":{\"@id\":\"https:\/\/lottohoy.com\/fr\/loterie\/informations-sur-leuromillions-uk\/#breadcrumb\"},\"inLanguage\":\"fr-FR\",\"potentialAction\":[{\"@type\":\"ReadAction\",\"target\":[\"https:\/\/lottohoy.com\/fr\/loterie\/informations-sur-leuromillions-uk\/\"]}]},{\"@type\":\"BreadcrumbList\",\"@id\":\"https:\/\/lottohoy.com\/fr\/loterie\/informations-sur-leuromillions-uk\/#breadcrumb\",\"itemListElement\":[{\"@type\":\"ListItem\",\"position\":1,\"name\":\"Home\",\"item\":\"https:\/\/lottohoy.com\/fr\/\"},{\"@type\":\"ListItem\",\"position\":2,\"name\":\"Tout sur la loterie en ligne\",\"item\":\"https:\/\/lottohoy.com\/fr\/loterie\/\"},{\"@type\":\"ListItem\",\"position\":3,\"name\":\"Informations sur l&rsquo;EuroMillions UK\"}]},{\"@type\":\"WebSite\",\"@id\":\"https:\/\/lottohoy.com\/fr\/#website\",\"url\":\"https:\/\/lottohoy.com\/fr\/\",\"name\":\"Lottohoy\",\"description\":\"\",\"potentialAction\":[{\"@type\":\"SearchAction\",\"target\":{\"@type\":\"EntryPoint\",\"urlTemplate\":\"https:\/\/lottohoy.com\/fr\/?s={search_term_string}\"},\"query-input\":{\"@type\":\"PropertyValueSpecification\",\"valueRequired\":true,\"valueName\":\"search_term_string\"}}],\"inLanguage\":\"fr-FR\"}]}<\/script>\n<!-- \/ Yoast SEO plugin. -->","yoast_head_json":{"title":"Information sur l'EuroMillions UK \u2013 Toutes les r\u00e9ponses \u00e0 vos questions","description":"Trouvez les r\u00e9ponses aux questions fr\u00e9quentes sur EuroMillions UK. Comment jouer, comment fonctionne le Millionaire Maker et comment gagner jusqu\u2019\u00e0 250 M\u20ac.","robots":{"index":"index","follow":"follow","max-snippet":"max-snippet:-1","max-image-preview":"max-image-preview:large","max-video-preview":"max-video-preview:-1"},"canonical":"https:\/\/lottohoy.com\/fr\/loterie\/informations-sur-leuromillions-uk\/","og_locale":"fr_FR","og_type":"article","og_title":"Information sur l'EuroMillions UK \u2013 Toutes les r\u00e9ponses \u00e0 vos questions","og_description":"Trouvez les r\u00e9ponses aux questions fr\u00e9quentes sur EuroMillions UK. Comment jouer, comment fonctionne le Millionaire Maker et comment gagner jusqu\u2019\u00e0 250 M\u20ac.","og_url":"https:\/\/lottohoy.com\/fr\/loterie\/informations-sur-leuromillions-uk\/","og_site_name":"Lottohoy","article_modified_time":"2025-06-15T09:57:59+00:00","twitter_card":"summary_large_image","twitter_misc":{"Dur\u00e9e de lecture estim\u00e9e":"3 minutes"},"schema":{"@context":"https:\/\/schema.org","@graph":[{"@type":"WebPage","@id":"https:\/\/lottohoy.com\/fr\/loterie\/informations-sur-leuromillions-uk\/","url":"https:\/\/lottohoy.com\/fr\/loterie\/informations-sur-leuromillions-uk\/","name":"Information sur l'EuroMillions UK \u2013 Toutes les r\u00e9ponses \u00e0 vos questions","isPartOf":{"@id":"https:\/\/lottohoy.com\/fr\/#website"},"datePublished":"2025-06-13T12:21:53+00:00","dateModified":"2025-06-15T09:57:59+00:00","description":"Trouvez les r\u00e9ponses aux questions fr\u00e9quentes sur EuroMillions UK. Comment jouer, comment fonctionne le Millionaire Maker et comment gagner jusqu\u2019\u00e0 250 M\u20ac.","breadcrumb":{"@id":"https:\/\/lottohoy.com\/fr\/loterie\/informations-sur-leuromillions-uk\/#breadcrumb"},"inLanguage":"fr-FR","potentialAction":[{"@type":"ReadAction","target":["https:\/\/lottohoy.com\/fr\/loterie\/informations-sur-leuromillions-uk\/"]}]},{"@type":"BreadcrumbList","@id":"https:\/\/lottohoy.com\/fr\/loterie\/informations-sur-leuromillions-uk\/#breadcrumb","itemListElement":[{"@type":"ListItem","position":1,"name":"Home","item":"https:\/\/lottohoy.com\/fr\/"},{"@type":"ListItem","position":2,"name":"Tout sur la loterie en ligne","item":"https:\/\/lottohoy.com\/fr\/loterie\/"},{"@type":"ListItem","position":3,"name":"Informations sur l&rsquo;EuroMillions UK"}]},{"@type":"WebSite","@id":"https:\/\/lottohoy.com\/fr\/#website","url":"https:\/\/lottohoy.com\/fr\/","name":"Lottohoy","description":"","potentialAction":[{"@type":"SearchAction","target":{"@type":"EntryPoint","urlTemplate":"https:\/\/lottohoy.com\/fr\/?s={search_term_string}"},"query-input":{"@type":"PropertyValueSpecification","valueRequired":true,"valueName":"search_term_string"}}],"inLanguage":"fr-FR"}]}},"_links":{"self":[{"href":"https:\/\/lottohoy.com\/fr\/wp-json\/wp\/v2\/pages\/20659","targetHints":{"allow":["GET"]}}],"collection":[{"href":"https:\/\/lottohoy.com\/fr\/wp-json\/wp\/v2\/pages"}],"about":[{"href":"https:\/\/lottohoy.com\/fr\/wp-json\/wp\/v2\/types\/page"}],"author":[{"embeddable":true,"href":"https:\/\/lottohoy.com\/fr\/wp-json\/wp\/v2\/users\/8"}],"replies":[{"embeddable":true,"href":"https:\/\/lottohoy.com\/fr\/wp-json\/wp\/v2\/comments?post=20659"}],"version-history":[{"count":1,"href":"https:\/\/lottohoy.com\/fr\/wp-json\/wp\/v2\/pages\/20659\/revisions"}],"predecessor-version":[{"id":20660,"href":"https:\/\/lottohoy.com\/fr\/wp-json\/wp\/v2\/pages\/20659\/revisions\/20660"}],"up":[{"embeddable":true,"href":"https:\/\/lottohoy.com\/fr\/wp-json\/wp\/v2\/pages\/4040"}],"wp:attachment":[{"href":"https:\/\/lottohoy.com\/fr\/wp-json\/wp\/v2\/media?parent=20659"}],"curies":[{"name":"wp","href":"https:\/\/api.w.org\/{rel}","templated":true}]}}